{"id":190890,"date":"2024-04-02T11:28:33","date_gmt":"2024-04-02T09:28:33","guid":{"rendered":"https:\/\/shop.bantam.ch\/produit\/grill-feuerdesign-santorin-rot\/"},"modified":"2026-04-17T22:54:32","modified_gmt":"2026-04-17T20:54:32","slug":"grill-feuerdesign-santorin-rot","status":"publish","type":"product","link":"https:\/\/shop.bantam.ch\/de\/produkt\/grill-feuerdesign-santorin-rot\/","title":{"rendered":"Grill Feuerdesign Santorin rot"},"content":{"rendered":"<p>&#8211; Holzkohle Tischgrill in quadratischer Form, Gewicht 9 KG<br \/>\n&#8211; Flache Bauweise &#8211; L\u00e4nge 69 cm &#8211; Breite 34 cm &#8211; H\u00f6he 21 cm<br \/>\n&#8211; Wird serienm\u00e4\u00dfig mit einer praktischen Tragetasche geliefert<br \/>\n&#8211; 2 x Edelstahl Grillrost je 34 x 34 cm und mit ausreichend Platz f\u00fcr Grillgue<br \/>\n&#8211; Geeignet f\u00fcr bis zu 12 Personen<br \/>\n&#8211; Grillrost, Innenschale und Deckel des Brennkorbs sind aus Edelstahl gefertigt und k\u00f6nnen kinderleicht in der Sp\u00fclmaschine gereinigt werden<br \/>\n&#8211; 2 x Herausnehmbares, akku-betriebenes L\u00fcfter-Modul (wiederaufladbar \u00fcber Micro-USB Kabel), 3-stufig regelbar f\u00fcr schnelles Anz\u00fcnden und optimale Grilltemperatur &#8211; bis zu 4 Stunden Laufzeit<br \/>\n&#8211; Brennkorb (max. 250g Holzkohle) mit separatem Deckel sch\u00fctzt die Kohle vom abtropfendem Fett &#8211; f\u00fcr ein gesundes und so gut wie rauchfreies Grillen<br \/>\n&#8211; Brenndauer je nach Holzkohleart zwischen 40 und 60 Minuten (Empfehlung Buchen-Holzkohle), Kohle kann w\u00e4hrend des Grillens jederzeit nachgef\u00fcllt werden<br \/>\n&#8211; Geh\u00e4use besteht aus pulver-beschichtetem Stahl mit doppelwandiger Ausf\u00fchrung &#8211; Innen hei\u00df Au\u00dfen k\u00fchl &#8211; der Grill kann jederzeit von Au\u00dfen angefasst und versetzt werden<\/p>\n","protected":false},"excerpt":{"rendered":"<p>&#8211; Holzkohle Tischgrill in quadratischer Form, Gewicht 9 KG &#8211; Flache Bauweise &#8211; L\u00e4nge 69 cm &#8211; Breite 34 cm &#8211; H\u00f6he 21 cm &#8211; Wird serienm\u00e4\u00dfig mit einer praktischen Tragetasche geliefert &#8211; 2 x Edelstahl Grillrost je 34 x 34 cm und mit ausreichend Platz f\u00fcr Grillgue &#8211; Geeignet f\u00fcr bis zu 12 Personen [&hellip;]<\/p>\n","protected":false},"featured_media":190888,"template":"","meta":{"_acf_changed":false},"product_featured_cat":[],"product_brand":[3733],"product_cat":[4202,3998],"product_tag":[],"class_list":{"0":"post-190890","1":"product","2":"type-product","3":"status-publish","4":"has-post-thumbnail","6":"product_brand-feuerdesign-by-limatec-de","7":"product_cat-grillen-gas-ersatzteile","8":"product_cat-grills","10":"first","11":"instock","12":"taxable","13":"shipping-taxable","14":"purchasable","15":"product-type-simple"},"acf":[],"yoast_head":"<!-- This site is optimized with the Yoast SEO plugin v27.4 - https:\/\/yoast.com\/product\/yoast-seo-wordpress\/ -->\n<title>Grill Feuerdesign Santorin rot - Bantam Camping AG<\/title>\n<meta name=\"robots\" content=\"index, follow, max-snippet:-1, max-image-preview:large, max-video-preview:-1\" \/>\n<link rel=\"canonical\" href=\"https:\/\/shop.bantam.ch\/de\/produkt\/grill-feuerdesign-santorin-rot\/\" \/>\n<meta property=\"og:locale\" content=\"de_DE\" \/>\n<meta property=\"og:type\" content=\"article\" \/>\n<meta property=\"og:title\" content=\"Grill Feuerdesign Santorin rot - Bantam Camping AG\" \/>\n<meta property=\"og:description\" content=\"&#8211; Holzkohle Tischgrill in quadratischer Form, Gewicht 9 KG &#8211; Flache Bauweise &#8211; L\u00e4nge 69 cm &#8211; Breite 34 cm &#8211; H\u00f6he 21 cm &#8211; Wird serienm\u00e4\u00dfig mit einer praktischen Tragetasche geliefert &#8211; 2 x Edelstahl Grillrost je 34 x 34 cm und mit ausreichend Platz f\u00fcr Grillgue &#8211; Geeignet f\u00fcr bis zu 12 Personen [&hellip;]\" \/>\n<meta property=\"og:url\" content=\"https:\/\/shop.bantam.ch\/de\/produkt\/grill-feuerdesign-santorin-rot\/\" \/>\n<meta property=\"og:site_name\" content=\"Bantam Camping AG\" \/>\n<meta property=\"article:modified_time\" content=\"2026-04-17T20:54:32+00:00\" \/>\n<meta property=\"og:image\" content=\"https:\/\/shop.bantam.ch\/wp-content\/uploads\/2024\/04\/119770_000001_1_600x600.jpg\" \/>\n\t<meta property=\"og:image:width\" content=\"360\" \/>\n\t<meta property=\"og:image:height\" content=\"240\" \/>\n\t<meta property=\"og:image:type\" content=\"image\/jpeg\" \/>\n<meta name=\"twitter:card\" content=\"summary_large_image\" \/>\n<meta name=\"twitter:label1\" content=\"Gesch\u00e4tzte Lesezeit\" \/>\n\t<meta name=\"twitter:data1\" content=\"1\u00a0Minute\" \/>\n<script type=\"application\/ld+json\" class=\"yoast-schema-graph\">{\"@context\":\"https:\\\/\\\/schema.org\",\"@graph\":[{\"@type\":\"WebPage\",\"@id\":\"https:\\\/\\\/shop.bantam.ch\\\/de\\\/produkt\\\/grill-feuerdesign-santorin-rot\\\/\",\"url\":\"https:\\\/\\\/shop.bantam.ch\\\/de\\\/produkt\\\/grill-feuerdesign-santorin-rot\\\/\",\"name\":\"Grill Feuerdesign Santorin rot - Bantam Camping AG\",\"isPartOf\":{\"@id\":\"https:\\\/\\\/shop.bantam.ch\\\/de\\\/#website\"},\"primaryImageOfPage\":{\"@id\":\"https:\\\/\\\/shop.bantam.ch\\\/de\\\/produkt\\\/grill-feuerdesign-santorin-rot\\\/#primaryimage\"},\"image\":{\"@id\":\"https:\\\/\\\/shop.bantam.ch\\\/de\\\/produkt\\\/grill-feuerdesign-santorin-rot\\\/#primaryimage\"},\"thumbnailUrl\":\"https:\\\/\\\/shop.bantam.ch\\\/wp-content\\\/uploads\\\/2024\\\/04\\\/119770_000001_1_600x600.jpg\",\"datePublished\":\"2024-04-02T09:28:33+00:00\",\"dateModified\":\"2026-04-17T20:54:32+00:00\",\"breadcrumb\":{\"@id\":\"https:\\\/\\\/shop.bantam.ch\\\/de\\\/produkt\\\/grill-feuerdesign-santorin-rot\\\/#breadcrumb\"},\"inLanguage\":\"de\",\"potentialAction\":[{\"@type\":\"ReadAction\",\"target\":[\"https:\\\/\\\/shop.bantam.ch\\\/de\\\/produkt\\\/grill-feuerdesign-santorin-rot\\\/\"]}]},{\"@type\":\"ImageObject\",\"inLanguage\":\"de\",\"@id\":\"https:\\\/\\\/shop.bantam.ch\\\/de\\\/produkt\\\/grill-feuerdesign-santorin-rot\\\/#primaryimage\",\"url\":\"https:\\\/\\\/shop.bantam.ch\\\/wp-content\\\/uploads\\\/2024\\\/04\\\/119770_000001_1_600x600.jpg\",\"contentUrl\":\"https:\\\/\\\/shop.bantam.ch\\\/wp-content\\\/uploads\\\/2024\\\/04\\\/119770_000001_1_600x600.jpg\",\"width\":360,\"height\":240},{\"@type\":\"BreadcrumbList\",\"@id\":\"https:\\\/\\\/shop.bantam.ch\\\/de\\\/produkt\\\/grill-feuerdesign-santorin-rot\\\/#breadcrumb\",\"itemListElement\":[{\"@type\":\"ListItem\",\"position\":1,\"name\":\"Accueil\",\"item\":\"https:\\\/\\\/shop.bantam.ch\\\/de\\\/\"},{\"@type\":\"ListItem\",\"position\":2,\"name\":\"Shop\",\"item\":\"https:\\\/\\\/shop.bantam.ch\\\/de\\\/shop\\\/\"},{\"@type\":\"ListItem\",\"position\":3,\"name\":\"Grill Feuerdesign Santorin rot\"}]},{\"@type\":\"WebSite\",\"@id\":\"https:\\\/\\\/shop.bantam.ch\\\/de\\\/#website\",\"url\":\"https:\\\/\\\/shop.bantam.ch\\\/de\\\/\",\"name\":\"Bantam Camping AG\",\"description\":\"\",\"publisher\":{\"@id\":\"https:\\\/\\\/shop.bantam.ch\\\/de\\\/#organization\"},\"inLanguage\":\"de\"},{\"@type\":\"Organization\",\"@id\":\"https:\\\/\\\/shop.bantam.ch\\\/de\\\/#organization\",\"name\":\"Bantam Camping AG\",\"url\":\"https:\\\/\\\/shop.bantam.ch\\\/de\\\/\",\"logo\":{\"@type\":\"ImageObject\",\"inLanguage\":\"de\",\"@id\":\"https:\\\/\\\/shop.bantam.ch\\\/de\\\/#\\\/schema\\\/logo\\\/image\\\/\",\"url\":\"https:\\\/\\\/shop.bantam.ch\\\/wp-content\\\/uploads\\\/2022\\\/12\\\/bantam-logo.png\",\"contentUrl\":\"https:\\\/\\\/shop.bantam.ch\\\/wp-content\\\/uploads\\\/2022\\\/12\\\/bantam-logo.png\",\"width\":320,\"height\":71,\"caption\":\"Bantam Camping AG\"},\"image\":{\"@id\":\"https:\\\/\\\/shop.bantam.ch\\\/de\\\/#\\\/schema\\\/logo\\\/image\\\/\"}}]}<\/script>\n<!-- \/ Yoast SEO plugin. -->","yoast_head_json":{"title":"Grill Feuerdesign Santorin rot - Bantam Camping AG","robots":{"index":"index","follow":"follow","max-snippet":"max-snippet:-1","max-image-preview":"max-image-preview:large","max-video-preview":"max-video-preview:-1"},"canonical":"https:\/\/shop.bantam.ch\/de\/produkt\/grill-feuerdesign-santorin-rot\/","og_locale":"de_DE","og_type":"article","og_title":"Grill Feuerdesign Santorin rot - Bantam Camping AG","og_description":"&#8211; Holzkohle Tischgrill in quadratischer Form, Gewicht 9 KG &#8211; Flache Bauweise &#8211; L\u00e4nge 69 cm &#8211; Breite 34 cm &#8211; H\u00f6he 21 cm &#8211; Wird serienm\u00e4\u00dfig mit einer praktischen Tragetasche geliefert &#8211; 2 x Edelstahl Grillrost je 34 x 34 cm und mit ausreichend Platz f\u00fcr Grillgue &#8211; Geeignet f\u00fcr bis zu 12 Personen [&hellip;]","og_url":"https:\/\/shop.bantam.ch\/de\/produkt\/grill-feuerdesign-santorin-rot\/","og_site_name":"Bantam Camping AG","article_modified_time":"2026-04-17T20:54:32+00:00","og_image":[{"width":360,"height":240,"url":"https:\/\/shop.bantam.ch\/wp-content\/uploads\/2024\/04\/119770_000001_1_600x600.jpg","type":"image\/jpeg"}],"twitter_card":"summary_large_image","twitter_misc":{"Gesch\u00e4tzte Lesezeit":"1\u00a0Minute"},"schema":{"@context":"https:\/\/schema.org","@graph":[{"@type":"WebPage","@id":"https:\/\/shop.bantam.ch\/de\/produkt\/grill-feuerdesign-santorin-rot\/","url":"https:\/\/shop.bantam.ch\/de\/produkt\/grill-feuerdesign-santorin-rot\/","name":"Grill Feuerdesign Santorin rot - Bantam Camping AG","isPartOf":{"@id":"https:\/\/shop.bantam.ch\/de\/#website"},"primaryImageOfPage":{"@id":"https:\/\/shop.bantam.ch\/de\/produkt\/grill-feuerdesign-santorin-rot\/#primaryimage"},"image":{"@id":"https:\/\/shop.bantam.ch\/de\/produkt\/grill-feuerdesign-santorin-rot\/#primaryimage"},"thumbnailUrl":"https:\/\/shop.bantam.ch\/wp-content\/uploads\/2024\/04\/119770_000001_1_600x600.jpg","datePublished":"2024-04-02T09:28:33+00:00","dateModified":"2026-04-17T20:54:32+00:00","breadcrumb":{"@id":"https:\/\/shop.bantam.ch\/de\/produkt\/grill-feuerdesign-santorin-rot\/#breadcrumb"},"inLanguage":"de","potentialAction":[{"@type":"ReadAction","target":["https:\/\/shop.bantam.ch\/de\/produkt\/grill-feuerdesign-santorin-rot\/"]}]},{"@type":"ImageObject","inLanguage":"de","@id":"https:\/\/shop.bantam.ch\/de\/produkt\/grill-feuerdesign-santorin-rot\/#primaryimage","url":"https:\/\/shop.bantam.ch\/wp-content\/uploads\/2024\/04\/119770_000001_1_600x600.jpg","contentUrl":"https:\/\/shop.bantam.ch\/wp-content\/uploads\/2024\/04\/119770_000001_1_600x600.jpg","width":360,"height":240},{"@type":"BreadcrumbList","@id":"https:\/\/shop.bantam.ch\/de\/produkt\/grill-feuerdesign-santorin-rot\/#breadcrumb","itemListElement":[{"@type":"ListItem","position":1,"name":"Accueil","item":"https:\/\/shop.bantam.ch\/de\/"},{"@type":"ListItem","position":2,"name":"Shop","item":"https:\/\/shop.bantam.ch\/de\/shop\/"},{"@type":"ListItem","position":3,"name":"Grill Feuerdesign Santorin rot"}]},{"@type":"WebSite","@id":"https:\/\/shop.bantam.ch\/de\/#website","url":"https:\/\/shop.bantam.ch\/de\/","name":"Bantam Camping AG","description":"","publisher":{"@id":"https:\/\/shop.bantam.ch\/de\/#organization"},"inLanguage":"de"},{"@type":"Organization","@id":"https:\/\/shop.bantam.ch\/de\/#organization","name":"Bantam Camping AG","url":"https:\/\/shop.bantam.ch\/de\/","logo":{"@type":"ImageObject","inLanguage":"de","@id":"https:\/\/shop.bantam.ch\/de\/#\/schema\/logo\/image\/","url":"https:\/\/shop.bantam.ch\/wp-content\/uploads\/2022\/12\/bantam-logo.png","contentUrl":"https:\/\/shop.bantam.ch\/wp-content\/uploads\/2022\/12\/bantam-logo.png","width":320,"height":71,"caption":"Bantam Camping AG"},"image":{"@id":"https:\/\/shop.bantam.ch\/de\/#\/schema\/logo\/image\/"}}]}},"_links":{"self":[{"href":"https:\/\/shop.bantam.ch\/de\/wp-json\/wp\/v2\/product\/190890","targetHints":{"allow":["GET"]}}],"collection":[{"href":"https:\/\/shop.bantam.ch\/de\/wp-json\/wp\/v2\/product"}],"about":[{"href":"https:\/\/shop.bantam.ch\/de\/wp-json\/wp\/v2\/types\/product"}],"wp:featuredmedia":[{"embeddable":true,"href":"https:\/\/shop.bantam.ch\/de\/wp-json\/wp\/v2\/media\/190888"}],"wp:attachment":[{"href":"https:\/\/shop.bantam.ch\/de\/wp-json\/wp\/v2\/media?parent=190890"}],"wp:term":[{"taxonomy":"product_featured_cat","embeddable":true,"href":"https:\/\/shop.bantam.ch\/de\/wp-json\/wp\/v2\/product_featured_cat?post=190890"},{"taxonomy":"product_brand","embeddable":true,"href":"https:\/\/shop.bantam.ch\/de\/wp-json\/wp\/v2\/product_brand?post=190890"},{"taxonomy":"product_cat","embeddable":true,"href":"https:\/\/shop.bantam.ch\/de\/wp-json\/wp\/v2\/product_cat?post=190890"},{"taxonomy":"product_tag","embeddable":true,"href":"https:\/\/shop.bantam.ch\/de\/wp-json\/wp\/v2\/product_tag?post=190890"}],"curies":[{"name":"wp","href":"https:\/\/api.w.org\/{rel}","templated":true}]}}