{"id":190878,"date":"2024-04-02T11:18:11","date_gmt":"2024-04-02T09:18:11","guid":{"rendered":"https:\/\/shop.bantam.ch\/produit\/feuerdesign-vesuvio-holzkohlegrill-gruen\/"},"modified":"2026-04-19T22:59:43","modified_gmt":"2026-04-19T20:59:43","slug":"feuerdesign-vesuvio-holzkohlegrill-gruen","status":"publish","type":"product","link":"https:\/\/shop.bantam.ch\/de\/produkt\/feuerdesign-vesuvio-holzkohlegrill-gruen\/","title":{"rendered":"Feuerdesign Vesuvio Holzkohlegrill Gr\u00fcn"},"content":{"rendered":"<p>&#8211; Holzkohle-Tischgrill mit Edelstahl-\/Silikonzange.<br \/>\n&#8211; Abnehmbarer und \u00fcber USB-Kabel aufladbarer Ventilator f\u00fcr schnelles Anz\u00fcnden, einstellbare Temperatur und bis zu 4 Stunden Grillzeit<br \/>\n&#8211; Holzkohlekorb mit geschlossenem Deckel: sch\u00fctzt die Kohle vor heruntertropfendem Fett, f\u00fcr gesundes und rauchfreies Grillen.<br \/>\n&#8211; Grillrost und Fettauffangschale aus rostfreiem Edelstahl, leicht zu reinigen (sp\u00fclmaschinenfest).<br \/>\n&#8211; Doppelwandige Ausf\u00fchrung: erm\u00f6glicht es, den Grill zu ber\u00fchren, ohne sich zu verbrennen, auch w\u00e4hrend des Grillens<br \/>\n&#8211; Praktische und exklusive Tragetasche, damit Sie jederzeit und \u00fcberall grillen k\u00f6nnen.<br \/>\n&#8211; Lieferung mit Tragetasche, Ventilator, USB-Ladekabel und Zange<br \/>\n&#8211; Kann auch bei starkem Wind verwendet werden<br \/>\n&#8211; Hitzebest\u00e4ndiger Boden &#8211; kann daher auf jeder beliebigen Unterlage platziert werden<br \/>\n&#8211; Brenndauer: zwischen 40 und 60 Minuten, je nach Art der Holzkohle (Empfehlung: Buchenholzkohle).<br \/>\n&#8211; Die Holzkohle kann jederzeit problemlos nachgef\u00fcllt werden.<br \/>\n&#8211; Gewicht: 5,1 kg<br \/>\n&#8211; Flache Ausf\u00fchrung, nur 18,5 cm hoch, f\u00fcr eine einfache Handhabung beim Grillen am Tisch.<\/p>\n","protected":false},"excerpt":{"rendered":"<p>&#8211; Holzkohle-Tischgrill mit Edelstahl-\/Silikonzange. &#8211; Abnehmbarer und \u00fcber USB-Kabel aufladbarer Ventilator f\u00fcr schnelles Anz\u00fcnden, einstellbare Temperatur und bis zu 4 Stunden Grillzeit &#8211; Holzkohlekorb mit geschlossenem Deckel: sch\u00fctzt die Kohle vor heruntertropfendem Fett, f\u00fcr gesundes und rauchfreies Grillen. &#8211; Grillrost und Fettauffangschale aus rostfreiem Edelstahl, leicht zu reinigen (sp\u00fclmaschinenfest). &#8211; Doppelwandige Ausf\u00fchrung: erm\u00f6glicht es, den [&hellip;]<\/p>\n","protected":false},"featured_media":190880,"template":"","meta":{"_acf_changed":false},"product_featured_cat":[],"product_brand":[3733],"product_cat":[4202,3998],"product_tag":[],"class_list":{"0":"post-190878","1":"product","2":"type-product","3":"status-publish","4":"has-post-thumbnail","6":"product_brand-feuerdesign-by-limatec-de","7":"product_cat-grillen-gas-ersatzteile","8":"product_cat-grills","10":"first","11":"instock","12":"taxable","13":"shipping-taxable","14":"purchasable","15":"product-type-simple"},"acf":[],"yoast_head":"<!-- This site is optimized with the Yoast SEO plugin v27.4 - https:\/\/yoast.com\/product\/yoast-seo-wordpress\/ -->\n<title>Feuerdesign Vesuvio Holzkohlegrill Gr\u00fcn - Bantam Camping AG<\/title>\n<meta name=\"robots\" content=\"index, follow, max-snippet:-1, max-image-preview:large, max-video-preview:-1\" \/>\n<link rel=\"canonical\" href=\"https:\/\/shop.bantam.ch\/de\/produkt\/feuerdesign-vesuvio-holzkohlegrill-gruen\/\" \/>\n<meta property=\"og:locale\" content=\"de_DE\" \/>\n<meta property=\"og:type\" content=\"article\" \/>\n<meta property=\"og:title\" content=\"Feuerdesign Vesuvio Holzkohlegrill Gr\u00fcn - Bantam Camping AG\" \/>\n<meta property=\"og:description\" content=\"&#8211; Holzkohle-Tischgrill mit Edelstahl-\/Silikonzange. &#8211; Abnehmbarer und \u00fcber USB-Kabel aufladbarer Ventilator f\u00fcr schnelles Anz\u00fcnden, einstellbare Temperatur und bis zu 4 Stunden Grillzeit &#8211; Holzkohlekorb mit geschlossenem Deckel: sch\u00fctzt die Kohle vor heruntertropfendem Fett, f\u00fcr gesundes und rauchfreies Grillen. &#8211; Grillrost und Fettauffangschale aus rostfreiem Edelstahl, leicht zu reinigen (sp\u00fclmaschinenfest). &#8211; Doppelwandige Ausf\u00fchrung: erm\u00f6glicht es, den [&hellip;]\" \/>\n<meta property=\"og:url\" content=\"https:\/\/shop.bantam.ch\/de\/produkt\/feuerdesign-vesuvio-holzkohlegrill-gruen\/\" \/>\n<meta property=\"og:site_name\" content=\"Bantam Camping AG\" \/>\n<meta property=\"article:modified_time\" content=\"2026-04-19T20:59:43+00:00\" \/>\n<meta property=\"og:image\" content=\"https:\/\/shop.bantam.ch\/wp-content\/uploads\/2024\/04\/87293_000004_1kCX6zpai7dorp_600x600.jpg\" \/>\n\t<meta property=\"og:image:width\" content=\"600\" \/>\n\t<meta property=\"og:image:height\" content=\"299\" \/>\n\t<meta property=\"og:image:type\" content=\"image\/jpeg\" \/>\n<meta name=\"twitter:card\" content=\"summary_large_image\" \/>\n<meta name=\"twitter:label1\" content=\"Gesch\u00e4tzte Lesezeit\" \/>\n\t<meta name=\"twitter:data1\" content=\"1\u00a0Minute\" \/>\n<script type=\"application\/ld+json\" class=\"yoast-schema-graph\">{\"@context\":\"https:\\\/\\\/schema.org\",\"@graph\":[{\"@type\":\"WebPage\",\"@id\":\"https:\\\/\\\/shop.bantam.ch\\\/de\\\/produkt\\\/feuerdesign-vesuvio-holzkohlegrill-gruen\\\/\",\"url\":\"https:\\\/\\\/shop.bantam.ch\\\/de\\\/produkt\\\/feuerdesign-vesuvio-holzkohlegrill-gruen\\\/\",\"name\":\"Feuerdesign Vesuvio Holzkohlegrill Gr\u00fcn - Bantam Camping AG\",\"isPartOf\":{\"@id\":\"https:\\\/\\\/shop.bantam.ch\\\/de\\\/#website\"},\"primaryImageOfPage\":{\"@id\":\"https:\\\/\\\/shop.bantam.ch\\\/de\\\/produkt\\\/feuerdesign-vesuvio-holzkohlegrill-gruen\\\/#primaryimage\"},\"image\":{\"@id\":\"https:\\\/\\\/shop.bantam.ch\\\/de\\\/produkt\\\/feuerdesign-vesuvio-holzkohlegrill-gruen\\\/#primaryimage\"},\"thumbnailUrl\":\"https:\\\/\\\/shop.bantam.ch\\\/wp-content\\\/uploads\\\/2024\\\/04\\\/87293_000004_1kCX6zpai7dorp_600x600.jpg\",\"datePublished\":\"2024-04-02T09:18:11+00:00\",\"dateModified\":\"2026-04-19T20:59:43+00:00\",\"breadcrumb\":{\"@id\":\"https:\\\/\\\/shop.bantam.ch\\\/de\\\/produkt\\\/feuerdesign-vesuvio-holzkohlegrill-gruen\\\/#breadcrumb\"},\"inLanguage\":\"de\",\"potentialAction\":[{\"@type\":\"ReadAction\",\"target\":[\"https:\\\/\\\/shop.bantam.ch\\\/de\\\/produkt\\\/feuerdesign-vesuvio-holzkohlegrill-gruen\\\/\"]}]},{\"@type\":\"ImageObject\",\"inLanguage\":\"de\",\"@id\":\"https:\\\/\\\/shop.bantam.ch\\\/de\\\/produkt\\\/feuerdesign-vesuvio-holzkohlegrill-gruen\\\/#primaryimage\",\"url\":\"https:\\\/\\\/shop.bantam.ch\\\/wp-content\\\/uploads\\\/2024\\\/04\\\/87293_000004_1kCX6zpai7dorp_600x600.jpg\",\"contentUrl\":\"https:\\\/\\\/shop.bantam.ch\\\/wp-content\\\/uploads\\\/2024\\\/04\\\/87293_000004_1kCX6zpai7dorp_600x600.jpg\",\"width\":600,\"height\":299},{\"@type\":\"BreadcrumbList\",\"@id\":\"https:\\\/\\\/shop.bantam.ch\\\/de\\\/produkt\\\/feuerdesign-vesuvio-holzkohlegrill-gruen\\\/#breadcrumb\",\"itemListElement\":[{\"@type\":\"ListItem\",\"position\":1,\"name\":\"Accueil\",\"item\":\"https:\\\/\\\/shop.bantam.ch\\\/de\\\/\"},{\"@type\":\"ListItem\",\"position\":2,\"name\":\"Shop\",\"item\":\"https:\\\/\\\/shop.bantam.ch\\\/de\\\/shop\\\/\"},{\"@type\":\"ListItem\",\"position\":3,\"name\":\"Feuerdesign Vesuvio Holzkohlegrill Gr\u00fcn\"}]},{\"@type\":\"WebSite\",\"@id\":\"https:\\\/\\\/shop.bantam.ch\\\/de\\\/#website\",\"url\":\"https:\\\/\\\/shop.bantam.ch\\\/de\\\/\",\"name\":\"Bantam Camping AG\",\"description\":\"\",\"publisher\":{\"@id\":\"https:\\\/\\\/shop.bantam.ch\\\/de\\\/#organization\"},\"inLanguage\":\"de\"},{\"@type\":\"Organization\",\"@id\":\"https:\\\/\\\/shop.bantam.ch\\\/de\\\/#organization\",\"name\":\"Bantam Camping AG\",\"url\":\"https:\\\/\\\/shop.bantam.ch\\\/de\\\/\",\"logo\":{\"@type\":\"ImageObject\",\"inLanguage\":\"de\",\"@id\":\"https:\\\/\\\/shop.bantam.ch\\\/de\\\/#\\\/schema\\\/logo\\\/image\\\/\",\"url\":\"https:\\\/\\\/shop.bantam.ch\\\/wp-content\\\/uploads\\\/2022\\\/12\\\/bantam-logo.png\",\"contentUrl\":\"https:\\\/\\\/shop.bantam.ch\\\/wp-content\\\/uploads\\\/2022\\\/12\\\/bantam-logo.png\",\"width\":320,\"height\":71,\"caption\":\"Bantam Camping AG\"},\"image\":{\"@id\":\"https:\\\/\\\/shop.bantam.ch\\\/de\\\/#\\\/schema\\\/logo\\\/image\\\/\"}}]}<\/script>\n<!-- \/ Yoast SEO plugin. -->","yoast_head_json":{"title":"Feuerdesign Vesuvio Holzkohlegrill Gr\u00fcn - Bantam Camping AG","robots":{"index":"index","follow":"follow","max-snippet":"max-snippet:-1","max-image-preview":"max-image-preview:large","max-video-preview":"max-video-preview:-1"},"canonical":"https:\/\/shop.bantam.ch\/de\/produkt\/feuerdesign-vesuvio-holzkohlegrill-gruen\/","og_locale":"de_DE","og_type":"article","og_title":"Feuerdesign Vesuvio Holzkohlegrill Gr\u00fcn - Bantam Camping AG","og_description":"&#8211; Holzkohle-Tischgrill mit Edelstahl-\/Silikonzange. &#8211; Abnehmbarer und \u00fcber USB-Kabel aufladbarer Ventilator f\u00fcr schnelles Anz\u00fcnden, einstellbare Temperatur und bis zu 4 Stunden Grillzeit &#8211; Holzkohlekorb mit geschlossenem Deckel: sch\u00fctzt die Kohle vor heruntertropfendem Fett, f\u00fcr gesundes und rauchfreies Grillen. &#8211; Grillrost und Fettauffangschale aus rostfreiem Edelstahl, leicht zu reinigen (sp\u00fclmaschinenfest). &#8211; Doppelwandige Ausf\u00fchrung: erm\u00f6glicht es, den [&hellip;]","og_url":"https:\/\/shop.bantam.ch\/de\/produkt\/feuerdesign-vesuvio-holzkohlegrill-gruen\/","og_site_name":"Bantam Camping AG","article_modified_time":"2026-04-19T20:59:43+00:00","og_image":[{"width":600,"height":299,"url":"https:\/\/shop.bantam.ch\/wp-content\/uploads\/2024\/04\/87293_000004_1kCX6zpai7dorp_600x600.jpg","type":"image\/jpeg"}],"twitter_card":"summary_large_image","twitter_misc":{"Gesch\u00e4tzte Lesezeit":"1\u00a0Minute"},"schema":{"@context":"https:\/\/schema.org","@graph":[{"@type":"WebPage","@id":"https:\/\/shop.bantam.ch\/de\/produkt\/feuerdesign-vesuvio-holzkohlegrill-gruen\/","url":"https:\/\/shop.bantam.ch\/de\/produkt\/feuerdesign-vesuvio-holzkohlegrill-gruen\/","name":"Feuerdesign Vesuvio Holzkohlegrill Gr\u00fcn - Bantam Camping AG","isPartOf":{"@id":"https:\/\/shop.bantam.ch\/de\/#website"},"primaryImageOfPage":{"@id":"https:\/\/shop.bantam.ch\/de\/produkt\/feuerdesign-vesuvio-holzkohlegrill-gruen\/#primaryimage"},"image":{"@id":"https:\/\/shop.bantam.ch\/de\/produkt\/feuerdesign-vesuvio-holzkohlegrill-gruen\/#primaryimage"},"thumbnailUrl":"https:\/\/shop.bantam.ch\/wp-content\/uploads\/2024\/04\/87293_000004_1kCX6zpai7dorp_600x600.jpg","datePublished":"2024-04-02T09:18:11+00:00","dateModified":"2026-04-19T20:59:43+00:00","breadcrumb":{"@id":"https:\/\/shop.bantam.ch\/de\/produkt\/feuerdesign-vesuvio-holzkohlegrill-gruen\/#breadcrumb"},"inLanguage":"de","potentialAction":[{"@type":"ReadAction","target":["https:\/\/shop.bantam.ch\/de\/produkt\/feuerdesign-vesuvio-holzkohlegrill-gruen\/"]}]},{"@type":"ImageObject","inLanguage":"de","@id":"https:\/\/shop.bantam.ch\/de\/produkt\/feuerdesign-vesuvio-holzkohlegrill-gruen\/#primaryimage","url":"https:\/\/shop.bantam.ch\/wp-content\/uploads\/2024\/04\/87293_000004_1kCX6zpai7dorp_600x600.jpg","contentUrl":"https:\/\/shop.bantam.ch\/wp-content\/uploads\/2024\/04\/87293_000004_1kCX6zpai7dorp_600x600.jpg","width":600,"height":299},{"@type":"BreadcrumbList","@id":"https:\/\/shop.bantam.ch\/de\/produkt\/feuerdesign-vesuvio-holzkohlegrill-gruen\/#breadcrumb","itemListElement":[{"@type":"ListItem","position":1,"name":"Accueil","item":"https:\/\/shop.bantam.ch\/de\/"},{"@type":"ListItem","position":2,"name":"Shop","item":"https:\/\/shop.bantam.ch\/de\/shop\/"},{"@type":"ListItem","position":3,"name":"Feuerdesign Vesuvio Holzkohlegrill Gr\u00fcn"}]},{"@type":"WebSite","@id":"https:\/\/shop.bantam.ch\/de\/#website","url":"https:\/\/shop.bantam.ch\/de\/","name":"Bantam Camping AG","description":"","publisher":{"@id":"https:\/\/shop.bantam.ch\/de\/#organization"},"inLanguage":"de"},{"@type":"Organization","@id":"https:\/\/shop.bantam.ch\/de\/#organization","name":"Bantam Camping AG","url":"https:\/\/shop.bantam.ch\/de\/","logo":{"@type":"ImageObject","inLanguage":"de","@id":"https:\/\/shop.bantam.ch\/de\/#\/schema\/logo\/image\/","url":"https:\/\/shop.bantam.ch\/wp-content\/uploads\/2022\/12\/bantam-logo.png","contentUrl":"https:\/\/shop.bantam.ch\/wp-content\/uploads\/2022\/12\/bantam-logo.png","width":320,"height":71,"caption":"Bantam Camping AG"},"image":{"@id":"https:\/\/shop.bantam.ch\/de\/#\/schema\/logo\/image\/"}}]}},"_links":{"self":[{"href":"https:\/\/shop.bantam.ch\/de\/wp-json\/wp\/v2\/product\/190878","targetHints":{"allow":["GET"]}}],"collection":[{"href":"https:\/\/shop.bantam.ch\/de\/wp-json\/wp\/v2\/product"}],"about":[{"href":"https:\/\/shop.bantam.ch\/de\/wp-json\/wp\/v2\/types\/product"}],"wp:featuredmedia":[{"embeddable":true,"href":"https:\/\/shop.bantam.ch\/de\/wp-json\/wp\/v2\/media\/190880"}],"wp:attachment":[{"href":"https:\/\/shop.bantam.ch\/de\/wp-json\/wp\/v2\/media?parent=190878"}],"wp:term":[{"taxonomy":"product_featured_cat","embeddable":true,"href":"https:\/\/shop.bantam.ch\/de\/wp-json\/wp\/v2\/product_featured_cat?post=190878"},{"taxonomy":"product_brand","embeddable":true,"href":"https:\/\/shop.bantam.ch\/de\/wp-json\/wp\/v2\/product_brand?post=190878"},{"taxonomy":"product_cat","embeddable":true,"href":"https:\/\/shop.bantam.ch\/de\/wp-json\/wp\/v2\/product_cat?post=190878"},{"taxonomy":"product_tag","embeddable":true,"href":"https:\/\/shop.bantam.ch\/de\/wp-json\/wp\/v2\/product_tag?post=190878"}],"curies":[{"name":"wp","href":"https:\/\/api.w.org\/{rel}","templated":true}]}}