{"id":190872,"date":"2024-04-02T10:45:22","date_gmt":"2024-04-02T08:45:22","guid":{"rendered":"https:\/\/shop.bantam.ch\/produit\/edelstahl-glas-garhaube-mit-thermometer\/"},"modified":"2026-04-17T22:54:25","modified_gmt":"2026-04-17T20:54:25","slug":"edelstahl-glas-garhaube-mit-thermometer","status":"publish","type":"product","link":"https:\/\/shop.bantam.ch\/de\/produkt\/edelstahl-glas-garhaube-mit-thermometer\/","title":{"rendered":"Edelstahl-Glas Garhaube mit Thermometer"},"content":{"rendered":"<p>Accessoires pour barbecue &#8211; avec thermom\u00e8tre<br \/>\n&#8211; Poign\u00e9e avec thermom\u00e8tre int\u00e9gr\u00e9.<br \/>\n&#8211; \u00d8 330 x 120 mm h.<br \/>\n&#8211; La hotte de cuisson sp\u00e9cialement con\u00e7ue avec un insert en verre de s\u00e9curit\u00e9 transforme votre gril de table en un v\u00e9ritable multitalent.<br \/>\n&#8211; Le thermom\u00e8tre int\u00e9gr\u00e9 dans le pommeau permet de lire facilement et \u00e0 tout moment la temp\u00e9rature atteinte.<br \/>\n&#8211; Indispensable pour la cuisson des pizzas, avantageuse pour les po\u00eal\u00e9es de l\u00e9gumes, id\u00e9ale pour le maintien au chaud.<br \/>\n&#8211; La hotte doit \u00eatre utilis\u00e9e exclusivement \u00e0 la vitesse de ventilation 1. \u00c9teignez le ventilateur d\u00e8s qu&#8217;une temp\u00e9rature de 220 degr\u00e9s est atteinte.<\/p>\n","protected":false},"excerpt":{"rendered":"<p>Accessoires pour barbecue &#8211; avec thermom\u00e8tre &#8211; Poign\u00e9e avec thermom\u00e8tre int\u00e9gr\u00e9. &#8211; \u00d8 330 x 120 mm h. &#8211; La hotte de cuisson sp\u00e9cialement con\u00e7ue avec un insert en verre de s\u00e9curit\u00e9 transforme votre gril de table en un v\u00e9ritable multitalent. &#8211; Le thermom\u00e8tre int\u00e9gr\u00e9 dans le pommeau permet de lire facilement et \u00e0 tout [&hellip;]<\/p>\n","protected":false},"featured_media":190870,"template":"","meta":{"_acf_changed":false},"product_featured_cat":[],"product_brand":[3733],"product_cat":[4202,3998],"product_tag":[],"class_list":{"0":"post-190872","1":"product","2":"type-product","3":"status-publish","4":"has-post-thumbnail","6":"product_brand-feuerdesign-by-limatec-de","7":"product_cat-grillen-gas-ersatzteile","8":"product_cat-grills","10":"first","11":"instock","12":"taxable","13":"shipping-taxable","14":"purchasable","15":"product-type-simple"},"acf":[],"yoast_head":"<!-- This site is optimized with the Yoast SEO plugin v27.4 - https:\/\/yoast.com\/product\/yoast-seo-wordpress\/ -->\n<title>Edelstahl-Glas Garhaube mit Thermometer - Bantam Camping AG<\/title>\n<meta name=\"robots\" content=\"index, follow, max-snippet:-1, max-image-preview:large, max-video-preview:-1\" \/>\n<link rel=\"canonical\" href=\"https:\/\/shop.bantam.ch\/de\/produkt\/edelstahl-glas-garhaube-mit-thermometer\/\" \/>\n<meta property=\"og:locale\" content=\"de_DE\" \/>\n<meta property=\"og:type\" content=\"article\" \/>\n<meta property=\"og:title\" content=\"Edelstahl-Glas Garhaube mit Thermometer - Bantam Camping AG\" \/>\n<meta property=\"og:description\" content=\"Accessoires pour barbecue &#8211; avec thermom\u00e8tre &#8211; Poign\u00e9e avec thermom\u00e8tre int\u00e9gr\u00e9. &#8211; \u00d8 330 x 120 mm h. &#8211; La hotte de cuisson sp\u00e9cialement con\u00e7ue avec un insert en verre de s\u00e9curit\u00e9 transforme votre gril de table en un v\u00e9ritable multitalent. &#8211; Le thermom\u00e8tre int\u00e9gr\u00e9 dans le pommeau permet de lire facilement et \u00e0 tout [&hellip;]\" \/>\n<meta property=\"og:url\" content=\"https:\/\/shop.bantam.ch\/de\/produkt\/edelstahl-glas-garhaube-mit-thermometer\/\" \/>\n<meta property=\"og:site_name\" content=\"Bantam Camping AG\" \/>\n<meta property=\"article:modified_time\" content=\"2026-04-17T20:54:25+00:00\" \/>\n<meta property=\"og:image\" content=\"https:\/\/shop.bantam.ch\/wp-content\/uploads\/2024\/04\/79221_1_600x600.jpg\" \/>\n\t<meta property=\"og:image:width\" content=\"600\" \/>\n\t<meta property=\"og:image:height\" content=\"359\" \/>\n\t<meta property=\"og:image:type\" content=\"image\/jpeg\" \/>\n<meta name=\"twitter:card\" content=\"summary_large_image\" \/>\n<meta name=\"twitter:label1\" content=\"Gesch\u00e4tzte Lesezeit\" \/>\n\t<meta name=\"twitter:data1\" content=\"1\u00a0Minute\" \/>\n<script type=\"application\/ld+json\" class=\"yoast-schema-graph\">{\"@context\":\"https:\\\/\\\/schema.org\",\"@graph\":[{\"@type\":\"WebPage\",\"@id\":\"https:\\\/\\\/shop.bantam.ch\\\/de\\\/produkt\\\/edelstahl-glas-garhaube-mit-thermometer\\\/\",\"url\":\"https:\\\/\\\/shop.bantam.ch\\\/de\\\/produkt\\\/edelstahl-glas-garhaube-mit-thermometer\\\/\",\"name\":\"Edelstahl-Glas Garhaube mit Thermometer - Bantam Camping AG\",\"isPartOf\":{\"@id\":\"https:\\\/\\\/shop.bantam.ch\\\/de\\\/#website\"},\"primaryImageOfPage\":{\"@id\":\"https:\\\/\\\/shop.bantam.ch\\\/de\\\/produkt\\\/edelstahl-glas-garhaube-mit-thermometer\\\/#primaryimage\"},\"image\":{\"@id\":\"https:\\\/\\\/shop.bantam.ch\\\/de\\\/produkt\\\/edelstahl-glas-garhaube-mit-thermometer\\\/#primaryimage\"},\"thumbnailUrl\":\"https:\\\/\\\/shop.bantam.ch\\\/wp-content\\\/uploads\\\/2024\\\/04\\\/79221_1_600x600.jpg\",\"datePublished\":\"2024-04-02T08:45:22+00:00\",\"dateModified\":\"2026-04-17T20:54:25+00:00\",\"breadcrumb\":{\"@id\":\"https:\\\/\\\/shop.bantam.ch\\\/de\\\/produkt\\\/edelstahl-glas-garhaube-mit-thermometer\\\/#breadcrumb\"},\"inLanguage\":\"de\",\"potentialAction\":[{\"@type\":\"ReadAction\",\"target\":[\"https:\\\/\\\/shop.bantam.ch\\\/de\\\/produkt\\\/edelstahl-glas-garhaube-mit-thermometer\\\/\"]}]},{\"@type\":\"ImageObject\",\"inLanguage\":\"de\",\"@id\":\"https:\\\/\\\/shop.bantam.ch\\\/de\\\/produkt\\\/edelstahl-glas-garhaube-mit-thermometer\\\/#primaryimage\",\"url\":\"https:\\\/\\\/shop.bantam.ch\\\/wp-content\\\/uploads\\\/2024\\\/04\\\/79221_1_600x600.jpg\",\"contentUrl\":\"https:\\\/\\\/shop.bantam.ch\\\/wp-content\\\/uploads\\\/2024\\\/04\\\/79221_1_600x600.jpg\",\"width\":600,\"height\":359},{\"@type\":\"BreadcrumbList\",\"@id\":\"https:\\\/\\\/shop.bantam.ch\\\/de\\\/produkt\\\/edelstahl-glas-garhaube-mit-thermometer\\\/#breadcrumb\",\"itemListElement\":[{\"@type\":\"ListItem\",\"position\":1,\"name\":\"Accueil\",\"item\":\"https:\\\/\\\/shop.bantam.ch\\\/de\\\/\"},{\"@type\":\"ListItem\",\"position\":2,\"name\":\"Shop\",\"item\":\"https:\\\/\\\/shop.bantam.ch\\\/de\\\/shop\\\/\"},{\"@type\":\"ListItem\",\"position\":3,\"name\":\"Edelstahl-Glas Garhaube mit Thermometer\"}]},{\"@type\":\"WebSite\",\"@id\":\"https:\\\/\\\/shop.bantam.ch\\\/de\\\/#website\",\"url\":\"https:\\\/\\\/shop.bantam.ch\\\/de\\\/\",\"name\":\"Bantam Camping AG\",\"description\":\"\",\"publisher\":{\"@id\":\"https:\\\/\\\/shop.bantam.ch\\\/de\\\/#organization\"},\"inLanguage\":\"de\"},{\"@type\":\"Organization\",\"@id\":\"https:\\\/\\\/shop.bantam.ch\\\/de\\\/#organization\",\"name\":\"Bantam Camping AG\",\"url\":\"https:\\\/\\\/shop.bantam.ch\\\/de\\\/\",\"logo\":{\"@type\":\"ImageObject\",\"inLanguage\":\"de\",\"@id\":\"https:\\\/\\\/shop.bantam.ch\\\/de\\\/#\\\/schema\\\/logo\\\/image\\\/\",\"url\":\"https:\\\/\\\/shop.bantam.ch\\\/wp-content\\\/uploads\\\/2022\\\/12\\\/bantam-logo.png\",\"contentUrl\":\"https:\\\/\\\/shop.bantam.ch\\\/wp-content\\\/uploads\\\/2022\\\/12\\\/bantam-logo.png\",\"width\":320,\"height\":71,\"caption\":\"Bantam Camping AG\"},\"image\":{\"@id\":\"https:\\\/\\\/shop.bantam.ch\\\/de\\\/#\\\/schema\\\/logo\\\/image\\\/\"}}]}<\/script>\n<!-- \/ Yoast SEO plugin. -->","yoast_head_json":{"title":"Edelstahl-Glas Garhaube mit Thermometer - Bantam Camping AG","robots":{"index":"index","follow":"follow","max-snippet":"max-snippet:-1","max-image-preview":"max-image-preview:large","max-video-preview":"max-video-preview:-1"},"canonical":"https:\/\/shop.bantam.ch\/de\/produkt\/edelstahl-glas-garhaube-mit-thermometer\/","og_locale":"de_DE","og_type":"article","og_title":"Edelstahl-Glas Garhaube mit Thermometer - Bantam Camping AG","og_description":"Accessoires pour barbecue &#8211; avec thermom\u00e8tre &#8211; Poign\u00e9e avec thermom\u00e8tre int\u00e9gr\u00e9. &#8211; \u00d8 330 x 120 mm h. &#8211; La hotte de cuisson sp\u00e9cialement con\u00e7ue avec un insert en verre de s\u00e9curit\u00e9 transforme votre gril de table en un v\u00e9ritable multitalent. &#8211; Le thermom\u00e8tre int\u00e9gr\u00e9 dans le pommeau permet de lire facilement et \u00e0 tout [&hellip;]","og_url":"https:\/\/shop.bantam.ch\/de\/produkt\/edelstahl-glas-garhaube-mit-thermometer\/","og_site_name":"Bantam Camping AG","article_modified_time":"2026-04-17T20:54:25+00:00","og_image":[{"width":600,"height":359,"url":"https:\/\/shop.bantam.ch\/wp-content\/uploads\/2024\/04\/79221_1_600x600.jpg","type":"image\/jpeg"}],"twitter_card":"summary_large_image","twitter_misc":{"Gesch\u00e4tzte Lesezeit":"1\u00a0Minute"},"schema":{"@context":"https:\/\/schema.org","@graph":[{"@type":"WebPage","@id":"https:\/\/shop.bantam.ch\/de\/produkt\/edelstahl-glas-garhaube-mit-thermometer\/","url":"https:\/\/shop.bantam.ch\/de\/produkt\/edelstahl-glas-garhaube-mit-thermometer\/","name":"Edelstahl-Glas Garhaube mit Thermometer - Bantam Camping AG","isPartOf":{"@id":"https:\/\/shop.bantam.ch\/de\/#website"},"primaryImageOfPage":{"@id":"https:\/\/shop.bantam.ch\/de\/produkt\/edelstahl-glas-garhaube-mit-thermometer\/#primaryimage"},"image":{"@id":"https:\/\/shop.bantam.ch\/de\/produkt\/edelstahl-glas-garhaube-mit-thermometer\/#primaryimage"},"thumbnailUrl":"https:\/\/shop.bantam.ch\/wp-content\/uploads\/2024\/04\/79221_1_600x600.jpg","datePublished":"2024-04-02T08:45:22+00:00","dateModified":"2026-04-17T20:54:25+00:00","breadcrumb":{"@id":"https:\/\/shop.bantam.ch\/de\/produkt\/edelstahl-glas-garhaube-mit-thermometer\/#breadcrumb"},"inLanguage":"de","potentialAction":[{"@type":"ReadAction","target":["https:\/\/shop.bantam.ch\/de\/produkt\/edelstahl-glas-garhaube-mit-thermometer\/"]}]},{"@type":"ImageObject","inLanguage":"de","@id":"https:\/\/shop.bantam.ch\/de\/produkt\/edelstahl-glas-garhaube-mit-thermometer\/#primaryimage","url":"https:\/\/shop.bantam.ch\/wp-content\/uploads\/2024\/04\/79221_1_600x600.jpg","contentUrl":"https:\/\/shop.bantam.ch\/wp-content\/uploads\/2024\/04\/79221_1_600x600.jpg","width":600,"height":359},{"@type":"BreadcrumbList","@id":"https:\/\/shop.bantam.ch\/de\/produkt\/edelstahl-glas-garhaube-mit-thermometer\/#breadcrumb","itemListElement":[{"@type":"ListItem","position":1,"name":"Accueil","item":"https:\/\/shop.bantam.ch\/de\/"},{"@type":"ListItem","position":2,"name":"Shop","item":"https:\/\/shop.bantam.ch\/de\/shop\/"},{"@type":"ListItem","position":3,"name":"Edelstahl-Glas Garhaube mit Thermometer"}]},{"@type":"WebSite","@id":"https:\/\/shop.bantam.ch\/de\/#website","url":"https:\/\/shop.bantam.ch\/de\/","name":"Bantam Camping AG","description":"","publisher":{"@id":"https:\/\/shop.bantam.ch\/de\/#organization"},"inLanguage":"de"},{"@type":"Organization","@id":"https:\/\/shop.bantam.ch\/de\/#organization","name":"Bantam Camping AG","url":"https:\/\/shop.bantam.ch\/de\/","logo":{"@type":"ImageObject","inLanguage":"de","@id":"https:\/\/shop.bantam.ch\/de\/#\/schema\/logo\/image\/","url":"https:\/\/shop.bantam.ch\/wp-content\/uploads\/2022\/12\/bantam-logo.png","contentUrl":"https:\/\/shop.bantam.ch\/wp-content\/uploads\/2022\/12\/bantam-logo.png","width":320,"height":71,"caption":"Bantam Camping AG"},"image":{"@id":"https:\/\/shop.bantam.ch\/de\/#\/schema\/logo\/image\/"}}]}},"_links":{"self":[{"href":"https:\/\/shop.bantam.ch\/de\/wp-json\/wp\/v2\/product\/190872","targetHints":{"allow":["GET"]}}],"collection":[{"href":"https:\/\/shop.bantam.ch\/de\/wp-json\/wp\/v2\/product"}],"about":[{"href":"https:\/\/shop.bantam.ch\/de\/wp-json\/wp\/v2\/types\/product"}],"wp:featuredmedia":[{"embeddable":true,"href":"https:\/\/shop.bantam.ch\/de\/wp-json\/wp\/v2\/media\/190870"}],"wp:attachment":[{"href":"https:\/\/shop.bantam.ch\/de\/wp-json\/wp\/v2\/media?parent=190872"}],"wp:term":[{"taxonomy":"product_featured_cat","embeddable":true,"href":"https:\/\/shop.bantam.ch\/de\/wp-json\/wp\/v2\/product_featured_cat?post=190872"},{"taxonomy":"product_brand","embeddable":true,"href":"https:\/\/shop.bantam.ch\/de\/wp-json\/wp\/v2\/product_brand?post=190872"},{"taxonomy":"product_cat","embeddable":true,"href":"https:\/\/shop.bantam.ch\/de\/wp-json\/wp\/v2\/product_cat?post=190872"},{"taxonomy":"product_tag","embeddable":true,"href":"https:\/\/shop.bantam.ch\/de\/wp-json\/wp\/v2\/product_tag?post=190872"}],"curies":[{"name":"wp","href":"https:\/\/api.w.org\/{rel}","templated":true}]}}