{"id":190858,"date":"2024-04-02T10:16:45","date_gmt":"2024-04-02T08:16:45","guid":{"rendered":"https:\/\/shop.bantam.ch\/produit\/grill-feuerdesign-teide-anthrazit\/"},"modified":"2026-04-17T22:54:25","modified_gmt":"2026-04-17T20:54:25","slug":"grill-feuerdesign-teide-anthrazit","status":"publish","type":"product","link":"https:\/\/shop.bantam.ch\/de\/produkt\/grill-feuerdesign-teide-anthrazit\/","title":{"rendered":"Grill Feuerdesign Teide anthrazit"},"content":{"rendered":"<p>Tischgrill f\u00fcr Holzkohle mit Grillzange. Der per USB-Kabel aufladbare Ventilator sorgt f\u00fcr eine schnelle Glut, eine einstellbare Temperatur und eine Grillzeit von bis zu 4 Stunden. Der 34 x 34 cm gro\u00dfe Grillrost aus Edelstahl bietet ausreichend Platz f\u00fcr eine Grillparty mit sechs Personen.<\/p>\n<p>Vorteile:.<br \/>\nAngenehme H\u00f6he am Tisch dank der flachen Bauweise.<br \/>\nDer geschlossene Holzkohlekorb sch\u00fctzt vor abtropfendem Fett und l\u00e4stigem Rauch.<br \/>\nDer Grillrost und die Fettauffangschale sind aus Edelstahl und sp\u00fclmaschinenfest.<br \/>\nDie Oberfl\u00e4che des Bodens ist hitzebest\u00e4ndig, bleibt k\u00fchl und ist daher f\u00fcr alle Arten von Untergr\u00fcnden geeignet.<br \/>\nDurch die doppelwandige Konstruktion kann sie auch w\u00e4hrend des Betriebs ber\u00fchrt werden.<br \/>\nKann auch bei starkem Wind verwendet werden.<br \/>\nDie Kohle kann w\u00e4hrend des Grillens jederzeit nachgef\u00fcllt werden.<\/p>\n","protected":false},"excerpt":{"rendered":"<p>Tischgrill f\u00fcr Holzkohle mit Grillzange. Der per USB-Kabel aufladbare Ventilator sorgt f\u00fcr eine schnelle Glut, eine einstellbare Temperatur und eine Grillzeit von bis zu 4 Stunden. Der 34 x 34 cm gro\u00dfe Grillrost aus Edelstahl bietet ausreichend Platz f\u00fcr eine Grillparty mit sechs Personen. Vorteile:. Angenehme H\u00f6he am Tisch dank der flachen Bauweise. Der geschlossene [&hellip;]<\/p>\n","protected":false},"featured_media":190856,"template":"","meta":{"_acf_changed":false},"product_featured_cat":[],"product_brand":[3733],"product_cat":[4202,3998],"product_tag":[],"class_list":{"0":"post-190858","1":"product","2":"type-product","3":"status-publish","4":"has-post-thumbnail","6":"product_brand-feuerdesign-by-limatec-de","7":"product_cat-grillen-gas-ersatzteile","8":"product_cat-grills","10":"first","11":"instock","12":"taxable","13":"shipping-taxable","14":"purchasable","15":"product-type-simple"},"acf":[],"yoast_head":"<!-- This site is optimized with the Yoast SEO plugin v27.4 - https:\/\/yoast.com\/product\/yoast-seo-wordpress\/ -->\n<title>Grill Feuerdesign Teide anthrazit - Bantam Camping AG<\/title>\n<meta name=\"robots\" content=\"index, follow, max-snippet:-1, max-image-preview:large, max-video-preview:-1\" \/>\n<link rel=\"canonical\" href=\"https:\/\/shop.bantam.ch\/de\/produkt\/grill-feuerdesign-teide-anthrazit\/\" \/>\n<meta property=\"og:locale\" content=\"de_DE\" \/>\n<meta property=\"og:type\" content=\"article\" \/>\n<meta property=\"og:title\" content=\"Grill Feuerdesign Teide anthrazit - Bantam Camping AG\" \/>\n<meta property=\"og:description\" content=\"Tischgrill f\u00fcr Holzkohle mit Grillzange. Der per USB-Kabel aufladbare Ventilator sorgt f\u00fcr eine schnelle Glut, eine einstellbare Temperatur und eine Grillzeit von bis zu 4 Stunden. Der 34 x 34 cm gro\u00dfe Grillrost aus Edelstahl bietet ausreichend Platz f\u00fcr eine Grillparty mit sechs Personen. Vorteile:. Angenehme H\u00f6he am Tisch dank der flachen Bauweise. Der geschlossene [&hellip;]\" \/>\n<meta property=\"og:url\" content=\"https:\/\/shop.bantam.ch\/de\/produkt\/grill-feuerdesign-teide-anthrazit\/\" \/>\n<meta property=\"og:site_name\" content=\"Bantam Camping AG\" \/>\n<meta property=\"article:modified_time\" content=\"2026-04-17T20:54:25+00:00\" \/>\n<meta property=\"og:image\" content=\"https:\/\/shop.bantam.ch\/wp-content\/uploads\/2024\/04\/119733_000001_1_600x600.jpg\" \/>\n\t<meta property=\"og:image:width\" content=\"360\" \/>\n\t<meta property=\"og:image:height\" content=\"240\" \/>\n\t<meta property=\"og:image:type\" content=\"image\/jpeg\" \/>\n<meta name=\"twitter:card\" content=\"summary_large_image\" \/>\n<meta name=\"twitter:label1\" content=\"Gesch\u00e4tzte Lesezeit\" \/>\n\t<meta name=\"twitter:data1\" content=\"1\u00a0Minute\" \/>\n<script type=\"application\/ld+json\" class=\"yoast-schema-graph\">{\"@context\":\"https:\\\/\\\/schema.org\",\"@graph\":[{\"@type\":\"WebPage\",\"@id\":\"https:\\\/\\\/shop.bantam.ch\\\/de\\\/produkt\\\/grill-feuerdesign-teide-anthrazit\\\/\",\"url\":\"https:\\\/\\\/shop.bantam.ch\\\/de\\\/produkt\\\/grill-feuerdesign-teide-anthrazit\\\/\",\"name\":\"Grill Feuerdesign Teide anthrazit - Bantam Camping AG\",\"isPartOf\":{\"@id\":\"https:\\\/\\\/shop.bantam.ch\\\/de\\\/#website\"},\"primaryImageOfPage\":{\"@id\":\"https:\\\/\\\/shop.bantam.ch\\\/de\\\/produkt\\\/grill-feuerdesign-teide-anthrazit\\\/#primaryimage\"},\"image\":{\"@id\":\"https:\\\/\\\/shop.bantam.ch\\\/de\\\/produkt\\\/grill-feuerdesign-teide-anthrazit\\\/#primaryimage\"},\"thumbnailUrl\":\"https:\\\/\\\/shop.bantam.ch\\\/wp-content\\\/uploads\\\/2024\\\/04\\\/119733_000001_1_600x600.jpg\",\"datePublished\":\"2024-04-02T08:16:45+00:00\",\"dateModified\":\"2026-04-17T20:54:25+00:00\",\"breadcrumb\":{\"@id\":\"https:\\\/\\\/shop.bantam.ch\\\/de\\\/produkt\\\/grill-feuerdesign-teide-anthrazit\\\/#breadcrumb\"},\"inLanguage\":\"de\",\"potentialAction\":[{\"@type\":\"ReadAction\",\"target\":[\"https:\\\/\\\/shop.bantam.ch\\\/de\\\/produkt\\\/grill-feuerdesign-teide-anthrazit\\\/\"]}]},{\"@type\":\"ImageObject\",\"inLanguage\":\"de\",\"@id\":\"https:\\\/\\\/shop.bantam.ch\\\/de\\\/produkt\\\/grill-feuerdesign-teide-anthrazit\\\/#primaryimage\",\"url\":\"https:\\\/\\\/shop.bantam.ch\\\/wp-content\\\/uploads\\\/2024\\\/04\\\/119733_000001_1_600x600.jpg\",\"contentUrl\":\"https:\\\/\\\/shop.bantam.ch\\\/wp-content\\\/uploads\\\/2024\\\/04\\\/119733_000001_1_600x600.jpg\",\"width\":360,\"height\":240},{\"@type\":\"BreadcrumbList\",\"@id\":\"https:\\\/\\\/shop.bantam.ch\\\/de\\\/produkt\\\/grill-feuerdesign-teide-anthrazit\\\/#breadcrumb\",\"itemListElement\":[{\"@type\":\"ListItem\",\"position\":1,\"name\":\"Accueil\",\"item\":\"https:\\\/\\\/shop.bantam.ch\\\/de\\\/\"},{\"@type\":\"ListItem\",\"position\":2,\"name\":\"Shop\",\"item\":\"https:\\\/\\\/shop.bantam.ch\\\/de\\\/shop\\\/\"},{\"@type\":\"ListItem\",\"position\":3,\"name\":\"Grill Feuerdesign Teide anthrazit\"}]},{\"@type\":\"WebSite\",\"@id\":\"https:\\\/\\\/shop.bantam.ch\\\/de\\\/#website\",\"url\":\"https:\\\/\\\/shop.bantam.ch\\\/de\\\/\",\"name\":\"Bantam Camping AG\",\"description\":\"\",\"publisher\":{\"@id\":\"https:\\\/\\\/shop.bantam.ch\\\/de\\\/#organization\"},\"inLanguage\":\"de\"},{\"@type\":\"Organization\",\"@id\":\"https:\\\/\\\/shop.bantam.ch\\\/de\\\/#organization\",\"name\":\"Bantam Camping AG\",\"url\":\"https:\\\/\\\/shop.bantam.ch\\\/de\\\/\",\"logo\":{\"@type\":\"ImageObject\",\"inLanguage\":\"de\",\"@id\":\"https:\\\/\\\/shop.bantam.ch\\\/de\\\/#\\\/schema\\\/logo\\\/image\\\/\",\"url\":\"https:\\\/\\\/shop.bantam.ch\\\/wp-content\\\/uploads\\\/2022\\\/12\\\/bantam-logo.png\",\"contentUrl\":\"https:\\\/\\\/shop.bantam.ch\\\/wp-content\\\/uploads\\\/2022\\\/12\\\/bantam-logo.png\",\"width\":320,\"height\":71,\"caption\":\"Bantam Camping AG\"},\"image\":{\"@id\":\"https:\\\/\\\/shop.bantam.ch\\\/de\\\/#\\\/schema\\\/logo\\\/image\\\/\"}}]}<\/script>\n<!-- \/ Yoast SEO plugin. -->","yoast_head_json":{"title":"Grill Feuerdesign Teide anthrazit - Bantam Camping AG","robots":{"index":"index","follow":"follow","max-snippet":"max-snippet:-1","max-image-preview":"max-image-preview:large","max-video-preview":"max-video-preview:-1"},"canonical":"https:\/\/shop.bantam.ch\/de\/produkt\/grill-feuerdesign-teide-anthrazit\/","og_locale":"de_DE","og_type":"article","og_title":"Grill Feuerdesign Teide anthrazit - Bantam Camping AG","og_description":"Tischgrill f\u00fcr Holzkohle mit Grillzange. Der per USB-Kabel aufladbare Ventilator sorgt f\u00fcr eine schnelle Glut, eine einstellbare Temperatur und eine Grillzeit von bis zu 4 Stunden. Der 34 x 34 cm gro\u00dfe Grillrost aus Edelstahl bietet ausreichend Platz f\u00fcr eine Grillparty mit sechs Personen. Vorteile:. Angenehme H\u00f6he am Tisch dank der flachen Bauweise. Der geschlossene [&hellip;]","og_url":"https:\/\/shop.bantam.ch\/de\/produkt\/grill-feuerdesign-teide-anthrazit\/","og_site_name":"Bantam Camping AG","article_modified_time":"2026-04-17T20:54:25+00:00","og_image":[{"width":360,"height":240,"url":"https:\/\/shop.bantam.ch\/wp-content\/uploads\/2024\/04\/119733_000001_1_600x600.jpg","type":"image\/jpeg"}],"twitter_card":"summary_large_image","twitter_misc":{"Gesch\u00e4tzte Lesezeit":"1\u00a0Minute"},"schema":{"@context":"https:\/\/schema.org","@graph":[{"@type":"WebPage","@id":"https:\/\/shop.bantam.ch\/de\/produkt\/grill-feuerdesign-teide-anthrazit\/","url":"https:\/\/shop.bantam.ch\/de\/produkt\/grill-feuerdesign-teide-anthrazit\/","name":"Grill Feuerdesign Teide anthrazit - Bantam Camping AG","isPartOf":{"@id":"https:\/\/shop.bantam.ch\/de\/#website"},"primaryImageOfPage":{"@id":"https:\/\/shop.bantam.ch\/de\/produkt\/grill-feuerdesign-teide-anthrazit\/#primaryimage"},"image":{"@id":"https:\/\/shop.bantam.ch\/de\/produkt\/grill-feuerdesign-teide-anthrazit\/#primaryimage"},"thumbnailUrl":"https:\/\/shop.bantam.ch\/wp-content\/uploads\/2024\/04\/119733_000001_1_600x600.jpg","datePublished":"2024-04-02T08:16:45+00:00","dateModified":"2026-04-17T20:54:25+00:00","breadcrumb":{"@id":"https:\/\/shop.bantam.ch\/de\/produkt\/grill-feuerdesign-teide-anthrazit\/#breadcrumb"},"inLanguage":"de","potentialAction":[{"@type":"ReadAction","target":["https:\/\/shop.bantam.ch\/de\/produkt\/grill-feuerdesign-teide-anthrazit\/"]}]},{"@type":"ImageObject","inLanguage":"de","@id":"https:\/\/shop.bantam.ch\/de\/produkt\/grill-feuerdesign-teide-anthrazit\/#primaryimage","url":"https:\/\/shop.bantam.ch\/wp-content\/uploads\/2024\/04\/119733_000001_1_600x600.jpg","contentUrl":"https:\/\/shop.bantam.ch\/wp-content\/uploads\/2024\/04\/119733_000001_1_600x600.jpg","width":360,"height":240},{"@type":"BreadcrumbList","@id":"https:\/\/shop.bantam.ch\/de\/produkt\/grill-feuerdesign-teide-anthrazit\/#breadcrumb","itemListElement":[{"@type":"ListItem","position":1,"name":"Accueil","item":"https:\/\/shop.bantam.ch\/de\/"},{"@type":"ListItem","position":2,"name":"Shop","item":"https:\/\/shop.bantam.ch\/de\/shop\/"},{"@type":"ListItem","position":3,"name":"Grill Feuerdesign Teide anthrazit"}]},{"@type":"WebSite","@id":"https:\/\/shop.bantam.ch\/de\/#website","url":"https:\/\/shop.bantam.ch\/de\/","name":"Bantam Camping AG","description":"","publisher":{"@id":"https:\/\/shop.bantam.ch\/de\/#organization"},"inLanguage":"de"},{"@type":"Organization","@id":"https:\/\/shop.bantam.ch\/de\/#organization","name":"Bantam Camping AG","url":"https:\/\/shop.bantam.ch\/de\/","logo":{"@type":"ImageObject","inLanguage":"de","@id":"https:\/\/shop.bantam.ch\/de\/#\/schema\/logo\/image\/","url":"https:\/\/shop.bantam.ch\/wp-content\/uploads\/2022\/12\/bantam-logo.png","contentUrl":"https:\/\/shop.bantam.ch\/wp-content\/uploads\/2022\/12\/bantam-logo.png","width":320,"height":71,"caption":"Bantam Camping AG"},"image":{"@id":"https:\/\/shop.bantam.ch\/de\/#\/schema\/logo\/image\/"}}]}},"_links":{"self":[{"href":"https:\/\/shop.bantam.ch\/de\/wp-json\/wp\/v2\/product\/190858","targetHints":{"allow":["GET"]}}],"collection":[{"href":"https:\/\/shop.bantam.ch\/de\/wp-json\/wp\/v2\/product"}],"about":[{"href":"https:\/\/shop.bantam.ch\/de\/wp-json\/wp\/v2\/types\/product"}],"wp:featuredmedia":[{"embeddable":true,"href":"https:\/\/shop.bantam.ch\/de\/wp-json\/wp\/v2\/media\/190856"}],"wp:attachment":[{"href":"https:\/\/shop.bantam.ch\/de\/wp-json\/wp\/v2\/media?parent=190858"}],"wp:term":[{"taxonomy":"product_featured_cat","embeddable":true,"href":"https:\/\/shop.bantam.ch\/de\/wp-json\/wp\/v2\/product_featured_cat?post=190858"},{"taxonomy":"product_brand","embeddable":true,"href":"https:\/\/shop.bantam.ch\/de\/wp-json\/wp\/v2\/product_brand?post=190858"},{"taxonomy":"product_cat","embeddable":true,"href":"https:\/\/shop.bantam.ch\/de\/wp-json\/wp\/v2\/product_cat?post=190858"},{"taxonomy":"product_tag","embeddable":true,"href":"https:\/\/shop.bantam.ch\/de\/wp-json\/wp\/v2\/product_tag?post=190858"}],"curies":[{"name":"wp","href":"https:\/\/api.w.org\/{rel}","templated":true}]}}