{"id":190846,"date":"2024-04-02T09:58:10","date_gmt":"2024-04-02T07:58:10","guid":{"rendered":"https:\/\/shop.bantam.ch\/produit\/feuerdesign-teide-fuchsia\/"},"modified":"2026-04-17T22:54:18","modified_gmt":"2026-04-17T20:54:18","slug":"feuerdesign-teide-fuchsia","status":"publish","type":"product","link":"https:\/\/shop.bantam.ch\/de\/produkt\/feuerdesign-teide-fuchsia\/","title":{"rendered":"Feuerdesign Teide Fuchsia"},"content":{"rendered":"<p>Holzkohle Tischgrill mit Edelstahl\/Silikon Grillzange<br \/>\nMit herausnehmbaren und \u00fcber USB-Kabel wieder aufladbaren L\u00fcfter, f\u00fcr schnelles Anz\u00fcnden,<br \/>\nregelbare Temperatur und bis zu 4 Stunden Grillzeit<br \/>\nQuadratische Formgebung, 34 x 34 cm, erm\u00f6glicht optimale Nutzung der Grillfl\u00e4che f\u00fcr bis zu 6 Personen.<br \/>\nFlache Bauweise (21 cm hoch) f\u00fcr ein leichtes Handling beim Grillen am Tisch.<br \/>\nHolzkohlekorb mit geschlossenem Deckel sch\u00fctzt die Kohle vom abtropfenden Fett f\u00fcr ein rauchfreies, gesundes Grillen.<br \/>\nGrillrost und Fettauffangschale in Edelstahl, leicht im Geschirrsp\u00fcler zu reinigen.<br \/>\nDie doppelwandige Bauweise erlaubt es, den Grill auch w\u00e4hrend des Grillens anzufassen.<br \/>\nPraktische, exklusive Tragetasche f\u00fcr ein Barbeque wann immer &#8211; wo immer<br \/>\nTragetasche, L\u00fcfter, USB-Ladekabel und Zange sind inbegriffen.<br \/>\nKann auch bei starkem Wind genutzt werden.<br \/>\nBodenfl\u00e4che ist hitzeresistent, kann somit auf jede Unterlage gestellt werden.<br \/>\nBrenndauer je nach Holzkohleart zwischen 40 und 60 Minuten (Empfehlung Buchen-Holzkohle)<br \/>\nKohle kann w\u00e4hrend des Grillens jederzeit nachgef\u00fcllt werden<\/p>\n","protected":false},"excerpt":{"rendered":"<p>Holzkohle Tischgrill mit Edelstahl\/Silikon Grillzange Mit herausnehmbaren und \u00fcber USB-Kabel wieder aufladbaren L\u00fcfter, f\u00fcr schnelles Anz\u00fcnden, regelbare Temperatur und bis zu 4 Stunden Grillzeit Quadratische Formgebung, 34 x 34 cm, erm\u00f6glicht optimale Nutzung der Grillfl\u00e4che f\u00fcr bis zu 6 Personen. Flache Bauweise (21 cm hoch) f\u00fcr ein leichtes Handling beim Grillen am Tisch. Holzkohlekorb mit [&hellip;]<\/p>\n","protected":false},"featured_media":190844,"template":"","meta":{"_acf_changed":false},"product_featured_cat":[],"product_brand":[3733],"product_cat":[4202,3998],"product_tag":[],"class_list":{"0":"post-190846","1":"product","2":"type-product","3":"status-publish","4":"has-post-thumbnail","6":"product_brand-feuerdesign-by-limatec-de","7":"product_cat-grillen-gas-ersatzteile","8":"product_cat-grills","10":"first","11":"instock","12":"taxable","13":"shipping-taxable","14":"purchasable","15":"product-type-simple"},"acf":[],"yoast_head":"<!-- This site is optimized with the Yoast SEO plugin v27.4 - https:\/\/yoast.com\/product\/yoast-seo-wordpress\/ -->\n<title>Feuerdesign Teide Fuchsia - Bantam Camping AG<\/title>\n<meta name=\"robots\" content=\"index, follow, max-snippet:-1, max-image-preview:large, max-video-preview:-1\" \/>\n<link rel=\"canonical\" href=\"https:\/\/shop.bantam.ch\/de\/produkt\/feuerdesign-teide-fuchsia\/\" \/>\n<meta property=\"og:locale\" content=\"de_DE\" \/>\n<meta property=\"og:type\" content=\"article\" \/>\n<meta property=\"og:title\" content=\"Feuerdesign Teide Fuchsia - Bantam Camping AG\" \/>\n<meta property=\"og:description\" content=\"Holzkohle Tischgrill mit Edelstahl\/Silikon Grillzange Mit herausnehmbaren und \u00fcber USB-Kabel wieder aufladbaren L\u00fcfter, f\u00fcr schnelles Anz\u00fcnden, regelbare Temperatur und bis zu 4 Stunden Grillzeit Quadratische Formgebung, 34 x 34 cm, erm\u00f6glicht optimale Nutzung der Grillfl\u00e4che f\u00fcr bis zu 6 Personen. Flache Bauweise (21 cm hoch) f\u00fcr ein leichtes Handling beim Grillen am Tisch. Holzkohlekorb mit [&hellip;]\" \/>\n<meta property=\"og:url\" content=\"https:\/\/shop.bantam.ch\/de\/produkt\/feuerdesign-teide-fuchsia\/\" \/>\n<meta property=\"og:site_name\" content=\"Bantam Camping AG\" \/>\n<meta property=\"article:modified_time\" content=\"2026-04-17T20:54:18+00:00\" \/>\n<meta property=\"og:image\" content=\"https:\/\/shop.bantam.ch\/wp-content\/uploads\/2024\/04\/Teide-Fuchsia8kAGk0rr0SduT_600x600.jpg\" \/>\n\t<meta property=\"og:image:width\" content=\"600\" \/>\n\t<meta property=\"og:image:height\" content=\"399\" \/>\n\t<meta property=\"og:image:type\" content=\"image\/jpeg\" \/>\n<meta name=\"twitter:card\" content=\"summary_large_image\" \/>\n<meta name=\"twitter:label1\" content=\"Gesch\u00e4tzte Lesezeit\" \/>\n\t<meta name=\"twitter:data1\" content=\"1\u00a0Minute\" \/>\n<script type=\"application\/ld+json\" class=\"yoast-schema-graph\">{\"@context\":\"https:\\\/\\\/schema.org\",\"@graph\":[{\"@type\":\"WebPage\",\"@id\":\"https:\\\/\\\/shop.bantam.ch\\\/de\\\/produkt\\\/feuerdesign-teide-fuchsia\\\/\",\"url\":\"https:\\\/\\\/shop.bantam.ch\\\/de\\\/produkt\\\/feuerdesign-teide-fuchsia\\\/\",\"name\":\"Feuerdesign Teide Fuchsia - Bantam Camping AG\",\"isPartOf\":{\"@id\":\"https:\\\/\\\/shop.bantam.ch\\\/de\\\/#website\"},\"primaryImageOfPage\":{\"@id\":\"https:\\\/\\\/shop.bantam.ch\\\/de\\\/produkt\\\/feuerdesign-teide-fuchsia\\\/#primaryimage\"},\"image\":{\"@id\":\"https:\\\/\\\/shop.bantam.ch\\\/de\\\/produkt\\\/feuerdesign-teide-fuchsia\\\/#primaryimage\"},\"thumbnailUrl\":\"https:\\\/\\\/shop.bantam.ch\\\/wp-content\\\/uploads\\\/2024\\\/04\\\/Teide-Fuchsia8kAGk0rr0SduT_600x600.jpg\",\"datePublished\":\"2024-04-02T07:58:10+00:00\",\"dateModified\":\"2026-04-17T20:54:18+00:00\",\"breadcrumb\":{\"@id\":\"https:\\\/\\\/shop.bantam.ch\\\/de\\\/produkt\\\/feuerdesign-teide-fuchsia\\\/#breadcrumb\"},\"inLanguage\":\"de\",\"potentialAction\":[{\"@type\":\"ReadAction\",\"target\":[\"https:\\\/\\\/shop.bantam.ch\\\/de\\\/produkt\\\/feuerdesign-teide-fuchsia\\\/\"]}]},{\"@type\":\"ImageObject\",\"inLanguage\":\"de\",\"@id\":\"https:\\\/\\\/shop.bantam.ch\\\/de\\\/produkt\\\/feuerdesign-teide-fuchsia\\\/#primaryimage\",\"url\":\"https:\\\/\\\/shop.bantam.ch\\\/wp-content\\\/uploads\\\/2024\\\/04\\\/Teide-Fuchsia8kAGk0rr0SduT_600x600.jpg\",\"contentUrl\":\"https:\\\/\\\/shop.bantam.ch\\\/wp-content\\\/uploads\\\/2024\\\/04\\\/Teide-Fuchsia8kAGk0rr0SduT_600x600.jpg\",\"width\":600,\"height\":399},{\"@type\":\"BreadcrumbList\",\"@id\":\"https:\\\/\\\/shop.bantam.ch\\\/de\\\/produkt\\\/feuerdesign-teide-fuchsia\\\/#breadcrumb\",\"itemListElement\":[{\"@type\":\"ListItem\",\"position\":1,\"name\":\"Accueil\",\"item\":\"https:\\\/\\\/shop.bantam.ch\\\/de\\\/\"},{\"@type\":\"ListItem\",\"position\":2,\"name\":\"Shop\",\"item\":\"https:\\\/\\\/shop.bantam.ch\\\/de\\\/shop\\\/\"},{\"@type\":\"ListItem\",\"position\":3,\"name\":\"Feuerdesign Teide Fuchsia\"}]},{\"@type\":\"WebSite\",\"@id\":\"https:\\\/\\\/shop.bantam.ch\\\/de\\\/#website\",\"url\":\"https:\\\/\\\/shop.bantam.ch\\\/de\\\/\",\"name\":\"Bantam Camping AG\",\"description\":\"\",\"publisher\":{\"@id\":\"https:\\\/\\\/shop.bantam.ch\\\/de\\\/#organization\"},\"inLanguage\":\"de\"},{\"@type\":\"Organization\",\"@id\":\"https:\\\/\\\/shop.bantam.ch\\\/de\\\/#organization\",\"name\":\"Bantam Camping AG\",\"url\":\"https:\\\/\\\/shop.bantam.ch\\\/de\\\/\",\"logo\":{\"@type\":\"ImageObject\",\"inLanguage\":\"de\",\"@id\":\"https:\\\/\\\/shop.bantam.ch\\\/de\\\/#\\\/schema\\\/logo\\\/image\\\/\",\"url\":\"https:\\\/\\\/shop.bantam.ch\\\/wp-content\\\/uploads\\\/2022\\\/12\\\/bantam-logo.png\",\"contentUrl\":\"https:\\\/\\\/shop.bantam.ch\\\/wp-content\\\/uploads\\\/2022\\\/12\\\/bantam-logo.png\",\"width\":320,\"height\":71,\"caption\":\"Bantam Camping AG\"},\"image\":{\"@id\":\"https:\\\/\\\/shop.bantam.ch\\\/de\\\/#\\\/schema\\\/logo\\\/image\\\/\"}}]}<\/script>\n<!-- \/ Yoast SEO plugin. -->","yoast_head_json":{"title":"Feuerdesign Teide Fuchsia - Bantam Camping AG","robots":{"index":"index","follow":"follow","max-snippet":"max-snippet:-1","max-image-preview":"max-image-preview:large","max-video-preview":"max-video-preview:-1"},"canonical":"https:\/\/shop.bantam.ch\/de\/produkt\/feuerdesign-teide-fuchsia\/","og_locale":"de_DE","og_type":"article","og_title":"Feuerdesign Teide Fuchsia - Bantam Camping AG","og_description":"Holzkohle Tischgrill mit Edelstahl\/Silikon Grillzange Mit herausnehmbaren und \u00fcber USB-Kabel wieder aufladbaren L\u00fcfter, f\u00fcr schnelles Anz\u00fcnden, regelbare Temperatur und bis zu 4 Stunden Grillzeit Quadratische Formgebung, 34 x 34 cm, erm\u00f6glicht optimale Nutzung der Grillfl\u00e4che f\u00fcr bis zu 6 Personen. Flache Bauweise (21 cm hoch) f\u00fcr ein leichtes Handling beim Grillen am Tisch. Holzkohlekorb mit [&hellip;]","og_url":"https:\/\/shop.bantam.ch\/de\/produkt\/feuerdesign-teide-fuchsia\/","og_site_name":"Bantam Camping AG","article_modified_time":"2026-04-17T20:54:18+00:00","og_image":[{"width":600,"height":399,"url":"https:\/\/shop.bantam.ch\/wp-content\/uploads\/2024\/04\/Teide-Fuchsia8kAGk0rr0SduT_600x600.jpg","type":"image\/jpeg"}],"twitter_card":"summary_large_image","twitter_misc":{"Gesch\u00e4tzte Lesezeit":"1\u00a0Minute"},"schema":{"@context":"https:\/\/schema.org","@graph":[{"@type":"WebPage","@id":"https:\/\/shop.bantam.ch\/de\/produkt\/feuerdesign-teide-fuchsia\/","url":"https:\/\/shop.bantam.ch\/de\/produkt\/feuerdesign-teide-fuchsia\/","name":"Feuerdesign Teide Fuchsia - Bantam Camping AG","isPartOf":{"@id":"https:\/\/shop.bantam.ch\/de\/#website"},"primaryImageOfPage":{"@id":"https:\/\/shop.bantam.ch\/de\/produkt\/feuerdesign-teide-fuchsia\/#primaryimage"},"image":{"@id":"https:\/\/shop.bantam.ch\/de\/produkt\/feuerdesign-teide-fuchsia\/#primaryimage"},"thumbnailUrl":"https:\/\/shop.bantam.ch\/wp-content\/uploads\/2024\/04\/Teide-Fuchsia8kAGk0rr0SduT_600x600.jpg","datePublished":"2024-04-02T07:58:10+00:00","dateModified":"2026-04-17T20:54:18+00:00","breadcrumb":{"@id":"https:\/\/shop.bantam.ch\/de\/produkt\/feuerdesign-teide-fuchsia\/#breadcrumb"},"inLanguage":"de","potentialAction":[{"@type":"ReadAction","target":["https:\/\/shop.bantam.ch\/de\/produkt\/feuerdesign-teide-fuchsia\/"]}]},{"@type":"ImageObject","inLanguage":"de","@id":"https:\/\/shop.bantam.ch\/de\/produkt\/feuerdesign-teide-fuchsia\/#primaryimage","url":"https:\/\/shop.bantam.ch\/wp-content\/uploads\/2024\/04\/Teide-Fuchsia8kAGk0rr0SduT_600x600.jpg","contentUrl":"https:\/\/shop.bantam.ch\/wp-content\/uploads\/2024\/04\/Teide-Fuchsia8kAGk0rr0SduT_600x600.jpg","width":600,"height":399},{"@type":"BreadcrumbList","@id":"https:\/\/shop.bantam.ch\/de\/produkt\/feuerdesign-teide-fuchsia\/#breadcrumb","itemListElement":[{"@type":"ListItem","position":1,"name":"Accueil","item":"https:\/\/shop.bantam.ch\/de\/"},{"@type":"ListItem","position":2,"name":"Shop","item":"https:\/\/shop.bantam.ch\/de\/shop\/"},{"@type":"ListItem","position":3,"name":"Feuerdesign Teide Fuchsia"}]},{"@type":"WebSite","@id":"https:\/\/shop.bantam.ch\/de\/#website","url":"https:\/\/shop.bantam.ch\/de\/","name":"Bantam Camping AG","description":"","publisher":{"@id":"https:\/\/shop.bantam.ch\/de\/#organization"},"inLanguage":"de"},{"@type":"Organization","@id":"https:\/\/shop.bantam.ch\/de\/#organization","name":"Bantam Camping AG","url":"https:\/\/shop.bantam.ch\/de\/","logo":{"@type":"ImageObject","inLanguage":"de","@id":"https:\/\/shop.bantam.ch\/de\/#\/schema\/logo\/image\/","url":"https:\/\/shop.bantam.ch\/wp-content\/uploads\/2022\/12\/bantam-logo.png","contentUrl":"https:\/\/shop.bantam.ch\/wp-content\/uploads\/2022\/12\/bantam-logo.png","width":320,"height":71,"caption":"Bantam Camping AG"},"image":{"@id":"https:\/\/shop.bantam.ch\/de\/#\/schema\/logo\/image\/"}}]}},"_links":{"self":[{"href":"https:\/\/shop.bantam.ch\/de\/wp-json\/wp\/v2\/product\/190846","targetHints":{"allow":["GET"]}}],"collection":[{"href":"https:\/\/shop.bantam.ch\/de\/wp-json\/wp\/v2\/product"}],"about":[{"href":"https:\/\/shop.bantam.ch\/de\/wp-json\/wp\/v2\/types\/product"}],"wp:featuredmedia":[{"embeddable":true,"href":"https:\/\/shop.bantam.ch\/de\/wp-json\/wp\/v2\/media\/190844"}],"wp:attachment":[{"href":"https:\/\/shop.bantam.ch\/de\/wp-json\/wp\/v2\/media?parent=190846"}],"wp:term":[{"taxonomy":"product_featured_cat","embeddable":true,"href":"https:\/\/shop.bantam.ch\/de\/wp-json\/wp\/v2\/product_featured_cat?post=190846"},{"taxonomy":"product_brand","embeddable":true,"href":"https:\/\/shop.bantam.ch\/de\/wp-json\/wp\/v2\/product_brand?post=190846"},{"taxonomy":"product_cat","embeddable":true,"href":"https:\/\/shop.bantam.ch\/de\/wp-json\/wp\/v2\/product_cat?post=190846"},{"taxonomy":"product_tag","embeddable":true,"href":"https:\/\/shop.bantam.ch\/de\/wp-json\/wp\/v2\/product_tag?post=190846"}],"curies":[{"name":"wp","href":"https:\/\/api.w.org\/{rel}","templated":true}]}}