{"id":190458,"date":"2024-03-19T17:26:06","date_gmt":"2024-03-19T16:26:06","guid":{"rendered":"https:\/\/shop.bantam.ch\/produit\/dometic-cool-ice-ci-55-steinfarbe\/"},"modified":"2026-04-18T22:57:06","modified_gmt":"2026-04-18T20:57:06","slug":"dometic-cool-ice-ci-55-steinfarbe","status":"publish","type":"product","link":"https:\/\/shop.bantam.ch\/de\/produkt\/dometic-cool-ice-ci-55-steinfarbe\/","title":{"rendered":"DOMETIC Cool Ice CI 55 &#8211; Steinfarbe"},"content":{"rendered":"<p>Mit der K\u00fchlbox Dometic Cool-Ice CI 55 mit einem Fassungsverm\u00f6gen von 56 Litern k\u00f6nnen Sie mehrere Tage lang angeln, Boot fahren, Auto fahren, im Kastenwagen reisen oder campen, ohne sich Sorgen um die Aufbewahrung Ihrer Lebensmittel oder Getr\u00e4nke machen zu m\u00fcssen.<\/p>\n<p>Diese starre K\u00fchlbox l\u00e4sst sich mithilfe von zwei Klappgriffen mit Befestigungspunkten leicht transportieren und ist leistungsstark, leicht und sto\u00dffest. Ihre besonders effektive Isolierung sorgt je nach Wetter- und Einsatzbedingungen daf\u00fcr, dass Getr\u00e4nke, Lebensmittel, Fische, K\u00f6der und Wild k\u00fchl bleiben.<br \/>\nMa\u00dfe (B x H x T) 570 x 432 x 515 mm<br \/>\nGewicht 10.6kg<\/p>\n","protected":false},"excerpt":{"rendered":"<p>Mit der K\u00fchlbox Dometic Cool-Ice CI 55 mit einem Fassungsverm\u00f6gen von 56 Litern k\u00f6nnen Sie mehrere Tage lang angeln, Boot fahren, Auto fahren, im Kastenwagen reisen oder campen, ohne sich Sorgen um die Aufbewahrung Ihrer Lebensmittel oder Getr\u00e4nke machen zu m\u00fcssen. Diese starre K\u00fchlbox l\u00e4sst sich mithilfe von zwei Klappgriffen mit Befestigungspunkten leicht transportieren und [&hellip;]<\/p>\n","protected":false},"featured_media":190456,"template":"","meta":{"_acf_changed":false},"product_featured_cat":[5301],"product_brand":[3029],"product_cat":[5164],"product_tag":[],"class_list":{"0":"post-190458","1":"product","2":"type-product","3":"status-publish","4":"has-post-thumbnail","6":"product_featured_cat-promotions-etagnieres-fr","7":"product_brand-dometic-de","8":"product_cat-kuehlboxen-kuehlen-heizen","10":"first","11":"instock","12":"sale","13":"taxable","14":"shipping-taxable","15":"purchasable","16":"product-type-simple"},"acf":[],"yoast_head":"<!-- This site is optimized with the Yoast SEO plugin v27.4 - https:\/\/yoast.com\/product\/yoast-seo-wordpress\/ -->\n<title>DOMETIC Cool Ice CI 55 - Steinfarbe - Bantam Camping AG<\/title>\n<meta name=\"robots\" content=\"index, follow, max-snippet:-1, max-image-preview:large, max-video-preview:-1\" \/>\n<link rel=\"canonical\" href=\"https:\/\/shop.bantam.ch\/de\/produkt\/dometic-cool-ice-ci-55-steinfarbe\/\" \/>\n<meta property=\"og:locale\" content=\"de_DE\" \/>\n<meta property=\"og:type\" content=\"article\" \/>\n<meta property=\"og:title\" content=\"DOMETIC Cool Ice CI 55 - Steinfarbe - Bantam Camping AG\" \/>\n<meta property=\"og:description\" content=\"Mit der K\u00fchlbox Dometic Cool-Ice CI 55 mit einem Fassungsverm\u00f6gen von 56 Litern k\u00f6nnen Sie mehrere Tage lang angeln, Boot fahren, Auto fahren, im Kastenwagen reisen oder campen, ohne sich Sorgen um die Aufbewahrung Ihrer Lebensmittel oder Getr\u00e4nke machen zu m\u00fcssen. Diese starre K\u00fchlbox l\u00e4sst sich mithilfe von zwei Klappgriffen mit Befestigungspunkten leicht transportieren und [&hellip;]\" \/>\n<meta property=\"og:url\" content=\"https:\/\/shop.bantam.ch\/de\/produkt\/dometic-cool-ice-ci-55-steinfarbe\/\" \/>\n<meta property=\"og:site_name\" content=\"Bantam Camping AG\" \/>\n<meta property=\"article:modified_time\" content=\"2026-04-18T20:57:06+00:00\" \/>\n<meta property=\"og:image\" content=\"https:\/\/shop.bantam.ch\/wp-content\/uploads\/2024\/03\/glaciere-isotherme-71-l-ref-cool-ice-ci-70_ok-1.jpg\" \/>\n\t<meta property=\"og:image:width\" content=\"600\" \/>\n\t<meta property=\"og:image:height\" content=\"600\" \/>\n\t<meta property=\"og:image:type\" content=\"image\/jpeg\" \/>\n<meta name=\"twitter:card\" content=\"summary_large_image\" \/>\n<meta name=\"twitter:label1\" content=\"Gesch\u00e4tzte Lesezeit\" \/>\n\t<meta name=\"twitter:data1\" content=\"1\u00a0Minute\" \/>\n<script type=\"application\/ld+json\" class=\"yoast-schema-graph\">{\"@context\":\"https:\\\/\\\/schema.org\",\"@graph\":[{\"@type\":\"WebPage\",\"@id\":\"https:\\\/\\\/shop.bantam.ch\\\/de\\\/produkt\\\/dometic-cool-ice-ci-55-steinfarbe\\\/\",\"url\":\"https:\\\/\\\/shop.bantam.ch\\\/de\\\/produkt\\\/dometic-cool-ice-ci-55-steinfarbe\\\/\",\"name\":\"DOMETIC Cool Ice CI 55 - Steinfarbe - Bantam Camping AG\",\"isPartOf\":{\"@id\":\"https:\\\/\\\/shop.bantam.ch\\\/de\\\/#website\"},\"primaryImageOfPage\":{\"@id\":\"https:\\\/\\\/shop.bantam.ch\\\/de\\\/produkt\\\/dometic-cool-ice-ci-55-steinfarbe\\\/#primaryimage\"},\"image\":{\"@id\":\"https:\\\/\\\/shop.bantam.ch\\\/de\\\/produkt\\\/dometic-cool-ice-ci-55-steinfarbe\\\/#primaryimage\"},\"thumbnailUrl\":\"https:\\\/\\\/shop.bantam.ch\\\/wp-content\\\/uploads\\\/2024\\\/03\\\/glaciere-isotherme-71-l-ref-cool-ice-ci-70_ok-1.jpg\",\"datePublished\":\"2024-03-19T16:26:06+00:00\",\"dateModified\":\"2026-04-18T20:57:06+00:00\",\"breadcrumb\":{\"@id\":\"https:\\\/\\\/shop.bantam.ch\\\/de\\\/produkt\\\/dometic-cool-ice-ci-55-steinfarbe\\\/#breadcrumb\"},\"inLanguage\":\"de\",\"potentialAction\":[{\"@type\":\"ReadAction\",\"target\":[\"https:\\\/\\\/shop.bantam.ch\\\/de\\\/produkt\\\/dometic-cool-ice-ci-55-steinfarbe\\\/\"]}]},{\"@type\":\"ImageObject\",\"inLanguage\":\"de\",\"@id\":\"https:\\\/\\\/shop.bantam.ch\\\/de\\\/produkt\\\/dometic-cool-ice-ci-55-steinfarbe\\\/#primaryimage\",\"url\":\"https:\\\/\\\/shop.bantam.ch\\\/wp-content\\\/uploads\\\/2024\\\/03\\\/glaciere-isotherme-71-l-ref-cool-ice-ci-70_ok-1.jpg\",\"contentUrl\":\"https:\\\/\\\/shop.bantam.ch\\\/wp-content\\\/uploads\\\/2024\\\/03\\\/glaciere-isotherme-71-l-ref-cool-ice-ci-70_ok-1.jpg\",\"width\":600,\"height\":600},{\"@type\":\"BreadcrumbList\",\"@id\":\"https:\\\/\\\/shop.bantam.ch\\\/de\\\/produkt\\\/dometic-cool-ice-ci-55-steinfarbe\\\/#breadcrumb\",\"itemListElement\":[{\"@type\":\"ListItem\",\"position\":1,\"name\":\"Accueil\",\"item\":\"https:\\\/\\\/shop.bantam.ch\\\/de\\\/\"},{\"@type\":\"ListItem\",\"position\":2,\"name\":\"Shop\",\"item\":\"https:\\\/\\\/shop.bantam.ch\\\/de\\\/shop\\\/\"},{\"@type\":\"ListItem\",\"position\":3,\"name\":\"DOMETIC Cool Ice CI 55 &#8211; Steinfarbe\"}]},{\"@type\":\"WebSite\",\"@id\":\"https:\\\/\\\/shop.bantam.ch\\\/de\\\/#website\",\"url\":\"https:\\\/\\\/shop.bantam.ch\\\/de\\\/\",\"name\":\"Bantam Camping AG\",\"description\":\"\",\"publisher\":{\"@id\":\"https:\\\/\\\/shop.bantam.ch\\\/de\\\/#organization\"},\"inLanguage\":\"de\"},{\"@type\":\"Organization\",\"@id\":\"https:\\\/\\\/shop.bantam.ch\\\/de\\\/#organization\",\"name\":\"Bantam Camping AG\",\"url\":\"https:\\\/\\\/shop.bantam.ch\\\/de\\\/\",\"logo\":{\"@type\":\"ImageObject\",\"inLanguage\":\"de\",\"@id\":\"https:\\\/\\\/shop.bantam.ch\\\/de\\\/#\\\/schema\\\/logo\\\/image\\\/\",\"url\":\"https:\\\/\\\/shop.bantam.ch\\\/wp-content\\\/uploads\\\/2022\\\/12\\\/bantam-logo.png\",\"contentUrl\":\"https:\\\/\\\/shop.bantam.ch\\\/wp-content\\\/uploads\\\/2022\\\/12\\\/bantam-logo.png\",\"width\":320,\"height\":71,\"caption\":\"Bantam Camping AG\"},\"image\":{\"@id\":\"https:\\\/\\\/shop.bantam.ch\\\/de\\\/#\\\/schema\\\/logo\\\/image\\\/\"}}]}<\/script>\n<!-- \/ Yoast SEO plugin. -->","yoast_head_json":{"title":"DOMETIC Cool Ice CI 55 - Steinfarbe - Bantam Camping AG","robots":{"index":"index","follow":"follow","max-snippet":"max-snippet:-1","max-image-preview":"max-image-preview:large","max-video-preview":"max-video-preview:-1"},"canonical":"https:\/\/shop.bantam.ch\/de\/produkt\/dometic-cool-ice-ci-55-steinfarbe\/","og_locale":"de_DE","og_type":"article","og_title":"DOMETIC Cool Ice CI 55 - Steinfarbe - Bantam Camping AG","og_description":"Mit der K\u00fchlbox Dometic Cool-Ice CI 55 mit einem Fassungsverm\u00f6gen von 56 Litern k\u00f6nnen Sie mehrere Tage lang angeln, Boot fahren, Auto fahren, im Kastenwagen reisen oder campen, ohne sich Sorgen um die Aufbewahrung Ihrer Lebensmittel oder Getr\u00e4nke machen zu m\u00fcssen. Diese starre K\u00fchlbox l\u00e4sst sich mithilfe von zwei Klappgriffen mit Befestigungspunkten leicht transportieren und [&hellip;]","og_url":"https:\/\/shop.bantam.ch\/de\/produkt\/dometic-cool-ice-ci-55-steinfarbe\/","og_site_name":"Bantam Camping AG","article_modified_time":"2026-04-18T20:57:06+00:00","og_image":[{"width":600,"height":600,"url":"https:\/\/shop.bantam.ch\/wp-content\/uploads\/2024\/03\/glaciere-isotherme-71-l-ref-cool-ice-ci-70_ok-1.jpg","type":"image\/jpeg"}],"twitter_card":"summary_large_image","twitter_misc":{"Gesch\u00e4tzte Lesezeit":"1\u00a0Minute"},"schema":{"@context":"https:\/\/schema.org","@graph":[{"@type":"WebPage","@id":"https:\/\/shop.bantam.ch\/de\/produkt\/dometic-cool-ice-ci-55-steinfarbe\/","url":"https:\/\/shop.bantam.ch\/de\/produkt\/dometic-cool-ice-ci-55-steinfarbe\/","name":"DOMETIC Cool Ice CI 55 - Steinfarbe - Bantam Camping AG","isPartOf":{"@id":"https:\/\/shop.bantam.ch\/de\/#website"},"primaryImageOfPage":{"@id":"https:\/\/shop.bantam.ch\/de\/produkt\/dometic-cool-ice-ci-55-steinfarbe\/#primaryimage"},"image":{"@id":"https:\/\/shop.bantam.ch\/de\/produkt\/dometic-cool-ice-ci-55-steinfarbe\/#primaryimage"},"thumbnailUrl":"https:\/\/shop.bantam.ch\/wp-content\/uploads\/2024\/03\/glaciere-isotherme-71-l-ref-cool-ice-ci-70_ok-1.jpg","datePublished":"2024-03-19T16:26:06+00:00","dateModified":"2026-04-18T20:57:06+00:00","breadcrumb":{"@id":"https:\/\/shop.bantam.ch\/de\/produkt\/dometic-cool-ice-ci-55-steinfarbe\/#breadcrumb"},"inLanguage":"de","potentialAction":[{"@type":"ReadAction","target":["https:\/\/shop.bantam.ch\/de\/produkt\/dometic-cool-ice-ci-55-steinfarbe\/"]}]},{"@type":"ImageObject","inLanguage":"de","@id":"https:\/\/shop.bantam.ch\/de\/produkt\/dometic-cool-ice-ci-55-steinfarbe\/#primaryimage","url":"https:\/\/shop.bantam.ch\/wp-content\/uploads\/2024\/03\/glaciere-isotherme-71-l-ref-cool-ice-ci-70_ok-1.jpg","contentUrl":"https:\/\/shop.bantam.ch\/wp-content\/uploads\/2024\/03\/glaciere-isotherme-71-l-ref-cool-ice-ci-70_ok-1.jpg","width":600,"height":600},{"@type":"BreadcrumbList","@id":"https:\/\/shop.bantam.ch\/de\/produkt\/dometic-cool-ice-ci-55-steinfarbe\/#breadcrumb","itemListElement":[{"@type":"ListItem","position":1,"name":"Accueil","item":"https:\/\/shop.bantam.ch\/de\/"},{"@type":"ListItem","position":2,"name":"Shop","item":"https:\/\/shop.bantam.ch\/de\/shop\/"},{"@type":"ListItem","position":3,"name":"DOMETIC Cool Ice CI 55 &#8211; Steinfarbe"}]},{"@type":"WebSite","@id":"https:\/\/shop.bantam.ch\/de\/#website","url":"https:\/\/shop.bantam.ch\/de\/","name":"Bantam Camping AG","description":"","publisher":{"@id":"https:\/\/shop.bantam.ch\/de\/#organization"},"inLanguage":"de"},{"@type":"Organization","@id":"https:\/\/shop.bantam.ch\/de\/#organization","name":"Bantam Camping AG","url":"https:\/\/shop.bantam.ch\/de\/","logo":{"@type":"ImageObject","inLanguage":"de","@id":"https:\/\/shop.bantam.ch\/de\/#\/schema\/logo\/image\/","url":"https:\/\/shop.bantam.ch\/wp-content\/uploads\/2022\/12\/bantam-logo.png","contentUrl":"https:\/\/shop.bantam.ch\/wp-content\/uploads\/2022\/12\/bantam-logo.png","width":320,"height":71,"caption":"Bantam Camping AG"},"image":{"@id":"https:\/\/shop.bantam.ch\/de\/#\/schema\/logo\/image\/"}}]}},"_links":{"self":[{"href":"https:\/\/shop.bantam.ch\/de\/wp-json\/wp\/v2\/product\/190458","targetHints":{"allow":["GET"]}}],"collection":[{"href":"https:\/\/shop.bantam.ch\/de\/wp-json\/wp\/v2\/product"}],"about":[{"href":"https:\/\/shop.bantam.ch\/de\/wp-json\/wp\/v2\/types\/product"}],"wp:featuredmedia":[{"embeddable":true,"href":"https:\/\/shop.bantam.ch\/de\/wp-json\/wp\/v2\/media\/190456"}],"wp:attachment":[{"href":"https:\/\/shop.bantam.ch\/de\/wp-json\/wp\/v2\/media?parent=190458"}],"wp:term":[{"taxonomy":"product_featured_cat","embeddable":true,"href":"https:\/\/shop.bantam.ch\/de\/wp-json\/wp\/v2\/product_featured_cat?post=190458"},{"taxonomy":"product_brand","embeddable":true,"href":"https:\/\/shop.bantam.ch\/de\/wp-json\/wp\/v2\/product_brand?post=190458"},{"taxonomy":"product_cat","embeddable":true,"href":"https:\/\/shop.bantam.ch\/de\/wp-json\/wp\/v2\/product_cat?post=190458"},{"taxonomy":"product_tag","embeddable":true,"href":"https:\/\/shop.bantam.ch\/de\/wp-json\/wp\/v2\/product_tag?post=190458"}],"curies":[{"name":"wp","href":"https:\/\/api.w.org\/{rel}","templated":true}]}}