{"id":190441,"date":"2024-03-19T16:22:27","date_gmt":"2024-03-19T15:22:27","guid":{"rendered":"https:\/\/shop.bantam.ch\/produit\/cool-ice-wci-33-dometic\/"},"modified":"2026-04-17T22:54:11","modified_gmt":"2026-04-17T20:54:11","slug":"cool-ice-wci-33-dometic","status":"publish","type":"product","link":"https:\/\/shop.bantam.ch\/de\/produkt\/cool-ice-wci-33-dometic\/","title":{"rendered":"Cool ICE WCI 33 Dometic"},"content":{"rendered":"<p>Diese \u00e4u\u00dferst effiziente und leichte K\u00fchlbox h\u00e4lt das Eis mehrere Tage lang. Sie verf\u00fcgt \u00fcber eine dicke Schaumstoffisolierung in K\u00fchlqualit\u00e4t und eine spezielle Labyrinthdichtung. Nehmen Sie eine eiskalte Erfrischung mit, wohin Sie auch gehen!<\/p>\n<p>Dicke Isolierung und eine speziell entwickelte Dichtung halten das Eis l\u00e4nger frisch.<br \/>\nHygienisch und leicht zu reinigen mit gro\u00dfem Abflussstopfen.<br \/>\nLeicht und einfach zu transportieren dank des stabilen Schultergurts.<br \/>\nRobuste und widerstandsf\u00e4hige Konstruktion aus lebensmittelechtem Polyethylen.<br \/>\nIntegrierte F\u00fc\u00dfe aus Polyethylen<br \/>\nLanglebige integrierte Scharniere mit Edelstahlgest\u00e4nge, stabilen Nylonverschl\u00fcssen und Edelstahl-Befestigungsschrauben<br \/>\nAbmessungen H x B x T (mm) 445 x 375 x 420<br \/>\nGewicht (kg) 6,10<\/p>\n","protected":false},"excerpt":{"rendered":"<p>Diese \u00e4u\u00dferst effiziente und leichte K\u00fchlbox h\u00e4lt das Eis mehrere Tage lang. Sie verf\u00fcgt \u00fcber eine dicke Schaumstoffisolierung in K\u00fchlqualit\u00e4t und eine spezielle Labyrinthdichtung. Nehmen Sie eine eiskalte Erfrischung mit, wohin Sie auch gehen! Dicke Isolierung und eine speziell entwickelte Dichtung halten das Eis l\u00e4nger frisch. Hygienisch und leicht zu reinigen mit gro\u00dfem Abflussstopfen. Leicht [&hellip;]<\/p>\n","protected":false},"featured_media":190439,"template":"","meta":{"_acf_changed":false},"product_featured_cat":[1889],"product_brand":[3029],"product_cat":[4086],"product_tag":[],"class_list":{"0":"post-190441","1":"product","2":"type-product","3":"status-publish","4":"has-post-thumbnail","6":"product_featured_cat-dometic-kuehlboxen","7":"product_brand-dometic-de","8":"product_cat-passiv-kuehlboxen-taschen","10":"first","11":"instock","12":"taxable","13":"shipping-taxable","14":"purchasable","15":"product-type-simple"},"acf":[],"yoast_head":"<!-- This site is optimized with the Yoast SEO plugin v27.4 - https:\/\/yoast.com\/product\/yoast-seo-wordpress\/ -->\n<title>Cool ICE WCI 33 Dometic - Bantam Camping AG<\/title>\n<meta name=\"robots\" content=\"index, follow, max-snippet:-1, max-image-preview:large, max-video-preview:-1\" \/>\n<link rel=\"canonical\" href=\"https:\/\/shop.bantam.ch\/de\/produkt\/cool-ice-wci-33-dometic\/\" \/>\n<meta property=\"og:locale\" content=\"de_DE\" \/>\n<meta property=\"og:type\" content=\"article\" \/>\n<meta property=\"og:title\" content=\"Cool ICE WCI 33 Dometic - Bantam Camping AG\" \/>\n<meta property=\"og:description\" content=\"Diese \u00e4u\u00dferst effiziente und leichte K\u00fchlbox h\u00e4lt das Eis mehrere Tage lang. Sie verf\u00fcgt \u00fcber eine dicke Schaumstoffisolierung in K\u00fchlqualit\u00e4t und eine spezielle Labyrinthdichtung. Nehmen Sie eine eiskalte Erfrischung mit, wohin Sie auch gehen! Dicke Isolierung und eine speziell entwickelte Dichtung halten das Eis l\u00e4nger frisch. Hygienisch und leicht zu reinigen mit gro\u00dfem Abflussstopfen. Leicht [&hellip;]\" \/>\n<meta property=\"og:url\" content=\"https:\/\/shop.bantam.ch\/de\/produkt\/cool-ice-wci-33-dometic\/\" \/>\n<meta property=\"og:site_name\" content=\"Bantam Camping AG\" \/>\n<meta property=\"article:modified_time\" content=\"2026-04-17T20:54:11+00:00\" \/>\n<meta property=\"og:image\" content=\"https:\/\/shop.bantam.ch\/wp-content\/uploads\/2024\/03\/dometic-cool-ice-wci-33_9600000502_54510.png\" \/>\n\t<meta property=\"og:image:width\" content=\"640\" \/>\n\t<meta property=\"og:image:height\" content=\"640\" \/>\n\t<meta property=\"og:image:type\" content=\"image\/png\" \/>\n<meta name=\"twitter:card\" content=\"summary_large_image\" \/>\n<meta name=\"twitter:label1\" content=\"Gesch\u00e4tzte Lesezeit\" \/>\n\t<meta name=\"twitter:data1\" content=\"1\u00a0Minute\" \/>\n<script type=\"application\/ld+json\" class=\"yoast-schema-graph\">{\"@context\":\"https:\\\/\\\/schema.org\",\"@graph\":[{\"@type\":\"WebPage\",\"@id\":\"https:\\\/\\\/shop.bantam.ch\\\/de\\\/produkt\\\/cool-ice-wci-33-dometic\\\/\",\"url\":\"https:\\\/\\\/shop.bantam.ch\\\/de\\\/produkt\\\/cool-ice-wci-33-dometic\\\/\",\"name\":\"Cool ICE WCI 33 Dometic - Bantam Camping AG\",\"isPartOf\":{\"@id\":\"https:\\\/\\\/shop.bantam.ch\\\/de\\\/#website\"},\"primaryImageOfPage\":{\"@id\":\"https:\\\/\\\/shop.bantam.ch\\\/de\\\/produkt\\\/cool-ice-wci-33-dometic\\\/#primaryimage\"},\"image\":{\"@id\":\"https:\\\/\\\/shop.bantam.ch\\\/de\\\/produkt\\\/cool-ice-wci-33-dometic\\\/#primaryimage\"},\"thumbnailUrl\":\"https:\\\/\\\/shop.bantam.ch\\\/wp-content\\\/uploads\\\/2024\\\/03\\\/dometic-cool-ice-wci-33_9600000502_54510.png\",\"datePublished\":\"2024-03-19T15:22:27+00:00\",\"dateModified\":\"2026-04-17T20:54:11+00:00\",\"breadcrumb\":{\"@id\":\"https:\\\/\\\/shop.bantam.ch\\\/de\\\/produkt\\\/cool-ice-wci-33-dometic\\\/#breadcrumb\"},\"inLanguage\":\"de\",\"potentialAction\":[{\"@type\":\"ReadAction\",\"target\":[\"https:\\\/\\\/shop.bantam.ch\\\/de\\\/produkt\\\/cool-ice-wci-33-dometic\\\/\"]}]},{\"@type\":\"ImageObject\",\"inLanguage\":\"de\",\"@id\":\"https:\\\/\\\/shop.bantam.ch\\\/de\\\/produkt\\\/cool-ice-wci-33-dometic\\\/#primaryimage\",\"url\":\"https:\\\/\\\/shop.bantam.ch\\\/wp-content\\\/uploads\\\/2024\\\/03\\\/dometic-cool-ice-wci-33_9600000502_54510.png\",\"contentUrl\":\"https:\\\/\\\/shop.bantam.ch\\\/wp-content\\\/uploads\\\/2024\\\/03\\\/dometic-cool-ice-wci-33_9600000502_54510.png\",\"width\":640,\"height\":640},{\"@type\":\"BreadcrumbList\",\"@id\":\"https:\\\/\\\/shop.bantam.ch\\\/de\\\/produkt\\\/cool-ice-wci-33-dometic\\\/#breadcrumb\",\"itemListElement\":[{\"@type\":\"ListItem\",\"position\":1,\"name\":\"Accueil\",\"item\":\"https:\\\/\\\/shop.bantam.ch\\\/de\\\/\"},{\"@type\":\"ListItem\",\"position\":2,\"name\":\"Shop\",\"item\":\"https:\\\/\\\/shop.bantam.ch\\\/de\\\/shop\\\/\"},{\"@type\":\"ListItem\",\"position\":3,\"name\":\"Cool ICE WCI 33 Dometic\"}]},{\"@type\":\"WebSite\",\"@id\":\"https:\\\/\\\/shop.bantam.ch\\\/de\\\/#website\",\"url\":\"https:\\\/\\\/shop.bantam.ch\\\/de\\\/\",\"name\":\"Bantam Camping AG\",\"description\":\"\",\"publisher\":{\"@id\":\"https:\\\/\\\/shop.bantam.ch\\\/de\\\/#organization\"},\"inLanguage\":\"de\"},{\"@type\":\"Organization\",\"@id\":\"https:\\\/\\\/shop.bantam.ch\\\/de\\\/#organization\",\"name\":\"Bantam Camping AG\",\"url\":\"https:\\\/\\\/shop.bantam.ch\\\/de\\\/\",\"logo\":{\"@type\":\"ImageObject\",\"inLanguage\":\"de\",\"@id\":\"https:\\\/\\\/shop.bantam.ch\\\/de\\\/#\\\/schema\\\/logo\\\/image\\\/\",\"url\":\"https:\\\/\\\/shop.bantam.ch\\\/wp-content\\\/uploads\\\/2022\\\/12\\\/bantam-logo.png\",\"contentUrl\":\"https:\\\/\\\/shop.bantam.ch\\\/wp-content\\\/uploads\\\/2022\\\/12\\\/bantam-logo.png\",\"width\":320,\"height\":71,\"caption\":\"Bantam Camping AG\"},\"image\":{\"@id\":\"https:\\\/\\\/shop.bantam.ch\\\/de\\\/#\\\/schema\\\/logo\\\/image\\\/\"}}]}<\/script>\n<!-- \/ Yoast SEO plugin. -->","yoast_head_json":{"title":"Cool ICE WCI 33 Dometic - Bantam Camping AG","robots":{"index":"index","follow":"follow","max-snippet":"max-snippet:-1","max-image-preview":"max-image-preview:large","max-video-preview":"max-video-preview:-1"},"canonical":"https:\/\/shop.bantam.ch\/de\/produkt\/cool-ice-wci-33-dometic\/","og_locale":"de_DE","og_type":"article","og_title":"Cool ICE WCI 33 Dometic - Bantam Camping AG","og_description":"Diese \u00e4u\u00dferst effiziente und leichte K\u00fchlbox h\u00e4lt das Eis mehrere Tage lang. Sie verf\u00fcgt \u00fcber eine dicke Schaumstoffisolierung in K\u00fchlqualit\u00e4t und eine spezielle Labyrinthdichtung. Nehmen Sie eine eiskalte Erfrischung mit, wohin Sie auch gehen! Dicke Isolierung und eine speziell entwickelte Dichtung halten das Eis l\u00e4nger frisch. Hygienisch und leicht zu reinigen mit gro\u00dfem Abflussstopfen. Leicht [&hellip;]","og_url":"https:\/\/shop.bantam.ch\/de\/produkt\/cool-ice-wci-33-dometic\/","og_site_name":"Bantam Camping AG","article_modified_time":"2026-04-17T20:54:11+00:00","og_image":[{"width":640,"height":640,"url":"https:\/\/shop.bantam.ch\/wp-content\/uploads\/2024\/03\/dometic-cool-ice-wci-33_9600000502_54510.png","type":"image\/png"}],"twitter_card":"summary_large_image","twitter_misc":{"Gesch\u00e4tzte Lesezeit":"1\u00a0Minute"},"schema":{"@context":"https:\/\/schema.org","@graph":[{"@type":"WebPage","@id":"https:\/\/shop.bantam.ch\/de\/produkt\/cool-ice-wci-33-dometic\/","url":"https:\/\/shop.bantam.ch\/de\/produkt\/cool-ice-wci-33-dometic\/","name":"Cool ICE WCI 33 Dometic - Bantam Camping AG","isPartOf":{"@id":"https:\/\/shop.bantam.ch\/de\/#website"},"primaryImageOfPage":{"@id":"https:\/\/shop.bantam.ch\/de\/produkt\/cool-ice-wci-33-dometic\/#primaryimage"},"image":{"@id":"https:\/\/shop.bantam.ch\/de\/produkt\/cool-ice-wci-33-dometic\/#primaryimage"},"thumbnailUrl":"https:\/\/shop.bantam.ch\/wp-content\/uploads\/2024\/03\/dometic-cool-ice-wci-33_9600000502_54510.png","datePublished":"2024-03-19T15:22:27+00:00","dateModified":"2026-04-17T20:54:11+00:00","breadcrumb":{"@id":"https:\/\/shop.bantam.ch\/de\/produkt\/cool-ice-wci-33-dometic\/#breadcrumb"},"inLanguage":"de","potentialAction":[{"@type":"ReadAction","target":["https:\/\/shop.bantam.ch\/de\/produkt\/cool-ice-wci-33-dometic\/"]}]},{"@type":"ImageObject","inLanguage":"de","@id":"https:\/\/shop.bantam.ch\/de\/produkt\/cool-ice-wci-33-dometic\/#primaryimage","url":"https:\/\/shop.bantam.ch\/wp-content\/uploads\/2024\/03\/dometic-cool-ice-wci-33_9600000502_54510.png","contentUrl":"https:\/\/shop.bantam.ch\/wp-content\/uploads\/2024\/03\/dometic-cool-ice-wci-33_9600000502_54510.png","width":640,"height":640},{"@type":"BreadcrumbList","@id":"https:\/\/shop.bantam.ch\/de\/produkt\/cool-ice-wci-33-dometic\/#breadcrumb","itemListElement":[{"@type":"ListItem","position":1,"name":"Accueil","item":"https:\/\/shop.bantam.ch\/de\/"},{"@type":"ListItem","position":2,"name":"Shop","item":"https:\/\/shop.bantam.ch\/de\/shop\/"},{"@type":"ListItem","position":3,"name":"Cool ICE WCI 33 Dometic"}]},{"@type":"WebSite","@id":"https:\/\/shop.bantam.ch\/de\/#website","url":"https:\/\/shop.bantam.ch\/de\/","name":"Bantam Camping AG","description":"","publisher":{"@id":"https:\/\/shop.bantam.ch\/de\/#organization"},"inLanguage":"de"},{"@type":"Organization","@id":"https:\/\/shop.bantam.ch\/de\/#organization","name":"Bantam Camping AG","url":"https:\/\/shop.bantam.ch\/de\/","logo":{"@type":"ImageObject","inLanguage":"de","@id":"https:\/\/shop.bantam.ch\/de\/#\/schema\/logo\/image\/","url":"https:\/\/shop.bantam.ch\/wp-content\/uploads\/2022\/12\/bantam-logo.png","contentUrl":"https:\/\/shop.bantam.ch\/wp-content\/uploads\/2022\/12\/bantam-logo.png","width":320,"height":71,"caption":"Bantam Camping AG"},"image":{"@id":"https:\/\/shop.bantam.ch\/de\/#\/schema\/logo\/image\/"}}]}},"_links":{"self":[{"href":"https:\/\/shop.bantam.ch\/de\/wp-json\/wp\/v2\/product\/190441","targetHints":{"allow":["GET"]}}],"collection":[{"href":"https:\/\/shop.bantam.ch\/de\/wp-json\/wp\/v2\/product"}],"about":[{"href":"https:\/\/shop.bantam.ch\/de\/wp-json\/wp\/v2\/types\/product"}],"wp:featuredmedia":[{"embeddable":true,"href":"https:\/\/shop.bantam.ch\/de\/wp-json\/wp\/v2\/media\/190439"}],"wp:attachment":[{"href":"https:\/\/shop.bantam.ch\/de\/wp-json\/wp\/v2\/media?parent=190441"}],"wp:term":[{"taxonomy":"product_featured_cat","embeddable":true,"href":"https:\/\/shop.bantam.ch\/de\/wp-json\/wp\/v2\/product_featured_cat?post=190441"},{"taxonomy":"product_brand","embeddable":true,"href":"https:\/\/shop.bantam.ch\/de\/wp-json\/wp\/v2\/product_brand?post=190441"},{"taxonomy":"product_cat","embeddable":true,"href":"https:\/\/shop.bantam.ch\/de\/wp-json\/wp\/v2\/product_cat?post=190441"},{"taxonomy":"product_tag","embeddable":true,"href":"https:\/\/shop.bantam.ch\/de\/wp-json\/wp\/v2\/product_tag?post=190441"}],"curies":[{"name":"wp","href":"https:\/\/api.w.org\/{rel}","templated":true}]}}