{"id":190407,"date":"2024-03-19T10:21:00","date_gmt":"2024-03-19T09:21:00","guid":{"rendered":"https:\/\/shop.bantam.ch\/produit\/kompressorkuehl-und-gefrierbox-polarys-freeze-dz35-35-l-farbe-schwarz-grau\/"},"modified":"2026-04-18T22:56:57","modified_gmt":"2026-04-18T20:56:57","slug":"kompressorkuehl-und-gefrierbox-polarys-freeze-dz35-35-l-farbe-schwarz-grau","status":"publish","type":"product","link":"https:\/\/shop.bantam.ch\/de\/produkt\/kompressorkuehl-und-gefrierbox-polarys-freeze-dz35-35-l-farbe-schwarz-grau\/","title":{"rendered":"Kompressork\u00fchl- und Gefrierbox Polarys freeze DZ35 35 l, Farbe schwarz\/grau"},"content":{"rendered":"<p>Mit unseren neuen Dual Zone K\u00fchl-\/Gefrierboxen k\u00f6nnen Sie den Sommer ganz entspannt genie\u00dfen: Beeindruckende K\u00fchl- und Gefrierleistung gleichzeitig in einem Ger\u00e4t! Zwei separat einstellbare Temperaturbereiche (Dual Zone) und ein austauschbarer Akku (optional) machen die Polarys K\u00fchl-\/Gefrierboxen zu idealen Begleitern f\u00fcr alle Outdoor-Aktivit\u00e4ten, ohne dass Sie sich um die Stromversorgung k\u00fcmmern m\u00fcssen. Dar\u00fcber hinaus \u00fcberzeugen die tragbaren Polarys Freeze K\u00fchl-\/Gefrierboxen mit einer ganzen Reihe von attraktiven Details und n\u00fctzlichen Funktionen:<\/p>\n<p>Auswechselbarer Akku (optional) mit einer Laufzeit von 4 bis 24 Stunden.<br \/>\nZwei Innenf\u00e4cher (Dual Zone) mit individueller Temperaturregelung.<br \/>\nHochwertiger Kompressor f\u00fcr eine \u00fcberlegene K\u00fchlleistung.<br \/>\nDreistufiger Schutz des Akkus.<br \/>\nBetrieb mit DC\/AC<br \/>\nLanglebige und sto\u00dffeste Konstruktion<br \/>\nLCD-Bildschirm mit Touchscreen-Bedienung<br \/>\nAPP zur Einstellung der Temperatur.<br \/>\nGer\u00e4uscharmer Betrieb<br \/>\nDrehbarer Deckel erm\u00f6glicht das \u00d6ffnen von beiden Seiten.<br \/>\nCE\/RoHs-zertifiziert<br \/>\nIm Lieferumfang enthalten:<\/p>\n<p>Inklusive 1 DC-Anschlusskabel, 1 AC-Anschlusskabel, Bedienungsanleitung<\/p>\n","protected":false},"excerpt":{"rendered":"<p>Mit unseren neuen Dual Zone K\u00fchl-\/Gefrierboxen k\u00f6nnen Sie den Sommer ganz entspannt genie\u00dfen: Beeindruckende K\u00fchl- und Gefrierleistung gleichzeitig in einem Ger\u00e4t! Zwei separat einstellbare Temperaturbereiche (Dual Zone) und ein austauschbarer Akku (optional) machen die Polarys K\u00fchl-\/Gefrierboxen zu idealen Begleitern f\u00fcr alle Outdoor-Aktivit\u00e4ten, ohne dass Sie sich um die Stromversorgung k\u00fcmmern m\u00fcssen. Dar\u00fcber hinaus \u00fcberzeugen die [&hellip;]<\/p>\n","protected":false},"featured_media":207363,"template":"","meta":{"_acf_changed":false},"product_featured_cat":[1889],"product_brand":[3081],"product_cat":[4546],"product_tag":[],"class_list":{"0":"post-190407","1":"product","2":"type-product","3":"status-publish","4":"has-post-thumbnail","6":"product_featured_cat-dometic-kuehlboxen","7":"product_brand-brunner-de","8":"product_cat-kompressor-kuehlboxen-kuehlboxen","10":"first","11":"instock","12":"taxable","13":"shipping-taxable","14":"purchasable","15":"product-type-simple"},"acf":[],"yoast_head":"<!-- This site is optimized with the Yoast SEO plugin v27.4 - https:\/\/yoast.com\/product\/yoast-seo-wordpress\/ -->\n<title>Kompressork\u00fchl- und Gefrierbox Polarys freeze DZ35 35 l, Farbe schwarz\/grau - Bantam Camping AG<\/title>\n<meta name=\"robots\" content=\"index, follow, max-snippet:-1, max-image-preview:large, max-video-preview:-1\" \/>\n<link rel=\"canonical\" href=\"https:\/\/shop.bantam.ch\/de\/produkt\/kompressorkuehl-und-gefrierbox-polarys-freeze-dz35-35-l-farbe-schwarz-grau\/\" \/>\n<meta property=\"og:locale\" content=\"de_DE\" \/>\n<meta property=\"og:type\" content=\"article\" \/>\n<meta property=\"og:title\" content=\"Kompressork\u00fchl- und Gefrierbox Polarys freeze DZ35 35 l, Farbe schwarz\/grau - Bantam Camping AG\" \/>\n<meta property=\"og:description\" content=\"Mit unseren neuen Dual Zone K\u00fchl-\/Gefrierboxen k\u00f6nnen Sie den Sommer ganz entspannt genie\u00dfen: Beeindruckende K\u00fchl- und Gefrierleistung gleichzeitig in einem Ger\u00e4t! Zwei separat einstellbare Temperaturbereiche (Dual Zone) und ein austauschbarer Akku (optional) machen die Polarys K\u00fchl-\/Gefrierboxen zu idealen Begleitern f\u00fcr alle Outdoor-Aktivit\u00e4ten, ohne dass Sie sich um die Stromversorgung k\u00fcmmern m\u00fcssen. Dar\u00fcber hinaus \u00fcberzeugen die [&hellip;]\" \/>\n<meta property=\"og:url\" content=\"https:\/\/shop.bantam.ch\/de\/produkt\/kompressorkuehl-und-gefrierbox-polarys-freeze-dz35-35-l-farbe-schwarz-grau\/\" \/>\n<meta property=\"og:site_name\" content=\"Bantam Camping AG\" \/>\n<meta property=\"article:modified_time\" content=\"2026-04-18T20:56:57+00:00\" \/>\n<meta property=\"og:image\" content=\"https:\/\/shop.bantam.ch\/wp-content\/uploads\/2024\/09\/Movera-L-9963526100.jpg\" \/>\n\t<meta property=\"og:image:width\" content=\"640\" \/>\n\t<meta property=\"og:image:height\" content=\"551\" \/>\n\t<meta property=\"og:image:type\" content=\"image\/jpeg\" \/>\n<meta name=\"twitter:card\" content=\"summary_large_image\" \/>\n<meta name=\"twitter:label1\" content=\"Gesch\u00e4tzte Lesezeit\" \/>\n\t<meta name=\"twitter:data1\" content=\"1\u00a0Minute\" \/>\n<script type=\"application\/ld+json\" class=\"yoast-schema-graph\">{\"@context\":\"https:\\\/\\\/schema.org\",\"@graph\":[{\"@type\":\"WebPage\",\"@id\":\"https:\\\/\\\/shop.bantam.ch\\\/de\\\/produkt\\\/kompressorkuehl-und-gefrierbox-polarys-freeze-dz35-35-l-farbe-schwarz-grau\\\/\",\"url\":\"https:\\\/\\\/shop.bantam.ch\\\/de\\\/produkt\\\/kompressorkuehl-und-gefrierbox-polarys-freeze-dz35-35-l-farbe-schwarz-grau\\\/\",\"name\":\"Kompressork\u00fchl- und Gefrierbox Polarys freeze DZ35 35 l, Farbe schwarz\\\/grau - Bantam Camping AG\",\"isPartOf\":{\"@id\":\"https:\\\/\\\/shop.bantam.ch\\\/de\\\/#website\"},\"primaryImageOfPage\":{\"@id\":\"https:\\\/\\\/shop.bantam.ch\\\/de\\\/produkt\\\/kompressorkuehl-und-gefrierbox-polarys-freeze-dz35-35-l-farbe-schwarz-grau\\\/#primaryimage\"},\"image\":{\"@id\":\"https:\\\/\\\/shop.bantam.ch\\\/de\\\/produkt\\\/kompressorkuehl-und-gefrierbox-polarys-freeze-dz35-35-l-farbe-schwarz-grau\\\/#primaryimage\"},\"thumbnailUrl\":\"https:\\\/\\\/shop.bantam.ch\\\/wp-content\\\/uploads\\\/2024\\\/09\\\/Movera-L-9963526100.jpg\",\"datePublished\":\"2024-03-19T09:21:00+00:00\",\"dateModified\":\"2026-04-18T20:56:57+00:00\",\"breadcrumb\":{\"@id\":\"https:\\\/\\\/shop.bantam.ch\\\/de\\\/produkt\\\/kompressorkuehl-und-gefrierbox-polarys-freeze-dz35-35-l-farbe-schwarz-grau\\\/#breadcrumb\"},\"inLanguage\":\"de\",\"potentialAction\":[{\"@type\":\"ReadAction\",\"target\":[\"https:\\\/\\\/shop.bantam.ch\\\/de\\\/produkt\\\/kompressorkuehl-und-gefrierbox-polarys-freeze-dz35-35-l-farbe-schwarz-grau\\\/\"]}]},{\"@type\":\"ImageObject\",\"inLanguage\":\"de\",\"@id\":\"https:\\\/\\\/shop.bantam.ch\\\/de\\\/produkt\\\/kompressorkuehl-und-gefrierbox-polarys-freeze-dz35-35-l-farbe-schwarz-grau\\\/#primaryimage\",\"url\":\"https:\\\/\\\/shop.bantam.ch\\\/wp-content\\\/uploads\\\/2024\\\/09\\\/Movera-L-9963526100.jpg\",\"contentUrl\":\"https:\\\/\\\/shop.bantam.ch\\\/wp-content\\\/uploads\\\/2024\\\/09\\\/Movera-L-9963526100.jpg\",\"width\":640,\"height\":551},{\"@type\":\"BreadcrumbList\",\"@id\":\"https:\\\/\\\/shop.bantam.ch\\\/de\\\/produkt\\\/kompressorkuehl-und-gefrierbox-polarys-freeze-dz35-35-l-farbe-schwarz-grau\\\/#breadcrumb\",\"itemListElement\":[{\"@type\":\"ListItem\",\"position\":1,\"name\":\"Accueil\",\"item\":\"https:\\\/\\\/shop.bantam.ch\\\/de\\\/\"},{\"@type\":\"ListItem\",\"position\":2,\"name\":\"Shop\",\"item\":\"https:\\\/\\\/shop.bantam.ch\\\/de\\\/shop\\\/\"},{\"@type\":\"ListItem\",\"position\":3,\"name\":\"Kompressork\u00fchl- und Gefrierbox Polarys freeze DZ35 35 l, Farbe schwarz\\\/grau\"}]},{\"@type\":\"WebSite\",\"@id\":\"https:\\\/\\\/shop.bantam.ch\\\/de\\\/#website\",\"url\":\"https:\\\/\\\/shop.bantam.ch\\\/de\\\/\",\"name\":\"Bantam Camping AG\",\"description\":\"\",\"publisher\":{\"@id\":\"https:\\\/\\\/shop.bantam.ch\\\/de\\\/#organization\"},\"inLanguage\":\"de\"},{\"@type\":\"Organization\",\"@id\":\"https:\\\/\\\/shop.bantam.ch\\\/de\\\/#organization\",\"name\":\"Bantam Camping AG\",\"url\":\"https:\\\/\\\/shop.bantam.ch\\\/de\\\/\",\"logo\":{\"@type\":\"ImageObject\",\"inLanguage\":\"de\",\"@id\":\"https:\\\/\\\/shop.bantam.ch\\\/de\\\/#\\\/schema\\\/logo\\\/image\\\/\",\"url\":\"https:\\\/\\\/shop.bantam.ch\\\/wp-content\\\/uploads\\\/2022\\\/12\\\/bantam-logo.png\",\"contentUrl\":\"https:\\\/\\\/shop.bantam.ch\\\/wp-content\\\/uploads\\\/2022\\\/12\\\/bantam-logo.png\",\"width\":320,\"height\":71,\"caption\":\"Bantam Camping AG\"},\"image\":{\"@id\":\"https:\\\/\\\/shop.bantam.ch\\\/de\\\/#\\\/schema\\\/logo\\\/image\\\/\"}}]}<\/script>\n<!-- \/ Yoast SEO plugin. -->","yoast_head_json":{"title":"Kompressork\u00fchl- und Gefrierbox Polarys freeze DZ35 35 l, Farbe schwarz\/grau - Bantam Camping AG","robots":{"index":"index","follow":"follow","max-snippet":"max-snippet:-1","max-image-preview":"max-image-preview:large","max-video-preview":"max-video-preview:-1"},"canonical":"https:\/\/shop.bantam.ch\/de\/produkt\/kompressorkuehl-und-gefrierbox-polarys-freeze-dz35-35-l-farbe-schwarz-grau\/","og_locale":"de_DE","og_type":"article","og_title":"Kompressork\u00fchl- und Gefrierbox Polarys freeze DZ35 35 l, Farbe schwarz\/grau - Bantam Camping AG","og_description":"Mit unseren neuen Dual Zone K\u00fchl-\/Gefrierboxen k\u00f6nnen Sie den Sommer ganz entspannt genie\u00dfen: Beeindruckende K\u00fchl- und Gefrierleistung gleichzeitig in einem Ger\u00e4t! Zwei separat einstellbare Temperaturbereiche (Dual Zone) und ein austauschbarer Akku (optional) machen die Polarys K\u00fchl-\/Gefrierboxen zu idealen Begleitern f\u00fcr alle Outdoor-Aktivit\u00e4ten, ohne dass Sie sich um die Stromversorgung k\u00fcmmern m\u00fcssen. Dar\u00fcber hinaus \u00fcberzeugen die [&hellip;]","og_url":"https:\/\/shop.bantam.ch\/de\/produkt\/kompressorkuehl-und-gefrierbox-polarys-freeze-dz35-35-l-farbe-schwarz-grau\/","og_site_name":"Bantam Camping AG","article_modified_time":"2026-04-18T20:56:57+00:00","og_image":[{"width":640,"height":551,"url":"https:\/\/shop.bantam.ch\/wp-content\/uploads\/2024\/09\/Movera-L-9963526100.jpg","type":"image\/jpeg"}],"twitter_card":"summary_large_image","twitter_misc":{"Gesch\u00e4tzte Lesezeit":"1\u00a0Minute"},"schema":{"@context":"https:\/\/schema.org","@graph":[{"@type":"WebPage","@id":"https:\/\/shop.bantam.ch\/de\/produkt\/kompressorkuehl-und-gefrierbox-polarys-freeze-dz35-35-l-farbe-schwarz-grau\/","url":"https:\/\/shop.bantam.ch\/de\/produkt\/kompressorkuehl-und-gefrierbox-polarys-freeze-dz35-35-l-farbe-schwarz-grau\/","name":"Kompressork\u00fchl- und Gefrierbox Polarys freeze DZ35 35 l, Farbe schwarz\/grau - Bantam Camping AG","isPartOf":{"@id":"https:\/\/shop.bantam.ch\/de\/#website"},"primaryImageOfPage":{"@id":"https:\/\/shop.bantam.ch\/de\/produkt\/kompressorkuehl-und-gefrierbox-polarys-freeze-dz35-35-l-farbe-schwarz-grau\/#primaryimage"},"image":{"@id":"https:\/\/shop.bantam.ch\/de\/produkt\/kompressorkuehl-und-gefrierbox-polarys-freeze-dz35-35-l-farbe-schwarz-grau\/#primaryimage"},"thumbnailUrl":"https:\/\/shop.bantam.ch\/wp-content\/uploads\/2024\/09\/Movera-L-9963526100.jpg","datePublished":"2024-03-19T09:21:00+00:00","dateModified":"2026-04-18T20:56:57+00:00","breadcrumb":{"@id":"https:\/\/shop.bantam.ch\/de\/produkt\/kompressorkuehl-und-gefrierbox-polarys-freeze-dz35-35-l-farbe-schwarz-grau\/#breadcrumb"},"inLanguage":"de","potentialAction":[{"@type":"ReadAction","target":["https:\/\/shop.bantam.ch\/de\/produkt\/kompressorkuehl-und-gefrierbox-polarys-freeze-dz35-35-l-farbe-schwarz-grau\/"]}]},{"@type":"ImageObject","inLanguage":"de","@id":"https:\/\/shop.bantam.ch\/de\/produkt\/kompressorkuehl-und-gefrierbox-polarys-freeze-dz35-35-l-farbe-schwarz-grau\/#primaryimage","url":"https:\/\/shop.bantam.ch\/wp-content\/uploads\/2024\/09\/Movera-L-9963526100.jpg","contentUrl":"https:\/\/shop.bantam.ch\/wp-content\/uploads\/2024\/09\/Movera-L-9963526100.jpg","width":640,"height":551},{"@type":"BreadcrumbList","@id":"https:\/\/shop.bantam.ch\/de\/produkt\/kompressorkuehl-und-gefrierbox-polarys-freeze-dz35-35-l-farbe-schwarz-grau\/#breadcrumb","itemListElement":[{"@type":"ListItem","position":1,"name":"Accueil","item":"https:\/\/shop.bantam.ch\/de\/"},{"@type":"ListItem","position":2,"name":"Shop","item":"https:\/\/shop.bantam.ch\/de\/shop\/"},{"@type":"ListItem","position":3,"name":"Kompressork\u00fchl- und Gefrierbox Polarys freeze DZ35 35 l, Farbe schwarz\/grau"}]},{"@type":"WebSite","@id":"https:\/\/shop.bantam.ch\/de\/#website","url":"https:\/\/shop.bantam.ch\/de\/","name":"Bantam Camping AG","description":"","publisher":{"@id":"https:\/\/shop.bantam.ch\/de\/#organization"},"inLanguage":"de"},{"@type":"Organization","@id":"https:\/\/shop.bantam.ch\/de\/#organization","name":"Bantam Camping AG","url":"https:\/\/shop.bantam.ch\/de\/","logo":{"@type":"ImageObject","inLanguage":"de","@id":"https:\/\/shop.bantam.ch\/de\/#\/schema\/logo\/image\/","url":"https:\/\/shop.bantam.ch\/wp-content\/uploads\/2022\/12\/bantam-logo.png","contentUrl":"https:\/\/shop.bantam.ch\/wp-content\/uploads\/2022\/12\/bantam-logo.png","width":320,"height":71,"caption":"Bantam Camping AG"},"image":{"@id":"https:\/\/shop.bantam.ch\/de\/#\/schema\/logo\/image\/"}}]}},"_links":{"self":[{"href":"https:\/\/shop.bantam.ch\/de\/wp-json\/wp\/v2\/product\/190407","targetHints":{"allow":["GET"]}}],"collection":[{"href":"https:\/\/shop.bantam.ch\/de\/wp-json\/wp\/v2\/product"}],"about":[{"href":"https:\/\/shop.bantam.ch\/de\/wp-json\/wp\/v2\/types\/product"}],"wp:featuredmedia":[{"embeddable":true,"href":"https:\/\/shop.bantam.ch\/de\/wp-json\/wp\/v2\/media\/207363"}],"wp:attachment":[{"href":"https:\/\/shop.bantam.ch\/de\/wp-json\/wp\/v2\/media?parent=190407"}],"wp:term":[{"taxonomy":"product_featured_cat","embeddable":true,"href":"https:\/\/shop.bantam.ch\/de\/wp-json\/wp\/v2\/product_featured_cat?post=190407"},{"taxonomy":"product_brand","embeddable":true,"href":"https:\/\/shop.bantam.ch\/de\/wp-json\/wp\/v2\/product_brand?post=190407"},{"taxonomy":"product_cat","embeddable":true,"href":"https:\/\/shop.bantam.ch\/de\/wp-json\/wp\/v2\/product_cat?post=190407"},{"taxonomy":"product_tag","embeddable":true,"href":"https:\/\/shop.bantam.ch\/de\/wp-json\/wp\/v2\/product_tag?post=190407"}],"curies":[{"name":"wp","href":"https:\/\/api.w.org\/{rel}","templated":true}]}}