{"id":190035,"date":"2024-03-08T14:38:22","date_gmt":"2024-03-08T13:38:22","guid":{"rendered":"https:\/\/shop.bantam.ch\/produit\/alpenfuehrer-petit-fute-2024\/"},"modified":"2026-05-10T22:53:03","modified_gmt":"2026-05-10T20:53:03","slug":"alpenfuehrer-petit-fute-2024","status":"publish","type":"product","link":"https:\/\/shop.bantam.ch\/de\/produkt\/alpenfuehrer-petit-fute-2024\/","title":{"rendered":"Alpenf\u00fchrer Petit Fut\u00e9 2024"},"content":{"rendered":"<p>ine der gr\u00f6\u00dften und touristischsten unter den franz\u00f6sischen Regionen, in der der Petit Fut\u00e9 den Plural hervorhebt, den die Alpen an ihren Namen h\u00e4ngen. Gipfel, T\u00e4ler und Seen. Auf den Gipfeln sind die Skiorte nicht mehr nur auf die Wintersaison ausgerichtet, sondern \u00f6ffnen ihre T\u00fcren auch f\u00fcr Sommerurlauber und bieten immer mehr sportliche und kulturelle Veranstaltungen an. Wenn Sie nicht mehr wissen, wo es langgeht, tauchen Sie in diesen Petit Fut\u00e9 ein. Der Reisef\u00fchrer beginnt mit einer umfassenden allgemeinen Vorstellung der Alpen, ihrer Geschichte, ihrer Geografie und ihrer Produkte aus den Alpenregionen. Dann geht es von Departement zu Departement, von Nord nach S\u00fcd durch die Alpen und durch die L\u00e4nder. W\u00e4hrend die beiden gro\u00dfen Alpendepartements (Haute-Savoie und Savoie) fast alle Skigebiete monopolisieren, liegt der Schwerpunkt in dieser Ausgabe auf den Regionen der &#8222;Basses-Alpes&#8220;: Alpes-de- Haute-Provence und Alpes-Maritimes.  Diese unbekannten Regionen, die sich zwischen der Provence und den Alpen aufteilen, bergen jedoch viele Wunder: familienfreundliche Skigebiete, Wildb\u00e4che f\u00fcr Wildwassersportarten, arch\u00e4ologische Sch\u00e4tze, architektonisches Erbe&#8230; und ein gro\u00dfer gemeinsamer Naturpark, der Mercantour. Ob Winter oder Sommer, dieser Alpenf\u00fchrer bietet ein umfassendes Panorama der gr\u00f6\u00dften Bergkette Europas.Frankreich anders entdecken, ein unendlich reiches Kultur-, Natur- und Gastronomieerbe genie\u00dfen &#8211; das sind die Vorteile unserer Reisef\u00fchrer f\u00fcr Regionen und Departements.F\u00fchrende Sehensw\u00fcrdigkeiten, unvergessliche Spazierg\u00e4nge, unerwartete Begegnungen und nicht zu vergessen die besten Adressen &#8211; lassen Sie sich vom Petit Fut\u00e9 f\u00fchren: Sie werden es nicht bereuen&#8230;<\/p>\n","protected":false},"excerpt":{"rendered":"<p>ine der gr\u00f6\u00dften und touristischsten unter den franz\u00f6sischen Regionen, in der der Petit Fut\u00e9 den Plural hervorhebt, den die Alpen an ihren Namen h\u00e4ngen. Gipfel, T\u00e4ler und Seen. Auf den Gipfeln sind die Skiorte nicht mehr nur auf die Wintersaison ausgerichtet, sondern \u00f6ffnen ihre T\u00fcren auch f\u00fcr Sommerurlauber und bieten immer mehr sportliche und kulturelle [&hellip;]<\/p>\n","protected":false},"featured_media":190033,"template":"","meta":{"_acf_changed":false},"product_featured_cat":[],"product_brand":[3741],"product_cat":[4352],"product_tag":[],"class_list":{"0":"post-190035","1":"product","2":"type-product","3":"status-publish","4":"has-post-thumbnail","6":"product_brand-bantam-de","7":"product_cat-reisefuehrer","9":"first","10":"instock","11":"taxable","12":"shipping-taxable","13":"purchasable","14":"product-type-simple"},"acf":[],"yoast_head":"<!-- This site is optimized with the Yoast SEO plugin v27.5 - https:\/\/yoast.com\/product\/yoast-seo-wordpress\/ -->\n<title>Alpenf\u00fchrer Petit Fut\u00e9 2024 - Bantam<\/title>\n<meta name=\"robots\" content=\"index, follow, max-snippet:-1, max-image-preview:large, max-video-preview:-1\" \/>\n<link rel=\"canonical\" href=\"https:\/\/shop.bantam.ch\/de\/produkt\/alpenfuehrer-petit-fute-2024\/\" \/>\n<meta property=\"og:locale\" content=\"de_DE\" \/>\n<meta property=\"og:type\" content=\"article\" \/>\n<meta property=\"og:title\" content=\"Alpenf\u00fchrer Petit Fut\u00e9 2024 - Bantam\" \/>\n<meta property=\"og:description\" content=\"ine der gr\u00f6\u00dften und touristischsten unter den franz\u00f6sischen Regionen, in der der Petit Fut\u00e9 den Plural hervorhebt, den die Alpen an ihren Namen h\u00e4ngen. Gipfel, T\u00e4ler und Seen. Auf den Gipfeln sind die Skiorte nicht mehr nur auf die Wintersaison ausgerichtet, sondern \u00f6ffnen ihre T\u00fcren auch f\u00fcr Sommerurlauber und bieten immer mehr sportliche und kulturelle [&hellip;]\" \/>\n<meta property=\"og:url\" content=\"https:\/\/shop.bantam.ch\/de\/produkt\/alpenfuehrer-petit-fute-2024\/\" \/>\n<meta property=\"og:site_name\" content=\"Bantam\" \/>\n<meta property=\"article:modified_time\" content=\"2026-05-10T20:53:03+00:00\" \/>\n<meta property=\"og:image\" content=\"https:\/\/shop.bantam.ch\/wp-content\/uploads\/2024\/03\/9782305102177_Alpes.jpg\" \/>\n\t<meta property=\"og:image:width\" content=\"936\" \/>\n\t<meta property=\"og:image:height\" content=\"1600\" \/>\n\t<meta property=\"og:image:type\" content=\"image\/jpeg\" \/>\n<meta name=\"twitter:card\" content=\"summary_large_image\" \/>\n<meta name=\"twitter:label1\" content=\"Gesch\u00e4tzte Lesezeit\" \/>\n\t<meta name=\"twitter:data1\" content=\"1\u00a0Minute\" \/>\n<script type=\"application\/ld+json\" class=\"yoast-schema-graph\">{\"@context\":\"https:\\\/\\\/schema.org\",\"@graph\":[{\"@type\":\"WebPage\",\"@id\":\"https:\\\/\\\/shop.bantam.ch\\\/de\\\/produkt\\\/alpenfuehrer-petit-fute-2024\\\/\",\"url\":\"https:\\\/\\\/shop.bantam.ch\\\/de\\\/produkt\\\/alpenfuehrer-petit-fute-2024\\\/\",\"name\":\"Alpenf\u00fchrer Petit Fut\u00e9 2024 - Bantam\",\"isPartOf\":{\"@id\":\"https:\\\/\\\/shop.bantam.ch\\\/de\\\/#website\"},\"primaryImageOfPage\":{\"@id\":\"https:\\\/\\\/shop.bantam.ch\\\/de\\\/produkt\\\/alpenfuehrer-petit-fute-2024\\\/#primaryimage\"},\"image\":{\"@id\":\"https:\\\/\\\/shop.bantam.ch\\\/de\\\/produkt\\\/alpenfuehrer-petit-fute-2024\\\/#primaryimage\"},\"thumbnailUrl\":\"https:\\\/\\\/shop.bantam.ch\\\/wp-content\\\/uploads\\\/2024\\\/03\\\/9782305102177_Alpes.jpg\",\"datePublished\":\"2024-03-08T13:38:22+00:00\",\"dateModified\":\"2026-05-10T20:53:03+00:00\",\"breadcrumb\":{\"@id\":\"https:\\\/\\\/shop.bantam.ch\\\/de\\\/produkt\\\/alpenfuehrer-petit-fute-2024\\\/#breadcrumb\"},\"inLanguage\":\"de\",\"potentialAction\":[{\"@type\":\"ReadAction\",\"target\":[\"https:\\\/\\\/shop.bantam.ch\\\/de\\\/produkt\\\/alpenfuehrer-petit-fute-2024\\\/\"]}]},{\"@type\":\"ImageObject\",\"inLanguage\":\"de\",\"@id\":\"https:\\\/\\\/shop.bantam.ch\\\/de\\\/produkt\\\/alpenfuehrer-petit-fute-2024\\\/#primaryimage\",\"url\":\"https:\\\/\\\/shop.bantam.ch\\\/wp-content\\\/uploads\\\/2024\\\/03\\\/9782305102177_Alpes.jpg\",\"contentUrl\":\"https:\\\/\\\/shop.bantam.ch\\\/wp-content\\\/uploads\\\/2024\\\/03\\\/9782305102177_Alpes.jpg\",\"width\":936,\"height\":1600},{\"@type\":\"BreadcrumbList\",\"@id\":\"https:\\\/\\\/shop.bantam.ch\\\/de\\\/produkt\\\/alpenfuehrer-petit-fute-2024\\\/#breadcrumb\",\"itemListElement\":[{\"@type\":\"ListItem\",\"position\":1,\"name\":\"Accueil\",\"item\":\"https:\\\/\\\/shop.bantam.ch\\\/de\\\/\"},{\"@type\":\"ListItem\",\"position\":2,\"name\":\"Shop\",\"item\":\"https:\\\/\\\/shop.bantam.ch\\\/de\\\/shop\\\/\"},{\"@type\":\"ListItem\",\"position\":3,\"name\":\"Alpenf\u00fchrer Petit Fut\u00e9 2024\"}]},{\"@type\":\"WebSite\",\"@id\":\"https:\\\/\\\/shop.bantam.ch\\\/de\\\/#website\",\"url\":\"https:\\\/\\\/shop.bantam.ch\\\/de\\\/\",\"name\":\"Bantam\",\"description\":\"\",\"publisher\":{\"@id\":\"https:\\\/\\\/shop.bantam.ch\\\/de\\\/#organization\"},\"inLanguage\":\"de\"},{\"@type\":\"Organization\",\"@id\":\"https:\\\/\\\/shop.bantam.ch\\\/de\\\/#organization\",\"name\":\"Bantam\",\"url\":\"https:\\\/\\\/shop.bantam.ch\\\/de\\\/\",\"logo\":{\"@type\":\"ImageObject\",\"inLanguage\":\"de\",\"@id\":\"https:\\\/\\\/shop.bantam.ch\\\/de\\\/#\\\/schema\\\/logo\\\/image\\\/\",\"url\":\"https:\\\/\\\/shop.bantam.ch\\\/wp-content\\\/uploads\\\/2022\\\/12\\\/bantam-logo.png\",\"contentUrl\":\"https:\\\/\\\/shop.bantam.ch\\\/wp-content\\\/uploads\\\/2022\\\/12\\\/bantam-logo.png\",\"width\":320,\"height\":71,\"caption\":\"Bantam\"},\"image\":{\"@id\":\"https:\\\/\\\/shop.bantam.ch\\\/de\\\/#\\\/schema\\\/logo\\\/image\\\/\"}}]}<\/script>\n<!-- \/ Yoast SEO plugin. -->","yoast_head_json":{"title":"Alpenf\u00fchrer Petit Fut\u00e9 2024 - Bantam","robots":{"index":"index","follow":"follow","max-snippet":"max-snippet:-1","max-image-preview":"max-image-preview:large","max-video-preview":"max-video-preview:-1"},"canonical":"https:\/\/shop.bantam.ch\/de\/produkt\/alpenfuehrer-petit-fute-2024\/","og_locale":"de_DE","og_type":"article","og_title":"Alpenf\u00fchrer Petit Fut\u00e9 2024 - Bantam","og_description":"ine der gr\u00f6\u00dften und touristischsten unter den franz\u00f6sischen Regionen, in der der Petit Fut\u00e9 den Plural hervorhebt, den die Alpen an ihren Namen h\u00e4ngen. Gipfel, T\u00e4ler und Seen. Auf den Gipfeln sind die Skiorte nicht mehr nur auf die Wintersaison ausgerichtet, sondern \u00f6ffnen ihre T\u00fcren auch f\u00fcr Sommerurlauber und bieten immer mehr sportliche und kulturelle [&hellip;]","og_url":"https:\/\/shop.bantam.ch\/de\/produkt\/alpenfuehrer-petit-fute-2024\/","og_site_name":"Bantam","article_modified_time":"2026-05-10T20:53:03+00:00","og_image":[{"width":936,"height":1600,"url":"https:\/\/shop.bantam.ch\/wp-content\/uploads\/2024\/03\/9782305102177_Alpes.jpg","type":"image\/jpeg"}],"twitter_card":"summary_large_image","twitter_misc":{"Gesch\u00e4tzte Lesezeit":"1\u00a0Minute"},"schema":{"@context":"https:\/\/schema.org","@graph":[{"@type":"WebPage","@id":"https:\/\/shop.bantam.ch\/de\/produkt\/alpenfuehrer-petit-fute-2024\/","url":"https:\/\/shop.bantam.ch\/de\/produkt\/alpenfuehrer-petit-fute-2024\/","name":"Alpenf\u00fchrer Petit Fut\u00e9 2024 - Bantam","isPartOf":{"@id":"https:\/\/shop.bantam.ch\/de\/#website"},"primaryImageOfPage":{"@id":"https:\/\/shop.bantam.ch\/de\/produkt\/alpenfuehrer-petit-fute-2024\/#primaryimage"},"image":{"@id":"https:\/\/shop.bantam.ch\/de\/produkt\/alpenfuehrer-petit-fute-2024\/#primaryimage"},"thumbnailUrl":"https:\/\/shop.bantam.ch\/wp-content\/uploads\/2024\/03\/9782305102177_Alpes.jpg","datePublished":"2024-03-08T13:38:22+00:00","dateModified":"2026-05-10T20:53:03+00:00","breadcrumb":{"@id":"https:\/\/shop.bantam.ch\/de\/produkt\/alpenfuehrer-petit-fute-2024\/#breadcrumb"},"inLanguage":"de","potentialAction":[{"@type":"ReadAction","target":["https:\/\/shop.bantam.ch\/de\/produkt\/alpenfuehrer-petit-fute-2024\/"]}]},{"@type":"ImageObject","inLanguage":"de","@id":"https:\/\/shop.bantam.ch\/de\/produkt\/alpenfuehrer-petit-fute-2024\/#primaryimage","url":"https:\/\/shop.bantam.ch\/wp-content\/uploads\/2024\/03\/9782305102177_Alpes.jpg","contentUrl":"https:\/\/shop.bantam.ch\/wp-content\/uploads\/2024\/03\/9782305102177_Alpes.jpg","width":936,"height":1600},{"@type":"BreadcrumbList","@id":"https:\/\/shop.bantam.ch\/de\/produkt\/alpenfuehrer-petit-fute-2024\/#breadcrumb","itemListElement":[{"@type":"ListItem","position":1,"name":"Accueil","item":"https:\/\/shop.bantam.ch\/de\/"},{"@type":"ListItem","position":2,"name":"Shop","item":"https:\/\/shop.bantam.ch\/de\/shop\/"},{"@type":"ListItem","position":3,"name":"Alpenf\u00fchrer Petit Fut\u00e9 2024"}]},{"@type":"WebSite","@id":"https:\/\/shop.bantam.ch\/de\/#website","url":"https:\/\/shop.bantam.ch\/de\/","name":"Bantam","description":"","publisher":{"@id":"https:\/\/shop.bantam.ch\/de\/#organization"},"inLanguage":"de"},{"@type":"Organization","@id":"https:\/\/shop.bantam.ch\/de\/#organization","name":"Bantam","url":"https:\/\/shop.bantam.ch\/de\/","logo":{"@type":"ImageObject","inLanguage":"de","@id":"https:\/\/shop.bantam.ch\/de\/#\/schema\/logo\/image\/","url":"https:\/\/shop.bantam.ch\/wp-content\/uploads\/2022\/12\/bantam-logo.png","contentUrl":"https:\/\/shop.bantam.ch\/wp-content\/uploads\/2022\/12\/bantam-logo.png","width":320,"height":71,"caption":"Bantam"},"image":{"@id":"https:\/\/shop.bantam.ch\/de\/#\/schema\/logo\/image\/"}}]}},"_links":{"self":[{"href":"https:\/\/shop.bantam.ch\/de\/wp-json\/wp\/v2\/product\/190035","targetHints":{"allow":["GET"]}}],"collection":[{"href":"https:\/\/shop.bantam.ch\/de\/wp-json\/wp\/v2\/product"}],"about":[{"href":"https:\/\/shop.bantam.ch\/de\/wp-json\/wp\/v2\/types\/product"}],"wp:featuredmedia":[{"embeddable":true,"href":"https:\/\/shop.bantam.ch\/de\/wp-json\/wp\/v2\/media\/190033"}],"wp:attachment":[{"href":"https:\/\/shop.bantam.ch\/de\/wp-json\/wp\/v2\/media?parent=190035"}],"wp:term":[{"taxonomy":"product_featured_cat","embeddable":true,"href":"https:\/\/shop.bantam.ch\/de\/wp-json\/wp\/v2\/product_featured_cat?post=190035"},{"taxonomy":"product_brand","embeddable":true,"href":"https:\/\/shop.bantam.ch\/de\/wp-json\/wp\/v2\/product_brand?post=190035"},{"taxonomy":"product_cat","embeddable":true,"href":"https:\/\/shop.bantam.ch\/de\/wp-json\/wp\/v2\/product_cat?post=190035"},{"taxonomy":"product_tag","embeddable":true,"href":"https:\/\/shop.bantam.ch\/de\/wp-json\/wp\/v2\/product_tag?post=190035"}],"curies":[{"name":"wp","href":"https:\/\/api.w.org\/{rel}","templated":true}]}}