{"id":190029,"date":"2024-03-08T14:30:27","date_gmt":"2024-03-08T13:30:27","guid":{"rendered":"https:\/\/shop.bantam.ch\/produit\/schweizer-reisefuehrer-petit-fute-2024-2025\/"},"modified":"2026-04-19T22:58:51","modified_gmt":"2026-04-19T20:58:51","slug":"schweizer-reisefuehrer-petit-fute-2024-2025","status":"publish","type":"product","link":"https:\/\/shop.bantam.ch\/de\/produkt\/schweizer-reisefuehrer-petit-fute-2024-2025\/","title":{"rendered":"Schweizer Reisef\u00fchrer Petit Fut\u00e9 2024\/2025"},"content":{"rendered":"<p>Die Schweiz ist ein Zufluchtsort f\u00fcr Klischees wie Schokolade, seltene und komplizierte Uhren, Kuckucksuhren, Schweizer Messer, strenge, ordentliche, hart arbeitende Menschen und Bankiers. In Wirklichkeit konzentriert sich in der Schweiz vor allem alles, was ein Reisender auf einer kleinen Fl\u00e4che suchen kann: Berge, Seen, Felder und St\u00e4dte, aber auch Denkm\u00e4ler und Kunstwerke, Museen f\u00fcr lokale Geschichte und Museen f\u00fcr zeitgen\u00f6ssische Kunst, Wanderungen f\u00fcr Familien oder Trekking in gro\u00dfer H\u00f6he, Sport, Skifahren, Stille oder Konzerte?<\/p>\n","protected":false},"excerpt":{"rendered":"<p>Die Schweiz ist ein Zufluchtsort f\u00fcr Klischees wie Schokolade, seltene und komplizierte Uhren, Kuckucksuhren, Schweizer Messer, strenge, ordentliche, hart arbeitende Menschen und Bankiers. In Wirklichkeit konzentriert sich in der Schweiz vor allem alles, was ein Reisender auf einer kleinen Fl\u00e4che suchen kann: Berge, Seen, Felder und St\u00e4dte, aber auch Denkm\u00e4ler und Kunstwerke, Museen f\u00fcr lokale [&hellip;]<\/p>\n","protected":false},"featured_media":190027,"template":"","meta":{"_acf_changed":false},"product_featured_cat":[],"product_brand":[3741],"product_cat":[4352],"product_tag":[],"class_list":{"0":"post-190029","1":"product","2":"type-product","3":"status-publish","4":"has-post-thumbnail","6":"product_brand-bantam-de","7":"product_cat-reisefuehrer","9":"first","10":"instock","11":"taxable","12":"shipping-taxable","13":"purchasable","14":"product-type-simple"},"acf":[],"yoast_head":"<!-- This site is optimized with the Yoast SEO plugin v27.4 - https:\/\/yoast.com\/product\/yoast-seo-wordpress\/ -->\n<title>Schweizer Reisef\u00fchrer Petit Fut\u00e9 2024\/2025 - Bantam Camping AG<\/title>\n<meta name=\"robots\" content=\"index, follow, max-snippet:-1, max-image-preview:large, max-video-preview:-1\" \/>\n<link rel=\"canonical\" href=\"https:\/\/shop.bantam.ch\/de\/produkt\/schweizer-reisefuehrer-petit-fute-2024-2025\/\" \/>\n<meta property=\"og:locale\" content=\"de_DE\" \/>\n<meta property=\"og:type\" content=\"article\" \/>\n<meta property=\"og:title\" content=\"Schweizer Reisef\u00fchrer Petit Fut\u00e9 2024\/2025 - Bantam Camping AG\" \/>\n<meta property=\"og:description\" content=\"Die Schweiz ist ein Zufluchtsort f\u00fcr Klischees wie Schokolade, seltene und komplizierte Uhren, Kuckucksuhren, Schweizer Messer, strenge, ordentliche, hart arbeitende Menschen und Bankiers. In Wirklichkeit konzentriert sich in der Schweiz vor allem alles, was ein Reisender auf einer kleinen Fl\u00e4che suchen kann: Berge, Seen, Felder und St\u00e4dte, aber auch Denkm\u00e4ler und Kunstwerke, Museen f\u00fcr lokale [&hellip;]\" \/>\n<meta property=\"og:url\" content=\"https:\/\/shop.bantam.ch\/de\/produkt\/schweizer-reisefuehrer-petit-fute-2024-2025\/\" \/>\n<meta property=\"og:site_name\" content=\"Bantam Camping AG\" \/>\n<meta property=\"article:modified_time\" content=\"2026-04-19T20:58:51+00:00\" \/>\n<meta property=\"og:image\" content=\"https:\/\/shop.bantam.ch\/wp-content\/uploads\/2024\/03\/9782305104393_Suisse.jpg\" \/>\n\t<meta property=\"og:image:width\" content=\"936\" \/>\n\t<meta property=\"og:image:height\" content=\"1600\" \/>\n\t<meta property=\"og:image:type\" content=\"image\/jpeg\" \/>\n<meta name=\"twitter:card\" content=\"summary_large_image\" \/>\n<script type=\"application\/ld+json\" class=\"yoast-schema-graph\">{\"@context\":\"https:\\\/\\\/schema.org\",\"@graph\":[{\"@type\":\"WebPage\",\"@id\":\"https:\\\/\\\/shop.bantam.ch\\\/de\\\/produkt\\\/schweizer-reisefuehrer-petit-fute-2024-2025\\\/\",\"url\":\"https:\\\/\\\/shop.bantam.ch\\\/de\\\/produkt\\\/schweizer-reisefuehrer-petit-fute-2024-2025\\\/\",\"name\":\"Schweizer Reisef\u00fchrer Petit Fut\u00e9 2024\\\/2025 - Bantam Camping AG\",\"isPartOf\":{\"@id\":\"https:\\\/\\\/shop.bantam.ch\\\/de\\\/#website\"},\"primaryImageOfPage\":{\"@id\":\"https:\\\/\\\/shop.bantam.ch\\\/de\\\/produkt\\\/schweizer-reisefuehrer-petit-fute-2024-2025\\\/#primaryimage\"},\"image\":{\"@id\":\"https:\\\/\\\/shop.bantam.ch\\\/de\\\/produkt\\\/schweizer-reisefuehrer-petit-fute-2024-2025\\\/#primaryimage\"},\"thumbnailUrl\":\"https:\\\/\\\/shop.bantam.ch\\\/wp-content\\\/uploads\\\/2024\\\/03\\\/9782305104393_Suisse.jpg\",\"datePublished\":\"2024-03-08T13:30:27+00:00\",\"dateModified\":\"2026-04-19T20:58:51+00:00\",\"breadcrumb\":{\"@id\":\"https:\\\/\\\/shop.bantam.ch\\\/de\\\/produkt\\\/schweizer-reisefuehrer-petit-fute-2024-2025\\\/#breadcrumb\"},\"inLanguage\":\"de\",\"potentialAction\":[{\"@type\":\"ReadAction\",\"target\":[\"https:\\\/\\\/shop.bantam.ch\\\/de\\\/produkt\\\/schweizer-reisefuehrer-petit-fute-2024-2025\\\/\"]}]},{\"@type\":\"ImageObject\",\"inLanguage\":\"de\",\"@id\":\"https:\\\/\\\/shop.bantam.ch\\\/de\\\/produkt\\\/schweizer-reisefuehrer-petit-fute-2024-2025\\\/#primaryimage\",\"url\":\"https:\\\/\\\/shop.bantam.ch\\\/wp-content\\\/uploads\\\/2024\\\/03\\\/9782305104393_Suisse.jpg\",\"contentUrl\":\"https:\\\/\\\/shop.bantam.ch\\\/wp-content\\\/uploads\\\/2024\\\/03\\\/9782305104393_Suisse.jpg\",\"width\":936,\"height\":1600},{\"@type\":\"BreadcrumbList\",\"@id\":\"https:\\\/\\\/shop.bantam.ch\\\/de\\\/produkt\\\/schweizer-reisefuehrer-petit-fute-2024-2025\\\/#breadcrumb\",\"itemListElement\":[{\"@type\":\"ListItem\",\"position\":1,\"name\":\"Accueil\",\"item\":\"https:\\\/\\\/shop.bantam.ch\\\/de\\\/\"},{\"@type\":\"ListItem\",\"position\":2,\"name\":\"Shop\",\"item\":\"https:\\\/\\\/shop.bantam.ch\\\/de\\\/shop\\\/\"},{\"@type\":\"ListItem\",\"position\":3,\"name\":\"Schweizer Reisef\u00fchrer Petit Fut\u00e9 2024\\\/2025\"}]},{\"@type\":\"WebSite\",\"@id\":\"https:\\\/\\\/shop.bantam.ch\\\/de\\\/#website\",\"url\":\"https:\\\/\\\/shop.bantam.ch\\\/de\\\/\",\"name\":\"Bantam Camping AG\",\"description\":\"\",\"publisher\":{\"@id\":\"https:\\\/\\\/shop.bantam.ch\\\/de\\\/#organization\"},\"inLanguage\":\"de\"},{\"@type\":\"Organization\",\"@id\":\"https:\\\/\\\/shop.bantam.ch\\\/de\\\/#organization\",\"name\":\"Bantam Camping AG\",\"url\":\"https:\\\/\\\/shop.bantam.ch\\\/de\\\/\",\"logo\":{\"@type\":\"ImageObject\",\"inLanguage\":\"de\",\"@id\":\"https:\\\/\\\/shop.bantam.ch\\\/de\\\/#\\\/schema\\\/logo\\\/image\\\/\",\"url\":\"https:\\\/\\\/shop.bantam.ch\\\/wp-content\\\/uploads\\\/2022\\\/12\\\/bantam-logo.png\",\"contentUrl\":\"https:\\\/\\\/shop.bantam.ch\\\/wp-content\\\/uploads\\\/2022\\\/12\\\/bantam-logo.png\",\"width\":320,\"height\":71,\"caption\":\"Bantam Camping AG\"},\"image\":{\"@id\":\"https:\\\/\\\/shop.bantam.ch\\\/de\\\/#\\\/schema\\\/logo\\\/image\\\/\"}}]}<\/script>\n<!-- \/ Yoast SEO plugin. -->","yoast_head_json":{"title":"Schweizer Reisef\u00fchrer Petit Fut\u00e9 2024\/2025 - Bantam Camping AG","robots":{"index":"index","follow":"follow","max-snippet":"max-snippet:-1","max-image-preview":"max-image-preview:large","max-video-preview":"max-video-preview:-1"},"canonical":"https:\/\/shop.bantam.ch\/de\/produkt\/schweizer-reisefuehrer-petit-fute-2024-2025\/","og_locale":"de_DE","og_type":"article","og_title":"Schweizer Reisef\u00fchrer Petit Fut\u00e9 2024\/2025 - Bantam Camping AG","og_description":"Die Schweiz ist ein Zufluchtsort f\u00fcr Klischees wie Schokolade, seltene und komplizierte Uhren, Kuckucksuhren, Schweizer Messer, strenge, ordentliche, hart arbeitende Menschen und Bankiers. In Wirklichkeit konzentriert sich in der Schweiz vor allem alles, was ein Reisender auf einer kleinen Fl\u00e4che suchen kann: Berge, Seen, Felder und St\u00e4dte, aber auch Denkm\u00e4ler und Kunstwerke, Museen f\u00fcr lokale [&hellip;]","og_url":"https:\/\/shop.bantam.ch\/de\/produkt\/schweizer-reisefuehrer-petit-fute-2024-2025\/","og_site_name":"Bantam Camping AG","article_modified_time":"2026-04-19T20:58:51+00:00","og_image":[{"width":936,"height":1600,"url":"https:\/\/shop.bantam.ch\/wp-content\/uploads\/2024\/03\/9782305104393_Suisse.jpg","type":"image\/jpeg"}],"twitter_card":"summary_large_image","schema":{"@context":"https:\/\/schema.org","@graph":[{"@type":"WebPage","@id":"https:\/\/shop.bantam.ch\/de\/produkt\/schweizer-reisefuehrer-petit-fute-2024-2025\/","url":"https:\/\/shop.bantam.ch\/de\/produkt\/schweizer-reisefuehrer-petit-fute-2024-2025\/","name":"Schweizer Reisef\u00fchrer Petit Fut\u00e9 2024\/2025 - Bantam Camping AG","isPartOf":{"@id":"https:\/\/shop.bantam.ch\/de\/#website"},"primaryImageOfPage":{"@id":"https:\/\/shop.bantam.ch\/de\/produkt\/schweizer-reisefuehrer-petit-fute-2024-2025\/#primaryimage"},"image":{"@id":"https:\/\/shop.bantam.ch\/de\/produkt\/schweizer-reisefuehrer-petit-fute-2024-2025\/#primaryimage"},"thumbnailUrl":"https:\/\/shop.bantam.ch\/wp-content\/uploads\/2024\/03\/9782305104393_Suisse.jpg","datePublished":"2024-03-08T13:30:27+00:00","dateModified":"2026-04-19T20:58:51+00:00","breadcrumb":{"@id":"https:\/\/shop.bantam.ch\/de\/produkt\/schweizer-reisefuehrer-petit-fute-2024-2025\/#breadcrumb"},"inLanguage":"de","potentialAction":[{"@type":"ReadAction","target":["https:\/\/shop.bantam.ch\/de\/produkt\/schweizer-reisefuehrer-petit-fute-2024-2025\/"]}]},{"@type":"ImageObject","inLanguage":"de","@id":"https:\/\/shop.bantam.ch\/de\/produkt\/schweizer-reisefuehrer-petit-fute-2024-2025\/#primaryimage","url":"https:\/\/shop.bantam.ch\/wp-content\/uploads\/2024\/03\/9782305104393_Suisse.jpg","contentUrl":"https:\/\/shop.bantam.ch\/wp-content\/uploads\/2024\/03\/9782305104393_Suisse.jpg","width":936,"height":1600},{"@type":"BreadcrumbList","@id":"https:\/\/shop.bantam.ch\/de\/produkt\/schweizer-reisefuehrer-petit-fute-2024-2025\/#breadcrumb","itemListElement":[{"@type":"ListItem","position":1,"name":"Accueil","item":"https:\/\/shop.bantam.ch\/de\/"},{"@type":"ListItem","position":2,"name":"Shop","item":"https:\/\/shop.bantam.ch\/de\/shop\/"},{"@type":"ListItem","position":3,"name":"Schweizer Reisef\u00fchrer Petit Fut\u00e9 2024\/2025"}]},{"@type":"WebSite","@id":"https:\/\/shop.bantam.ch\/de\/#website","url":"https:\/\/shop.bantam.ch\/de\/","name":"Bantam Camping AG","description":"","publisher":{"@id":"https:\/\/shop.bantam.ch\/de\/#organization"},"inLanguage":"de"},{"@type":"Organization","@id":"https:\/\/shop.bantam.ch\/de\/#organization","name":"Bantam Camping AG","url":"https:\/\/shop.bantam.ch\/de\/","logo":{"@type":"ImageObject","inLanguage":"de","@id":"https:\/\/shop.bantam.ch\/de\/#\/schema\/logo\/image\/","url":"https:\/\/shop.bantam.ch\/wp-content\/uploads\/2022\/12\/bantam-logo.png","contentUrl":"https:\/\/shop.bantam.ch\/wp-content\/uploads\/2022\/12\/bantam-logo.png","width":320,"height":71,"caption":"Bantam Camping AG"},"image":{"@id":"https:\/\/shop.bantam.ch\/de\/#\/schema\/logo\/image\/"}}]}},"_links":{"self":[{"href":"https:\/\/shop.bantam.ch\/de\/wp-json\/wp\/v2\/product\/190029","targetHints":{"allow":["GET"]}}],"collection":[{"href":"https:\/\/shop.bantam.ch\/de\/wp-json\/wp\/v2\/product"}],"about":[{"href":"https:\/\/shop.bantam.ch\/de\/wp-json\/wp\/v2\/types\/product"}],"wp:featuredmedia":[{"embeddable":true,"href":"https:\/\/shop.bantam.ch\/de\/wp-json\/wp\/v2\/media\/190027"}],"wp:attachment":[{"href":"https:\/\/shop.bantam.ch\/de\/wp-json\/wp\/v2\/media?parent=190029"}],"wp:term":[{"taxonomy":"product_featured_cat","embeddable":true,"href":"https:\/\/shop.bantam.ch\/de\/wp-json\/wp\/v2\/product_featured_cat?post=190029"},{"taxonomy":"product_brand","embeddable":true,"href":"https:\/\/shop.bantam.ch\/de\/wp-json\/wp\/v2\/product_brand?post=190029"},{"taxonomy":"product_cat","embeddable":true,"href":"https:\/\/shop.bantam.ch\/de\/wp-json\/wp\/v2\/product_cat?post=190029"},{"taxonomy":"product_tag","embeddable":true,"href":"https:\/\/shop.bantam.ch\/de\/wp-json\/wp\/v2\/product_tag?post=190029"}],"curies":[{"name":"wp","href":"https:\/\/api.w.org\/{rel}","templated":true}]}}