{"id":189880,"date":"2023-03-06T13:45:46","date_gmt":"2023-03-06T12:45:46","guid":{"rendered":"https:\/\/shop.bantam.ch\/produit\/cadac-grillo-chef-40-bbq-dome-30-mbar\/"},"modified":"2026-04-18T22:56:27","modified_gmt":"2026-04-18T20:56:27","slug":"cadac-grillo-chef-40-bbq-dome-30-mbar","status":"publish","type":"product","link":"https:\/\/shop.bantam.ch\/de\/produkt\/cadac-grillo-chef-40-bbq-dome-30-mbar\/","title":{"rendered":"Cadac, Grillo Chef 40 BBQ \/ Dome \/ 30 mbar"},"content":{"rendered":"<p>Der robuste, kompakte und tragbare Grillo Chef 2 mit GreenGrill Keramik beschichtetem \u00f8 38 cm Grillrost ist ideal f\u00fcr das Grillen von Fleisch, Fisch, Gefl\u00fcgel und Gem\u00fcse. Durch den Deflektor auf der R\u00fcckseite des Grillrostes wird die W\u00e4rme ideal verteilt.<\/p>\n<p>Brennersystem: \u00f8 9,5 cm Aluminium Brenner mit variabler W\u00e4rmeeinstellung.<\/p>\n<p>Lieferumfang: GreenGrill Grillrost, Easy Clean Fettpfanne, Deckel inkl. Thermometer, verchromter Topfst\u00e4nder und Packtasche.<\/p>\n<p>Spezifikationen:<br \/>\nFarbe schwarz<br \/>\nBetriebsdruck 30 mbar<br \/>\nGasverbrauch 218 g\/h<br \/>\nNennleistung 3 kW<br \/>\nZ\u00fcndsicherung Nein<br \/>\nBreite 65,4 cm<br \/>\nH\u00f6he 88,5 cm<br \/>\nTiefe 65,4 cm<br \/>\nNettogewicht 7,6 kg<br \/>\nPackma\u00df 57,3 x 42,2 x 22 cm<\/p>\n","protected":false},"excerpt":{"rendered":"<p>Der robuste, kompakte und tragbare Grillo Chef 2 mit GreenGrill Keramik beschichtetem \u00f8 38 cm Grillrost ist ideal f\u00fcr das Grillen von Fleisch, Fisch, Gefl\u00fcgel und Gem\u00fcse. Durch den Deflektor auf der R\u00fcckseite des Grillrostes wird die W\u00e4rme ideal verteilt. Brennersystem: \u00f8 9,5 cm Aluminium Brenner mit variabler W\u00e4rmeeinstellung. Lieferumfang: GreenGrill Grillrost, Easy Clean Fettpfanne, [&hellip;]<\/p>\n","protected":false},"featured_media":189876,"template":"","meta":{"_acf_changed":false},"product_featured_cat":[],"product_brand":[3669],"product_cat":[4280],"product_tag":[],"class_list":{"0":"post-189880","1":"product","2":"type-product","3":"status-publish","4":"has-post-thumbnail","6":"product_brand-cadac-de","7":"product_cat-gasgrills","9":"first","10":"instock","11":"taxable","12":"shipping-taxable","13":"purchasable","14":"product-type-simple"},"acf":[],"yoast_head":"<!-- This site is optimized with the Yoast SEO plugin v27.4 - https:\/\/yoast.com\/product\/yoast-seo-wordpress\/ -->\n<title>Cadac, Grillo Chef 40 BBQ \/ Dome \/ 30 mbar - Bantam Camping AG<\/title>\n<meta name=\"robots\" content=\"index, follow, max-snippet:-1, max-image-preview:large, max-video-preview:-1\" \/>\n<link rel=\"canonical\" href=\"https:\/\/shop.bantam.ch\/de\/produkt\/cadac-grillo-chef-40-bbq-dome-30-mbar\/\" \/>\n<meta property=\"og:locale\" content=\"de_DE\" \/>\n<meta property=\"og:type\" content=\"article\" \/>\n<meta property=\"og:title\" content=\"Cadac, Grillo Chef 40 BBQ \/ Dome \/ 30 mbar - Bantam Camping AG\" \/>\n<meta property=\"og:description\" content=\"Der robuste, kompakte und tragbare Grillo Chef 2 mit GreenGrill Keramik beschichtetem \u00f8 38 cm Grillrost ist ideal f\u00fcr das Grillen von Fleisch, Fisch, Gefl\u00fcgel und Gem\u00fcse. Durch den Deflektor auf der R\u00fcckseite des Grillrostes wird die W\u00e4rme ideal verteilt. Brennersystem: \u00f8 9,5 cm Aluminium Brenner mit variabler W\u00e4rmeeinstellung. Lieferumfang: GreenGrill Grillrost, Easy Clean Fettpfanne, [&hellip;]\" \/>\n<meta property=\"og:url\" content=\"https:\/\/shop.bantam.ch\/de\/produkt\/cadac-grillo-chef-40-bbq-dome-30-mbar\/\" \/>\n<meta property=\"og:site_name\" content=\"Bantam Camping AG\" \/>\n<meta property=\"article:modified_time\" content=\"2026-04-18T20:56:27+00:00\" \/>\n<meta property=\"og:image\" content=\"https:\/\/shop.bantam.ch\/wp-content\/uploads\/2024\/03\/350603.png\" \/>\n\t<meta property=\"og:image:width\" content=\"400\" \/>\n\t<meta property=\"og:image:height\" content=\"433\" \/>\n\t<meta property=\"og:image:type\" content=\"image\/png\" \/>\n<meta name=\"twitter:card\" content=\"summary_large_image\" \/>\n<script type=\"application\/ld+json\" class=\"yoast-schema-graph\">{\"@context\":\"https:\\\/\\\/schema.org\",\"@graph\":[{\"@type\":\"WebPage\",\"@id\":\"https:\\\/\\\/shop.bantam.ch\\\/de\\\/produkt\\\/cadac-grillo-chef-40-bbq-dome-30-mbar\\\/\",\"url\":\"https:\\\/\\\/shop.bantam.ch\\\/de\\\/produkt\\\/cadac-grillo-chef-40-bbq-dome-30-mbar\\\/\",\"name\":\"Cadac, Grillo Chef 40 BBQ \\\/ Dome \\\/ 30 mbar - Bantam Camping AG\",\"isPartOf\":{\"@id\":\"https:\\\/\\\/shop.bantam.ch\\\/de\\\/#website\"},\"primaryImageOfPage\":{\"@id\":\"https:\\\/\\\/shop.bantam.ch\\\/de\\\/produkt\\\/cadac-grillo-chef-40-bbq-dome-30-mbar\\\/#primaryimage\"},\"image\":{\"@id\":\"https:\\\/\\\/shop.bantam.ch\\\/de\\\/produkt\\\/cadac-grillo-chef-40-bbq-dome-30-mbar\\\/#primaryimage\"},\"thumbnailUrl\":\"https:\\\/\\\/shop.bantam.ch\\\/wp-content\\\/uploads\\\/2024\\\/03\\\/350603.png\",\"datePublished\":\"2023-03-06T12:45:46+00:00\",\"dateModified\":\"2026-04-18T20:56:27+00:00\",\"breadcrumb\":{\"@id\":\"https:\\\/\\\/shop.bantam.ch\\\/de\\\/produkt\\\/cadac-grillo-chef-40-bbq-dome-30-mbar\\\/#breadcrumb\"},\"inLanguage\":\"de\",\"potentialAction\":[{\"@type\":\"ReadAction\",\"target\":[\"https:\\\/\\\/shop.bantam.ch\\\/de\\\/produkt\\\/cadac-grillo-chef-40-bbq-dome-30-mbar\\\/\"]}]},{\"@type\":\"ImageObject\",\"inLanguage\":\"de\",\"@id\":\"https:\\\/\\\/shop.bantam.ch\\\/de\\\/produkt\\\/cadac-grillo-chef-40-bbq-dome-30-mbar\\\/#primaryimage\",\"url\":\"https:\\\/\\\/shop.bantam.ch\\\/wp-content\\\/uploads\\\/2024\\\/03\\\/350603.png\",\"contentUrl\":\"https:\\\/\\\/shop.bantam.ch\\\/wp-content\\\/uploads\\\/2024\\\/03\\\/350603.png\",\"width\":400,\"height\":433},{\"@type\":\"BreadcrumbList\",\"@id\":\"https:\\\/\\\/shop.bantam.ch\\\/de\\\/produkt\\\/cadac-grillo-chef-40-bbq-dome-30-mbar\\\/#breadcrumb\",\"itemListElement\":[{\"@type\":\"ListItem\",\"position\":1,\"name\":\"Accueil\",\"item\":\"https:\\\/\\\/shop.bantam.ch\\\/de\\\/\"},{\"@type\":\"ListItem\",\"position\":2,\"name\":\"Shop\",\"item\":\"https:\\\/\\\/shop.bantam.ch\\\/de\\\/shop\\\/\"},{\"@type\":\"ListItem\",\"position\":3,\"name\":\"Cadac, Grillo Chef 40 BBQ \\\/ Dome \\\/ 30 mbar\"}]},{\"@type\":\"WebSite\",\"@id\":\"https:\\\/\\\/shop.bantam.ch\\\/de\\\/#website\",\"url\":\"https:\\\/\\\/shop.bantam.ch\\\/de\\\/\",\"name\":\"Bantam Camping AG\",\"description\":\"\",\"publisher\":{\"@id\":\"https:\\\/\\\/shop.bantam.ch\\\/de\\\/#organization\"},\"inLanguage\":\"de\"},{\"@type\":\"Organization\",\"@id\":\"https:\\\/\\\/shop.bantam.ch\\\/de\\\/#organization\",\"name\":\"Bantam Camping AG\",\"url\":\"https:\\\/\\\/shop.bantam.ch\\\/de\\\/\",\"logo\":{\"@type\":\"ImageObject\",\"inLanguage\":\"de\",\"@id\":\"https:\\\/\\\/shop.bantam.ch\\\/de\\\/#\\\/schema\\\/logo\\\/image\\\/\",\"url\":\"https:\\\/\\\/shop.bantam.ch\\\/wp-content\\\/uploads\\\/2022\\\/12\\\/bantam-logo.png\",\"contentUrl\":\"https:\\\/\\\/shop.bantam.ch\\\/wp-content\\\/uploads\\\/2022\\\/12\\\/bantam-logo.png\",\"width\":320,\"height\":71,\"caption\":\"Bantam Camping AG\"},\"image\":{\"@id\":\"https:\\\/\\\/shop.bantam.ch\\\/de\\\/#\\\/schema\\\/logo\\\/image\\\/\"}}]}<\/script>\n<!-- \/ Yoast SEO plugin. -->","yoast_head_json":{"title":"Cadac, Grillo Chef 40 BBQ \/ Dome \/ 30 mbar - Bantam Camping AG","robots":{"index":"index","follow":"follow","max-snippet":"max-snippet:-1","max-image-preview":"max-image-preview:large","max-video-preview":"max-video-preview:-1"},"canonical":"https:\/\/shop.bantam.ch\/de\/produkt\/cadac-grillo-chef-40-bbq-dome-30-mbar\/","og_locale":"de_DE","og_type":"article","og_title":"Cadac, Grillo Chef 40 BBQ \/ Dome \/ 30 mbar - Bantam Camping AG","og_description":"Der robuste, kompakte und tragbare Grillo Chef 2 mit GreenGrill Keramik beschichtetem \u00f8 38 cm Grillrost ist ideal f\u00fcr das Grillen von Fleisch, Fisch, Gefl\u00fcgel und Gem\u00fcse. Durch den Deflektor auf der R\u00fcckseite des Grillrostes wird die W\u00e4rme ideal verteilt. Brennersystem: \u00f8 9,5 cm Aluminium Brenner mit variabler W\u00e4rmeeinstellung. Lieferumfang: GreenGrill Grillrost, Easy Clean Fettpfanne, [&hellip;]","og_url":"https:\/\/shop.bantam.ch\/de\/produkt\/cadac-grillo-chef-40-bbq-dome-30-mbar\/","og_site_name":"Bantam Camping AG","article_modified_time":"2026-04-18T20:56:27+00:00","og_image":[{"width":400,"height":433,"url":"https:\/\/shop.bantam.ch\/wp-content\/uploads\/2024\/03\/350603.png","type":"image\/png"}],"twitter_card":"summary_large_image","schema":{"@context":"https:\/\/schema.org","@graph":[{"@type":"WebPage","@id":"https:\/\/shop.bantam.ch\/de\/produkt\/cadac-grillo-chef-40-bbq-dome-30-mbar\/","url":"https:\/\/shop.bantam.ch\/de\/produkt\/cadac-grillo-chef-40-bbq-dome-30-mbar\/","name":"Cadac, Grillo Chef 40 BBQ \/ Dome \/ 30 mbar - Bantam Camping AG","isPartOf":{"@id":"https:\/\/shop.bantam.ch\/de\/#website"},"primaryImageOfPage":{"@id":"https:\/\/shop.bantam.ch\/de\/produkt\/cadac-grillo-chef-40-bbq-dome-30-mbar\/#primaryimage"},"image":{"@id":"https:\/\/shop.bantam.ch\/de\/produkt\/cadac-grillo-chef-40-bbq-dome-30-mbar\/#primaryimage"},"thumbnailUrl":"https:\/\/shop.bantam.ch\/wp-content\/uploads\/2024\/03\/350603.png","datePublished":"2023-03-06T12:45:46+00:00","dateModified":"2026-04-18T20:56:27+00:00","breadcrumb":{"@id":"https:\/\/shop.bantam.ch\/de\/produkt\/cadac-grillo-chef-40-bbq-dome-30-mbar\/#breadcrumb"},"inLanguage":"de","potentialAction":[{"@type":"ReadAction","target":["https:\/\/shop.bantam.ch\/de\/produkt\/cadac-grillo-chef-40-bbq-dome-30-mbar\/"]}]},{"@type":"ImageObject","inLanguage":"de","@id":"https:\/\/shop.bantam.ch\/de\/produkt\/cadac-grillo-chef-40-bbq-dome-30-mbar\/#primaryimage","url":"https:\/\/shop.bantam.ch\/wp-content\/uploads\/2024\/03\/350603.png","contentUrl":"https:\/\/shop.bantam.ch\/wp-content\/uploads\/2024\/03\/350603.png","width":400,"height":433},{"@type":"BreadcrumbList","@id":"https:\/\/shop.bantam.ch\/de\/produkt\/cadac-grillo-chef-40-bbq-dome-30-mbar\/#breadcrumb","itemListElement":[{"@type":"ListItem","position":1,"name":"Accueil","item":"https:\/\/shop.bantam.ch\/de\/"},{"@type":"ListItem","position":2,"name":"Shop","item":"https:\/\/shop.bantam.ch\/de\/shop\/"},{"@type":"ListItem","position":3,"name":"Cadac, Grillo Chef 40 BBQ \/ Dome \/ 30 mbar"}]},{"@type":"WebSite","@id":"https:\/\/shop.bantam.ch\/de\/#website","url":"https:\/\/shop.bantam.ch\/de\/","name":"Bantam Camping AG","description":"","publisher":{"@id":"https:\/\/shop.bantam.ch\/de\/#organization"},"inLanguage":"de"},{"@type":"Organization","@id":"https:\/\/shop.bantam.ch\/de\/#organization","name":"Bantam Camping AG","url":"https:\/\/shop.bantam.ch\/de\/","logo":{"@type":"ImageObject","inLanguage":"de","@id":"https:\/\/shop.bantam.ch\/de\/#\/schema\/logo\/image\/","url":"https:\/\/shop.bantam.ch\/wp-content\/uploads\/2022\/12\/bantam-logo.png","contentUrl":"https:\/\/shop.bantam.ch\/wp-content\/uploads\/2022\/12\/bantam-logo.png","width":320,"height":71,"caption":"Bantam Camping AG"},"image":{"@id":"https:\/\/shop.bantam.ch\/de\/#\/schema\/logo\/image\/"}}]}},"_links":{"self":[{"href":"https:\/\/shop.bantam.ch\/de\/wp-json\/wp\/v2\/product\/189880","targetHints":{"allow":["GET"]}}],"collection":[{"href":"https:\/\/shop.bantam.ch\/de\/wp-json\/wp\/v2\/product"}],"about":[{"href":"https:\/\/shop.bantam.ch\/de\/wp-json\/wp\/v2\/types\/product"}],"wp:featuredmedia":[{"embeddable":true,"href":"https:\/\/shop.bantam.ch\/de\/wp-json\/wp\/v2\/media\/189876"}],"wp:attachment":[{"href":"https:\/\/shop.bantam.ch\/de\/wp-json\/wp\/v2\/media?parent=189880"}],"wp:term":[{"taxonomy":"product_featured_cat","embeddable":true,"href":"https:\/\/shop.bantam.ch\/de\/wp-json\/wp\/v2\/product_featured_cat?post=189880"},{"taxonomy":"product_brand","embeddable":true,"href":"https:\/\/shop.bantam.ch\/de\/wp-json\/wp\/v2\/product_brand?post=189880"},{"taxonomy":"product_cat","embeddable":true,"href":"https:\/\/shop.bantam.ch\/de\/wp-json\/wp\/v2\/product_cat?post=189880"},{"taxonomy":"product_tag","embeddable":true,"href":"https:\/\/shop.bantam.ch\/de\/wp-json\/wp\/v2\/product_tag?post=189880"}],"curies":[{"name":"wp","href":"https:\/\/api.w.org\/{rel}","templated":true}]}}