{"id":189756,"date":"2023-02-27T16:06:13","date_gmt":"2023-02-27T15:06:13","guid":{"rendered":"https:\/\/shop.bantam.ch\/produit\/klimaanlage-truma-aventa-compact-plus-farbe-ausseneinheit-schwarz-luftverteiler-tele-basaltgrau\/"},"modified":"2026-04-19T22:58:50","modified_gmt":"2026-04-19T20:58:50","slug":"klimaanlage-truma-aventa-compact-plus-farbe-ausseneinheit-schwarz-luftverteiler-tele-basaltgrau","status":"publish","type":"product","link":"https:\/\/shop.bantam.ch\/de\/produkt\/klimaanlage-truma-aventa-compact-plus-farbe-ausseneinheit-schwarz-luftverteiler-tele-basaltgrau\/","title":{"rendered":"Klimaanlage Truma Aventa compact plus Farbe Au\u00dfeneinheit schwarz Luftverteiler tele-\/basaltgrau"},"content":{"rendered":"<p>Die Aventa compact ist so dimensioniert, dass sie auf jedes Fahrzeugdach passt. Zugleich ist sie die leichteste und leiseste Dachklimaanlage auf dem Markt. Eine exzellente K\u00fchlleistung ist dabei selbstverst\u00e4ndlich.<\/p>\n<p>Praktisch: Klimaanlage mit den universellen Einbaurahmen schnell und einfach montieren Flexibel: Modulares Aventa Produktprogramm passt f\u00fcr alle Fahrzeuge &#8211; vom Kastenwagen bis zum Liner Bew\u00e4hrt: Im Garantiefall erhalten Sie ein Neuger\u00e4t von uns Vernetzt: Einfach ins Truma iNet System zu integrieren \u00dcber den Luftverteiler small str\u00f6mt die k\u00fchle Luft in den gesamten Innenraum. Die vier Ausl\u00e4sse k\u00f6nnen individuell eingestellt werden und dosieren den Luftstrom gleichm\u00e4\u00dfig und zugluftfrei im Fahrzeug.<br \/>\nBeim Luftverteiler small muss kein seitlicher Freiraum ber\u00fccksichtigt werden. Dadurch und durch die kompakten Abmessungen, bietet er wesentlich flexiblere Gestaltungsm\u00f6glichkeiten beim M\u00f6belbau. Vor und hinter den Luftverteilern muss ein ungehindertes Ausblasen gew\u00e4hrleistet sein.<\/p>\n<p>Abmessungen au\u00dfen: 560 x 265 x 785 mm (B x H x T)<br \/>\nAbmessungen innen: 496 x 46 x 556 mm (B x H x T)<br \/>\nDachausschnitt: 380 x 350 mm und 400 x 400 mm (B x T)<br \/>\nDachst\u00e4rke: 25 &#8211; 50 mm (mit Dachst\u00e4rkenadapter bis 110 mm)<br \/>\nK\u00fchlleistung: 1700 W \/ 5800 BTU\/h<br \/>\nLeistungsaufnahme: 650 W<br \/>\nStromaufnahme K\u00fchlbetrieb: 4,4 A<\/p>\n","protected":false},"excerpt":{"rendered":"<p>Die Aventa compact ist so dimensioniert, dass sie auf jedes Fahrzeugdach passt. Zugleich ist sie die leichteste und leiseste Dachklimaanlage auf dem Markt. Eine exzellente K\u00fchlleistung ist dabei selbstverst\u00e4ndlich. Praktisch: Klimaanlage mit den universellen Einbaurahmen schnell und einfach montieren Flexibel: Modulares Aventa Produktprogramm passt f\u00fcr alle Fahrzeuge &#8211; vom Kastenwagen bis zum Liner Bew\u00e4hrt: Im [&hellip;]<\/p>\n","protected":false},"featured_media":207217,"template":"","meta":{"_acf_changed":false},"product_featured_cat":[],"product_brand":[3027],"product_cat":[4090],"product_tag":[],"class_list":{"0":"post-189756","1":"product","2":"type-product","3":"status-publish","4":"has-post-thumbnail","6":"product_brand-truma-de","7":"product_cat-klimaanlagen","9":"first","10":"instock","11":"taxable","12":"shipping-taxable","13":"purchasable","14":"product-type-simple"},"acf":[],"yoast_head":"<!-- This site is optimized with the Yoast SEO plugin v27.4 - https:\/\/yoast.com\/product\/yoast-seo-wordpress\/ -->\n<title>Klimaanlage Truma Aventa compact plus Farbe Au\u00dfeneinheit schwarz Luftverteiler tele-\/basaltgrau - Bantam Camping AG<\/title>\n<meta name=\"robots\" content=\"index, follow, max-snippet:-1, max-image-preview:large, max-video-preview:-1\" \/>\n<link rel=\"canonical\" href=\"https:\/\/shop.bantam.ch\/de\/produkt\/klimaanlage-truma-aventa-compact-plus-farbe-ausseneinheit-schwarz-luftverteiler-tele-basaltgrau\/\" \/>\n<meta property=\"og:locale\" content=\"de_DE\" \/>\n<meta property=\"og:type\" content=\"article\" \/>\n<meta property=\"og:title\" content=\"Klimaanlage Truma Aventa compact plus Farbe Au\u00dfeneinheit schwarz Luftverteiler tele-\/basaltgrau - Bantam Camping AG\" \/>\n<meta property=\"og:description\" content=\"Die Aventa compact ist so dimensioniert, dass sie auf jedes Fahrzeugdach passt. Zugleich ist sie die leichteste und leiseste Dachklimaanlage auf dem Markt. Eine exzellente K\u00fchlleistung ist dabei selbstverst\u00e4ndlich. Praktisch: Klimaanlage mit den universellen Einbaurahmen schnell und einfach montieren Flexibel: Modulares Aventa Produktprogramm passt f\u00fcr alle Fahrzeuge &#8211; vom Kastenwagen bis zum Liner Bew\u00e4hrt: Im [&hellip;]\" \/>\n<meta property=\"og:url\" content=\"https:\/\/shop.bantam.ch\/de\/produkt\/klimaanlage-truma-aventa-compact-plus-farbe-ausseneinheit-schwarz-luftverteiler-tele-basaltgrau\/\" \/>\n<meta property=\"og:site_name\" content=\"Bantam Camping AG\" \/>\n<meta property=\"article:modified_time\" content=\"2026-04-19T20:58:50+00:00\" \/>\n<meta property=\"og:image\" content=\"https:\/\/shop.bantam.ch\/wp-content\/uploads\/2024\/02\/Movera-L-9963347100.jpg\" \/>\n\t<meta property=\"og:image:width\" content=\"640\" \/>\n\t<meta property=\"og:image:height\" content=\"475\" \/>\n\t<meta property=\"og:image:type\" content=\"image\/jpeg\" \/>\n<meta name=\"twitter:card\" content=\"summary_large_image\" \/>\n<meta name=\"twitter:label1\" content=\"Gesch\u00e4tzte Lesezeit\" \/>\n\t<meta name=\"twitter:data1\" content=\"1\u00a0Minute\" \/>\n<script type=\"application\/ld+json\" class=\"yoast-schema-graph\">{\"@context\":\"https:\\\/\\\/schema.org\",\"@graph\":[{\"@type\":\"WebPage\",\"@id\":\"https:\\\/\\\/shop.bantam.ch\\\/de\\\/produkt\\\/klimaanlage-truma-aventa-compact-plus-farbe-ausseneinheit-schwarz-luftverteiler-tele-basaltgrau\\\/\",\"url\":\"https:\\\/\\\/shop.bantam.ch\\\/de\\\/produkt\\\/klimaanlage-truma-aventa-compact-plus-farbe-ausseneinheit-schwarz-luftverteiler-tele-basaltgrau\\\/\",\"name\":\"Klimaanlage Truma Aventa compact plus Farbe Au\u00dfeneinheit schwarz Luftverteiler tele-\\\/basaltgrau - Bantam Camping AG\",\"isPartOf\":{\"@id\":\"https:\\\/\\\/shop.bantam.ch\\\/de\\\/#website\"},\"primaryImageOfPage\":{\"@id\":\"https:\\\/\\\/shop.bantam.ch\\\/de\\\/produkt\\\/klimaanlage-truma-aventa-compact-plus-farbe-ausseneinheit-schwarz-luftverteiler-tele-basaltgrau\\\/#primaryimage\"},\"image\":{\"@id\":\"https:\\\/\\\/shop.bantam.ch\\\/de\\\/produkt\\\/klimaanlage-truma-aventa-compact-plus-farbe-ausseneinheit-schwarz-luftverteiler-tele-basaltgrau\\\/#primaryimage\"},\"thumbnailUrl\":\"https:\\\/\\\/shop.bantam.ch\\\/wp-content\\\/uploads\\\/2024\\\/09\\\/Movera-L-9963347100.jpg\",\"datePublished\":\"2023-02-27T15:06:13+00:00\",\"dateModified\":\"2026-04-19T20:58:50+00:00\",\"breadcrumb\":{\"@id\":\"https:\\\/\\\/shop.bantam.ch\\\/de\\\/produkt\\\/klimaanlage-truma-aventa-compact-plus-farbe-ausseneinheit-schwarz-luftverteiler-tele-basaltgrau\\\/#breadcrumb\"},\"inLanguage\":\"de\",\"potentialAction\":[{\"@type\":\"ReadAction\",\"target\":[\"https:\\\/\\\/shop.bantam.ch\\\/de\\\/produkt\\\/klimaanlage-truma-aventa-compact-plus-farbe-ausseneinheit-schwarz-luftverteiler-tele-basaltgrau\\\/\"]}]},{\"@type\":\"ImageObject\",\"inLanguage\":\"de\",\"@id\":\"https:\\\/\\\/shop.bantam.ch\\\/de\\\/produkt\\\/klimaanlage-truma-aventa-compact-plus-farbe-ausseneinheit-schwarz-luftverteiler-tele-basaltgrau\\\/#primaryimage\",\"url\":\"https:\\\/\\\/shop.bantam.ch\\\/wp-content\\\/uploads\\\/2024\\\/09\\\/Movera-L-9963347100.jpg\",\"contentUrl\":\"https:\\\/\\\/shop.bantam.ch\\\/wp-content\\\/uploads\\\/2024\\\/09\\\/Movera-L-9963347100.jpg\",\"width\":640,\"height\":475},{\"@type\":\"BreadcrumbList\",\"@id\":\"https:\\\/\\\/shop.bantam.ch\\\/de\\\/produkt\\\/klimaanlage-truma-aventa-compact-plus-farbe-ausseneinheit-schwarz-luftverteiler-tele-basaltgrau\\\/#breadcrumb\",\"itemListElement\":[{\"@type\":\"ListItem\",\"position\":1,\"name\":\"Accueil\",\"item\":\"https:\\\/\\\/shop.bantam.ch\\\/de\\\/\"},{\"@type\":\"ListItem\",\"position\":2,\"name\":\"Shop\",\"item\":\"https:\\\/\\\/shop.bantam.ch\\\/de\\\/shop\\\/\"},{\"@type\":\"ListItem\",\"position\":3,\"name\":\"Klimaanlage Truma Aventa compact plus Farbe Au\u00dfeneinheit schwarz Luftverteiler tele-\\\/basaltgrau\"}]},{\"@type\":\"WebSite\",\"@id\":\"https:\\\/\\\/shop.bantam.ch\\\/de\\\/#website\",\"url\":\"https:\\\/\\\/shop.bantam.ch\\\/de\\\/\",\"name\":\"Bantam Camping AG\",\"description\":\"\",\"publisher\":{\"@id\":\"https:\\\/\\\/shop.bantam.ch\\\/de\\\/#organization\"},\"inLanguage\":\"de\"},{\"@type\":\"Organization\",\"@id\":\"https:\\\/\\\/shop.bantam.ch\\\/de\\\/#organization\",\"name\":\"Bantam Camping AG\",\"url\":\"https:\\\/\\\/shop.bantam.ch\\\/de\\\/\",\"logo\":{\"@type\":\"ImageObject\",\"inLanguage\":\"de\",\"@id\":\"https:\\\/\\\/shop.bantam.ch\\\/de\\\/#\\\/schema\\\/logo\\\/image\\\/\",\"url\":\"https:\\\/\\\/shop.bantam.ch\\\/wp-content\\\/uploads\\\/2022\\\/12\\\/bantam-logo.png\",\"contentUrl\":\"https:\\\/\\\/shop.bantam.ch\\\/wp-content\\\/uploads\\\/2022\\\/12\\\/bantam-logo.png\",\"width\":320,\"height\":71,\"caption\":\"Bantam Camping AG\"},\"image\":{\"@id\":\"https:\\\/\\\/shop.bantam.ch\\\/de\\\/#\\\/schema\\\/logo\\\/image\\\/\"}}]}<\/script>\n<!-- \/ Yoast SEO plugin. -->","yoast_head_json":{"title":"Klimaanlage Truma Aventa compact plus Farbe Au\u00dfeneinheit schwarz Luftverteiler tele-\/basaltgrau - Bantam Camping AG","robots":{"index":"index","follow":"follow","max-snippet":"max-snippet:-1","max-image-preview":"max-image-preview:large","max-video-preview":"max-video-preview:-1"},"canonical":"https:\/\/shop.bantam.ch\/de\/produkt\/klimaanlage-truma-aventa-compact-plus-farbe-ausseneinheit-schwarz-luftverteiler-tele-basaltgrau\/","og_locale":"de_DE","og_type":"article","og_title":"Klimaanlage Truma Aventa compact plus Farbe Au\u00dfeneinheit schwarz Luftverteiler tele-\/basaltgrau - Bantam Camping AG","og_description":"Die Aventa compact ist so dimensioniert, dass sie auf jedes Fahrzeugdach passt. Zugleich ist sie die leichteste und leiseste Dachklimaanlage auf dem Markt. Eine exzellente K\u00fchlleistung ist dabei selbstverst\u00e4ndlich. Praktisch: Klimaanlage mit den universellen Einbaurahmen schnell und einfach montieren Flexibel: Modulares Aventa Produktprogramm passt f\u00fcr alle Fahrzeuge &#8211; vom Kastenwagen bis zum Liner Bew\u00e4hrt: Im [&hellip;]","og_url":"https:\/\/shop.bantam.ch\/de\/produkt\/klimaanlage-truma-aventa-compact-plus-farbe-ausseneinheit-schwarz-luftverteiler-tele-basaltgrau\/","og_site_name":"Bantam Camping AG","article_modified_time":"2026-04-19T20:58:50+00:00","og_image":[{"width":640,"height":475,"url":"https:\/\/shop.bantam.ch\/wp-content\/uploads\/2024\/02\/Movera-L-9963347100.jpg","type":"image\/jpeg"}],"twitter_card":"summary_large_image","twitter_misc":{"Gesch\u00e4tzte Lesezeit":"1\u00a0Minute"},"schema":{"@context":"https:\/\/schema.org","@graph":[{"@type":"WebPage","@id":"https:\/\/shop.bantam.ch\/de\/produkt\/klimaanlage-truma-aventa-compact-plus-farbe-ausseneinheit-schwarz-luftverteiler-tele-basaltgrau\/","url":"https:\/\/shop.bantam.ch\/de\/produkt\/klimaanlage-truma-aventa-compact-plus-farbe-ausseneinheit-schwarz-luftverteiler-tele-basaltgrau\/","name":"Klimaanlage Truma Aventa compact plus Farbe Au\u00dfeneinheit schwarz Luftverteiler tele-\/basaltgrau - Bantam Camping AG","isPartOf":{"@id":"https:\/\/shop.bantam.ch\/de\/#website"},"primaryImageOfPage":{"@id":"https:\/\/shop.bantam.ch\/de\/produkt\/klimaanlage-truma-aventa-compact-plus-farbe-ausseneinheit-schwarz-luftverteiler-tele-basaltgrau\/#primaryimage"},"image":{"@id":"https:\/\/shop.bantam.ch\/de\/produkt\/klimaanlage-truma-aventa-compact-plus-farbe-ausseneinheit-schwarz-luftverteiler-tele-basaltgrau\/#primaryimage"},"thumbnailUrl":"https:\/\/shop.bantam.ch\/wp-content\/uploads\/2024\/09\/Movera-L-9963347100.jpg","datePublished":"2023-02-27T15:06:13+00:00","dateModified":"2026-04-19T20:58:50+00:00","breadcrumb":{"@id":"https:\/\/shop.bantam.ch\/de\/produkt\/klimaanlage-truma-aventa-compact-plus-farbe-ausseneinheit-schwarz-luftverteiler-tele-basaltgrau\/#breadcrumb"},"inLanguage":"de","potentialAction":[{"@type":"ReadAction","target":["https:\/\/shop.bantam.ch\/de\/produkt\/klimaanlage-truma-aventa-compact-plus-farbe-ausseneinheit-schwarz-luftverteiler-tele-basaltgrau\/"]}]},{"@type":"ImageObject","inLanguage":"de","@id":"https:\/\/shop.bantam.ch\/de\/produkt\/klimaanlage-truma-aventa-compact-plus-farbe-ausseneinheit-schwarz-luftverteiler-tele-basaltgrau\/#primaryimage","url":"https:\/\/shop.bantam.ch\/wp-content\/uploads\/2024\/09\/Movera-L-9963347100.jpg","contentUrl":"https:\/\/shop.bantam.ch\/wp-content\/uploads\/2024\/09\/Movera-L-9963347100.jpg","width":640,"height":475},{"@type":"BreadcrumbList","@id":"https:\/\/shop.bantam.ch\/de\/produkt\/klimaanlage-truma-aventa-compact-plus-farbe-ausseneinheit-schwarz-luftverteiler-tele-basaltgrau\/#breadcrumb","itemListElement":[{"@type":"ListItem","position":1,"name":"Accueil","item":"https:\/\/shop.bantam.ch\/de\/"},{"@type":"ListItem","position":2,"name":"Shop","item":"https:\/\/shop.bantam.ch\/de\/shop\/"},{"@type":"ListItem","position":3,"name":"Klimaanlage Truma Aventa compact plus Farbe Au\u00dfeneinheit schwarz Luftverteiler tele-\/basaltgrau"}]},{"@type":"WebSite","@id":"https:\/\/shop.bantam.ch\/de\/#website","url":"https:\/\/shop.bantam.ch\/de\/","name":"Bantam Camping AG","description":"","publisher":{"@id":"https:\/\/shop.bantam.ch\/de\/#organization"},"inLanguage":"de"},{"@type":"Organization","@id":"https:\/\/shop.bantam.ch\/de\/#organization","name":"Bantam Camping AG","url":"https:\/\/shop.bantam.ch\/de\/","logo":{"@type":"ImageObject","inLanguage":"de","@id":"https:\/\/shop.bantam.ch\/de\/#\/schema\/logo\/image\/","url":"https:\/\/shop.bantam.ch\/wp-content\/uploads\/2022\/12\/bantam-logo.png","contentUrl":"https:\/\/shop.bantam.ch\/wp-content\/uploads\/2022\/12\/bantam-logo.png","width":320,"height":71,"caption":"Bantam Camping AG"},"image":{"@id":"https:\/\/shop.bantam.ch\/de\/#\/schema\/logo\/image\/"}}]}},"_links":{"self":[{"href":"https:\/\/shop.bantam.ch\/de\/wp-json\/wp\/v2\/product\/189756","targetHints":{"allow":["GET"]}}],"collection":[{"href":"https:\/\/shop.bantam.ch\/de\/wp-json\/wp\/v2\/product"}],"about":[{"href":"https:\/\/shop.bantam.ch\/de\/wp-json\/wp\/v2\/types\/product"}],"wp:featuredmedia":[{"embeddable":true,"href":"https:\/\/shop.bantam.ch\/de\/wp-json\/wp\/v2\/media\/207217"}],"wp:attachment":[{"href":"https:\/\/shop.bantam.ch\/de\/wp-json\/wp\/v2\/media?parent=189756"}],"wp:term":[{"taxonomy":"product_featured_cat","embeddable":true,"href":"https:\/\/shop.bantam.ch\/de\/wp-json\/wp\/v2\/product_featured_cat?post=189756"},{"taxonomy":"product_brand","embeddable":true,"href":"https:\/\/shop.bantam.ch\/de\/wp-json\/wp\/v2\/product_brand?post=189756"},{"taxonomy":"product_cat","embeddable":true,"href":"https:\/\/shop.bantam.ch\/de\/wp-json\/wp\/v2\/product_cat?post=189756"},{"taxonomy":"product_tag","embeddable":true,"href":"https:\/\/shop.bantam.ch\/de\/wp-json\/wp\/v2\/product_tag?post=189756"}],"curies":[{"name":"wp","href":"https:\/\/api.w.org\/{rel}","templated":true}]}}