{"id":189752,"date":"2024-02-27T16:00:26","date_gmt":"2024-02-27T15:00:26","guid":{"rendered":"https:\/\/shop.bantam.ch\/produit\/klimaanlage-truma-aventa-comfort-farbe-ausseneinheit-schwarz-luftverteiler-tele-basaltgrau\/"},"modified":"2026-04-19T22:58:44","modified_gmt":"2026-04-19T20:58:44","slug":"klimaanlage-truma-aventa-comfort-farbe-ausseneinheit-schwarz-luftverteiler-tele-basaltgrau","status":"publish","type":"product","link":"https:\/\/shop.bantam.ch\/de\/produkt\/klimaanlage-truma-aventa-comfort-farbe-ausseneinheit-schwarz-luftverteiler-tele-basaltgrau\/","title":{"rendered":"Klimaanlage Truma Aventa comfort Farbe Au\u00dfeneinheit schwarz Luftverteiler tele-\/basaltgrau"},"content":{"rendered":"<p>Die Aventa comfort bietet ein leistungsstarkes und komfortables Klimasystem, das den Innenraum an hei\u00dfen Tagen kraftvoll k\u00fchlt und entfeuchtet. Sie kann aber auch \u00fcber die integrierte W\u00e4rmepumpe als energiesparende W\u00e4rmequelle verwendet werden. Die Aventa eco bringt mit ihrer hohen K\u00fchlleistung ihr Fahrzeug m\u00fchelos und schnell auf die gew\u00fcnschte Wohlf\u00fchltemperatur. Dabei nimmt sie so wenig Strom auf, dass sie selbst auf schwach abgesicherten Campingpl\u00e4tzen eingesetzt werden kann. Perfekt f\u00fcr alle, die gleichzeitig Leistung und Sparsamkeit w\u00fcnschen.<br \/>\nAventa comfort sorgt mit 2.400 W K\u00fchlleistung f\u00fcr schnelle Abk\u00fchlung. Aventa eco mit sehr geringer Stromaufnahme. Wabenf\u00f6rmiges Luftfiltersystem reinigt die Innenluft. Besonders leicht f\u00fcr mehr Zuladung. Leise K\u00fchlung durch Sleep-Funktion. Zwei Luftverteiler-Farbvarianten. Flachster Luftverteiler am Markt. Dimmbare LED-Beleuchtung. Infrarot-Fernbedienug mit Uhrzeit und Timer. \u00dcber Truma CP plus &#8211; iNet ready bedienbar. Je zwei einzeln verstellbare Luftausl\u00e4sse vorne und hinten.<\/p>\n<p>Informationen K\u00fchlen &amp; Heizen<br \/>\nBreite 66 cm<br \/>\nTiefe 100.8 cm<br \/>\nH\u00f6he 24.8 cm<br \/>\nAllgemeine Informationen<br \/>\nHerstellerfarbe schwarz, tele- \/ basaltgrau<br \/>\nFarbe schwarz, grau<br \/>\nGewicht 33 kg<br \/>\nInformationen Klimaanlagen<br \/>\nProdukttyp Dachklimaanlagen<br \/>\nNennk\u00fchlleistung 2\u2019400 W<br \/>\nStromaufnahme K\u00fchlbetrieb 2.4 A<br \/>\nAnschlussspannung 230 V<br \/>\nNennw\u00e4rmeleistung 1\u2019700 W<br \/>\nStromaufnahme W\u00e4rmebetrieb 3.7 A<br \/>\nempfohlene Fahrzeugl\u00e4nge 7 m<br \/>\nDachausschnitt 380 x 350 \/ 400 x 000 mm<br \/>\nDachst\u00e4rke 25 &#8211; 50 mm<br \/>\nAbmessungen au\u00dfen 660 x 248 x 1008 mm<br \/>\nAbmessungen innen 523 x 46 x 670 mm<br \/>\nSonstige Hinweise Nur f\u00fcr den Einbau im Fahrzeug bestimmt.<br \/>\nInformationen Ausf\u00fchrung<br \/>\nVariante Au\u00dfeneinheit schwarz<br \/>\nInformationen Ausf\u00fchrung Farbe<br \/>\nHerstellerfarbe tele- \/ basaltgrau<\/p>\n","protected":false},"excerpt":{"rendered":"<p>Die Aventa comfort bietet ein leistungsstarkes und komfortables Klimasystem, das den Innenraum an hei\u00dfen Tagen kraftvoll k\u00fchlt und entfeuchtet. Sie kann aber auch \u00fcber die integrierte W\u00e4rmepumpe als energiesparende W\u00e4rmequelle verwendet werden. Die Aventa eco bringt mit ihrer hohen K\u00fchlleistung ihr Fahrzeug m\u00fchelos und schnell auf die gew\u00fcnschte Wohlf\u00fchltemperatur. Dabei nimmt sie so wenig Strom [&hellip;]<\/p>\n","protected":false},"featured_media":207215,"template":"","meta":{"_acf_changed":false},"product_featured_cat":[],"product_brand":[3027],"product_cat":[4090],"product_tag":[],"class_list":{"0":"post-189752","1":"product","2":"type-product","3":"status-publish","4":"has-post-thumbnail","6":"product_brand-truma-de","7":"product_cat-klimaanlagen","9":"first","10":"instock","11":"taxable","12":"shipping-taxable","13":"purchasable","14":"product-type-simple"},"acf":[],"yoast_head":"<!-- This site is optimized with the Yoast SEO plugin v27.4 - https:\/\/yoast.com\/product\/yoast-seo-wordpress\/ -->\n<title>Klimaanlage Truma Aventa comfort Farbe Au\u00dfeneinheit schwarz Luftverteiler tele-\/basaltgrau - Bantam Camping AG<\/title>\n<meta name=\"robots\" content=\"index, follow, max-snippet:-1, max-image-preview:large, max-video-preview:-1\" \/>\n<link rel=\"canonical\" href=\"https:\/\/shop.bantam.ch\/de\/produkt\/klimaanlage-truma-aventa-comfort-farbe-ausseneinheit-schwarz-luftverteiler-tele-basaltgrau\/\" \/>\n<meta property=\"og:locale\" content=\"de_DE\" \/>\n<meta property=\"og:type\" content=\"article\" \/>\n<meta property=\"og:title\" content=\"Klimaanlage Truma Aventa comfort Farbe Au\u00dfeneinheit schwarz Luftverteiler tele-\/basaltgrau - Bantam Camping AG\" \/>\n<meta property=\"og:description\" content=\"Die Aventa comfort bietet ein leistungsstarkes und komfortables Klimasystem, das den Innenraum an hei\u00dfen Tagen kraftvoll k\u00fchlt und entfeuchtet. Sie kann aber auch \u00fcber die integrierte W\u00e4rmepumpe als energiesparende W\u00e4rmequelle verwendet werden. Die Aventa eco bringt mit ihrer hohen K\u00fchlleistung ihr Fahrzeug m\u00fchelos und schnell auf die gew\u00fcnschte Wohlf\u00fchltemperatur. Dabei nimmt sie so wenig Strom [&hellip;]\" \/>\n<meta property=\"og:url\" content=\"https:\/\/shop.bantam.ch\/de\/produkt\/klimaanlage-truma-aventa-comfort-farbe-ausseneinheit-schwarz-luftverteiler-tele-basaltgrau\/\" \/>\n<meta property=\"og:site_name\" content=\"Bantam Camping AG\" \/>\n<meta property=\"article:modified_time\" content=\"2026-04-19T20:58:44+00:00\" \/>\n<meta property=\"og:image\" content=\"https:\/\/shop.bantam.ch\/wp-content\/uploads\/2024\/02\/Movera-L-9963345100.jpg\" \/>\n\t<meta property=\"og:image:width\" content=\"640\" \/>\n\t<meta property=\"og:image:height\" content=\"475\" \/>\n\t<meta property=\"og:image:type\" content=\"image\/jpeg\" \/>\n<meta name=\"twitter:card\" content=\"summary_large_image\" \/>\n<meta name=\"twitter:label1\" content=\"Gesch\u00e4tzte Lesezeit\" \/>\n\t<meta name=\"twitter:data1\" content=\"1\u00a0Minute\" \/>\n<script type=\"application\/ld+json\" class=\"yoast-schema-graph\">{\"@context\":\"https:\\\/\\\/schema.org\",\"@graph\":[{\"@type\":\"WebPage\",\"@id\":\"https:\\\/\\\/shop.bantam.ch\\\/de\\\/produkt\\\/klimaanlage-truma-aventa-comfort-farbe-ausseneinheit-schwarz-luftverteiler-tele-basaltgrau\\\/\",\"url\":\"https:\\\/\\\/shop.bantam.ch\\\/de\\\/produkt\\\/klimaanlage-truma-aventa-comfort-farbe-ausseneinheit-schwarz-luftverteiler-tele-basaltgrau\\\/\",\"name\":\"Klimaanlage Truma Aventa comfort Farbe Au\u00dfeneinheit schwarz Luftverteiler tele-\\\/basaltgrau - Bantam Camping AG\",\"isPartOf\":{\"@id\":\"https:\\\/\\\/shop.bantam.ch\\\/de\\\/#website\"},\"primaryImageOfPage\":{\"@id\":\"https:\\\/\\\/shop.bantam.ch\\\/de\\\/produkt\\\/klimaanlage-truma-aventa-comfort-farbe-ausseneinheit-schwarz-luftverteiler-tele-basaltgrau\\\/#primaryimage\"},\"image\":{\"@id\":\"https:\\\/\\\/shop.bantam.ch\\\/de\\\/produkt\\\/klimaanlage-truma-aventa-comfort-farbe-ausseneinheit-schwarz-luftverteiler-tele-basaltgrau\\\/#primaryimage\"},\"thumbnailUrl\":\"https:\\\/\\\/shop.bantam.ch\\\/wp-content\\\/uploads\\\/2024\\\/09\\\/Movera-L-9963345100.jpg\",\"datePublished\":\"2024-02-27T15:00:26+00:00\",\"dateModified\":\"2026-04-19T20:58:44+00:00\",\"breadcrumb\":{\"@id\":\"https:\\\/\\\/shop.bantam.ch\\\/de\\\/produkt\\\/klimaanlage-truma-aventa-comfort-farbe-ausseneinheit-schwarz-luftverteiler-tele-basaltgrau\\\/#breadcrumb\"},\"inLanguage\":\"de\",\"potentialAction\":[{\"@type\":\"ReadAction\",\"target\":[\"https:\\\/\\\/shop.bantam.ch\\\/de\\\/produkt\\\/klimaanlage-truma-aventa-comfort-farbe-ausseneinheit-schwarz-luftverteiler-tele-basaltgrau\\\/\"]}]},{\"@type\":\"ImageObject\",\"inLanguage\":\"de\",\"@id\":\"https:\\\/\\\/shop.bantam.ch\\\/de\\\/produkt\\\/klimaanlage-truma-aventa-comfort-farbe-ausseneinheit-schwarz-luftverteiler-tele-basaltgrau\\\/#primaryimage\",\"url\":\"https:\\\/\\\/shop.bantam.ch\\\/wp-content\\\/uploads\\\/2024\\\/09\\\/Movera-L-9963345100.jpg\",\"contentUrl\":\"https:\\\/\\\/shop.bantam.ch\\\/wp-content\\\/uploads\\\/2024\\\/09\\\/Movera-L-9963345100.jpg\",\"width\":640,\"height\":475},{\"@type\":\"BreadcrumbList\",\"@id\":\"https:\\\/\\\/shop.bantam.ch\\\/de\\\/produkt\\\/klimaanlage-truma-aventa-comfort-farbe-ausseneinheit-schwarz-luftverteiler-tele-basaltgrau\\\/#breadcrumb\",\"itemListElement\":[{\"@type\":\"ListItem\",\"position\":1,\"name\":\"Accueil\",\"item\":\"https:\\\/\\\/shop.bantam.ch\\\/de\\\/\"},{\"@type\":\"ListItem\",\"position\":2,\"name\":\"Shop\",\"item\":\"https:\\\/\\\/shop.bantam.ch\\\/de\\\/shop\\\/\"},{\"@type\":\"ListItem\",\"position\":3,\"name\":\"Klimaanlage Truma Aventa comfort Farbe Au\u00dfeneinheit schwarz Luftverteiler tele-\\\/basaltgrau\"}]},{\"@type\":\"WebSite\",\"@id\":\"https:\\\/\\\/shop.bantam.ch\\\/de\\\/#website\",\"url\":\"https:\\\/\\\/shop.bantam.ch\\\/de\\\/\",\"name\":\"Bantam Camping AG\",\"description\":\"\",\"publisher\":{\"@id\":\"https:\\\/\\\/shop.bantam.ch\\\/de\\\/#organization\"},\"inLanguage\":\"de\"},{\"@type\":\"Organization\",\"@id\":\"https:\\\/\\\/shop.bantam.ch\\\/de\\\/#organization\",\"name\":\"Bantam Camping AG\",\"url\":\"https:\\\/\\\/shop.bantam.ch\\\/de\\\/\",\"logo\":{\"@type\":\"ImageObject\",\"inLanguage\":\"de\",\"@id\":\"https:\\\/\\\/shop.bantam.ch\\\/de\\\/#\\\/schema\\\/logo\\\/image\\\/\",\"url\":\"https:\\\/\\\/shop.bantam.ch\\\/wp-content\\\/uploads\\\/2022\\\/12\\\/bantam-logo.png\",\"contentUrl\":\"https:\\\/\\\/shop.bantam.ch\\\/wp-content\\\/uploads\\\/2022\\\/12\\\/bantam-logo.png\",\"width\":320,\"height\":71,\"caption\":\"Bantam Camping AG\"},\"image\":{\"@id\":\"https:\\\/\\\/shop.bantam.ch\\\/de\\\/#\\\/schema\\\/logo\\\/image\\\/\"}}]}<\/script>\n<!-- \/ Yoast SEO plugin. -->","yoast_head_json":{"title":"Klimaanlage Truma Aventa comfort Farbe Au\u00dfeneinheit schwarz Luftverteiler tele-\/basaltgrau - Bantam Camping AG","robots":{"index":"index","follow":"follow","max-snippet":"max-snippet:-1","max-image-preview":"max-image-preview:large","max-video-preview":"max-video-preview:-1"},"canonical":"https:\/\/shop.bantam.ch\/de\/produkt\/klimaanlage-truma-aventa-comfort-farbe-ausseneinheit-schwarz-luftverteiler-tele-basaltgrau\/","og_locale":"de_DE","og_type":"article","og_title":"Klimaanlage Truma Aventa comfort Farbe Au\u00dfeneinheit schwarz Luftverteiler tele-\/basaltgrau - Bantam Camping AG","og_description":"Die Aventa comfort bietet ein leistungsstarkes und komfortables Klimasystem, das den Innenraum an hei\u00dfen Tagen kraftvoll k\u00fchlt und entfeuchtet. Sie kann aber auch \u00fcber die integrierte W\u00e4rmepumpe als energiesparende W\u00e4rmequelle verwendet werden. Die Aventa eco bringt mit ihrer hohen K\u00fchlleistung ihr Fahrzeug m\u00fchelos und schnell auf die gew\u00fcnschte Wohlf\u00fchltemperatur. Dabei nimmt sie so wenig Strom [&hellip;]","og_url":"https:\/\/shop.bantam.ch\/de\/produkt\/klimaanlage-truma-aventa-comfort-farbe-ausseneinheit-schwarz-luftverteiler-tele-basaltgrau\/","og_site_name":"Bantam Camping AG","article_modified_time":"2026-04-19T20:58:44+00:00","og_image":[{"width":640,"height":475,"url":"https:\/\/shop.bantam.ch\/wp-content\/uploads\/2024\/02\/Movera-L-9963345100.jpg","type":"image\/jpeg"}],"twitter_card":"summary_large_image","twitter_misc":{"Gesch\u00e4tzte Lesezeit":"1\u00a0Minute"},"schema":{"@context":"https:\/\/schema.org","@graph":[{"@type":"WebPage","@id":"https:\/\/shop.bantam.ch\/de\/produkt\/klimaanlage-truma-aventa-comfort-farbe-ausseneinheit-schwarz-luftverteiler-tele-basaltgrau\/","url":"https:\/\/shop.bantam.ch\/de\/produkt\/klimaanlage-truma-aventa-comfort-farbe-ausseneinheit-schwarz-luftverteiler-tele-basaltgrau\/","name":"Klimaanlage Truma Aventa comfort Farbe Au\u00dfeneinheit schwarz Luftverteiler tele-\/basaltgrau - Bantam Camping AG","isPartOf":{"@id":"https:\/\/shop.bantam.ch\/de\/#website"},"primaryImageOfPage":{"@id":"https:\/\/shop.bantam.ch\/de\/produkt\/klimaanlage-truma-aventa-comfort-farbe-ausseneinheit-schwarz-luftverteiler-tele-basaltgrau\/#primaryimage"},"image":{"@id":"https:\/\/shop.bantam.ch\/de\/produkt\/klimaanlage-truma-aventa-comfort-farbe-ausseneinheit-schwarz-luftverteiler-tele-basaltgrau\/#primaryimage"},"thumbnailUrl":"https:\/\/shop.bantam.ch\/wp-content\/uploads\/2024\/09\/Movera-L-9963345100.jpg","datePublished":"2024-02-27T15:00:26+00:00","dateModified":"2026-04-19T20:58:44+00:00","breadcrumb":{"@id":"https:\/\/shop.bantam.ch\/de\/produkt\/klimaanlage-truma-aventa-comfort-farbe-ausseneinheit-schwarz-luftverteiler-tele-basaltgrau\/#breadcrumb"},"inLanguage":"de","potentialAction":[{"@type":"ReadAction","target":["https:\/\/shop.bantam.ch\/de\/produkt\/klimaanlage-truma-aventa-comfort-farbe-ausseneinheit-schwarz-luftverteiler-tele-basaltgrau\/"]}]},{"@type":"ImageObject","inLanguage":"de","@id":"https:\/\/shop.bantam.ch\/de\/produkt\/klimaanlage-truma-aventa-comfort-farbe-ausseneinheit-schwarz-luftverteiler-tele-basaltgrau\/#primaryimage","url":"https:\/\/shop.bantam.ch\/wp-content\/uploads\/2024\/09\/Movera-L-9963345100.jpg","contentUrl":"https:\/\/shop.bantam.ch\/wp-content\/uploads\/2024\/09\/Movera-L-9963345100.jpg","width":640,"height":475},{"@type":"BreadcrumbList","@id":"https:\/\/shop.bantam.ch\/de\/produkt\/klimaanlage-truma-aventa-comfort-farbe-ausseneinheit-schwarz-luftverteiler-tele-basaltgrau\/#breadcrumb","itemListElement":[{"@type":"ListItem","position":1,"name":"Accueil","item":"https:\/\/shop.bantam.ch\/de\/"},{"@type":"ListItem","position":2,"name":"Shop","item":"https:\/\/shop.bantam.ch\/de\/shop\/"},{"@type":"ListItem","position":3,"name":"Klimaanlage Truma Aventa comfort Farbe Au\u00dfeneinheit schwarz Luftverteiler tele-\/basaltgrau"}]},{"@type":"WebSite","@id":"https:\/\/shop.bantam.ch\/de\/#website","url":"https:\/\/shop.bantam.ch\/de\/","name":"Bantam Camping AG","description":"","publisher":{"@id":"https:\/\/shop.bantam.ch\/de\/#organization"},"inLanguage":"de"},{"@type":"Organization","@id":"https:\/\/shop.bantam.ch\/de\/#organization","name":"Bantam Camping AG","url":"https:\/\/shop.bantam.ch\/de\/","logo":{"@type":"ImageObject","inLanguage":"de","@id":"https:\/\/shop.bantam.ch\/de\/#\/schema\/logo\/image\/","url":"https:\/\/shop.bantam.ch\/wp-content\/uploads\/2022\/12\/bantam-logo.png","contentUrl":"https:\/\/shop.bantam.ch\/wp-content\/uploads\/2022\/12\/bantam-logo.png","width":320,"height":71,"caption":"Bantam Camping AG"},"image":{"@id":"https:\/\/shop.bantam.ch\/de\/#\/schema\/logo\/image\/"}}]}},"_links":{"self":[{"href":"https:\/\/shop.bantam.ch\/de\/wp-json\/wp\/v2\/product\/189752","targetHints":{"allow":["GET"]}}],"collection":[{"href":"https:\/\/shop.bantam.ch\/de\/wp-json\/wp\/v2\/product"}],"about":[{"href":"https:\/\/shop.bantam.ch\/de\/wp-json\/wp\/v2\/types\/product"}],"wp:featuredmedia":[{"embeddable":true,"href":"https:\/\/shop.bantam.ch\/de\/wp-json\/wp\/v2\/media\/207215"}],"wp:attachment":[{"href":"https:\/\/shop.bantam.ch\/de\/wp-json\/wp\/v2\/media?parent=189752"}],"wp:term":[{"taxonomy":"product_featured_cat","embeddable":true,"href":"https:\/\/shop.bantam.ch\/de\/wp-json\/wp\/v2\/product_featured_cat?post=189752"},{"taxonomy":"product_brand","embeddable":true,"href":"https:\/\/shop.bantam.ch\/de\/wp-json\/wp\/v2\/product_brand?post=189752"},{"taxonomy":"product_cat","embeddable":true,"href":"https:\/\/shop.bantam.ch\/de\/wp-json\/wp\/v2\/product_cat?post=189752"},{"taxonomy":"product_tag","embeddable":true,"href":"https:\/\/shop.bantam.ch\/de\/wp-json\/wp\/v2\/product_tag?post=189752"}],"curies":[{"name":"wp","href":"https:\/\/api.w.org\/{rel}","templated":true}]}}