{"id":189744,"date":"2024-02-27T16:20:33","date_gmt":"2024-02-27T15:20:33","guid":{"rendered":"https:\/\/shop.bantam.ch\/produit\/dachklimaanlage-off-by-indel-b-plein-aircon-12-v\/"},"modified":"2026-05-05T22:50:34","modified_gmt":"2026-05-05T20:50:34","slug":"dachklimaanlage-off-by-indel-b-plein-aircon-12-v","status":"publish","type":"product","link":"https:\/\/shop.bantam.ch\/de\/produkt\/dachklimaanlage-off-by-indel-b-plein-aircon-12-v\/","title":{"rendered":"Dachklimaanlage Off by Indel B Plein-Aircon, 12 V"},"content":{"rendered":"<p>Plein-Aircon ist das erste 12-V-Klimager\u00e4t f\u00fcr Wohnmobile und-teilintegrierte Wohnmobile, das nur von der Bordbatterie gespeist wird, d.h. ohne die Installation von Wandlern oder Generatoren. Wo auch immer Sie sind, genie\u00dfen Sie Ihren Aufenthalt-im Freien, ohne auf den Komfort einer idealen Innenraumtemperatur in hei\u00dfen Sommern\u00e4chten zu verzichten. Plein-Aircon 12V ist die Dachklimaanlage, die den Geist des Reisens in v\u00f6lliger Freiheit und im Kontakt mit der Natur am authentischsten zelebriert. Sie k\u00fchlt und entfeuchtet den Innenraum von Caravans, CamperVans und Wohnmobilen bis zu 6 Metern L\u00e4nge, ohne dass ein Anschluss an eine 220-V-Energiequelle oder an Hilfsgeneratoren erforderlich ist.<br \/>\nPlein-Aircon 12V ist f\u00fcr die Dachinstallation im Bettbereich ausgelegt: f\u00fcr einen noch h\u00f6heren Komfort bei Stopps und beim Schlafen, zur Aufrechterhaltung der idealen Temperatur w\u00e4hrend der Fahrt und zur Gew\u00e4hrleistung einer optimalen K\u00e4lteverteilung. Im Vergleich zu L\u00f6sungen, die mit 220 V betrieben-werden, er\u00fcbrigt sich bei Plein-Aircon mit 12V die Installation eines Wandlers oder eines Hilfsverbrennungsgenerators; Energieverbrauch und Dispersion werden deutlich reduziert, und beim Parken entstehen keine CO2-Emissionen.<\/p>\n<p>Die Revolution der mobilen Klimager\u00e4te und -anlagen mit 12-V-Versorgung: Die Palette der Klimager\u00e4te und -anlagen OFF von Indel B ist gleichbedeutend mit Innovation, Effizienz und Praktikabilit\u00e4t.<\/p>\n","protected":false},"excerpt":{"rendered":"<p>Plein-Aircon ist das erste 12-V-Klimager\u00e4t f\u00fcr Wohnmobile und-teilintegrierte Wohnmobile, das nur von der Bordbatterie gespeist wird, d.h. ohne die Installation von Wandlern oder Generatoren. Wo auch immer Sie sind, genie\u00dfen Sie Ihren Aufenthalt-im Freien, ohne auf den Komfort einer idealen Innenraumtemperatur in hei\u00dfen Sommern\u00e4chten zu verzichten. Plein-Aircon 12V ist die Dachklimaanlage, die den Geist des [&hellip;]<\/p>\n","protected":false},"featured_media":189738,"template":"","meta":{"_acf_changed":false},"product_featured_cat":[],"product_brand":[5326],"product_cat":[4090],"product_tag":[],"class_list":{"0":"post-189744","1":"product","2":"type-product","3":"status-publish","4":"has-post-thumbnail","6":"product_brand-indelb-de","7":"product_cat-klimaanlagen","9":"first","10":"instock","11":"taxable","12":"shipping-taxable","13":"purchasable","14":"product-type-simple"},"acf":[],"yoast_head":"<!-- This site is optimized with the Yoast SEO plugin v27.5 - https:\/\/yoast.com\/product\/yoast-seo-wordpress\/ -->\n<title>Dachklimaanlage Off by Indel B Plein-Aircon, 12 V - Bantam<\/title>\n<meta name=\"robots\" content=\"index, follow, max-snippet:-1, max-image-preview:large, max-video-preview:-1\" \/>\n<link rel=\"canonical\" href=\"https:\/\/shop.bantam.ch\/de\/produkt\/dachklimaanlage-off-by-indel-b-plein-aircon-12-v\/\" \/>\n<meta property=\"og:locale\" content=\"de_DE\" \/>\n<meta property=\"og:type\" content=\"article\" \/>\n<meta property=\"og:title\" content=\"Dachklimaanlage Off by Indel B Plein-Aircon, 12 V - Bantam\" \/>\n<meta property=\"og:description\" content=\"Plein-Aircon ist das erste 12-V-Klimager\u00e4t f\u00fcr Wohnmobile und-teilintegrierte Wohnmobile, das nur von der Bordbatterie gespeist wird, d.h. ohne die Installation von Wandlern oder Generatoren. Wo auch immer Sie sind, genie\u00dfen Sie Ihren Aufenthalt-im Freien, ohne auf den Komfort einer idealen Innenraumtemperatur in hei\u00dfen Sommern\u00e4chten zu verzichten. Plein-Aircon 12V ist die Dachklimaanlage, die den Geist des [&hellip;]\" \/>\n<meta property=\"og:url\" content=\"https:\/\/shop.bantam.ch\/de\/produkt\/dachklimaanlage-off-by-indel-b-plein-aircon-12-v\/\" \/>\n<meta property=\"og:site_name\" content=\"Bantam\" \/>\n<meta property=\"article:modified_time\" content=\"2026-05-05T20:50:34+00:00\" \/>\n<meta property=\"og:image\" content=\"https:\/\/shop.bantam.ch\/wp-content\/uploads\/2024\/02\/Movera-L-9963421701.jpg\" \/>\n\t<meta property=\"og:image:width\" content=\"640\" \/>\n\t<meta property=\"og:image:height\" content=\"427\" \/>\n\t<meta property=\"og:image:type\" content=\"image\/jpeg\" \/>\n<meta name=\"twitter:card\" content=\"summary_large_image\" \/>\n<meta name=\"twitter:label1\" content=\"Gesch\u00e4tzte Lesezeit\" \/>\n\t<meta name=\"twitter:data1\" content=\"1\u00a0Minute\" \/>\n<script type=\"application\/ld+json\" class=\"yoast-schema-graph\">{\"@context\":\"https:\\\/\\\/schema.org\",\"@graph\":[{\"@type\":\"WebPage\",\"@id\":\"https:\\\/\\\/shop.bantam.ch\\\/de\\\/produkt\\\/dachklimaanlage-off-by-indel-b-plein-aircon-12-v\\\/\",\"url\":\"https:\\\/\\\/shop.bantam.ch\\\/de\\\/produkt\\\/dachklimaanlage-off-by-indel-b-plein-aircon-12-v\\\/\",\"name\":\"Dachklimaanlage Off by Indel B Plein-Aircon, 12 V - Bantam\",\"isPartOf\":{\"@id\":\"https:\\\/\\\/shop.bantam.ch\\\/de\\\/#website\"},\"primaryImageOfPage\":{\"@id\":\"https:\\\/\\\/shop.bantam.ch\\\/de\\\/produkt\\\/dachklimaanlage-off-by-indel-b-plein-aircon-12-v\\\/#primaryimage\"},\"image\":{\"@id\":\"https:\\\/\\\/shop.bantam.ch\\\/de\\\/produkt\\\/dachklimaanlage-off-by-indel-b-plein-aircon-12-v\\\/#primaryimage\"},\"thumbnailUrl\":\"https:\\\/\\\/shop.bantam.ch\\\/wp-content\\\/uploads\\\/2024\\\/02\\\/Movera-L-9963421701.jpg\",\"datePublished\":\"2024-02-27T15:20:33+00:00\",\"dateModified\":\"2026-05-05T20:50:34+00:00\",\"breadcrumb\":{\"@id\":\"https:\\\/\\\/shop.bantam.ch\\\/de\\\/produkt\\\/dachklimaanlage-off-by-indel-b-plein-aircon-12-v\\\/#breadcrumb\"},\"inLanguage\":\"de\",\"potentialAction\":[{\"@type\":\"ReadAction\",\"target\":[\"https:\\\/\\\/shop.bantam.ch\\\/de\\\/produkt\\\/dachklimaanlage-off-by-indel-b-plein-aircon-12-v\\\/\"]}]},{\"@type\":\"ImageObject\",\"inLanguage\":\"de\",\"@id\":\"https:\\\/\\\/shop.bantam.ch\\\/de\\\/produkt\\\/dachklimaanlage-off-by-indel-b-plein-aircon-12-v\\\/#primaryimage\",\"url\":\"https:\\\/\\\/shop.bantam.ch\\\/wp-content\\\/uploads\\\/2024\\\/02\\\/Movera-L-9963421701.jpg\",\"contentUrl\":\"https:\\\/\\\/shop.bantam.ch\\\/wp-content\\\/uploads\\\/2024\\\/02\\\/Movera-L-9963421701.jpg\",\"width\":640,\"height\":427},{\"@type\":\"BreadcrumbList\",\"@id\":\"https:\\\/\\\/shop.bantam.ch\\\/de\\\/produkt\\\/dachklimaanlage-off-by-indel-b-plein-aircon-12-v\\\/#breadcrumb\",\"itemListElement\":[{\"@type\":\"ListItem\",\"position\":1,\"name\":\"Accueil\",\"item\":\"https:\\\/\\\/shop.bantam.ch\\\/de\\\/\"},{\"@type\":\"ListItem\",\"position\":2,\"name\":\"Shop\",\"item\":\"https:\\\/\\\/shop.bantam.ch\\\/de\\\/shop\\\/\"},{\"@type\":\"ListItem\",\"position\":3,\"name\":\"Dachklimaanlage Off by Indel B Plein-Aircon, 12 V\"}]},{\"@type\":\"WebSite\",\"@id\":\"https:\\\/\\\/shop.bantam.ch\\\/de\\\/#website\",\"url\":\"https:\\\/\\\/shop.bantam.ch\\\/de\\\/\",\"name\":\"Bantam\",\"description\":\"\",\"publisher\":{\"@id\":\"https:\\\/\\\/shop.bantam.ch\\\/de\\\/#organization\"},\"inLanguage\":\"de\"},{\"@type\":\"Organization\",\"@id\":\"https:\\\/\\\/shop.bantam.ch\\\/de\\\/#organization\",\"name\":\"Bantam\",\"url\":\"https:\\\/\\\/shop.bantam.ch\\\/de\\\/\",\"logo\":{\"@type\":\"ImageObject\",\"inLanguage\":\"de\",\"@id\":\"https:\\\/\\\/shop.bantam.ch\\\/de\\\/#\\\/schema\\\/logo\\\/image\\\/\",\"url\":\"https:\\\/\\\/shop.bantam.ch\\\/wp-content\\\/uploads\\\/2022\\\/12\\\/bantam-logo.png\",\"contentUrl\":\"https:\\\/\\\/shop.bantam.ch\\\/wp-content\\\/uploads\\\/2022\\\/12\\\/bantam-logo.png\",\"width\":320,\"height\":71,\"caption\":\"Bantam\"},\"image\":{\"@id\":\"https:\\\/\\\/shop.bantam.ch\\\/de\\\/#\\\/schema\\\/logo\\\/image\\\/\"}}]}<\/script>\n<!-- \/ Yoast SEO plugin. -->","yoast_head_json":{"title":"Dachklimaanlage Off by Indel B Plein-Aircon, 12 V - Bantam","robots":{"index":"index","follow":"follow","max-snippet":"max-snippet:-1","max-image-preview":"max-image-preview:large","max-video-preview":"max-video-preview:-1"},"canonical":"https:\/\/shop.bantam.ch\/de\/produkt\/dachklimaanlage-off-by-indel-b-plein-aircon-12-v\/","og_locale":"de_DE","og_type":"article","og_title":"Dachklimaanlage Off by Indel B Plein-Aircon, 12 V - Bantam","og_description":"Plein-Aircon ist das erste 12-V-Klimager\u00e4t f\u00fcr Wohnmobile und-teilintegrierte Wohnmobile, das nur von der Bordbatterie gespeist wird, d.h. ohne die Installation von Wandlern oder Generatoren. Wo auch immer Sie sind, genie\u00dfen Sie Ihren Aufenthalt-im Freien, ohne auf den Komfort einer idealen Innenraumtemperatur in hei\u00dfen Sommern\u00e4chten zu verzichten. Plein-Aircon 12V ist die Dachklimaanlage, die den Geist des [&hellip;]","og_url":"https:\/\/shop.bantam.ch\/de\/produkt\/dachklimaanlage-off-by-indel-b-plein-aircon-12-v\/","og_site_name":"Bantam","article_modified_time":"2026-05-05T20:50:34+00:00","og_image":[{"width":640,"height":427,"url":"https:\/\/shop.bantam.ch\/wp-content\/uploads\/2024\/02\/Movera-L-9963421701.jpg","type":"image\/jpeg"}],"twitter_card":"summary_large_image","twitter_misc":{"Gesch\u00e4tzte Lesezeit":"1\u00a0Minute"},"schema":{"@context":"https:\/\/schema.org","@graph":[{"@type":"WebPage","@id":"https:\/\/shop.bantam.ch\/de\/produkt\/dachklimaanlage-off-by-indel-b-plein-aircon-12-v\/","url":"https:\/\/shop.bantam.ch\/de\/produkt\/dachklimaanlage-off-by-indel-b-plein-aircon-12-v\/","name":"Dachklimaanlage Off by Indel B Plein-Aircon, 12 V - Bantam","isPartOf":{"@id":"https:\/\/shop.bantam.ch\/de\/#website"},"primaryImageOfPage":{"@id":"https:\/\/shop.bantam.ch\/de\/produkt\/dachklimaanlage-off-by-indel-b-plein-aircon-12-v\/#primaryimage"},"image":{"@id":"https:\/\/shop.bantam.ch\/de\/produkt\/dachklimaanlage-off-by-indel-b-plein-aircon-12-v\/#primaryimage"},"thumbnailUrl":"https:\/\/shop.bantam.ch\/wp-content\/uploads\/2024\/02\/Movera-L-9963421701.jpg","datePublished":"2024-02-27T15:20:33+00:00","dateModified":"2026-05-05T20:50:34+00:00","breadcrumb":{"@id":"https:\/\/shop.bantam.ch\/de\/produkt\/dachklimaanlage-off-by-indel-b-plein-aircon-12-v\/#breadcrumb"},"inLanguage":"de","potentialAction":[{"@type":"ReadAction","target":["https:\/\/shop.bantam.ch\/de\/produkt\/dachklimaanlage-off-by-indel-b-plein-aircon-12-v\/"]}]},{"@type":"ImageObject","inLanguage":"de","@id":"https:\/\/shop.bantam.ch\/de\/produkt\/dachklimaanlage-off-by-indel-b-plein-aircon-12-v\/#primaryimage","url":"https:\/\/shop.bantam.ch\/wp-content\/uploads\/2024\/02\/Movera-L-9963421701.jpg","contentUrl":"https:\/\/shop.bantam.ch\/wp-content\/uploads\/2024\/02\/Movera-L-9963421701.jpg","width":640,"height":427},{"@type":"BreadcrumbList","@id":"https:\/\/shop.bantam.ch\/de\/produkt\/dachklimaanlage-off-by-indel-b-plein-aircon-12-v\/#breadcrumb","itemListElement":[{"@type":"ListItem","position":1,"name":"Accueil","item":"https:\/\/shop.bantam.ch\/de\/"},{"@type":"ListItem","position":2,"name":"Shop","item":"https:\/\/shop.bantam.ch\/de\/shop\/"},{"@type":"ListItem","position":3,"name":"Dachklimaanlage Off by Indel B Plein-Aircon, 12 V"}]},{"@type":"WebSite","@id":"https:\/\/shop.bantam.ch\/de\/#website","url":"https:\/\/shop.bantam.ch\/de\/","name":"Bantam","description":"","publisher":{"@id":"https:\/\/shop.bantam.ch\/de\/#organization"},"inLanguage":"de"},{"@type":"Organization","@id":"https:\/\/shop.bantam.ch\/de\/#organization","name":"Bantam","url":"https:\/\/shop.bantam.ch\/de\/","logo":{"@type":"ImageObject","inLanguage":"de","@id":"https:\/\/shop.bantam.ch\/de\/#\/schema\/logo\/image\/","url":"https:\/\/shop.bantam.ch\/wp-content\/uploads\/2022\/12\/bantam-logo.png","contentUrl":"https:\/\/shop.bantam.ch\/wp-content\/uploads\/2022\/12\/bantam-logo.png","width":320,"height":71,"caption":"Bantam"},"image":{"@id":"https:\/\/shop.bantam.ch\/de\/#\/schema\/logo\/image\/"}}]}},"_links":{"self":[{"href":"https:\/\/shop.bantam.ch\/de\/wp-json\/wp\/v2\/product\/189744","targetHints":{"allow":["GET"]}}],"collection":[{"href":"https:\/\/shop.bantam.ch\/de\/wp-json\/wp\/v2\/product"}],"about":[{"href":"https:\/\/shop.bantam.ch\/de\/wp-json\/wp\/v2\/types\/product"}],"wp:featuredmedia":[{"embeddable":true,"href":"https:\/\/shop.bantam.ch\/de\/wp-json\/wp\/v2\/media\/189738"}],"wp:attachment":[{"href":"https:\/\/shop.bantam.ch\/de\/wp-json\/wp\/v2\/media?parent=189744"}],"wp:term":[{"taxonomy":"product_featured_cat","embeddable":true,"href":"https:\/\/shop.bantam.ch\/de\/wp-json\/wp\/v2\/product_featured_cat?post=189744"},{"taxonomy":"product_brand","embeddable":true,"href":"https:\/\/shop.bantam.ch\/de\/wp-json\/wp\/v2\/product_brand?post=189744"},{"taxonomy":"product_cat","embeddable":true,"href":"https:\/\/shop.bantam.ch\/de\/wp-json\/wp\/v2\/product_cat?post=189744"},{"taxonomy":"product_tag","embeddable":true,"href":"https:\/\/shop.bantam.ch\/de\/wp-json\/wp\/v2\/product_tag?post=189744"}],"curies":[{"name":"wp","href":"https:\/\/api.w.org\/{rel}","templated":true}]}}