{"id":189663,"date":"2024-02-24T09:40:00","date_gmt":"2024-02-24T08:40:00","guid":{"rendered":"https:\/\/shop.bantam.ch\/produit\/columbus-variant-small-dachzelt-hellgrau\/"},"modified":"2026-04-17T22:53:27","modified_gmt":"2026-04-17T20:53:27","slug":"columbus-variant-small-dachzelt-hellgrau","status":"publish","type":"product","link":"https:\/\/shop.bantam.ch\/de\/produkt\/columbus-variant-small-dachzelt-hellgrau\/","title":{"rendered":"Columbus Variant Small Dachzelt, hellgrau"},"content":{"rendered":"<p>Die Columbus-Serie bietet eine gro\u00dfe Auswahl an Modellen, Gr\u00f6\u00dfen und Farben.<br \/>\nErh\u00e4ltliche Modelle: Columbus, Columbus variant, Columbus Carbon fiber,<br \/>\nErh\u00e4ltliche Gr\u00f6\u00dfen: small, medium, large (und X-long-Version bei einigen Modellen).<br \/>\nVerschiedene Farben erh\u00e4ltlich.<\/p>\n<p>Wird mit einer extralangen Teleskopleiter geliefert (geschlossene H\u00f6he 145 cm\/ offene H\u00f6he 245 cm).<\/p>\n<p>Abmessungen (LxB): 210 x 130 cm. Geschlossene H\u00f6he: 30 cm. H\u00f6he ge\u00f6ffnet: 92 cm.<br \/>\nGewicht (ca.): 59 kg.<br \/>\nWeitere Merkmale.<\/p>\n<p>Modell: Columbus Variant<br \/>\nFarbe des Rumpfes: Wei\u00df<br \/>\nFarbe des Stoffes: Hellgrau<br \/>\nGr\u00f6\u00dfe: Small<\/p>\n","protected":false},"excerpt":{"rendered":"<p>Die Columbus-Serie bietet eine gro\u00dfe Auswahl an Modellen, Gr\u00f6\u00dfen und Farben. Erh\u00e4ltliche Modelle: Columbus, Columbus variant, Columbus Carbon fiber, Erh\u00e4ltliche Gr\u00f6\u00dfen: small, medium, large (und X-long-Version bei einigen Modellen). Verschiedene Farben erh\u00e4ltlich. Wird mit einer extralangen Teleskopleiter geliefert (geschlossene H\u00f6he 145 cm\/ offene H\u00f6he 245 cm). Abmessungen (LxB): 210 x 130 cm. Geschlossene H\u00f6he: 30 [&hellip;]<\/p>\n","protected":false},"featured_media":189657,"template":"","meta":{"_acf_changed":false},"product_featured_cat":[],"product_brand":[3741],"product_cat":[4244],"product_tag":[],"class_list":{"0":"post-189663","1":"product","2":"type-product","3":"status-publish","4":"has-post-thumbnail","6":"product_brand-bantam-de","7":"product_cat-dachzelte","9":"first","10":"instock","11":"taxable","12":"shipping-taxable","13":"purchasable","14":"product-type-simple"},"acf":[],"yoast_head":"<!-- This site is optimized with the Yoast SEO plugin v27.4 - https:\/\/yoast.com\/product\/yoast-seo-wordpress\/ -->\n<title>Columbus Variant Small Dachzelt, hellgrau - Bantam Camping AG<\/title>\n<meta name=\"robots\" content=\"index, follow, max-snippet:-1, max-image-preview:large, max-video-preview:-1\" \/>\n<link rel=\"canonical\" href=\"https:\/\/shop.bantam.ch\/de\/produkt\/columbus-variant-small-dachzelt-hellgrau\/\" \/>\n<meta property=\"og:locale\" content=\"de_DE\" \/>\n<meta property=\"og:type\" content=\"article\" \/>\n<meta property=\"og:title\" content=\"Columbus Variant Small Dachzelt, hellgrau - Bantam Camping AG\" \/>\n<meta property=\"og:description\" content=\"Die Columbus-Serie bietet eine gro\u00dfe Auswahl an Modellen, Gr\u00f6\u00dfen und Farben. Erh\u00e4ltliche Modelle: Columbus, Columbus variant, Columbus Carbon fiber, Erh\u00e4ltliche Gr\u00f6\u00dfen: small, medium, large (und X-long-Version bei einigen Modellen). Verschiedene Farben erh\u00e4ltlich. Wird mit einer extralangen Teleskopleiter geliefert (geschlossene H\u00f6he 145 cm\/ offene H\u00f6he 245 cm). Abmessungen (LxB): 210 x 130 cm. Geschlossene H\u00f6he: 30 [&hellip;]\" \/>\n<meta property=\"og:url\" content=\"https:\/\/shop.bantam.ch\/de\/produkt\/columbus-variant-small-dachzelt-hellgrau\/\" \/>\n<meta property=\"og:site_name\" content=\"Bantam Camping AG\" \/>\n<meta property=\"article:modified_time\" content=\"2026-04-17T20:53:27+00:00\" \/>\n<meta property=\"og:image\" content=\"https:\/\/shop.bantam.ch\/wp-content\/uploads\/2024\/02\/77320014.jpg\" \/>\n\t<meta property=\"og:image:width\" content=\"455\" \/>\n\t<meta property=\"og:image:height\" content=\"460\" \/>\n\t<meta property=\"og:image:type\" content=\"image\/jpeg\" \/>\n<meta name=\"twitter:card\" content=\"summary_large_image\" \/>\n<script type=\"application\/ld+json\" class=\"yoast-schema-graph\">{\"@context\":\"https:\\\/\\\/schema.org\",\"@graph\":[{\"@type\":\"WebPage\",\"@id\":\"https:\\\/\\\/shop.bantam.ch\\\/de\\\/produkt\\\/columbus-variant-small-dachzelt-hellgrau\\\/\",\"url\":\"https:\\\/\\\/shop.bantam.ch\\\/de\\\/produkt\\\/columbus-variant-small-dachzelt-hellgrau\\\/\",\"name\":\"Columbus Variant Small Dachzelt, hellgrau - Bantam Camping AG\",\"isPartOf\":{\"@id\":\"https:\\\/\\\/shop.bantam.ch\\\/de\\\/#website\"},\"primaryImageOfPage\":{\"@id\":\"https:\\\/\\\/shop.bantam.ch\\\/de\\\/produkt\\\/columbus-variant-small-dachzelt-hellgrau\\\/#primaryimage\"},\"image\":{\"@id\":\"https:\\\/\\\/shop.bantam.ch\\\/de\\\/produkt\\\/columbus-variant-small-dachzelt-hellgrau\\\/#primaryimage\"},\"thumbnailUrl\":\"https:\\\/\\\/shop.bantam.ch\\\/wp-content\\\/uploads\\\/2024\\\/02\\\/77320014.jpg\",\"datePublished\":\"2024-02-24T08:40:00+00:00\",\"dateModified\":\"2026-04-17T20:53:27+00:00\",\"breadcrumb\":{\"@id\":\"https:\\\/\\\/shop.bantam.ch\\\/de\\\/produkt\\\/columbus-variant-small-dachzelt-hellgrau\\\/#breadcrumb\"},\"inLanguage\":\"de\",\"potentialAction\":[{\"@type\":\"ReadAction\",\"target\":[\"https:\\\/\\\/shop.bantam.ch\\\/de\\\/produkt\\\/columbus-variant-small-dachzelt-hellgrau\\\/\"]}]},{\"@type\":\"ImageObject\",\"inLanguage\":\"de\",\"@id\":\"https:\\\/\\\/shop.bantam.ch\\\/de\\\/produkt\\\/columbus-variant-small-dachzelt-hellgrau\\\/#primaryimage\",\"url\":\"https:\\\/\\\/shop.bantam.ch\\\/wp-content\\\/uploads\\\/2024\\\/02\\\/77320014.jpg\",\"contentUrl\":\"https:\\\/\\\/shop.bantam.ch\\\/wp-content\\\/uploads\\\/2024\\\/02\\\/77320014.jpg\",\"width\":455,\"height\":460},{\"@type\":\"BreadcrumbList\",\"@id\":\"https:\\\/\\\/shop.bantam.ch\\\/de\\\/produkt\\\/columbus-variant-small-dachzelt-hellgrau\\\/#breadcrumb\",\"itemListElement\":[{\"@type\":\"ListItem\",\"position\":1,\"name\":\"Accueil\",\"item\":\"https:\\\/\\\/shop.bantam.ch\\\/de\\\/\"},{\"@type\":\"ListItem\",\"position\":2,\"name\":\"Shop\",\"item\":\"https:\\\/\\\/shop.bantam.ch\\\/de\\\/shop\\\/\"},{\"@type\":\"ListItem\",\"position\":3,\"name\":\"Columbus Variant Small Dachzelt, hellgrau\"}]},{\"@type\":\"WebSite\",\"@id\":\"https:\\\/\\\/shop.bantam.ch\\\/de\\\/#website\",\"url\":\"https:\\\/\\\/shop.bantam.ch\\\/de\\\/\",\"name\":\"Bantam Camping AG\",\"description\":\"\",\"publisher\":{\"@id\":\"https:\\\/\\\/shop.bantam.ch\\\/de\\\/#organization\"},\"inLanguage\":\"de\"},{\"@type\":\"Organization\",\"@id\":\"https:\\\/\\\/shop.bantam.ch\\\/de\\\/#organization\",\"name\":\"Bantam Camping AG\",\"url\":\"https:\\\/\\\/shop.bantam.ch\\\/de\\\/\",\"logo\":{\"@type\":\"ImageObject\",\"inLanguage\":\"de\",\"@id\":\"https:\\\/\\\/shop.bantam.ch\\\/de\\\/#\\\/schema\\\/logo\\\/image\\\/\",\"url\":\"https:\\\/\\\/shop.bantam.ch\\\/wp-content\\\/uploads\\\/2022\\\/12\\\/bantam-logo.png\",\"contentUrl\":\"https:\\\/\\\/shop.bantam.ch\\\/wp-content\\\/uploads\\\/2022\\\/12\\\/bantam-logo.png\",\"width\":320,\"height\":71,\"caption\":\"Bantam Camping AG\"},\"image\":{\"@id\":\"https:\\\/\\\/shop.bantam.ch\\\/de\\\/#\\\/schema\\\/logo\\\/image\\\/\"}}]}<\/script>\n<!-- \/ Yoast SEO plugin. -->","yoast_head_json":{"title":"Columbus Variant Small Dachzelt, hellgrau - Bantam Camping AG","robots":{"index":"index","follow":"follow","max-snippet":"max-snippet:-1","max-image-preview":"max-image-preview:large","max-video-preview":"max-video-preview:-1"},"canonical":"https:\/\/shop.bantam.ch\/de\/produkt\/columbus-variant-small-dachzelt-hellgrau\/","og_locale":"de_DE","og_type":"article","og_title":"Columbus Variant Small Dachzelt, hellgrau - Bantam Camping AG","og_description":"Die Columbus-Serie bietet eine gro\u00dfe Auswahl an Modellen, Gr\u00f6\u00dfen und Farben. Erh\u00e4ltliche Modelle: Columbus, Columbus variant, Columbus Carbon fiber, Erh\u00e4ltliche Gr\u00f6\u00dfen: small, medium, large (und X-long-Version bei einigen Modellen). Verschiedene Farben erh\u00e4ltlich. Wird mit einer extralangen Teleskopleiter geliefert (geschlossene H\u00f6he 145 cm\/ offene H\u00f6he 245 cm). Abmessungen (LxB): 210 x 130 cm. Geschlossene H\u00f6he: 30 [&hellip;]","og_url":"https:\/\/shop.bantam.ch\/de\/produkt\/columbus-variant-small-dachzelt-hellgrau\/","og_site_name":"Bantam Camping AG","article_modified_time":"2026-04-17T20:53:27+00:00","og_image":[{"width":455,"height":460,"url":"https:\/\/shop.bantam.ch\/wp-content\/uploads\/2024\/02\/77320014.jpg","type":"image\/jpeg"}],"twitter_card":"summary_large_image","schema":{"@context":"https:\/\/schema.org","@graph":[{"@type":"WebPage","@id":"https:\/\/shop.bantam.ch\/de\/produkt\/columbus-variant-small-dachzelt-hellgrau\/","url":"https:\/\/shop.bantam.ch\/de\/produkt\/columbus-variant-small-dachzelt-hellgrau\/","name":"Columbus Variant Small Dachzelt, hellgrau - Bantam Camping AG","isPartOf":{"@id":"https:\/\/shop.bantam.ch\/de\/#website"},"primaryImageOfPage":{"@id":"https:\/\/shop.bantam.ch\/de\/produkt\/columbus-variant-small-dachzelt-hellgrau\/#primaryimage"},"image":{"@id":"https:\/\/shop.bantam.ch\/de\/produkt\/columbus-variant-small-dachzelt-hellgrau\/#primaryimage"},"thumbnailUrl":"https:\/\/shop.bantam.ch\/wp-content\/uploads\/2024\/02\/77320014.jpg","datePublished":"2024-02-24T08:40:00+00:00","dateModified":"2026-04-17T20:53:27+00:00","breadcrumb":{"@id":"https:\/\/shop.bantam.ch\/de\/produkt\/columbus-variant-small-dachzelt-hellgrau\/#breadcrumb"},"inLanguage":"de","potentialAction":[{"@type":"ReadAction","target":["https:\/\/shop.bantam.ch\/de\/produkt\/columbus-variant-small-dachzelt-hellgrau\/"]}]},{"@type":"ImageObject","inLanguage":"de","@id":"https:\/\/shop.bantam.ch\/de\/produkt\/columbus-variant-small-dachzelt-hellgrau\/#primaryimage","url":"https:\/\/shop.bantam.ch\/wp-content\/uploads\/2024\/02\/77320014.jpg","contentUrl":"https:\/\/shop.bantam.ch\/wp-content\/uploads\/2024\/02\/77320014.jpg","width":455,"height":460},{"@type":"BreadcrumbList","@id":"https:\/\/shop.bantam.ch\/de\/produkt\/columbus-variant-small-dachzelt-hellgrau\/#breadcrumb","itemListElement":[{"@type":"ListItem","position":1,"name":"Accueil","item":"https:\/\/shop.bantam.ch\/de\/"},{"@type":"ListItem","position":2,"name":"Shop","item":"https:\/\/shop.bantam.ch\/de\/shop\/"},{"@type":"ListItem","position":3,"name":"Columbus Variant Small Dachzelt, hellgrau"}]},{"@type":"WebSite","@id":"https:\/\/shop.bantam.ch\/de\/#website","url":"https:\/\/shop.bantam.ch\/de\/","name":"Bantam Camping AG","description":"","publisher":{"@id":"https:\/\/shop.bantam.ch\/de\/#organization"},"inLanguage":"de"},{"@type":"Organization","@id":"https:\/\/shop.bantam.ch\/de\/#organization","name":"Bantam Camping AG","url":"https:\/\/shop.bantam.ch\/de\/","logo":{"@type":"ImageObject","inLanguage":"de","@id":"https:\/\/shop.bantam.ch\/de\/#\/schema\/logo\/image\/","url":"https:\/\/shop.bantam.ch\/wp-content\/uploads\/2022\/12\/bantam-logo.png","contentUrl":"https:\/\/shop.bantam.ch\/wp-content\/uploads\/2022\/12\/bantam-logo.png","width":320,"height":71,"caption":"Bantam Camping AG"},"image":{"@id":"https:\/\/shop.bantam.ch\/de\/#\/schema\/logo\/image\/"}}]}},"_links":{"self":[{"href":"https:\/\/shop.bantam.ch\/de\/wp-json\/wp\/v2\/product\/189663","targetHints":{"allow":["GET"]}}],"collection":[{"href":"https:\/\/shop.bantam.ch\/de\/wp-json\/wp\/v2\/product"}],"about":[{"href":"https:\/\/shop.bantam.ch\/de\/wp-json\/wp\/v2\/types\/product"}],"wp:featuredmedia":[{"embeddable":true,"href":"https:\/\/shop.bantam.ch\/de\/wp-json\/wp\/v2\/media\/189657"}],"wp:attachment":[{"href":"https:\/\/shop.bantam.ch\/de\/wp-json\/wp\/v2\/media?parent=189663"}],"wp:term":[{"taxonomy":"product_featured_cat","embeddable":true,"href":"https:\/\/shop.bantam.ch\/de\/wp-json\/wp\/v2\/product_featured_cat?post=189663"},{"taxonomy":"product_brand","embeddable":true,"href":"https:\/\/shop.bantam.ch\/de\/wp-json\/wp\/v2\/product_brand?post=189663"},{"taxonomy":"product_cat","embeddable":true,"href":"https:\/\/shop.bantam.ch\/de\/wp-json\/wp\/v2\/product_cat?post=189663"},{"taxonomy":"product_tag","embeddable":true,"href":"https:\/\/shop.bantam.ch\/de\/wp-json\/wp\/v2\/product_tag?post=189663"}],"curies":[{"name":"wp","href":"https:\/\/api.w.org\/{rel}","templated":true}]}}