{"id":189599,"date":"2024-02-20T16:28:52","date_gmt":"2024-02-20T15:28:52","guid":{"rendered":"https:\/\/shop.bantam.ch\/produit\/besteckset-mepal-silueta-3-tlg-farbe-nordic-sage\/"},"modified":"2026-04-16T23:05:14","modified_gmt":"2026-04-16T21:05:14","slug":"besteckset-mepal-silueta-3-tlg-farbe-nordic-sage","status":"publish","type":"product","link":"https:\/\/shop.bantam.ch\/de\/produkt\/besteckset-mepal-silueta-3-tlg-farbe-nordic-sage\/","title":{"rendered":"Besteckset MEPAL Silueta 3-tlg., Farbe nordic sage"},"content":{"rendered":"<p>Das Silueta Besteck-Set ist aus rostfreiem Edelstahl hergestellt und enth\u00e4lt ein Messer, eine Gabel und einen L\u00f6ffel. Dank der praktischen H\u00fclle hast du dein Besteck immer hygienisch griffbereit.<\/p>\n<p>Endlich, die Sonne lockt wieder nach drau\u00dfen! Mit Silueta kannst du das Leben au\u00dferhalb deiner eigenen vier W\u00e4nde stilvoll genie\u00dfen. Nutze ganz einfach und \u00fcberall das Silueta Besteck-Set f\u00fcr den Genuss deiner Lieblings-Gerichte. Das Besteck-Set aus rostfreiem Edelstahl besteht aus einem Messer, einer Gabel sowie einem L\u00f6ffel und hat eine praktische H\u00fclle. Das Besteck liegt komfortabel in der Hand, so kannst du jeden Bissen genie\u00dfen. Perfekt zum Mitnehmen f\u00fcr das n\u00e4chste Picknick oder zum Campen.<\/p>\n<p>3-teiliges Set bestehend aus:<br \/>\n&#8211; 1 Gabel<br \/>\n&#8211; 1 L\u00f6ffel<br \/>\n&#8211; 1 Messer<\/p>\n","protected":false},"excerpt":{"rendered":"<p>Das Silueta Besteck-Set ist aus rostfreiem Edelstahl hergestellt und enth\u00e4lt ein Messer, eine Gabel und einen L\u00f6ffel. Dank der praktischen H\u00fclle hast du dein Besteck immer hygienisch griffbereit. Endlich, die Sonne lockt wieder nach drau\u00dfen! Mit Silueta kannst du das Leben au\u00dferhalb deiner eigenen vier W\u00e4nde stilvoll genie\u00dfen. Nutze ganz einfach und \u00fcberall das Silueta [&hellip;]<\/p>\n","protected":false},"featured_media":207787,"template":"","meta":{"_acf_changed":false},"product_featured_cat":[],"product_brand":[3327],"product_cat":[3990],"product_tag":[],"class_list":{"0":"post-189599","1":"product","2":"type-product","3":"status-publish","4":"has-post-thumbnail","6":"product_brand-mepal-de","7":"product_cat-besteck","9":"first","10":"instock","11":"taxable","12":"shipping-taxable","13":"purchasable","14":"product-type-simple"},"acf":[],"yoast_head":"<!-- This site is optimized with the Yoast SEO plugin v27.4 - https:\/\/yoast.com\/product\/yoast-seo-wordpress\/ -->\n<title>Besteckset MEPAL Silueta 3-tlg., Farbe nordic sage - Bantam Camping AG<\/title>\n<meta name=\"robots\" content=\"index, follow, max-snippet:-1, max-image-preview:large, max-video-preview:-1\" \/>\n<link rel=\"canonical\" href=\"https:\/\/shop.bantam.ch\/de\/produkt\/besteckset-mepal-silueta-3-tlg-farbe-nordic-sage\/\" \/>\n<meta property=\"og:locale\" content=\"de_DE\" \/>\n<meta property=\"og:type\" content=\"article\" \/>\n<meta property=\"og:title\" content=\"Besteckset MEPAL Silueta 3-tlg., Farbe nordic sage - Bantam Camping AG\" \/>\n<meta property=\"og:description\" content=\"Das Silueta Besteck-Set ist aus rostfreiem Edelstahl hergestellt und enth\u00e4lt ein Messer, eine Gabel und einen L\u00f6ffel. Dank der praktischen H\u00fclle hast du dein Besteck immer hygienisch griffbereit. Endlich, die Sonne lockt wieder nach drau\u00dfen! Mit Silueta kannst du das Leben au\u00dferhalb deiner eigenen vier W\u00e4nde stilvoll genie\u00dfen. Nutze ganz einfach und \u00fcberall das Silueta [&hellip;]\" \/>\n<meta property=\"og:url\" content=\"https:\/\/shop.bantam.ch\/de\/produkt\/besteckset-mepal-silueta-3-tlg-farbe-nordic-sage\/\" \/>\n<meta property=\"og:site_name\" content=\"Bantam Camping AG\" \/>\n<meta property=\"article:modified_time\" content=\"2026-04-16T21:05:14+00:00\" \/>\n<meta property=\"og:image\" content=\"https:\/\/shop.bantam.ch\/wp-content\/uploads\/2024\/09\/Movera-L-9984856100.png\" \/>\n\t<meta property=\"og:image:width\" content=\"640\" \/>\n\t<meta property=\"og:image:height\" content=\"512\" \/>\n\t<meta property=\"og:image:type\" content=\"image\/png\" \/>\n<meta name=\"twitter:card\" content=\"summary_large_image\" \/>\n<meta name=\"twitter:label1\" content=\"Gesch\u00e4tzte Lesezeit\" \/>\n\t<meta name=\"twitter:data1\" content=\"1\u00a0Minute\" \/>\n<script type=\"application\/ld+json\" class=\"yoast-schema-graph\">{\"@context\":\"https:\\\/\\\/schema.org\",\"@graph\":[{\"@type\":\"WebPage\",\"@id\":\"https:\\\/\\\/shop.bantam.ch\\\/de\\\/produkt\\\/besteckset-mepal-silueta-3-tlg-farbe-nordic-sage\\\/\",\"url\":\"https:\\\/\\\/shop.bantam.ch\\\/de\\\/produkt\\\/besteckset-mepal-silueta-3-tlg-farbe-nordic-sage\\\/\",\"name\":\"Besteckset MEPAL Silueta 3-tlg., Farbe nordic sage - Bantam Camping AG\",\"isPartOf\":{\"@id\":\"https:\\\/\\\/shop.bantam.ch\\\/de\\\/#website\"},\"primaryImageOfPage\":{\"@id\":\"https:\\\/\\\/shop.bantam.ch\\\/de\\\/produkt\\\/besteckset-mepal-silueta-3-tlg-farbe-nordic-sage\\\/#primaryimage\"},\"image\":{\"@id\":\"https:\\\/\\\/shop.bantam.ch\\\/de\\\/produkt\\\/besteckset-mepal-silueta-3-tlg-farbe-nordic-sage\\\/#primaryimage\"},\"thumbnailUrl\":\"https:\\\/\\\/shop.bantam.ch\\\/wp-content\\\/uploads\\\/2024\\\/09\\\/Movera-L-9984856100.png\",\"datePublished\":\"2024-02-20T15:28:52+00:00\",\"dateModified\":\"2026-04-16T21:05:14+00:00\",\"breadcrumb\":{\"@id\":\"https:\\\/\\\/shop.bantam.ch\\\/de\\\/produkt\\\/besteckset-mepal-silueta-3-tlg-farbe-nordic-sage\\\/#breadcrumb\"},\"inLanguage\":\"de\",\"potentialAction\":[{\"@type\":\"ReadAction\",\"target\":[\"https:\\\/\\\/shop.bantam.ch\\\/de\\\/produkt\\\/besteckset-mepal-silueta-3-tlg-farbe-nordic-sage\\\/\"]}]},{\"@type\":\"ImageObject\",\"inLanguage\":\"de\",\"@id\":\"https:\\\/\\\/shop.bantam.ch\\\/de\\\/produkt\\\/besteckset-mepal-silueta-3-tlg-farbe-nordic-sage\\\/#primaryimage\",\"url\":\"https:\\\/\\\/shop.bantam.ch\\\/wp-content\\\/uploads\\\/2024\\\/09\\\/Movera-L-9984856100.png\",\"contentUrl\":\"https:\\\/\\\/shop.bantam.ch\\\/wp-content\\\/uploads\\\/2024\\\/09\\\/Movera-L-9984856100.png\",\"width\":640,\"height\":512},{\"@type\":\"BreadcrumbList\",\"@id\":\"https:\\\/\\\/shop.bantam.ch\\\/de\\\/produkt\\\/besteckset-mepal-silueta-3-tlg-farbe-nordic-sage\\\/#breadcrumb\",\"itemListElement\":[{\"@type\":\"ListItem\",\"position\":1,\"name\":\"Accueil\",\"item\":\"https:\\\/\\\/shop.bantam.ch\\\/de\\\/\"},{\"@type\":\"ListItem\",\"position\":2,\"name\":\"Shop\",\"item\":\"https:\\\/\\\/shop.bantam.ch\\\/de\\\/shop\\\/\"},{\"@type\":\"ListItem\",\"position\":3,\"name\":\"Besteckset MEPAL Silueta 3-tlg., Farbe nordic sage\"}]},{\"@type\":\"WebSite\",\"@id\":\"https:\\\/\\\/shop.bantam.ch\\\/de\\\/#website\",\"url\":\"https:\\\/\\\/shop.bantam.ch\\\/de\\\/\",\"name\":\"Bantam Camping AG\",\"description\":\"\",\"publisher\":{\"@id\":\"https:\\\/\\\/shop.bantam.ch\\\/de\\\/#organization\"},\"inLanguage\":\"de\"},{\"@type\":\"Organization\",\"@id\":\"https:\\\/\\\/shop.bantam.ch\\\/de\\\/#organization\",\"name\":\"Bantam Camping AG\",\"url\":\"https:\\\/\\\/shop.bantam.ch\\\/de\\\/\",\"logo\":{\"@type\":\"ImageObject\",\"inLanguage\":\"de\",\"@id\":\"https:\\\/\\\/shop.bantam.ch\\\/de\\\/#\\\/schema\\\/logo\\\/image\\\/\",\"url\":\"https:\\\/\\\/shop.bantam.ch\\\/wp-content\\\/uploads\\\/2022\\\/12\\\/bantam-logo.png\",\"contentUrl\":\"https:\\\/\\\/shop.bantam.ch\\\/wp-content\\\/uploads\\\/2022\\\/12\\\/bantam-logo.png\",\"width\":320,\"height\":71,\"caption\":\"Bantam Camping AG\"},\"image\":{\"@id\":\"https:\\\/\\\/shop.bantam.ch\\\/de\\\/#\\\/schema\\\/logo\\\/image\\\/\"}}]}<\/script>\n<!-- \/ Yoast SEO plugin. -->","yoast_head_json":{"title":"Besteckset MEPAL Silueta 3-tlg., Farbe nordic sage - Bantam Camping AG","robots":{"index":"index","follow":"follow","max-snippet":"max-snippet:-1","max-image-preview":"max-image-preview:large","max-video-preview":"max-video-preview:-1"},"canonical":"https:\/\/shop.bantam.ch\/de\/produkt\/besteckset-mepal-silueta-3-tlg-farbe-nordic-sage\/","og_locale":"de_DE","og_type":"article","og_title":"Besteckset MEPAL Silueta 3-tlg., Farbe nordic sage - Bantam Camping AG","og_description":"Das Silueta Besteck-Set ist aus rostfreiem Edelstahl hergestellt und enth\u00e4lt ein Messer, eine Gabel und einen L\u00f6ffel. Dank der praktischen H\u00fclle hast du dein Besteck immer hygienisch griffbereit. Endlich, die Sonne lockt wieder nach drau\u00dfen! Mit Silueta kannst du das Leben au\u00dferhalb deiner eigenen vier W\u00e4nde stilvoll genie\u00dfen. Nutze ganz einfach und \u00fcberall das Silueta [&hellip;]","og_url":"https:\/\/shop.bantam.ch\/de\/produkt\/besteckset-mepal-silueta-3-tlg-farbe-nordic-sage\/","og_site_name":"Bantam Camping AG","article_modified_time":"2026-04-16T21:05:14+00:00","og_image":[{"width":640,"height":512,"url":"https:\/\/shop.bantam.ch\/wp-content\/uploads\/2024\/09\/Movera-L-9984856100.png","type":"image\/png"}],"twitter_card":"summary_large_image","twitter_misc":{"Gesch\u00e4tzte Lesezeit":"1\u00a0Minute"},"schema":{"@context":"https:\/\/schema.org","@graph":[{"@type":"WebPage","@id":"https:\/\/shop.bantam.ch\/de\/produkt\/besteckset-mepal-silueta-3-tlg-farbe-nordic-sage\/","url":"https:\/\/shop.bantam.ch\/de\/produkt\/besteckset-mepal-silueta-3-tlg-farbe-nordic-sage\/","name":"Besteckset MEPAL Silueta 3-tlg., Farbe nordic sage - Bantam Camping AG","isPartOf":{"@id":"https:\/\/shop.bantam.ch\/de\/#website"},"primaryImageOfPage":{"@id":"https:\/\/shop.bantam.ch\/de\/produkt\/besteckset-mepal-silueta-3-tlg-farbe-nordic-sage\/#primaryimage"},"image":{"@id":"https:\/\/shop.bantam.ch\/de\/produkt\/besteckset-mepal-silueta-3-tlg-farbe-nordic-sage\/#primaryimage"},"thumbnailUrl":"https:\/\/shop.bantam.ch\/wp-content\/uploads\/2024\/09\/Movera-L-9984856100.png","datePublished":"2024-02-20T15:28:52+00:00","dateModified":"2026-04-16T21:05:14+00:00","breadcrumb":{"@id":"https:\/\/shop.bantam.ch\/de\/produkt\/besteckset-mepal-silueta-3-tlg-farbe-nordic-sage\/#breadcrumb"},"inLanguage":"de","potentialAction":[{"@type":"ReadAction","target":["https:\/\/shop.bantam.ch\/de\/produkt\/besteckset-mepal-silueta-3-tlg-farbe-nordic-sage\/"]}]},{"@type":"ImageObject","inLanguage":"de","@id":"https:\/\/shop.bantam.ch\/de\/produkt\/besteckset-mepal-silueta-3-tlg-farbe-nordic-sage\/#primaryimage","url":"https:\/\/shop.bantam.ch\/wp-content\/uploads\/2024\/09\/Movera-L-9984856100.png","contentUrl":"https:\/\/shop.bantam.ch\/wp-content\/uploads\/2024\/09\/Movera-L-9984856100.png","width":640,"height":512},{"@type":"BreadcrumbList","@id":"https:\/\/shop.bantam.ch\/de\/produkt\/besteckset-mepal-silueta-3-tlg-farbe-nordic-sage\/#breadcrumb","itemListElement":[{"@type":"ListItem","position":1,"name":"Accueil","item":"https:\/\/shop.bantam.ch\/de\/"},{"@type":"ListItem","position":2,"name":"Shop","item":"https:\/\/shop.bantam.ch\/de\/shop\/"},{"@type":"ListItem","position":3,"name":"Besteckset MEPAL Silueta 3-tlg., Farbe nordic sage"}]},{"@type":"WebSite","@id":"https:\/\/shop.bantam.ch\/de\/#website","url":"https:\/\/shop.bantam.ch\/de\/","name":"Bantam Camping AG","description":"","publisher":{"@id":"https:\/\/shop.bantam.ch\/de\/#organization"},"inLanguage":"de"},{"@type":"Organization","@id":"https:\/\/shop.bantam.ch\/de\/#organization","name":"Bantam Camping AG","url":"https:\/\/shop.bantam.ch\/de\/","logo":{"@type":"ImageObject","inLanguage":"de","@id":"https:\/\/shop.bantam.ch\/de\/#\/schema\/logo\/image\/","url":"https:\/\/shop.bantam.ch\/wp-content\/uploads\/2022\/12\/bantam-logo.png","contentUrl":"https:\/\/shop.bantam.ch\/wp-content\/uploads\/2022\/12\/bantam-logo.png","width":320,"height":71,"caption":"Bantam Camping AG"},"image":{"@id":"https:\/\/shop.bantam.ch\/de\/#\/schema\/logo\/image\/"}}]}},"_links":{"self":[{"href":"https:\/\/shop.bantam.ch\/de\/wp-json\/wp\/v2\/product\/189599","targetHints":{"allow":["GET"]}}],"collection":[{"href":"https:\/\/shop.bantam.ch\/de\/wp-json\/wp\/v2\/product"}],"about":[{"href":"https:\/\/shop.bantam.ch\/de\/wp-json\/wp\/v2\/types\/product"}],"wp:featuredmedia":[{"embeddable":true,"href":"https:\/\/shop.bantam.ch\/de\/wp-json\/wp\/v2\/media\/207787"}],"wp:attachment":[{"href":"https:\/\/shop.bantam.ch\/de\/wp-json\/wp\/v2\/media?parent=189599"}],"wp:term":[{"taxonomy":"product_featured_cat","embeddable":true,"href":"https:\/\/shop.bantam.ch\/de\/wp-json\/wp\/v2\/product_featured_cat?post=189599"},{"taxonomy":"product_brand","embeddable":true,"href":"https:\/\/shop.bantam.ch\/de\/wp-json\/wp\/v2\/product_brand?post=189599"},{"taxonomy":"product_cat","embeddable":true,"href":"https:\/\/shop.bantam.ch\/de\/wp-json\/wp\/v2\/product_cat?post=189599"},{"taxonomy":"product_tag","embeddable":true,"href":"https:\/\/shop.bantam.ch\/de\/wp-json\/wp\/v2\/product_tag?post=189599"}],"curies":[{"name":"wp","href":"https:\/\/api.w.org\/{rel}","templated":true}]}}