{"id":189413,"date":"2024-02-07T09:40:09","date_gmt":"2024-02-07T08:40:09","guid":{"rendered":"https:\/\/shop.bantam.ch\/produit\/faltbares-solarpanel-60w\/"},"modified":"2026-04-17T22:53:26","modified_gmt":"2026-04-17T20:53:26","slug":"faltbares-solarpanel-60w","status":"publish","type":"product","link":"https:\/\/shop.bantam.ch\/de\/produkt\/faltbares-solarpanel-60w\/","title":{"rendered":"Faltbares Solarpanel 60W (mod\u00e8le d&#8217;exposition)"},"content":{"rendered":"<p>Technologie: Monokristallin<br \/>\nSpannung bei max. Leistung: 23 V<br \/>\nWirkungsgrad der Zellen: 20%.<br \/>\nRahmen: Kunststoff<br \/>\nBefestigungsart: zum Aufstellen + \u00d6sen<br \/>\nAusf\u00fchrung: Tasche aus 1200D Polyester.<br \/>\nDC-Anschl\u00fcsse:<br \/>\nKabel 1.5m Klinkenstecker DC55215.<br \/>\nUSB 5V 3.4A, 9V 2.5A, 12V 2A max.<br \/>\nUSBC 5V 3A, 9V 3A, 12V 1.5A max.<br \/>\nGarantie: 24 Monate.<br \/>\nLeistung: 60W<br \/>\nStrom bei max. Leistung: 3.54A<br \/>\nAbmessungen zusammengeklappt (L x B x H): 365 x 360 x 45mm.<br \/>\nAbmessungen aufgeklappt (L x B x H): 1265 x 365 x 25mm.<br \/>\nNettogewicht: 2.6KG<\/p>\n","protected":false},"excerpt":{"rendered":"<p>Technologie: Monokristallin Spannung bei max. Leistung: 23 V Wirkungsgrad der Zellen: 20%. Rahmen: Kunststoff Befestigungsart: zum Aufstellen + \u00d6sen Ausf\u00fchrung: Tasche aus 1200D Polyester. DC-Anschl\u00fcsse: Kabel 1.5m Klinkenstecker DC55215. USB 5V 3.4A, 9V 2.5A, 12V 2A max. USBC 5V 3A, 9V 3A, 12V 1.5A max. Garantie: 24 Monate. Leistung: 60W Strom bei max. Leistung: 3.54A [&hellip;]<\/p>\n","protected":false},"featured_media":189411,"template":"","meta":{"_acf_changed":false},"product_featured_cat":[],"product_brand":[3677],"product_cat":[4880],"product_tag":[],"class_list":{"0":"post-189413","1":"product","2":"type-product","3":"status-publish","4":"has-post-thumbnail","6":"product_brand-eza-de","7":"product_cat-solar-sets","9":"first","10":"instock","11":"taxable","12":"shipping-taxable","13":"purchasable","14":"product-type-simple"},"acf":[],"yoast_head":"<!-- This site is optimized with the Yoast SEO plugin v27.4 - https:\/\/yoast.com\/product\/yoast-seo-wordpress\/ -->\n<title>Faltbares Solarpanel 60W (mod\u00e8le d&#039;exposition) - Bantam Camping AG<\/title>\n<meta name=\"robots\" content=\"index, follow, max-snippet:-1, max-image-preview:large, max-video-preview:-1\" \/>\n<link rel=\"canonical\" href=\"https:\/\/shop.bantam.ch\/de\/produkt\/faltbares-solarpanel-60w\/\" \/>\n<meta property=\"og:locale\" content=\"de_DE\" \/>\n<meta property=\"og:type\" content=\"article\" \/>\n<meta property=\"og:title\" content=\"Faltbares Solarpanel 60W (mod\u00e8le d&#039;exposition) - Bantam Camping AG\" \/>\n<meta property=\"og:description\" content=\"Technologie: Monokristallin Spannung bei max. Leistung: 23 V Wirkungsgrad der Zellen: 20%. Rahmen: Kunststoff Befestigungsart: zum Aufstellen + \u00d6sen Ausf\u00fchrung: Tasche aus 1200D Polyester. DC-Anschl\u00fcsse: Kabel 1.5m Klinkenstecker DC55215. USB 5V 3.4A, 9V 2.5A, 12V 2A max. USBC 5V 3A, 9V 3A, 12V 1.5A max. Garantie: 24 Monate. Leistung: 60W Strom bei max. Leistung: 3.54A [&hellip;]\" \/>\n<meta property=\"og:url\" content=\"https:\/\/shop.bantam.ch\/de\/produkt\/faltbares-solarpanel-60w\/\" \/>\n<meta property=\"og:site_name\" content=\"Bantam Camping AG\" \/>\n<meta property=\"article:modified_time\" content=\"2026-04-17T20:53:26+00:00\" \/>\n<meta property=\"og:image\" content=\"https:\/\/shop.bantam.ch\/wp-content\/uploads\/2024\/02\/vignette_produit-1.jpg\" \/>\n\t<meta property=\"og:image:width\" content=\"455\" \/>\n\t<meta property=\"og:image:height\" content=\"460\" \/>\n\t<meta property=\"og:image:type\" content=\"image\/jpeg\" \/>\n<meta name=\"twitter:card\" content=\"summary_large_image\" \/>\n<script type=\"application\/ld+json\" class=\"yoast-schema-graph\">{\"@context\":\"https:\\\/\\\/schema.org\",\"@graph\":[{\"@type\":\"WebPage\",\"@id\":\"https:\\\/\\\/shop.bantam.ch\\\/de\\\/produkt\\\/faltbares-solarpanel-60w\\\/\",\"url\":\"https:\\\/\\\/shop.bantam.ch\\\/de\\\/produkt\\\/faltbares-solarpanel-60w\\\/\",\"name\":\"Faltbares Solarpanel 60W (mod\u00e8le d'exposition) - Bantam Camping AG\",\"isPartOf\":{\"@id\":\"https:\\\/\\\/shop.bantam.ch\\\/de\\\/#website\"},\"primaryImageOfPage\":{\"@id\":\"https:\\\/\\\/shop.bantam.ch\\\/de\\\/produkt\\\/faltbares-solarpanel-60w\\\/#primaryimage\"},\"image\":{\"@id\":\"https:\\\/\\\/shop.bantam.ch\\\/de\\\/produkt\\\/faltbares-solarpanel-60w\\\/#primaryimage\"},\"thumbnailUrl\":\"https:\\\/\\\/shop.bantam.ch\\\/wp-content\\\/uploads\\\/2024\\\/02\\\/vignette_produit-1.jpg\",\"datePublished\":\"2024-02-07T08:40:09+00:00\",\"dateModified\":\"2026-04-17T20:53:26+00:00\",\"breadcrumb\":{\"@id\":\"https:\\\/\\\/shop.bantam.ch\\\/de\\\/produkt\\\/faltbares-solarpanel-60w\\\/#breadcrumb\"},\"inLanguage\":\"de\",\"potentialAction\":[{\"@type\":\"ReadAction\",\"target\":[\"https:\\\/\\\/shop.bantam.ch\\\/de\\\/produkt\\\/faltbares-solarpanel-60w\\\/\"]}]},{\"@type\":\"ImageObject\",\"inLanguage\":\"de\",\"@id\":\"https:\\\/\\\/shop.bantam.ch\\\/de\\\/produkt\\\/faltbares-solarpanel-60w\\\/#primaryimage\",\"url\":\"https:\\\/\\\/shop.bantam.ch\\\/wp-content\\\/uploads\\\/2024\\\/02\\\/vignette_produit-1.jpg\",\"contentUrl\":\"https:\\\/\\\/shop.bantam.ch\\\/wp-content\\\/uploads\\\/2024\\\/02\\\/vignette_produit-1.jpg\",\"width\":455,\"height\":460},{\"@type\":\"BreadcrumbList\",\"@id\":\"https:\\\/\\\/shop.bantam.ch\\\/de\\\/produkt\\\/faltbares-solarpanel-60w\\\/#breadcrumb\",\"itemListElement\":[{\"@type\":\"ListItem\",\"position\":1,\"name\":\"Accueil\",\"item\":\"https:\\\/\\\/shop.bantam.ch\\\/de\\\/\"},{\"@type\":\"ListItem\",\"position\":2,\"name\":\"Shop\",\"item\":\"https:\\\/\\\/shop.bantam.ch\\\/de\\\/shop\\\/\"},{\"@type\":\"ListItem\",\"position\":3,\"name\":\"Faltbares Solarpanel 60W (mod\u00e8le d&#8217;exposition)\"}]},{\"@type\":\"WebSite\",\"@id\":\"https:\\\/\\\/shop.bantam.ch\\\/de\\\/#website\",\"url\":\"https:\\\/\\\/shop.bantam.ch\\\/de\\\/\",\"name\":\"Bantam Camping AG\",\"description\":\"\",\"publisher\":{\"@id\":\"https:\\\/\\\/shop.bantam.ch\\\/de\\\/#organization\"},\"inLanguage\":\"de\"},{\"@type\":\"Organization\",\"@id\":\"https:\\\/\\\/shop.bantam.ch\\\/de\\\/#organization\",\"name\":\"Bantam Camping AG\",\"url\":\"https:\\\/\\\/shop.bantam.ch\\\/de\\\/\",\"logo\":{\"@type\":\"ImageObject\",\"inLanguage\":\"de\",\"@id\":\"https:\\\/\\\/shop.bantam.ch\\\/de\\\/#\\\/schema\\\/logo\\\/image\\\/\",\"url\":\"https:\\\/\\\/shop.bantam.ch\\\/wp-content\\\/uploads\\\/2022\\\/12\\\/bantam-logo.png\",\"contentUrl\":\"https:\\\/\\\/shop.bantam.ch\\\/wp-content\\\/uploads\\\/2022\\\/12\\\/bantam-logo.png\",\"width\":320,\"height\":71,\"caption\":\"Bantam Camping AG\"},\"image\":{\"@id\":\"https:\\\/\\\/shop.bantam.ch\\\/de\\\/#\\\/schema\\\/logo\\\/image\\\/\"}}]}<\/script>\n<!-- \/ Yoast SEO plugin. -->","yoast_head_json":{"title":"Faltbares Solarpanel 60W (mod\u00e8le d'exposition) - Bantam Camping AG","robots":{"index":"index","follow":"follow","max-snippet":"max-snippet:-1","max-image-preview":"max-image-preview:large","max-video-preview":"max-video-preview:-1"},"canonical":"https:\/\/shop.bantam.ch\/de\/produkt\/faltbares-solarpanel-60w\/","og_locale":"de_DE","og_type":"article","og_title":"Faltbares Solarpanel 60W (mod\u00e8le d'exposition) - Bantam Camping AG","og_description":"Technologie: Monokristallin Spannung bei max. Leistung: 23 V Wirkungsgrad der Zellen: 20%. Rahmen: Kunststoff Befestigungsart: zum Aufstellen + \u00d6sen Ausf\u00fchrung: Tasche aus 1200D Polyester. DC-Anschl\u00fcsse: Kabel 1.5m Klinkenstecker DC55215. USB 5V 3.4A, 9V 2.5A, 12V 2A max. USBC 5V 3A, 9V 3A, 12V 1.5A max. Garantie: 24 Monate. Leistung: 60W Strom bei max. Leistung: 3.54A [&hellip;]","og_url":"https:\/\/shop.bantam.ch\/de\/produkt\/faltbares-solarpanel-60w\/","og_site_name":"Bantam Camping AG","article_modified_time":"2026-04-17T20:53:26+00:00","og_image":[{"width":455,"height":460,"url":"https:\/\/shop.bantam.ch\/wp-content\/uploads\/2024\/02\/vignette_produit-1.jpg","type":"image\/jpeg"}],"twitter_card":"summary_large_image","schema":{"@context":"https:\/\/schema.org","@graph":[{"@type":"WebPage","@id":"https:\/\/shop.bantam.ch\/de\/produkt\/faltbares-solarpanel-60w\/","url":"https:\/\/shop.bantam.ch\/de\/produkt\/faltbares-solarpanel-60w\/","name":"Faltbares Solarpanel 60W (mod\u00e8le d'exposition) - Bantam Camping AG","isPartOf":{"@id":"https:\/\/shop.bantam.ch\/de\/#website"},"primaryImageOfPage":{"@id":"https:\/\/shop.bantam.ch\/de\/produkt\/faltbares-solarpanel-60w\/#primaryimage"},"image":{"@id":"https:\/\/shop.bantam.ch\/de\/produkt\/faltbares-solarpanel-60w\/#primaryimage"},"thumbnailUrl":"https:\/\/shop.bantam.ch\/wp-content\/uploads\/2024\/02\/vignette_produit-1.jpg","datePublished":"2024-02-07T08:40:09+00:00","dateModified":"2026-04-17T20:53:26+00:00","breadcrumb":{"@id":"https:\/\/shop.bantam.ch\/de\/produkt\/faltbares-solarpanel-60w\/#breadcrumb"},"inLanguage":"de","potentialAction":[{"@type":"ReadAction","target":["https:\/\/shop.bantam.ch\/de\/produkt\/faltbares-solarpanel-60w\/"]}]},{"@type":"ImageObject","inLanguage":"de","@id":"https:\/\/shop.bantam.ch\/de\/produkt\/faltbares-solarpanel-60w\/#primaryimage","url":"https:\/\/shop.bantam.ch\/wp-content\/uploads\/2024\/02\/vignette_produit-1.jpg","contentUrl":"https:\/\/shop.bantam.ch\/wp-content\/uploads\/2024\/02\/vignette_produit-1.jpg","width":455,"height":460},{"@type":"BreadcrumbList","@id":"https:\/\/shop.bantam.ch\/de\/produkt\/faltbares-solarpanel-60w\/#breadcrumb","itemListElement":[{"@type":"ListItem","position":1,"name":"Accueil","item":"https:\/\/shop.bantam.ch\/de\/"},{"@type":"ListItem","position":2,"name":"Shop","item":"https:\/\/shop.bantam.ch\/de\/shop\/"},{"@type":"ListItem","position":3,"name":"Faltbares Solarpanel 60W (mod\u00e8le d&#8217;exposition)"}]},{"@type":"WebSite","@id":"https:\/\/shop.bantam.ch\/de\/#website","url":"https:\/\/shop.bantam.ch\/de\/","name":"Bantam Camping AG","description":"","publisher":{"@id":"https:\/\/shop.bantam.ch\/de\/#organization"},"inLanguage":"de"},{"@type":"Organization","@id":"https:\/\/shop.bantam.ch\/de\/#organization","name":"Bantam Camping AG","url":"https:\/\/shop.bantam.ch\/de\/","logo":{"@type":"ImageObject","inLanguage":"de","@id":"https:\/\/shop.bantam.ch\/de\/#\/schema\/logo\/image\/","url":"https:\/\/shop.bantam.ch\/wp-content\/uploads\/2022\/12\/bantam-logo.png","contentUrl":"https:\/\/shop.bantam.ch\/wp-content\/uploads\/2022\/12\/bantam-logo.png","width":320,"height":71,"caption":"Bantam Camping AG"},"image":{"@id":"https:\/\/shop.bantam.ch\/de\/#\/schema\/logo\/image\/"}}]}},"_links":{"self":[{"href":"https:\/\/shop.bantam.ch\/de\/wp-json\/wp\/v2\/product\/189413","targetHints":{"allow":["GET"]}}],"collection":[{"href":"https:\/\/shop.bantam.ch\/de\/wp-json\/wp\/v2\/product"}],"about":[{"href":"https:\/\/shop.bantam.ch\/de\/wp-json\/wp\/v2\/types\/product"}],"wp:featuredmedia":[{"embeddable":true,"href":"https:\/\/shop.bantam.ch\/de\/wp-json\/wp\/v2\/media\/189411"}],"wp:attachment":[{"href":"https:\/\/shop.bantam.ch\/de\/wp-json\/wp\/v2\/media?parent=189413"}],"wp:term":[{"taxonomy":"product_featured_cat","embeddable":true,"href":"https:\/\/shop.bantam.ch\/de\/wp-json\/wp\/v2\/product_featured_cat?post=189413"},{"taxonomy":"product_brand","embeddable":true,"href":"https:\/\/shop.bantam.ch\/de\/wp-json\/wp\/v2\/product_brand?post=189413"},{"taxonomy":"product_cat","embeddable":true,"href":"https:\/\/shop.bantam.ch\/de\/wp-json\/wp\/v2\/product_cat?post=189413"},{"taxonomy":"product_tag","embeddable":true,"href":"https:\/\/shop.bantam.ch\/de\/wp-json\/wp\/v2\/product_tag?post=189413"}],"curies":[{"name":"wp","href":"https:\/\/api.w.org\/{rel}","templated":true}]}}