{"id":189033,"date":"2023-01-11T08:48:37","date_gmt":"2023-01-11T07:48:37","guid":{"rendered":"https:\/\/shop.bantam.ch\/produit\/petroleumheizung-heusser-products\/"},"modified":"2026-04-18T22:56:03","modified_gmt":"2026-04-18T20:56:03","slug":"petroleumheizung-heusser-products","status":"publish","type":"product","link":"https:\/\/shop.bantam.ch\/de\/produkt\/petroleumheizung-heusser-products\/","title":{"rendered":"Petroleumheizung Heusser products"},"content":{"rendered":"<p>Mit dieser Petroleum-Heizung macht das Campen auch in den k\u00e4lteren Jahreszeiten Spa\u00df.<br \/>\nDurch die hohe Heizleistung und den geringen Verbrauch hat man somit auch bei Unwetter oder K\u00e4lte ein warmes Zelt. Ebenso kann diese f\u00fcr Pavillions oder \u00c4hnliches benutzt werden.<br \/>\nOhne Holz, Gas oder Elektrizit\u00e4t sorgt er stundenlang f\u00fcr angenehme W\u00e4rme. Als Energietr\u00e4ger dient Petroleum oder Lampen\u00f6l.<br \/>\nBei dieser Laterne verbennt der Docht nicht, sondern sorgt mit seiner speziellen Art (Glasfaser-Docht) f\u00fcr unbegrenzt Flamme.<\/p>\n","protected":false},"excerpt":{"rendered":"<p>Mit dieser Petroleum-Heizung macht das Campen auch in den k\u00e4lteren Jahreszeiten Spa\u00df. Durch die hohe Heizleistung und den geringen Verbrauch hat man somit auch bei Unwetter oder K\u00e4lte ein warmes Zelt. Ebenso kann diese f\u00fcr Pavillions oder \u00c4hnliches benutzt werden. Ohne Holz, Gas oder Elektrizit\u00e4t sorgt er stundenlang f\u00fcr angenehme W\u00e4rme. Als Energietr\u00e4ger dient Petroleum [&hellip;]<\/p>\n","protected":false},"featured_media":189036,"template":"","meta":{"_acf_changed":false},"product_featured_cat":[5303,5304],"product_brand":[3119],"product_cat":[4364],"product_tag":[],"class_list":{"0":"post-189033","1":"product","2":"type-product","3":"status-publish","4":"has-post-thumbnail","6":"product_featured_cat-selection-hivernale-etagnieres-de","7":"product_featured_cat-winterauswahl-hindelbank-urdorf","8":"product_brand-heusser-products-de","9":"product_cat-laternen-kerzen","11":"first","12":"instock","13":"taxable","14":"shipping-taxable","15":"purchasable","16":"product-type-simple"},"acf":[],"yoast_head":"<!-- This site is optimized with the Yoast SEO plugin v27.4 - https:\/\/yoast.com\/product\/yoast-seo-wordpress\/ -->\n<title>Petroleumheizung Heusser products - Bantam Camping AG<\/title>\n<meta name=\"robots\" content=\"index, follow, max-snippet:-1, max-image-preview:large, max-video-preview:-1\" \/>\n<link rel=\"canonical\" href=\"https:\/\/shop.bantam.ch\/de\/produkt\/petroleumheizung-heusser-products\/\" \/>\n<meta property=\"og:locale\" content=\"de_DE\" \/>\n<meta property=\"og:type\" content=\"article\" \/>\n<meta property=\"og:title\" content=\"Petroleumheizung Heusser products - Bantam Camping AG\" \/>\n<meta property=\"og:description\" content=\"Mit dieser Petroleum-Heizung macht das Campen auch in den k\u00e4lteren Jahreszeiten Spa\u00df. Durch die hohe Heizleistung und den geringen Verbrauch hat man somit auch bei Unwetter oder K\u00e4lte ein warmes Zelt. Ebenso kann diese f\u00fcr Pavillions oder \u00c4hnliches benutzt werden. Ohne Holz, Gas oder Elektrizit\u00e4t sorgt er stundenlang f\u00fcr angenehme W\u00e4rme. Als Energietr\u00e4ger dient Petroleum [&hellip;]\" \/>\n<meta property=\"og:url\" content=\"https:\/\/shop.bantam.ch\/de\/produkt\/petroleumheizung-heusser-products\/\" \/>\n<meta property=\"og:site_name\" content=\"Bantam Camping AG\" \/>\n<meta property=\"article:modified_time\" content=\"2026-04-18T20:56:03+00:00\" \/>\n<meta property=\"og:image\" content=\"https:\/\/shop.bantam.ch\/wp-content\/uploads\/2024\/01\/997090348_max.jpg\" \/>\n\t<meta property=\"og:image:width\" content=\"800\" \/>\n\t<meta property=\"og:image:height\" content=\"800\" \/>\n\t<meta property=\"og:image:type\" content=\"image\/jpeg\" \/>\n<meta name=\"twitter:card\" content=\"summary_large_image\" \/>\n<meta name=\"twitter:label1\" content=\"Gesch\u00e4tzte Lesezeit\" \/>\n\t<meta name=\"twitter:data1\" content=\"1\u00a0Minute\" \/>\n<script type=\"application\/ld+json\" class=\"yoast-schema-graph\">{\"@context\":\"https:\\\/\\\/schema.org\",\"@graph\":[{\"@type\":\"WebPage\",\"@id\":\"https:\\\/\\\/shop.bantam.ch\\\/de\\\/produkt\\\/petroleumheizung-heusser-products\\\/\",\"url\":\"https:\\\/\\\/shop.bantam.ch\\\/de\\\/produkt\\\/petroleumheizung-heusser-products\\\/\",\"name\":\"Petroleumheizung Heusser products - Bantam Camping AG\",\"isPartOf\":{\"@id\":\"https:\\\/\\\/shop.bantam.ch\\\/de\\\/#website\"},\"primaryImageOfPage\":{\"@id\":\"https:\\\/\\\/shop.bantam.ch\\\/de\\\/produkt\\\/petroleumheizung-heusser-products\\\/#primaryimage\"},\"image\":{\"@id\":\"https:\\\/\\\/shop.bantam.ch\\\/de\\\/produkt\\\/petroleumheizung-heusser-products\\\/#primaryimage\"},\"thumbnailUrl\":\"https:\\\/\\\/shop.bantam.ch\\\/wp-content\\\/uploads\\\/2024\\\/01\\\/997090348_max.jpg\",\"datePublished\":\"2023-01-11T07:48:37+00:00\",\"dateModified\":\"2026-04-18T20:56:03+00:00\",\"breadcrumb\":{\"@id\":\"https:\\\/\\\/shop.bantam.ch\\\/de\\\/produkt\\\/petroleumheizung-heusser-products\\\/#breadcrumb\"},\"inLanguage\":\"de\",\"potentialAction\":[{\"@type\":\"ReadAction\",\"target\":[\"https:\\\/\\\/shop.bantam.ch\\\/de\\\/produkt\\\/petroleumheizung-heusser-products\\\/\"]}]},{\"@type\":\"ImageObject\",\"inLanguage\":\"de\",\"@id\":\"https:\\\/\\\/shop.bantam.ch\\\/de\\\/produkt\\\/petroleumheizung-heusser-products\\\/#primaryimage\",\"url\":\"https:\\\/\\\/shop.bantam.ch\\\/wp-content\\\/uploads\\\/2024\\\/01\\\/997090348_max.jpg\",\"contentUrl\":\"https:\\\/\\\/shop.bantam.ch\\\/wp-content\\\/uploads\\\/2024\\\/01\\\/997090348_max.jpg\",\"width\":800,\"height\":800},{\"@type\":\"BreadcrumbList\",\"@id\":\"https:\\\/\\\/shop.bantam.ch\\\/de\\\/produkt\\\/petroleumheizung-heusser-products\\\/#breadcrumb\",\"itemListElement\":[{\"@type\":\"ListItem\",\"position\":1,\"name\":\"Accueil\",\"item\":\"https:\\\/\\\/shop.bantam.ch\\\/de\\\/\"},{\"@type\":\"ListItem\",\"position\":2,\"name\":\"Shop\",\"item\":\"https:\\\/\\\/shop.bantam.ch\\\/de\\\/shop\\\/\"},{\"@type\":\"ListItem\",\"position\":3,\"name\":\"Petroleumheizung Heusser products\"}]},{\"@type\":\"WebSite\",\"@id\":\"https:\\\/\\\/shop.bantam.ch\\\/de\\\/#website\",\"url\":\"https:\\\/\\\/shop.bantam.ch\\\/de\\\/\",\"name\":\"Bantam Camping AG\",\"description\":\"\",\"publisher\":{\"@id\":\"https:\\\/\\\/shop.bantam.ch\\\/de\\\/#organization\"},\"inLanguage\":\"de\"},{\"@type\":\"Organization\",\"@id\":\"https:\\\/\\\/shop.bantam.ch\\\/de\\\/#organization\",\"name\":\"Bantam Camping AG\",\"url\":\"https:\\\/\\\/shop.bantam.ch\\\/de\\\/\",\"logo\":{\"@type\":\"ImageObject\",\"inLanguage\":\"de\",\"@id\":\"https:\\\/\\\/shop.bantam.ch\\\/de\\\/#\\\/schema\\\/logo\\\/image\\\/\",\"url\":\"https:\\\/\\\/shop.bantam.ch\\\/wp-content\\\/uploads\\\/2022\\\/12\\\/bantam-logo.png\",\"contentUrl\":\"https:\\\/\\\/shop.bantam.ch\\\/wp-content\\\/uploads\\\/2022\\\/12\\\/bantam-logo.png\",\"width\":320,\"height\":71,\"caption\":\"Bantam Camping AG\"},\"image\":{\"@id\":\"https:\\\/\\\/shop.bantam.ch\\\/de\\\/#\\\/schema\\\/logo\\\/image\\\/\"}}]}<\/script>\n<!-- \/ Yoast SEO plugin. -->","yoast_head_json":{"title":"Petroleumheizung Heusser products - Bantam Camping AG","robots":{"index":"index","follow":"follow","max-snippet":"max-snippet:-1","max-image-preview":"max-image-preview:large","max-video-preview":"max-video-preview:-1"},"canonical":"https:\/\/shop.bantam.ch\/de\/produkt\/petroleumheizung-heusser-products\/","og_locale":"de_DE","og_type":"article","og_title":"Petroleumheizung Heusser products - Bantam Camping AG","og_description":"Mit dieser Petroleum-Heizung macht das Campen auch in den k\u00e4lteren Jahreszeiten Spa\u00df. Durch die hohe Heizleistung und den geringen Verbrauch hat man somit auch bei Unwetter oder K\u00e4lte ein warmes Zelt. Ebenso kann diese f\u00fcr Pavillions oder \u00c4hnliches benutzt werden. Ohne Holz, Gas oder Elektrizit\u00e4t sorgt er stundenlang f\u00fcr angenehme W\u00e4rme. Als Energietr\u00e4ger dient Petroleum [&hellip;]","og_url":"https:\/\/shop.bantam.ch\/de\/produkt\/petroleumheizung-heusser-products\/","og_site_name":"Bantam Camping AG","article_modified_time":"2026-04-18T20:56:03+00:00","og_image":[{"width":800,"height":800,"url":"https:\/\/shop.bantam.ch\/wp-content\/uploads\/2024\/01\/997090348_max.jpg","type":"image\/jpeg"}],"twitter_card":"summary_large_image","twitter_misc":{"Gesch\u00e4tzte Lesezeit":"1\u00a0Minute"},"schema":{"@context":"https:\/\/schema.org","@graph":[{"@type":"WebPage","@id":"https:\/\/shop.bantam.ch\/de\/produkt\/petroleumheizung-heusser-products\/","url":"https:\/\/shop.bantam.ch\/de\/produkt\/petroleumheizung-heusser-products\/","name":"Petroleumheizung Heusser products - Bantam Camping AG","isPartOf":{"@id":"https:\/\/shop.bantam.ch\/de\/#website"},"primaryImageOfPage":{"@id":"https:\/\/shop.bantam.ch\/de\/produkt\/petroleumheizung-heusser-products\/#primaryimage"},"image":{"@id":"https:\/\/shop.bantam.ch\/de\/produkt\/petroleumheizung-heusser-products\/#primaryimage"},"thumbnailUrl":"https:\/\/shop.bantam.ch\/wp-content\/uploads\/2024\/01\/997090348_max.jpg","datePublished":"2023-01-11T07:48:37+00:00","dateModified":"2026-04-18T20:56:03+00:00","breadcrumb":{"@id":"https:\/\/shop.bantam.ch\/de\/produkt\/petroleumheizung-heusser-products\/#breadcrumb"},"inLanguage":"de","potentialAction":[{"@type":"ReadAction","target":["https:\/\/shop.bantam.ch\/de\/produkt\/petroleumheizung-heusser-products\/"]}]},{"@type":"ImageObject","inLanguage":"de","@id":"https:\/\/shop.bantam.ch\/de\/produkt\/petroleumheizung-heusser-products\/#primaryimage","url":"https:\/\/shop.bantam.ch\/wp-content\/uploads\/2024\/01\/997090348_max.jpg","contentUrl":"https:\/\/shop.bantam.ch\/wp-content\/uploads\/2024\/01\/997090348_max.jpg","width":800,"height":800},{"@type":"BreadcrumbList","@id":"https:\/\/shop.bantam.ch\/de\/produkt\/petroleumheizung-heusser-products\/#breadcrumb","itemListElement":[{"@type":"ListItem","position":1,"name":"Accueil","item":"https:\/\/shop.bantam.ch\/de\/"},{"@type":"ListItem","position":2,"name":"Shop","item":"https:\/\/shop.bantam.ch\/de\/shop\/"},{"@type":"ListItem","position":3,"name":"Petroleumheizung Heusser products"}]},{"@type":"WebSite","@id":"https:\/\/shop.bantam.ch\/de\/#website","url":"https:\/\/shop.bantam.ch\/de\/","name":"Bantam Camping AG","description":"","publisher":{"@id":"https:\/\/shop.bantam.ch\/de\/#organization"},"inLanguage":"de"},{"@type":"Organization","@id":"https:\/\/shop.bantam.ch\/de\/#organization","name":"Bantam Camping AG","url":"https:\/\/shop.bantam.ch\/de\/","logo":{"@type":"ImageObject","inLanguage":"de","@id":"https:\/\/shop.bantam.ch\/de\/#\/schema\/logo\/image\/","url":"https:\/\/shop.bantam.ch\/wp-content\/uploads\/2022\/12\/bantam-logo.png","contentUrl":"https:\/\/shop.bantam.ch\/wp-content\/uploads\/2022\/12\/bantam-logo.png","width":320,"height":71,"caption":"Bantam Camping AG"},"image":{"@id":"https:\/\/shop.bantam.ch\/de\/#\/schema\/logo\/image\/"}}]}},"_links":{"self":[{"href":"https:\/\/shop.bantam.ch\/de\/wp-json\/wp\/v2\/product\/189033","targetHints":{"allow":["GET"]}}],"collection":[{"href":"https:\/\/shop.bantam.ch\/de\/wp-json\/wp\/v2\/product"}],"about":[{"href":"https:\/\/shop.bantam.ch\/de\/wp-json\/wp\/v2\/types\/product"}],"wp:featuredmedia":[{"embeddable":true,"href":"https:\/\/shop.bantam.ch\/de\/wp-json\/wp\/v2\/media\/189036"}],"wp:attachment":[{"href":"https:\/\/shop.bantam.ch\/de\/wp-json\/wp\/v2\/media?parent=189033"}],"wp:term":[{"taxonomy":"product_featured_cat","embeddable":true,"href":"https:\/\/shop.bantam.ch\/de\/wp-json\/wp\/v2\/product_featured_cat?post=189033"},{"taxonomy":"product_brand","embeddable":true,"href":"https:\/\/shop.bantam.ch\/de\/wp-json\/wp\/v2\/product_brand?post=189033"},{"taxonomy":"product_cat","embeddable":true,"href":"https:\/\/shop.bantam.ch\/de\/wp-json\/wp\/v2\/product_cat?post=189033"},{"taxonomy":"product_tag","embeddable":true,"href":"https:\/\/shop.bantam.ch\/de\/wp-json\/wp\/v2\/product_tag?post=189033"}],"curies":[{"name":"wp","href":"https:\/\/api.w.org\/{rel}","templated":true}]}}