{"id":188694,"date":"2024-06-15T15:47:08","date_gmt":"2024-06-15T13:47:08","guid":{"rendered":"https:\/\/shop.bantam.ch\/produit\/retro-tischlampe-elfenbein\/"},"modified":"2026-04-19T22:58:27","modified_gmt":"2026-04-19T20:58:27","slug":"retro-tischlampe-elfenbein","status":"publish","type":"product","link":"https:\/\/shop.bantam.ch\/de\/produkt\/retro-tischlampe-elfenbein\/","title":{"rendered":"Retro Tischlampe &#8211; Elfenbein"},"content":{"rendered":"<p>Tischlampe klassisches Modell, erh\u00e4ltlich in den Farben Olive oder Elfenbein. Mit dem Drehknopf k\u00f6nnen Sie die Lichtintensit\u00e4t eines warmen Lichts oder eines strahlend wei\u00dfen Lichts, das gedimmt werden kann, einstellen. Aufladbar mit dem mitgelieferten Typ-C-Ladekabel. Die Lampe kann auch als externer Akku verwendet werden.<\/p>\n<p>Material: ABS + PC + Metall.<br \/>\nAbmessungen: \u00f8 12 x 25 cm.<br \/>\nLichtquelle: LED + COB.<br \/>\nLumen: 20-260LM, dimmbar.<br \/>\nLeuchtdauer: 4-6 Stunden, Ladezeit: 4 Std.<br \/>\nGewicht: 550 gr.<\/p>\n","protected":false},"excerpt":{"rendered":"<p>Tischlampe klassisches Modell, erh\u00e4ltlich in den Farben Olive oder Elfenbein. Mit dem Drehknopf k\u00f6nnen Sie die Lichtintensit\u00e4t eines warmen Lichts oder eines strahlend wei\u00dfen Lichts, das gedimmt werden kann, einstellen. Aufladbar mit dem mitgelieferten Typ-C-Ladekabel. Die Lampe kann auch als externer Akku verwendet werden. Material: ABS + PC + Metall. Abmessungen: \u00f8 12 x 25 [&hellip;]<\/p>\n","protected":false},"featured_media":220123,"template":"","meta":{"_acf_changed":false},"product_featured_cat":[5300],"product_brand":[3075],"product_cat":[4362],"product_tag":[],"class_list":{"0":"post-188694","1":"product","2":"type-product","3":"status-publish","4":"has-post-thumbnail","6":"product_featured_cat-prix-bantam-etagniers-de","7":"product_brand-eurotrail-de","8":"product_cat-batterie-akkulampen","10":"first","11":"instock","12":"taxable","13":"shipping-taxable","14":"purchasable","15":"product-type-simple"},"acf":[],"yoast_head":"<!-- This site is optimized with the Yoast SEO plugin v27.4 - https:\/\/yoast.com\/product\/yoast-seo-wordpress\/ -->\n<title>Retro Tischlampe - Elfenbein - Bantam Camping AG<\/title>\n<meta name=\"robots\" content=\"index, follow, max-snippet:-1, max-image-preview:large, max-video-preview:-1\" \/>\n<link rel=\"canonical\" href=\"https:\/\/shop.bantam.ch\/de\/produkt\/retro-tischlampe-elfenbein\/\" \/>\n<meta property=\"og:locale\" content=\"de_DE\" \/>\n<meta property=\"og:type\" content=\"article\" \/>\n<meta property=\"og:title\" content=\"Retro Tischlampe - Elfenbein - Bantam Camping AG\" \/>\n<meta property=\"og:description\" content=\"Tischlampe klassisches Modell, erh\u00e4ltlich in den Farben Olive oder Elfenbein. Mit dem Drehknopf k\u00f6nnen Sie die Lichtintensit\u00e4t eines warmen Lichts oder eines strahlend wei\u00dfen Lichts, das gedimmt werden kann, einstellen. Aufladbar mit dem mitgelieferten Typ-C-Ladekabel. Die Lampe kann auch als externer Akku verwendet werden. Material: ABS + PC + Metall. Abmessungen: \u00f8 12 x 25 [&hellip;]\" \/>\n<meta property=\"og:url\" content=\"https:\/\/shop.bantam.ch\/de\/produkt\/retro-tischlampe-elfenbein\/\" \/>\n<meta property=\"og:site_name\" content=\"Bantam Camping AG\" \/>\n<meta property=\"article:modified_time\" content=\"2026-04-19T20:58:27+00:00\" \/>\n<meta property=\"og:image\" content=\"https:\/\/shop.bantam.ch\/wp-content\/uploads\/2025\/06\/ETLT1241-Retro-Tablelamp-2500-On01-24_600px_2.jpg\" \/>\n\t<meta property=\"og:image:width\" content=\"600\" \/>\n\t<meta property=\"og:image:height\" content=\"1224\" \/>\n\t<meta property=\"og:image:type\" content=\"image\/jpeg\" \/>\n<meta name=\"twitter:card\" content=\"summary_large_image\" \/>\n<script type=\"application\/ld+json\" class=\"yoast-schema-graph\">{\"@context\":\"https:\\\/\\\/schema.org\",\"@graph\":[{\"@type\":\"WebPage\",\"@id\":\"https:\\\/\\\/shop.bantam.ch\\\/de\\\/produkt\\\/retro-tischlampe-elfenbein\\\/\",\"url\":\"https:\\\/\\\/shop.bantam.ch\\\/de\\\/produkt\\\/retro-tischlampe-elfenbein\\\/\",\"name\":\"Retro Tischlampe - Elfenbein - Bantam Camping AG\",\"isPartOf\":{\"@id\":\"https:\\\/\\\/shop.bantam.ch\\\/de\\\/#website\"},\"primaryImageOfPage\":{\"@id\":\"https:\\\/\\\/shop.bantam.ch\\\/de\\\/produkt\\\/retro-tischlampe-elfenbein\\\/#primaryimage\"},\"image\":{\"@id\":\"https:\\\/\\\/shop.bantam.ch\\\/de\\\/produkt\\\/retro-tischlampe-elfenbein\\\/#primaryimage\"},\"thumbnailUrl\":\"https:\\\/\\\/shop.bantam.ch\\\/wp-content\\\/uploads\\\/2025\\\/06\\\/ETLT1241-Retro-Tablelamp-2500-On01-24_600px_2.jpg\",\"datePublished\":\"2024-06-15T13:47:08+00:00\",\"dateModified\":\"2026-04-19T20:58:27+00:00\",\"breadcrumb\":{\"@id\":\"https:\\\/\\\/shop.bantam.ch\\\/de\\\/produkt\\\/retro-tischlampe-elfenbein\\\/#breadcrumb\"},\"inLanguage\":\"de\",\"potentialAction\":[{\"@type\":\"ReadAction\",\"target\":[\"https:\\\/\\\/shop.bantam.ch\\\/de\\\/produkt\\\/retro-tischlampe-elfenbein\\\/\"]}]},{\"@type\":\"ImageObject\",\"inLanguage\":\"de\",\"@id\":\"https:\\\/\\\/shop.bantam.ch\\\/de\\\/produkt\\\/retro-tischlampe-elfenbein\\\/#primaryimage\",\"url\":\"https:\\\/\\\/shop.bantam.ch\\\/wp-content\\\/uploads\\\/2025\\\/06\\\/ETLT1241-Retro-Tablelamp-2500-On01-24_600px_2.jpg\",\"contentUrl\":\"https:\\\/\\\/shop.bantam.ch\\\/wp-content\\\/uploads\\\/2025\\\/06\\\/ETLT1241-Retro-Tablelamp-2500-On01-24_600px_2.jpg\",\"width\":600,\"height\":1224},{\"@type\":\"BreadcrumbList\",\"@id\":\"https:\\\/\\\/shop.bantam.ch\\\/de\\\/produkt\\\/retro-tischlampe-elfenbein\\\/#breadcrumb\",\"itemListElement\":[{\"@type\":\"ListItem\",\"position\":1,\"name\":\"Accueil\",\"item\":\"https:\\\/\\\/shop.bantam.ch\\\/de\\\/\"},{\"@type\":\"ListItem\",\"position\":2,\"name\":\"Shop\",\"item\":\"https:\\\/\\\/shop.bantam.ch\\\/de\\\/shop\\\/\"},{\"@type\":\"ListItem\",\"position\":3,\"name\":\"Retro Tischlampe &#8211; Elfenbein\"}]},{\"@type\":\"WebSite\",\"@id\":\"https:\\\/\\\/shop.bantam.ch\\\/de\\\/#website\",\"url\":\"https:\\\/\\\/shop.bantam.ch\\\/de\\\/\",\"name\":\"Bantam Camping AG\",\"description\":\"\",\"publisher\":{\"@id\":\"https:\\\/\\\/shop.bantam.ch\\\/de\\\/#organization\"},\"inLanguage\":\"de\"},{\"@type\":\"Organization\",\"@id\":\"https:\\\/\\\/shop.bantam.ch\\\/de\\\/#organization\",\"name\":\"Bantam Camping AG\",\"url\":\"https:\\\/\\\/shop.bantam.ch\\\/de\\\/\",\"logo\":{\"@type\":\"ImageObject\",\"inLanguage\":\"de\",\"@id\":\"https:\\\/\\\/shop.bantam.ch\\\/de\\\/#\\\/schema\\\/logo\\\/image\\\/\",\"url\":\"https:\\\/\\\/shop.bantam.ch\\\/wp-content\\\/uploads\\\/2022\\\/12\\\/bantam-logo.png\",\"contentUrl\":\"https:\\\/\\\/shop.bantam.ch\\\/wp-content\\\/uploads\\\/2022\\\/12\\\/bantam-logo.png\",\"width\":320,\"height\":71,\"caption\":\"Bantam Camping AG\"},\"image\":{\"@id\":\"https:\\\/\\\/shop.bantam.ch\\\/de\\\/#\\\/schema\\\/logo\\\/image\\\/\"}}]}<\/script>\n<!-- \/ Yoast SEO plugin. -->","yoast_head_json":{"title":"Retro Tischlampe - Elfenbein - Bantam Camping AG","robots":{"index":"index","follow":"follow","max-snippet":"max-snippet:-1","max-image-preview":"max-image-preview:large","max-video-preview":"max-video-preview:-1"},"canonical":"https:\/\/shop.bantam.ch\/de\/produkt\/retro-tischlampe-elfenbein\/","og_locale":"de_DE","og_type":"article","og_title":"Retro Tischlampe - Elfenbein - Bantam Camping AG","og_description":"Tischlampe klassisches Modell, erh\u00e4ltlich in den Farben Olive oder Elfenbein. Mit dem Drehknopf k\u00f6nnen Sie die Lichtintensit\u00e4t eines warmen Lichts oder eines strahlend wei\u00dfen Lichts, das gedimmt werden kann, einstellen. Aufladbar mit dem mitgelieferten Typ-C-Ladekabel. Die Lampe kann auch als externer Akku verwendet werden. Material: ABS + PC + Metall. Abmessungen: \u00f8 12 x 25 [&hellip;]","og_url":"https:\/\/shop.bantam.ch\/de\/produkt\/retro-tischlampe-elfenbein\/","og_site_name":"Bantam Camping AG","article_modified_time":"2026-04-19T20:58:27+00:00","og_image":[{"width":600,"height":1224,"url":"https:\/\/shop.bantam.ch\/wp-content\/uploads\/2025\/06\/ETLT1241-Retro-Tablelamp-2500-On01-24_600px_2.jpg","type":"image\/jpeg"}],"twitter_card":"summary_large_image","schema":{"@context":"https:\/\/schema.org","@graph":[{"@type":"WebPage","@id":"https:\/\/shop.bantam.ch\/de\/produkt\/retro-tischlampe-elfenbein\/","url":"https:\/\/shop.bantam.ch\/de\/produkt\/retro-tischlampe-elfenbein\/","name":"Retro Tischlampe - Elfenbein - Bantam Camping AG","isPartOf":{"@id":"https:\/\/shop.bantam.ch\/de\/#website"},"primaryImageOfPage":{"@id":"https:\/\/shop.bantam.ch\/de\/produkt\/retro-tischlampe-elfenbein\/#primaryimage"},"image":{"@id":"https:\/\/shop.bantam.ch\/de\/produkt\/retro-tischlampe-elfenbein\/#primaryimage"},"thumbnailUrl":"https:\/\/shop.bantam.ch\/wp-content\/uploads\/2025\/06\/ETLT1241-Retro-Tablelamp-2500-On01-24_600px_2.jpg","datePublished":"2024-06-15T13:47:08+00:00","dateModified":"2026-04-19T20:58:27+00:00","breadcrumb":{"@id":"https:\/\/shop.bantam.ch\/de\/produkt\/retro-tischlampe-elfenbein\/#breadcrumb"},"inLanguage":"de","potentialAction":[{"@type":"ReadAction","target":["https:\/\/shop.bantam.ch\/de\/produkt\/retro-tischlampe-elfenbein\/"]}]},{"@type":"ImageObject","inLanguage":"de","@id":"https:\/\/shop.bantam.ch\/de\/produkt\/retro-tischlampe-elfenbein\/#primaryimage","url":"https:\/\/shop.bantam.ch\/wp-content\/uploads\/2025\/06\/ETLT1241-Retro-Tablelamp-2500-On01-24_600px_2.jpg","contentUrl":"https:\/\/shop.bantam.ch\/wp-content\/uploads\/2025\/06\/ETLT1241-Retro-Tablelamp-2500-On01-24_600px_2.jpg","width":600,"height":1224},{"@type":"BreadcrumbList","@id":"https:\/\/shop.bantam.ch\/de\/produkt\/retro-tischlampe-elfenbein\/#breadcrumb","itemListElement":[{"@type":"ListItem","position":1,"name":"Accueil","item":"https:\/\/shop.bantam.ch\/de\/"},{"@type":"ListItem","position":2,"name":"Shop","item":"https:\/\/shop.bantam.ch\/de\/shop\/"},{"@type":"ListItem","position":3,"name":"Retro Tischlampe &#8211; Elfenbein"}]},{"@type":"WebSite","@id":"https:\/\/shop.bantam.ch\/de\/#website","url":"https:\/\/shop.bantam.ch\/de\/","name":"Bantam Camping AG","description":"","publisher":{"@id":"https:\/\/shop.bantam.ch\/de\/#organization"},"inLanguage":"de"},{"@type":"Organization","@id":"https:\/\/shop.bantam.ch\/de\/#organization","name":"Bantam Camping AG","url":"https:\/\/shop.bantam.ch\/de\/","logo":{"@type":"ImageObject","inLanguage":"de","@id":"https:\/\/shop.bantam.ch\/de\/#\/schema\/logo\/image\/","url":"https:\/\/shop.bantam.ch\/wp-content\/uploads\/2022\/12\/bantam-logo.png","contentUrl":"https:\/\/shop.bantam.ch\/wp-content\/uploads\/2022\/12\/bantam-logo.png","width":320,"height":71,"caption":"Bantam Camping AG"},"image":{"@id":"https:\/\/shop.bantam.ch\/de\/#\/schema\/logo\/image\/"}}]}},"_links":{"self":[{"href":"https:\/\/shop.bantam.ch\/de\/wp-json\/wp\/v2\/product\/188694","targetHints":{"allow":["GET"]}}],"collection":[{"href":"https:\/\/shop.bantam.ch\/de\/wp-json\/wp\/v2\/product"}],"about":[{"href":"https:\/\/shop.bantam.ch\/de\/wp-json\/wp\/v2\/types\/product"}],"wp:featuredmedia":[{"embeddable":true,"href":"https:\/\/shop.bantam.ch\/de\/wp-json\/wp\/v2\/media\/220123"}],"wp:attachment":[{"href":"https:\/\/shop.bantam.ch\/de\/wp-json\/wp\/v2\/media?parent=188694"}],"wp:term":[{"taxonomy":"product_featured_cat","embeddable":true,"href":"https:\/\/shop.bantam.ch\/de\/wp-json\/wp\/v2\/product_featured_cat?post=188694"},{"taxonomy":"product_brand","embeddable":true,"href":"https:\/\/shop.bantam.ch\/de\/wp-json\/wp\/v2\/product_brand?post=188694"},{"taxonomy":"product_cat","embeddable":true,"href":"https:\/\/shop.bantam.ch\/de\/wp-json\/wp\/v2\/product_cat?post=188694"},{"taxonomy":"product_tag","embeddable":true,"href":"https:\/\/shop.bantam.ch\/de\/wp-json\/wp\/v2\/product_tag?post=188694"}],"curies":[{"name":"wp","href":"https:\/\/api.w.org\/{rel}","templated":true}]}}