{"id":188639,"date":"2023-12-26T12:08:34","date_gmt":"2023-12-26T11:08:34","guid":{"rendered":"https:\/\/shop.bantam.ch\/produit\/bel-air-evasion-in-wohnmobilen\/"},"modified":"2026-04-19T22:58:19","modified_gmt":"2026-04-19T20:58:19","slug":"bel-air-evasion-in-wohnmobilen","status":"publish","type":"product","link":"https:\/\/shop.bantam.ch\/de\/produkt\/bel-air-evasion-in-wohnmobilen\/","title":{"rendered":"Bel Air Evasion in Wohnmobilen 2025"},"content":{"rendered":"<p class=\"MsoNormal\"><span lang=\"DE-CH\">Der Camping-Car Evasion Guide listet 5.746<br \/>\neurop\u00e4ische Gebiete auf, davon 517 in den vier europ\u00e4ischen L\u00e4ndern<br \/>\nDeutschland, Spanien, Gro\u00dfbritannien und der Schweiz&#8230; aber auch 5230<br \/>\nRastst\u00e4tten in Frankreich.\u00a0<\/span>\u00a0In dieser neuen Ausgabe stehen<br \/>\nmehrere Recherchelinien zur Verf\u00fcgung, um Ihre Zwischenstation oder Ihr<br \/>\nReiseziel zu finden:\u00a0Eine<br \/>\n     Karte nach Departements und nach L\u00e4ndern zeigt Ihnen durch eine numerische<br \/>\n     Referenz alle St\u00e4dte an, die eine Parkl\u00f6sung und\/oder Dienstleistungen f\u00fcr<br \/>\n     Ihr Wohnmobil haben,\u00a0Eine<br \/>\n     Klassifizierung der Gemeinden nach Abteilungen,\u00a0Ein<br \/>\n     alphabetisches Verzeichnis aller genannten St\u00e4dte.\u00a0\u00a0Am Ende des Leitfadens finden Sie<br \/>\neine Liste von 67 Vergn\u00fcgungs- und Freizeitparks in unseren sch\u00f6nen Regionen<br \/>\nFrankreichs und im Ausland.<\/p>\n","protected":false},"excerpt":{"rendered":"<p>Der Camping-Car Evasion Guide listet 5.746 europ\u00e4ische Gebiete auf, davon 517 in den vier europ\u00e4ischen L\u00e4ndern Deutschland, Spanien, Gro\u00dfbritannien und der Schweiz&#8230; aber auch 5230 Rastst\u00e4tten in Frankreich.\u00a0\u00a0In dieser neuen Ausgabe stehen mehrere Recherchelinien zur Verf\u00fcgung, um Ihre Zwischenstation oder Ihr Reiseziel zu finden:\u00a0Eine Karte nach Departements und nach L\u00e4ndern zeigt Ihnen durch eine numerische [&hellip;]<\/p>\n","protected":false},"featured_media":209350,"template":"","meta":{"_acf_changed":false},"product_featured_cat":[],"product_brand":[3033],"product_cat":[4346],"product_tag":[],"class_list":{"0":"post-188639","1":"product","2":"type-product","3":"status-publish","4":"has-post-thumbnail","6":"product_brand-standard-de","7":"product_cat-stellplatzfuehrer","9":"first","10":"instock","11":"taxable","12":"shipping-taxable","13":"purchasable","14":"product-type-simple"},"acf":[],"yoast_head":"<!-- This site is optimized with the Yoast SEO plugin v27.4 - https:\/\/yoast.com\/product\/yoast-seo-wordpress\/ -->\n<title>Bel Air Evasion in Wohnmobilen 2025 - Bantam Camping AG<\/title>\n<meta name=\"robots\" content=\"index, follow, max-snippet:-1, max-image-preview:large, max-video-preview:-1\" \/>\n<link rel=\"canonical\" href=\"https:\/\/shop.bantam.ch\/de\/produkt\/bel-air-evasion-in-wohnmobilen\/\" \/>\n<meta property=\"og:locale\" content=\"de_DE\" \/>\n<meta property=\"og:type\" content=\"article\" \/>\n<meta property=\"og:title\" content=\"Bel Air Evasion in Wohnmobilen 2025 - Bantam Camping AG\" \/>\n<meta property=\"og:description\" content=\"Der Camping-Car Evasion Guide listet 5.746 europ\u00e4ische Gebiete auf, davon 517 in den vier europ\u00e4ischen L\u00e4ndern Deutschland, Spanien, Gro\u00dfbritannien und der Schweiz&#8230; aber auch 5230 Rastst\u00e4tten in Frankreich.\u00a0\u00a0In dieser neuen Ausgabe stehen mehrere Recherchelinien zur Verf\u00fcgung, um Ihre Zwischenstation oder Ihr Reiseziel zu finden:\u00a0Eine Karte nach Departements und nach L\u00e4ndern zeigt Ihnen durch eine numerische [&hellip;]\" \/>\n<meta property=\"og:url\" content=\"https:\/\/shop.bantam.ch\/de\/produkt\/bel-air-evasion-in-wohnmobilen\/\" \/>\n<meta property=\"og:site_name\" content=\"Bantam Camping AG\" \/>\n<meta property=\"article:modified_time\" content=\"2026-04-19T20:58:19+00:00\" \/>\n<meta property=\"og:image\" content=\"https:\/\/shop.bantam.ch\/wp-content\/uploads\/2025\/02\/BELAIR_ECC_COUV_2025-scaled.jpg\" \/>\n\t<meta property=\"og:image:width\" content=\"1291\" \/>\n\t<meta property=\"og:image:height\" content=\"2048\" \/>\n\t<meta property=\"og:image:type\" content=\"image\/jpeg\" \/>\n<meta name=\"twitter:card\" content=\"summary_large_image\" \/>\n<meta name=\"twitter:label1\" content=\"Gesch\u00e4tzte Lesezeit\" \/>\n\t<meta name=\"twitter:data1\" content=\"1\u00a0Minute\" \/>\n<script type=\"application\/ld+json\" class=\"yoast-schema-graph\">{\"@context\":\"https:\\\/\\\/schema.org\",\"@graph\":[{\"@type\":\"WebPage\",\"@id\":\"https:\\\/\\\/shop.bantam.ch\\\/de\\\/produkt\\\/bel-air-evasion-in-wohnmobilen\\\/\",\"url\":\"https:\\\/\\\/shop.bantam.ch\\\/de\\\/produkt\\\/bel-air-evasion-in-wohnmobilen\\\/\",\"name\":\"Bel Air Evasion in Wohnmobilen 2025 - Bantam Camping AG\",\"isPartOf\":{\"@id\":\"https:\\\/\\\/shop.bantam.ch\\\/de\\\/#website\"},\"primaryImageOfPage\":{\"@id\":\"https:\\\/\\\/shop.bantam.ch\\\/de\\\/produkt\\\/bel-air-evasion-in-wohnmobilen\\\/#primaryimage\"},\"image\":{\"@id\":\"https:\\\/\\\/shop.bantam.ch\\\/de\\\/produkt\\\/bel-air-evasion-in-wohnmobilen\\\/#primaryimage\"},\"thumbnailUrl\":\"https:\\\/\\\/shop.bantam.ch\\\/wp-content\\\/uploads\\\/2025\\\/02\\\/BELAIR_ECC_COUV_2025-scaled.jpg\",\"datePublished\":\"2023-12-26T11:08:34+00:00\",\"dateModified\":\"2026-04-19T20:58:19+00:00\",\"breadcrumb\":{\"@id\":\"https:\\\/\\\/shop.bantam.ch\\\/de\\\/produkt\\\/bel-air-evasion-in-wohnmobilen\\\/#breadcrumb\"},\"inLanguage\":\"de\",\"potentialAction\":[{\"@type\":\"ReadAction\",\"target\":[\"https:\\\/\\\/shop.bantam.ch\\\/de\\\/produkt\\\/bel-air-evasion-in-wohnmobilen\\\/\"]}]},{\"@type\":\"ImageObject\",\"inLanguage\":\"de\",\"@id\":\"https:\\\/\\\/shop.bantam.ch\\\/de\\\/produkt\\\/bel-air-evasion-in-wohnmobilen\\\/#primaryimage\",\"url\":\"https:\\\/\\\/shop.bantam.ch\\\/wp-content\\\/uploads\\\/2025\\\/02\\\/BELAIR_ECC_COUV_2025-scaled.jpg\",\"contentUrl\":\"https:\\\/\\\/shop.bantam.ch\\\/wp-content\\\/uploads\\\/2025\\\/02\\\/BELAIR_ECC_COUV_2025-scaled.jpg\",\"width\":1291,\"height\":2048},{\"@type\":\"BreadcrumbList\",\"@id\":\"https:\\\/\\\/shop.bantam.ch\\\/de\\\/produkt\\\/bel-air-evasion-in-wohnmobilen\\\/#breadcrumb\",\"itemListElement\":[{\"@type\":\"ListItem\",\"position\":1,\"name\":\"Accueil\",\"item\":\"https:\\\/\\\/shop.bantam.ch\\\/de\\\/\"},{\"@type\":\"ListItem\",\"position\":2,\"name\":\"Shop\",\"item\":\"https:\\\/\\\/shop.bantam.ch\\\/de\\\/shop\\\/\"},{\"@type\":\"ListItem\",\"position\":3,\"name\":\"Bel Air Evasion in Wohnmobilen 2025\"}]},{\"@type\":\"WebSite\",\"@id\":\"https:\\\/\\\/shop.bantam.ch\\\/de\\\/#website\",\"url\":\"https:\\\/\\\/shop.bantam.ch\\\/de\\\/\",\"name\":\"Bantam Camping AG\",\"description\":\"\",\"publisher\":{\"@id\":\"https:\\\/\\\/shop.bantam.ch\\\/de\\\/#organization\"},\"inLanguage\":\"de\"},{\"@type\":\"Organization\",\"@id\":\"https:\\\/\\\/shop.bantam.ch\\\/de\\\/#organization\",\"name\":\"Bantam Camping AG\",\"url\":\"https:\\\/\\\/shop.bantam.ch\\\/de\\\/\",\"logo\":{\"@type\":\"ImageObject\",\"inLanguage\":\"de\",\"@id\":\"https:\\\/\\\/shop.bantam.ch\\\/de\\\/#\\\/schema\\\/logo\\\/image\\\/\",\"url\":\"https:\\\/\\\/shop.bantam.ch\\\/wp-content\\\/uploads\\\/2022\\\/12\\\/bantam-logo.png\",\"contentUrl\":\"https:\\\/\\\/shop.bantam.ch\\\/wp-content\\\/uploads\\\/2022\\\/12\\\/bantam-logo.png\",\"width\":320,\"height\":71,\"caption\":\"Bantam Camping AG\"},\"image\":{\"@id\":\"https:\\\/\\\/shop.bantam.ch\\\/de\\\/#\\\/schema\\\/logo\\\/image\\\/\"}}]}<\/script>\n<!-- \/ Yoast SEO plugin. -->","yoast_head_json":{"title":"Bel Air Evasion in Wohnmobilen 2025 - Bantam Camping AG","robots":{"index":"index","follow":"follow","max-snippet":"max-snippet:-1","max-image-preview":"max-image-preview:large","max-video-preview":"max-video-preview:-1"},"canonical":"https:\/\/shop.bantam.ch\/de\/produkt\/bel-air-evasion-in-wohnmobilen\/","og_locale":"de_DE","og_type":"article","og_title":"Bel Air Evasion in Wohnmobilen 2025 - Bantam Camping AG","og_description":"Der Camping-Car Evasion Guide listet 5.746 europ\u00e4ische Gebiete auf, davon 517 in den vier europ\u00e4ischen L\u00e4ndern Deutschland, Spanien, Gro\u00dfbritannien und der Schweiz&#8230; aber auch 5230 Rastst\u00e4tten in Frankreich.\u00a0\u00a0In dieser neuen Ausgabe stehen mehrere Recherchelinien zur Verf\u00fcgung, um Ihre Zwischenstation oder Ihr Reiseziel zu finden:\u00a0Eine Karte nach Departements und nach L\u00e4ndern zeigt Ihnen durch eine numerische [&hellip;]","og_url":"https:\/\/shop.bantam.ch\/de\/produkt\/bel-air-evasion-in-wohnmobilen\/","og_site_name":"Bantam Camping AG","article_modified_time":"2026-04-19T20:58:19+00:00","og_image":[{"width":1291,"height":2048,"url":"https:\/\/shop.bantam.ch\/wp-content\/uploads\/2025\/02\/BELAIR_ECC_COUV_2025-scaled.jpg","type":"image\/jpeg"}],"twitter_card":"summary_large_image","twitter_misc":{"Gesch\u00e4tzte Lesezeit":"1\u00a0Minute"},"schema":{"@context":"https:\/\/schema.org","@graph":[{"@type":"WebPage","@id":"https:\/\/shop.bantam.ch\/de\/produkt\/bel-air-evasion-in-wohnmobilen\/","url":"https:\/\/shop.bantam.ch\/de\/produkt\/bel-air-evasion-in-wohnmobilen\/","name":"Bel Air Evasion in Wohnmobilen 2025 - Bantam Camping AG","isPartOf":{"@id":"https:\/\/shop.bantam.ch\/de\/#website"},"primaryImageOfPage":{"@id":"https:\/\/shop.bantam.ch\/de\/produkt\/bel-air-evasion-in-wohnmobilen\/#primaryimage"},"image":{"@id":"https:\/\/shop.bantam.ch\/de\/produkt\/bel-air-evasion-in-wohnmobilen\/#primaryimage"},"thumbnailUrl":"https:\/\/shop.bantam.ch\/wp-content\/uploads\/2025\/02\/BELAIR_ECC_COUV_2025-scaled.jpg","datePublished":"2023-12-26T11:08:34+00:00","dateModified":"2026-04-19T20:58:19+00:00","breadcrumb":{"@id":"https:\/\/shop.bantam.ch\/de\/produkt\/bel-air-evasion-in-wohnmobilen\/#breadcrumb"},"inLanguage":"de","potentialAction":[{"@type":"ReadAction","target":["https:\/\/shop.bantam.ch\/de\/produkt\/bel-air-evasion-in-wohnmobilen\/"]}]},{"@type":"ImageObject","inLanguage":"de","@id":"https:\/\/shop.bantam.ch\/de\/produkt\/bel-air-evasion-in-wohnmobilen\/#primaryimage","url":"https:\/\/shop.bantam.ch\/wp-content\/uploads\/2025\/02\/BELAIR_ECC_COUV_2025-scaled.jpg","contentUrl":"https:\/\/shop.bantam.ch\/wp-content\/uploads\/2025\/02\/BELAIR_ECC_COUV_2025-scaled.jpg","width":1291,"height":2048},{"@type":"BreadcrumbList","@id":"https:\/\/shop.bantam.ch\/de\/produkt\/bel-air-evasion-in-wohnmobilen\/#breadcrumb","itemListElement":[{"@type":"ListItem","position":1,"name":"Accueil","item":"https:\/\/shop.bantam.ch\/de\/"},{"@type":"ListItem","position":2,"name":"Shop","item":"https:\/\/shop.bantam.ch\/de\/shop\/"},{"@type":"ListItem","position":3,"name":"Bel Air Evasion in Wohnmobilen 2025"}]},{"@type":"WebSite","@id":"https:\/\/shop.bantam.ch\/de\/#website","url":"https:\/\/shop.bantam.ch\/de\/","name":"Bantam Camping AG","description":"","publisher":{"@id":"https:\/\/shop.bantam.ch\/de\/#organization"},"inLanguage":"de"},{"@type":"Organization","@id":"https:\/\/shop.bantam.ch\/de\/#organization","name":"Bantam Camping AG","url":"https:\/\/shop.bantam.ch\/de\/","logo":{"@type":"ImageObject","inLanguage":"de","@id":"https:\/\/shop.bantam.ch\/de\/#\/schema\/logo\/image\/","url":"https:\/\/shop.bantam.ch\/wp-content\/uploads\/2022\/12\/bantam-logo.png","contentUrl":"https:\/\/shop.bantam.ch\/wp-content\/uploads\/2022\/12\/bantam-logo.png","width":320,"height":71,"caption":"Bantam Camping AG"},"image":{"@id":"https:\/\/shop.bantam.ch\/de\/#\/schema\/logo\/image\/"}}]}},"_links":{"self":[{"href":"https:\/\/shop.bantam.ch\/de\/wp-json\/wp\/v2\/product\/188639","targetHints":{"allow":["GET"]}}],"collection":[{"href":"https:\/\/shop.bantam.ch\/de\/wp-json\/wp\/v2\/product"}],"about":[{"href":"https:\/\/shop.bantam.ch\/de\/wp-json\/wp\/v2\/types\/product"}],"wp:featuredmedia":[{"embeddable":true,"href":"https:\/\/shop.bantam.ch\/de\/wp-json\/wp\/v2\/media\/209350"}],"wp:attachment":[{"href":"https:\/\/shop.bantam.ch\/de\/wp-json\/wp\/v2\/media?parent=188639"}],"wp:term":[{"taxonomy":"product_featured_cat","embeddable":true,"href":"https:\/\/shop.bantam.ch\/de\/wp-json\/wp\/v2\/product_featured_cat?post=188639"},{"taxonomy":"product_brand","embeddable":true,"href":"https:\/\/shop.bantam.ch\/de\/wp-json\/wp\/v2\/product_brand?post=188639"},{"taxonomy":"product_cat","embeddable":true,"href":"https:\/\/shop.bantam.ch\/de\/wp-json\/wp\/v2\/product_cat?post=188639"},{"taxonomy":"product_tag","embeddable":true,"href":"https:\/\/shop.bantam.ch\/de\/wp-json\/wp\/v2\/product_tag?post=188639"}],"curies":[{"name":"wp","href":"https:\/\/api.w.org\/{rel}","templated":true}]}}