{"id":188637,"date":"2023-12-26T12:07:07","date_gmt":"2023-12-26T11:07:07","guid":{"rendered":"https:\/\/shop.bantam.ch\/produit\/offizieller-reisefuehrer-suedeuropa\/"},"modified":"2026-04-19T22:58:13","modified_gmt":"2026-04-19T20:58:13","slug":"offizieller-reisefuehrer-suedeuropa","status":"publish","type":"product","link":"https:\/\/shop.bantam.ch\/de\/produkt\/offizieller-reisefuehrer-suedeuropa\/","title":{"rendered":"Offizieller Reisef\u00fchrer S\u00fcdeuropa"},"content":{"rendered":"<p class=\"MsoNormal\"><strong><span>Voor zonaanbidders biedt de Zuid-Europese gids<br \/>\neen selectie van de 3940 beste campings in Kroati\u00eb, Itali\u00eb, Andorra, Spanje,<br \/>\nPortugal, Sloveni\u00eb, Griekenland&#8230;\u00a0<\/span><\/strong>\u00d6ffnen Sie Ihre Augen und<br \/>\ntauchen Sie ein in das t\u00fcrkisfarbene Wasser der \u00c4g\u00e4is, bewundern Sie die<br \/>\nmajest\u00e4tischen und beeindruckenden Berge, die sich erheben, und tauchen Sie<br \/>\ndurch ihren architektonischen Reichtum in die Geschichte dieses Kontinents ein.<br \/>\nS\u00fcdeuropa \u00fcberrascht Sie noch lange nicht. In unserem Reisef\u00fchrer finden Sie<br \/>\neine Pr\u00e4sentation der verschiedenen Nationen, die Vielzahl der zu entdeckenden<br \/>\nJuwelen sowie eine Karte nach L\u00e4ndern.\u00a0Wir haben fast 3.940<br \/>\nCampingpl\u00e4tze f\u00fcr Sie ausgew\u00e4hlt, darunter 2.072 mit 3 bis 5 Sternen in<br \/>\nS\u00fcdfrankreich und 1.868 au\u00dferhalb Frankreichs.\u00a0F\u00fcr jede Adresse haben<br \/>\nSie vollst\u00e4ndige und detaillierte Informationen \u00fcber die Einrichtung\u00a0&#8211; seine Lage und Umgebung<br \/>\nam Meer, See oder Fluss\u00a0&#8211; seine Ausstattung und<br \/>\nDienstleistungen: Vermietung von Mobilheimen, Bungalows\u00a0&#8211; seine spezifischen<br \/>\nInfrastrukturen f\u00fcr Ihre Kinder\u00a0&#8211; Sport- und<br \/>\nFreizeitaktivit\u00e4ten auf dem Campingplatz\u00a0&#8211; die Raten\u00a0&#8222;Gro\u00dfe Reisen haben<br \/>\ndiese wunderbare Eigenschaft, dass ihr Zauber schon vor der Abfahrt beginnt.<br \/>\nWir \u00f6ffnen die Atlanten, wir tr\u00e4umen auf den Karten. Wir wiederholen die Namen<br \/>\nunbekannter St\u00e4dte&#8220; (Joseph Kessel). Ob f\u00fcr ein paar Tage,<br \/>\neine Woche oder l\u00e4nger, wir w\u00fcnschen Ihnen einen angenehmen Aufenthalt und ein<br \/>\nWiederkommen (oder nicht) mit vielen Erinnerungen.<\/p>\n","protected":false},"excerpt":{"rendered":"<p>Voor zonaanbidders biedt de Zuid-Europese gids een selectie van de 3940 beste campings in Kroati\u00eb, Itali\u00eb, Andorra, Spanje, Portugal, Sloveni\u00eb, Griekenland&#8230;\u00a0\u00d6ffnen Sie Ihre Augen und tauchen Sie ein in das t\u00fcrkisfarbene Wasser der \u00c4g\u00e4is, bewundern Sie die majest\u00e4tischen und beeindruckenden Berge, die sich erheben, und tauchen Sie durch ihren architektonischen Reichtum in die Geschichte dieses [&hellip;]<\/p>\n","protected":false},"featured_media":209352,"template":"","meta":{"_acf_changed":false},"product_featured_cat":[],"product_brand":[3033],"product_cat":[4346],"product_tag":[],"class_list":{"0":"post-188637","1":"product","2":"type-product","3":"status-publish","4":"has-post-thumbnail","6":"product_brand-standard-de","7":"product_cat-stellplatzfuehrer","9":"first","10":"instock","11":"taxable","12":"shipping-taxable","13":"purchasable","14":"product-type-simple"},"acf":[],"yoast_head":"<!-- This site is optimized with the Yoast SEO plugin v27.4 - https:\/\/yoast.com\/product\/yoast-seo-wordpress\/ -->\n<title>Offizieller Reisef\u00fchrer S\u00fcdeuropa - Bantam Camping AG<\/title>\n<meta name=\"robots\" content=\"index, follow, max-snippet:-1, max-image-preview:large, max-video-preview:-1\" \/>\n<link rel=\"canonical\" href=\"https:\/\/shop.bantam.ch\/de\/produkt\/offizieller-reisefuehrer-suedeuropa\/\" \/>\n<meta property=\"og:locale\" content=\"de_DE\" \/>\n<meta property=\"og:type\" content=\"article\" \/>\n<meta property=\"og:title\" content=\"Offizieller Reisef\u00fchrer S\u00fcdeuropa - Bantam Camping AG\" \/>\n<meta property=\"og:description\" content=\"Voor zonaanbidders biedt de Zuid-Europese gids een selectie van de 3940 beste campings in Kroati\u00eb, Itali\u00eb, Andorra, Spanje, Portugal, Sloveni\u00eb, Griekenland&#8230;\u00a0\u00d6ffnen Sie Ihre Augen und tauchen Sie ein in das t\u00fcrkisfarbene Wasser der \u00c4g\u00e4is, bewundern Sie die majest\u00e4tischen und beeindruckenden Berge, die sich erheben, und tauchen Sie durch ihren architektonischen Reichtum in die Geschichte dieses [&hellip;]\" \/>\n<meta property=\"og:url\" content=\"https:\/\/shop.bantam.ch\/de\/produkt\/offizieller-reisefuehrer-suedeuropa\/\" \/>\n<meta property=\"og:site_name\" content=\"Bantam Camping AG\" \/>\n<meta property=\"article:modified_time\" content=\"2026-04-19T20:58:13+00:00\" \/>\n<meta property=\"og:image\" content=\"https:\/\/shop.bantam.ch\/wp-content\/uploads\/2025\/02\/COUV-EUROPE_DU_SUD_2024-800-px.jpg\" \/>\n\t<meta property=\"og:image:width\" content=\"800\" \/>\n\t<meta property=\"og:image:height\" content=\"1268\" \/>\n\t<meta property=\"og:image:type\" content=\"image\/jpeg\" \/>\n<meta name=\"twitter:card\" content=\"summary_large_image\" \/>\n<meta name=\"twitter:label1\" content=\"Gesch\u00e4tzte Lesezeit\" \/>\n\t<meta name=\"twitter:data1\" content=\"1\u00a0Minute\" \/>\n<script type=\"application\/ld+json\" class=\"yoast-schema-graph\">{\"@context\":\"https:\\\/\\\/schema.org\",\"@graph\":[{\"@type\":\"WebPage\",\"@id\":\"https:\\\/\\\/shop.bantam.ch\\\/de\\\/produkt\\\/offizieller-reisefuehrer-suedeuropa\\\/\",\"url\":\"https:\\\/\\\/shop.bantam.ch\\\/de\\\/produkt\\\/offizieller-reisefuehrer-suedeuropa\\\/\",\"name\":\"Offizieller Reisef\u00fchrer S\u00fcdeuropa - Bantam Camping AG\",\"isPartOf\":{\"@id\":\"https:\\\/\\\/shop.bantam.ch\\\/de\\\/#website\"},\"primaryImageOfPage\":{\"@id\":\"https:\\\/\\\/shop.bantam.ch\\\/de\\\/produkt\\\/offizieller-reisefuehrer-suedeuropa\\\/#primaryimage\"},\"image\":{\"@id\":\"https:\\\/\\\/shop.bantam.ch\\\/de\\\/produkt\\\/offizieller-reisefuehrer-suedeuropa\\\/#primaryimage\"},\"thumbnailUrl\":\"https:\\\/\\\/shop.bantam.ch\\\/wp-content\\\/uploads\\\/2025\\\/02\\\/COUV-EUROPE_DU_SUD_2024-800-px.jpg\",\"datePublished\":\"2023-12-26T11:07:07+00:00\",\"dateModified\":\"2026-04-19T20:58:13+00:00\",\"breadcrumb\":{\"@id\":\"https:\\\/\\\/shop.bantam.ch\\\/de\\\/produkt\\\/offizieller-reisefuehrer-suedeuropa\\\/#breadcrumb\"},\"inLanguage\":\"de\",\"potentialAction\":[{\"@type\":\"ReadAction\",\"target\":[\"https:\\\/\\\/shop.bantam.ch\\\/de\\\/produkt\\\/offizieller-reisefuehrer-suedeuropa\\\/\"]}]},{\"@type\":\"ImageObject\",\"inLanguage\":\"de\",\"@id\":\"https:\\\/\\\/shop.bantam.ch\\\/de\\\/produkt\\\/offizieller-reisefuehrer-suedeuropa\\\/#primaryimage\",\"url\":\"https:\\\/\\\/shop.bantam.ch\\\/wp-content\\\/uploads\\\/2025\\\/02\\\/COUV-EUROPE_DU_SUD_2024-800-px.jpg\",\"contentUrl\":\"https:\\\/\\\/shop.bantam.ch\\\/wp-content\\\/uploads\\\/2025\\\/02\\\/COUV-EUROPE_DU_SUD_2024-800-px.jpg\",\"width\":800,\"height\":1268},{\"@type\":\"BreadcrumbList\",\"@id\":\"https:\\\/\\\/shop.bantam.ch\\\/de\\\/produkt\\\/offizieller-reisefuehrer-suedeuropa\\\/#breadcrumb\",\"itemListElement\":[{\"@type\":\"ListItem\",\"position\":1,\"name\":\"Accueil\",\"item\":\"https:\\\/\\\/shop.bantam.ch\\\/de\\\/\"},{\"@type\":\"ListItem\",\"position\":2,\"name\":\"Shop\",\"item\":\"https:\\\/\\\/shop.bantam.ch\\\/de\\\/shop\\\/\"},{\"@type\":\"ListItem\",\"position\":3,\"name\":\"Offizieller Reisef\u00fchrer S\u00fcdeuropa\"}]},{\"@type\":\"WebSite\",\"@id\":\"https:\\\/\\\/shop.bantam.ch\\\/de\\\/#website\",\"url\":\"https:\\\/\\\/shop.bantam.ch\\\/de\\\/\",\"name\":\"Bantam Camping AG\",\"description\":\"\",\"publisher\":{\"@id\":\"https:\\\/\\\/shop.bantam.ch\\\/de\\\/#organization\"},\"inLanguage\":\"de\"},{\"@type\":\"Organization\",\"@id\":\"https:\\\/\\\/shop.bantam.ch\\\/de\\\/#organization\",\"name\":\"Bantam Camping AG\",\"url\":\"https:\\\/\\\/shop.bantam.ch\\\/de\\\/\",\"logo\":{\"@type\":\"ImageObject\",\"inLanguage\":\"de\",\"@id\":\"https:\\\/\\\/shop.bantam.ch\\\/de\\\/#\\\/schema\\\/logo\\\/image\\\/\",\"url\":\"https:\\\/\\\/shop.bantam.ch\\\/wp-content\\\/uploads\\\/2022\\\/12\\\/bantam-logo.png\",\"contentUrl\":\"https:\\\/\\\/shop.bantam.ch\\\/wp-content\\\/uploads\\\/2022\\\/12\\\/bantam-logo.png\",\"width\":320,\"height\":71,\"caption\":\"Bantam Camping AG\"},\"image\":{\"@id\":\"https:\\\/\\\/shop.bantam.ch\\\/de\\\/#\\\/schema\\\/logo\\\/image\\\/\"}}]}<\/script>\n<!-- \/ Yoast SEO plugin. -->","yoast_head_json":{"title":"Offizieller Reisef\u00fchrer S\u00fcdeuropa - Bantam Camping AG","robots":{"index":"index","follow":"follow","max-snippet":"max-snippet:-1","max-image-preview":"max-image-preview:large","max-video-preview":"max-video-preview:-1"},"canonical":"https:\/\/shop.bantam.ch\/de\/produkt\/offizieller-reisefuehrer-suedeuropa\/","og_locale":"de_DE","og_type":"article","og_title":"Offizieller Reisef\u00fchrer S\u00fcdeuropa - Bantam Camping AG","og_description":"Voor zonaanbidders biedt de Zuid-Europese gids een selectie van de 3940 beste campings in Kroati\u00eb, Itali\u00eb, Andorra, Spanje, Portugal, Sloveni\u00eb, Griekenland&#8230;\u00a0\u00d6ffnen Sie Ihre Augen und tauchen Sie ein in das t\u00fcrkisfarbene Wasser der \u00c4g\u00e4is, bewundern Sie die majest\u00e4tischen und beeindruckenden Berge, die sich erheben, und tauchen Sie durch ihren architektonischen Reichtum in die Geschichte dieses [&hellip;]","og_url":"https:\/\/shop.bantam.ch\/de\/produkt\/offizieller-reisefuehrer-suedeuropa\/","og_site_name":"Bantam Camping AG","article_modified_time":"2026-04-19T20:58:13+00:00","og_image":[{"width":800,"height":1268,"url":"https:\/\/shop.bantam.ch\/wp-content\/uploads\/2025\/02\/COUV-EUROPE_DU_SUD_2024-800-px.jpg","type":"image\/jpeg"}],"twitter_card":"summary_large_image","twitter_misc":{"Gesch\u00e4tzte Lesezeit":"1\u00a0Minute"},"schema":{"@context":"https:\/\/schema.org","@graph":[{"@type":"WebPage","@id":"https:\/\/shop.bantam.ch\/de\/produkt\/offizieller-reisefuehrer-suedeuropa\/","url":"https:\/\/shop.bantam.ch\/de\/produkt\/offizieller-reisefuehrer-suedeuropa\/","name":"Offizieller Reisef\u00fchrer S\u00fcdeuropa - Bantam Camping AG","isPartOf":{"@id":"https:\/\/shop.bantam.ch\/de\/#website"},"primaryImageOfPage":{"@id":"https:\/\/shop.bantam.ch\/de\/produkt\/offizieller-reisefuehrer-suedeuropa\/#primaryimage"},"image":{"@id":"https:\/\/shop.bantam.ch\/de\/produkt\/offizieller-reisefuehrer-suedeuropa\/#primaryimage"},"thumbnailUrl":"https:\/\/shop.bantam.ch\/wp-content\/uploads\/2025\/02\/COUV-EUROPE_DU_SUD_2024-800-px.jpg","datePublished":"2023-12-26T11:07:07+00:00","dateModified":"2026-04-19T20:58:13+00:00","breadcrumb":{"@id":"https:\/\/shop.bantam.ch\/de\/produkt\/offizieller-reisefuehrer-suedeuropa\/#breadcrumb"},"inLanguage":"de","potentialAction":[{"@type":"ReadAction","target":["https:\/\/shop.bantam.ch\/de\/produkt\/offizieller-reisefuehrer-suedeuropa\/"]}]},{"@type":"ImageObject","inLanguage":"de","@id":"https:\/\/shop.bantam.ch\/de\/produkt\/offizieller-reisefuehrer-suedeuropa\/#primaryimage","url":"https:\/\/shop.bantam.ch\/wp-content\/uploads\/2025\/02\/COUV-EUROPE_DU_SUD_2024-800-px.jpg","contentUrl":"https:\/\/shop.bantam.ch\/wp-content\/uploads\/2025\/02\/COUV-EUROPE_DU_SUD_2024-800-px.jpg","width":800,"height":1268},{"@type":"BreadcrumbList","@id":"https:\/\/shop.bantam.ch\/de\/produkt\/offizieller-reisefuehrer-suedeuropa\/#breadcrumb","itemListElement":[{"@type":"ListItem","position":1,"name":"Accueil","item":"https:\/\/shop.bantam.ch\/de\/"},{"@type":"ListItem","position":2,"name":"Shop","item":"https:\/\/shop.bantam.ch\/de\/shop\/"},{"@type":"ListItem","position":3,"name":"Offizieller Reisef\u00fchrer S\u00fcdeuropa"}]},{"@type":"WebSite","@id":"https:\/\/shop.bantam.ch\/de\/#website","url":"https:\/\/shop.bantam.ch\/de\/","name":"Bantam Camping AG","description":"","publisher":{"@id":"https:\/\/shop.bantam.ch\/de\/#organization"},"inLanguage":"de"},{"@type":"Organization","@id":"https:\/\/shop.bantam.ch\/de\/#organization","name":"Bantam Camping AG","url":"https:\/\/shop.bantam.ch\/de\/","logo":{"@type":"ImageObject","inLanguage":"de","@id":"https:\/\/shop.bantam.ch\/de\/#\/schema\/logo\/image\/","url":"https:\/\/shop.bantam.ch\/wp-content\/uploads\/2022\/12\/bantam-logo.png","contentUrl":"https:\/\/shop.bantam.ch\/wp-content\/uploads\/2022\/12\/bantam-logo.png","width":320,"height":71,"caption":"Bantam Camping AG"},"image":{"@id":"https:\/\/shop.bantam.ch\/de\/#\/schema\/logo\/image\/"}}]}},"_links":{"self":[{"href":"https:\/\/shop.bantam.ch\/de\/wp-json\/wp\/v2\/product\/188637","targetHints":{"allow":["GET"]}}],"collection":[{"href":"https:\/\/shop.bantam.ch\/de\/wp-json\/wp\/v2\/product"}],"about":[{"href":"https:\/\/shop.bantam.ch\/de\/wp-json\/wp\/v2\/types\/product"}],"wp:featuredmedia":[{"embeddable":true,"href":"https:\/\/shop.bantam.ch\/de\/wp-json\/wp\/v2\/media\/209352"}],"wp:attachment":[{"href":"https:\/\/shop.bantam.ch\/de\/wp-json\/wp\/v2\/media?parent=188637"}],"wp:term":[{"taxonomy":"product_featured_cat","embeddable":true,"href":"https:\/\/shop.bantam.ch\/de\/wp-json\/wp\/v2\/product_featured_cat?post=188637"},{"taxonomy":"product_brand","embeddable":true,"href":"https:\/\/shop.bantam.ch\/de\/wp-json\/wp\/v2\/product_brand?post=188637"},{"taxonomy":"product_cat","embeddable":true,"href":"https:\/\/shop.bantam.ch\/de\/wp-json\/wp\/v2\/product_cat?post=188637"},{"taxonomy":"product_tag","embeddable":true,"href":"https:\/\/shop.bantam.ch\/de\/wp-json\/wp\/v2\/product_tag?post=188637"}],"curies":[{"name":"wp","href":"https:\/\/api.w.org\/{rel}","templated":true}]}}