{"id":188635,"date":"2023-12-26T12:04:23","date_gmt":"2023-12-26T11:04:23","guid":{"rendered":"https:\/\/shop.bantam.ch\/produit\/fuehrer-traumhafte-campingplaetze\/"},"modified":"2026-04-19T22:58:13","modified_gmt":"2026-04-19T20:58:13","slug":"fuehrer-traumhafte-campingplaetze","status":"publish","type":"product","link":"https:\/\/shop.bantam.ch\/de\/produkt\/fuehrer-traumhafte-campingplaetze\/","title":{"rendered":"F\u00fchrer Traumhafte Campingpl\u00e4tze 2025"},"content":{"rendered":"<p class=\"MsoNormal\"><span lang=\"DE-CH\">Der F\u00fchrer zu<br \/>\nTraumcampingpl\u00e4tzen bietet Ihnen fast 238 Campingpl\u00e4tze in Frankreich.\u00a0Diese Einrichtungen sind die besten Campingpl\u00e4tze Frankreichs und wahre<br \/>\nBotschafter der Qualit\u00e4t.\u00a0Das sind echte Ferienclubs, die Unterhaltung f\u00fcr Jung und Alt bieten. Vom<br \/>\nLebensmittelgesch\u00e4ft bis zum Restaurant, ohne nat\u00fcrlich den Wasserkomplex zu<br \/>\nvergessen, werden diese Clubs auch bei der gesamten Ausr\u00fcstung f\u00fcr Ihre<br \/>\nVermietung nicht ausgelassen: Mobilheime, Chalets, aber auch traditionelle<br \/>\nStellpl\u00e4tze. Alles, um die ganze Familie zu verf\u00fchren.\u00a05 Favoriten zeichnen sie aus: der Wasserkomplex, die Aktivit\u00e4ten des<br \/>\nKinderclubs, die Dienstleistungen, die landschaftlich gestaltete Umgebung, die<br \/>\nNebensaison.\u00a0F\u00fcr jeden Standort genaue und detaillierte Informationen:\u00a0&#8211; Die angebotenen Dienstleistungen und an welchem <\/span><span lang=\"DE-CH\">\u200b\u200b<\/span><span lang=\"DE-CH\">Datum\u00a0&#8211; Die Tarife f\u00fcr Stellpl\u00e4tze und Vermietungen, Kontaktdaten und Er\u00f6ffnungsdaten\u00a0&#8211; Zwei Fotos veranschaulichen die Atmosph\u00e4re jedes Platzes. Ein \u201eFavorit\u201c sowie<br \/>\ndie Meinung des Journalisten bereichern jede Auswahl<\/span><\/p>\n","protected":false},"excerpt":{"rendered":"<p>Der F\u00fchrer zu Traumcampingpl\u00e4tzen bietet Ihnen fast 238 Campingpl\u00e4tze in Frankreich.\u00a0Diese Einrichtungen sind die besten Campingpl\u00e4tze Frankreichs und wahre Botschafter der Qualit\u00e4t.\u00a0Das sind echte Ferienclubs, die Unterhaltung f\u00fcr Jung und Alt bieten. Vom Lebensmittelgesch\u00e4ft bis zum Restaurant, ohne nat\u00fcrlich den Wasserkomplex zu vergessen, werden diese Clubs auch bei der gesamten Ausr\u00fcstung f\u00fcr Ihre Vermietung nicht [&hellip;]<\/p>\n","protected":false},"featured_media":209354,"template":"","meta":{"_acf_changed":false},"product_featured_cat":[],"product_brand":[3033],"product_cat":[4346],"product_tag":[],"class_list":{"0":"post-188635","1":"product","2":"type-product","3":"status-publish","4":"has-post-thumbnail","6":"product_brand-standard-de","7":"product_cat-stellplatzfuehrer","9":"first","10":"instock","11":"taxable","12":"shipping-taxable","13":"purchasable","14":"product-type-simple"},"acf":[],"yoast_head":"<!-- This site is optimized with the Yoast SEO plugin v27.4 - https:\/\/yoast.com\/product\/yoast-seo-wordpress\/ -->\n<title>F\u00fchrer Traumhafte Campingpl\u00e4tze 2025 - Bantam Camping AG<\/title>\n<meta name=\"robots\" content=\"index, follow, max-snippet:-1, max-image-preview:large, max-video-preview:-1\" \/>\n<link rel=\"canonical\" href=\"https:\/\/shop.bantam.ch\/de\/produkt\/fuehrer-traumhafte-campingplaetze\/\" \/>\n<meta property=\"og:locale\" content=\"de_DE\" \/>\n<meta property=\"og:type\" content=\"article\" \/>\n<meta property=\"og:title\" content=\"F\u00fchrer Traumhafte Campingpl\u00e4tze 2025 - Bantam Camping AG\" \/>\n<meta property=\"og:description\" content=\"Der F\u00fchrer zu Traumcampingpl\u00e4tzen bietet Ihnen fast 238 Campingpl\u00e4tze in Frankreich.\u00a0Diese Einrichtungen sind die besten Campingpl\u00e4tze Frankreichs und wahre Botschafter der Qualit\u00e4t.\u00a0Das sind echte Ferienclubs, die Unterhaltung f\u00fcr Jung und Alt bieten. Vom Lebensmittelgesch\u00e4ft bis zum Restaurant, ohne nat\u00fcrlich den Wasserkomplex zu vergessen, werden diese Clubs auch bei der gesamten Ausr\u00fcstung f\u00fcr Ihre Vermietung nicht [&hellip;]\" \/>\n<meta property=\"og:url\" content=\"https:\/\/shop.bantam.ch\/de\/produkt\/fuehrer-traumhafte-campingplaetze\/\" \/>\n<meta property=\"og:site_name\" content=\"Bantam Camping AG\" \/>\n<meta property=\"article:modified_time\" content=\"2026-04-19T20:58:13+00:00\" \/>\n<meta property=\"og:image\" content=\"https:\/\/shop.bantam.ch\/wp-content\/uploads\/2025\/02\/REVE-COUV-2025_MLP-600-px.jpg\" \/>\n\t<meta property=\"og:image:width\" content=\"600\" \/>\n\t<meta property=\"og:image:height\" content=\"951\" \/>\n\t<meta property=\"og:image:type\" content=\"image\/jpeg\" \/>\n<meta name=\"twitter:card\" content=\"summary_large_image\" \/>\n<meta name=\"twitter:label1\" content=\"Gesch\u00e4tzte Lesezeit\" \/>\n\t<meta name=\"twitter:data1\" content=\"1\u00a0Minute\" \/>\n<script type=\"application\/ld+json\" class=\"yoast-schema-graph\">{\"@context\":\"https:\\\/\\\/schema.org\",\"@graph\":[{\"@type\":\"WebPage\",\"@id\":\"https:\\\/\\\/shop.bantam.ch\\\/de\\\/produkt\\\/fuehrer-traumhafte-campingplaetze\\\/\",\"url\":\"https:\\\/\\\/shop.bantam.ch\\\/de\\\/produkt\\\/fuehrer-traumhafte-campingplaetze\\\/\",\"name\":\"F\u00fchrer Traumhafte Campingpl\u00e4tze 2025 - Bantam Camping AG\",\"isPartOf\":{\"@id\":\"https:\\\/\\\/shop.bantam.ch\\\/de\\\/#website\"},\"primaryImageOfPage\":{\"@id\":\"https:\\\/\\\/shop.bantam.ch\\\/de\\\/produkt\\\/fuehrer-traumhafte-campingplaetze\\\/#primaryimage\"},\"image\":{\"@id\":\"https:\\\/\\\/shop.bantam.ch\\\/de\\\/produkt\\\/fuehrer-traumhafte-campingplaetze\\\/#primaryimage\"},\"thumbnailUrl\":\"https:\\\/\\\/shop.bantam.ch\\\/wp-content\\\/uploads\\\/2025\\\/02\\\/REVE-COUV-2025_MLP-600-px.jpg\",\"datePublished\":\"2023-12-26T11:04:23+00:00\",\"dateModified\":\"2026-04-19T20:58:13+00:00\",\"breadcrumb\":{\"@id\":\"https:\\\/\\\/shop.bantam.ch\\\/de\\\/produkt\\\/fuehrer-traumhafte-campingplaetze\\\/#breadcrumb\"},\"inLanguage\":\"de\",\"potentialAction\":[{\"@type\":\"ReadAction\",\"target\":[\"https:\\\/\\\/shop.bantam.ch\\\/de\\\/produkt\\\/fuehrer-traumhafte-campingplaetze\\\/\"]}]},{\"@type\":\"ImageObject\",\"inLanguage\":\"de\",\"@id\":\"https:\\\/\\\/shop.bantam.ch\\\/de\\\/produkt\\\/fuehrer-traumhafte-campingplaetze\\\/#primaryimage\",\"url\":\"https:\\\/\\\/shop.bantam.ch\\\/wp-content\\\/uploads\\\/2025\\\/02\\\/REVE-COUV-2025_MLP-600-px.jpg\",\"contentUrl\":\"https:\\\/\\\/shop.bantam.ch\\\/wp-content\\\/uploads\\\/2025\\\/02\\\/REVE-COUV-2025_MLP-600-px.jpg\",\"width\":600,\"height\":951},{\"@type\":\"BreadcrumbList\",\"@id\":\"https:\\\/\\\/shop.bantam.ch\\\/de\\\/produkt\\\/fuehrer-traumhafte-campingplaetze\\\/#breadcrumb\",\"itemListElement\":[{\"@type\":\"ListItem\",\"position\":1,\"name\":\"Accueil\",\"item\":\"https:\\\/\\\/shop.bantam.ch\\\/de\\\/\"},{\"@type\":\"ListItem\",\"position\":2,\"name\":\"Shop\",\"item\":\"https:\\\/\\\/shop.bantam.ch\\\/de\\\/shop\\\/\"},{\"@type\":\"ListItem\",\"position\":3,\"name\":\"F\u00fchrer Traumhafte Campingpl\u00e4tze 2025\"}]},{\"@type\":\"WebSite\",\"@id\":\"https:\\\/\\\/shop.bantam.ch\\\/de\\\/#website\",\"url\":\"https:\\\/\\\/shop.bantam.ch\\\/de\\\/\",\"name\":\"Bantam Camping AG\",\"description\":\"\",\"publisher\":{\"@id\":\"https:\\\/\\\/shop.bantam.ch\\\/de\\\/#organization\"},\"inLanguage\":\"de\"},{\"@type\":\"Organization\",\"@id\":\"https:\\\/\\\/shop.bantam.ch\\\/de\\\/#organization\",\"name\":\"Bantam Camping AG\",\"url\":\"https:\\\/\\\/shop.bantam.ch\\\/de\\\/\",\"logo\":{\"@type\":\"ImageObject\",\"inLanguage\":\"de\",\"@id\":\"https:\\\/\\\/shop.bantam.ch\\\/de\\\/#\\\/schema\\\/logo\\\/image\\\/\",\"url\":\"https:\\\/\\\/shop.bantam.ch\\\/wp-content\\\/uploads\\\/2022\\\/12\\\/bantam-logo.png\",\"contentUrl\":\"https:\\\/\\\/shop.bantam.ch\\\/wp-content\\\/uploads\\\/2022\\\/12\\\/bantam-logo.png\",\"width\":320,\"height\":71,\"caption\":\"Bantam Camping AG\"},\"image\":{\"@id\":\"https:\\\/\\\/shop.bantam.ch\\\/de\\\/#\\\/schema\\\/logo\\\/image\\\/\"}}]}<\/script>\n<!-- \/ Yoast SEO plugin. -->","yoast_head_json":{"title":"F\u00fchrer Traumhafte Campingpl\u00e4tze 2025 - Bantam Camping AG","robots":{"index":"index","follow":"follow","max-snippet":"max-snippet:-1","max-image-preview":"max-image-preview:large","max-video-preview":"max-video-preview:-1"},"canonical":"https:\/\/shop.bantam.ch\/de\/produkt\/fuehrer-traumhafte-campingplaetze\/","og_locale":"de_DE","og_type":"article","og_title":"F\u00fchrer Traumhafte Campingpl\u00e4tze 2025 - Bantam Camping AG","og_description":"Der F\u00fchrer zu Traumcampingpl\u00e4tzen bietet Ihnen fast 238 Campingpl\u00e4tze in Frankreich.\u00a0Diese Einrichtungen sind die besten Campingpl\u00e4tze Frankreichs und wahre Botschafter der Qualit\u00e4t.\u00a0Das sind echte Ferienclubs, die Unterhaltung f\u00fcr Jung und Alt bieten. Vom Lebensmittelgesch\u00e4ft bis zum Restaurant, ohne nat\u00fcrlich den Wasserkomplex zu vergessen, werden diese Clubs auch bei der gesamten Ausr\u00fcstung f\u00fcr Ihre Vermietung nicht [&hellip;]","og_url":"https:\/\/shop.bantam.ch\/de\/produkt\/fuehrer-traumhafte-campingplaetze\/","og_site_name":"Bantam Camping AG","article_modified_time":"2026-04-19T20:58:13+00:00","og_image":[{"width":600,"height":951,"url":"https:\/\/shop.bantam.ch\/wp-content\/uploads\/2025\/02\/REVE-COUV-2025_MLP-600-px.jpg","type":"image\/jpeg"}],"twitter_card":"summary_large_image","twitter_misc":{"Gesch\u00e4tzte Lesezeit":"1\u00a0Minute"},"schema":{"@context":"https:\/\/schema.org","@graph":[{"@type":"WebPage","@id":"https:\/\/shop.bantam.ch\/de\/produkt\/fuehrer-traumhafte-campingplaetze\/","url":"https:\/\/shop.bantam.ch\/de\/produkt\/fuehrer-traumhafte-campingplaetze\/","name":"F\u00fchrer Traumhafte Campingpl\u00e4tze 2025 - Bantam Camping AG","isPartOf":{"@id":"https:\/\/shop.bantam.ch\/de\/#website"},"primaryImageOfPage":{"@id":"https:\/\/shop.bantam.ch\/de\/produkt\/fuehrer-traumhafte-campingplaetze\/#primaryimage"},"image":{"@id":"https:\/\/shop.bantam.ch\/de\/produkt\/fuehrer-traumhafte-campingplaetze\/#primaryimage"},"thumbnailUrl":"https:\/\/shop.bantam.ch\/wp-content\/uploads\/2025\/02\/REVE-COUV-2025_MLP-600-px.jpg","datePublished":"2023-12-26T11:04:23+00:00","dateModified":"2026-04-19T20:58:13+00:00","breadcrumb":{"@id":"https:\/\/shop.bantam.ch\/de\/produkt\/fuehrer-traumhafte-campingplaetze\/#breadcrumb"},"inLanguage":"de","potentialAction":[{"@type":"ReadAction","target":["https:\/\/shop.bantam.ch\/de\/produkt\/fuehrer-traumhafte-campingplaetze\/"]}]},{"@type":"ImageObject","inLanguage":"de","@id":"https:\/\/shop.bantam.ch\/de\/produkt\/fuehrer-traumhafte-campingplaetze\/#primaryimage","url":"https:\/\/shop.bantam.ch\/wp-content\/uploads\/2025\/02\/REVE-COUV-2025_MLP-600-px.jpg","contentUrl":"https:\/\/shop.bantam.ch\/wp-content\/uploads\/2025\/02\/REVE-COUV-2025_MLP-600-px.jpg","width":600,"height":951},{"@type":"BreadcrumbList","@id":"https:\/\/shop.bantam.ch\/de\/produkt\/fuehrer-traumhafte-campingplaetze\/#breadcrumb","itemListElement":[{"@type":"ListItem","position":1,"name":"Accueil","item":"https:\/\/shop.bantam.ch\/de\/"},{"@type":"ListItem","position":2,"name":"Shop","item":"https:\/\/shop.bantam.ch\/de\/shop\/"},{"@type":"ListItem","position":3,"name":"F\u00fchrer Traumhafte Campingpl\u00e4tze 2025"}]},{"@type":"WebSite","@id":"https:\/\/shop.bantam.ch\/de\/#website","url":"https:\/\/shop.bantam.ch\/de\/","name":"Bantam Camping AG","description":"","publisher":{"@id":"https:\/\/shop.bantam.ch\/de\/#organization"},"inLanguage":"de"},{"@type":"Organization","@id":"https:\/\/shop.bantam.ch\/de\/#organization","name":"Bantam Camping AG","url":"https:\/\/shop.bantam.ch\/de\/","logo":{"@type":"ImageObject","inLanguage":"de","@id":"https:\/\/shop.bantam.ch\/de\/#\/schema\/logo\/image\/","url":"https:\/\/shop.bantam.ch\/wp-content\/uploads\/2022\/12\/bantam-logo.png","contentUrl":"https:\/\/shop.bantam.ch\/wp-content\/uploads\/2022\/12\/bantam-logo.png","width":320,"height":71,"caption":"Bantam Camping AG"},"image":{"@id":"https:\/\/shop.bantam.ch\/de\/#\/schema\/logo\/image\/"}}]}},"_links":{"self":[{"href":"https:\/\/shop.bantam.ch\/de\/wp-json\/wp\/v2\/product\/188635","targetHints":{"allow":["GET"]}}],"collection":[{"href":"https:\/\/shop.bantam.ch\/de\/wp-json\/wp\/v2\/product"}],"about":[{"href":"https:\/\/shop.bantam.ch\/de\/wp-json\/wp\/v2\/types\/product"}],"wp:featuredmedia":[{"embeddable":true,"href":"https:\/\/shop.bantam.ch\/de\/wp-json\/wp\/v2\/media\/209354"}],"wp:attachment":[{"href":"https:\/\/shop.bantam.ch\/de\/wp-json\/wp\/v2\/media?parent=188635"}],"wp:term":[{"taxonomy":"product_featured_cat","embeddable":true,"href":"https:\/\/shop.bantam.ch\/de\/wp-json\/wp\/v2\/product_featured_cat?post=188635"},{"taxonomy":"product_brand","embeddable":true,"href":"https:\/\/shop.bantam.ch\/de\/wp-json\/wp\/v2\/product_brand?post=188635"},{"taxonomy":"product_cat","embeddable":true,"href":"https:\/\/shop.bantam.ch\/de\/wp-json\/wp\/v2\/product_cat?post=188635"},{"taxonomy":"product_tag","embeddable":true,"href":"https:\/\/shop.bantam.ch\/de\/wp-json\/wp\/v2\/product_tag?post=188635"}],"curies":[{"name":"wp","href":"https:\/\/api.w.org\/{rel}","templated":true}]}}