{"id":188633,"date":"2023-12-26T12:02:31","date_gmt":"2023-12-26T11:02:31","guid":{"rendered":"https:\/\/shop.bantam.ch\/produit\/offizieller-fuehrer-fuer-camping-und-caravaning\/"},"modified":"2026-04-18T22:55:43","modified_gmt":"2026-04-18T20:55:43","slug":"offizieller-fuehrer-fuer-camping-und-caravaning","status":"publish","type":"product","link":"https:\/\/shop.bantam.ch\/de\/produkt\/offizieller-fuehrer-fuer-camping-und-caravaning\/","title":{"rendered":"Offizieller F\u00fchrer f\u00fcr Camping und Caravaning"},"content":{"rendered":"<p class=\"MsoNormal\"><span lang=\"DE-CH\">8.229 Campingpl\u00e4tze in<br \/>\nFrankreich: Alle franz\u00f6sischen Campingpl\u00e4tze ohne Ausnahme sind im Official<br \/>\nCamping Caravaning Guide aufgef\u00fchrt, der von der R\u00e9gicamp-Gruppe in<br \/>\nZusammenarbeit mit der FFCC herausgegeben und jedes Jahr aktualisiert wird. Sie<br \/>\nsind dort nach Abteilungen geordnet, denen eine Kartographie mit Lokalisierung<br \/>\nder Gemeinden vorangestellt ist, in denen sich mindestens ein Gel\u00e4nde befindet.\u00a0Sie finden f\u00fcr jeden Campingplatz seine GPS-Koordinaten.\u00a0In Ruhe auf einem kleinen burgundischen Gemeindegel\u00e4nde campen, ein Mobilheim<br \/>\noder ein Chalet \u201eam Wasser\u201c an der Atlantikk\u00fcste mieten, als Familie einen<br \/>\nClubcampingplatz mit Erlebnisbad, Restaurant und Abendshow besuchen: alles ist<br \/>\nm\u00f6glich .\u00a0Als getreues Abbild der franz\u00f6sischen Outdoor-Unterk\u00fcnfte gibt der offizielle<br \/>\nF\u00fchrer deutlich die Klassifizierung der Standorte, ihre Ausstattung, die vor<br \/>\nOrt angebotenen Dienstleistungen und Freizeitaktivit\u00e4ten sowie wichtige<br \/>\npraktische Informationen an.<\/span><span lang=\"DE-CH\"><\/span><\/p>\n","protected":false},"excerpt":{"rendered":"<p>8.229 Campingpl\u00e4tze in Frankreich: Alle franz\u00f6sischen Campingpl\u00e4tze ohne Ausnahme sind im Official Camping Caravaning Guide aufgef\u00fchrt, der von der R\u00e9gicamp-Gruppe in Zusammenarbeit mit der FFCC herausgegeben und jedes Jahr aktualisiert wird. Sie sind dort nach Abteilungen geordnet, denen eine Kartographie mit Lokalisierung der Gemeinden vorangestellt ist, in denen sich mindestens ein Gel\u00e4nde befindet.\u00a0Sie finden f\u00fcr [&hellip;]<\/p>\n","protected":false},"featured_media":209346,"template":"","meta":{"_acf_changed":false},"product_featured_cat":[],"product_brand":[3033],"product_cat":[4346],"product_tag":[],"class_list":{"0":"post-188633","1":"product","2":"type-product","3":"status-publish","4":"has-post-thumbnail","6":"product_brand-standard-de","7":"product_cat-stellplatzfuehrer","9":"first","10":"instock","11":"taxable","12":"shipping-taxable","13":"purchasable","14":"product-type-simple"},"acf":[],"yoast_head":"<!-- This site is optimized with the Yoast SEO plugin v27.4 - https:\/\/yoast.com\/product\/yoast-seo-wordpress\/ -->\n<title>Offizieller F\u00fchrer f\u00fcr Camping und Caravaning - Bantam Camping AG<\/title>\n<meta name=\"robots\" content=\"index, follow, max-snippet:-1, max-image-preview:large, max-video-preview:-1\" \/>\n<link rel=\"canonical\" href=\"https:\/\/shop.bantam.ch\/de\/produkt\/offizieller-fuehrer-fuer-camping-und-caravaning\/\" \/>\n<meta property=\"og:locale\" content=\"de_DE\" \/>\n<meta property=\"og:type\" content=\"article\" \/>\n<meta property=\"og:title\" content=\"Offizieller F\u00fchrer f\u00fcr Camping und Caravaning - Bantam Camping AG\" \/>\n<meta property=\"og:description\" content=\"8.229 Campingpl\u00e4tze in Frankreich: Alle franz\u00f6sischen Campingpl\u00e4tze ohne Ausnahme sind im Official Camping Caravaning Guide aufgef\u00fchrt, der von der R\u00e9gicamp-Gruppe in Zusammenarbeit mit der FFCC herausgegeben und jedes Jahr aktualisiert wird. Sie sind dort nach Abteilungen geordnet, denen eine Kartographie mit Lokalisierung der Gemeinden vorangestellt ist, in denen sich mindestens ein Gel\u00e4nde befindet.\u00a0Sie finden f\u00fcr [&hellip;]\" \/>\n<meta property=\"og:url\" content=\"https:\/\/shop.bantam.ch\/de\/produkt\/offizieller-fuehrer-fuer-camping-und-caravaning\/\" \/>\n<meta property=\"og:site_name\" content=\"Bantam Camping AG\" \/>\n<meta property=\"article:modified_time\" content=\"2026-04-18T20:55:43+00:00\" \/>\n<meta property=\"og:image\" content=\"https:\/\/shop.bantam.ch\/wp-content\/uploads\/2025\/02\/COUV_GOFF_LIBRAIRIE_2024.jpg\" \/>\n\t<meta property=\"og:image:width\" content=\"1118\" \/>\n\t<meta property=\"og:image:height\" content=\"1811\" \/>\n\t<meta property=\"og:image:type\" content=\"image\/jpeg\" \/>\n<meta name=\"twitter:card\" content=\"summary_large_image\" \/>\n<meta name=\"twitter:label1\" content=\"Gesch\u00e4tzte Lesezeit\" \/>\n\t<meta name=\"twitter:data1\" content=\"1\u00a0Minute\" \/>\n<script type=\"application\/ld+json\" class=\"yoast-schema-graph\">{\"@context\":\"https:\\\/\\\/schema.org\",\"@graph\":[{\"@type\":\"WebPage\",\"@id\":\"https:\\\/\\\/shop.bantam.ch\\\/de\\\/produkt\\\/offizieller-fuehrer-fuer-camping-und-caravaning\\\/\",\"url\":\"https:\\\/\\\/shop.bantam.ch\\\/de\\\/produkt\\\/offizieller-fuehrer-fuer-camping-und-caravaning\\\/\",\"name\":\"Offizieller F\u00fchrer f\u00fcr Camping und Caravaning - Bantam Camping AG\",\"isPartOf\":{\"@id\":\"https:\\\/\\\/shop.bantam.ch\\\/de\\\/#website\"},\"primaryImageOfPage\":{\"@id\":\"https:\\\/\\\/shop.bantam.ch\\\/de\\\/produkt\\\/offizieller-fuehrer-fuer-camping-und-caravaning\\\/#primaryimage\"},\"image\":{\"@id\":\"https:\\\/\\\/shop.bantam.ch\\\/de\\\/produkt\\\/offizieller-fuehrer-fuer-camping-und-caravaning\\\/#primaryimage\"},\"thumbnailUrl\":\"https:\\\/\\\/shop.bantam.ch\\\/wp-content\\\/uploads\\\/2025\\\/02\\\/COUV_GOFF_LIBRAIRIE_2024.jpg\",\"datePublished\":\"2023-12-26T11:02:31+00:00\",\"dateModified\":\"2026-04-18T20:55:43+00:00\",\"breadcrumb\":{\"@id\":\"https:\\\/\\\/shop.bantam.ch\\\/de\\\/produkt\\\/offizieller-fuehrer-fuer-camping-und-caravaning\\\/#breadcrumb\"},\"inLanguage\":\"de\",\"potentialAction\":[{\"@type\":\"ReadAction\",\"target\":[\"https:\\\/\\\/shop.bantam.ch\\\/de\\\/produkt\\\/offizieller-fuehrer-fuer-camping-und-caravaning\\\/\"]}]},{\"@type\":\"ImageObject\",\"inLanguage\":\"de\",\"@id\":\"https:\\\/\\\/shop.bantam.ch\\\/de\\\/produkt\\\/offizieller-fuehrer-fuer-camping-und-caravaning\\\/#primaryimage\",\"url\":\"https:\\\/\\\/shop.bantam.ch\\\/wp-content\\\/uploads\\\/2025\\\/02\\\/COUV_GOFF_LIBRAIRIE_2024.jpg\",\"contentUrl\":\"https:\\\/\\\/shop.bantam.ch\\\/wp-content\\\/uploads\\\/2025\\\/02\\\/COUV_GOFF_LIBRAIRIE_2024.jpg\",\"width\":1118,\"height\":1811},{\"@type\":\"BreadcrumbList\",\"@id\":\"https:\\\/\\\/shop.bantam.ch\\\/de\\\/produkt\\\/offizieller-fuehrer-fuer-camping-und-caravaning\\\/#breadcrumb\",\"itemListElement\":[{\"@type\":\"ListItem\",\"position\":1,\"name\":\"Accueil\",\"item\":\"https:\\\/\\\/shop.bantam.ch\\\/de\\\/\"},{\"@type\":\"ListItem\",\"position\":2,\"name\":\"Shop\",\"item\":\"https:\\\/\\\/shop.bantam.ch\\\/de\\\/shop\\\/\"},{\"@type\":\"ListItem\",\"position\":3,\"name\":\"Offizieller F\u00fchrer f\u00fcr Camping und Caravaning\"}]},{\"@type\":\"WebSite\",\"@id\":\"https:\\\/\\\/shop.bantam.ch\\\/de\\\/#website\",\"url\":\"https:\\\/\\\/shop.bantam.ch\\\/de\\\/\",\"name\":\"Bantam Camping AG\",\"description\":\"\",\"publisher\":{\"@id\":\"https:\\\/\\\/shop.bantam.ch\\\/de\\\/#organization\"},\"inLanguage\":\"de\"},{\"@type\":\"Organization\",\"@id\":\"https:\\\/\\\/shop.bantam.ch\\\/de\\\/#organization\",\"name\":\"Bantam Camping AG\",\"url\":\"https:\\\/\\\/shop.bantam.ch\\\/de\\\/\",\"logo\":{\"@type\":\"ImageObject\",\"inLanguage\":\"de\",\"@id\":\"https:\\\/\\\/shop.bantam.ch\\\/de\\\/#\\\/schema\\\/logo\\\/image\\\/\",\"url\":\"https:\\\/\\\/shop.bantam.ch\\\/wp-content\\\/uploads\\\/2022\\\/12\\\/bantam-logo.png\",\"contentUrl\":\"https:\\\/\\\/shop.bantam.ch\\\/wp-content\\\/uploads\\\/2022\\\/12\\\/bantam-logo.png\",\"width\":320,\"height\":71,\"caption\":\"Bantam Camping AG\"},\"image\":{\"@id\":\"https:\\\/\\\/shop.bantam.ch\\\/de\\\/#\\\/schema\\\/logo\\\/image\\\/\"}}]}<\/script>\n<!-- \/ Yoast SEO plugin. -->","yoast_head_json":{"title":"Offizieller F\u00fchrer f\u00fcr Camping und Caravaning - Bantam Camping AG","robots":{"index":"index","follow":"follow","max-snippet":"max-snippet:-1","max-image-preview":"max-image-preview:large","max-video-preview":"max-video-preview:-1"},"canonical":"https:\/\/shop.bantam.ch\/de\/produkt\/offizieller-fuehrer-fuer-camping-und-caravaning\/","og_locale":"de_DE","og_type":"article","og_title":"Offizieller F\u00fchrer f\u00fcr Camping und Caravaning - Bantam Camping AG","og_description":"8.229 Campingpl\u00e4tze in Frankreich: Alle franz\u00f6sischen Campingpl\u00e4tze ohne Ausnahme sind im Official Camping Caravaning Guide aufgef\u00fchrt, der von der R\u00e9gicamp-Gruppe in Zusammenarbeit mit der FFCC herausgegeben und jedes Jahr aktualisiert wird. Sie sind dort nach Abteilungen geordnet, denen eine Kartographie mit Lokalisierung der Gemeinden vorangestellt ist, in denen sich mindestens ein Gel\u00e4nde befindet.\u00a0Sie finden f\u00fcr [&hellip;]","og_url":"https:\/\/shop.bantam.ch\/de\/produkt\/offizieller-fuehrer-fuer-camping-und-caravaning\/","og_site_name":"Bantam Camping AG","article_modified_time":"2026-04-18T20:55:43+00:00","og_image":[{"width":1118,"height":1811,"url":"https:\/\/shop.bantam.ch\/wp-content\/uploads\/2025\/02\/COUV_GOFF_LIBRAIRIE_2024.jpg","type":"image\/jpeg"}],"twitter_card":"summary_large_image","twitter_misc":{"Gesch\u00e4tzte Lesezeit":"1\u00a0Minute"},"schema":{"@context":"https:\/\/schema.org","@graph":[{"@type":"WebPage","@id":"https:\/\/shop.bantam.ch\/de\/produkt\/offizieller-fuehrer-fuer-camping-und-caravaning\/","url":"https:\/\/shop.bantam.ch\/de\/produkt\/offizieller-fuehrer-fuer-camping-und-caravaning\/","name":"Offizieller F\u00fchrer f\u00fcr Camping und Caravaning - Bantam Camping AG","isPartOf":{"@id":"https:\/\/shop.bantam.ch\/de\/#website"},"primaryImageOfPage":{"@id":"https:\/\/shop.bantam.ch\/de\/produkt\/offizieller-fuehrer-fuer-camping-und-caravaning\/#primaryimage"},"image":{"@id":"https:\/\/shop.bantam.ch\/de\/produkt\/offizieller-fuehrer-fuer-camping-und-caravaning\/#primaryimage"},"thumbnailUrl":"https:\/\/shop.bantam.ch\/wp-content\/uploads\/2025\/02\/COUV_GOFF_LIBRAIRIE_2024.jpg","datePublished":"2023-12-26T11:02:31+00:00","dateModified":"2026-04-18T20:55:43+00:00","breadcrumb":{"@id":"https:\/\/shop.bantam.ch\/de\/produkt\/offizieller-fuehrer-fuer-camping-und-caravaning\/#breadcrumb"},"inLanguage":"de","potentialAction":[{"@type":"ReadAction","target":["https:\/\/shop.bantam.ch\/de\/produkt\/offizieller-fuehrer-fuer-camping-und-caravaning\/"]}]},{"@type":"ImageObject","inLanguage":"de","@id":"https:\/\/shop.bantam.ch\/de\/produkt\/offizieller-fuehrer-fuer-camping-und-caravaning\/#primaryimage","url":"https:\/\/shop.bantam.ch\/wp-content\/uploads\/2025\/02\/COUV_GOFF_LIBRAIRIE_2024.jpg","contentUrl":"https:\/\/shop.bantam.ch\/wp-content\/uploads\/2025\/02\/COUV_GOFF_LIBRAIRIE_2024.jpg","width":1118,"height":1811},{"@type":"BreadcrumbList","@id":"https:\/\/shop.bantam.ch\/de\/produkt\/offizieller-fuehrer-fuer-camping-und-caravaning\/#breadcrumb","itemListElement":[{"@type":"ListItem","position":1,"name":"Accueil","item":"https:\/\/shop.bantam.ch\/de\/"},{"@type":"ListItem","position":2,"name":"Shop","item":"https:\/\/shop.bantam.ch\/de\/shop\/"},{"@type":"ListItem","position":3,"name":"Offizieller F\u00fchrer f\u00fcr Camping und Caravaning"}]},{"@type":"WebSite","@id":"https:\/\/shop.bantam.ch\/de\/#website","url":"https:\/\/shop.bantam.ch\/de\/","name":"Bantam Camping AG","description":"","publisher":{"@id":"https:\/\/shop.bantam.ch\/de\/#organization"},"inLanguage":"de"},{"@type":"Organization","@id":"https:\/\/shop.bantam.ch\/de\/#organization","name":"Bantam Camping AG","url":"https:\/\/shop.bantam.ch\/de\/","logo":{"@type":"ImageObject","inLanguage":"de","@id":"https:\/\/shop.bantam.ch\/de\/#\/schema\/logo\/image\/","url":"https:\/\/shop.bantam.ch\/wp-content\/uploads\/2022\/12\/bantam-logo.png","contentUrl":"https:\/\/shop.bantam.ch\/wp-content\/uploads\/2022\/12\/bantam-logo.png","width":320,"height":71,"caption":"Bantam Camping AG"},"image":{"@id":"https:\/\/shop.bantam.ch\/de\/#\/schema\/logo\/image\/"}}]}},"_links":{"self":[{"href":"https:\/\/shop.bantam.ch\/de\/wp-json\/wp\/v2\/product\/188633","targetHints":{"allow":["GET"]}}],"collection":[{"href":"https:\/\/shop.bantam.ch\/de\/wp-json\/wp\/v2\/product"}],"about":[{"href":"https:\/\/shop.bantam.ch\/de\/wp-json\/wp\/v2\/types\/product"}],"wp:featuredmedia":[{"embeddable":true,"href":"https:\/\/shop.bantam.ch\/de\/wp-json\/wp\/v2\/media\/209346"}],"wp:attachment":[{"href":"https:\/\/shop.bantam.ch\/de\/wp-json\/wp\/v2\/media?parent=188633"}],"wp:term":[{"taxonomy":"product_featured_cat","embeddable":true,"href":"https:\/\/shop.bantam.ch\/de\/wp-json\/wp\/v2\/product_featured_cat?post=188633"},{"taxonomy":"product_brand","embeddable":true,"href":"https:\/\/shop.bantam.ch\/de\/wp-json\/wp\/v2\/product_brand?post=188633"},{"taxonomy":"product_cat","embeddable":true,"href":"https:\/\/shop.bantam.ch\/de\/wp-json\/wp\/v2\/product_cat?post=188633"},{"taxonomy":"product_tag","embeddable":true,"href":"https:\/\/shop.bantam.ch\/de\/wp-json\/wp\/v2\/product_tag?post=188633"}],"curies":[{"name":"wp","href":"https:\/\/api.w.org\/{rel}","templated":true}]}}