{"id":188631,"date":"2023-12-26T11:58:53","date_gmt":"2023-12-26T10:58:53","guid":{"rendered":"https:\/\/shop.bantam.ch\/produit\/offizielle-fuehrer-fuer-wohnmobilstellplaetze\/"},"modified":"2026-04-18T22:55:43","modified_gmt":"2026-04-18T20:55:43","slug":"offizielle-fuehrer-fuer-wohnmobilstellplaetze","status":"publish","type":"product","link":"https:\/\/shop.bantam.ch\/de\/produkt\/offizielle-fuehrer-fuer-wohnmobilstellplaetze\/","title":{"rendered":"Offizielle F\u00fchrer f\u00fcr Wohnmobilstellpl\u00e4tze 2025"},"content":{"rendered":"<p class=\"MsoNormal\"><span lang=\"DE-CH\">Dieser in Europa<br \/>\neinzigartige F\u00fchrer listet mehr als <strong>6.380 technische Etappen f\u00fcr Wohnmobile<br \/>\nin Frankreich und Europa<\/strong>\u00a0auf, darunter 5.736 franz\u00f6sische Etappen mit GPS-Koordinaten.<br \/>\nUnverzichtbar f\u00fcr eine freie und b\u00fcrgerliche Praxis.<\/span><span lang=\"DE-CH\"><\/span><\/p>\n<p class=\"MsoNormal\"><span lang=\"DE-CH\">Alle Rastst\u00e4tten in<br \/>\nFrankreich mit ihrem Standort in einem Stra\u00dfenatlas: die von einem<br \/>\nCampingplatz, einem Unternehmen oder einer Einzelperson verwalteten; wie man<br \/>\ndarauf zugreift (genauer Standort); Zusatzleitungen. Aber auch Parkh\u00e4user oder<br \/>\nParkpl\u00e4tze in St\u00e4dten.\u00a0Europ\u00e4ische Servicegebiete mit Deutschland, Spanien, Italien und der Schweiz.<br \/>\nEbenfalls aufgef\u00fchrt:<\/span><span lang=\"DE-CH\"><\/span><\/p>\n<\/p>\n<p class=\"MsoNormal\"><span lang=\"DE-CH\">&#8211; die Gemeinden des<br \/>\nJahres<br \/>\n&#8211; Parken in franz\u00f6sischen St\u00e4dten,<br \/>\n&#8211; die Liste der Campingpl\u00e4tze in Frankreich Partner des FFCC<\/span><\/p>\n","protected":false},"excerpt":{"rendered":"<p>Dieser in Europa einzigartige F\u00fchrer listet mehr als 6.380 technische Etappen f\u00fcr Wohnmobile in Frankreich und Europa\u00a0auf, darunter 5.736 franz\u00f6sische Etappen mit GPS-Koordinaten. Unverzichtbar f\u00fcr eine freie und b\u00fcrgerliche Praxis. Alle Rastst\u00e4tten in Frankreich mit ihrem Standort in einem Stra\u00dfenatlas: die von einem Campingplatz, einem Unternehmen oder einer Einzelperson verwalteten; wie man darauf zugreift (genauer [&hellip;]<\/p>\n","protected":false},"featured_media":209348,"template":"","meta":{"_acf_changed":false},"product_featured_cat":[],"product_brand":[3033],"product_cat":[4346],"product_tag":[],"class_list":{"0":"post-188631","1":"product","2":"type-product","3":"status-publish","4":"has-post-thumbnail","6":"product_brand-standard-de","7":"product_cat-stellplatzfuehrer","9":"first","10":"instock","11":"taxable","12":"shipping-taxable","13":"purchasable","14":"product-type-simple"},"acf":[],"yoast_head":"<!-- This site is optimized with the Yoast SEO plugin v27.4 - https:\/\/yoast.com\/product\/yoast-seo-wordpress\/ -->\n<title>Offizielle F\u00fchrer f\u00fcr Wohnmobilstellpl\u00e4tze 2025 - Bantam Camping AG<\/title>\n<meta name=\"robots\" content=\"index, follow, max-snippet:-1, max-image-preview:large, max-video-preview:-1\" \/>\n<link rel=\"canonical\" href=\"https:\/\/shop.bantam.ch\/de\/produkt\/offizielle-fuehrer-fuer-wohnmobilstellplaetze\/\" \/>\n<meta property=\"og:locale\" content=\"de_DE\" \/>\n<meta property=\"og:type\" content=\"article\" \/>\n<meta property=\"og:title\" content=\"Offizielle F\u00fchrer f\u00fcr Wohnmobilstellpl\u00e4tze 2025 - Bantam Camping AG\" \/>\n<meta property=\"og:description\" content=\"Dieser in Europa einzigartige F\u00fchrer listet mehr als 6.380 technische Etappen f\u00fcr Wohnmobile in Frankreich und Europa\u00a0auf, darunter 5.736 franz\u00f6sische Etappen mit GPS-Koordinaten. Unverzichtbar f\u00fcr eine freie und b\u00fcrgerliche Praxis. Alle Rastst\u00e4tten in Frankreich mit ihrem Standort in einem Stra\u00dfenatlas: die von einem Campingplatz, einem Unternehmen oder einer Einzelperson verwalteten; wie man darauf zugreift (genauer [&hellip;]\" \/>\n<meta property=\"og:url\" content=\"https:\/\/shop.bantam.ch\/de\/produkt\/offizielle-fuehrer-fuer-wohnmobilstellplaetze\/\" \/>\n<meta property=\"og:site_name\" content=\"Bantam Camping AG\" \/>\n<meta property=\"article:modified_time\" content=\"2026-04-18T20:55:43+00:00\" \/>\n<meta name=\"twitter:card\" content=\"summary_large_image\" \/>\n<meta name=\"twitter:label1\" content=\"Gesch\u00e4tzte Lesezeit\" \/>\n\t<meta name=\"twitter:data1\" content=\"1\u00a0Minute\" \/>\n<script type=\"application\/ld+json\" class=\"yoast-schema-graph\">{\"@context\":\"https:\\\/\\\/schema.org\",\"@graph\":[{\"@type\":\"WebPage\",\"@id\":\"https:\\\/\\\/shop.bantam.ch\\\/de\\\/produkt\\\/offizielle-fuehrer-fuer-wohnmobilstellplaetze\\\/\",\"url\":\"https:\\\/\\\/shop.bantam.ch\\\/de\\\/produkt\\\/offizielle-fuehrer-fuer-wohnmobilstellplaetze\\\/\",\"name\":\"Offizielle F\u00fchrer f\u00fcr Wohnmobilstellpl\u00e4tze 2025 - Bantam Camping AG\",\"isPartOf\":{\"@id\":\"https:\\\/\\\/shop.bantam.ch\\\/de\\\/#website\"},\"primaryImageOfPage\":{\"@id\":\"https:\\\/\\\/shop.bantam.ch\\\/de\\\/produkt\\\/offizielle-fuehrer-fuer-wohnmobilstellplaetze\\\/#primaryimage\"},\"image\":{\"@id\":\"https:\\\/\\\/shop.bantam.ch\\\/de\\\/produkt\\\/offizielle-fuehrer-fuer-wohnmobilstellplaetze\\\/#primaryimage\"},\"thumbnailUrl\":\"https:\\\/\\\/shop.bantam.ch\\\/wp-content\\\/uploads\\\/2025\\\/02\\\/ADS-couv-2025_MLP_800-pixels.jpg\",\"datePublished\":\"2023-12-26T10:58:53+00:00\",\"dateModified\":\"2026-04-18T20:55:43+00:00\",\"breadcrumb\":{\"@id\":\"https:\\\/\\\/shop.bantam.ch\\\/de\\\/produkt\\\/offizielle-fuehrer-fuer-wohnmobilstellplaetze\\\/#breadcrumb\"},\"inLanguage\":\"de\",\"potentialAction\":[{\"@type\":\"ReadAction\",\"target\":[\"https:\\\/\\\/shop.bantam.ch\\\/de\\\/produkt\\\/offizielle-fuehrer-fuer-wohnmobilstellplaetze\\\/\"]}]},{\"@type\":\"ImageObject\",\"inLanguage\":\"de\",\"@id\":\"https:\\\/\\\/shop.bantam.ch\\\/de\\\/produkt\\\/offizielle-fuehrer-fuer-wohnmobilstellplaetze\\\/#primaryimage\",\"url\":\"https:\\\/\\\/shop.bantam.ch\\\/wp-content\\\/uploads\\\/2025\\\/02\\\/ADS-couv-2025_MLP_800-pixels.jpg\",\"contentUrl\":\"https:\\\/\\\/shop.bantam.ch\\\/wp-content\\\/uploads\\\/2025\\\/02\\\/ADS-couv-2025_MLP_800-pixels.jpg\",\"width\":800,\"height\":1268},{\"@type\":\"BreadcrumbList\",\"@id\":\"https:\\\/\\\/shop.bantam.ch\\\/de\\\/produkt\\\/offizielle-fuehrer-fuer-wohnmobilstellplaetze\\\/#breadcrumb\",\"itemListElement\":[{\"@type\":\"ListItem\",\"position\":1,\"name\":\"Accueil\",\"item\":\"https:\\\/\\\/shop.bantam.ch\\\/de\\\/\"},{\"@type\":\"ListItem\",\"position\":2,\"name\":\"Shop\",\"item\":\"https:\\\/\\\/shop.bantam.ch\\\/de\\\/shop\\\/\"},{\"@type\":\"ListItem\",\"position\":3,\"name\":\"Offizielle F\u00fchrer f\u00fcr Wohnmobilstellpl\u00e4tze 2025\"}]},{\"@type\":\"WebSite\",\"@id\":\"https:\\\/\\\/shop.bantam.ch\\\/de\\\/#website\",\"url\":\"https:\\\/\\\/shop.bantam.ch\\\/de\\\/\",\"name\":\"Bantam Camping AG\",\"description\":\"\",\"publisher\":{\"@id\":\"https:\\\/\\\/shop.bantam.ch\\\/de\\\/#organization\"},\"inLanguage\":\"de\"},{\"@type\":\"Organization\",\"@id\":\"https:\\\/\\\/shop.bantam.ch\\\/de\\\/#organization\",\"name\":\"Bantam Camping AG\",\"url\":\"https:\\\/\\\/shop.bantam.ch\\\/de\\\/\",\"logo\":{\"@type\":\"ImageObject\",\"inLanguage\":\"de\",\"@id\":\"https:\\\/\\\/shop.bantam.ch\\\/de\\\/#\\\/schema\\\/logo\\\/image\\\/\",\"url\":\"https:\\\/\\\/shop.bantam.ch\\\/wp-content\\\/uploads\\\/2022\\\/12\\\/bantam-logo.png\",\"contentUrl\":\"https:\\\/\\\/shop.bantam.ch\\\/wp-content\\\/uploads\\\/2022\\\/12\\\/bantam-logo.png\",\"width\":320,\"height\":71,\"caption\":\"Bantam Camping AG\"},\"image\":{\"@id\":\"https:\\\/\\\/shop.bantam.ch\\\/de\\\/#\\\/schema\\\/logo\\\/image\\\/\"}}]}<\/script>\n<!-- \/ Yoast SEO plugin. -->","yoast_head_json":{"title":"Offizielle F\u00fchrer f\u00fcr Wohnmobilstellpl\u00e4tze 2025 - Bantam Camping AG","robots":{"index":"index","follow":"follow","max-snippet":"max-snippet:-1","max-image-preview":"max-image-preview:large","max-video-preview":"max-video-preview:-1"},"canonical":"https:\/\/shop.bantam.ch\/de\/produkt\/offizielle-fuehrer-fuer-wohnmobilstellplaetze\/","og_locale":"de_DE","og_type":"article","og_title":"Offizielle F\u00fchrer f\u00fcr Wohnmobilstellpl\u00e4tze 2025 - Bantam Camping AG","og_description":"Dieser in Europa einzigartige F\u00fchrer listet mehr als 6.380 technische Etappen f\u00fcr Wohnmobile in Frankreich und Europa\u00a0auf, darunter 5.736 franz\u00f6sische Etappen mit GPS-Koordinaten. Unverzichtbar f\u00fcr eine freie und b\u00fcrgerliche Praxis. Alle Rastst\u00e4tten in Frankreich mit ihrem Standort in einem Stra\u00dfenatlas: die von einem Campingplatz, einem Unternehmen oder einer Einzelperson verwalteten; wie man darauf zugreift (genauer [&hellip;]","og_url":"https:\/\/shop.bantam.ch\/de\/produkt\/offizielle-fuehrer-fuer-wohnmobilstellplaetze\/","og_site_name":"Bantam Camping AG","article_modified_time":"2026-04-18T20:55:43+00:00","twitter_card":"summary_large_image","twitter_misc":{"Gesch\u00e4tzte Lesezeit":"1\u00a0Minute"},"schema":{"@context":"https:\/\/schema.org","@graph":[{"@type":"WebPage","@id":"https:\/\/shop.bantam.ch\/de\/produkt\/offizielle-fuehrer-fuer-wohnmobilstellplaetze\/","url":"https:\/\/shop.bantam.ch\/de\/produkt\/offizielle-fuehrer-fuer-wohnmobilstellplaetze\/","name":"Offizielle F\u00fchrer f\u00fcr Wohnmobilstellpl\u00e4tze 2025 - Bantam Camping AG","isPartOf":{"@id":"https:\/\/shop.bantam.ch\/de\/#website"},"primaryImageOfPage":{"@id":"https:\/\/shop.bantam.ch\/de\/produkt\/offizielle-fuehrer-fuer-wohnmobilstellplaetze\/#primaryimage"},"image":{"@id":"https:\/\/shop.bantam.ch\/de\/produkt\/offizielle-fuehrer-fuer-wohnmobilstellplaetze\/#primaryimage"},"thumbnailUrl":"https:\/\/shop.bantam.ch\/wp-content\/uploads\/2025\/02\/ADS-couv-2025_MLP_800-pixels.jpg","datePublished":"2023-12-26T10:58:53+00:00","dateModified":"2026-04-18T20:55:43+00:00","breadcrumb":{"@id":"https:\/\/shop.bantam.ch\/de\/produkt\/offizielle-fuehrer-fuer-wohnmobilstellplaetze\/#breadcrumb"},"inLanguage":"de","potentialAction":[{"@type":"ReadAction","target":["https:\/\/shop.bantam.ch\/de\/produkt\/offizielle-fuehrer-fuer-wohnmobilstellplaetze\/"]}]},{"@type":"ImageObject","inLanguage":"de","@id":"https:\/\/shop.bantam.ch\/de\/produkt\/offizielle-fuehrer-fuer-wohnmobilstellplaetze\/#primaryimage","url":"https:\/\/shop.bantam.ch\/wp-content\/uploads\/2025\/02\/ADS-couv-2025_MLP_800-pixels.jpg","contentUrl":"https:\/\/shop.bantam.ch\/wp-content\/uploads\/2025\/02\/ADS-couv-2025_MLP_800-pixels.jpg","width":800,"height":1268},{"@type":"BreadcrumbList","@id":"https:\/\/shop.bantam.ch\/de\/produkt\/offizielle-fuehrer-fuer-wohnmobilstellplaetze\/#breadcrumb","itemListElement":[{"@type":"ListItem","position":1,"name":"Accueil","item":"https:\/\/shop.bantam.ch\/de\/"},{"@type":"ListItem","position":2,"name":"Shop","item":"https:\/\/shop.bantam.ch\/de\/shop\/"},{"@type":"ListItem","position":3,"name":"Offizielle F\u00fchrer f\u00fcr Wohnmobilstellpl\u00e4tze 2025"}]},{"@type":"WebSite","@id":"https:\/\/shop.bantam.ch\/de\/#website","url":"https:\/\/shop.bantam.ch\/de\/","name":"Bantam Camping AG","description":"","publisher":{"@id":"https:\/\/shop.bantam.ch\/de\/#organization"},"inLanguage":"de"},{"@type":"Organization","@id":"https:\/\/shop.bantam.ch\/de\/#organization","name":"Bantam Camping AG","url":"https:\/\/shop.bantam.ch\/de\/","logo":{"@type":"ImageObject","inLanguage":"de","@id":"https:\/\/shop.bantam.ch\/de\/#\/schema\/logo\/image\/","url":"https:\/\/shop.bantam.ch\/wp-content\/uploads\/2022\/12\/bantam-logo.png","contentUrl":"https:\/\/shop.bantam.ch\/wp-content\/uploads\/2022\/12\/bantam-logo.png","width":320,"height":71,"caption":"Bantam Camping AG"},"image":{"@id":"https:\/\/shop.bantam.ch\/de\/#\/schema\/logo\/image\/"}}]}},"_links":{"self":[{"href":"https:\/\/shop.bantam.ch\/de\/wp-json\/wp\/v2\/product\/188631","targetHints":{"allow":["GET"]}}],"collection":[{"href":"https:\/\/shop.bantam.ch\/de\/wp-json\/wp\/v2\/product"}],"about":[{"href":"https:\/\/shop.bantam.ch\/de\/wp-json\/wp\/v2\/types\/product"}],"wp:featuredmedia":[{"embeddable":true,"href":"https:\/\/shop.bantam.ch\/de\/wp-json\/wp\/v2\/media\/209348"}],"wp:attachment":[{"href":"https:\/\/shop.bantam.ch\/de\/wp-json\/wp\/v2\/media?parent=188631"}],"wp:term":[{"taxonomy":"product_featured_cat","embeddable":true,"href":"https:\/\/shop.bantam.ch\/de\/wp-json\/wp\/v2\/product_featured_cat?post=188631"},{"taxonomy":"product_brand","embeddable":true,"href":"https:\/\/shop.bantam.ch\/de\/wp-json\/wp\/v2\/product_brand?post=188631"},{"taxonomy":"product_cat","embeddable":true,"href":"https:\/\/shop.bantam.ch\/de\/wp-json\/wp\/v2\/product_cat?post=188631"},{"taxonomy":"product_tag","embeddable":true,"href":"https:\/\/shop.bantam.ch\/de\/wp-json\/wp\/v2\/product_tag?post=188631"}],"curies":[{"name":"wp","href":"https:\/\/api.w.org\/{rel}","templated":true}]}}