{"id":188555,"date":"2024-02-01T18:01:07","date_gmt":"2024-02-01T17:01:07","guid":{"rendered":"https:\/\/shop.bantam.ch\/produit\/schlafsack-petroleum-kohle\/"},"modified":"2026-04-20T22:53:49","modified_gmt":"2026-04-20T20:53:49","slug":"schlafsack-petroleum-kohle","status":"publish","type":"product","link":"https:\/\/shop.bantam.ch\/de\/produkt\/schlafsack-petroleum-kohle\/","title":{"rendered":"Schlafsack &#8211; Petroleum\/ Kohle"},"content":{"rendered":"<p>Schlafsack aus speziell behandeltem Polyester (Pfirsich-Finish), das sehr weich und angenehm auf der Haut liegt, atmungsaktiv und wasserabweisend ist. Ausgestattet mit einer 600 g\/m\u00b2 starken SLII (Supreme Loft II)-Hohlfaserf\u00fcllung. Diese dicke Polsterung sorgt daf\u00fcr, dass Sie nachts auch bei Minustemperaturen angenehm warm bleiben. Der beste Komfort oder Raumtemperatur dieses Schlafsacks liegt bei etwa -3 \/ -6 \u00b0 C.<\/p>\n<p>Der Antarctic hat einen Rei\u00dfverschluss und l\u00e4sst sich daher leicht zu einem Doppelschlafsack kombinieren. Er ist der ideale Schlafsack, um ihn mit in den Campingurlaub zu nehmen oder wenn du irgendwo \u00fcbernachtest. Nach dem Gebrauch eignet sich der Schlafsack f\u00fcr die W\u00e4sche in der Waschmaschine. Wir empfehlen, ihn nicht zu schleudern und an der Luft trocknen zu lassen. Einfach und bequem in der mitgelieferten Kompressionsh\u00fclle zu verstauen.<\/p>\n<p>Details: 2-lagige Konstruktion, zugfreie Sch\u00fcrze hinter dem Rei\u00dfverschluss, Dokumententasche, Kompressionsh\u00fclle.<\/p>\n<p>Ma\u00dfe: 210 x 80 cm<br \/>\nAu\u00dfenbeschichtung: PES Soft touch Polyester 230 T.<br \/>\nInnenfutter: PES Soft Touch Polyester 210 T<br \/>\nF\u00fcllung: 600 gr \/ m\u00b2. SLII Hohlfaser.<br \/>\nGewicht: ca. 2800 gr.<\/p>\n<p>Temperaturbereich: 6 \/ -12 \/ -18 \u00b0 C<\/p>\n","protected":false},"excerpt":{"rendered":"<p>Schlafsack aus speziell behandeltem Polyester (Pfirsich-Finish), das sehr weich und angenehm auf der Haut liegt, atmungsaktiv und wasserabweisend ist. Ausgestattet mit einer 600 g\/m\u00b2 starken SLII (Supreme Loft II)-Hohlfaserf\u00fcllung. Diese dicke Polsterung sorgt daf\u00fcr, dass Sie nachts auch bei Minustemperaturen angenehm warm bleiben. Der beste Komfort oder Raumtemperatur dieses Schlafsacks liegt bei etwa -3 \/ [&hellip;]<\/p>\n","protected":false},"featured_media":188549,"template":"","meta":{"_acf_changed":false},"product_featured_cat":[5303,5304],"product_brand":[3075],"product_cat":[4454],"product_tag":[],"class_list":{"0":"post-188555","1":"product","2":"type-product","3":"status-publish","4":"has-post-thumbnail","6":"product_featured_cat-selection-hivernale-etagnieres-de","7":"product_featured_cat-winterauswahl-hindelbank-urdorf","8":"product_brand-eurotrail-de","9":"product_cat-deckenschlafsaecke","11":"first","12":"instock","13":"taxable","14":"shipping-taxable","15":"purchasable","16":"product-type-simple"},"acf":[],"yoast_head":"<!-- This site is optimized with the Yoast SEO plugin v27.4 - https:\/\/yoast.com\/product\/yoast-seo-wordpress\/ -->\n<title>Schlafsack - Petroleum\/ Kohle - Bantam Camping AG<\/title>\n<meta name=\"robots\" content=\"index, follow, max-snippet:-1, max-image-preview:large, max-video-preview:-1\" \/>\n<link rel=\"canonical\" href=\"https:\/\/shop.bantam.ch\/de\/produkt\/schlafsack-petroleum-kohle\/\" \/>\n<meta property=\"og:locale\" content=\"de_DE\" \/>\n<meta property=\"og:type\" content=\"article\" \/>\n<meta property=\"og:title\" content=\"Schlafsack - Petroleum\/ Kohle - Bantam Camping AG\" \/>\n<meta property=\"og:description\" content=\"Schlafsack aus speziell behandeltem Polyester (Pfirsich-Finish), das sehr weich und angenehm auf der Haut liegt, atmungsaktiv und wasserabweisend ist. Ausgestattet mit einer 600 g\/m\u00b2 starken SLII (Supreme Loft II)-Hohlfaserf\u00fcllung. Diese dicke Polsterung sorgt daf\u00fcr, dass Sie nachts auch bei Minustemperaturen angenehm warm bleiben. Der beste Komfort oder Raumtemperatur dieses Schlafsacks liegt bei etwa -3 \/ [&hellip;]\" \/>\n<meta property=\"og:url\" content=\"https:\/\/shop.bantam.ch\/de\/produkt\/schlafsack-petroleum-kohle\/\" \/>\n<meta property=\"og:site_name\" content=\"Bantam Camping AG\" \/>\n<meta property=\"article:modified_time\" content=\"2026-04-20T20:53:49+00:00\" \/>\n<meta property=\"og:image\" content=\"https:\/\/shop.bantam.ch\/wp-content\/uploads\/2023\/12\/ETSB0801-1_600px.jpg\" \/>\n\t<meta property=\"og:image:width\" content=\"600\" \/>\n\t<meta property=\"og:image:height\" content=\"333\" \/>\n\t<meta property=\"og:image:type\" content=\"image\/jpeg\" \/>\n<meta name=\"twitter:card\" content=\"summary_large_image\" \/>\n<meta name=\"twitter:label1\" content=\"Gesch\u00e4tzte Lesezeit\" \/>\n\t<meta name=\"twitter:data1\" content=\"2\u00a0Minuten\" \/>\n<script type=\"application\/ld+json\" class=\"yoast-schema-graph\">{\"@context\":\"https:\\\/\\\/schema.org\",\"@graph\":[{\"@type\":\"WebPage\",\"@id\":\"https:\\\/\\\/shop.bantam.ch\\\/de\\\/produkt\\\/schlafsack-petroleum-kohle\\\/\",\"url\":\"https:\\\/\\\/shop.bantam.ch\\\/de\\\/produkt\\\/schlafsack-petroleum-kohle\\\/\",\"name\":\"Schlafsack - Petroleum\\\/ Kohle - Bantam Camping AG\",\"isPartOf\":{\"@id\":\"https:\\\/\\\/shop.bantam.ch\\\/de\\\/#website\"},\"primaryImageOfPage\":{\"@id\":\"https:\\\/\\\/shop.bantam.ch\\\/de\\\/produkt\\\/schlafsack-petroleum-kohle\\\/#primaryimage\"},\"image\":{\"@id\":\"https:\\\/\\\/shop.bantam.ch\\\/de\\\/produkt\\\/schlafsack-petroleum-kohle\\\/#primaryimage\"},\"thumbnailUrl\":\"https:\\\/\\\/shop.bantam.ch\\\/wp-content\\\/uploads\\\/2023\\\/12\\\/ETSB0801-1_600px.jpg\",\"datePublished\":\"2024-02-01T17:01:07+00:00\",\"dateModified\":\"2026-04-20T20:53:49+00:00\",\"breadcrumb\":{\"@id\":\"https:\\\/\\\/shop.bantam.ch\\\/de\\\/produkt\\\/schlafsack-petroleum-kohle\\\/#breadcrumb\"},\"inLanguage\":\"de\",\"potentialAction\":[{\"@type\":\"ReadAction\",\"target\":[\"https:\\\/\\\/shop.bantam.ch\\\/de\\\/produkt\\\/schlafsack-petroleum-kohle\\\/\"]}]},{\"@type\":\"ImageObject\",\"inLanguage\":\"de\",\"@id\":\"https:\\\/\\\/shop.bantam.ch\\\/de\\\/produkt\\\/schlafsack-petroleum-kohle\\\/#primaryimage\",\"url\":\"https:\\\/\\\/shop.bantam.ch\\\/wp-content\\\/uploads\\\/2023\\\/12\\\/ETSB0801-1_600px.jpg\",\"contentUrl\":\"https:\\\/\\\/shop.bantam.ch\\\/wp-content\\\/uploads\\\/2023\\\/12\\\/ETSB0801-1_600px.jpg\",\"width\":600,\"height\":333},{\"@type\":\"BreadcrumbList\",\"@id\":\"https:\\\/\\\/shop.bantam.ch\\\/de\\\/produkt\\\/schlafsack-petroleum-kohle\\\/#breadcrumb\",\"itemListElement\":[{\"@type\":\"ListItem\",\"position\":1,\"name\":\"Accueil\",\"item\":\"https:\\\/\\\/shop.bantam.ch\\\/de\\\/\"},{\"@type\":\"ListItem\",\"position\":2,\"name\":\"Shop\",\"item\":\"https:\\\/\\\/shop.bantam.ch\\\/de\\\/shop\\\/\"},{\"@type\":\"ListItem\",\"position\":3,\"name\":\"Schlafsack &#8211; Petroleum\\\/ Kohle\"}]},{\"@type\":\"WebSite\",\"@id\":\"https:\\\/\\\/shop.bantam.ch\\\/de\\\/#website\",\"url\":\"https:\\\/\\\/shop.bantam.ch\\\/de\\\/\",\"name\":\"Bantam Camping AG\",\"description\":\"\",\"publisher\":{\"@id\":\"https:\\\/\\\/shop.bantam.ch\\\/de\\\/#organization\"},\"inLanguage\":\"de\"},{\"@type\":\"Organization\",\"@id\":\"https:\\\/\\\/shop.bantam.ch\\\/de\\\/#organization\",\"name\":\"Bantam Camping AG\",\"url\":\"https:\\\/\\\/shop.bantam.ch\\\/de\\\/\",\"logo\":{\"@type\":\"ImageObject\",\"inLanguage\":\"de\",\"@id\":\"https:\\\/\\\/shop.bantam.ch\\\/de\\\/#\\\/schema\\\/logo\\\/image\\\/\",\"url\":\"https:\\\/\\\/shop.bantam.ch\\\/wp-content\\\/uploads\\\/2022\\\/12\\\/bantam-logo.png\",\"contentUrl\":\"https:\\\/\\\/shop.bantam.ch\\\/wp-content\\\/uploads\\\/2022\\\/12\\\/bantam-logo.png\",\"width\":320,\"height\":71,\"caption\":\"Bantam Camping AG\"},\"image\":{\"@id\":\"https:\\\/\\\/shop.bantam.ch\\\/de\\\/#\\\/schema\\\/logo\\\/image\\\/\"}}]}<\/script>\n<!-- \/ Yoast SEO plugin. -->","yoast_head_json":{"title":"Schlafsack - Petroleum\/ Kohle - Bantam Camping AG","robots":{"index":"index","follow":"follow","max-snippet":"max-snippet:-1","max-image-preview":"max-image-preview:large","max-video-preview":"max-video-preview:-1"},"canonical":"https:\/\/shop.bantam.ch\/de\/produkt\/schlafsack-petroleum-kohle\/","og_locale":"de_DE","og_type":"article","og_title":"Schlafsack - Petroleum\/ Kohle - Bantam Camping AG","og_description":"Schlafsack aus speziell behandeltem Polyester (Pfirsich-Finish), das sehr weich und angenehm auf der Haut liegt, atmungsaktiv und wasserabweisend ist. Ausgestattet mit einer 600 g\/m\u00b2 starken SLII (Supreme Loft II)-Hohlfaserf\u00fcllung. Diese dicke Polsterung sorgt daf\u00fcr, dass Sie nachts auch bei Minustemperaturen angenehm warm bleiben. Der beste Komfort oder Raumtemperatur dieses Schlafsacks liegt bei etwa -3 \/ [&hellip;]","og_url":"https:\/\/shop.bantam.ch\/de\/produkt\/schlafsack-petroleum-kohle\/","og_site_name":"Bantam Camping AG","article_modified_time":"2026-04-20T20:53:49+00:00","og_image":[{"width":600,"height":333,"url":"https:\/\/shop.bantam.ch\/wp-content\/uploads\/2023\/12\/ETSB0801-1_600px.jpg","type":"image\/jpeg"}],"twitter_card":"summary_large_image","twitter_misc":{"Gesch\u00e4tzte Lesezeit":"2\u00a0Minuten"},"schema":{"@context":"https:\/\/schema.org","@graph":[{"@type":"WebPage","@id":"https:\/\/shop.bantam.ch\/de\/produkt\/schlafsack-petroleum-kohle\/","url":"https:\/\/shop.bantam.ch\/de\/produkt\/schlafsack-petroleum-kohle\/","name":"Schlafsack - Petroleum\/ Kohle - Bantam Camping AG","isPartOf":{"@id":"https:\/\/shop.bantam.ch\/de\/#website"},"primaryImageOfPage":{"@id":"https:\/\/shop.bantam.ch\/de\/produkt\/schlafsack-petroleum-kohle\/#primaryimage"},"image":{"@id":"https:\/\/shop.bantam.ch\/de\/produkt\/schlafsack-petroleum-kohle\/#primaryimage"},"thumbnailUrl":"https:\/\/shop.bantam.ch\/wp-content\/uploads\/2023\/12\/ETSB0801-1_600px.jpg","datePublished":"2024-02-01T17:01:07+00:00","dateModified":"2026-04-20T20:53:49+00:00","breadcrumb":{"@id":"https:\/\/shop.bantam.ch\/de\/produkt\/schlafsack-petroleum-kohle\/#breadcrumb"},"inLanguage":"de","potentialAction":[{"@type":"ReadAction","target":["https:\/\/shop.bantam.ch\/de\/produkt\/schlafsack-petroleum-kohle\/"]}]},{"@type":"ImageObject","inLanguage":"de","@id":"https:\/\/shop.bantam.ch\/de\/produkt\/schlafsack-petroleum-kohle\/#primaryimage","url":"https:\/\/shop.bantam.ch\/wp-content\/uploads\/2023\/12\/ETSB0801-1_600px.jpg","contentUrl":"https:\/\/shop.bantam.ch\/wp-content\/uploads\/2023\/12\/ETSB0801-1_600px.jpg","width":600,"height":333},{"@type":"BreadcrumbList","@id":"https:\/\/shop.bantam.ch\/de\/produkt\/schlafsack-petroleum-kohle\/#breadcrumb","itemListElement":[{"@type":"ListItem","position":1,"name":"Accueil","item":"https:\/\/shop.bantam.ch\/de\/"},{"@type":"ListItem","position":2,"name":"Shop","item":"https:\/\/shop.bantam.ch\/de\/shop\/"},{"@type":"ListItem","position":3,"name":"Schlafsack &#8211; Petroleum\/ Kohle"}]},{"@type":"WebSite","@id":"https:\/\/shop.bantam.ch\/de\/#website","url":"https:\/\/shop.bantam.ch\/de\/","name":"Bantam Camping AG","description":"","publisher":{"@id":"https:\/\/shop.bantam.ch\/de\/#organization"},"inLanguage":"de"},{"@type":"Organization","@id":"https:\/\/shop.bantam.ch\/de\/#organization","name":"Bantam Camping AG","url":"https:\/\/shop.bantam.ch\/de\/","logo":{"@type":"ImageObject","inLanguage":"de","@id":"https:\/\/shop.bantam.ch\/de\/#\/schema\/logo\/image\/","url":"https:\/\/shop.bantam.ch\/wp-content\/uploads\/2022\/12\/bantam-logo.png","contentUrl":"https:\/\/shop.bantam.ch\/wp-content\/uploads\/2022\/12\/bantam-logo.png","width":320,"height":71,"caption":"Bantam Camping AG"},"image":{"@id":"https:\/\/shop.bantam.ch\/de\/#\/schema\/logo\/image\/"}}]}},"_links":{"self":[{"href":"https:\/\/shop.bantam.ch\/de\/wp-json\/wp\/v2\/product\/188555","targetHints":{"allow":["GET"]}}],"collection":[{"href":"https:\/\/shop.bantam.ch\/de\/wp-json\/wp\/v2\/product"}],"about":[{"href":"https:\/\/shop.bantam.ch\/de\/wp-json\/wp\/v2\/types\/product"}],"wp:featuredmedia":[{"embeddable":true,"href":"https:\/\/shop.bantam.ch\/de\/wp-json\/wp\/v2\/media\/188549"}],"wp:attachment":[{"href":"https:\/\/shop.bantam.ch\/de\/wp-json\/wp\/v2\/media?parent=188555"}],"wp:term":[{"taxonomy":"product_featured_cat","embeddable":true,"href":"https:\/\/shop.bantam.ch\/de\/wp-json\/wp\/v2\/product_featured_cat?post=188555"},{"taxonomy":"product_brand","embeddable":true,"href":"https:\/\/shop.bantam.ch\/de\/wp-json\/wp\/v2\/product_brand?post=188555"},{"taxonomy":"product_cat","embeddable":true,"href":"https:\/\/shop.bantam.ch\/de\/wp-json\/wp\/v2\/product_cat?post=188555"},{"taxonomy":"product_tag","embeddable":true,"href":"https:\/\/shop.bantam.ch\/de\/wp-json\/wp\/v2\/product_tag?post=188555"}],"curies":[{"name":"wp","href":"https:\/\/api.w.org\/{rel}","templated":true}]}}