{"id":188546,"date":"2023-12-19T17:30:12","date_gmt":"2023-12-19T16:30:12","guid":{"rendered":"https:\/\/shop.bantam.ch\/produit\/chili-schlafsack\/"},"modified":"2026-04-18T22:55:36","modified_gmt":"2026-04-18T20:55:36","slug":"chili-schlafsack","status":"publish","type":"product","link":"https:\/\/shop.bantam.ch\/de\/produkt\/chili-schlafsack\/","title":{"rendered":"CHILI \u2013 Schlafsack"},"content":{"rendered":"<p>Komfortabler Schlafsack Modell Decke besteht aus speziell behandeltem Polyester (Pfirsich-Finish), das sehr weich und angenehm auf der Haut liegt, atmungsaktiv und wasserabweisend ist. Ausgestattet mit einer F\u00fcllung aus SLII-Hohlfaser (Supreme Loft II). Diese F\u00fcllung sorgt daf\u00fcr, dass Sie nachts angenehm warm bleiben. Der beste Komfort bzw. die beste Raumtemperatur dieses Schlafsacks liegt bei ca. +4 \/ -1 \u00b0 C.<\/p>\n<p>Der Chili-Schlafsack kann mit einem Rei\u00dfverschluss versehen werden und ist daher leicht zu einem Doppelschlafsack zu kombinieren. Er ist der ideale Schlafsack, um ihn mit in den Campingurlaub zu nehmen oder wenn du irgendwo \u00fcbernachtest. Nach dem Gebrauch eignet sich der Schlafsack f\u00fcr die W\u00e4sche in der Waschmaschine. Wir empfehlen, ihn nicht zu schleudern und an der Luft trocknen zu lassen. Einfach und praktisch in der mitgelieferten Kompressionsh\u00fclle zu verstauen.<\/p>\n<p>Details: 2-lagige Konstruktion, zugfeste Sch\u00fcrze hinter dem Rei\u00dfverschluss, Dokumententasche, Kompressionsh\u00fclle.<\/p>\n<p>Ma\u00dfe: 210 x 80 cm<br \/>\nAu\u00dfenbeschichtung: PES Soft touch Polyester 230 T.<br \/>\nInnenfutter: PES Soft Touch Polyester 210 T.<br \/>\nPolsterung: 400 gr \/ m\u00b2 SLII Hohlfaser, 2-lagige Konstruktion.<br \/>\nGewicht: 2500 gr.<\/p>\n<p>Temperaturbereich: 12\/6 \/ -12 \u00baC.<\/p>\n","protected":false},"excerpt":{"rendered":"<p>Komfortabler Schlafsack Modell Decke besteht aus speziell behandeltem Polyester (Pfirsich-Finish), das sehr weich und angenehm auf der Haut liegt, atmungsaktiv und wasserabweisend ist. Ausgestattet mit einer F\u00fcllung aus SLII-Hohlfaser (Supreme Loft II). Diese F\u00fcllung sorgt daf\u00fcr, dass Sie nachts angenehm warm bleiben. Der beste Komfort bzw. die beste Raumtemperatur dieses Schlafsacks liegt bei ca. +4 [&hellip;]<\/p>\n","protected":false},"featured_media":188540,"template":"","meta":{"_acf_changed":false},"product_featured_cat":[],"product_brand":[3075],"product_cat":[4454],"product_tag":[],"class_list":{"0":"post-188546","1":"product","2":"type-product","3":"status-publish","4":"has-post-thumbnail","6":"product_brand-eurotrail-de","7":"product_cat-deckenschlafsaecke","9":"first","10":"instock","11":"taxable","12":"shipping-taxable","13":"purchasable","14":"product-type-simple"},"acf":[],"yoast_head":"<!-- This site is optimized with the Yoast SEO plugin v27.4 - https:\/\/yoast.com\/product\/yoast-seo-wordpress\/ -->\n<title>CHILI \u2013 Schlafsack - Bantam Camping AG<\/title>\n<meta name=\"robots\" content=\"index, follow, max-snippet:-1, max-image-preview:large, max-video-preview:-1\" \/>\n<link rel=\"canonical\" href=\"https:\/\/shop.bantam.ch\/de\/produkt\/chili-schlafsack\/\" \/>\n<meta property=\"og:locale\" content=\"de_DE\" \/>\n<meta property=\"og:type\" content=\"article\" \/>\n<meta property=\"og:title\" content=\"CHILI \u2013 Schlafsack - Bantam Camping AG\" \/>\n<meta property=\"og:description\" content=\"Komfortabler Schlafsack Modell Decke besteht aus speziell behandeltem Polyester (Pfirsich-Finish), das sehr weich und angenehm auf der Haut liegt, atmungsaktiv und wasserabweisend ist. Ausgestattet mit einer F\u00fcllung aus SLII-Hohlfaser (Supreme Loft II). Diese F\u00fcllung sorgt daf\u00fcr, dass Sie nachts angenehm warm bleiben. Der beste Komfort bzw. die beste Raumtemperatur dieses Schlafsacks liegt bei ca. +4 [&hellip;]\" \/>\n<meta property=\"og:url\" content=\"https:\/\/shop.bantam.ch\/de\/produkt\/chili-schlafsack\/\" \/>\n<meta property=\"og:site_name\" content=\"Bantam Camping AG\" \/>\n<meta property=\"article:modified_time\" content=\"2026-04-18T20:55:36+00:00\" \/>\n<meta property=\"og:image\" content=\"https:\/\/shop.bantam.ch\/wp-content\/uploads\/2023\/12\/ETSB0806-1_600px-1.jpg\" \/>\n\t<meta property=\"og:image:width\" content=\"600\" \/>\n\t<meta property=\"og:image:height\" content=\"333\" \/>\n\t<meta property=\"og:image:type\" content=\"image\/jpeg\" \/>\n<meta name=\"twitter:card\" content=\"summary_large_image\" \/>\n<meta name=\"twitter:label1\" content=\"Gesch\u00e4tzte Lesezeit\" \/>\n\t<meta name=\"twitter:data1\" content=\"1\u00a0Minute\" \/>\n<script type=\"application\/ld+json\" class=\"yoast-schema-graph\">{\"@context\":\"https:\\\/\\\/schema.org\",\"@graph\":[{\"@type\":\"WebPage\",\"@id\":\"https:\\\/\\\/shop.bantam.ch\\\/de\\\/produkt\\\/chili-schlafsack\\\/\",\"url\":\"https:\\\/\\\/shop.bantam.ch\\\/de\\\/produkt\\\/chili-schlafsack\\\/\",\"name\":\"CHILI \u2013 Schlafsack - Bantam Camping AG\",\"isPartOf\":{\"@id\":\"https:\\\/\\\/shop.bantam.ch\\\/de\\\/#website\"},\"primaryImageOfPage\":{\"@id\":\"https:\\\/\\\/shop.bantam.ch\\\/de\\\/produkt\\\/chili-schlafsack\\\/#primaryimage\"},\"image\":{\"@id\":\"https:\\\/\\\/shop.bantam.ch\\\/de\\\/produkt\\\/chili-schlafsack\\\/#primaryimage\"},\"thumbnailUrl\":\"https:\\\/\\\/shop.bantam.ch\\\/wp-content\\\/uploads\\\/2023\\\/12\\\/ETSB0806-1_600px-1.jpg\",\"datePublished\":\"2023-12-19T16:30:12+00:00\",\"dateModified\":\"2026-04-18T20:55:36+00:00\",\"breadcrumb\":{\"@id\":\"https:\\\/\\\/shop.bantam.ch\\\/de\\\/produkt\\\/chili-schlafsack\\\/#breadcrumb\"},\"inLanguage\":\"de\",\"potentialAction\":[{\"@type\":\"ReadAction\",\"target\":[\"https:\\\/\\\/shop.bantam.ch\\\/de\\\/produkt\\\/chili-schlafsack\\\/\"]}]},{\"@type\":\"ImageObject\",\"inLanguage\":\"de\",\"@id\":\"https:\\\/\\\/shop.bantam.ch\\\/de\\\/produkt\\\/chili-schlafsack\\\/#primaryimage\",\"url\":\"https:\\\/\\\/shop.bantam.ch\\\/wp-content\\\/uploads\\\/2023\\\/12\\\/ETSB0806-1_600px-1.jpg\",\"contentUrl\":\"https:\\\/\\\/shop.bantam.ch\\\/wp-content\\\/uploads\\\/2023\\\/12\\\/ETSB0806-1_600px-1.jpg\",\"width\":600,\"height\":333},{\"@type\":\"BreadcrumbList\",\"@id\":\"https:\\\/\\\/shop.bantam.ch\\\/de\\\/produkt\\\/chili-schlafsack\\\/#breadcrumb\",\"itemListElement\":[{\"@type\":\"ListItem\",\"position\":1,\"name\":\"Accueil\",\"item\":\"https:\\\/\\\/shop.bantam.ch\\\/de\\\/\"},{\"@type\":\"ListItem\",\"position\":2,\"name\":\"Shop\",\"item\":\"https:\\\/\\\/shop.bantam.ch\\\/de\\\/shop\\\/\"},{\"@type\":\"ListItem\",\"position\":3,\"name\":\"CHILI \u2013 Schlafsack\"}]},{\"@type\":\"WebSite\",\"@id\":\"https:\\\/\\\/shop.bantam.ch\\\/de\\\/#website\",\"url\":\"https:\\\/\\\/shop.bantam.ch\\\/de\\\/\",\"name\":\"Bantam Camping AG\",\"description\":\"\",\"publisher\":{\"@id\":\"https:\\\/\\\/shop.bantam.ch\\\/de\\\/#organization\"},\"inLanguage\":\"de\"},{\"@type\":\"Organization\",\"@id\":\"https:\\\/\\\/shop.bantam.ch\\\/de\\\/#organization\",\"name\":\"Bantam Camping AG\",\"url\":\"https:\\\/\\\/shop.bantam.ch\\\/de\\\/\",\"logo\":{\"@type\":\"ImageObject\",\"inLanguage\":\"de\",\"@id\":\"https:\\\/\\\/shop.bantam.ch\\\/de\\\/#\\\/schema\\\/logo\\\/image\\\/\",\"url\":\"https:\\\/\\\/shop.bantam.ch\\\/wp-content\\\/uploads\\\/2022\\\/12\\\/bantam-logo.png\",\"contentUrl\":\"https:\\\/\\\/shop.bantam.ch\\\/wp-content\\\/uploads\\\/2022\\\/12\\\/bantam-logo.png\",\"width\":320,\"height\":71,\"caption\":\"Bantam Camping AG\"},\"image\":{\"@id\":\"https:\\\/\\\/shop.bantam.ch\\\/de\\\/#\\\/schema\\\/logo\\\/image\\\/\"}}]}<\/script>\n<!-- \/ Yoast SEO plugin. -->","yoast_head_json":{"title":"CHILI \u2013 Schlafsack - Bantam Camping AG","robots":{"index":"index","follow":"follow","max-snippet":"max-snippet:-1","max-image-preview":"max-image-preview:large","max-video-preview":"max-video-preview:-1"},"canonical":"https:\/\/shop.bantam.ch\/de\/produkt\/chili-schlafsack\/","og_locale":"de_DE","og_type":"article","og_title":"CHILI \u2013 Schlafsack - Bantam Camping AG","og_description":"Komfortabler Schlafsack Modell Decke besteht aus speziell behandeltem Polyester (Pfirsich-Finish), das sehr weich und angenehm auf der Haut liegt, atmungsaktiv und wasserabweisend ist. Ausgestattet mit einer F\u00fcllung aus SLII-Hohlfaser (Supreme Loft II). Diese F\u00fcllung sorgt daf\u00fcr, dass Sie nachts angenehm warm bleiben. Der beste Komfort bzw. die beste Raumtemperatur dieses Schlafsacks liegt bei ca. +4 [&hellip;]","og_url":"https:\/\/shop.bantam.ch\/de\/produkt\/chili-schlafsack\/","og_site_name":"Bantam Camping AG","article_modified_time":"2026-04-18T20:55:36+00:00","og_image":[{"width":600,"height":333,"url":"https:\/\/shop.bantam.ch\/wp-content\/uploads\/2023\/12\/ETSB0806-1_600px-1.jpg","type":"image\/jpeg"}],"twitter_card":"summary_large_image","twitter_misc":{"Gesch\u00e4tzte Lesezeit":"1\u00a0Minute"},"schema":{"@context":"https:\/\/schema.org","@graph":[{"@type":"WebPage","@id":"https:\/\/shop.bantam.ch\/de\/produkt\/chili-schlafsack\/","url":"https:\/\/shop.bantam.ch\/de\/produkt\/chili-schlafsack\/","name":"CHILI \u2013 Schlafsack - Bantam Camping AG","isPartOf":{"@id":"https:\/\/shop.bantam.ch\/de\/#website"},"primaryImageOfPage":{"@id":"https:\/\/shop.bantam.ch\/de\/produkt\/chili-schlafsack\/#primaryimage"},"image":{"@id":"https:\/\/shop.bantam.ch\/de\/produkt\/chili-schlafsack\/#primaryimage"},"thumbnailUrl":"https:\/\/shop.bantam.ch\/wp-content\/uploads\/2023\/12\/ETSB0806-1_600px-1.jpg","datePublished":"2023-12-19T16:30:12+00:00","dateModified":"2026-04-18T20:55:36+00:00","breadcrumb":{"@id":"https:\/\/shop.bantam.ch\/de\/produkt\/chili-schlafsack\/#breadcrumb"},"inLanguage":"de","potentialAction":[{"@type":"ReadAction","target":["https:\/\/shop.bantam.ch\/de\/produkt\/chili-schlafsack\/"]}]},{"@type":"ImageObject","inLanguage":"de","@id":"https:\/\/shop.bantam.ch\/de\/produkt\/chili-schlafsack\/#primaryimage","url":"https:\/\/shop.bantam.ch\/wp-content\/uploads\/2023\/12\/ETSB0806-1_600px-1.jpg","contentUrl":"https:\/\/shop.bantam.ch\/wp-content\/uploads\/2023\/12\/ETSB0806-1_600px-1.jpg","width":600,"height":333},{"@type":"BreadcrumbList","@id":"https:\/\/shop.bantam.ch\/de\/produkt\/chili-schlafsack\/#breadcrumb","itemListElement":[{"@type":"ListItem","position":1,"name":"Accueil","item":"https:\/\/shop.bantam.ch\/de\/"},{"@type":"ListItem","position":2,"name":"Shop","item":"https:\/\/shop.bantam.ch\/de\/shop\/"},{"@type":"ListItem","position":3,"name":"CHILI \u2013 Schlafsack"}]},{"@type":"WebSite","@id":"https:\/\/shop.bantam.ch\/de\/#website","url":"https:\/\/shop.bantam.ch\/de\/","name":"Bantam Camping AG","description":"","publisher":{"@id":"https:\/\/shop.bantam.ch\/de\/#organization"},"inLanguage":"de"},{"@type":"Organization","@id":"https:\/\/shop.bantam.ch\/de\/#organization","name":"Bantam Camping AG","url":"https:\/\/shop.bantam.ch\/de\/","logo":{"@type":"ImageObject","inLanguage":"de","@id":"https:\/\/shop.bantam.ch\/de\/#\/schema\/logo\/image\/","url":"https:\/\/shop.bantam.ch\/wp-content\/uploads\/2022\/12\/bantam-logo.png","contentUrl":"https:\/\/shop.bantam.ch\/wp-content\/uploads\/2022\/12\/bantam-logo.png","width":320,"height":71,"caption":"Bantam Camping AG"},"image":{"@id":"https:\/\/shop.bantam.ch\/de\/#\/schema\/logo\/image\/"}}]}},"_links":{"self":[{"href":"https:\/\/shop.bantam.ch\/de\/wp-json\/wp\/v2\/product\/188546","targetHints":{"allow":["GET"]}}],"collection":[{"href":"https:\/\/shop.bantam.ch\/de\/wp-json\/wp\/v2\/product"}],"about":[{"href":"https:\/\/shop.bantam.ch\/de\/wp-json\/wp\/v2\/types\/product"}],"wp:featuredmedia":[{"embeddable":true,"href":"https:\/\/shop.bantam.ch\/de\/wp-json\/wp\/v2\/media\/188540"}],"wp:attachment":[{"href":"https:\/\/shop.bantam.ch\/de\/wp-json\/wp\/v2\/media?parent=188546"}],"wp:term":[{"taxonomy":"product_featured_cat","embeddable":true,"href":"https:\/\/shop.bantam.ch\/de\/wp-json\/wp\/v2\/product_featured_cat?post=188546"},{"taxonomy":"product_brand","embeddable":true,"href":"https:\/\/shop.bantam.ch\/de\/wp-json\/wp\/v2\/product_brand?post=188546"},{"taxonomy":"product_cat","embeddable":true,"href":"https:\/\/shop.bantam.ch\/de\/wp-json\/wp\/v2\/product_cat?post=188546"},{"taxonomy":"product_tag","embeddable":true,"href":"https:\/\/shop.bantam.ch\/de\/wp-json\/wp\/v2\/product_tag?post=188546"}],"curies":[{"name":"wp","href":"https:\/\/api.w.org\/{rel}","templated":true}]}}