{"id":188538,"date":"2023-12-19T17:26:01","date_gmt":"2023-12-19T16:26:01","guid":{"rendered":"https:\/\/shop.bantam.ch\/produit\/chili-junior-schlafsack-blau-grau\/"},"modified":"2026-04-18T22:55:35","modified_gmt":"2026-04-18T20:55:35","slug":"chili-junior-schlafsack-blau-grau","status":"publish","type":"product","link":"https:\/\/shop.bantam.ch\/de\/produkt\/chili-junior-schlafsack-blau-grau\/","title":{"rendered":"CHILI Junior &#8211; Schlafsack"},"content":{"rendered":"<p>Dieser komfortable Junior-Schlafsack ist ein Deckenmodell aus speziell behandeltem Polyester, das sehr weich und angenehm auf der Haut liegt, atmungsaktiv und wasserabweisend ist. Ausgestattet mit einer F\u00fcllung aus SLII-Hohlfaser (Supreme Loft II). Diese F\u00fcllung sorgt daf\u00fcr, dass Sie nachts angenehm warm sind. Die beste Komfort- oder Raumtemperatur dieses Schlafsacks liegt bei etwa +6 \u00b0 C.<\/p>\n<p>Der Chili-Schlafsack kann mit einem Rei\u00dfverschluss versehen werden, wodurch er sich leicht zu einem Doppelschlafsack kombinieren l\u00e4sst. Der ideale Schlafsack, um ihn mit in den Campingurlaub zu nehmen oder wenn du irgendwo \u00fcbernachtest. Nach dem Gebrauch ist der Schlafsack f\u00fcr die Maschinenw\u00e4sche geeignet. Wir empfehlen, ihn nicht zu schleudern und an der Luft trocknen zu lassen. Einfach und praktisch in der mitgelieferten Kompressionsh\u00fclle zu verstauen.<\/p>\n<p>Details: 2-lagige Konstruktion, Zugluftschutz hinter dem Rei\u00dfverschluss, Dokumententasche, Kompressionsh\u00fclle.<\/p>\n<p>Ma\u00dfe: 170 x 70 cm<br \/>\nAu\u00dfenbeschichtung: PES Soft touch Polyester 230 T.<br \/>\nInnenfutter: PES Soft Touch Polyester 210 T.<br \/>\nPolsterung: 200 gr \/ m\u00b2 SLII Hohlfaser, 2-lagige Konstruktion.<br \/>\nKomfort Temperatur: -6 \u00b0 C.<br \/>\nGewicht: 1700 gr.<br \/>\nTemperaturbereich: 12 \/ -6 \/ -12 \u00baC<\/p>\n","protected":false},"excerpt":{"rendered":"<p>Dieser komfortable Junior-Schlafsack ist ein Deckenmodell aus speziell behandeltem Polyester, das sehr weich und angenehm auf der Haut liegt, atmungsaktiv und wasserabweisend ist. Ausgestattet mit einer F\u00fcllung aus SLII-Hohlfaser (Supreme Loft II). Diese F\u00fcllung sorgt daf\u00fcr, dass Sie nachts angenehm warm sind. Die beste Komfort- oder Raumtemperatur dieses Schlafsacks liegt bei etwa +6 \u00b0 C. [&hellip;]<\/p>\n","protected":false},"featured_media":188532,"template":"","meta":{"_acf_changed":false},"product_featured_cat":[5301,5302],"product_brand":[3075],"product_cat":[4454],"product_tag":[],"class_list":{"0":"post-188538","1":"product","2":"type-product","3":"status-publish","4":"has-post-thumbnail","6":"product_featured_cat-promotions-etagnieres-fr","7":"product_featured_cat-sonderangebote-hindelbank-urdorf","8":"product_brand-eurotrail-de","9":"product_cat-deckenschlafsaecke","11":"first","12":"instock","13":"sale","14":"taxable","15":"shipping-taxable","16":"purchasable","17":"product-type-simple"},"acf":[],"yoast_head":"<!-- This site is optimized with the Yoast SEO plugin v27.4 - https:\/\/yoast.com\/product\/yoast-seo-wordpress\/ -->\n<title>CHILI Junior - Schlafsack - Bantam Camping AG<\/title>\n<meta name=\"robots\" content=\"index, follow, max-snippet:-1, max-image-preview:large, max-video-preview:-1\" \/>\n<link rel=\"canonical\" href=\"https:\/\/shop.bantam.ch\/de\/produkt\/chili-junior-schlafsack-blau-grau\/\" \/>\n<meta property=\"og:locale\" content=\"de_DE\" \/>\n<meta property=\"og:type\" content=\"article\" \/>\n<meta property=\"og:title\" content=\"CHILI Junior - Schlafsack - Bantam Camping AG\" \/>\n<meta property=\"og:description\" content=\"Dieser komfortable Junior-Schlafsack ist ein Deckenmodell aus speziell behandeltem Polyester, das sehr weich und angenehm auf der Haut liegt, atmungsaktiv und wasserabweisend ist. Ausgestattet mit einer F\u00fcllung aus SLII-Hohlfaser (Supreme Loft II). Diese F\u00fcllung sorgt daf\u00fcr, dass Sie nachts angenehm warm sind. Die beste Komfort- oder Raumtemperatur dieses Schlafsacks liegt bei etwa +6 \u00b0 C. [&hellip;]\" \/>\n<meta property=\"og:url\" content=\"https:\/\/shop.bantam.ch\/de\/produkt\/chili-junior-schlafsack-blau-grau\/\" \/>\n<meta property=\"og:site_name\" content=\"Bantam Camping AG\" \/>\n<meta property=\"article:modified_time\" content=\"2026-04-18T20:55:35+00:00\" \/>\n<meta property=\"og:image\" content=\"https:\/\/shop.bantam.ch\/wp-content\/uploads\/2023\/12\/ETSB0806-1_600px.jpg\" \/>\n\t<meta property=\"og:image:width\" content=\"600\" \/>\n\t<meta property=\"og:image:height\" content=\"333\" \/>\n\t<meta property=\"og:image:type\" content=\"image\/jpeg\" \/>\n<meta name=\"twitter:card\" content=\"summary_large_image\" \/>\n<meta name=\"twitter:label1\" content=\"Gesch\u00e4tzte Lesezeit\" \/>\n\t<meta name=\"twitter:data1\" content=\"1\u00a0Minute\" \/>\n<script type=\"application\/ld+json\" class=\"yoast-schema-graph\">{\"@context\":\"https:\\\/\\\/schema.org\",\"@graph\":[{\"@type\":\"WebPage\",\"@id\":\"https:\\\/\\\/shop.bantam.ch\\\/de\\\/produkt\\\/chili-junior-schlafsack-blau-grau\\\/\",\"url\":\"https:\\\/\\\/shop.bantam.ch\\\/de\\\/produkt\\\/chili-junior-schlafsack-blau-grau\\\/\",\"name\":\"CHILI Junior - Schlafsack - Bantam Camping AG\",\"isPartOf\":{\"@id\":\"https:\\\/\\\/shop.bantam.ch\\\/de\\\/#website\"},\"primaryImageOfPage\":{\"@id\":\"https:\\\/\\\/shop.bantam.ch\\\/de\\\/produkt\\\/chili-junior-schlafsack-blau-grau\\\/#primaryimage\"},\"image\":{\"@id\":\"https:\\\/\\\/shop.bantam.ch\\\/de\\\/produkt\\\/chili-junior-schlafsack-blau-grau\\\/#primaryimage\"},\"thumbnailUrl\":\"https:\\\/\\\/shop.bantam.ch\\\/wp-content\\\/uploads\\\/2023\\\/12\\\/ETSB0806-1_600px.jpg\",\"datePublished\":\"2023-12-19T16:26:01+00:00\",\"dateModified\":\"2026-04-18T20:55:35+00:00\",\"breadcrumb\":{\"@id\":\"https:\\\/\\\/shop.bantam.ch\\\/de\\\/produkt\\\/chili-junior-schlafsack-blau-grau\\\/#breadcrumb\"},\"inLanguage\":\"de\",\"potentialAction\":[{\"@type\":\"ReadAction\",\"target\":[\"https:\\\/\\\/shop.bantam.ch\\\/de\\\/produkt\\\/chili-junior-schlafsack-blau-grau\\\/\"]}]},{\"@type\":\"ImageObject\",\"inLanguage\":\"de\",\"@id\":\"https:\\\/\\\/shop.bantam.ch\\\/de\\\/produkt\\\/chili-junior-schlafsack-blau-grau\\\/#primaryimage\",\"url\":\"https:\\\/\\\/shop.bantam.ch\\\/wp-content\\\/uploads\\\/2023\\\/12\\\/ETSB0806-1_600px.jpg\",\"contentUrl\":\"https:\\\/\\\/shop.bantam.ch\\\/wp-content\\\/uploads\\\/2023\\\/12\\\/ETSB0806-1_600px.jpg\",\"width\":600,\"height\":333},{\"@type\":\"BreadcrumbList\",\"@id\":\"https:\\\/\\\/shop.bantam.ch\\\/de\\\/produkt\\\/chili-junior-schlafsack-blau-grau\\\/#breadcrumb\",\"itemListElement\":[{\"@type\":\"ListItem\",\"position\":1,\"name\":\"Accueil\",\"item\":\"https:\\\/\\\/shop.bantam.ch\\\/de\\\/\"},{\"@type\":\"ListItem\",\"position\":2,\"name\":\"Shop\",\"item\":\"https:\\\/\\\/shop.bantam.ch\\\/de\\\/shop\\\/\"},{\"@type\":\"ListItem\",\"position\":3,\"name\":\"CHILI Junior &#8211; Schlafsack\"}]},{\"@type\":\"WebSite\",\"@id\":\"https:\\\/\\\/shop.bantam.ch\\\/de\\\/#website\",\"url\":\"https:\\\/\\\/shop.bantam.ch\\\/de\\\/\",\"name\":\"Bantam Camping AG\",\"description\":\"\",\"publisher\":{\"@id\":\"https:\\\/\\\/shop.bantam.ch\\\/de\\\/#organization\"},\"inLanguage\":\"de\"},{\"@type\":\"Organization\",\"@id\":\"https:\\\/\\\/shop.bantam.ch\\\/de\\\/#organization\",\"name\":\"Bantam Camping AG\",\"url\":\"https:\\\/\\\/shop.bantam.ch\\\/de\\\/\",\"logo\":{\"@type\":\"ImageObject\",\"inLanguage\":\"de\",\"@id\":\"https:\\\/\\\/shop.bantam.ch\\\/de\\\/#\\\/schema\\\/logo\\\/image\\\/\",\"url\":\"https:\\\/\\\/shop.bantam.ch\\\/wp-content\\\/uploads\\\/2022\\\/12\\\/bantam-logo.png\",\"contentUrl\":\"https:\\\/\\\/shop.bantam.ch\\\/wp-content\\\/uploads\\\/2022\\\/12\\\/bantam-logo.png\",\"width\":320,\"height\":71,\"caption\":\"Bantam Camping AG\"},\"image\":{\"@id\":\"https:\\\/\\\/shop.bantam.ch\\\/de\\\/#\\\/schema\\\/logo\\\/image\\\/\"}}]}<\/script>\n<!-- \/ Yoast SEO plugin. -->","yoast_head_json":{"title":"CHILI Junior - Schlafsack - Bantam Camping AG","robots":{"index":"index","follow":"follow","max-snippet":"max-snippet:-1","max-image-preview":"max-image-preview:large","max-video-preview":"max-video-preview:-1"},"canonical":"https:\/\/shop.bantam.ch\/de\/produkt\/chili-junior-schlafsack-blau-grau\/","og_locale":"de_DE","og_type":"article","og_title":"CHILI Junior - Schlafsack - Bantam Camping AG","og_description":"Dieser komfortable Junior-Schlafsack ist ein Deckenmodell aus speziell behandeltem Polyester, das sehr weich und angenehm auf der Haut liegt, atmungsaktiv und wasserabweisend ist. Ausgestattet mit einer F\u00fcllung aus SLII-Hohlfaser (Supreme Loft II). Diese F\u00fcllung sorgt daf\u00fcr, dass Sie nachts angenehm warm sind. Die beste Komfort- oder Raumtemperatur dieses Schlafsacks liegt bei etwa +6 \u00b0 C. [&hellip;]","og_url":"https:\/\/shop.bantam.ch\/de\/produkt\/chili-junior-schlafsack-blau-grau\/","og_site_name":"Bantam Camping AG","article_modified_time":"2026-04-18T20:55:35+00:00","og_image":[{"width":600,"height":333,"url":"https:\/\/shop.bantam.ch\/wp-content\/uploads\/2023\/12\/ETSB0806-1_600px.jpg","type":"image\/jpeg"}],"twitter_card":"summary_large_image","twitter_misc":{"Gesch\u00e4tzte Lesezeit":"1\u00a0Minute"},"schema":{"@context":"https:\/\/schema.org","@graph":[{"@type":"WebPage","@id":"https:\/\/shop.bantam.ch\/de\/produkt\/chili-junior-schlafsack-blau-grau\/","url":"https:\/\/shop.bantam.ch\/de\/produkt\/chili-junior-schlafsack-blau-grau\/","name":"CHILI Junior - Schlafsack - Bantam Camping AG","isPartOf":{"@id":"https:\/\/shop.bantam.ch\/de\/#website"},"primaryImageOfPage":{"@id":"https:\/\/shop.bantam.ch\/de\/produkt\/chili-junior-schlafsack-blau-grau\/#primaryimage"},"image":{"@id":"https:\/\/shop.bantam.ch\/de\/produkt\/chili-junior-schlafsack-blau-grau\/#primaryimage"},"thumbnailUrl":"https:\/\/shop.bantam.ch\/wp-content\/uploads\/2023\/12\/ETSB0806-1_600px.jpg","datePublished":"2023-12-19T16:26:01+00:00","dateModified":"2026-04-18T20:55:35+00:00","breadcrumb":{"@id":"https:\/\/shop.bantam.ch\/de\/produkt\/chili-junior-schlafsack-blau-grau\/#breadcrumb"},"inLanguage":"de","potentialAction":[{"@type":"ReadAction","target":["https:\/\/shop.bantam.ch\/de\/produkt\/chili-junior-schlafsack-blau-grau\/"]}]},{"@type":"ImageObject","inLanguage":"de","@id":"https:\/\/shop.bantam.ch\/de\/produkt\/chili-junior-schlafsack-blau-grau\/#primaryimage","url":"https:\/\/shop.bantam.ch\/wp-content\/uploads\/2023\/12\/ETSB0806-1_600px.jpg","contentUrl":"https:\/\/shop.bantam.ch\/wp-content\/uploads\/2023\/12\/ETSB0806-1_600px.jpg","width":600,"height":333},{"@type":"BreadcrumbList","@id":"https:\/\/shop.bantam.ch\/de\/produkt\/chili-junior-schlafsack-blau-grau\/#breadcrumb","itemListElement":[{"@type":"ListItem","position":1,"name":"Accueil","item":"https:\/\/shop.bantam.ch\/de\/"},{"@type":"ListItem","position":2,"name":"Shop","item":"https:\/\/shop.bantam.ch\/de\/shop\/"},{"@type":"ListItem","position":3,"name":"CHILI Junior &#8211; Schlafsack"}]},{"@type":"WebSite","@id":"https:\/\/shop.bantam.ch\/de\/#website","url":"https:\/\/shop.bantam.ch\/de\/","name":"Bantam Camping AG","description":"","publisher":{"@id":"https:\/\/shop.bantam.ch\/de\/#organization"},"inLanguage":"de"},{"@type":"Organization","@id":"https:\/\/shop.bantam.ch\/de\/#organization","name":"Bantam Camping AG","url":"https:\/\/shop.bantam.ch\/de\/","logo":{"@type":"ImageObject","inLanguage":"de","@id":"https:\/\/shop.bantam.ch\/de\/#\/schema\/logo\/image\/","url":"https:\/\/shop.bantam.ch\/wp-content\/uploads\/2022\/12\/bantam-logo.png","contentUrl":"https:\/\/shop.bantam.ch\/wp-content\/uploads\/2022\/12\/bantam-logo.png","width":320,"height":71,"caption":"Bantam Camping AG"},"image":{"@id":"https:\/\/shop.bantam.ch\/de\/#\/schema\/logo\/image\/"}}]}},"_links":{"self":[{"href":"https:\/\/shop.bantam.ch\/de\/wp-json\/wp\/v2\/product\/188538","targetHints":{"allow":["GET"]}}],"collection":[{"href":"https:\/\/shop.bantam.ch\/de\/wp-json\/wp\/v2\/product"}],"about":[{"href":"https:\/\/shop.bantam.ch\/de\/wp-json\/wp\/v2\/types\/product"}],"wp:featuredmedia":[{"embeddable":true,"href":"https:\/\/shop.bantam.ch\/de\/wp-json\/wp\/v2\/media\/188532"}],"wp:attachment":[{"href":"https:\/\/shop.bantam.ch\/de\/wp-json\/wp\/v2\/media?parent=188538"}],"wp:term":[{"taxonomy":"product_featured_cat","embeddable":true,"href":"https:\/\/shop.bantam.ch\/de\/wp-json\/wp\/v2\/product_featured_cat?post=188538"},{"taxonomy":"product_brand","embeddable":true,"href":"https:\/\/shop.bantam.ch\/de\/wp-json\/wp\/v2\/product_brand?post=188538"},{"taxonomy":"product_cat","embeddable":true,"href":"https:\/\/shop.bantam.ch\/de\/wp-json\/wp\/v2\/product_cat?post=188538"},{"taxonomy":"product_tag","embeddable":true,"href":"https:\/\/shop.bantam.ch\/de\/wp-json\/wp\/v2\/product_tag?post=188538"}],"curies":[{"name":"wp","href":"https:\/\/api.w.org\/{rel}","templated":true}]}}