{"id":188530,"date":"2023-12-19T17:17:03","date_gmt":"2023-12-19T16:17:03","guid":{"rendered":"https:\/\/shop.bantam.ch\/produit\/matratze-relax-si-1-person\/"},"modified":"2026-04-18T22:55:35","modified_gmt":"2026-04-18T20:55:35","slug":"matratze-relax-si-1-person","status":"publish","type":"product","link":"https:\/\/shop.bantam.ch\/de\/produkt\/matratze-relax-si-1-person\/","title":{"rendered":"Matratze Relax SI &#8211; 2 Personen"},"content":{"rendered":"<p>Schlafmatratze f\u00fcr 2 Personen mit weichem Stretchmaterial (30D) auf der Oberseite, das bequem ist. Die Matratze ist selbstaufblasend und dank der gro\u00dfen Ventile in Sekundenschnelle gef\u00fcllt und einsatzbereit. Die Matratze ist 10 cm dick und bietet Ihnen einen au\u00dfergew\u00f6hnlichen Schlafkomfort &#8211; wie zu Hause!<br \/>\nWenn Sie eine harte Matratze bevorzugen, k\u00f6nnen Sie die Matratze ganz einfach mit einem Relax Si Pump ETIC0210 aufblasen (nicht im Lieferumfang enthalten!).<\/p>\n<p>Material: 100=-Stretch-Polyester, R\u00fcckseite 150D Poly \/ Oxford.<br \/>\nGr\u00f6\u00dfe: 201x132x10cm<br \/>\nVerpackt: \u00d830x65cm<br \/>\nGewicht: 6,5 kg.<\/p>\n","protected":false},"excerpt":{"rendered":"<p>Schlafmatratze f\u00fcr 2 Personen mit weichem Stretchmaterial (30D) auf der Oberseite, das bequem ist. Die Matratze ist selbstaufblasend und dank der gro\u00dfen Ventile in Sekundenschnelle gef\u00fcllt und einsatzbereit. Die Matratze ist 10 cm dick und bietet Ihnen einen au\u00dfergew\u00f6hnlichen Schlafkomfort &#8211; wie zu Hause! Wenn Sie eine harte Matratze bevorzugen, k\u00f6nnen Sie die Matratze ganz [&hellip;]<\/p>\n","protected":false},"featured_media":188526,"template":"","meta":{"_acf_changed":false},"product_featured_cat":[],"product_brand":[3075],"product_cat":[4454],"product_tag":[],"class_list":{"0":"post-188530","1":"product","2":"type-product","3":"status-publish","4":"has-post-thumbnail","6":"product_brand-eurotrail-de","7":"product_cat-deckenschlafsaecke","9":"first","10":"instock","11":"taxable","12":"shipping-taxable","13":"purchasable","14":"product-type-simple"},"acf":[],"yoast_head":"<!-- This site is optimized with the Yoast SEO plugin v27.4 - https:\/\/yoast.com\/product\/yoast-seo-wordpress\/ -->\n<title>Matratze Relax SI - 2 Personen - Bantam Camping AG<\/title>\n<meta name=\"robots\" content=\"index, follow, max-snippet:-1, max-image-preview:large, max-video-preview:-1\" \/>\n<link rel=\"canonical\" href=\"https:\/\/shop.bantam.ch\/de\/produkt\/matratze-relax-si-1-person\/\" \/>\n<meta property=\"og:locale\" content=\"de_DE\" \/>\n<meta property=\"og:type\" content=\"article\" \/>\n<meta property=\"og:title\" content=\"Matratze Relax SI - 2 Personen - Bantam Camping AG\" \/>\n<meta property=\"og:description\" content=\"Schlafmatratze f\u00fcr 2 Personen mit weichem Stretchmaterial (30D) auf der Oberseite, das bequem ist. Die Matratze ist selbstaufblasend und dank der gro\u00dfen Ventile in Sekundenschnelle gef\u00fcllt und einsatzbereit. Die Matratze ist 10 cm dick und bietet Ihnen einen au\u00dfergew\u00f6hnlichen Schlafkomfort &#8211; wie zu Hause! Wenn Sie eine harte Matratze bevorzugen, k\u00f6nnen Sie die Matratze ganz [&hellip;]\" \/>\n<meta property=\"og:url\" content=\"https:\/\/shop.bantam.ch\/de\/produkt\/matratze-relax-si-1-person\/\" \/>\n<meta property=\"og:site_name\" content=\"Bantam Camping AG\" \/>\n<meta property=\"article:modified_time\" content=\"2026-04-18T20:55:35+00:00\" \/>\n<meta property=\"og:image\" content=\"https:\/\/shop.bantam.ch\/wp-content\/uploads\/2023\/12\/ETIC0202-1_600px.jpg\" \/>\n\t<meta property=\"og:image:width\" content=\"600\" \/>\n\t<meta property=\"og:image:height\" content=\"547\" \/>\n\t<meta property=\"og:image:type\" content=\"image\/jpeg\" \/>\n<meta name=\"twitter:card\" content=\"summary_large_image\" \/>\n<script type=\"application\/ld+json\" class=\"yoast-schema-graph\">{\"@context\":\"https:\\\/\\\/schema.org\",\"@graph\":[{\"@type\":\"WebPage\",\"@id\":\"https:\\\/\\\/shop.bantam.ch\\\/de\\\/produkt\\\/matratze-relax-si-1-person\\\/\",\"url\":\"https:\\\/\\\/shop.bantam.ch\\\/de\\\/produkt\\\/matratze-relax-si-1-person\\\/\",\"name\":\"Matratze Relax SI - 2 Personen - Bantam Camping AG\",\"isPartOf\":{\"@id\":\"https:\\\/\\\/shop.bantam.ch\\\/de\\\/#website\"},\"primaryImageOfPage\":{\"@id\":\"https:\\\/\\\/shop.bantam.ch\\\/de\\\/produkt\\\/matratze-relax-si-1-person\\\/#primaryimage\"},\"image\":{\"@id\":\"https:\\\/\\\/shop.bantam.ch\\\/de\\\/produkt\\\/matratze-relax-si-1-person\\\/#primaryimage\"},\"thumbnailUrl\":\"https:\\\/\\\/shop.bantam.ch\\\/wp-content\\\/uploads\\\/2023\\\/12\\\/ETIC0202-1_600px.jpg\",\"datePublished\":\"2023-12-19T16:17:03+00:00\",\"dateModified\":\"2026-04-18T20:55:35+00:00\",\"breadcrumb\":{\"@id\":\"https:\\\/\\\/shop.bantam.ch\\\/de\\\/produkt\\\/matratze-relax-si-1-person\\\/#breadcrumb\"},\"inLanguage\":\"de\",\"potentialAction\":[{\"@type\":\"ReadAction\",\"target\":[\"https:\\\/\\\/shop.bantam.ch\\\/de\\\/produkt\\\/matratze-relax-si-1-person\\\/\"]}]},{\"@type\":\"ImageObject\",\"inLanguage\":\"de\",\"@id\":\"https:\\\/\\\/shop.bantam.ch\\\/de\\\/produkt\\\/matratze-relax-si-1-person\\\/#primaryimage\",\"url\":\"https:\\\/\\\/shop.bantam.ch\\\/wp-content\\\/uploads\\\/2023\\\/12\\\/ETIC0202-1_600px.jpg\",\"contentUrl\":\"https:\\\/\\\/shop.bantam.ch\\\/wp-content\\\/uploads\\\/2023\\\/12\\\/ETIC0202-1_600px.jpg\",\"width\":600,\"height\":547},{\"@type\":\"BreadcrumbList\",\"@id\":\"https:\\\/\\\/shop.bantam.ch\\\/de\\\/produkt\\\/matratze-relax-si-1-person\\\/#breadcrumb\",\"itemListElement\":[{\"@type\":\"ListItem\",\"position\":1,\"name\":\"Accueil\",\"item\":\"https:\\\/\\\/shop.bantam.ch\\\/de\\\/\"},{\"@type\":\"ListItem\",\"position\":2,\"name\":\"Shop\",\"item\":\"https:\\\/\\\/shop.bantam.ch\\\/de\\\/shop\\\/\"},{\"@type\":\"ListItem\",\"position\":3,\"name\":\"Matratze Relax SI &#8211; 2 Personen\"}]},{\"@type\":\"WebSite\",\"@id\":\"https:\\\/\\\/shop.bantam.ch\\\/de\\\/#website\",\"url\":\"https:\\\/\\\/shop.bantam.ch\\\/de\\\/\",\"name\":\"Bantam Camping AG\",\"description\":\"\",\"publisher\":{\"@id\":\"https:\\\/\\\/shop.bantam.ch\\\/de\\\/#organization\"},\"inLanguage\":\"de\"},{\"@type\":\"Organization\",\"@id\":\"https:\\\/\\\/shop.bantam.ch\\\/de\\\/#organization\",\"name\":\"Bantam Camping AG\",\"url\":\"https:\\\/\\\/shop.bantam.ch\\\/de\\\/\",\"logo\":{\"@type\":\"ImageObject\",\"inLanguage\":\"de\",\"@id\":\"https:\\\/\\\/shop.bantam.ch\\\/de\\\/#\\\/schema\\\/logo\\\/image\\\/\",\"url\":\"https:\\\/\\\/shop.bantam.ch\\\/wp-content\\\/uploads\\\/2022\\\/12\\\/bantam-logo.png\",\"contentUrl\":\"https:\\\/\\\/shop.bantam.ch\\\/wp-content\\\/uploads\\\/2022\\\/12\\\/bantam-logo.png\",\"width\":320,\"height\":71,\"caption\":\"Bantam Camping AG\"},\"image\":{\"@id\":\"https:\\\/\\\/shop.bantam.ch\\\/de\\\/#\\\/schema\\\/logo\\\/image\\\/\"}}]}<\/script>\n<!-- \/ Yoast SEO plugin. -->","yoast_head_json":{"title":"Matratze Relax SI - 2 Personen - Bantam Camping AG","robots":{"index":"index","follow":"follow","max-snippet":"max-snippet:-1","max-image-preview":"max-image-preview:large","max-video-preview":"max-video-preview:-1"},"canonical":"https:\/\/shop.bantam.ch\/de\/produkt\/matratze-relax-si-1-person\/","og_locale":"de_DE","og_type":"article","og_title":"Matratze Relax SI - 2 Personen - Bantam Camping AG","og_description":"Schlafmatratze f\u00fcr 2 Personen mit weichem Stretchmaterial (30D) auf der Oberseite, das bequem ist. Die Matratze ist selbstaufblasend und dank der gro\u00dfen Ventile in Sekundenschnelle gef\u00fcllt und einsatzbereit. Die Matratze ist 10 cm dick und bietet Ihnen einen au\u00dfergew\u00f6hnlichen Schlafkomfort &#8211; wie zu Hause! Wenn Sie eine harte Matratze bevorzugen, k\u00f6nnen Sie die Matratze ganz [&hellip;]","og_url":"https:\/\/shop.bantam.ch\/de\/produkt\/matratze-relax-si-1-person\/","og_site_name":"Bantam Camping AG","article_modified_time":"2026-04-18T20:55:35+00:00","og_image":[{"width":600,"height":547,"url":"https:\/\/shop.bantam.ch\/wp-content\/uploads\/2023\/12\/ETIC0202-1_600px.jpg","type":"image\/jpeg"}],"twitter_card":"summary_large_image","schema":{"@context":"https:\/\/schema.org","@graph":[{"@type":"WebPage","@id":"https:\/\/shop.bantam.ch\/de\/produkt\/matratze-relax-si-1-person\/","url":"https:\/\/shop.bantam.ch\/de\/produkt\/matratze-relax-si-1-person\/","name":"Matratze Relax SI - 2 Personen - Bantam Camping AG","isPartOf":{"@id":"https:\/\/shop.bantam.ch\/de\/#website"},"primaryImageOfPage":{"@id":"https:\/\/shop.bantam.ch\/de\/produkt\/matratze-relax-si-1-person\/#primaryimage"},"image":{"@id":"https:\/\/shop.bantam.ch\/de\/produkt\/matratze-relax-si-1-person\/#primaryimage"},"thumbnailUrl":"https:\/\/shop.bantam.ch\/wp-content\/uploads\/2023\/12\/ETIC0202-1_600px.jpg","datePublished":"2023-12-19T16:17:03+00:00","dateModified":"2026-04-18T20:55:35+00:00","breadcrumb":{"@id":"https:\/\/shop.bantam.ch\/de\/produkt\/matratze-relax-si-1-person\/#breadcrumb"},"inLanguage":"de","potentialAction":[{"@type":"ReadAction","target":["https:\/\/shop.bantam.ch\/de\/produkt\/matratze-relax-si-1-person\/"]}]},{"@type":"ImageObject","inLanguage":"de","@id":"https:\/\/shop.bantam.ch\/de\/produkt\/matratze-relax-si-1-person\/#primaryimage","url":"https:\/\/shop.bantam.ch\/wp-content\/uploads\/2023\/12\/ETIC0202-1_600px.jpg","contentUrl":"https:\/\/shop.bantam.ch\/wp-content\/uploads\/2023\/12\/ETIC0202-1_600px.jpg","width":600,"height":547},{"@type":"BreadcrumbList","@id":"https:\/\/shop.bantam.ch\/de\/produkt\/matratze-relax-si-1-person\/#breadcrumb","itemListElement":[{"@type":"ListItem","position":1,"name":"Accueil","item":"https:\/\/shop.bantam.ch\/de\/"},{"@type":"ListItem","position":2,"name":"Shop","item":"https:\/\/shop.bantam.ch\/de\/shop\/"},{"@type":"ListItem","position":3,"name":"Matratze Relax SI &#8211; 2 Personen"}]},{"@type":"WebSite","@id":"https:\/\/shop.bantam.ch\/de\/#website","url":"https:\/\/shop.bantam.ch\/de\/","name":"Bantam Camping AG","description":"","publisher":{"@id":"https:\/\/shop.bantam.ch\/de\/#organization"},"inLanguage":"de"},{"@type":"Organization","@id":"https:\/\/shop.bantam.ch\/de\/#organization","name":"Bantam Camping AG","url":"https:\/\/shop.bantam.ch\/de\/","logo":{"@type":"ImageObject","inLanguage":"de","@id":"https:\/\/shop.bantam.ch\/de\/#\/schema\/logo\/image\/","url":"https:\/\/shop.bantam.ch\/wp-content\/uploads\/2022\/12\/bantam-logo.png","contentUrl":"https:\/\/shop.bantam.ch\/wp-content\/uploads\/2022\/12\/bantam-logo.png","width":320,"height":71,"caption":"Bantam Camping AG"},"image":{"@id":"https:\/\/shop.bantam.ch\/de\/#\/schema\/logo\/image\/"}}]}},"_links":{"self":[{"href":"https:\/\/shop.bantam.ch\/de\/wp-json\/wp\/v2\/product\/188530","targetHints":{"allow":["GET"]}}],"collection":[{"href":"https:\/\/shop.bantam.ch\/de\/wp-json\/wp\/v2\/product"}],"about":[{"href":"https:\/\/shop.bantam.ch\/de\/wp-json\/wp\/v2\/types\/product"}],"wp:featuredmedia":[{"embeddable":true,"href":"https:\/\/shop.bantam.ch\/de\/wp-json\/wp\/v2\/media\/188526"}],"wp:attachment":[{"href":"https:\/\/shop.bantam.ch\/de\/wp-json\/wp\/v2\/media?parent=188530"}],"wp:term":[{"taxonomy":"product_featured_cat","embeddable":true,"href":"https:\/\/shop.bantam.ch\/de\/wp-json\/wp\/v2\/product_featured_cat?post=188530"},{"taxonomy":"product_brand","embeddable":true,"href":"https:\/\/shop.bantam.ch\/de\/wp-json\/wp\/v2\/product_brand?post=188530"},{"taxonomy":"product_cat","embeddable":true,"href":"https:\/\/shop.bantam.ch\/de\/wp-json\/wp\/v2\/product_cat?post=188530"},{"taxonomy":"product_tag","embeddable":true,"href":"https:\/\/shop.bantam.ch\/de\/wp-json\/wp\/v2\/product_tag?post=188530"}],"curies":[{"name":"wp","href":"https:\/\/api.w.org\/{rel}","templated":true}]}}