{"id":188524,"date":"2023-12-19T17:12:04","date_gmt":"2023-12-19T16:12:04","guid":{"rendered":"https:\/\/shop.bantam.ch\/produit\/matratze-relax-si-anthrazit\/"},"modified":"2026-04-18T22:55:34","modified_gmt":"2026-04-18T20:55:34","slug":"matratze-relax-si-anthrazit","status":"publish","type":"product","link":"https:\/\/shop.bantam.ch\/de\/produkt\/matratze-relax-si-anthrazit\/","title":{"rendered":"Matratze Relax SI &#8211; 1 Person"},"content":{"rendered":"<p>Eurotrail bietet eine Reihe von selbstaufblasbaren Thermomatten an, die in verschiedenen St\u00e4rken erh\u00e4ltlich sind. Sie eignen sich perfekt f\u00fcr das Camping und bieten eine warme (isolierende), bequeme und gleichm\u00e4\u00dfige Oberfl\u00e4che. Eignet sich auch gut im Wohnwagen als zus\u00e4tzliche Matratze auf den Polstern. Unverzichtbar f\u00fcr jeden Camper! Die Matten werden mit Bezug und Reparaturset geliefert. Diese neu entwickelte Matte mit einem 30D-Stretchmaterial auf der Oberseite ist weich und bietet zus\u00e4tzlichen Komfort. Das R\u00fcckenteil besteht aus einem festeren Material (150D Poly Oxford), damit Ihre Matte vor harten und unebenen Oberfl\u00e4chen gesch\u00fctzt ist. Geeignet f\u00fcr die Verwendung als G\u00e4stematratze zu Hause, im Wohnwagen als zus\u00e4tzliche St\u00fctze auf den Sofakissen oder im Zelt.<\/p>\n<p>Material: 100% Polyester 30D \/ Poly Oxford 150D.<br \/>\nMa\u00dfe: 200 x 77 x 15 cm<br \/>\nAbmessungen der Verpackung: 77 x \u00f8 40 cm.<br \/>\nGewicht: 4,2 kg<\/p>\n","protected":false},"excerpt":{"rendered":"<p>Eurotrail bietet eine Reihe von selbstaufblasbaren Thermomatten an, die in verschiedenen St\u00e4rken erh\u00e4ltlich sind. Sie eignen sich perfekt f\u00fcr das Camping und bieten eine warme (isolierende), bequeme und gleichm\u00e4\u00dfige Oberfl\u00e4che. Eignet sich auch gut im Wohnwagen als zus\u00e4tzliche Matratze auf den Polstern. Unverzichtbar f\u00fcr jeden Camper! Die Matten werden mit Bezug und Reparaturset geliefert. Diese [&hellip;]<\/p>\n","protected":false},"featured_media":188518,"template":"","meta":{"_acf_changed":false},"product_featured_cat":[],"product_brand":[3075],"product_cat":[4454],"product_tag":[],"class_list":{"0":"post-188524","1":"product","2":"type-product","3":"status-publish","4":"has-post-thumbnail","6":"product_brand-eurotrail-de","7":"product_cat-deckenschlafsaecke","9":"first","10":"instock","11":"taxable","12":"shipping-taxable","13":"purchasable","14":"product-type-simple"},"acf":[],"yoast_head":"<!-- This site is optimized with the Yoast SEO plugin v27.4 - https:\/\/yoast.com\/product\/yoast-seo-wordpress\/ -->\n<title>Matratze Relax SI - 1 Person - Bantam Camping AG<\/title>\n<meta name=\"robots\" content=\"index, follow, max-snippet:-1, max-image-preview:large, max-video-preview:-1\" \/>\n<link rel=\"canonical\" href=\"https:\/\/shop.bantam.ch\/de\/produkt\/matratze-relax-si-anthrazit\/\" \/>\n<meta property=\"og:locale\" content=\"de_DE\" \/>\n<meta property=\"og:type\" content=\"article\" \/>\n<meta property=\"og:title\" content=\"Matratze Relax SI - 1 Person - Bantam Camping AG\" \/>\n<meta property=\"og:description\" content=\"Eurotrail bietet eine Reihe von selbstaufblasbaren Thermomatten an, die in verschiedenen St\u00e4rken erh\u00e4ltlich sind. Sie eignen sich perfekt f\u00fcr das Camping und bieten eine warme (isolierende), bequeme und gleichm\u00e4\u00dfige Oberfl\u00e4che. Eignet sich auch gut im Wohnwagen als zus\u00e4tzliche Matratze auf den Polstern. Unverzichtbar f\u00fcr jeden Camper! Die Matten werden mit Bezug und Reparaturset geliefert. Diese [&hellip;]\" \/>\n<meta property=\"og:url\" content=\"https:\/\/shop.bantam.ch\/de\/produkt\/matratze-relax-si-anthrazit\/\" \/>\n<meta property=\"og:site_name\" content=\"Bantam Camping AG\" \/>\n<meta property=\"article:modified_time\" content=\"2026-04-18T20:55:34+00:00\" \/>\n<meta property=\"og:image\" content=\"https:\/\/shop.bantam.ch\/wp-content\/uploads\/2023\/12\/ETIC0201-1_600px.jpg\" \/>\n\t<meta property=\"og:image:width\" content=\"600\" \/>\n\t<meta property=\"og:image:height\" content=\"433\" \/>\n\t<meta property=\"og:image:type\" content=\"image\/jpeg\" \/>\n<meta name=\"twitter:card\" content=\"summary_large_image\" \/>\n<meta name=\"twitter:label1\" content=\"Gesch\u00e4tzte Lesezeit\" \/>\n\t<meta name=\"twitter:data1\" content=\"1\u00a0Minute\" \/>\n<script type=\"application\/ld+json\" class=\"yoast-schema-graph\">{\"@context\":\"https:\\\/\\\/schema.org\",\"@graph\":[{\"@type\":\"WebPage\",\"@id\":\"https:\\\/\\\/shop.bantam.ch\\\/de\\\/produkt\\\/matratze-relax-si-anthrazit\\\/\",\"url\":\"https:\\\/\\\/shop.bantam.ch\\\/de\\\/produkt\\\/matratze-relax-si-anthrazit\\\/\",\"name\":\"Matratze Relax SI - 1 Person - Bantam Camping AG\",\"isPartOf\":{\"@id\":\"https:\\\/\\\/shop.bantam.ch\\\/de\\\/#website\"},\"primaryImageOfPage\":{\"@id\":\"https:\\\/\\\/shop.bantam.ch\\\/de\\\/produkt\\\/matratze-relax-si-anthrazit\\\/#primaryimage\"},\"image\":{\"@id\":\"https:\\\/\\\/shop.bantam.ch\\\/de\\\/produkt\\\/matratze-relax-si-anthrazit\\\/#primaryimage\"},\"thumbnailUrl\":\"https:\\\/\\\/shop.bantam.ch\\\/wp-content\\\/uploads\\\/2023\\\/12\\\/ETIC0201-1_600px.jpg\",\"datePublished\":\"2023-12-19T16:12:04+00:00\",\"dateModified\":\"2026-04-18T20:55:34+00:00\",\"breadcrumb\":{\"@id\":\"https:\\\/\\\/shop.bantam.ch\\\/de\\\/produkt\\\/matratze-relax-si-anthrazit\\\/#breadcrumb\"},\"inLanguage\":\"de\",\"potentialAction\":[{\"@type\":\"ReadAction\",\"target\":[\"https:\\\/\\\/shop.bantam.ch\\\/de\\\/produkt\\\/matratze-relax-si-anthrazit\\\/\"]}]},{\"@type\":\"ImageObject\",\"inLanguage\":\"de\",\"@id\":\"https:\\\/\\\/shop.bantam.ch\\\/de\\\/produkt\\\/matratze-relax-si-anthrazit\\\/#primaryimage\",\"url\":\"https:\\\/\\\/shop.bantam.ch\\\/wp-content\\\/uploads\\\/2023\\\/12\\\/ETIC0201-1_600px.jpg\",\"contentUrl\":\"https:\\\/\\\/shop.bantam.ch\\\/wp-content\\\/uploads\\\/2023\\\/12\\\/ETIC0201-1_600px.jpg\",\"width\":600,\"height\":433},{\"@type\":\"BreadcrumbList\",\"@id\":\"https:\\\/\\\/shop.bantam.ch\\\/de\\\/produkt\\\/matratze-relax-si-anthrazit\\\/#breadcrumb\",\"itemListElement\":[{\"@type\":\"ListItem\",\"position\":1,\"name\":\"Accueil\",\"item\":\"https:\\\/\\\/shop.bantam.ch\\\/de\\\/\"},{\"@type\":\"ListItem\",\"position\":2,\"name\":\"Shop\",\"item\":\"https:\\\/\\\/shop.bantam.ch\\\/de\\\/shop\\\/\"},{\"@type\":\"ListItem\",\"position\":3,\"name\":\"Matratze Relax SI &#8211; 1 Person\"}]},{\"@type\":\"WebSite\",\"@id\":\"https:\\\/\\\/shop.bantam.ch\\\/de\\\/#website\",\"url\":\"https:\\\/\\\/shop.bantam.ch\\\/de\\\/\",\"name\":\"Bantam Camping AG\",\"description\":\"\",\"publisher\":{\"@id\":\"https:\\\/\\\/shop.bantam.ch\\\/de\\\/#organization\"},\"inLanguage\":\"de\"},{\"@type\":\"Organization\",\"@id\":\"https:\\\/\\\/shop.bantam.ch\\\/de\\\/#organization\",\"name\":\"Bantam Camping AG\",\"url\":\"https:\\\/\\\/shop.bantam.ch\\\/de\\\/\",\"logo\":{\"@type\":\"ImageObject\",\"inLanguage\":\"de\",\"@id\":\"https:\\\/\\\/shop.bantam.ch\\\/de\\\/#\\\/schema\\\/logo\\\/image\\\/\",\"url\":\"https:\\\/\\\/shop.bantam.ch\\\/wp-content\\\/uploads\\\/2022\\\/12\\\/bantam-logo.png\",\"contentUrl\":\"https:\\\/\\\/shop.bantam.ch\\\/wp-content\\\/uploads\\\/2022\\\/12\\\/bantam-logo.png\",\"width\":320,\"height\":71,\"caption\":\"Bantam Camping AG\"},\"image\":{\"@id\":\"https:\\\/\\\/shop.bantam.ch\\\/de\\\/#\\\/schema\\\/logo\\\/image\\\/\"}}]}<\/script>\n<!-- \/ Yoast SEO plugin. -->","yoast_head_json":{"title":"Matratze Relax SI - 1 Person - Bantam Camping AG","robots":{"index":"index","follow":"follow","max-snippet":"max-snippet:-1","max-image-preview":"max-image-preview:large","max-video-preview":"max-video-preview:-1"},"canonical":"https:\/\/shop.bantam.ch\/de\/produkt\/matratze-relax-si-anthrazit\/","og_locale":"de_DE","og_type":"article","og_title":"Matratze Relax SI - 1 Person - Bantam Camping AG","og_description":"Eurotrail bietet eine Reihe von selbstaufblasbaren Thermomatten an, die in verschiedenen St\u00e4rken erh\u00e4ltlich sind. Sie eignen sich perfekt f\u00fcr das Camping und bieten eine warme (isolierende), bequeme und gleichm\u00e4\u00dfige Oberfl\u00e4che. Eignet sich auch gut im Wohnwagen als zus\u00e4tzliche Matratze auf den Polstern. Unverzichtbar f\u00fcr jeden Camper! Die Matten werden mit Bezug und Reparaturset geliefert. Diese [&hellip;]","og_url":"https:\/\/shop.bantam.ch\/de\/produkt\/matratze-relax-si-anthrazit\/","og_site_name":"Bantam Camping AG","article_modified_time":"2026-04-18T20:55:34+00:00","og_image":[{"width":600,"height":433,"url":"https:\/\/shop.bantam.ch\/wp-content\/uploads\/2023\/12\/ETIC0201-1_600px.jpg","type":"image\/jpeg"}],"twitter_card":"summary_large_image","twitter_misc":{"Gesch\u00e4tzte Lesezeit":"1\u00a0Minute"},"schema":{"@context":"https:\/\/schema.org","@graph":[{"@type":"WebPage","@id":"https:\/\/shop.bantam.ch\/de\/produkt\/matratze-relax-si-anthrazit\/","url":"https:\/\/shop.bantam.ch\/de\/produkt\/matratze-relax-si-anthrazit\/","name":"Matratze Relax SI - 1 Person - Bantam Camping AG","isPartOf":{"@id":"https:\/\/shop.bantam.ch\/de\/#website"},"primaryImageOfPage":{"@id":"https:\/\/shop.bantam.ch\/de\/produkt\/matratze-relax-si-anthrazit\/#primaryimage"},"image":{"@id":"https:\/\/shop.bantam.ch\/de\/produkt\/matratze-relax-si-anthrazit\/#primaryimage"},"thumbnailUrl":"https:\/\/shop.bantam.ch\/wp-content\/uploads\/2023\/12\/ETIC0201-1_600px.jpg","datePublished":"2023-12-19T16:12:04+00:00","dateModified":"2026-04-18T20:55:34+00:00","breadcrumb":{"@id":"https:\/\/shop.bantam.ch\/de\/produkt\/matratze-relax-si-anthrazit\/#breadcrumb"},"inLanguage":"de","potentialAction":[{"@type":"ReadAction","target":["https:\/\/shop.bantam.ch\/de\/produkt\/matratze-relax-si-anthrazit\/"]}]},{"@type":"ImageObject","inLanguage":"de","@id":"https:\/\/shop.bantam.ch\/de\/produkt\/matratze-relax-si-anthrazit\/#primaryimage","url":"https:\/\/shop.bantam.ch\/wp-content\/uploads\/2023\/12\/ETIC0201-1_600px.jpg","contentUrl":"https:\/\/shop.bantam.ch\/wp-content\/uploads\/2023\/12\/ETIC0201-1_600px.jpg","width":600,"height":433},{"@type":"BreadcrumbList","@id":"https:\/\/shop.bantam.ch\/de\/produkt\/matratze-relax-si-anthrazit\/#breadcrumb","itemListElement":[{"@type":"ListItem","position":1,"name":"Accueil","item":"https:\/\/shop.bantam.ch\/de\/"},{"@type":"ListItem","position":2,"name":"Shop","item":"https:\/\/shop.bantam.ch\/de\/shop\/"},{"@type":"ListItem","position":3,"name":"Matratze Relax SI &#8211; 1 Person"}]},{"@type":"WebSite","@id":"https:\/\/shop.bantam.ch\/de\/#website","url":"https:\/\/shop.bantam.ch\/de\/","name":"Bantam Camping AG","description":"","publisher":{"@id":"https:\/\/shop.bantam.ch\/de\/#organization"},"inLanguage":"de"},{"@type":"Organization","@id":"https:\/\/shop.bantam.ch\/de\/#organization","name":"Bantam Camping AG","url":"https:\/\/shop.bantam.ch\/de\/","logo":{"@type":"ImageObject","inLanguage":"de","@id":"https:\/\/shop.bantam.ch\/de\/#\/schema\/logo\/image\/","url":"https:\/\/shop.bantam.ch\/wp-content\/uploads\/2022\/12\/bantam-logo.png","contentUrl":"https:\/\/shop.bantam.ch\/wp-content\/uploads\/2022\/12\/bantam-logo.png","width":320,"height":71,"caption":"Bantam Camping AG"},"image":{"@id":"https:\/\/shop.bantam.ch\/de\/#\/schema\/logo\/image\/"}}]}},"_links":{"self":[{"href":"https:\/\/shop.bantam.ch\/de\/wp-json\/wp\/v2\/product\/188524","targetHints":{"allow":["GET"]}}],"collection":[{"href":"https:\/\/shop.bantam.ch\/de\/wp-json\/wp\/v2\/product"}],"about":[{"href":"https:\/\/shop.bantam.ch\/de\/wp-json\/wp\/v2\/types\/product"}],"wp:featuredmedia":[{"embeddable":true,"href":"https:\/\/shop.bantam.ch\/de\/wp-json\/wp\/v2\/media\/188518"}],"wp:attachment":[{"href":"https:\/\/shop.bantam.ch\/de\/wp-json\/wp\/v2\/media?parent=188524"}],"wp:term":[{"taxonomy":"product_featured_cat","embeddable":true,"href":"https:\/\/shop.bantam.ch\/de\/wp-json\/wp\/v2\/product_featured_cat?post=188524"},{"taxonomy":"product_brand","embeddable":true,"href":"https:\/\/shop.bantam.ch\/de\/wp-json\/wp\/v2\/product_brand?post=188524"},{"taxonomy":"product_cat","embeddable":true,"href":"https:\/\/shop.bantam.ch\/de\/wp-json\/wp\/v2\/product_cat?post=188524"},{"taxonomy":"product_tag","embeddable":true,"href":"https:\/\/shop.bantam.ch\/de\/wp-json\/wp\/v2\/product_tag?post=188524"}],"curies":[{"name":"wp","href":"https:\/\/api.w.org\/{rel}","templated":true}]}}