{"id":188510,"date":"2023-12-19T17:06:11","date_gmt":"2023-12-19T16:06:11","guid":{"rendered":"https:\/\/shop.bantam.ch\/produit\/isoliermatratze-iso-camp-confort-dlx\/"},"modified":"2026-04-19T22:57:58","modified_gmt":"2026-04-19T20:57:58","slug":"isoliermatratze-iso-camp-confort-dlx","status":"publish","type":"product","link":"https:\/\/shop.bantam.ch\/de\/produkt\/isoliermatratze-iso-camp-confort-dlx\/","title":{"rendered":"Isoliermatratze &#8211; Iso Camp Confort DLX"},"content":{"rendered":"<p>Die beste Alternative zu Ihrer Matratze! Extra breite (80 cm) und extra dicke (10 cm) selbstaufblasende Isomatte. Die Iso-Camp-Schlafmatten haben eine sehr starke Schaumstoffbasis, die daf\u00fcr sorgt, dass die Matte nach dem \u00d6ffnen des Ventils mit Luft gef\u00fcllt ist. Wenn Sie m\u00f6chten, k\u00f6nnen Sie mit Ihrem Mund mehr Luft in die Matte blasen, je nachdem, ob Sie lieber auf einer harten oder weichen Oberfl\u00e4che schlafen. Das verschlei\u00dffeste Au\u00dfenmaterial garantiert eine lange Lebensdauer.<\/p>\n<p>Material: 150D Oxford.<br \/>\nMa\u00dfe: 198 x 63 x 10 cm<br \/>\nGewicht: 3,3 kg<br \/>\nFarbe: Petrol \/ Anthrazit<\/p>\n","protected":false},"excerpt":{"rendered":"<p>Die beste Alternative zu Ihrer Matratze! Extra breite (80 cm) und extra dicke (10 cm) selbstaufblasende Isomatte. Die Iso-Camp-Schlafmatten haben eine sehr starke Schaumstoffbasis, die daf\u00fcr sorgt, dass die Matte nach dem \u00d6ffnen des Ventils mit Luft gef\u00fcllt ist. Wenn Sie m\u00f6chten, k\u00f6nnen Sie mit Ihrem Mund mehr Luft in die Matte blasen, je nachdem, [&hellip;]<\/p>\n","protected":false},"featured_media":188506,"template":"","meta":{"_acf_changed":false},"product_featured_cat":[5301,5302],"product_brand":[3075],"product_cat":[4454],"product_tag":[],"class_list":{"0":"post-188510","1":"product","2":"type-product","3":"status-publish","4":"has-post-thumbnail","6":"product_featured_cat-promotions-etagnieres-fr","7":"product_featured_cat-sonderangebote-hindelbank-urdorf","8":"product_brand-eurotrail-de","9":"product_cat-deckenschlafsaecke","11":"first","12":"instock","13":"sale","14":"taxable","15":"shipping-taxable","16":"purchasable","17":"product-type-simple"},"acf":[],"yoast_head":"<!-- This site is optimized with the Yoast SEO plugin v27.4 - https:\/\/yoast.com\/product\/yoast-seo-wordpress\/ -->\n<title>Isoliermatratze - Iso Camp Confort DLX - Bantam Camping AG<\/title>\n<meta name=\"robots\" content=\"index, follow, max-snippet:-1, max-image-preview:large, max-video-preview:-1\" \/>\n<link rel=\"canonical\" href=\"https:\/\/shop.bantam.ch\/de\/produkt\/isoliermatratze-iso-camp-confort-dlx\/\" \/>\n<meta property=\"og:locale\" content=\"de_DE\" \/>\n<meta property=\"og:type\" content=\"article\" \/>\n<meta property=\"og:title\" content=\"Isoliermatratze - Iso Camp Confort DLX - Bantam Camping AG\" \/>\n<meta property=\"og:description\" content=\"Die beste Alternative zu Ihrer Matratze! Extra breite (80 cm) und extra dicke (10 cm) selbstaufblasende Isomatte. Die Iso-Camp-Schlafmatten haben eine sehr starke Schaumstoffbasis, die daf\u00fcr sorgt, dass die Matte nach dem \u00d6ffnen des Ventils mit Luft gef\u00fcllt ist. Wenn Sie m\u00f6chten, k\u00f6nnen Sie mit Ihrem Mund mehr Luft in die Matte blasen, je nachdem, [&hellip;]\" \/>\n<meta property=\"og:url\" content=\"https:\/\/shop.bantam.ch\/de\/produkt\/isoliermatratze-iso-camp-confort-dlx\/\" \/>\n<meta property=\"og:site_name\" content=\"Bantam Camping AG\" \/>\n<meta property=\"article:modified_time\" content=\"2026-04-19T20:57:58+00:00\" \/>\n<meta property=\"og:image\" content=\"https:\/\/shop.bantam.ch\/wp-content\/uploads\/2023\/12\/ETIC0076-2_600px.jpg\" \/>\n\t<meta property=\"og:image:width\" content=\"600\" \/>\n\t<meta property=\"og:image:height\" content=\"562\" \/>\n\t<meta property=\"og:image:type\" content=\"image\/jpeg\" \/>\n<meta name=\"twitter:card\" content=\"summary_large_image\" \/>\n<script type=\"application\/ld+json\" class=\"yoast-schema-graph\">{\"@context\":\"https:\\\/\\\/schema.org\",\"@graph\":[{\"@type\":\"WebPage\",\"@id\":\"https:\\\/\\\/shop.bantam.ch\\\/de\\\/produkt\\\/isoliermatratze-iso-camp-confort-dlx\\\/\",\"url\":\"https:\\\/\\\/shop.bantam.ch\\\/de\\\/produkt\\\/isoliermatratze-iso-camp-confort-dlx\\\/\",\"name\":\"Isoliermatratze - Iso Camp Confort DLX - Bantam Camping AG\",\"isPartOf\":{\"@id\":\"https:\\\/\\\/shop.bantam.ch\\\/de\\\/#website\"},\"primaryImageOfPage\":{\"@id\":\"https:\\\/\\\/shop.bantam.ch\\\/de\\\/produkt\\\/isoliermatratze-iso-camp-confort-dlx\\\/#primaryimage\"},\"image\":{\"@id\":\"https:\\\/\\\/shop.bantam.ch\\\/de\\\/produkt\\\/isoliermatratze-iso-camp-confort-dlx\\\/#primaryimage\"},\"thumbnailUrl\":\"https:\\\/\\\/shop.bantam.ch\\\/wp-content\\\/uploads\\\/2023\\\/12\\\/ETIC0076-2_600px.jpg\",\"datePublished\":\"2023-12-19T16:06:11+00:00\",\"dateModified\":\"2026-04-19T20:57:58+00:00\",\"breadcrumb\":{\"@id\":\"https:\\\/\\\/shop.bantam.ch\\\/de\\\/produkt\\\/isoliermatratze-iso-camp-confort-dlx\\\/#breadcrumb\"},\"inLanguage\":\"de\",\"potentialAction\":[{\"@type\":\"ReadAction\",\"target\":[\"https:\\\/\\\/shop.bantam.ch\\\/de\\\/produkt\\\/isoliermatratze-iso-camp-confort-dlx\\\/\"]}]},{\"@type\":\"ImageObject\",\"inLanguage\":\"de\",\"@id\":\"https:\\\/\\\/shop.bantam.ch\\\/de\\\/produkt\\\/isoliermatratze-iso-camp-confort-dlx\\\/#primaryimage\",\"url\":\"https:\\\/\\\/shop.bantam.ch\\\/wp-content\\\/uploads\\\/2023\\\/12\\\/ETIC0076-2_600px.jpg\",\"contentUrl\":\"https:\\\/\\\/shop.bantam.ch\\\/wp-content\\\/uploads\\\/2023\\\/12\\\/ETIC0076-2_600px.jpg\",\"width\":600,\"height\":562},{\"@type\":\"BreadcrumbList\",\"@id\":\"https:\\\/\\\/shop.bantam.ch\\\/de\\\/produkt\\\/isoliermatratze-iso-camp-confort-dlx\\\/#breadcrumb\",\"itemListElement\":[{\"@type\":\"ListItem\",\"position\":1,\"name\":\"Accueil\",\"item\":\"https:\\\/\\\/shop.bantam.ch\\\/de\\\/\"},{\"@type\":\"ListItem\",\"position\":2,\"name\":\"Shop\",\"item\":\"https:\\\/\\\/shop.bantam.ch\\\/de\\\/shop\\\/\"},{\"@type\":\"ListItem\",\"position\":3,\"name\":\"Isoliermatratze &#8211; Iso Camp Confort DLX\"}]},{\"@type\":\"WebSite\",\"@id\":\"https:\\\/\\\/shop.bantam.ch\\\/de\\\/#website\",\"url\":\"https:\\\/\\\/shop.bantam.ch\\\/de\\\/\",\"name\":\"Bantam Camping AG\",\"description\":\"\",\"publisher\":{\"@id\":\"https:\\\/\\\/shop.bantam.ch\\\/de\\\/#organization\"},\"inLanguage\":\"de\"},{\"@type\":\"Organization\",\"@id\":\"https:\\\/\\\/shop.bantam.ch\\\/de\\\/#organization\",\"name\":\"Bantam Camping AG\",\"url\":\"https:\\\/\\\/shop.bantam.ch\\\/de\\\/\",\"logo\":{\"@type\":\"ImageObject\",\"inLanguage\":\"de\",\"@id\":\"https:\\\/\\\/shop.bantam.ch\\\/de\\\/#\\\/schema\\\/logo\\\/image\\\/\",\"url\":\"https:\\\/\\\/shop.bantam.ch\\\/wp-content\\\/uploads\\\/2022\\\/12\\\/bantam-logo.png\",\"contentUrl\":\"https:\\\/\\\/shop.bantam.ch\\\/wp-content\\\/uploads\\\/2022\\\/12\\\/bantam-logo.png\",\"width\":320,\"height\":71,\"caption\":\"Bantam Camping AG\"},\"image\":{\"@id\":\"https:\\\/\\\/shop.bantam.ch\\\/de\\\/#\\\/schema\\\/logo\\\/image\\\/\"}}]}<\/script>\n<!-- \/ Yoast SEO plugin. -->","yoast_head_json":{"title":"Isoliermatratze - Iso Camp Confort DLX - Bantam Camping AG","robots":{"index":"index","follow":"follow","max-snippet":"max-snippet:-1","max-image-preview":"max-image-preview:large","max-video-preview":"max-video-preview:-1"},"canonical":"https:\/\/shop.bantam.ch\/de\/produkt\/isoliermatratze-iso-camp-confort-dlx\/","og_locale":"de_DE","og_type":"article","og_title":"Isoliermatratze - Iso Camp Confort DLX - Bantam Camping AG","og_description":"Die beste Alternative zu Ihrer Matratze! Extra breite (80 cm) und extra dicke (10 cm) selbstaufblasende Isomatte. Die Iso-Camp-Schlafmatten haben eine sehr starke Schaumstoffbasis, die daf\u00fcr sorgt, dass die Matte nach dem \u00d6ffnen des Ventils mit Luft gef\u00fcllt ist. Wenn Sie m\u00f6chten, k\u00f6nnen Sie mit Ihrem Mund mehr Luft in die Matte blasen, je nachdem, [&hellip;]","og_url":"https:\/\/shop.bantam.ch\/de\/produkt\/isoliermatratze-iso-camp-confort-dlx\/","og_site_name":"Bantam Camping AG","article_modified_time":"2026-04-19T20:57:58+00:00","og_image":[{"width":600,"height":562,"url":"https:\/\/shop.bantam.ch\/wp-content\/uploads\/2023\/12\/ETIC0076-2_600px.jpg","type":"image\/jpeg"}],"twitter_card":"summary_large_image","schema":{"@context":"https:\/\/schema.org","@graph":[{"@type":"WebPage","@id":"https:\/\/shop.bantam.ch\/de\/produkt\/isoliermatratze-iso-camp-confort-dlx\/","url":"https:\/\/shop.bantam.ch\/de\/produkt\/isoliermatratze-iso-camp-confort-dlx\/","name":"Isoliermatratze - Iso Camp Confort DLX - Bantam Camping AG","isPartOf":{"@id":"https:\/\/shop.bantam.ch\/de\/#website"},"primaryImageOfPage":{"@id":"https:\/\/shop.bantam.ch\/de\/produkt\/isoliermatratze-iso-camp-confort-dlx\/#primaryimage"},"image":{"@id":"https:\/\/shop.bantam.ch\/de\/produkt\/isoliermatratze-iso-camp-confort-dlx\/#primaryimage"},"thumbnailUrl":"https:\/\/shop.bantam.ch\/wp-content\/uploads\/2023\/12\/ETIC0076-2_600px.jpg","datePublished":"2023-12-19T16:06:11+00:00","dateModified":"2026-04-19T20:57:58+00:00","breadcrumb":{"@id":"https:\/\/shop.bantam.ch\/de\/produkt\/isoliermatratze-iso-camp-confort-dlx\/#breadcrumb"},"inLanguage":"de","potentialAction":[{"@type":"ReadAction","target":["https:\/\/shop.bantam.ch\/de\/produkt\/isoliermatratze-iso-camp-confort-dlx\/"]}]},{"@type":"ImageObject","inLanguage":"de","@id":"https:\/\/shop.bantam.ch\/de\/produkt\/isoliermatratze-iso-camp-confort-dlx\/#primaryimage","url":"https:\/\/shop.bantam.ch\/wp-content\/uploads\/2023\/12\/ETIC0076-2_600px.jpg","contentUrl":"https:\/\/shop.bantam.ch\/wp-content\/uploads\/2023\/12\/ETIC0076-2_600px.jpg","width":600,"height":562},{"@type":"BreadcrumbList","@id":"https:\/\/shop.bantam.ch\/de\/produkt\/isoliermatratze-iso-camp-confort-dlx\/#breadcrumb","itemListElement":[{"@type":"ListItem","position":1,"name":"Accueil","item":"https:\/\/shop.bantam.ch\/de\/"},{"@type":"ListItem","position":2,"name":"Shop","item":"https:\/\/shop.bantam.ch\/de\/shop\/"},{"@type":"ListItem","position":3,"name":"Isoliermatratze &#8211; Iso Camp Confort DLX"}]},{"@type":"WebSite","@id":"https:\/\/shop.bantam.ch\/de\/#website","url":"https:\/\/shop.bantam.ch\/de\/","name":"Bantam Camping AG","description":"","publisher":{"@id":"https:\/\/shop.bantam.ch\/de\/#organization"},"inLanguage":"de"},{"@type":"Organization","@id":"https:\/\/shop.bantam.ch\/de\/#organization","name":"Bantam Camping AG","url":"https:\/\/shop.bantam.ch\/de\/","logo":{"@type":"ImageObject","inLanguage":"de","@id":"https:\/\/shop.bantam.ch\/de\/#\/schema\/logo\/image\/","url":"https:\/\/shop.bantam.ch\/wp-content\/uploads\/2022\/12\/bantam-logo.png","contentUrl":"https:\/\/shop.bantam.ch\/wp-content\/uploads\/2022\/12\/bantam-logo.png","width":320,"height":71,"caption":"Bantam Camping AG"},"image":{"@id":"https:\/\/shop.bantam.ch\/de\/#\/schema\/logo\/image\/"}}]}},"_links":{"self":[{"href":"https:\/\/shop.bantam.ch\/de\/wp-json\/wp\/v2\/product\/188510","targetHints":{"allow":["GET"]}}],"collection":[{"href":"https:\/\/shop.bantam.ch\/de\/wp-json\/wp\/v2\/product"}],"about":[{"href":"https:\/\/shop.bantam.ch\/de\/wp-json\/wp\/v2\/types\/product"}],"wp:featuredmedia":[{"embeddable":true,"href":"https:\/\/shop.bantam.ch\/de\/wp-json\/wp\/v2\/media\/188506"}],"wp:attachment":[{"href":"https:\/\/shop.bantam.ch\/de\/wp-json\/wp\/v2\/media?parent=188510"}],"wp:term":[{"taxonomy":"product_featured_cat","embeddable":true,"href":"https:\/\/shop.bantam.ch\/de\/wp-json\/wp\/v2\/product_featured_cat?post=188510"},{"taxonomy":"product_brand","embeddable":true,"href":"https:\/\/shop.bantam.ch\/de\/wp-json\/wp\/v2\/product_brand?post=188510"},{"taxonomy":"product_cat","embeddable":true,"href":"https:\/\/shop.bantam.ch\/de\/wp-json\/wp\/v2\/product_cat?post=188510"},{"taxonomy":"product_tag","embeddable":true,"href":"https:\/\/shop.bantam.ch\/de\/wp-json\/wp\/v2\/product_tag?post=188510"}],"curies":[{"name":"wp","href":"https:\/\/api.w.org\/{rel}","templated":true}]}}