{"id":188504,"date":"2023-12-19T17:03:09","date_gmt":"2023-12-19T16:03:09","guid":{"rendered":"https:\/\/shop.bantam.ch\/produit\/isolierende-matratze-iso-camp-classic-all-round\/"},"modified":"2026-04-18T22:55:28","modified_gmt":"2026-04-18T20:55:28","slug":"isolierende-matratze-iso-camp-classic-all-round","status":"publish","type":"product","link":"https:\/\/shop.bantam.ch\/de\/produkt\/isolierende-matratze-iso-camp-classic-all-round\/","title":{"rendered":"Isolierende Matratze &#8211; Iso Camp classic \/ All round"},"content":{"rendered":"<p>Eurotrail bietet Ihnen eine Reihe von selbstaufblasbaren Thermomatten, die in verschiedenen Gr\u00f6\u00dfen und St\u00e4rken erh\u00e4ltlich sind. Sie eignen sich perfekt f\u00fcr das Camping und bieten eine warme (isolierende), bequeme, aber auch glatte Oberfl\u00e4che. Auch gut zur Verwendung im Wohnwagen als zus\u00e4tzliche Matten auf den Kissen. Geringes Gewicht, langlebiges Material und geringes Verpackungsvolumen. Die Matten werden mit Bezug und Reparaturset geliefert. Unverzichtbar f\u00fcr jeden Camper!<\/p>\n<p>Material: 100 % Polyester<br \/>\nMa\u00dfe: 198 x 80 x 6 cm<br \/>\nGewicht: ca. 3,1 kg<br \/>\nFarbe: Petrol \/ Anthrazit<\/p>\n","protected":false},"excerpt":{"rendered":"<p>Eurotrail bietet Ihnen eine Reihe von selbstaufblasbaren Thermomatten, die in verschiedenen Gr\u00f6\u00dfen und St\u00e4rken erh\u00e4ltlich sind. Sie eignen sich perfekt f\u00fcr das Camping und bieten eine warme (isolierende), bequeme, aber auch glatte Oberfl\u00e4che. Auch gut zur Verwendung im Wohnwagen als zus\u00e4tzliche Matten auf den Kissen. Geringes Gewicht, langlebiges Material und geringes Verpackungsvolumen. Die Matten werden [&hellip;]<\/p>\n","protected":false},"featured_media":188500,"template":"","meta":{"_acf_changed":false},"product_featured_cat":[5301,5302],"product_brand":[3075],"product_cat":[4454],"product_tag":[],"class_list":{"0":"post-188504","1":"product","2":"type-product","3":"status-publish","4":"has-post-thumbnail","6":"product_featured_cat-promotions-etagnieres-fr","7":"product_featured_cat-sonderangebote-hindelbank-urdorf","8":"product_brand-eurotrail-de","9":"product_cat-deckenschlafsaecke","11":"first","12":"instock","13":"sale","14":"taxable","15":"shipping-taxable","16":"purchasable","17":"product-type-simple"},"acf":[],"yoast_head":"<!-- This site is optimized with the Yoast SEO plugin v27.4 - https:\/\/yoast.com\/product\/yoast-seo-wordpress\/ -->\n<title>Isolierende Matratze - Iso Camp classic \/ All round - Bantam Camping AG<\/title>\n<meta name=\"robots\" content=\"index, follow, max-snippet:-1, max-image-preview:large, max-video-preview:-1\" \/>\n<link rel=\"canonical\" href=\"https:\/\/shop.bantam.ch\/de\/produkt\/isolierende-matratze-iso-camp-classic-all-round\/\" \/>\n<meta property=\"og:locale\" content=\"de_DE\" \/>\n<meta property=\"og:type\" content=\"article\" \/>\n<meta property=\"og:title\" content=\"Isolierende Matratze - Iso Camp classic \/ All round - Bantam Camping AG\" \/>\n<meta property=\"og:description\" content=\"Eurotrail bietet Ihnen eine Reihe von selbstaufblasbaren Thermomatten, die in verschiedenen Gr\u00f6\u00dfen und St\u00e4rken erh\u00e4ltlich sind. Sie eignen sich perfekt f\u00fcr das Camping und bieten eine warme (isolierende), bequeme, aber auch glatte Oberfl\u00e4che. Auch gut zur Verwendung im Wohnwagen als zus\u00e4tzliche Matten auf den Kissen. Geringes Gewicht, langlebiges Material und geringes Verpackungsvolumen. Die Matten werden [&hellip;]\" \/>\n<meta property=\"og:url\" content=\"https:\/\/shop.bantam.ch\/de\/produkt\/isolierende-matratze-iso-camp-classic-all-round\/\" \/>\n<meta property=\"og:site_name\" content=\"Bantam Camping AG\" \/>\n<meta property=\"article:modified_time\" content=\"2026-04-18T20:55:28+00:00\" \/>\n<meta property=\"og:image\" content=\"https:\/\/shop.bantam.ch\/wp-content\/uploads\/2023\/12\/ETIC0071-2_600px.jpg\" \/>\n\t<meta property=\"og:image:width\" content=\"600\" \/>\n\t<meta property=\"og:image:height\" content=\"563\" \/>\n\t<meta property=\"og:image:type\" content=\"image\/jpeg\" \/>\n<meta name=\"twitter:card\" content=\"summary_large_image\" \/>\n<script type=\"application\/ld+json\" class=\"yoast-schema-graph\">{\"@context\":\"https:\\\/\\\/schema.org\",\"@graph\":[{\"@type\":\"WebPage\",\"@id\":\"https:\\\/\\\/shop.bantam.ch\\\/de\\\/produkt\\\/isolierende-matratze-iso-camp-classic-all-round\\\/\",\"url\":\"https:\\\/\\\/shop.bantam.ch\\\/de\\\/produkt\\\/isolierende-matratze-iso-camp-classic-all-round\\\/\",\"name\":\"Isolierende Matratze - Iso Camp classic \\\/ All round - Bantam Camping AG\",\"isPartOf\":{\"@id\":\"https:\\\/\\\/shop.bantam.ch\\\/de\\\/#website\"},\"primaryImageOfPage\":{\"@id\":\"https:\\\/\\\/shop.bantam.ch\\\/de\\\/produkt\\\/isolierende-matratze-iso-camp-classic-all-round\\\/#primaryimage\"},\"image\":{\"@id\":\"https:\\\/\\\/shop.bantam.ch\\\/de\\\/produkt\\\/isolierende-matratze-iso-camp-classic-all-round\\\/#primaryimage\"},\"thumbnailUrl\":\"https:\\\/\\\/shop.bantam.ch\\\/wp-content\\\/uploads\\\/2023\\\/12\\\/ETIC0071-2_600px.jpg\",\"datePublished\":\"2023-12-19T16:03:09+00:00\",\"dateModified\":\"2026-04-18T20:55:28+00:00\",\"breadcrumb\":{\"@id\":\"https:\\\/\\\/shop.bantam.ch\\\/de\\\/produkt\\\/isolierende-matratze-iso-camp-classic-all-round\\\/#breadcrumb\"},\"inLanguage\":\"de\",\"potentialAction\":[{\"@type\":\"ReadAction\",\"target\":[\"https:\\\/\\\/shop.bantam.ch\\\/de\\\/produkt\\\/isolierende-matratze-iso-camp-classic-all-round\\\/\"]}]},{\"@type\":\"ImageObject\",\"inLanguage\":\"de\",\"@id\":\"https:\\\/\\\/shop.bantam.ch\\\/de\\\/produkt\\\/isolierende-matratze-iso-camp-classic-all-round\\\/#primaryimage\",\"url\":\"https:\\\/\\\/shop.bantam.ch\\\/wp-content\\\/uploads\\\/2023\\\/12\\\/ETIC0071-2_600px.jpg\",\"contentUrl\":\"https:\\\/\\\/shop.bantam.ch\\\/wp-content\\\/uploads\\\/2023\\\/12\\\/ETIC0071-2_600px.jpg\",\"width\":600,\"height\":563},{\"@type\":\"BreadcrumbList\",\"@id\":\"https:\\\/\\\/shop.bantam.ch\\\/de\\\/produkt\\\/isolierende-matratze-iso-camp-classic-all-round\\\/#breadcrumb\",\"itemListElement\":[{\"@type\":\"ListItem\",\"position\":1,\"name\":\"Accueil\",\"item\":\"https:\\\/\\\/shop.bantam.ch\\\/de\\\/\"},{\"@type\":\"ListItem\",\"position\":2,\"name\":\"Shop\",\"item\":\"https:\\\/\\\/shop.bantam.ch\\\/de\\\/shop\\\/\"},{\"@type\":\"ListItem\",\"position\":3,\"name\":\"Isolierende Matratze &#8211; Iso Camp classic \\\/ All round\"}]},{\"@type\":\"WebSite\",\"@id\":\"https:\\\/\\\/shop.bantam.ch\\\/de\\\/#website\",\"url\":\"https:\\\/\\\/shop.bantam.ch\\\/de\\\/\",\"name\":\"Bantam Camping AG\",\"description\":\"\",\"publisher\":{\"@id\":\"https:\\\/\\\/shop.bantam.ch\\\/de\\\/#organization\"},\"inLanguage\":\"de\"},{\"@type\":\"Organization\",\"@id\":\"https:\\\/\\\/shop.bantam.ch\\\/de\\\/#organization\",\"name\":\"Bantam Camping AG\",\"url\":\"https:\\\/\\\/shop.bantam.ch\\\/de\\\/\",\"logo\":{\"@type\":\"ImageObject\",\"inLanguage\":\"de\",\"@id\":\"https:\\\/\\\/shop.bantam.ch\\\/de\\\/#\\\/schema\\\/logo\\\/image\\\/\",\"url\":\"https:\\\/\\\/shop.bantam.ch\\\/wp-content\\\/uploads\\\/2022\\\/12\\\/bantam-logo.png\",\"contentUrl\":\"https:\\\/\\\/shop.bantam.ch\\\/wp-content\\\/uploads\\\/2022\\\/12\\\/bantam-logo.png\",\"width\":320,\"height\":71,\"caption\":\"Bantam Camping AG\"},\"image\":{\"@id\":\"https:\\\/\\\/shop.bantam.ch\\\/de\\\/#\\\/schema\\\/logo\\\/image\\\/\"}}]}<\/script>\n<!-- \/ Yoast SEO plugin. -->","yoast_head_json":{"title":"Isolierende Matratze - Iso Camp classic \/ All round - Bantam Camping AG","robots":{"index":"index","follow":"follow","max-snippet":"max-snippet:-1","max-image-preview":"max-image-preview:large","max-video-preview":"max-video-preview:-1"},"canonical":"https:\/\/shop.bantam.ch\/de\/produkt\/isolierende-matratze-iso-camp-classic-all-round\/","og_locale":"de_DE","og_type":"article","og_title":"Isolierende Matratze - Iso Camp classic \/ All round - Bantam Camping AG","og_description":"Eurotrail bietet Ihnen eine Reihe von selbstaufblasbaren Thermomatten, die in verschiedenen Gr\u00f6\u00dfen und St\u00e4rken erh\u00e4ltlich sind. Sie eignen sich perfekt f\u00fcr das Camping und bieten eine warme (isolierende), bequeme, aber auch glatte Oberfl\u00e4che. Auch gut zur Verwendung im Wohnwagen als zus\u00e4tzliche Matten auf den Kissen. Geringes Gewicht, langlebiges Material und geringes Verpackungsvolumen. Die Matten werden [&hellip;]","og_url":"https:\/\/shop.bantam.ch\/de\/produkt\/isolierende-matratze-iso-camp-classic-all-round\/","og_site_name":"Bantam Camping AG","article_modified_time":"2026-04-18T20:55:28+00:00","og_image":[{"width":600,"height":563,"url":"https:\/\/shop.bantam.ch\/wp-content\/uploads\/2023\/12\/ETIC0071-2_600px.jpg","type":"image\/jpeg"}],"twitter_card":"summary_large_image","schema":{"@context":"https:\/\/schema.org","@graph":[{"@type":"WebPage","@id":"https:\/\/shop.bantam.ch\/de\/produkt\/isolierende-matratze-iso-camp-classic-all-round\/","url":"https:\/\/shop.bantam.ch\/de\/produkt\/isolierende-matratze-iso-camp-classic-all-round\/","name":"Isolierende Matratze - Iso Camp classic \/ All round - Bantam Camping AG","isPartOf":{"@id":"https:\/\/shop.bantam.ch\/de\/#website"},"primaryImageOfPage":{"@id":"https:\/\/shop.bantam.ch\/de\/produkt\/isolierende-matratze-iso-camp-classic-all-round\/#primaryimage"},"image":{"@id":"https:\/\/shop.bantam.ch\/de\/produkt\/isolierende-matratze-iso-camp-classic-all-round\/#primaryimage"},"thumbnailUrl":"https:\/\/shop.bantam.ch\/wp-content\/uploads\/2023\/12\/ETIC0071-2_600px.jpg","datePublished":"2023-12-19T16:03:09+00:00","dateModified":"2026-04-18T20:55:28+00:00","breadcrumb":{"@id":"https:\/\/shop.bantam.ch\/de\/produkt\/isolierende-matratze-iso-camp-classic-all-round\/#breadcrumb"},"inLanguage":"de","potentialAction":[{"@type":"ReadAction","target":["https:\/\/shop.bantam.ch\/de\/produkt\/isolierende-matratze-iso-camp-classic-all-round\/"]}]},{"@type":"ImageObject","inLanguage":"de","@id":"https:\/\/shop.bantam.ch\/de\/produkt\/isolierende-matratze-iso-camp-classic-all-round\/#primaryimage","url":"https:\/\/shop.bantam.ch\/wp-content\/uploads\/2023\/12\/ETIC0071-2_600px.jpg","contentUrl":"https:\/\/shop.bantam.ch\/wp-content\/uploads\/2023\/12\/ETIC0071-2_600px.jpg","width":600,"height":563},{"@type":"BreadcrumbList","@id":"https:\/\/shop.bantam.ch\/de\/produkt\/isolierende-matratze-iso-camp-classic-all-round\/#breadcrumb","itemListElement":[{"@type":"ListItem","position":1,"name":"Accueil","item":"https:\/\/shop.bantam.ch\/de\/"},{"@type":"ListItem","position":2,"name":"Shop","item":"https:\/\/shop.bantam.ch\/de\/shop\/"},{"@type":"ListItem","position":3,"name":"Isolierende Matratze &#8211; Iso Camp classic \/ All round"}]},{"@type":"WebSite","@id":"https:\/\/shop.bantam.ch\/de\/#website","url":"https:\/\/shop.bantam.ch\/de\/","name":"Bantam Camping AG","description":"","publisher":{"@id":"https:\/\/shop.bantam.ch\/de\/#organization"},"inLanguage":"de"},{"@type":"Organization","@id":"https:\/\/shop.bantam.ch\/de\/#organization","name":"Bantam Camping AG","url":"https:\/\/shop.bantam.ch\/de\/","logo":{"@type":"ImageObject","inLanguage":"de","@id":"https:\/\/shop.bantam.ch\/de\/#\/schema\/logo\/image\/","url":"https:\/\/shop.bantam.ch\/wp-content\/uploads\/2022\/12\/bantam-logo.png","contentUrl":"https:\/\/shop.bantam.ch\/wp-content\/uploads\/2022\/12\/bantam-logo.png","width":320,"height":71,"caption":"Bantam Camping AG"},"image":{"@id":"https:\/\/shop.bantam.ch\/de\/#\/schema\/logo\/image\/"}}]}},"_links":{"self":[{"href":"https:\/\/shop.bantam.ch\/de\/wp-json\/wp\/v2\/product\/188504","targetHints":{"allow":["GET"]}}],"collection":[{"href":"https:\/\/shop.bantam.ch\/de\/wp-json\/wp\/v2\/product"}],"about":[{"href":"https:\/\/shop.bantam.ch\/de\/wp-json\/wp\/v2\/types\/product"}],"wp:featuredmedia":[{"embeddable":true,"href":"https:\/\/shop.bantam.ch\/de\/wp-json\/wp\/v2\/media\/188500"}],"wp:attachment":[{"href":"https:\/\/shop.bantam.ch\/de\/wp-json\/wp\/v2\/media?parent=188504"}],"wp:term":[{"taxonomy":"product_featured_cat","embeddable":true,"href":"https:\/\/shop.bantam.ch\/de\/wp-json\/wp\/v2\/product_featured_cat?post=188504"},{"taxonomy":"product_brand","embeddable":true,"href":"https:\/\/shop.bantam.ch\/de\/wp-json\/wp\/v2\/product_brand?post=188504"},{"taxonomy":"product_cat","embeddable":true,"href":"https:\/\/shop.bantam.ch\/de\/wp-json\/wp\/v2\/product_cat?post=188504"},{"taxonomy":"product_tag","embeddable":true,"href":"https:\/\/shop.bantam.ch\/de\/wp-json\/wp\/v2\/product_tag?post=188504"}],"curies":[{"name":"wp","href":"https:\/\/api.w.org\/{rel}","templated":true}]}}