{"id":188369,"date":"2023-12-15T13:22:56","date_gmt":"2023-12-15T12:22:56","guid":{"rendered":"https:\/\/shop.bantam.ch\/produit\/premium-kochtopf-annecy\/"},"modified":"2026-04-18T22:55:20","modified_gmt":"2026-04-18T20:55:20","slug":"premium-kochtopf-annecy","status":"publish","type":"product","link":"https:\/\/shop.bantam.ch\/de\/produkt\/premium-kochtopf-annecy\/","title":{"rendered":"Premium Kochtopf Annecy"},"content":{"rendered":"<p>Luxuspfanne aus rostfreiem Stahl mit Glasdeckel mit Silikonrand. Ein abnehmbarer Griff ist optional erh\u00e4ltlich. Die Pfanne ist auch f\u00fcr den Gebrauch im Backofen geeignet! Im Inneren der Pfanne befindet sich eine praktische Skala, damit du den Inhalt der Pfanne genau sehen kannst! Durch den Boden der Kapsel ist sie f\u00fcr alle W\u00e4rmequellen wie Gas, Strom, Keramik oder Induktion geeignet. (au\u00dfer abnehmbarem Griff ETKW5546).<\/p>\n<p>\u00d8 22X11cm, 4,0 Liter, 850 gr.<\/p>\n","protected":false},"excerpt":{"rendered":"<p>Luxuspfanne aus rostfreiem Stahl mit Glasdeckel mit Silikonrand. Ein abnehmbarer Griff ist optional erh\u00e4ltlich. Die Pfanne ist auch f\u00fcr den Gebrauch im Backofen geeignet! Im Inneren der Pfanne befindet sich eine praktische Skala, damit du den Inhalt der Pfanne genau sehen kannst! Durch den Boden der Kapsel ist sie f\u00fcr alle W\u00e4rmequellen wie Gas, Strom, [&hellip;]<\/p>\n","protected":false},"featured_media":188467,"template":"","meta":{"_acf_changed":false},"product_featured_cat":[5299,5300],"product_brand":[3075],"product_cat":[4266],"product_tag":[],"class_list":{"0":"post-188369","1":"product","2":"type-product","3":"status-publish","4":"has-post-thumbnail","6":"product_featured_cat-bantampreis","7":"product_featured_cat-prix-bantam-etagniers-de","8":"product_brand-eurotrail-de","9":"product_cat-kochtoepfe-pfannen-sets","11":"first","12":"instock","13":"taxable","14":"shipping-taxable","15":"purchasable","16":"product-type-simple"},"acf":[],"yoast_head":"<!-- This site is optimized with the Yoast SEO plugin v27.4 - https:\/\/yoast.com\/product\/yoast-seo-wordpress\/ -->\n<title>Premium Kochtopf Annecy - Bantam Camping AG<\/title>\n<meta name=\"robots\" content=\"index, follow, max-snippet:-1, max-image-preview:large, max-video-preview:-1\" \/>\n<link rel=\"canonical\" href=\"https:\/\/shop.bantam.ch\/de\/produkt\/premium-kochtopf-annecy\/\" \/>\n<meta property=\"og:locale\" content=\"de_DE\" \/>\n<meta property=\"og:type\" content=\"article\" \/>\n<meta property=\"og:title\" content=\"Premium Kochtopf Annecy - Bantam Camping AG\" \/>\n<meta property=\"og:description\" content=\"Luxuspfanne aus rostfreiem Stahl mit Glasdeckel mit Silikonrand. Ein abnehmbarer Griff ist optional erh\u00e4ltlich. Die Pfanne ist auch f\u00fcr den Gebrauch im Backofen geeignet! Im Inneren der Pfanne befindet sich eine praktische Skala, damit du den Inhalt der Pfanne genau sehen kannst! Durch den Boden der Kapsel ist sie f\u00fcr alle W\u00e4rmequellen wie Gas, Strom, [&hellip;]\" \/>\n<meta property=\"og:url\" content=\"https:\/\/shop.bantam.ch\/de\/produkt\/premium-kochtopf-annecy\/\" \/>\n<meta property=\"og:site_name\" content=\"Bantam Camping AG\" \/>\n<meta property=\"article:modified_time\" content=\"2026-04-18T20:55:20+00:00\" \/>\n<meta property=\"og:image\" content=\"https:\/\/shop.bantam.ch\/wp-content\/uploads\/2023\/12\/ETKW5316-1_600px.jpg\" \/>\n\t<meta property=\"og:image:width\" content=\"600\" \/>\n\t<meta property=\"og:image:height\" content=\"480\" \/>\n\t<meta property=\"og:image:type\" content=\"image\/jpeg\" \/>\n<meta name=\"twitter:card\" content=\"summary_large_image\" \/>\n<script type=\"application\/ld+json\" class=\"yoast-schema-graph\">{\"@context\":\"https:\\\/\\\/schema.org\",\"@graph\":[{\"@type\":\"WebPage\",\"@id\":\"https:\\\/\\\/shop.bantam.ch\\\/de\\\/produkt\\\/premium-kochtopf-annecy\\\/\",\"url\":\"https:\\\/\\\/shop.bantam.ch\\\/de\\\/produkt\\\/premium-kochtopf-annecy\\\/\",\"name\":\"Premium Kochtopf Annecy - Bantam Camping AG\",\"isPartOf\":{\"@id\":\"https:\\\/\\\/shop.bantam.ch\\\/de\\\/#website\"},\"primaryImageOfPage\":{\"@id\":\"https:\\\/\\\/shop.bantam.ch\\\/de\\\/produkt\\\/premium-kochtopf-annecy\\\/#primaryimage\"},\"image\":{\"@id\":\"https:\\\/\\\/shop.bantam.ch\\\/de\\\/produkt\\\/premium-kochtopf-annecy\\\/#primaryimage\"},\"thumbnailUrl\":\"https:\\\/\\\/shop.bantam.ch\\\/wp-content\\\/uploads\\\/2023\\\/12\\\/ETKW5316-1_600px.jpg\",\"datePublished\":\"2023-12-15T12:22:56+00:00\",\"dateModified\":\"2026-04-18T20:55:20+00:00\",\"breadcrumb\":{\"@id\":\"https:\\\/\\\/shop.bantam.ch\\\/de\\\/produkt\\\/premium-kochtopf-annecy\\\/#breadcrumb\"},\"inLanguage\":\"de\",\"potentialAction\":[{\"@type\":\"ReadAction\",\"target\":[\"https:\\\/\\\/shop.bantam.ch\\\/de\\\/produkt\\\/premium-kochtopf-annecy\\\/\"]}]},{\"@type\":\"ImageObject\",\"inLanguage\":\"de\",\"@id\":\"https:\\\/\\\/shop.bantam.ch\\\/de\\\/produkt\\\/premium-kochtopf-annecy\\\/#primaryimage\",\"url\":\"https:\\\/\\\/shop.bantam.ch\\\/wp-content\\\/uploads\\\/2023\\\/12\\\/ETKW5316-1_600px.jpg\",\"contentUrl\":\"https:\\\/\\\/shop.bantam.ch\\\/wp-content\\\/uploads\\\/2023\\\/12\\\/ETKW5316-1_600px.jpg\",\"width\":600,\"height\":480},{\"@type\":\"BreadcrumbList\",\"@id\":\"https:\\\/\\\/shop.bantam.ch\\\/de\\\/produkt\\\/premium-kochtopf-annecy\\\/#breadcrumb\",\"itemListElement\":[{\"@type\":\"ListItem\",\"position\":1,\"name\":\"Accueil\",\"item\":\"https:\\\/\\\/shop.bantam.ch\\\/de\\\/\"},{\"@type\":\"ListItem\",\"position\":2,\"name\":\"Shop\",\"item\":\"https:\\\/\\\/shop.bantam.ch\\\/de\\\/shop\\\/\"},{\"@type\":\"ListItem\",\"position\":3,\"name\":\"Premium Kochtopf Annecy\"}]},{\"@type\":\"WebSite\",\"@id\":\"https:\\\/\\\/shop.bantam.ch\\\/de\\\/#website\",\"url\":\"https:\\\/\\\/shop.bantam.ch\\\/de\\\/\",\"name\":\"Bantam Camping AG\",\"description\":\"\",\"publisher\":{\"@id\":\"https:\\\/\\\/shop.bantam.ch\\\/de\\\/#organization\"},\"inLanguage\":\"de\"},{\"@type\":\"Organization\",\"@id\":\"https:\\\/\\\/shop.bantam.ch\\\/de\\\/#organization\",\"name\":\"Bantam Camping AG\",\"url\":\"https:\\\/\\\/shop.bantam.ch\\\/de\\\/\",\"logo\":{\"@type\":\"ImageObject\",\"inLanguage\":\"de\",\"@id\":\"https:\\\/\\\/shop.bantam.ch\\\/de\\\/#\\\/schema\\\/logo\\\/image\\\/\",\"url\":\"https:\\\/\\\/shop.bantam.ch\\\/wp-content\\\/uploads\\\/2022\\\/12\\\/bantam-logo.png\",\"contentUrl\":\"https:\\\/\\\/shop.bantam.ch\\\/wp-content\\\/uploads\\\/2022\\\/12\\\/bantam-logo.png\",\"width\":320,\"height\":71,\"caption\":\"Bantam Camping AG\"},\"image\":{\"@id\":\"https:\\\/\\\/shop.bantam.ch\\\/de\\\/#\\\/schema\\\/logo\\\/image\\\/\"}}]}<\/script>\n<!-- \/ Yoast SEO plugin. -->","yoast_head_json":{"title":"Premium Kochtopf Annecy - Bantam Camping AG","robots":{"index":"index","follow":"follow","max-snippet":"max-snippet:-1","max-image-preview":"max-image-preview:large","max-video-preview":"max-video-preview:-1"},"canonical":"https:\/\/shop.bantam.ch\/de\/produkt\/premium-kochtopf-annecy\/","og_locale":"de_DE","og_type":"article","og_title":"Premium Kochtopf Annecy - Bantam Camping AG","og_description":"Luxuspfanne aus rostfreiem Stahl mit Glasdeckel mit Silikonrand. Ein abnehmbarer Griff ist optional erh\u00e4ltlich. Die Pfanne ist auch f\u00fcr den Gebrauch im Backofen geeignet! Im Inneren der Pfanne befindet sich eine praktische Skala, damit du den Inhalt der Pfanne genau sehen kannst! Durch den Boden der Kapsel ist sie f\u00fcr alle W\u00e4rmequellen wie Gas, Strom, [&hellip;]","og_url":"https:\/\/shop.bantam.ch\/de\/produkt\/premium-kochtopf-annecy\/","og_site_name":"Bantam Camping AG","article_modified_time":"2026-04-18T20:55:20+00:00","og_image":[{"width":600,"height":480,"url":"https:\/\/shop.bantam.ch\/wp-content\/uploads\/2023\/12\/ETKW5316-1_600px.jpg","type":"image\/jpeg"}],"twitter_card":"summary_large_image","schema":{"@context":"https:\/\/schema.org","@graph":[{"@type":"WebPage","@id":"https:\/\/shop.bantam.ch\/de\/produkt\/premium-kochtopf-annecy\/","url":"https:\/\/shop.bantam.ch\/de\/produkt\/premium-kochtopf-annecy\/","name":"Premium Kochtopf Annecy - Bantam Camping AG","isPartOf":{"@id":"https:\/\/shop.bantam.ch\/de\/#website"},"primaryImageOfPage":{"@id":"https:\/\/shop.bantam.ch\/de\/produkt\/premium-kochtopf-annecy\/#primaryimage"},"image":{"@id":"https:\/\/shop.bantam.ch\/de\/produkt\/premium-kochtopf-annecy\/#primaryimage"},"thumbnailUrl":"https:\/\/shop.bantam.ch\/wp-content\/uploads\/2023\/12\/ETKW5316-1_600px.jpg","datePublished":"2023-12-15T12:22:56+00:00","dateModified":"2026-04-18T20:55:20+00:00","breadcrumb":{"@id":"https:\/\/shop.bantam.ch\/de\/produkt\/premium-kochtopf-annecy\/#breadcrumb"},"inLanguage":"de","potentialAction":[{"@type":"ReadAction","target":["https:\/\/shop.bantam.ch\/de\/produkt\/premium-kochtopf-annecy\/"]}]},{"@type":"ImageObject","inLanguage":"de","@id":"https:\/\/shop.bantam.ch\/de\/produkt\/premium-kochtopf-annecy\/#primaryimage","url":"https:\/\/shop.bantam.ch\/wp-content\/uploads\/2023\/12\/ETKW5316-1_600px.jpg","contentUrl":"https:\/\/shop.bantam.ch\/wp-content\/uploads\/2023\/12\/ETKW5316-1_600px.jpg","width":600,"height":480},{"@type":"BreadcrumbList","@id":"https:\/\/shop.bantam.ch\/de\/produkt\/premium-kochtopf-annecy\/#breadcrumb","itemListElement":[{"@type":"ListItem","position":1,"name":"Accueil","item":"https:\/\/shop.bantam.ch\/de\/"},{"@type":"ListItem","position":2,"name":"Shop","item":"https:\/\/shop.bantam.ch\/de\/shop\/"},{"@type":"ListItem","position":3,"name":"Premium Kochtopf Annecy"}]},{"@type":"WebSite","@id":"https:\/\/shop.bantam.ch\/de\/#website","url":"https:\/\/shop.bantam.ch\/de\/","name":"Bantam Camping AG","description":"","publisher":{"@id":"https:\/\/shop.bantam.ch\/de\/#organization"},"inLanguage":"de"},{"@type":"Organization","@id":"https:\/\/shop.bantam.ch\/de\/#organization","name":"Bantam Camping AG","url":"https:\/\/shop.bantam.ch\/de\/","logo":{"@type":"ImageObject","inLanguage":"de","@id":"https:\/\/shop.bantam.ch\/de\/#\/schema\/logo\/image\/","url":"https:\/\/shop.bantam.ch\/wp-content\/uploads\/2022\/12\/bantam-logo.png","contentUrl":"https:\/\/shop.bantam.ch\/wp-content\/uploads\/2022\/12\/bantam-logo.png","width":320,"height":71,"caption":"Bantam Camping AG"},"image":{"@id":"https:\/\/shop.bantam.ch\/de\/#\/schema\/logo\/image\/"}}]}},"_links":{"self":[{"href":"https:\/\/shop.bantam.ch\/de\/wp-json\/wp\/v2\/product\/188369","targetHints":{"allow":["GET"]}}],"collection":[{"href":"https:\/\/shop.bantam.ch\/de\/wp-json\/wp\/v2\/product"}],"about":[{"href":"https:\/\/shop.bantam.ch\/de\/wp-json\/wp\/v2\/types\/product"}],"wp:featuredmedia":[{"embeddable":true,"href":"https:\/\/shop.bantam.ch\/de\/wp-json\/wp\/v2\/media\/188467"}],"wp:attachment":[{"href":"https:\/\/shop.bantam.ch\/de\/wp-json\/wp\/v2\/media?parent=188369"}],"wp:term":[{"taxonomy":"product_featured_cat","embeddable":true,"href":"https:\/\/shop.bantam.ch\/de\/wp-json\/wp\/v2\/product_featured_cat?post=188369"},{"taxonomy":"product_brand","embeddable":true,"href":"https:\/\/shop.bantam.ch\/de\/wp-json\/wp\/v2\/product_brand?post=188369"},{"taxonomy":"product_cat","embeddable":true,"href":"https:\/\/shop.bantam.ch\/de\/wp-json\/wp\/v2\/product_cat?post=188369"},{"taxonomy":"product_tag","embeddable":true,"href":"https:\/\/shop.bantam.ch\/de\/wp-json\/wp\/v2\/product_tag?post=188369"}],"curies":[{"name":"wp","href":"https:\/\/api.w.org\/{rel}","templated":true}]}}