{"id":188367,"date":"2024-02-09T13:21:04","date_gmt":"2024-02-09T12:21:04","guid":{"rendered":"https:\/\/shop.bantam.ch\/produit\/premium-pfannen-annecy-m\/"},"modified":"2026-04-18T22:55:20","modified_gmt":"2026-04-18T20:55:20","slug":"premium-pfannen-annecy-m","status":"publish","type":"product","link":"https:\/\/shop.bantam.ch\/de\/produkt\/premium-pfannen-annecy-m\/","title":{"rendered":"Premium Kochtopfset Annecy L"},"content":{"rendered":"<p>Topfset aus rostfreiem Stahl mit Glasdeckel, der mit Silikon umrandet ist. Die T\u00f6pfe sind ineinander stapelbar und mit einem abnehmbaren Griff ausgestattet, sodass sie fast \u00fcberall aufbewahrt werden k\u00f6nnen. Der spezielle Griff kann mit einem einzigartigen Klicksystem leicht abgenommen werden und sorgt f\u00fcr einen stabilen Halt an den T\u00f6pfen. Da der Griff abnehmbar ist, eignen sich die T\u00f6pfe auch f\u00fcr den Gebrauch im Backofen! Im Inneren der T\u00f6pfe befindet sich eine praktische Skala, damit Sie den Inhalt des Topfes genau sehen k\u00f6nnen. Der Deckel ist aus geh\u00e4rtetem Glas mit Silikonrand und -knopf. Die T\u00f6pfe lassen sich ineinander stapeln und nehmen daher wenig Platz ein. Durch den Kapselboden sind sie f\u00fcr alle W\u00e4rmequellen wie Gas, Strom, Keramik oder Induktion geeignet.\u00a0<\/p>\n<p>\u00d8 18x9cm, 1.5 Ltr., 800 Gr.<br \/>\u00d8 20x10cm, 2.0 Ltr., 971 Gr.<\/p>\n","protected":false},"excerpt":{"rendered":"<p>Topfset aus rostfreiem Stahl mit Glasdeckel, der mit Silikon umrandet ist. Die T\u00f6pfe sind ineinander stapelbar und mit einem abnehmbaren Griff ausgestattet, sodass sie fast \u00fcberall aufbewahrt werden k\u00f6nnen. Der spezielle Griff kann mit einem einzigartigen Klicksystem leicht abgenommen werden und sorgt f\u00fcr einen stabilen Halt an den T\u00f6pfen. Da der Griff abnehmbar ist, eignen [&hellip;]<\/p>\n","protected":false},"featured_media":188459,"template":"","meta":{"_acf_changed":false},"product_featured_cat":[],"product_brand":[3075],"product_cat":[4266],"product_tag":[],"class_list":{"0":"post-188367","1":"product","2":"type-product","3":"status-publish","4":"has-post-thumbnail","6":"product_brand-eurotrail-de","7":"product_cat-kochtoepfe-pfannen-sets","9":"first","10":"instock","11":"taxable","12":"shipping-taxable","13":"purchasable","14":"product-type-simple"},"acf":[],"yoast_head":"<!-- This site is optimized with the Yoast SEO plugin v27.4 - https:\/\/yoast.com\/product\/yoast-seo-wordpress\/ -->\n<title>Premium Kochtopfset Annecy L - Bantam Camping AG<\/title>\n<meta name=\"robots\" content=\"index, follow, max-snippet:-1, max-image-preview:large, max-video-preview:-1\" \/>\n<link rel=\"canonical\" href=\"https:\/\/shop.bantam.ch\/de\/produkt\/premium-pfannen-annecy-m\/\" \/>\n<meta property=\"og:locale\" content=\"de_DE\" \/>\n<meta property=\"og:type\" content=\"article\" \/>\n<meta property=\"og:title\" content=\"Premium Kochtopfset Annecy L - Bantam Camping AG\" \/>\n<meta property=\"og:description\" content=\"Topfset aus rostfreiem Stahl mit Glasdeckel, der mit Silikon umrandet ist. Die T\u00f6pfe sind ineinander stapelbar und mit einem abnehmbaren Griff ausgestattet, sodass sie fast \u00fcberall aufbewahrt werden k\u00f6nnen. Der spezielle Griff kann mit einem einzigartigen Klicksystem leicht abgenommen werden und sorgt f\u00fcr einen stabilen Halt an den T\u00f6pfen. Da der Griff abnehmbar ist, eignen [&hellip;]\" \/>\n<meta property=\"og:url\" content=\"https:\/\/shop.bantam.ch\/de\/produkt\/premium-pfannen-annecy-m\/\" \/>\n<meta property=\"og:site_name\" content=\"Bantam Camping AG\" \/>\n<meta property=\"article:modified_time\" content=\"2026-04-18T20:55:20+00:00\" \/>\n<meta property=\"og:image\" content=\"https:\/\/shop.bantam.ch\/wp-content\/uploads\/2023\/12\/ETKW5301-1_600px.jpg\" \/>\n\t<meta property=\"og:image:width\" content=\"600\" \/>\n\t<meta property=\"og:image:height\" content=\"423\" \/>\n\t<meta property=\"og:image:type\" content=\"image\/jpeg\" \/>\n<meta name=\"twitter:card\" content=\"summary_large_image\" \/>\n<meta name=\"twitter:label1\" content=\"Gesch\u00e4tzte Lesezeit\" \/>\n\t<meta name=\"twitter:data1\" content=\"1\u00a0Minute\" \/>\n<script type=\"application\/ld+json\" class=\"yoast-schema-graph\">{\"@context\":\"https:\\\/\\\/schema.org\",\"@graph\":[{\"@type\":\"WebPage\",\"@id\":\"https:\\\/\\\/shop.bantam.ch\\\/de\\\/produkt\\\/premium-pfannen-annecy-m\\\/\",\"url\":\"https:\\\/\\\/shop.bantam.ch\\\/de\\\/produkt\\\/premium-pfannen-annecy-m\\\/\",\"name\":\"Premium Kochtopfset Annecy L - Bantam Camping AG\",\"isPartOf\":{\"@id\":\"https:\\\/\\\/shop.bantam.ch\\\/de\\\/#website\"},\"primaryImageOfPage\":{\"@id\":\"https:\\\/\\\/shop.bantam.ch\\\/de\\\/produkt\\\/premium-pfannen-annecy-m\\\/#primaryimage\"},\"image\":{\"@id\":\"https:\\\/\\\/shop.bantam.ch\\\/de\\\/produkt\\\/premium-pfannen-annecy-m\\\/#primaryimage\"},\"thumbnailUrl\":\"https:\\\/\\\/shop.bantam.ch\\\/wp-content\\\/uploads\\\/2023\\\/12\\\/ETKW5301-1_600px.jpg\",\"datePublished\":\"2024-02-09T12:21:04+00:00\",\"dateModified\":\"2026-04-18T20:55:20+00:00\",\"breadcrumb\":{\"@id\":\"https:\\\/\\\/shop.bantam.ch\\\/de\\\/produkt\\\/premium-pfannen-annecy-m\\\/#breadcrumb\"},\"inLanguage\":\"de\",\"potentialAction\":[{\"@type\":\"ReadAction\",\"target\":[\"https:\\\/\\\/shop.bantam.ch\\\/de\\\/produkt\\\/premium-pfannen-annecy-m\\\/\"]}]},{\"@type\":\"ImageObject\",\"inLanguage\":\"de\",\"@id\":\"https:\\\/\\\/shop.bantam.ch\\\/de\\\/produkt\\\/premium-pfannen-annecy-m\\\/#primaryimage\",\"url\":\"https:\\\/\\\/shop.bantam.ch\\\/wp-content\\\/uploads\\\/2023\\\/12\\\/ETKW5301-1_600px.jpg\",\"contentUrl\":\"https:\\\/\\\/shop.bantam.ch\\\/wp-content\\\/uploads\\\/2023\\\/12\\\/ETKW5301-1_600px.jpg\",\"width\":600,\"height\":423},{\"@type\":\"BreadcrumbList\",\"@id\":\"https:\\\/\\\/shop.bantam.ch\\\/de\\\/produkt\\\/premium-pfannen-annecy-m\\\/#breadcrumb\",\"itemListElement\":[{\"@type\":\"ListItem\",\"position\":1,\"name\":\"Accueil\",\"item\":\"https:\\\/\\\/shop.bantam.ch\\\/de\\\/\"},{\"@type\":\"ListItem\",\"position\":2,\"name\":\"Shop\",\"item\":\"https:\\\/\\\/shop.bantam.ch\\\/de\\\/shop\\\/\"},{\"@type\":\"ListItem\",\"position\":3,\"name\":\"Premium Kochtopfset Annecy L\"}]},{\"@type\":\"WebSite\",\"@id\":\"https:\\\/\\\/shop.bantam.ch\\\/de\\\/#website\",\"url\":\"https:\\\/\\\/shop.bantam.ch\\\/de\\\/\",\"name\":\"Bantam Camping AG\",\"description\":\"\",\"publisher\":{\"@id\":\"https:\\\/\\\/shop.bantam.ch\\\/de\\\/#organization\"},\"inLanguage\":\"de\"},{\"@type\":\"Organization\",\"@id\":\"https:\\\/\\\/shop.bantam.ch\\\/de\\\/#organization\",\"name\":\"Bantam Camping AG\",\"url\":\"https:\\\/\\\/shop.bantam.ch\\\/de\\\/\",\"logo\":{\"@type\":\"ImageObject\",\"inLanguage\":\"de\",\"@id\":\"https:\\\/\\\/shop.bantam.ch\\\/de\\\/#\\\/schema\\\/logo\\\/image\\\/\",\"url\":\"https:\\\/\\\/shop.bantam.ch\\\/wp-content\\\/uploads\\\/2022\\\/12\\\/bantam-logo.png\",\"contentUrl\":\"https:\\\/\\\/shop.bantam.ch\\\/wp-content\\\/uploads\\\/2022\\\/12\\\/bantam-logo.png\",\"width\":320,\"height\":71,\"caption\":\"Bantam Camping AG\"},\"image\":{\"@id\":\"https:\\\/\\\/shop.bantam.ch\\\/de\\\/#\\\/schema\\\/logo\\\/image\\\/\"}}]}<\/script>\n<!-- \/ Yoast SEO plugin. -->","yoast_head_json":{"title":"Premium Kochtopfset Annecy L - Bantam Camping AG","robots":{"index":"index","follow":"follow","max-snippet":"max-snippet:-1","max-image-preview":"max-image-preview:large","max-video-preview":"max-video-preview:-1"},"canonical":"https:\/\/shop.bantam.ch\/de\/produkt\/premium-pfannen-annecy-m\/","og_locale":"de_DE","og_type":"article","og_title":"Premium Kochtopfset Annecy L - Bantam Camping AG","og_description":"Topfset aus rostfreiem Stahl mit Glasdeckel, der mit Silikon umrandet ist. Die T\u00f6pfe sind ineinander stapelbar und mit einem abnehmbaren Griff ausgestattet, sodass sie fast \u00fcberall aufbewahrt werden k\u00f6nnen. Der spezielle Griff kann mit einem einzigartigen Klicksystem leicht abgenommen werden und sorgt f\u00fcr einen stabilen Halt an den T\u00f6pfen. Da der Griff abnehmbar ist, eignen [&hellip;]","og_url":"https:\/\/shop.bantam.ch\/de\/produkt\/premium-pfannen-annecy-m\/","og_site_name":"Bantam Camping AG","article_modified_time":"2026-04-18T20:55:20+00:00","og_image":[{"width":600,"height":423,"url":"https:\/\/shop.bantam.ch\/wp-content\/uploads\/2023\/12\/ETKW5301-1_600px.jpg","type":"image\/jpeg"}],"twitter_card":"summary_large_image","twitter_misc":{"Gesch\u00e4tzte Lesezeit":"1\u00a0Minute"},"schema":{"@context":"https:\/\/schema.org","@graph":[{"@type":"WebPage","@id":"https:\/\/shop.bantam.ch\/de\/produkt\/premium-pfannen-annecy-m\/","url":"https:\/\/shop.bantam.ch\/de\/produkt\/premium-pfannen-annecy-m\/","name":"Premium Kochtopfset Annecy L - Bantam Camping AG","isPartOf":{"@id":"https:\/\/shop.bantam.ch\/de\/#website"},"primaryImageOfPage":{"@id":"https:\/\/shop.bantam.ch\/de\/produkt\/premium-pfannen-annecy-m\/#primaryimage"},"image":{"@id":"https:\/\/shop.bantam.ch\/de\/produkt\/premium-pfannen-annecy-m\/#primaryimage"},"thumbnailUrl":"https:\/\/shop.bantam.ch\/wp-content\/uploads\/2023\/12\/ETKW5301-1_600px.jpg","datePublished":"2024-02-09T12:21:04+00:00","dateModified":"2026-04-18T20:55:20+00:00","breadcrumb":{"@id":"https:\/\/shop.bantam.ch\/de\/produkt\/premium-pfannen-annecy-m\/#breadcrumb"},"inLanguage":"de","potentialAction":[{"@type":"ReadAction","target":["https:\/\/shop.bantam.ch\/de\/produkt\/premium-pfannen-annecy-m\/"]}]},{"@type":"ImageObject","inLanguage":"de","@id":"https:\/\/shop.bantam.ch\/de\/produkt\/premium-pfannen-annecy-m\/#primaryimage","url":"https:\/\/shop.bantam.ch\/wp-content\/uploads\/2023\/12\/ETKW5301-1_600px.jpg","contentUrl":"https:\/\/shop.bantam.ch\/wp-content\/uploads\/2023\/12\/ETKW5301-1_600px.jpg","width":600,"height":423},{"@type":"BreadcrumbList","@id":"https:\/\/shop.bantam.ch\/de\/produkt\/premium-pfannen-annecy-m\/#breadcrumb","itemListElement":[{"@type":"ListItem","position":1,"name":"Accueil","item":"https:\/\/shop.bantam.ch\/de\/"},{"@type":"ListItem","position":2,"name":"Shop","item":"https:\/\/shop.bantam.ch\/de\/shop\/"},{"@type":"ListItem","position":3,"name":"Premium Kochtopfset Annecy L"}]},{"@type":"WebSite","@id":"https:\/\/shop.bantam.ch\/de\/#website","url":"https:\/\/shop.bantam.ch\/de\/","name":"Bantam Camping AG","description":"","publisher":{"@id":"https:\/\/shop.bantam.ch\/de\/#organization"},"inLanguage":"de"},{"@type":"Organization","@id":"https:\/\/shop.bantam.ch\/de\/#organization","name":"Bantam Camping AG","url":"https:\/\/shop.bantam.ch\/de\/","logo":{"@type":"ImageObject","inLanguage":"de","@id":"https:\/\/shop.bantam.ch\/de\/#\/schema\/logo\/image\/","url":"https:\/\/shop.bantam.ch\/wp-content\/uploads\/2022\/12\/bantam-logo.png","contentUrl":"https:\/\/shop.bantam.ch\/wp-content\/uploads\/2022\/12\/bantam-logo.png","width":320,"height":71,"caption":"Bantam Camping AG"},"image":{"@id":"https:\/\/shop.bantam.ch\/de\/#\/schema\/logo\/image\/"}}]}},"_links":{"self":[{"href":"https:\/\/shop.bantam.ch\/de\/wp-json\/wp\/v2\/product\/188367","targetHints":{"allow":["GET"]}}],"collection":[{"href":"https:\/\/shop.bantam.ch\/de\/wp-json\/wp\/v2\/product"}],"about":[{"href":"https:\/\/shop.bantam.ch\/de\/wp-json\/wp\/v2\/types\/product"}],"wp:featuredmedia":[{"embeddable":true,"href":"https:\/\/shop.bantam.ch\/de\/wp-json\/wp\/v2\/media\/188459"}],"wp:attachment":[{"href":"https:\/\/shop.bantam.ch\/de\/wp-json\/wp\/v2\/media?parent=188367"}],"wp:term":[{"taxonomy":"product_featured_cat","embeddable":true,"href":"https:\/\/shop.bantam.ch\/de\/wp-json\/wp\/v2\/product_featured_cat?post=188367"},{"taxonomy":"product_brand","embeddable":true,"href":"https:\/\/shop.bantam.ch\/de\/wp-json\/wp\/v2\/product_brand?post=188367"},{"taxonomy":"product_cat","embeddable":true,"href":"https:\/\/shop.bantam.ch\/de\/wp-json\/wp\/v2\/product_cat?post=188367"},{"taxonomy":"product_tag","embeddable":true,"href":"https:\/\/shop.bantam.ch\/de\/wp-json\/wp\/v2\/product_tag?post=188367"}],"curies":[{"name":"wp","href":"https:\/\/api.w.org\/{rel}","templated":true}]}}