{"id":188359,"date":"2023-12-15T13:11:00","date_gmt":"2023-12-15T12:11:00","guid":{"rendered":"https:\/\/shop.bantam.ch\/produit\/wiederaufladbare-klimaanlage\/"},"modified":"2026-04-20T22:53:26","modified_gmt":"2026-04-20T20:53:26","slug":"wiederaufladbare-klimaanlage","status":"publish","type":"product","link":"https:\/\/shop.bantam.ch\/de\/produkt\/wiederaufladbare-klimaanlage\/","title":{"rendered":"Wiederaufladbare Klimaanlage"},"content":{"rendered":"<p>Dieser wiederaufladbare Luftk\u00fchler kann \u00fcberall eingesetzt werden: im Wohnmobil, im Wohnwagen oder beim Camping im Zelt, aber auch zu Hause im Schlafzimmer.<br \/>\nDer K\u00fchler kann nicht nur \u00fcber die Steckdose betrieben werden, sondern ist auch mit einem robusten, wiederaufladbaren Akku (USB) ausgestattet, der bei niedriger Geschwindigkeit 1,5 bis 2 Stunden und bei hoher Geschwindigkeit etwa 50 Minuten h\u00e4lt.<br \/>\nEr saugt die warme Luft aus dem Raum an, um den Raum \u00fcber den Wasserfilter durch Verdunstung mit frischer Luft zu f\u00fcllen. Er hat einen 430 ml Wassertank und einen 33 ml Spezialtank, in den man \u00e4therisches \u00d6l f\u00fcr einen sch\u00f6nen Duft einf\u00fcllen kann!<br \/>\nDer K\u00fchler k\u00fchlt die Luft um Sie herum, befeuchtet sie und reinigt den Raum. Das beste K\u00fchlergebnis wird erzielt, wenn Sie Eis in den Beh\u00e4lter geben. Je k\u00e4lter das Wasser im Beh\u00e4lter ist, desto k\u00e4lter ist die Luft.<\/p>\n<p>Details:<br \/>\n&#8211; 8W Power, DC-5V 1.5A.<br \/>\n&#8211; Kompakt und tragbar<br \/>\n&#8211; Wiegt nur 1 kg, Kompakte Gr\u00f6\u00dfe 16,5&#215;16,5&#215;18,5 cm.<br \/>\n&#8211; Wassertank mit 430 ml Fassungsverm\u00f6gen<br \/>\n&#8211; Ausreichend f\u00fcr 3-5 Stunden K\u00fchlung, je nach Ventilatorgeschwindigkeit und Raumtemperatur.<br \/>\n&#8211; Inkl. 33 ml Beh\u00e4lter f\u00fcr \u00e4therisches \u00d6l und praktische Injektionsflasche.<br \/>\n&#8211; Auswechselbarer Wasserfilter<br \/>\n&#8211; Wiederaufladbarer USB-Akku 1,5-2 Stunden Betriebsdauer.<br \/>\n&#8211; Eingebautes beruhigendes LED-Nachtlicht<br \/>\n&#8211; 3 verschiedene Geschwindigkeitseinstellungen<br \/>\n&#8211; Sterilisator<br \/>\n&#8211; Geeignet f\u00fcr Wohnmobil, Wohnwagen, Zelt oder zu Hause<\/p>\n","protected":false},"excerpt":{"rendered":"<p>Dieser wiederaufladbare Luftk\u00fchler kann \u00fcberall eingesetzt werden: im Wohnmobil, im Wohnwagen oder beim Camping im Zelt, aber auch zu Hause im Schlafzimmer. Der K\u00fchler kann nicht nur \u00fcber die Steckdose betrieben werden, sondern ist auch mit einem robusten, wiederaufladbaren Akku (USB) ausgestattet, der bei niedriger Geschwindigkeit 1,5 bis 2 Stunden und bei hoher Geschwindigkeit etwa [&hellip;]<\/p>\n","protected":false},"featured_media":188443,"template":"","meta":{"_acf_changed":false},"product_featured_cat":[],"product_brand":[3075],"product_cat":[4096],"product_tag":[],"class_list":{"0":"post-188359","1":"product","2":"type-product","3":"status-publish","4":"has-post-thumbnail","6":"product_brand-eurotrail-de","7":"product_cat-kuehlen-zubehoer","9":"first","10":"instock","11":"taxable","12":"shipping-taxable","13":"purchasable","14":"product-type-simple"},"acf":[],"yoast_head":"<!-- This site is optimized with the Yoast SEO plugin v27.4 - https:\/\/yoast.com\/product\/yoast-seo-wordpress\/ -->\n<title>Wiederaufladbare Klimaanlage - Bantam Camping AG<\/title>\n<meta name=\"robots\" content=\"index, follow, max-snippet:-1, max-image-preview:large, max-video-preview:-1\" \/>\n<link rel=\"canonical\" href=\"https:\/\/shop.bantam.ch\/de\/produkt\/wiederaufladbare-klimaanlage\/\" \/>\n<meta property=\"og:locale\" content=\"de_DE\" \/>\n<meta property=\"og:type\" content=\"article\" \/>\n<meta property=\"og:title\" content=\"Wiederaufladbare Klimaanlage - Bantam Camping AG\" \/>\n<meta property=\"og:description\" content=\"Dieser wiederaufladbare Luftk\u00fchler kann \u00fcberall eingesetzt werden: im Wohnmobil, im Wohnwagen oder beim Camping im Zelt, aber auch zu Hause im Schlafzimmer. Der K\u00fchler kann nicht nur \u00fcber die Steckdose betrieben werden, sondern ist auch mit einem robusten, wiederaufladbaren Akku (USB) ausgestattet, der bei niedriger Geschwindigkeit 1,5 bis 2 Stunden und bei hoher Geschwindigkeit etwa [&hellip;]\" \/>\n<meta property=\"og:url\" content=\"https:\/\/shop.bantam.ch\/de\/produkt\/wiederaufladbare-klimaanlage\/\" \/>\n<meta property=\"og:site_name\" content=\"Bantam Camping AG\" \/>\n<meta property=\"article:modified_time\" content=\"2026-04-20T20:53:26+00:00\" \/>\n<meta name=\"twitter:card\" content=\"summary_large_image\" \/>\n<meta name=\"twitter:label1\" content=\"Gesch\u00e4tzte Lesezeit\" \/>\n\t<meta name=\"twitter:data1\" content=\"1\u00a0Minute\" \/>\n<script type=\"application\/ld+json\" class=\"yoast-schema-graph\">{\"@context\":\"https:\\\/\\\/schema.org\",\"@graph\":[{\"@type\":\"WebPage\",\"@id\":\"https:\\\/\\\/shop.bantam.ch\\\/de\\\/produkt\\\/wiederaufladbare-klimaanlage\\\/\",\"url\":\"https:\\\/\\\/shop.bantam.ch\\\/de\\\/produkt\\\/wiederaufladbare-klimaanlage\\\/\",\"name\":\"Wiederaufladbare Klimaanlage - Bantam Camping AG\",\"isPartOf\":{\"@id\":\"https:\\\/\\\/shop.bantam.ch\\\/de\\\/#website\"},\"primaryImageOfPage\":{\"@id\":\"https:\\\/\\\/shop.bantam.ch\\\/de\\\/produkt\\\/wiederaufladbare-klimaanlage\\\/#primaryimage\"},\"image\":{\"@id\":\"https:\\\/\\\/shop.bantam.ch\\\/de\\\/produkt\\\/wiederaufladbare-klimaanlage\\\/#primaryimage\"},\"thumbnailUrl\":\"https:\\\/\\\/shop.bantam.ch\\\/wp-content\\\/uploads\\\/2023\\\/12\\\/ETLT5001-Air-Cooler-Rechargable-A1-met-lucht-en-rook-GESPIEGELD-S-21_600px.jpg\",\"datePublished\":\"2023-12-15T12:11:00+00:00\",\"dateModified\":\"2026-04-20T20:53:26+00:00\",\"breadcrumb\":{\"@id\":\"https:\\\/\\\/shop.bantam.ch\\\/de\\\/produkt\\\/wiederaufladbare-klimaanlage\\\/#breadcrumb\"},\"inLanguage\":\"de\",\"potentialAction\":[{\"@type\":\"ReadAction\",\"target\":[\"https:\\\/\\\/shop.bantam.ch\\\/de\\\/produkt\\\/wiederaufladbare-klimaanlage\\\/\"]}]},{\"@type\":\"ImageObject\",\"inLanguage\":\"de\",\"@id\":\"https:\\\/\\\/shop.bantam.ch\\\/de\\\/produkt\\\/wiederaufladbare-klimaanlage\\\/#primaryimage\",\"url\":\"https:\\\/\\\/shop.bantam.ch\\\/wp-content\\\/uploads\\\/2023\\\/12\\\/ETLT5001-Air-Cooler-Rechargable-A1-met-lucht-en-rook-GESPIEGELD-S-21_600px.jpg\",\"contentUrl\":\"https:\\\/\\\/shop.bantam.ch\\\/wp-content\\\/uploads\\\/2023\\\/12\\\/ETLT5001-Air-Cooler-Rechargable-A1-met-lucht-en-rook-GESPIEGELD-S-21_600px.jpg\",\"width\":600,\"height\":514},{\"@type\":\"BreadcrumbList\",\"@id\":\"https:\\\/\\\/shop.bantam.ch\\\/de\\\/produkt\\\/wiederaufladbare-klimaanlage\\\/#breadcrumb\",\"itemListElement\":[{\"@type\":\"ListItem\",\"position\":1,\"name\":\"Accueil\",\"item\":\"https:\\\/\\\/shop.bantam.ch\\\/de\\\/\"},{\"@type\":\"ListItem\",\"position\":2,\"name\":\"Shop\",\"item\":\"https:\\\/\\\/shop.bantam.ch\\\/de\\\/shop\\\/\"},{\"@type\":\"ListItem\",\"position\":3,\"name\":\"Wiederaufladbare Klimaanlage\"}]},{\"@type\":\"WebSite\",\"@id\":\"https:\\\/\\\/shop.bantam.ch\\\/de\\\/#website\",\"url\":\"https:\\\/\\\/shop.bantam.ch\\\/de\\\/\",\"name\":\"Bantam Camping AG\",\"description\":\"\",\"publisher\":{\"@id\":\"https:\\\/\\\/shop.bantam.ch\\\/de\\\/#organization\"},\"inLanguage\":\"de\"},{\"@type\":\"Organization\",\"@id\":\"https:\\\/\\\/shop.bantam.ch\\\/de\\\/#organization\",\"name\":\"Bantam Camping AG\",\"url\":\"https:\\\/\\\/shop.bantam.ch\\\/de\\\/\",\"logo\":{\"@type\":\"ImageObject\",\"inLanguage\":\"de\",\"@id\":\"https:\\\/\\\/shop.bantam.ch\\\/de\\\/#\\\/schema\\\/logo\\\/image\\\/\",\"url\":\"https:\\\/\\\/shop.bantam.ch\\\/wp-content\\\/uploads\\\/2022\\\/12\\\/bantam-logo.png\",\"contentUrl\":\"https:\\\/\\\/shop.bantam.ch\\\/wp-content\\\/uploads\\\/2022\\\/12\\\/bantam-logo.png\",\"width\":320,\"height\":71,\"caption\":\"Bantam Camping AG\"},\"image\":{\"@id\":\"https:\\\/\\\/shop.bantam.ch\\\/de\\\/#\\\/schema\\\/logo\\\/image\\\/\"}}]}<\/script>\n<!-- \/ Yoast SEO plugin. -->","yoast_head_json":{"title":"Wiederaufladbare Klimaanlage - Bantam Camping AG","robots":{"index":"index","follow":"follow","max-snippet":"max-snippet:-1","max-image-preview":"max-image-preview:large","max-video-preview":"max-video-preview:-1"},"canonical":"https:\/\/shop.bantam.ch\/de\/produkt\/wiederaufladbare-klimaanlage\/","og_locale":"de_DE","og_type":"article","og_title":"Wiederaufladbare Klimaanlage - Bantam Camping AG","og_description":"Dieser wiederaufladbare Luftk\u00fchler kann \u00fcberall eingesetzt werden: im Wohnmobil, im Wohnwagen oder beim Camping im Zelt, aber auch zu Hause im Schlafzimmer. Der K\u00fchler kann nicht nur \u00fcber die Steckdose betrieben werden, sondern ist auch mit einem robusten, wiederaufladbaren Akku (USB) ausgestattet, der bei niedriger Geschwindigkeit 1,5 bis 2 Stunden und bei hoher Geschwindigkeit etwa [&hellip;]","og_url":"https:\/\/shop.bantam.ch\/de\/produkt\/wiederaufladbare-klimaanlage\/","og_site_name":"Bantam Camping AG","article_modified_time":"2026-04-20T20:53:26+00:00","twitter_card":"summary_large_image","twitter_misc":{"Gesch\u00e4tzte Lesezeit":"1\u00a0Minute"},"schema":{"@context":"https:\/\/schema.org","@graph":[{"@type":"WebPage","@id":"https:\/\/shop.bantam.ch\/de\/produkt\/wiederaufladbare-klimaanlage\/","url":"https:\/\/shop.bantam.ch\/de\/produkt\/wiederaufladbare-klimaanlage\/","name":"Wiederaufladbare Klimaanlage - Bantam Camping AG","isPartOf":{"@id":"https:\/\/shop.bantam.ch\/de\/#website"},"primaryImageOfPage":{"@id":"https:\/\/shop.bantam.ch\/de\/produkt\/wiederaufladbare-klimaanlage\/#primaryimage"},"image":{"@id":"https:\/\/shop.bantam.ch\/de\/produkt\/wiederaufladbare-klimaanlage\/#primaryimage"},"thumbnailUrl":"https:\/\/shop.bantam.ch\/wp-content\/uploads\/2023\/12\/ETLT5001-Air-Cooler-Rechargable-A1-met-lucht-en-rook-GESPIEGELD-S-21_600px.jpg","datePublished":"2023-12-15T12:11:00+00:00","dateModified":"2026-04-20T20:53:26+00:00","breadcrumb":{"@id":"https:\/\/shop.bantam.ch\/de\/produkt\/wiederaufladbare-klimaanlage\/#breadcrumb"},"inLanguage":"de","potentialAction":[{"@type":"ReadAction","target":["https:\/\/shop.bantam.ch\/de\/produkt\/wiederaufladbare-klimaanlage\/"]}]},{"@type":"ImageObject","inLanguage":"de","@id":"https:\/\/shop.bantam.ch\/de\/produkt\/wiederaufladbare-klimaanlage\/#primaryimage","url":"https:\/\/shop.bantam.ch\/wp-content\/uploads\/2023\/12\/ETLT5001-Air-Cooler-Rechargable-A1-met-lucht-en-rook-GESPIEGELD-S-21_600px.jpg","contentUrl":"https:\/\/shop.bantam.ch\/wp-content\/uploads\/2023\/12\/ETLT5001-Air-Cooler-Rechargable-A1-met-lucht-en-rook-GESPIEGELD-S-21_600px.jpg","width":600,"height":514},{"@type":"BreadcrumbList","@id":"https:\/\/shop.bantam.ch\/de\/produkt\/wiederaufladbare-klimaanlage\/#breadcrumb","itemListElement":[{"@type":"ListItem","position":1,"name":"Accueil","item":"https:\/\/shop.bantam.ch\/de\/"},{"@type":"ListItem","position":2,"name":"Shop","item":"https:\/\/shop.bantam.ch\/de\/shop\/"},{"@type":"ListItem","position":3,"name":"Wiederaufladbare Klimaanlage"}]},{"@type":"WebSite","@id":"https:\/\/shop.bantam.ch\/de\/#website","url":"https:\/\/shop.bantam.ch\/de\/","name":"Bantam Camping AG","description":"","publisher":{"@id":"https:\/\/shop.bantam.ch\/de\/#organization"},"inLanguage":"de"},{"@type":"Organization","@id":"https:\/\/shop.bantam.ch\/de\/#organization","name":"Bantam Camping AG","url":"https:\/\/shop.bantam.ch\/de\/","logo":{"@type":"ImageObject","inLanguage":"de","@id":"https:\/\/shop.bantam.ch\/de\/#\/schema\/logo\/image\/","url":"https:\/\/shop.bantam.ch\/wp-content\/uploads\/2022\/12\/bantam-logo.png","contentUrl":"https:\/\/shop.bantam.ch\/wp-content\/uploads\/2022\/12\/bantam-logo.png","width":320,"height":71,"caption":"Bantam Camping AG"},"image":{"@id":"https:\/\/shop.bantam.ch\/de\/#\/schema\/logo\/image\/"}}]}},"_links":{"self":[{"href":"https:\/\/shop.bantam.ch\/de\/wp-json\/wp\/v2\/product\/188359","targetHints":{"allow":["GET"]}}],"collection":[{"href":"https:\/\/shop.bantam.ch\/de\/wp-json\/wp\/v2\/product"}],"about":[{"href":"https:\/\/shop.bantam.ch\/de\/wp-json\/wp\/v2\/types\/product"}],"wp:featuredmedia":[{"embeddable":true,"href":"https:\/\/shop.bantam.ch\/de\/wp-json\/wp\/v2\/media\/188443"}],"wp:attachment":[{"href":"https:\/\/shop.bantam.ch\/de\/wp-json\/wp\/v2\/media?parent=188359"}],"wp:term":[{"taxonomy":"product_featured_cat","embeddable":true,"href":"https:\/\/shop.bantam.ch\/de\/wp-json\/wp\/v2\/product_featured_cat?post=188359"},{"taxonomy":"product_brand","embeddable":true,"href":"https:\/\/shop.bantam.ch\/de\/wp-json\/wp\/v2\/product_brand?post=188359"},{"taxonomy":"product_cat","embeddable":true,"href":"https:\/\/shop.bantam.ch\/de\/wp-json\/wp\/v2\/product_cat?post=188359"},{"taxonomy":"product_tag","embeddable":true,"href":"https:\/\/shop.bantam.ch\/de\/wp-json\/wp\/v2\/product_tag?post=188359"}],"curies":[{"name":"wp","href":"https:\/\/api.w.org\/{rel}","templated":true}]}}