{"id":188354,"date":"2023-12-15T12:45:25","date_gmt":"2023-12-15T11:45:25","guid":{"rendered":"https:\/\/shop.bantam.ch\/produit\/zelt-mount-baker-btc\/"},"modified":"2026-05-01T22:48:54","modified_gmt":"2026-05-01T20:48:54","slug":"zelt-mount-baker-btc","status":"publish","type":"product","link":"https:\/\/shop.bantam.ch\/de\/produkt\/zelt-mount-baker-btc\/","title":{"rendered":"Zelt MOUNT BAKER BTC"},"content":{"rendered":"<p>Das Mount Baker BTC besteht aus atmungsaktivem Polyester\/Baumwolle-Material und ist f\u00fcr 5 Personen geeignet. Sehr gro\u00dfer, praktischer Wohnbereich mit gro\u00dfen, verschlie\u00dfbaren Fenstern rundum und einem sch\u00f6nen Panoramablick. Seitent\u00fcr mit Regenschutzdach und zus\u00e4tzlicher Netzt\u00fcr f\u00fcr gute Bel\u00fcftung. Der Mount Baker Air ist mit dem AirTube-Aufblassystem ausgestattet, das ein schnelles und einfaches Aufstellen erm\u00f6glicht. Die Sitzgruppe bietet viel Platz f\u00fcr Tisch, St\u00fchle und Gep\u00e4ck. Das tiefe, feste Vorzelt mit Fenstern bietet Ihnen einen perfekten Schattenbereich zum Sitzen und Entspannen. Das gro\u00dfe Innenzelt mit Trennwand kann in eine ger\u00e4umige Kabine f\u00fcr 3 und 2 Personen geteilt werden und verf\u00fcgt au\u00dferdem \u00fcber einen praktischen Organizer in der Vorderwand und Netztaschen im Inneren. Der vollst\u00e4ndig fixierte Zeltboden sorgt daf\u00fcr, dass Schmutz und Ungeziefer drau\u00dfen bleiben.<\/p>\n<p>Au\u00dfenmaterial: Polyester\/Baumwolle 65\/35 % atmungsaktiv.<br \/>\nInnenzelt: 100 % Polyester<br \/>\nBoden: 100 % Polyester Oxford min.5000mm<br \/>\nLuftschl\u00e4uche: \u00d8 12 cm<br \/>\nBaldachinstange: \u00d8 9,5 mm + Aluminiumstange \u00d8 7,9 mm.<br \/>\nMa\u00dfe: 710x360x210cm<br \/>\nH\u00f6he: 210cm<br \/>\nGewicht: 43 kg.<br \/>\nVerpackt: 90x70x50cm<\/p>\n","protected":false},"excerpt":{"rendered":"<p>Das Mount Baker BTC besteht aus atmungsaktivem Polyester\/Baumwolle-Material und ist f\u00fcr 5 Personen geeignet. Sehr gro\u00dfer, praktischer Wohnbereich mit gro\u00dfen, verschlie\u00dfbaren Fenstern rundum und einem sch\u00f6nen Panoramablick. Seitent\u00fcr mit Regenschutzdach und zus\u00e4tzlicher Netzt\u00fcr f\u00fcr gute Bel\u00fcftung. Der Mount Baker Air ist mit dem AirTube-Aufblassystem ausgestattet, das ein schnelles und einfaches Aufstellen erm\u00f6glicht. Die Sitzgruppe bietet [&hellip;]<\/p>\n","protected":false},"featured_media":188421,"template":"","meta":{"_acf_changed":false},"product_featured_cat":[],"product_brand":[3075],"product_cat":[4242],"product_tag":[],"class_list":{"0":"post-188354","1":"product","2":"type-product","3":"status-publish","4":"has-post-thumbnail","6":"product_brand-eurotrail-de","7":"product_cat-funktionszelte","9":"first","10":"instock","11":"sale","12":"taxable","13":"shipping-taxable","14":"purchasable","15":"product-type-simple"},"acf":[],"yoast_head":"<!-- This site is optimized with the Yoast SEO plugin v27.5 - https:\/\/yoast.com\/product\/yoast-seo-wordpress\/ -->\n<title>Zelt MOUNT BAKER BTC - Bantam<\/title>\n<meta name=\"robots\" content=\"index, follow, max-snippet:-1, max-image-preview:large, max-video-preview:-1\" \/>\n<link rel=\"canonical\" href=\"https:\/\/shop.bantam.ch\/de\/produkt\/zelt-mount-baker-btc\/\" \/>\n<meta property=\"og:locale\" content=\"de_DE\" \/>\n<meta property=\"og:type\" content=\"article\" \/>\n<meta property=\"og:title\" content=\"Zelt MOUNT BAKER BTC - Bantam\" \/>\n<meta property=\"og:description\" content=\"Das Mount Baker BTC besteht aus atmungsaktivem Polyester\/Baumwolle-Material und ist f\u00fcr 5 Personen geeignet. Sehr gro\u00dfer, praktischer Wohnbereich mit gro\u00dfen, verschlie\u00dfbaren Fenstern rundum und einem sch\u00f6nen Panoramablick. Seitent\u00fcr mit Regenschutzdach und zus\u00e4tzlicher Netzt\u00fcr f\u00fcr gute Bel\u00fcftung. Der Mount Baker Air ist mit dem AirTube-Aufblassystem ausgestattet, das ein schnelles und einfaches Aufstellen erm\u00f6glicht. Die Sitzgruppe bietet [&hellip;]\" \/>\n<meta property=\"og:url\" content=\"https:\/\/shop.bantam.ch\/de\/produkt\/zelt-mount-baker-btc\/\" \/>\n<meta property=\"og:site_name\" content=\"Bantam\" \/>\n<meta property=\"article:modified_time\" content=\"2026-05-01T20:48:54+00:00\" \/>\n<meta property=\"og:image\" content=\"https:\/\/shop.bantam.ch\/wp-content\/uploads\/2023\/12\/ETTE1131_Mount-Baker-Air_side_600px.jpg\" \/>\n\t<meta property=\"og:image:width\" content=\"600\" \/>\n\t<meta property=\"og:image:height\" content=\"400\" \/>\n\t<meta property=\"og:image:type\" content=\"image\/jpeg\" \/>\n<meta name=\"twitter:card\" content=\"summary_large_image\" \/>\n<meta name=\"twitter:label1\" content=\"Gesch\u00e4tzte Lesezeit\" \/>\n\t<meta name=\"twitter:data1\" content=\"1\u00a0Minute\" \/>\n<script type=\"application\/ld+json\" class=\"yoast-schema-graph\">{\"@context\":\"https:\\\/\\\/schema.org\",\"@graph\":[{\"@type\":\"WebPage\",\"@id\":\"https:\\\/\\\/shop.bantam.ch\\\/de\\\/produkt\\\/zelt-mount-baker-btc\\\/\",\"url\":\"https:\\\/\\\/shop.bantam.ch\\\/de\\\/produkt\\\/zelt-mount-baker-btc\\\/\",\"name\":\"Zelt MOUNT BAKER BTC - Bantam\",\"isPartOf\":{\"@id\":\"https:\\\/\\\/shop.bantam.ch\\\/de\\\/#website\"},\"primaryImageOfPage\":{\"@id\":\"https:\\\/\\\/shop.bantam.ch\\\/de\\\/produkt\\\/zelt-mount-baker-btc\\\/#primaryimage\"},\"image\":{\"@id\":\"https:\\\/\\\/shop.bantam.ch\\\/de\\\/produkt\\\/zelt-mount-baker-btc\\\/#primaryimage\"},\"thumbnailUrl\":\"https:\\\/\\\/shop.bantam.ch\\\/wp-content\\\/uploads\\\/2023\\\/12\\\/ETTE1131_Mount-Baker-Air_side_600px.jpg\",\"datePublished\":\"2023-12-15T11:45:25+00:00\",\"dateModified\":\"2026-05-01T20:48:54+00:00\",\"breadcrumb\":{\"@id\":\"https:\\\/\\\/shop.bantam.ch\\\/de\\\/produkt\\\/zelt-mount-baker-btc\\\/#breadcrumb\"},\"inLanguage\":\"de\",\"potentialAction\":[{\"@type\":\"ReadAction\",\"target\":[\"https:\\\/\\\/shop.bantam.ch\\\/de\\\/produkt\\\/zelt-mount-baker-btc\\\/\"]}]},{\"@type\":\"ImageObject\",\"inLanguage\":\"de\",\"@id\":\"https:\\\/\\\/shop.bantam.ch\\\/de\\\/produkt\\\/zelt-mount-baker-btc\\\/#primaryimage\",\"url\":\"https:\\\/\\\/shop.bantam.ch\\\/wp-content\\\/uploads\\\/2023\\\/12\\\/ETTE1131_Mount-Baker-Air_side_600px.jpg\",\"contentUrl\":\"https:\\\/\\\/shop.bantam.ch\\\/wp-content\\\/uploads\\\/2023\\\/12\\\/ETTE1131_Mount-Baker-Air_side_600px.jpg\",\"width\":600,\"height\":400},{\"@type\":\"BreadcrumbList\",\"@id\":\"https:\\\/\\\/shop.bantam.ch\\\/de\\\/produkt\\\/zelt-mount-baker-btc\\\/#breadcrumb\",\"itemListElement\":[{\"@type\":\"ListItem\",\"position\":1,\"name\":\"Accueil\",\"item\":\"https:\\\/\\\/shop.bantam.ch\\\/de\\\/\"},{\"@type\":\"ListItem\",\"position\":2,\"name\":\"Shop\",\"item\":\"https:\\\/\\\/shop.bantam.ch\\\/de\\\/shop\\\/\"},{\"@type\":\"ListItem\",\"position\":3,\"name\":\"Zelt MOUNT BAKER BTC\"}]},{\"@type\":\"WebSite\",\"@id\":\"https:\\\/\\\/shop.bantam.ch\\\/de\\\/#website\",\"url\":\"https:\\\/\\\/shop.bantam.ch\\\/de\\\/\",\"name\":\"Bantam\",\"description\":\"\",\"publisher\":{\"@id\":\"https:\\\/\\\/shop.bantam.ch\\\/de\\\/#organization\"},\"inLanguage\":\"de\"},{\"@type\":\"Organization\",\"@id\":\"https:\\\/\\\/shop.bantam.ch\\\/de\\\/#organization\",\"name\":\"Bantam\",\"url\":\"https:\\\/\\\/shop.bantam.ch\\\/de\\\/\",\"logo\":{\"@type\":\"ImageObject\",\"inLanguage\":\"de\",\"@id\":\"https:\\\/\\\/shop.bantam.ch\\\/de\\\/#\\\/schema\\\/logo\\\/image\\\/\",\"url\":\"https:\\\/\\\/shop.bantam.ch\\\/wp-content\\\/uploads\\\/2022\\\/12\\\/bantam-logo.png\",\"contentUrl\":\"https:\\\/\\\/shop.bantam.ch\\\/wp-content\\\/uploads\\\/2022\\\/12\\\/bantam-logo.png\",\"width\":320,\"height\":71,\"caption\":\"Bantam\"},\"image\":{\"@id\":\"https:\\\/\\\/shop.bantam.ch\\\/de\\\/#\\\/schema\\\/logo\\\/image\\\/\"}}]}<\/script>\n<!-- \/ Yoast SEO plugin. -->","yoast_head_json":{"title":"Zelt MOUNT BAKER BTC - Bantam","robots":{"index":"index","follow":"follow","max-snippet":"max-snippet:-1","max-image-preview":"max-image-preview:large","max-video-preview":"max-video-preview:-1"},"canonical":"https:\/\/shop.bantam.ch\/de\/produkt\/zelt-mount-baker-btc\/","og_locale":"de_DE","og_type":"article","og_title":"Zelt MOUNT BAKER BTC - Bantam","og_description":"Das Mount Baker BTC besteht aus atmungsaktivem Polyester\/Baumwolle-Material und ist f\u00fcr 5 Personen geeignet. Sehr gro\u00dfer, praktischer Wohnbereich mit gro\u00dfen, verschlie\u00dfbaren Fenstern rundum und einem sch\u00f6nen Panoramablick. Seitent\u00fcr mit Regenschutzdach und zus\u00e4tzlicher Netzt\u00fcr f\u00fcr gute Bel\u00fcftung. Der Mount Baker Air ist mit dem AirTube-Aufblassystem ausgestattet, das ein schnelles und einfaches Aufstellen erm\u00f6glicht. Die Sitzgruppe bietet [&hellip;]","og_url":"https:\/\/shop.bantam.ch\/de\/produkt\/zelt-mount-baker-btc\/","og_site_name":"Bantam","article_modified_time":"2026-05-01T20:48:54+00:00","og_image":[{"width":600,"height":400,"url":"https:\/\/shop.bantam.ch\/wp-content\/uploads\/2023\/12\/ETTE1131_Mount-Baker-Air_side_600px.jpg","type":"image\/jpeg"}],"twitter_card":"summary_large_image","twitter_misc":{"Gesch\u00e4tzte Lesezeit":"1\u00a0Minute"},"schema":{"@context":"https:\/\/schema.org","@graph":[{"@type":"WebPage","@id":"https:\/\/shop.bantam.ch\/de\/produkt\/zelt-mount-baker-btc\/","url":"https:\/\/shop.bantam.ch\/de\/produkt\/zelt-mount-baker-btc\/","name":"Zelt MOUNT BAKER BTC - Bantam","isPartOf":{"@id":"https:\/\/shop.bantam.ch\/de\/#website"},"primaryImageOfPage":{"@id":"https:\/\/shop.bantam.ch\/de\/produkt\/zelt-mount-baker-btc\/#primaryimage"},"image":{"@id":"https:\/\/shop.bantam.ch\/de\/produkt\/zelt-mount-baker-btc\/#primaryimage"},"thumbnailUrl":"https:\/\/shop.bantam.ch\/wp-content\/uploads\/2023\/12\/ETTE1131_Mount-Baker-Air_side_600px.jpg","datePublished":"2023-12-15T11:45:25+00:00","dateModified":"2026-05-01T20:48:54+00:00","breadcrumb":{"@id":"https:\/\/shop.bantam.ch\/de\/produkt\/zelt-mount-baker-btc\/#breadcrumb"},"inLanguage":"de","potentialAction":[{"@type":"ReadAction","target":["https:\/\/shop.bantam.ch\/de\/produkt\/zelt-mount-baker-btc\/"]}]},{"@type":"ImageObject","inLanguage":"de","@id":"https:\/\/shop.bantam.ch\/de\/produkt\/zelt-mount-baker-btc\/#primaryimage","url":"https:\/\/shop.bantam.ch\/wp-content\/uploads\/2023\/12\/ETTE1131_Mount-Baker-Air_side_600px.jpg","contentUrl":"https:\/\/shop.bantam.ch\/wp-content\/uploads\/2023\/12\/ETTE1131_Mount-Baker-Air_side_600px.jpg","width":600,"height":400},{"@type":"BreadcrumbList","@id":"https:\/\/shop.bantam.ch\/de\/produkt\/zelt-mount-baker-btc\/#breadcrumb","itemListElement":[{"@type":"ListItem","position":1,"name":"Accueil","item":"https:\/\/shop.bantam.ch\/de\/"},{"@type":"ListItem","position":2,"name":"Shop","item":"https:\/\/shop.bantam.ch\/de\/shop\/"},{"@type":"ListItem","position":3,"name":"Zelt MOUNT BAKER BTC"}]},{"@type":"WebSite","@id":"https:\/\/shop.bantam.ch\/de\/#website","url":"https:\/\/shop.bantam.ch\/de\/","name":"Bantam","description":"","publisher":{"@id":"https:\/\/shop.bantam.ch\/de\/#organization"},"inLanguage":"de"},{"@type":"Organization","@id":"https:\/\/shop.bantam.ch\/de\/#organization","name":"Bantam","url":"https:\/\/shop.bantam.ch\/de\/","logo":{"@type":"ImageObject","inLanguage":"de","@id":"https:\/\/shop.bantam.ch\/de\/#\/schema\/logo\/image\/","url":"https:\/\/shop.bantam.ch\/wp-content\/uploads\/2022\/12\/bantam-logo.png","contentUrl":"https:\/\/shop.bantam.ch\/wp-content\/uploads\/2022\/12\/bantam-logo.png","width":320,"height":71,"caption":"Bantam"},"image":{"@id":"https:\/\/shop.bantam.ch\/de\/#\/schema\/logo\/image\/"}}]}},"_links":{"self":[{"href":"https:\/\/shop.bantam.ch\/de\/wp-json\/wp\/v2\/product\/188354","targetHints":{"allow":["GET"]}}],"collection":[{"href":"https:\/\/shop.bantam.ch\/de\/wp-json\/wp\/v2\/product"}],"about":[{"href":"https:\/\/shop.bantam.ch\/de\/wp-json\/wp\/v2\/types\/product"}],"wp:featuredmedia":[{"embeddable":true,"href":"https:\/\/shop.bantam.ch\/de\/wp-json\/wp\/v2\/media\/188421"}],"wp:attachment":[{"href":"https:\/\/shop.bantam.ch\/de\/wp-json\/wp\/v2\/media?parent=188354"}],"wp:term":[{"taxonomy":"product_featured_cat","embeddable":true,"href":"https:\/\/shop.bantam.ch\/de\/wp-json\/wp\/v2\/product_featured_cat?post=188354"},{"taxonomy":"product_brand","embeddable":true,"href":"https:\/\/shop.bantam.ch\/de\/wp-json\/wp\/v2\/product_brand?post=188354"},{"taxonomy":"product_cat","embeddable":true,"href":"https:\/\/shop.bantam.ch\/de\/wp-json\/wp\/v2\/product_cat?post=188354"},{"taxonomy":"product_tag","embeddable":true,"href":"https:\/\/shop.bantam.ch\/de\/wp-json\/wp\/v2\/product_tag?post=188354"}],"curies":[{"name":"wp","href":"https:\/\/api.w.org\/{rel}","templated":true}]}}