{"id":188344,"date":"2023-12-15T12:30:29","date_gmt":"2023-12-15T11:30:29","guid":{"rendered":"https:\/\/shop.bantam.ch\/produit\/airbed-3-d-mesh\/"},"modified":"2026-04-20T22:53:19","modified_gmt":"2026-04-20T20:53:19","slug":"airbed-3-d-mesh","status":"publish","type":"product","link":"https:\/\/shop.bantam.ch\/de\/produkt\/airbed-3-d-mesh\/","title":{"rendered":"Airbed 3-D Mesh"},"content":{"rendered":"<p>Aufblasbare Luftmatratze mit einem weichen, abnehmbaren Bezug aus 3D-Netzgewebe. Die Luftmatratzen k\u00f6nnen mit einem robusten Rei\u00dfverschluss zusammengezippt werden, so dass eine breite Doppelmatratze entsteht. Vollst\u00e4ndig kompakt auf Falten in einer praktischen Verpackung.<\/p>\n<p>Ma\u00dfe: 190 x 70 x 12 cm.<br \/>\nMaterial: 3D-Mesh, 300D Oxford Polyester + PVC.<br \/>\nGewicht: 1,9 kg<\/p>\n","protected":false},"excerpt":{"rendered":"<p>Aufblasbare Luftmatratze mit einem weichen, abnehmbaren Bezug aus 3D-Netzgewebe. Die Luftmatratzen k\u00f6nnen mit einem robusten Rei\u00dfverschluss zusammengezippt werden, so dass eine breite Doppelmatratze entsteht. Vollst\u00e4ndig kompakt auf Falten in einer praktischen Verpackung. Ma\u00dfe: 190 x 70 x 12 cm. Material: 3D-Mesh, 300D Oxford Polyester + PVC. Gewicht: 1,9 kg<\/p>\n","protected":false},"featured_media":188498,"template":"","meta":{"_acf_changed":false},"product_featured_cat":[5301,5302],"product_brand":[3075],"product_cat":[4354],"product_tag":[],"class_list":{"0":"post-188344","1":"product","2":"type-product","3":"status-publish","4":"has-post-thumbnail","6":"product_featured_cat-promotions-etagnieres-fr","7":"product_featured_cat-sonderangebote-hindelbank-urdorf","8":"product_brand-eurotrail-de","9":"product_cat-luftbetten-matratzen","11":"first","12":"instock","13":"sale","14":"taxable","15":"shipping-taxable","16":"purchasable","17":"product-type-simple"},"acf":[],"yoast_head":"<!-- This site is optimized with the Yoast SEO plugin v27.4 - https:\/\/yoast.com\/product\/yoast-seo-wordpress\/ -->\n<title>Airbed 3-D Mesh - Bantam Camping AG<\/title>\n<meta name=\"robots\" content=\"index, follow, max-snippet:-1, max-image-preview:large, max-video-preview:-1\" \/>\n<link rel=\"canonical\" href=\"https:\/\/shop.bantam.ch\/de\/produkt\/airbed-3-d-mesh\/\" \/>\n<meta property=\"og:locale\" content=\"de_DE\" \/>\n<meta property=\"og:type\" content=\"article\" \/>\n<meta property=\"og:title\" content=\"Airbed 3-D Mesh - Bantam Camping AG\" \/>\n<meta property=\"og:description\" content=\"Aufblasbare Luftmatratze mit einem weichen, abnehmbaren Bezug aus 3D-Netzgewebe. Die Luftmatratzen k\u00f6nnen mit einem robusten Rei\u00dfverschluss zusammengezippt werden, so dass eine breite Doppelmatratze entsteht. Vollst\u00e4ndig kompakt auf Falten in einer praktischen Verpackung. Ma\u00dfe: 190 x 70 x 12 cm. Material: 3D-Mesh, 300D Oxford Polyester + PVC. Gewicht: 1,9 kg\" \/>\n<meta property=\"og:url\" content=\"https:\/\/shop.bantam.ch\/de\/produkt\/airbed-3-d-mesh\/\" \/>\n<meta property=\"og:site_name\" content=\"Bantam Camping AG\" \/>\n<meta property=\"article:modified_time\" content=\"2026-04-20T20:53:19+00:00\" \/>\n<meta property=\"og:image\" content=\"https:\/\/shop.bantam.ch\/wp-content\/uploads\/2023\/12\/ETIC0311-Airbed-3-D-Mesh-Det01-24_600px.jpg\" \/>\n\t<meta property=\"og:image:width\" content=\"604\" \/>\n\t<meta property=\"og:image:height\" content=\"453\" \/>\n\t<meta property=\"og:image:type\" content=\"image\/jpeg\" \/>\n<meta name=\"twitter:card\" content=\"summary_large_image\" \/>\n<script type=\"application\/ld+json\" class=\"yoast-schema-graph\">{\"@context\":\"https:\\\/\\\/schema.org\",\"@graph\":[{\"@type\":\"WebPage\",\"@id\":\"https:\\\/\\\/shop.bantam.ch\\\/de\\\/produkt\\\/airbed-3-d-mesh\\\/\",\"url\":\"https:\\\/\\\/shop.bantam.ch\\\/de\\\/produkt\\\/airbed-3-d-mesh\\\/\",\"name\":\"Airbed 3-D Mesh - Bantam Camping AG\",\"isPartOf\":{\"@id\":\"https:\\\/\\\/shop.bantam.ch\\\/de\\\/#website\"},\"primaryImageOfPage\":{\"@id\":\"https:\\\/\\\/shop.bantam.ch\\\/de\\\/produkt\\\/airbed-3-d-mesh\\\/#primaryimage\"},\"image\":{\"@id\":\"https:\\\/\\\/shop.bantam.ch\\\/de\\\/produkt\\\/airbed-3-d-mesh\\\/#primaryimage\"},\"thumbnailUrl\":\"https:\\\/\\\/shop.bantam.ch\\\/wp-content\\\/uploads\\\/2023\\\/12\\\/ETIC0311-Airbed-3-D-Mesh-Det01-24_600px.jpg\",\"datePublished\":\"2023-12-15T11:30:29+00:00\",\"dateModified\":\"2026-04-20T20:53:19+00:00\",\"breadcrumb\":{\"@id\":\"https:\\\/\\\/shop.bantam.ch\\\/de\\\/produkt\\\/airbed-3-d-mesh\\\/#breadcrumb\"},\"inLanguage\":\"de\",\"potentialAction\":[{\"@type\":\"ReadAction\",\"target\":[\"https:\\\/\\\/shop.bantam.ch\\\/de\\\/produkt\\\/airbed-3-d-mesh\\\/\"]}]},{\"@type\":\"ImageObject\",\"inLanguage\":\"de\",\"@id\":\"https:\\\/\\\/shop.bantam.ch\\\/de\\\/produkt\\\/airbed-3-d-mesh\\\/#primaryimage\",\"url\":\"https:\\\/\\\/shop.bantam.ch\\\/wp-content\\\/uploads\\\/2023\\\/12\\\/ETIC0311-Airbed-3-D-Mesh-Det01-24_600px.jpg\",\"contentUrl\":\"https:\\\/\\\/shop.bantam.ch\\\/wp-content\\\/uploads\\\/2023\\\/12\\\/ETIC0311-Airbed-3-D-Mesh-Det01-24_600px.jpg\",\"width\":604,\"height\":453},{\"@type\":\"BreadcrumbList\",\"@id\":\"https:\\\/\\\/shop.bantam.ch\\\/de\\\/produkt\\\/airbed-3-d-mesh\\\/#breadcrumb\",\"itemListElement\":[{\"@type\":\"ListItem\",\"position\":1,\"name\":\"Accueil\",\"item\":\"https:\\\/\\\/shop.bantam.ch\\\/de\\\/\"},{\"@type\":\"ListItem\",\"position\":2,\"name\":\"Shop\",\"item\":\"https:\\\/\\\/shop.bantam.ch\\\/de\\\/shop\\\/\"},{\"@type\":\"ListItem\",\"position\":3,\"name\":\"Airbed 3-D Mesh\"}]},{\"@type\":\"WebSite\",\"@id\":\"https:\\\/\\\/shop.bantam.ch\\\/de\\\/#website\",\"url\":\"https:\\\/\\\/shop.bantam.ch\\\/de\\\/\",\"name\":\"Bantam Camping AG\",\"description\":\"\",\"publisher\":{\"@id\":\"https:\\\/\\\/shop.bantam.ch\\\/de\\\/#organization\"},\"inLanguage\":\"de\"},{\"@type\":\"Organization\",\"@id\":\"https:\\\/\\\/shop.bantam.ch\\\/de\\\/#organization\",\"name\":\"Bantam Camping AG\",\"url\":\"https:\\\/\\\/shop.bantam.ch\\\/de\\\/\",\"logo\":{\"@type\":\"ImageObject\",\"inLanguage\":\"de\",\"@id\":\"https:\\\/\\\/shop.bantam.ch\\\/de\\\/#\\\/schema\\\/logo\\\/image\\\/\",\"url\":\"https:\\\/\\\/shop.bantam.ch\\\/wp-content\\\/uploads\\\/2022\\\/12\\\/bantam-logo.png\",\"contentUrl\":\"https:\\\/\\\/shop.bantam.ch\\\/wp-content\\\/uploads\\\/2022\\\/12\\\/bantam-logo.png\",\"width\":320,\"height\":71,\"caption\":\"Bantam Camping AG\"},\"image\":{\"@id\":\"https:\\\/\\\/shop.bantam.ch\\\/de\\\/#\\\/schema\\\/logo\\\/image\\\/\"}}]}<\/script>\n<!-- \/ Yoast SEO plugin. -->","yoast_head_json":{"title":"Airbed 3-D Mesh - Bantam Camping AG","robots":{"index":"index","follow":"follow","max-snippet":"max-snippet:-1","max-image-preview":"max-image-preview:large","max-video-preview":"max-video-preview:-1"},"canonical":"https:\/\/shop.bantam.ch\/de\/produkt\/airbed-3-d-mesh\/","og_locale":"de_DE","og_type":"article","og_title":"Airbed 3-D Mesh - Bantam Camping AG","og_description":"Aufblasbare Luftmatratze mit einem weichen, abnehmbaren Bezug aus 3D-Netzgewebe. Die Luftmatratzen k\u00f6nnen mit einem robusten Rei\u00dfverschluss zusammengezippt werden, so dass eine breite Doppelmatratze entsteht. Vollst\u00e4ndig kompakt auf Falten in einer praktischen Verpackung. Ma\u00dfe: 190 x 70 x 12 cm. Material: 3D-Mesh, 300D Oxford Polyester + PVC. Gewicht: 1,9 kg","og_url":"https:\/\/shop.bantam.ch\/de\/produkt\/airbed-3-d-mesh\/","og_site_name":"Bantam Camping AG","article_modified_time":"2026-04-20T20:53:19+00:00","og_image":[{"width":604,"height":453,"url":"https:\/\/shop.bantam.ch\/wp-content\/uploads\/2023\/12\/ETIC0311-Airbed-3-D-Mesh-Det01-24_600px.jpg","type":"image\/jpeg"}],"twitter_card":"summary_large_image","schema":{"@context":"https:\/\/schema.org","@graph":[{"@type":"WebPage","@id":"https:\/\/shop.bantam.ch\/de\/produkt\/airbed-3-d-mesh\/","url":"https:\/\/shop.bantam.ch\/de\/produkt\/airbed-3-d-mesh\/","name":"Airbed 3-D Mesh - Bantam Camping AG","isPartOf":{"@id":"https:\/\/shop.bantam.ch\/de\/#website"},"primaryImageOfPage":{"@id":"https:\/\/shop.bantam.ch\/de\/produkt\/airbed-3-d-mesh\/#primaryimage"},"image":{"@id":"https:\/\/shop.bantam.ch\/de\/produkt\/airbed-3-d-mesh\/#primaryimage"},"thumbnailUrl":"https:\/\/shop.bantam.ch\/wp-content\/uploads\/2023\/12\/ETIC0311-Airbed-3-D-Mesh-Det01-24_600px.jpg","datePublished":"2023-12-15T11:30:29+00:00","dateModified":"2026-04-20T20:53:19+00:00","breadcrumb":{"@id":"https:\/\/shop.bantam.ch\/de\/produkt\/airbed-3-d-mesh\/#breadcrumb"},"inLanguage":"de","potentialAction":[{"@type":"ReadAction","target":["https:\/\/shop.bantam.ch\/de\/produkt\/airbed-3-d-mesh\/"]}]},{"@type":"ImageObject","inLanguage":"de","@id":"https:\/\/shop.bantam.ch\/de\/produkt\/airbed-3-d-mesh\/#primaryimage","url":"https:\/\/shop.bantam.ch\/wp-content\/uploads\/2023\/12\/ETIC0311-Airbed-3-D-Mesh-Det01-24_600px.jpg","contentUrl":"https:\/\/shop.bantam.ch\/wp-content\/uploads\/2023\/12\/ETIC0311-Airbed-3-D-Mesh-Det01-24_600px.jpg","width":604,"height":453},{"@type":"BreadcrumbList","@id":"https:\/\/shop.bantam.ch\/de\/produkt\/airbed-3-d-mesh\/#breadcrumb","itemListElement":[{"@type":"ListItem","position":1,"name":"Accueil","item":"https:\/\/shop.bantam.ch\/de\/"},{"@type":"ListItem","position":2,"name":"Shop","item":"https:\/\/shop.bantam.ch\/de\/shop\/"},{"@type":"ListItem","position":3,"name":"Airbed 3-D Mesh"}]},{"@type":"WebSite","@id":"https:\/\/shop.bantam.ch\/de\/#website","url":"https:\/\/shop.bantam.ch\/de\/","name":"Bantam Camping AG","description":"","publisher":{"@id":"https:\/\/shop.bantam.ch\/de\/#organization"},"inLanguage":"de"},{"@type":"Organization","@id":"https:\/\/shop.bantam.ch\/de\/#organization","name":"Bantam Camping AG","url":"https:\/\/shop.bantam.ch\/de\/","logo":{"@type":"ImageObject","inLanguage":"de","@id":"https:\/\/shop.bantam.ch\/de\/#\/schema\/logo\/image\/","url":"https:\/\/shop.bantam.ch\/wp-content\/uploads\/2022\/12\/bantam-logo.png","contentUrl":"https:\/\/shop.bantam.ch\/wp-content\/uploads\/2022\/12\/bantam-logo.png","width":320,"height":71,"caption":"Bantam Camping AG"},"image":{"@id":"https:\/\/shop.bantam.ch\/de\/#\/schema\/logo\/image\/"}}]}},"_links":{"self":[{"href":"https:\/\/shop.bantam.ch\/de\/wp-json\/wp\/v2\/product\/188344","targetHints":{"allow":["GET"]}}],"collection":[{"href":"https:\/\/shop.bantam.ch\/de\/wp-json\/wp\/v2\/product"}],"about":[{"href":"https:\/\/shop.bantam.ch\/de\/wp-json\/wp\/v2\/types\/product"}],"wp:featuredmedia":[{"embeddable":true,"href":"https:\/\/shop.bantam.ch\/de\/wp-json\/wp\/v2\/media\/188498"}],"wp:attachment":[{"href":"https:\/\/shop.bantam.ch\/de\/wp-json\/wp\/v2\/media?parent=188344"}],"wp:term":[{"taxonomy":"product_featured_cat","embeddable":true,"href":"https:\/\/shop.bantam.ch\/de\/wp-json\/wp\/v2\/product_featured_cat?post=188344"},{"taxonomy":"product_brand","embeddable":true,"href":"https:\/\/shop.bantam.ch\/de\/wp-json\/wp\/v2\/product_brand?post=188344"},{"taxonomy":"product_cat","embeddable":true,"href":"https:\/\/shop.bantam.ch\/de\/wp-json\/wp\/v2\/product_cat?post=188344"},{"taxonomy":"product_tag","embeddable":true,"href":"https:\/\/shop.bantam.ch\/de\/wp-json\/wp\/v2\/product_tag?post=188344"}],"curies":[{"name":"wp","href":"https:\/\/api.w.org\/{rel}","templated":true}]}}