{"id":188177,"date":"2023-12-12T08:42:36","date_gmt":"2023-12-12T07:42:36","guid":{"rendered":"https:\/\/shop.bantam.ch\/produit\/kaffeekannenstand\/"},"modified":"2026-04-17T22:52:27","modified_gmt":"2026-04-17T20:52:27","slug":"kaffeekannenstand","status":"publish","type":"product","link":"https:\/\/shop.bantam.ch\/de\/produkt\/kaffeekannenstand\/","title":{"rendered":"Kaffeekannenst\u00e4nder"},"content":{"rendered":"<p data-start=\"28\" data-end=\"211\">Diese <span data-start=\"34\" data-end=\"74\">optionale Halterung f\u00fcr Perkolatoren<\/span> ist ein praktisches Zubeh\u00f6r f\u00fcr die <span data-start=\"111\" data-end=\"144\">Grillserien 2 Cook, 30 und 40<\/span>. So k\u00f6nnen Sie Ihre <span data-start=\"165\" data-end=\"197\">Lieblingskaffeetasse \u00fcberall<\/span> zubereiten. Technische Daten.\u00a0<span data-start=\"243\" data-end=\"259\">Abmessungen:<\/span> 13,7 x 13,7 x 0,6 cm.\u00a0<span data-start=\"285\" data-end=\"297\">Gewicht:<\/span> 82 g.\u00a0<span data-start=\"307\" data-end=\"320\">Material:<\/span> Edelstahl.\u00a0<span data-start=\"335\" data-end=\"354\">Kompatibel mit:<\/span> 2 Cook, Safari Chef 30, Glamp Chef 40, Carri Chef 40.\u00a0<span data-start=\"412\" data-end=\"428\">Passend f\u00fcr:<\/span> Topfhalterungen mit 3 oder 4 Beinen.\u00a0Perfekt f\u00fcr Camping und Outdoor-Kaffeegenuss!\u00a0<\/p>\n","protected":false},"excerpt":{"rendered":"<p>Diese optionale Halterung f\u00fcr Perkolatoren ist ein praktisches Zubeh\u00f6r f\u00fcr die Grillserien 2 Cook, 30 und 40. So k\u00f6nnen Sie Ihre Lieblingskaffeetasse \u00fcberall zubereiten. Technische Daten.\u00a0Abmessungen: 13,7 x 13,7 x 0,6 cm.\u00a0Gewicht: 82 g.\u00a0Material: Edelstahl.\u00a0Kompatibel mit: 2 Cook, Safari Chef 30, Glamp Chef 40, Carri Chef 40.\u00a0Passend f\u00fcr: Topfhalterungen mit 3 oder 4 Beinen.\u00a0Perfekt f\u00fcr [&hellip;]<\/p>\n","protected":false},"featured_media":188173,"template":"","meta":{"_acf_changed":false},"product_featured_cat":[],"product_brand":[3669],"product_cat":[4340],"product_tag":[],"class_list":{"0":"post-188177","1":"product","2":"type-product","3":"status-publish","4":"has-post-thumbnail","6":"product_brand-cadac-de","7":"product_cat-grillzubehoer","9":"first","10":"instock","11":"taxable","12":"shipping-taxable","13":"purchasable","14":"product-type-simple"},"acf":[],"yoast_head":"<!-- This site is optimized with the Yoast SEO plugin v27.4 - https:\/\/yoast.com\/product\/yoast-seo-wordpress\/ -->\n<title>Kaffeekannenst\u00e4nder - Bantam Camping AG<\/title>\n<meta name=\"robots\" content=\"index, follow, max-snippet:-1, max-image-preview:large, max-video-preview:-1\" \/>\n<link rel=\"canonical\" href=\"https:\/\/shop.bantam.ch\/de\/produkt\/kaffeekannenstand\/\" \/>\n<meta property=\"og:locale\" content=\"de_DE\" \/>\n<meta property=\"og:type\" content=\"article\" \/>\n<meta property=\"og:title\" content=\"Kaffeekannenst\u00e4nder - Bantam Camping AG\" \/>\n<meta property=\"og:description\" content=\"Diese optionale Halterung f\u00fcr Perkolatoren ist ein praktisches Zubeh\u00f6r f\u00fcr die Grillserien 2 Cook, 30 und 40. So k\u00f6nnen Sie Ihre Lieblingskaffeetasse \u00fcberall zubereiten. Technische Daten.\u00a0Abmessungen: 13,7 x 13,7 x 0,6 cm.\u00a0Gewicht: 82 g.\u00a0Material: Edelstahl.\u00a0Kompatibel mit: 2 Cook, Safari Chef 30, Glamp Chef 40, Carri Chef 40.\u00a0Passend f\u00fcr: Topfhalterungen mit 3 oder 4 Beinen.\u00a0Perfekt f\u00fcr [&hellip;]\" \/>\n<meta property=\"og:url\" content=\"https:\/\/shop.bantam.ch\/de\/produkt\/kaffeekannenstand\/\" \/>\n<meta property=\"og:site_name\" content=\"Bantam Camping AG\" \/>\n<meta property=\"article:modified_time\" content=\"2026-04-17T20:52:27+00:00\" \/>\n<meta property=\"og:image\" content=\"https:\/\/shop.bantam.ch\/wp-content\/uploads\/2023\/12\/coffee_pot_stand_lifestyle_1.jpg\" \/>\n\t<meta property=\"og:image:width\" content=\"800\" \/>\n\t<meta property=\"og:image:height\" content=\"800\" \/>\n\t<meta property=\"og:image:type\" content=\"image\/jpeg\" \/>\n<meta name=\"twitter:card\" content=\"summary_large_image\" \/>\n<script type=\"application\/ld+json\" class=\"yoast-schema-graph\">{\"@context\":\"https:\\\/\\\/schema.org\",\"@graph\":[{\"@type\":\"WebPage\",\"@id\":\"https:\\\/\\\/shop.bantam.ch\\\/de\\\/produkt\\\/kaffeekannenstand\\\/\",\"url\":\"https:\\\/\\\/shop.bantam.ch\\\/de\\\/produkt\\\/kaffeekannenstand\\\/\",\"name\":\"Kaffeekannenst\u00e4nder - Bantam Camping AG\",\"isPartOf\":{\"@id\":\"https:\\\/\\\/shop.bantam.ch\\\/de\\\/#website\"},\"primaryImageOfPage\":{\"@id\":\"https:\\\/\\\/shop.bantam.ch\\\/de\\\/produkt\\\/kaffeekannenstand\\\/#primaryimage\"},\"image\":{\"@id\":\"https:\\\/\\\/shop.bantam.ch\\\/de\\\/produkt\\\/kaffeekannenstand\\\/#primaryimage\"},\"thumbnailUrl\":\"https:\\\/\\\/shop.bantam.ch\\\/wp-content\\\/uploads\\\/2023\\\/12\\\/coffee_pot_stand_lifestyle_1.jpg\",\"datePublished\":\"2023-12-12T07:42:36+00:00\",\"dateModified\":\"2026-04-17T20:52:27+00:00\",\"breadcrumb\":{\"@id\":\"https:\\\/\\\/shop.bantam.ch\\\/de\\\/produkt\\\/kaffeekannenstand\\\/#breadcrumb\"},\"inLanguage\":\"de\",\"potentialAction\":[{\"@type\":\"ReadAction\",\"target\":[\"https:\\\/\\\/shop.bantam.ch\\\/de\\\/produkt\\\/kaffeekannenstand\\\/\"]}]},{\"@type\":\"ImageObject\",\"inLanguage\":\"de\",\"@id\":\"https:\\\/\\\/shop.bantam.ch\\\/de\\\/produkt\\\/kaffeekannenstand\\\/#primaryimage\",\"url\":\"https:\\\/\\\/shop.bantam.ch\\\/wp-content\\\/uploads\\\/2023\\\/12\\\/coffee_pot_stand_lifestyle_1.jpg\",\"contentUrl\":\"https:\\\/\\\/shop.bantam.ch\\\/wp-content\\\/uploads\\\/2023\\\/12\\\/coffee_pot_stand_lifestyle_1.jpg\",\"width\":800,\"height\":800},{\"@type\":\"BreadcrumbList\",\"@id\":\"https:\\\/\\\/shop.bantam.ch\\\/de\\\/produkt\\\/kaffeekannenstand\\\/#breadcrumb\",\"itemListElement\":[{\"@type\":\"ListItem\",\"position\":1,\"name\":\"Accueil\",\"item\":\"https:\\\/\\\/shop.bantam.ch\\\/de\\\/\"},{\"@type\":\"ListItem\",\"position\":2,\"name\":\"Shop\",\"item\":\"https:\\\/\\\/shop.bantam.ch\\\/de\\\/shop\\\/\"},{\"@type\":\"ListItem\",\"position\":3,\"name\":\"Kaffeekannenst\u00e4nder\"}]},{\"@type\":\"WebSite\",\"@id\":\"https:\\\/\\\/shop.bantam.ch\\\/de\\\/#website\",\"url\":\"https:\\\/\\\/shop.bantam.ch\\\/de\\\/\",\"name\":\"Bantam Camping AG\",\"description\":\"\",\"publisher\":{\"@id\":\"https:\\\/\\\/shop.bantam.ch\\\/de\\\/#organization\"},\"inLanguage\":\"de\"},{\"@type\":\"Organization\",\"@id\":\"https:\\\/\\\/shop.bantam.ch\\\/de\\\/#organization\",\"name\":\"Bantam Camping AG\",\"url\":\"https:\\\/\\\/shop.bantam.ch\\\/de\\\/\",\"logo\":{\"@type\":\"ImageObject\",\"inLanguage\":\"de\",\"@id\":\"https:\\\/\\\/shop.bantam.ch\\\/de\\\/#\\\/schema\\\/logo\\\/image\\\/\",\"url\":\"https:\\\/\\\/shop.bantam.ch\\\/wp-content\\\/uploads\\\/2022\\\/12\\\/bantam-logo.png\",\"contentUrl\":\"https:\\\/\\\/shop.bantam.ch\\\/wp-content\\\/uploads\\\/2022\\\/12\\\/bantam-logo.png\",\"width\":320,\"height\":71,\"caption\":\"Bantam Camping AG\"},\"image\":{\"@id\":\"https:\\\/\\\/shop.bantam.ch\\\/de\\\/#\\\/schema\\\/logo\\\/image\\\/\"}}]}<\/script>\n<!-- \/ Yoast SEO plugin. -->","yoast_head_json":{"title":"Kaffeekannenst\u00e4nder - Bantam Camping AG","robots":{"index":"index","follow":"follow","max-snippet":"max-snippet:-1","max-image-preview":"max-image-preview:large","max-video-preview":"max-video-preview:-1"},"canonical":"https:\/\/shop.bantam.ch\/de\/produkt\/kaffeekannenstand\/","og_locale":"de_DE","og_type":"article","og_title":"Kaffeekannenst\u00e4nder - Bantam Camping AG","og_description":"Diese optionale Halterung f\u00fcr Perkolatoren ist ein praktisches Zubeh\u00f6r f\u00fcr die Grillserien 2 Cook, 30 und 40. So k\u00f6nnen Sie Ihre Lieblingskaffeetasse \u00fcberall zubereiten. Technische Daten.\u00a0Abmessungen: 13,7 x 13,7 x 0,6 cm.\u00a0Gewicht: 82 g.\u00a0Material: Edelstahl.\u00a0Kompatibel mit: 2 Cook, Safari Chef 30, Glamp Chef 40, Carri Chef 40.\u00a0Passend f\u00fcr: Topfhalterungen mit 3 oder 4 Beinen.\u00a0Perfekt f\u00fcr [&hellip;]","og_url":"https:\/\/shop.bantam.ch\/de\/produkt\/kaffeekannenstand\/","og_site_name":"Bantam Camping AG","article_modified_time":"2026-04-17T20:52:27+00:00","og_image":[{"width":800,"height":800,"url":"https:\/\/shop.bantam.ch\/wp-content\/uploads\/2023\/12\/coffee_pot_stand_lifestyle_1.jpg","type":"image\/jpeg"}],"twitter_card":"summary_large_image","schema":{"@context":"https:\/\/schema.org","@graph":[{"@type":"WebPage","@id":"https:\/\/shop.bantam.ch\/de\/produkt\/kaffeekannenstand\/","url":"https:\/\/shop.bantam.ch\/de\/produkt\/kaffeekannenstand\/","name":"Kaffeekannenst\u00e4nder - Bantam Camping AG","isPartOf":{"@id":"https:\/\/shop.bantam.ch\/de\/#website"},"primaryImageOfPage":{"@id":"https:\/\/shop.bantam.ch\/de\/produkt\/kaffeekannenstand\/#primaryimage"},"image":{"@id":"https:\/\/shop.bantam.ch\/de\/produkt\/kaffeekannenstand\/#primaryimage"},"thumbnailUrl":"https:\/\/shop.bantam.ch\/wp-content\/uploads\/2023\/12\/coffee_pot_stand_lifestyle_1.jpg","datePublished":"2023-12-12T07:42:36+00:00","dateModified":"2026-04-17T20:52:27+00:00","breadcrumb":{"@id":"https:\/\/shop.bantam.ch\/de\/produkt\/kaffeekannenstand\/#breadcrumb"},"inLanguage":"de","potentialAction":[{"@type":"ReadAction","target":["https:\/\/shop.bantam.ch\/de\/produkt\/kaffeekannenstand\/"]}]},{"@type":"ImageObject","inLanguage":"de","@id":"https:\/\/shop.bantam.ch\/de\/produkt\/kaffeekannenstand\/#primaryimage","url":"https:\/\/shop.bantam.ch\/wp-content\/uploads\/2023\/12\/coffee_pot_stand_lifestyle_1.jpg","contentUrl":"https:\/\/shop.bantam.ch\/wp-content\/uploads\/2023\/12\/coffee_pot_stand_lifestyle_1.jpg","width":800,"height":800},{"@type":"BreadcrumbList","@id":"https:\/\/shop.bantam.ch\/de\/produkt\/kaffeekannenstand\/#breadcrumb","itemListElement":[{"@type":"ListItem","position":1,"name":"Accueil","item":"https:\/\/shop.bantam.ch\/de\/"},{"@type":"ListItem","position":2,"name":"Shop","item":"https:\/\/shop.bantam.ch\/de\/shop\/"},{"@type":"ListItem","position":3,"name":"Kaffeekannenst\u00e4nder"}]},{"@type":"WebSite","@id":"https:\/\/shop.bantam.ch\/de\/#website","url":"https:\/\/shop.bantam.ch\/de\/","name":"Bantam Camping AG","description":"","publisher":{"@id":"https:\/\/shop.bantam.ch\/de\/#organization"},"inLanguage":"de"},{"@type":"Organization","@id":"https:\/\/shop.bantam.ch\/de\/#organization","name":"Bantam Camping AG","url":"https:\/\/shop.bantam.ch\/de\/","logo":{"@type":"ImageObject","inLanguage":"de","@id":"https:\/\/shop.bantam.ch\/de\/#\/schema\/logo\/image\/","url":"https:\/\/shop.bantam.ch\/wp-content\/uploads\/2022\/12\/bantam-logo.png","contentUrl":"https:\/\/shop.bantam.ch\/wp-content\/uploads\/2022\/12\/bantam-logo.png","width":320,"height":71,"caption":"Bantam Camping AG"},"image":{"@id":"https:\/\/shop.bantam.ch\/de\/#\/schema\/logo\/image\/"}}]}},"_links":{"self":[{"href":"https:\/\/shop.bantam.ch\/de\/wp-json\/wp\/v2\/product\/188177","targetHints":{"allow":["GET"]}}],"collection":[{"href":"https:\/\/shop.bantam.ch\/de\/wp-json\/wp\/v2\/product"}],"about":[{"href":"https:\/\/shop.bantam.ch\/de\/wp-json\/wp\/v2\/types\/product"}],"wp:featuredmedia":[{"embeddable":true,"href":"https:\/\/shop.bantam.ch\/de\/wp-json\/wp\/v2\/media\/188173"}],"wp:attachment":[{"href":"https:\/\/shop.bantam.ch\/de\/wp-json\/wp\/v2\/media?parent=188177"}],"wp:term":[{"taxonomy":"product_featured_cat","embeddable":true,"href":"https:\/\/shop.bantam.ch\/de\/wp-json\/wp\/v2\/product_featured_cat?post=188177"},{"taxonomy":"product_brand","embeddable":true,"href":"https:\/\/shop.bantam.ch\/de\/wp-json\/wp\/v2\/product_brand?post=188177"},{"taxonomy":"product_cat","embeddable":true,"href":"https:\/\/shop.bantam.ch\/de\/wp-json\/wp\/v2\/product_cat?post=188177"},{"taxonomy":"product_tag","embeddable":true,"href":"https:\/\/shop.bantam.ch\/de\/wp-json\/wp\/v2\/product_tag?post=188177"}],"curies":[{"name":"wp","href":"https:\/\/api.w.org\/{rel}","templated":true}]}}