{"id":188107,"date":"2023-12-11T09:10:27","date_gmt":"2023-12-11T08:10:27","guid":{"rendered":"https:\/\/shop.bantam.ch\/produit\/hybrid-kuehlbox-42l\/"},"modified":"2026-04-18T22:54:42","modified_gmt":"2026-04-18T20:54:42","slug":"hybrid-kuehlbox-42l","status":"publish","type":"product","link":"https:\/\/shop.bantam.ch\/de\/produkt\/hybrid-kuehlbox-42l\/","title":{"rendered":"Hybrid-K\u00fchlbox 42L"},"content":{"rendered":"<p>Eine K\u00fchlbox, die f\u00fcr die hei\u00dfesten Temperaturen ger\u00fcstet ist: Die Hybrid-K\u00fchlbox 42 Liter von EZA.!<\/p>\n<p>Doppelte K\u00fchltechnologie :<\/p>\n<p>Eine leistungsstarke Kompressionsk\u00fchlung an einer 220 \/ 240 V-Steckdose (nominale Eingangsleistung 70 W) und eine sparsame thermoelektrische K\u00fchlung an einer 12 V-Zigarettenanz\u00fcndersteckdose (nominale Eingangsleistung 55 W).<\/p>\n<p>Die Kompressorfunktion: Sie senkt die Temperatur von +20 \u00b0C auf -15 \u00b0C, sodass Sie Speisen und Getr\u00e4nke unabh\u00e4ngig von der Umgebungstemperatur kalt halten, aber auch einfrieren und gefroren halten k\u00f6nnen.<br \/>\nDie thermoelektrische Funktion: Sie k\u00fchlt bis zu 15\u00b0C unter die Umgebungstemperatur und h\u00e4lt sie auf der gew\u00fcnschten Temperatur.<br \/>\nDer 42-Liter-Innenraum wurde so optimiert, dass Sie Ihre 2-Liter-Flaschen senkrecht transportieren k\u00f6nnen.<\/p>\n<p>Neben den technologischen Meisterleistungen galt die Aufmerksamkeit des Herstellers auch einer verst\u00e4rkten Isolierung durch Einspritzen von Polyurethanschaum, der eine perfekte thermische H\u00fclle bildet, und einem Deckel mit einer umlaufenden Gummidichtung, um W\u00e4rmeverluste zu unterdr\u00fccken.<br \/>\nTechnologie: Hybrid<br \/>\nFassungsverm\u00f6gen: 42L<br \/>\nArt der Stromversorgung: 12V \/ 24V \/ 220V (optional).<br \/>\nVerbrauch :<br \/>\n12V \/ 24V: 50W<br \/>\n220V: 70W<br \/>\nTemperaturbereich f\u00fcr den Betrieb :<br \/>\n12V \/ 24V: Bis zu 15\u00b0C unter der Umgebungstemperatur.<br \/>\n220V: +20\u00b0C bis -15\u00b0C.<br \/>\nGefrierfunktion: nein<br \/>\nKommunikationsmodus: Kontrolltaste<br \/>\nFassungsverm\u00f6gen Flasche max: 2L<br \/>\nArt der \u00d6ffnung: frontal<br \/>\nArt der Schachtel: Metall + PP + PU-Schaum.<br \/>\nFarbe: dunkelgrau<br \/>\nAu\u00dfenma\u00dfe (L x B x H): 502 x 489 x 466\u00a0mm.<br \/>\nInnenabmessungen (L x B x H): 401 x 286 x 370 mm.<br \/>\nNettogewicht: 18.2KG<br \/>\nLieferumfang: 2,5 m langes 12V-Zigarettenanz\u00fcnderkabel, 220V \/ 240V-Netzkabel, mehrsprachige Bedienungsanleitung (FR, EN, ES, IT, DE, NL).<br \/>\nZertifizierung \/ Zulassung: CE<br \/>\nGarantie: 24 Monate<\/p>\n","protected":false},"excerpt":{"rendered":"<p>Eine K\u00fchlbox, die f\u00fcr die hei\u00dfesten Temperaturen ger\u00fcstet ist: Die Hybrid-K\u00fchlbox 42 Liter von EZA.! Doppelte K\u00fchltechnologie : Eine leistungsstarke Kompressionsk\u00fchlung an einer 220 \/ 240 V-Steckdose (nominale Eingangsleistung 70 W) und eine sparsame thermoelektrische K\u00fchlung an einer 12 V-Zigarettenanz\u00fcndersteckdose (nominale Eingangsleistung 55 W). Die Kompressorfunktion: Sie senkt die Temperatur von +20 \u00b0C auf -15 [&hellip;]<\/p>\n","protected":false},"featured_media":188105,"template":"","meta":{"_acf_changed":false},"product_featured_cat":[1889],"product_brand":[3677],"product_cat":[5164],"product_tag":[],"class_list":{"0":"post-188107","1":"product","2":"type-product","3":"status-publish","4":"has-post-thumbnail","6":"product_featured_cat-dometic-kuehlboxen","7":"product_brand-eza-de","8":"product_cat-kuehlboxen-kuehlen-heizen","10":"first","11":"instock","12":"taxable","13":"shipping-taxable","14":"purchasable","15":"product-type-simple"},"acf":[],"yoast_head":"<!-- This site is optimized with the Yoast SEO plugin v27.4 - https:\/\/yoast.com\/product\/yoast-seo-wordpress\/ -->\n<title>Hybrid-K\u00fchlbox 42L - Bantam Camping AG<\/title>\n<meta name=\"robots\" content=\"index, follow, max-snippet:-1, max-image-preview:large, max-video-preview:-1\" \/>\n<link rel=\"canonical\" href=\"https:\/\/shop.bantam.ch\/de\/produkt\/hybrid-kuehlbox-42l\/\" \/>\n<meta property=\"og:locale\" content=\"de_DE\" \/>\n<meta property=\"og:type\" content=\"article\" \/>\n<meta property=\"og:title\" content=\"Hybrid-K\u00fchlbox 42L - Bantam Camping AG\" \/>\n<meta property=\"og:description\" content=\"Eine K\u00fchlbox, die f\u00fcr die hei\u00dfesten Temperaturen ger\u00fcstet ist: Die Hybrid-K\u00fchlbox 42 Liter von EZA.! Doppelte K\u00fchltechnologie : Eine leistungsstarke Kompressionsk\u00fchlung an einer 220 \/ 240 V-Steckdose (nominale Eingangsleistung 70 W) und eine sparsame thermoelektrische K\u00fchlung an einer 12 V-Zigarettenanz\u00fcndersteckdose (nominale Eingangsleistung 55 W). Die Kompressorfunktion: Sie senkt die Temperatur von +20 \u00b0C auf -15 [&hellip;]\" \/>\n<meta property=\"og:url\" content=\"https:\/\/shop.bantam.ch\/de\/produkt\/hybrid-kuehlbox-42l\/\" \/>\n<meta property=\"og:site_name\" content=\"Bantam Camping AG\" \/>\n<meta property=\"article:modified_time\" content=\"2026-04-18T20:54:42+00:00\" \/>\n<meta property=\"og:image\" content=\"https:\/\/shop.bantam.ch\/wp-content\/uploads\/2023\/12\/vignette_produit-22.jpg\" \/>\n\t<meta property=\"og:image:width\" content=\"455\" \/>\n\t<meta property=\"og:image:height\" content=\"460\" \/>\n\t<meta property=\"og:image:type\" content=\"image\/jpeg\" \/>\n<meta name=\"twitter:card\" content=\"summary_large_image\" \/>\n<meta name=\"twitter:label1\" content=\"Gesch\u00e4tzte Lesezeit\" \/>\n\t<meta name=\"twitter:data1\" content=\"1\u00a0Minute\" \/>\n<script type=\"application\/ld+json\" class=\"yoast-schema-graph\">{\"@context\":\"https:\\\/\\\/schema.org\",\"@graph\":[{\"@type\":\"WebPage\",\"@id\":\"https:\\\/\\\/shop.bantam.ch\\\/de\\\/produkt\\\/hybrid-kuehlbox-42l\\\/\",\"url\":\"https:\\\/\\\/shop.bantam.ch\\\/de\\\/produkt\\\/hybrid-kuehlbox-42l\\\/\",\"name\":\"Hybrid-K\u00fchlbox 42L - Bantam Camping AG\",\"isPartOf\":{\"@id\":\"https:\\\/\\\/shop.bantam.ch\\\/de\\\/#website\"},\"primaryImageOfPage\":{\"@id\":\"https:\\\/\\\/shop.bantam.ch\\\/de\\\/produkt\\\/hybrid-kuehlbox-42l\\\/#primaryimage\"},\"image\":{\"@id\":\"https:\\\/\\\/shop.bantam.ch\\\/de\\\/produkt\\\/hybrid-kuehlbox-42l\\\/#primaryimage\"},\"thumbnailUrl\":\"https:\\\/\\\/shop.bantam.ch\\\/wp-content\\\/uploads\\\/2023\\\/12\\\/vignette_produit-22.jpg\",\"datePublished\":\"2023-12-11T08:10:27+00:00\",\"dateModified\":\"2026-04-18T20:54:42+00:00\",\"breadcrumb\":{\"@id\":\"https:\\\/\\\/shop.bantam.ch\\\/de\\\/produkt\\\/hybrid-kuehlbox-42l\\\/#breadcrumb\"},\"inLanguage\":\"de\",\"potentialAction\":[{\"@type\":\"ReadAction\",\"target\":[\"https:\\\/\\\/shop.bantam.ch\\\/de\\\/produkt\\\/hybrid-kuehlbox-42l\\\/\"]}]},{\"@type\":\"ImageObject\",\"inLanguage\":\"de\",\"@id\":\"https:\\\/\\\/shop.bantam.ch\\\/de\\\/produkt\\\/hybrid-kuehlbox-42l\\\/#primaryimage\",\"url\":\"https:\\\/\\\/shop.bantam.ch\\\/wp-content\\\/uploads\\\/2023\\\/12\\\/vignette_produit-22.jpg\",\"contentUrl\":\"https:\\\/\\\/shop.bantam.ch\\\/wp-content\\\/uploads\\\/2023\\\/12\\\/vignette_produit-22.jpg\",\"width\":455,\"height\":460},{\"@type\":\"BreadcrumbList\",\"@id\":\"https:\\\/\\\/shop.bantam.ch\\\/de\\\/produkt\\\/hybrid-kuehlbox-42l\\\/#breadcrumb\",\"itemListElement\":[{\"@type\":\"ListItem\",\"position\":1,\"name\":\"Accueil\",\"item\":\"https:\\\/\\\/shop.bantam.ch\\\/de\\\/\"},{\"@type\":\"ListItem\",\"position\":2,\"name\":\"Shop\",\"item\":\"https:\\\/\\\/shop.bantam.ch\\\/de\\\/shop\\\/\"},{\"@type\":\"ListItem\",\"position\":3,\"name\":\"Hybrid-K\u00fchlbox 42L\"}]},{\"@type\":\"WebSite\",\"@id\":\"https:\\\/\\\/shop.bantam.ch\\\/de\\\/#website\",\"url\":\"https:\\\/\\\/shop.bantam.ch\\\/de\\\/\",\"name\":\"Bantam Camping AG\",\"description\":\"\",\"publisher\":{\"@id\":\"https:\\\/\\\/shop.bantam.ch\\\/de\\\/#organization\"},\"inLanguage\":\"de\"},{\"@type\":\"Organization\",\"@id\":\"https:\\\/\\\/shop.bantam.ch\\\/de\\\/#organization\",\"name\":\"Bantam Camping AG\",\"url\":\"https:\\\/\\\/shop.bantam.ch\\\/de\\\/\",\"logo\":{\"@type\":\"ImageObject\",\"inLanguage\":\"de\",\"@id\":\"https:\\\/\\\/shop.bantam.ch\\\/de\\\/#\\\/schema\\\/logo\\\/image\\\/\",\"url\":\"https:\\\/\\\/shop.bantam.ch\\\/wp-content\\\/uploads\\\/2022\\\/12\\\/bantam-logo.png\",\"contentUrl\":\"https:\\\/\\\/shop.bantam.ch\\\/wp-content\\\/uploads\\\/2022\\\/12\\\/bantam-logo.png\",\"width\":320,\"height\":71,\"caption\":\"Bantam Camping AG\"},\"image\":{\"@id\":\"https:\\\/\\\/shop.bantam.ch\\\/de\\\/#\\\/schema\\\/logo\\\/image\\\/\"}}]}<\/script>\n<!-- \/ Yoast SEO plugin. -->","yoast_head_json":{"title":"Hybrid-K\u00fchlbox 42L - Bantam Camping AG","robots":{"index":"index","follow":"follow","max-snippet":"max-snippet:-1","max-image-preview":"max-image-preview:large","max-video-preview":"max-video-preview:-1"},"canonical":"https:\/\/shop.bantam.ch\/de\/produkt\/hybrid-kuehlbox-42l\/","og_locale":"de_DE","og_type":"article","og_title":"Hybrid-K\u00fchlbox 42L - Bantam Camping AG","og_description":"Eine K\u00fchlbox, die f\u00fcr die hei\u00dfesten Temperaturen ger\u00fcstet ist: Die Hybrid-K\u00fchlbox 42 Liter von EZA.! Doppelte K\u00fchltechnologie : Eine leistungsstarke Kompressionsk\u00fchlung an einer 220 \/ 240 V-Steckdose (nominale Eingangsleistung 70 W) und eine sparsame thermoelektrische K\u00fchlung an einer 12 V-Zigarettenanz\u00fcndersteckdose (nominale Eingangsleistung 55 W). Die Kompressorfunktion: Sie senkt die Temperatur von +20 \u00b0C auf -15 [&hellip;]","og_url":"https:\/\/shop.bantam.ch\/de\/produkt\/hybrid-kuehlbox-42l\/","og_site_name":"Bantam Camping AG","article_modified_time":"2026-04-18T20:54:42+00:00","og_image":[{"width":455,"height":460,"url":"https:\/\/shop.bantam.ch\/wp-content\/uploads\/2023\/12\/vignette_produit-22.jpg","type":"image\/jpeg"}],"twitter_card":"summary_large_image","twitter_misc":{"Gesch\u00e4tzte Lesezeit":"1\u00a0Minute"},"schema":{"@context":"https:\/\/schema.org","@graph":[{"@type":"WebPage","@id":"https:\/\/shop.bantam.ch\/de\/produkt\/hybrid-kuehlbox-42l\/","url":"https:\/\/shop.bantam.ch\/de\/produkt\/hybrid-kuehlbox-42l\/","name":"Hybrid-K\u00fchlbox 42L - Bantam Camping AG","isPartOf":{"@id":"https:\/\/shop.bantam.ch\/de\/#website"},"primaryImageOfPage":{"@id":"https:\/\/shop.bantam.ch\/de\/produkt\/hybrid-kuehlbox-42l\/#primaryimage"},"image":{"@id":"https:\/\/shop.bantam.ch\/de\/produkt\/hybrid-kuehlbox-42l\/#primaryimage"},"thumbnailUrl":"https:\/\/shop.bantam.ch\/wp-content\/uploads\/2023\/12\/vignette_produit-22.jpg","datePublished":"2023-12-11T08:10:27+00:00","dateModified":"2026-04-18T20:54:42+00:00","breadcrumb":{"@id":"https:\/\/shop.bantam.ch\/de\/produkt\/hybrid-kuehlbox-42l\/#breadcrumb"},"inLanguage":"de","potentialAction":[{"@type":"ReadAction","target":["https:\/\/shop.bantam.ch\/de\/produkt\/hybrid-kuehlbox-42l\/"]}]},{"@type":"ImageObject","inLanguage":"de","@id":"https:\/\/shop.bantam.ch\/de\/produkt\/hybrid-kuehlbox-42l\/#primaryimage","url":"https:\/\/shop.bantam.ch\/wp-content\/uploads\/2023\/12\/vignette_produit-22.jpg","contentUrl":"https:\/\/shop.bantam.ch\/wp-content\/uploads\/2023\/12\/vignette_produit-22.jpg","width":455,"height":460},{"@type":"BreadcrumbList","@id":"https:\/\/shop.bantam.ch\/de\/produkt\/hybrid-kuehlbox-42l\/#breadcrumb","itemListElement":[{"@type":"ListItem","position":1,"name":"Accueil","item":"https:\/\/shop.bantam.ch\/de\/"},{"@type":"ListItem","position":2,"name":"Shop","item":"https:\/\/shop.bantam.ch\/de\/shop\/"},{"@type":"ListItem","position":3,"name":"Hybrid-K\u00fchlbox 42L"}]},{"@type":"WebSite","@id":"https:\/\/shop.bantam.ch\/de\/#website","url":"https:\/\/shop.bantam.ch\/de\/","name":"Bantam Camping AG","description":"","publisher":{"@id":"https:\/\/shop.bantam.ch\/de\/#organization"},"inLanguage":"de"},{"@type":"Organization","@id":"https:\/\/shop.bantam.ch\/de\/#organization","name":"Bantam Camping AG","url":"https:\/\/shop.bantam.ch\/de\/","logo":{"@type":"ImageObject","inLanguage":"de","@id":"https:\/\/shop.bantam.ch\/de\/#\/schema\/logo\/image\/","url":"https:\/\/shop.bantam.ch\/wp-content\/uploads\/2022\/12\/bantam-logo.png","contentUrl":"https:\/\/shop.bantam.ch\/wp-content\/uploads\/2022\/12\/bantam-logo.png","width":320,"height":71,"caption":"Bantam Camping AG"},"image":{"@id":"https:\/\/shop.bantam.ch\/de\/#\/schema\/logo\/image\/"}}]}},"_links":{"self":[{"href":"https:\/\/shop.bantam.ch\/de\/wp-json\/wp\/v2\/product\/188107","targetHints":{"allow":["GET"]}}],"collection":[{"href":"https:\/\/shop.bantam.ch\/de\/wp-json\/wp\/v2\/product"}],"about":[{"href":"https:\/\/shop.bantam.ch\/de\/wp-json\/wp\/v2\/types\/product"}],"wp:featuredmedia":[{"embeddable":true,"href":"https:\/\/shop.bantam.ch\/de\/wp-json\/wp\/v2\/media\/188105"}],"wp:attachment":[{"href":"https:\/\/shop.bantam.ch\/de\/wp-json\/wp\/v2\/media?parent=188107"}],"wp:term":[{"taxonomy":"product_featured_cat","embeddable":true,"href":"https:\/\/shop.bantam.ch\/de\/wp-json\/wp\/v2\/product_featured_cat?post=188107"},{"taxonomy":"product_brand","embeddable":true,"href":"https:\/\/shop.bantam.ch\/de\/wp-json\/wp\/v2\/product_brand?post=188107"},{"taxonomy":"product_cat","embeddable":true,"href":"https:\/\/shop.bantam.ch\/de\/wp-json\/wp\/v2\/product_cat?post=188107"},{"taxonomy":"product_tag","embeddable":true,"href":"https:\/\/shop.bantam.ch\/de\/wp-json\/wp\/v2\/product_tag?post=188107"}],"curies":[{"name":"wp","href":"https:\/\/api.w.org\/{rel}","templated":true}]}}