{"id":188099,"date":"2024-01-31T09:06:54","date_gmt":"2024-01-31T08:06:54","guid":{"rendered":"https:\/\/shop.bantam.ch\/produit\/wasserdichte-tragetasche-fuer-power-station-gs1200\/"},"modified":"2026-04-17T22:52:05","modified_gmt":"2026-04-17T20:52:05","slug":"wasserdichte-tragetasche-fuer-power-station-gs1200","status":"publish","type":"product","link":"https:\/\/shop.bantam.ch\/de\/produkt\/wasserdichte-tragetasche-fuer-power-station-gs1200\/","title":{"rendered":"Wasserdichte Tragetasche f\u00fcr Power Station GS1200"},"content":{"rendered":"<p>Sch\u00fctzen, verstauen und transportieren Sie Ihre PowerRoam-Powerstation von Ugreen mit der wasserdichten Tragetasche!<\/p>\n<p>Mit ihrem doppelten Rei\u00dfverschluss ist diese Tasche eine wasserdichte Aufbewahrungsm\u00f6glichkeit f\u00fcr Ihre PowerRoam.<\/p>\n<p>Die Tasche ist aus strapazierf\u00e4higem Material (Nylon 960D) gefertigt und ist robust und verschlei\u00dffest, sodass sie Sie \u00fcberall hin begleiten kann.<\/p>\n<p>Die Innenseite der Tasche ist mit einer doppelten technischen Schicht versehen und isoliert Ihre Powerstation sowohl gegen K\u00e4lte als auch gegen W\u00e4rme.<\/p>\n<p>Die externen Taschen f\u00fcr Ihre Ladekabel, der Tragegriff und der verst\u00e4rkte Schultergurt machen diese Tasche zu einem praktischen Begleiter f\u00fcr Ihren PowerRoam.<\/p>\n","protected":false},"excerpt":{"rendered":"<p>Sch\u00fctzen, verstauen und transportieren Sie Ihre PowerRoam-Powerstation von Ugreen mit der wasserdichten Tragetasche! Mit ihrem doppelten Rei\u00dfverschluss ist diese Tasche eine wasserdichte Aufbewahrungsm\u00f6glichkeit f\u00fcr Ihre PowerRoam. Die Tasche ist aus strapazierf\u00e4higem Material (Nylon 960D) gefertigt und ist robust und verschlei\u00dffest, sodass sie Sie \u00fcberall hin begleiten kann. Die Innenseite der Tasche ist mit einer doppelten [&hellip;]<\/p>\n","protected":false},"featured_media":188097,"template":"","meta":{"_acf_changed":false},"product_featured_cat":[],"product_brand":[3033],"product_cat":[4908],"product_tag":[],"class_list":{"0":"post-188099","1":"product","2":"type-product","3":"status-publish","4":"has-post-thumbnail","6":"product_brand-standard-de","7":"product_cat-zubehoer-fuer-batterien","9":"first","10":"instock","11":"taxable","12":"shipping-taxable","13":"purchasable","14":"product-type-simple"},"acf":[],"yoast_head":"<!-- This site is optimized with the Yoast SEO plugin v27.4 - https:\/\/yoast.com\/product\/yoast-seo-wordpress\/ -->\n<title>Wasserdichte Tragetasche f\u00fcr Power Station GS1200 - Bantam Camping AG<\/title>\n<meta name=\"robots\" content=\"index, follow, max-snippet:-1, max-image-preview:large, max-video-preview:-1\" \/>\n<link rel=\"canonical\" href=\"https:\/\/shop.bantam.ch\/de\/produkt\/wasserdichte-tragetasche-fuer-power-station-gs1200\/\" \/>\n<meta property=\"og:locale\" content=\"de_DE\" \/>\n<meta property=\"og:type\" content=\"article\" \/>\n<meta property=\"og:title\" content=\"Wasserdichte Tragetasche f\u00fcr Power Station GS1200 - Bantam Camping AG\" \/>\n<meta property=\"og:description\" content=\"Sch\u00fctzen, verstauen und transportieren Sie Ihre PowerRoam-Powerstation von Ugreen mit der wasserdichten Tragetasche! Mit ihrem doppelten Rei\u00dfverschluss ist diese Tasche eine wasserdichte Aufbewahrungsm\u00f6glichkeit f\u00fcr Ihre PowerRoam. Die Tasche ist aus strapazierf\u00e4higem Material (Nylon 960D) gefertigt und ist robust und verschlei\u00dffest, sodass sie Sie \u00fcberall hin begleiten kann. Die Innenseite der Tasche ist mit einer doppelten [&hellip;]\" \/>\n<meta property=\"og:url\" content=\"https:\/\/shop.bantam.ch\/de\/produkt\/wasserdichte-tragetasche-fuer-power-station-gs1200\/\" \/>\n<meta property=\"og:site_name\" content=\"Bantam Camping AG\" \/>\n<meta property=\"article:modified_time\" content=\"2026-04-17T20:52:05+00:00\" \/>\n<meta property=\"og:image\" content=\"https:\/\/shop.bantam.ch\/wp-content\/uploads\/2023\/12\/vignette_produit-20.jpg\" \/>\n\t<meta property=\"og:image:width\" content=\"455\" \/>\n\t<meta property=\"og:image:height\" content=\"460\" \/>\n\t<meta property=\"og:image:type\" content=\"image\/jpeg\" \/>\n<meta name=\"twitter:card\" content=\"summary_large_image\" \/>\n<meta name=\"twitter:label1\" content=\"Gesch\u00e4tzte Lesezeit\" \/>\n\t<meta name=\"twitter:data1\" content=\"1\u00a0Minute\" \/>\n<script type=\"application\/ld+json\" class=\"yoast-schema-graph\">{\"@context\":\"https:\\\/\\\/schema.org\",\"@graph\":[{\"@type\":\"WebPage\",\"@id\":\"https:\\\/\\\/shop.bantam.ch\\\/de\\\/produkt\\\/wasserdichte-tragetasche-fuer-power-station-gs1200\\\/\",\"url\":\"https:\\\/\\\/shop.bantam.ch\\\/de\\\/produkt\\\/wasserdichte-tragetasche-fuer-power-station-gs1200\\\/\",\"name\":\"Wasserdichte Tragetasche f\u00fcr Power Station GS1200 - Bantam Camping AG\",\"isPartOf\":{\"@id\":\"https:\\\/\\\/shop.bantam.ch\\\/de\\\/#website\"},\"primaryImageOfPage\":{\"@id\":\"https:\\\/\\\/shop.bantam.ch\\\/de\\\/produkt\\\/wasserdichte-tragetasche-fuer-power-station-gs1200\\\/#primaryimage\"},\"image\":{\"@id\":\"https:\\\/\\\/shop.bantam.ch\\\/de\\\/produkt\\\/wasserdichte-tragetasche-fuer-power-station-gs1200\\\/#primaryimage\"},\"thumbnailUrl\":\"https:\\\/\\\/shop.bantam.ch\\\/wp-content\\\/uploads\\\/2023\\\/12\\\/vignette_produit-20.jpg\",\"datePublished\":\"2024-01-31T08:06:54+00:00\",\"dateModified\":\"2026-04-17T20:52:05+00:00\",\"breadcrumb\":{\"@id\":\"https:\\\/\\\/shop.bantam.ch\\\/de\\\/produkt\\\/wasserdichte-tragetasche-fuer-power-station-gs1200\\\/#breadcrumb\"},\"inLanguage\":\"de\",\"potentialAction\":[{\"@type\":\"ReadAction\",\"target\":[\"https:\\\/\\\/shop.bantam.ch\\\/de\\\/produkt\\\/wasserdichte-tragetasche-fuer-power-station-gs1200\\\/\"]}]},{\"@type\":\"ImageObject\",\"inLanguage\":\"de\",\"@id\":\"https:\\\/\\\/shop.bantam.ch\\\/de\\\/produkt\\\/wasserdichte-tragetasche-fuer-power-station-gs1200\\\/#primaryimage\",\"url\":\"https:\\\/\\\/shop.bantam.ch\\\/wp-content\\\/uploads\\\/2023\\\/12\\\/vignette_produit-20.jpg\",\"contentUrl\":\"https:\\\/\\\/shop.bantam.ch\\\/wp-content\\\/uploads\\\/2023\\\/12\\\/vignette_produit-20.jpg\",\"width\":455,\"height\":460},{\"@type\":\"BreadcrumbList\",\"@id\":\"https:\\\/\\\/shop.bantam.ch\\\/de\\\/produkt\\\/wasserdichte-tragetasche-fuer-power-station-gs1200\\\/#breadcrumb\",\"itemListElement\":[{\"@type\":\"ListItem\",\"position\":1,\"name\":\"Accueil\",\"item\":\"https:\\\/\\\/shop.bantam.ch\\\/de\\\/\"},{\"@type\":\"ListItem\",\"position\":2,\"name\":\"Shop\",\"item\":\"https:\\\/\\\/shop.bantam.ch\\\/de\\\/shop\\\/\"},{\"@type\":\"ListItem\",\"position\":3,\"name\":\"Wasserdichte Tragetasche f\u00fcr Power Station GS1200\"}]},{\"@type\":\"WebSite\",\"@id\":\"https:\\\/\\\/shop.bantam.ch\\\/de\\\/#website\",\"url\":\"https:\\\/\\\/shop.bantam.ch\\\/de\\\/\",\"name\":\"Bantam Camping AG\",\"description\":\"\",\"publisher\":{\"@id\":\"https:\\\/\\\/shop.bantam.ch\\\/de\\\/#organization\"},\"inLanguage\":\"de\"},{\"@type\":\"Organization\",\"@id\":\"https:\\\/\\\/shop.bantam.ch\\\/de\\\/#organization\",\"name\":\"Bantam Camping AG\",\"url\":\"https:\\\/\\\/shop.bantam.ch\\\/de\\\/\",\"logo\":{\"@type\":\"ImageObject\",\"inLanguage\":\"de\",\"@id\":\"https:\\\/\\\/shop.bantam.ch\\\/de\\\/#\\\/schema\\\/logo\\\/image\\\/\",\"url\":\"https:\\\/\\\/shop.bantam.ch\\\/wp-content\\\/uploads\\\/2022\\\/12\\\/bantam-logo.png\",\"contentUrl\":\"https:\\\/\\\/shop.bantam.ch\\\/wp-content\\\/uploads\\\/2022\\\/12\\\/bantam-logo.png\",\"width\":320,\"height\":71,\"caption\":\"Bantam Camping AG\"},\"image\":{\"@id\":\"https:\\\/\\\/shop.bantam.ch\\\/de\\\/#\\\/schema\\\/logo\\\/image\\\/\"}}]}<\/script>\n<!-- \/ Yoast SEO plugin. -->","yoast_head_json":{"title":"Wasserdichte Tragetasche f\u00fcr Power Station GS1200 - Bantam Camping AG","robots":{"index":"index","follow":"follow","max-snippet":"max-snippet:-1","max-image-preview":"max-image-preview:large","max-video-preview":"max-video-preview:-1"},"canonical":"https:\/\/shop.bantam.ch\/de\/produkt\/wasserdichte-tragetasche-fuer-power-station-gs1200\/","og_locale":"de_DE","og_type":"article","og_title":"Wasserdichte Tragetasche f\u00fcr Power Station GS1200 - Bantam Camping AG","og_description":"Sch\u00fctzen, verstauen und transportieren Sie Ihre PowerRoam-Powerstation von Ugreen mit der wasserdichten Tragetasche! Mit ihrem doppelten Rei\u00dfverschluss ist diese Tasche eine wasserdichte Aufbewahrungsm\u00f6glichkeit f\u00fcr Ihre PowerRoam. Die Tasche ist aus strapazierf\u00e4higem Material (Nylon 960D) gefertigt und ist robust und verschlei\u00dffest, sodass sie Sie \u00fcberall hin begleiten kann. Die Innenseite der Tasche ist mit einer doppelten [&hellip;]","og_url":"https:\/\/shop.bantam.ch\/de\/produkt\/wasserdichte-tragetasche-fuer-power-station-gs1200\/","og_site_name":"Bantam Camping AG","article_modified_time":"2026-04-17T20:52:05+00:00","og_image":[{"width":455,"height":460,"url":"https:\/\/shop.bantam.ch\/wp-content\/uploads\/2023\/12\/vignette_produit-20.jpg","type":"image\/jpeg"}],"twitter_card":"summary_large_image","twitter_misc":{"Gesch\u00e4tzte Lesezeit":"1\u00a0Minute"},"schema":{"@context":"https:\/\/schema.org","@graph":[{"@type":"WebPage","@id":"https:\/\/shop.bantam.ch\/de\/produkt\/wasserdichte-tragetasche-fuer-power-station-gs1200\/","url":"https:\/\/shop.bantam.ch\/de\/produkt\/wasserdichte-tragetasche-fuer-power-station-gs1200\/","name":"Wasserdichte Tragetasche f\u00fcr Power Station GS1200 - Bantam Camping AG","isPartOf":{"@id":"https:\/\/shop.bantam.ch\/de\/#website"},"primaryImageOfPage":{"@id":"https:\/\/shop.bantam.ch\/de\/produkt\/wasserdichte-tragetasche-fuer-power-station-gs1200\/#primaryimage"},"image":{"@id":"https:\/\/shop.bantam.ch\/de\/produkt\/wasserdichte-tragetasche-fuer-power-station-gs1200\/#primaryimage"},"thumbnailUrl":"https:\/\/shop.bantam.ch\/wp-content\/uploads\/2023\/12\/vignette_produit-20.jpg","datePublished":"2024-01-31T08:06:54+00:00","dateModified":"2026-04-17T20:52:05+00:00","breadcrumb":{"@id":"https:\/\/shop.bantam.ch\/de\/produkt\/wasserdichte-tragetasche-fuer-power-station-gs1200\/#breadcrumb"},"inLanguage":"de","potentialAction":[{"@type":"ReadAction","target":["https:\/\/shop.bantam.ch\/de\/produkt\/wasserdichte-tragetasche-fuer-power-station-gs1200\/"]}]},{"@type":"ImageObject","inLanguage":"de","@id":"https:\/\/shop.bantam.ch\/de\/produkt\/wasserdichte-tragetasche-fuer-power-station-gs1200\/#primaryimage","url":"https:\/\/shop.bantam.ch\/wp-content\/uploads\/2023\/12\/vignette_produit-20.jpg","contentUrl":"https:\/\/shop.bantam.ch\/wp-content\/uploads\/2023\/12\/vignette_produit-20.jpg","width":455,"height":460},{"@type":"BreadcrumbList","@id":"https:\/\/shop.bantam.ch\/de\/produkt\/wasserdichte-tragetasche-fuer-power-station-gs1200\/#breadcrumb","itemListElement":[{"@type":"ListItem","position":1,"name":"Accueil","item":"https:\/\/shop.bantam.ch\/de\/"},{"@type":"ListItem","position":2,"name":"Shop","item":"https:\/\/shop.bantam.ch\/de\/shop\/"},{"@type":"ListItem","position":3,"name":"Wasserdichte Tragetasche f\u00fcr Power Station GS1200"}]},{"@type":"WebSite","@id":"https:\/\/shop.bantam.ch\/de\/#website","url":"https:\/\/shop.bantam.ch\/de\/","name":"Bantam Camping AG","description":"","publisher":{"@id":"https:\/\/shop.bantam.ch\/de\/#organization"},"inLanguage":"de"},{"@type":"Organization","@id":"https:\/\/shop.bantam.ch\/de\/#organization","name":"Bantam Camping AG","url":"https:\/\/shop.bantam.ch\/de\/","logo":{"@type":"ImageObject","inLanguage":"de","@id":"https:\/\/shop.bantam.ch\/de\/#\/schema\/logo\/image\/","url":"https:\/\/shop.bantam.ch\/wp-content\/uploads\/2022\/12\/bantam-logo.png","contentUrl":"https:\/\/shop.bantam.ch\/wp-content\/uploads\/2022\/12\/bantam-logo.png","width":320,"height":71,"caption":"Bantam Camping AG"},"image":{"@id":"https:\/\/shop.bantam.ch\/de\/#\/schema\/logo\/image\/"}}]}},"_links":{"self":[{"href":"https:\/\/shop.bantam.ch\/de\/wp-json\/wp\/v2\/product\/188099","targetHints":{"allow":["GET"]}}],"collection":[{"href":"https:\/\/shop.bantam.ch\/de\/wp-json\/wp\/v2\/product"}],"about":[{"href":"https:\/\/shop.bantam.ch\/de\/wp-json\/wp\/v2\/types\/product"}],"wp:featuredmedia":[{"embeddable":true,"href":"https:\/\/shop.bantam.ch\/de\/wp-json\/wp\/v2\/media\/188097"}],"wp:attachment":[{"href":"https:\/\/shop.bantam.ch\/de\/wp-json\/wp\/v2\/media?parent=188099"}],"wp:term":[{"taxonomy":"product_featured_cat","embeddable":true,"href":"https:\/\/shop.bantam.ch\/de\/wp-json\/wp\/v2\/product_featured_cat?post=188099"},{"taxonomy":"product_brand","embeddable":true,"href":"https:\/\/shop.bantam.ch\/de\/wp-json\/wp\/v2\/product_brand?post=188099"},{"taxonomy":"product_cat","embeddable":true,"href":"https:\/\/shop.bantam.ch\/de\/wp-json\/wp\/v2\/product_cat?post=188099"},{"taxonomy":"product_tag","embeddable":true,"href":"https:\/\/shop.bantam.ch\/de\/wp-json\/wp\/v2\/product_tag?post=188099"}],"curies":[{"name":"wp","href":"https:\/\/api.w.org\/{rel}","templated":true}]}}