{"id":188087,"date":"2024-01-01T09:01:55","date_gmt":"2024-01-01T08:01:55","guid":{"rendered":"https:\/\/shop.bantam.ch\/produit\/solarpanel-koffer-100w\/"},"modified":"2026-04-18T22:54:34","modified_gmt":"2026-04-18T20:54:34","slug":"solarpanel-koffer-100w","status":"publish","type":"product","link":"https:\/\/shop.bantam.ch\/de\/produkt\/solarpanel-koffer-100w\/","title":{"rendered":"Solarpanel Koffer 100W"},"content":{"rendered":"<p>Technologie: PERC<br \/>\nSpannung bei max. Leistung: 23V<br \/>\nWirkungsgrad der Zellen: 20%.<br \/>\nRahmen: Kunststoff<br \/>\nArt der Befestigung: zum Aufstellen + \u00d6sen<br \/>\nAusf\u00fchrung: Koffer aus Polyester 1200D Waterproof.<br \/>\nDC-Anschl\u00fcsse: 1 Kabel 3m: MC4-Stecker + 1 Verbindungsset 0.6m (DC5521, DC7909, XT60 und Anderson).<br \/>\nZertifizierungen, Zulassungen: CE \/ ROHS.<br \/>\nAbmessungen des gefalteten Produkts: 540 x 605x 45 mm.<br \/>\nAbmessungen des aufgeklappten Produkts: 1217x 540x 25 mm.<br \/>\nNettogewicht des Produkts : 4 kg<\/p>\n","protected":false},"excerpt":{"rendered":"<p>Technologie: PERC Spannung bei max. Leistung: 23V Wirkungsgrad der Zellen: 20%. Rahmen: Kunststoff Art der Befestigung: zum Aufstellen + \u00d6sen Ausf\u00fchrung: Koffer aus Polyester 1200D Waterproof. DC-Anschl\u00fcsse: 1 Kabel 3m: MC4-Stecker + 1 Verbindungsset 0.6m (DC5521, DC7909, XT60 und Anderson). Zertifizierungen, Zulassungen: CE \/ ROHS. Abmessungen des gefalteten Produkts: 540 x 605x 45 mm. Abmessungen [&hellip;]<\/p>\n","protected":false},"featured_media":188085,"template":"","meta":{"_acf_changed":false},"product_featured_cat":[],"product_brand":[3809],"product_cat":[4908],"product_tag":[],"class_list":{"0":"post-188087","1":"product","2":"type-product","3":"status-publish","4":"has-post-thumbnail","6":"product_brand-perc-de","7":"product_cat-zubehoer-fuer-batterien","9":"first","10":"instock","11":"taxable","12":"shipping-taxable","13":"purchasable","14":"product-type-simple"},"acf":[],"yoast_head":"<!-- This site is optimized with the Yoast SEO plugin v27.4 - https:\/\/yoast.com\/product\/yoast-seo-wordpress\/ -->\n<title>Solarpanel Koffer 100W - Bantam Camping AG<\/title>\n<meta name=\"robots\" content=\"index, follow, max-snippet:-1, max-image-preview:large, max-video-preview:-1\" \/>\n<link rel=\"canonical\" href=\"https:\/\/shop.bantam.ch\/de\/produkt\/solarpanel-koffer-100w\/\" \/>\n<meta property=\"og:locale\" content=\"de_DE\" \/>\n<meta property=\"og:type\" content=\"article\" \/>\n<meta property=\"og:title\" content=\"Solarpanel Koffer 100W - Bantam Camping AG\" \/>\n<meta property=\"og:description\" content=\"Technologie: PERC Spannung bei max. Leistung: 23V Wirkungsgrad der Zellen: 20%. Rahmen: Kunststoff Art der Befestigung: zum Aufstellen + \u00d6sen Ausf\u00fchrung: Koffer aus Polyester 1200D Waterproof. DC-Anschl\u00fcsse: 1 Kabel 3m: MC4-Stecker + 1 Verbindungsset 0.6m (DC5521, DC7909, XT60 und Anderson). Zertifizierungen, Zulassungen: CE \/ ROHS. Abmessungen des gefalteten Produkts: 540 x 605x 45 mm. Abmessungen [&hellip;]\" \/>\n<meta property=\"og:url\" content=\"https:\/\/shop.bantam.ch\/de\/produkt\/solarpanel-koffer-100w\/\" \/>\n<meta property=\"og:site_name\" content=\"Bantam Camping AG\" \/>\n<meta property=\"article:modified_time\" content=\"2026-04-18T20:54:34+00:00\" \/>\n<meta property=\"og:image\" content=\"https:\/\/shop.bantam.ch\/wp-content\/uploads\/2023\/12\/vignette_produit-17.jpg\" \/>\n\t<meta property=\"og:image:width\" content=\"455\" \/>\n\t<meta property=\"og:image:height\" content=\"460\" \/>\n\t<meta property=\"og:image:type\" content=\"image\/jpeg\" \/>\n<meta name=\"twitter:card\" content=\"summary_large_image\" \/>\n<script type=\"application\/ld+json\" class=\"yoast-schema-graph\">{\"@context\":\"https:\\\/\\\/schema.org\",\"@graph\":[{\"@type\":\"WebPage\",\"@id\":\"https:\\\/\\\/shop.bantam.ch\\\/de\\\/produkt\\\/solarpanel-koffer-100w\\\/\",\"url\":\"https:\\\/\\\/shop.bantam.ch\\\/de\\\/produkt\\\/solarpanel-koffer-100w\\\/\",\"name\":\"Solarpanel Koffer 100W - Bantam Camping AG\",\"isPartOf\":{\"@id\":\"https:\\\/\\\/shop.bantam.ch\\\/de\\\/#website\"},\"primaryImageOfPage\":{\"@id\":\"https:\\\/\\\/shop.bantam.ch\\\/de\\\/produkt\\\/solarpanel-koffer-100w\\\/#primaryimage\"},\"image\":{\"@id\":\"https:\\\/\\\/shop.bantam.ch\\\/de\\\/produkt\\\/solarpanel-koffer-100w\\\/#primaryimage\"},\"thumbnailUrl\":\"https:\\\/\\\/shop.bantam.ch\\\/wp-content\\\/uploads\\\/2023\\\/12\\\/vignette_produit-17.jpg\",\"datePublished\":\"2024-01-01T08:01:55+00:00\",\"dateModified\":\"2026-04-18T20:54:34+00:00\",\"breadcrumb\":{\"@id\":\"https:\\\/\\\/shop.bantam.ch\\\/de\\\/produkt\\\/solarpanel-koffer-100w\\\/#breadcrumb\"},\"inLanguage\":\"de\",\"potentialAction\":[{\"@type\":\"ReadAction\",\"target\":[\"https:\\\/\\\/shop.bantam.ch\\\/de\\\/produkt\\\/solarpanel-koffer-100w\\\/\"]}]},{\"@type\":\"ImageObject\",\"inLanguage\":\"de\",\"@id\":\"https:\\\/\\\/shop.bantam.ch\\\/de\\\/produkt\\\/solarpanel-koffer-100w\\\/#primaryimage\",\"url\":\"https:\\\/\\\/shop.bantam.ch\\\/wp-content\\\/uploads\\\/2023\\\/12\\\/vignette_produit-17.jpg\",\"contentUrl\":\"https:\\\/\\\/shop.bantam.ch\\\/wp-content\\\/uploads\\\/2023\\\/12\\\/vignette_produit-17.jpg\",\"width\":455,\"height\":460},{\"@type\":\"BreadcrumbList\",\"@id\":\"https:\\\/\\\/shop.bantam.ch\\\/de\\\/produkt\\\/solarpanel-koffer-100w\\\/#breadcrumb\",\"itemListElement\":[{\"@type\":\"ListItem\",\"position\":1,\"name\":\"Accueil\",\"item\":\"https:\\\/\\\/shop.bantam.ch\\\/de\\\/\"},{\"@type\":\"ListItem\",\"position\":2,\"name\":\"Shop\",\"item\":\"https:\\\/\\\/shop.bantam.ch\\\/de\\\/shop\\\/\"},{\"@type\":\"ListItem\",\"position\":3,\"name\":\"Solarpanel Koffer 100W\"}]},{\"@type\":\"WebSite\",\"@id\":\"https:\\\/\\\/shop.bantam.ch\\\/de\\\/#website\",\"url\":\"https:\\\/\\\/shop.bantam.ch\\\/de\\\/\",\"name\":\"Bantam Camping AG\",\"description\":\"\",\"publisher\":{\"@id\":\"https:\\\/\\\/shop.bantam.ch\\\/de\\\/#organization\"},\"inLanguage\":\"de\"},{\"@type\":\"Organization\",\"@id\":\"https:\\\/\\\/shop.bantam.ch\\\/de\\\/#organization\",\"name\":\"Bantam Camping AG\",\"url\":\"https:\\\/\\\/shop.bantam.ch\\\/de\\\/\",\"logo\":{\"@type\":\"ImageObject\",\"inLanguage\":\"de\",\"@id\":\"https:\\\/\\\/shop.bantam.ch\\\/de\\\/#\\\/schema\\\/logo\\\/image\\\/\",\"url\":\"https:\\\/\\\/shop.bantam.ch\\\/wp-content\\\/uploads\\\/2022\\\/12\\\/bantam-logo.png\",\"contentUrl\":\"https:\\\/\\\/shop.bantam.ch\\\/wp-content\\\/uploads\\\/2022\\\/12\\\/bantam-logo.png\",\"width\":320,\"height\":71,\"caption\":\"Bantam Camping AG\"},\"image\":{\"@id\":\"https:\\\/\\\/shop.bantam.ch\\\/de\\\/#\\\/schema\\\/logo\\\/image\\\/\"}}]}<\/script>\n<!-- \/ Yoast SEO plugin. -->","yoast_head_json":{"title":"Solarpanel Koffer 100W - Bantam Camping AG","robots":{"index":"index","follow":"follow","max-snippet":"max-snippet:-1","max-image-preview":"max-image-preview:large","max-video-preview":"max-video-preview:-1"},"canonical":"https:\/\/shop.bantam.ch\/de\/produkt\/solarpanel-koffer-100w\/","og_locale":"de_DE","og_type":"article","og_title":"Solarpanel Koffer 100W - Bantam Camping AG","og_description":"Technologie: PERC Spannung bei max. Leistung: 23V Wirkungsgrad der Zellen: 20%. Rahmen: Kunststoff Art der Befestigung: zum Aufstellen + \u00d6sen Ausf\u00fchrung: Koffer aus Polyester 1200D Waterproof. DC-Anschl\u00fcsse: 1 Kabel 3m: MC4-Stecker + 1 Verbindungsset 0.6m (DC5521, DC7909, XT60 und Anderson). Zertifizierungen, Zulassungen: CE \/ ROHS. Abmessungen des gefalteten Produkts: 540 x 605x 45 mm. Abmessungen [&hellip;]","og_url":"https:\/\/shop.bantam.ch\/de\/produkt\/solarpanel-koffer-100w\/","og_site_name":"Bantam Camping AG","article_modified_time":"2026-04-18T20:54:34+00:00","og_image":[{"width":455,"height":460,"url":"https:\/\/shop.bantam.ch\/wp-content\/uploads\/2023\/12\/vignette_produit-17.jpg","type":"image\/jpeg"}],"twitter_card":"summary_large_image","schema":{"@context":"https:\/\/schema.org","@graph":[{"@type":"WebPage","@id":"https:\/\/shop.bantam.ch\/de\/produkt\/solarpanel-koffer-100w\/","url":"https:\/\/shop.bantam.ch\/de\/produkt\/solarpanel-koffer-100w\/","name":"Solarpanel Koffer 100W - Bantam Camping AG","isPartOf":{"@id":"https:\/\/shop.bantam.ch\/de\/#website"},"primaryImageOfPage":{"@id":"https:\/\/shop.bantam.ch\/de\/produkt\/solarpanel-koffer-100w\/#primaryimage"},"image":{"@id":"https:\/\/shop.bantam.ch\/de\/produkt\/solarpanel-koffer-100w\/#primaryimage"},"thumbnailUrl":"https:\/\/shop.bantam.ch\/wp-content\/uploads\/2023\/12\/vignette_produit-17.jpg","datePublished":"2024-01-01T08:01:55+00:00","dateModified":"2026-04-18T20:54:34+00:00","breadcrumb":{"@id":"https:\/\/shop.bantam.ch\/de\/produkt\/solarpanel-koffer-100w\/#breadcrumb"},"inLanguage":"de","potentialAction":[{"@type":"ReadAction","target":["https:\/\/shop.bantam.ch\/de\/produkt\/solarpanel-koffer-100w\/"]}]},{"@type":"ImageObject","inLanguage":"de","@id":"https:\/\/shop.bantam.ch\/de\/produkt\/solarpanel-koffer-100w\/#primaryimage","url":"https:\/\/shop.bantam.ch\/wp-content\/uploads\/2023\/12\/vignette_produit-17.jpg","contentUrl":"https:\/\/shop.bantam.ch\/wp-content\/uploads\/2023\/12\/vignette_produit-17.jpg","width":455,"height":460},{"@type":"BreadcrumbList","@id":"https:\/\/shop.bantam.ch\/de\/produkt\/solarpanel-koffer-100w\/#breadcrumb","itemListElement":[{"@type":"ListItem","position":1,"name":"Accueil","item":"https:\/\/shop.bantam.ch\/de\/"},{"@type":"ListItem","position":2,"name":"Shop","item":"https:\/\/shop.bantam.ch\/de\/shop\/"},{"@type":"ListItem","position":3,"name":"Solarpanel Koffer 100W"}]},{"@type":"WebSite","@id":"https:\/\/shop.bantam.ch\/de\/#website","url":"https:\/\/shop.bantam.ch\/de\/","name":"Bantam Camping AG","description":"","publisher":{"@id":"https:\/\/shop.bantam.ch\/de\/#organization"},"inLanguage":"de"},{"@type":"Organization","@id":"https:\/\/shop.bantam.ch\/de\/#organization","name":"Bantam Camping AG","url":"https:\/\/shop.bantam.ch\/de\/","logo":{"@type":"ImageObject","inLanguage":"de","@id":"https:\/\/shop.bantam.ch\/de\/#\/schema\/logo\/image\/","url":"https:\/\/shop.bantam.ch\/wp-content\/uploads\/2022\/12\/bantam-logo.png","contentUrl":"https:\/\/shop.bantam.ch\/wp-content\/uploads\/2022\/12\/bantam-logo.png","width":320,"height":71,"caption":"Bantam Camping AG"},"image":{"@id":"https:\/\/shop.bantam.ch\/de\/#\/schema\/logo\/image\/"}}]}},"_links":{"self":[{"href":"https:\/\/shop.bantam.ch\/de\/wp-json\/wp\/v2\/product\/188087","targetHints":{"allow":["GET"]}}],"collection":[{"href":"https:\/\/shop.bantam.ch\/de\/wp-json\/wp\/v2\/product"}],"about":[{"href":"https:\/\/shop.bantam.ch\/de\/wp-json\/wp\/v2\/types\/product"}],"wp:featuredmedia":[{"embeddable":true,"href":"https:\/\/shop.bantam.ch\/de\/wp-json\/wp\/v2\/media\/188085"}],"wp:attachment":[{"href":"https:\/\/shop.bantam.ch\/de\/wp-json\/wp\/v2\/media?parent=188087"}],"wp:term":[{"taxonomy":"product_featured_cat","embeddable":true,"href":"https:\/\/shop.bantam.ch\/de\/wp-json\/wp\/v2\/product_featured_cat?post=188087"},{"taxonomy":"product_brand","embeddable":true,"href":"https:\/\/shop.bantam.ch\/de\/wp-json\/wp\/v2\/product_brand?post=188087"},{"taxonomy":"product_cat","embeddable":true,"href":"https:\/\/shop.bantam.ch\/de\/wp-json\/wp\/v2\/product_cat?post=188087"},{"taxonomy":"product_tag","embeddable":true,"href":"https:\/\/shop.bantam.ch\/de\/wp-json\/wp\/v2\/product_tag?post=188087"}],"curies":[{"name":"wp","href":"https:\/\/api.w.org\/{rel}","templated":true}]}}