{"id":188079,"date":"2022-12-11T08:57:40","date_gmt":"2022-12-11T07:57:40","guid":{"rendered":"https:\/\/shop.bantam.ch\/produit\/powerstation-captain-1200\/"},"modified":"2026-05-11T22:48:56","modified_gmt":"2026-05-11T20:48:56","slug":"powerstation-captain-1200","status":"publish","type":"product","link":"https:\/\/shop.bantam.ch\/de\/produkt\/powerstation-captain-1200\/","title":{"rendered":"Powerstation CAPTAIN 1200"},"content":{"rendered":"<p>Zelltyp: Lithium (LiFePO4)<br \/>\nBatteriekapazit\u00e4t: 1280Wh (25,6V, 50Ah).<br \/>\nAusgangsleistung :<br \/>\nNennleistung: 1200W (Spitzenleistung 2400W).<br \/>\nMax. Leistung f\u00fcr resistive Ger\u00e4te: 1800W.<br \/>\nLebensdauer: \u00dcber 3.500 Ladezyklen bei 80% Entladung.<br \/>\nBMS-Schutz: \u00dcberhitzungsschutz, Schutz bei niedrigen Temperaturen, \u00dcberlastungsschutz, Kurzschlussschutz, \u00dcberstromschutz, Schutz bei Batterieausfall.<br \/>\nAusl\u00f6sung des Wechselrichters: \u226410ms.<br \/>\nLeds: 2 Seitenbeleuchtungen mit mehreren Modi (Lesen, starke Beleuchtung, SOS und Blinken).<br \/>\nBetriebstemperaturen: -10\u00b0C bis 40\u00b0C<br \/>\nAC-Eingang: 100V-120V, 50Hz \/ 60Hz (220V-240V, 50Hz optional), 800W MAX.<br \/>\nSolar-Eingang: 12V-56V, 400W MAX (MPPT integriert).<br \/>\nLaden \u00fcber Zigarettenanz\u00fcnderbuchse: 12V\/24V, 8A MAX.<br \/>\nMax. Eingangsleistung: AC 800W + Anderson 400W, 1200W MAX.<br \/>\nAC-Ausgang (\u00d72) : EU-Norm AC-Ausgang (\u00d72) 220V-240V, 50Hz \/ 60Hz.<br \/>\nNennleistung: 1200W (Spitzenleistung 2400W).<br \/>\nUSB-A-Ausgang (\u00d72): 5V\u23933A, 9V\u23932A, 12V\u23931.5A, MAX 18W (Total 36W).<br \/>\nUSB-C-Ausgang (\u00d72): 5V\u23933A, 9V\u23933A, 12V\u23933A, 15V\u23933A, 20V\u23935A, MAX 100W. (Insgesamt 200W).<br \/>\nAusgang Zigarettenanz\u00fcnder: 120W MAX.<br \/>\nDC5521-Klinkenausgang (\u00d72): 12V\u23933A 36W MAX pro Ausgang (Insgesamt 72W).<br \/>\nAusgang f\u00fcr Induktionsladung: 10W MAX.<br \/>\nParallele Kopplung: 2400W<br \/>\nName der App: VigorPool<br \/>\nVerbindungsarten: Bluetooth, Wi-Fi<br \/>\nGewicht: 14,8 kg<br \/>\nProduktabmessungen: 395 x 240 x 280 mm<br \/>\nIm Lieferumfang enthalten: 230V-Netzladeadapter, Zigarettenanz\u00fcnderkabel zum Aufladen w\u00e4hrend der Fahrt, Anleitung.<\/p>\n","protected":false},"excerpt":{"rendered":"<p>Zelltyp: Lithium (LiFePO4) Batteriekapazit\u00e4t: 1280Wh (25,6V, 50Ah). Ausgangsleistung : Nennleistung: 1200W (Spitzenleistung 2400W). Max. Leistung f\u00fcr resistive Ger\u00e4te: 1800W. Lebensdauer: \u00dcber 3.500 Ladezyklen bei 80% Entladung. BMS-Schutz: \u00dcberhitzungsschutz, Schutz bei niedrigen Temperaturen, \u00dcberlastungsschutz, Kurzschlussschutz, \u00dcberstromschutz, Schutz bei Batterieausfall. Ausl\u00f6sung des Wechselrichters: \u226410ms. Leds: 2 Seitenbeleuchtungen mit mehreren Modi (Lesen, starke Beleuchtung, SOS und Blinken). Betriebstemperaturen: [&hellip;]<\/p>\n","protected":false},"featured_media":188077,"template":"","meta":{"_acf_changed":false},"product_featured_cat":[],"product_brand":[3033],"product_cat":[5130],"product_tag":[],"class_list":{"0":"post-188079","1":"product","2":"type-product","3":"status-publish","4":"has-post-thumbnail","6":"product_brand-standard-de","7":"product_cat-powerstationen","9":"first","10":"instock","11":"taxable","12":"shipping-taxable","13":"purchasable","14":"product-type-simple"},"acf":[],"yoast_head":"<!-- This site is optimized with the Yoast SEO plugin v27.5 - https:\/\/yoast.com\/product\/yoast-seo-wordpress\/ -->\n<title>Powerstation CAPTAIN 1200 - Bantam<\/title>\n<meta name=\"robots\" content=\"index, follow, max-snippet:-1, max-image-preview:large, max-video-preview:-1\" \/>\n<link rel=\"canonical\" href=\"https:\/\/shop.bantam.ch\/de\/produkt\/powerstation-captain-1200\/\" \/>\n<meta property=\"og:locale\" content=\"de_DE\" \/>\n<meta property=\"og:type\" content=\"article\" \/>\n<meta property=\"og:title\" content=\"Powerstation CAPTAIN 1200 - Bantam\" \/>\n<meta property=\"og:description\" content=\"Zelltyp: Lithium (LiFePO4) Batteriekapazit\u00e4t: 1280Wh (25,6V, 50Ah). Ausgangsleistung : Nennleistung: 1200W (Spitzenleistung 2400W). Max. Leistung f\u00fcr resistive Ger\u00e4te: 1800W. Lebensdauer: \u00dcber 3.500 Ladezyklen bei 80% Entladung. BMS-Schutz: \u00dcberhitzungsschutz, Schutz bei niedrigen Temperaturen, \u00dcberlastungsschutz, Kurzschlussschutz, \u00dcberstromschutz, Schutz bei Batterieausfall. Ausl\u00f6sung des Wechselrichters: \u226410ms. Leds: 2 Seitenbeleuchtungen mit mehreren Modi (Lesen, starke Beleuchtung, SOS und Blinken). Betriebstemperaturen: [&hellip;]\" \/>\n<meta property=\"og:url\" content=\"https:\/\/shop.bantam.ch\/de\/produkt\/powerstation-captain-1200\/\" \/>\n<meta property=\"og:site_name\" content=\"Bantam\" \/>\n<meta property=\"article:modified_time\" content=\"2026-05-11T20:48:56+00:00\" \/>\n<meta property=\"og:image\" content=\"https:\/\/shop.bantam.ch\/wp-content\/uploads\/2023\/12\/vignette_produit-15.jpg\" \/>\n\t<meta property=\"og:image:width\" content=\"455\" \/>\n\t<meta property=\"og:image:height\" content=\"460\" \/>\n\t<meta property=\"og:image:type\" content=\"image\/jpeg\" \/>\n<meta name=\"twitter:card\" content=\"summary_large_image\" \/>\n<meta name=\"twitter:label1\" content=\"Gesch\u00e4tzte Lesezeit\" \/>\n\t<meta name=\"twitter:data1\" content=\"1\u00a0Minute\" \/>\n<script type=\"application\/ld+json\" class=\"yoast-schema-graph\">{\"@context\":\"https:\\\/\\\/schema.org\",\"@graph\":[{\"@type\":\"WebPage\",\"@id\":\"https:\\\/\\\/shop.bantam.ch\\\/de\\\/produkt\\\/powerstation-captain-1200\\\/\",\"url\":\"https:\\\/\\\/shop.bantam.ch\\\/de\\\/produkt\\\/powerstation-captain-1200\\\/\",\"name\":\"Powerstation CAPTAIN 1200 - Bantam\",\"isPartOf\":{\"@id\":\"https:\\\/\\\/shop.bantam.ch\\\/de\\\/#website\"},\"primaryImageOfPage\":{\"@id\":\"https:\\\/\\\/shop.bantam.ch\\\/de\\\/produkt\\\/powerstation-captain-1200\\\/#primaryimage\"},\"image\":{\"@id\":\"https:\\\/\\\/shop.bantam.ch\\\/de\\\/produkt\\\/powerstation-captain-1200\\\/#primaryimage\"},\"thumbnailUrl\":\"https:\\\/\\\/shop.bantam.ch\\\/wp-content\\\/uploads\\\/2023\\\/12\\\/vignette_produit-15.jpg\",\"datePublished\":\"2022-12-11T07:57:40+00:00\",\"dateModified\":\"2026-05-11T20:48:56+00:00\",\"breadcrumb\":{\"@id\":\"https:\\\/\\\/shop.bantam.ch\\\/de\\\/produkt\\\/powerstation-captain-1200\\\/#breadcrumb\"},\"inLanguage\":\"de\",\"potentialAction\":[{\"@type\":\"ReadAction\",\"target\":[\"https:\\\/\\\/shop.bantam.ch\\\/de\\\/produkt\\\/powerstation-captain-1200\\\/\"]}]},{\"@type\":\"ImageObject\",\"inLanguage\":\"de\",\"@id\":\"https:\\\/\\\/shop.bantam.ch\\\/de\\\/produkt\\\/powerstation-captain-1200\\\/#primaryimage\",\"url\":\"https:\\\/\\\/shop.bantam.ch\\\/wp-content\\\/uploads\\\/2023\\\/12\\\/vignette_produit-15.jpg\",\"contentUrl\":\"https:\\\/\\\/shop.bantam.ch\\\/wp-content\\\/uploads\\\/2023\\\/12\\\/vignette_produit-15.jpg\",\"width\":455,\"height\":460},{\"@type\":\"BreadcrumbList\",\"@id\":\"https:\\\/\\\/shop.bantam.ch\\\/de\\\/produkt\\\/powerstation-captain-1200\\\/#breadcrumb\",\"itemListElement\":[{\"@type\":\"ListItem\",\"position\":1,\"name\":\"Accueil\",\"item\":\"https:\\\/\\\/shop.bantam.ch\\\/de\\\/\"},{\"@type\":\"ListItem\",\"position\":2,\"name\":\"Shop\",\"item\":\"https:\\\/\\\/shop.bantam.ch\\\/de\\\/shop\\\/\"},{\"@type\":\"ListItem\",\"position\":3,\"name\":\"Powerstation CAPTAIN 1200\"}]},{\"@type\":\"WebSite\",\"@id\":\"https:\\\/\\\/shop.bantam.ch\\\/de\\\/#website\",\"url\":\"https:\\\/\\\/shop.bantam.ch\\\/de\\\/\",\"name\":\"Bantam\",\"description\":\"\",\"publisher\":{\"@id\":\"https:\\\/\\\/shop.bantam.ch\\\/de\\\/#organization\"},\"inLanguage\":\"de\"},{\"@type\":\"Organization\",\"@id\":\"https:\\\/\\\/shop.bantam.ch\\\/de\\\/#organization\",\"name\":\"Bantam\",\"url\":\"https:\\\/\\\/shop.bantam.ch\\\/de\\\/\",\"logo\":{\"@type\":\"ImageObject\",\"inLanguage\":\"de\",\"@id\":\"https:\\\/\\\/shop.bantam.ch\\\/de\\\/#\\\/schema\\\/logo\\\/image\\\/\",\"url\":\"https:\\\/\\\/shop.bantam.ch\\\/wp-content\\\/uploads\\\/2022\\\/12\\\/bantam-logo.png\",\"contentUrl\":\"https:\\\/\\\/shop.bantam.ch\\\/wp-content\\\/uploads\\\/2022\\\/12\\\/bantam-logo.png\",\"width\":320,\"height\":71,\"caption\":\"Bantam\"},\"image\":{\"@id\":\"https:\\\/\\\/shop.bantam.ch\\\/de\\\/#\\\/schema\\\/logo\\\/image\\\/\"}}]}<\/script>\n<!-- \/ Yoast SEO plugin. -->","yoast_head_json":{"title":"Powerstation CAPTAIN 1200 - Bantam","robots":{"index":"index","follow":"follow","max-snippet":"max-snippet:-1","max-image-preview":"max-image-preview:large","max-video-preview":"max-video-preview:-1"},"canonical":"https:\/\/shop.bantam.ch\/de\/produkt\/powerstation-captain-1200\/","og_locale":"de_DE","og_type":"article","og_title":"Powerstation CAPTAIN 1200 - Bantam","og_description":"Zelltyp: Lithium (LiFePO4) Batteriekapazit\u00e4t: 1280Wh (25,6V, 50Ah). Ausgangsleistung : Nennleistung: 1200W (Spitzenleistung 2400W). Max. Leistung f\u00fcr resistive Ger\u00e4te: 1800W. Lebensdauer: \u00dcber 3.500 Ladezyklen bei 80% Entladung. BMS-Schutz: \u00dcberhitzungsschutz, Schutz bei niedrigen Temperaturen, \u00dcberlastungsschutz, Kurzschlussschutz, \u00dcberstromschutz, Schutz bei Batterieausfall. Ausl\u00f6sung des Wechselrichters: \u226410ms. Leds: 2 Seitenbeleuchtungen mit mehreren Modi (Lesen, starke Beleuchtung, SOS und Blinken). Betriebstemperaturen: [&hellip;]","og_url":"https:\/\/shop.bantam.ch\/de\/produkt\/powerstation-captain-1200\/","og_site_name":"Bantam","article_modified_time":"2026-05-11T20:48:56+00:00","og_image":[{"width":455,"height":460,"url":"https:\/\/shop.bantam.ch\/wp-content\/uploads\/2023\/12\/vignette_produit-15.jpg","type":"image\/jpeg"}],"twitter_card":"summary_large_image","twitter_misc":{"Gesch\u00e4tzte Lesezeit":"1\u00a0Minute"},"schema":{"@context":"https:\/\/schema.org","@graph":[{"@type":"WebPage","@id":"https:\/\/shop.bantam.ch\/de\/produkt\/powerstation-captain-1200\/","url":"https:\/\/shop.bantam.ch\/de\/produkt\/powerstation-captain-1200\/","name":"Powerstation CAPTAIN 1200 - Bantam","isPartOf":{"@id":"https:\/\/shop.bantam.ch\/de\/#website"},"primaryImageOfPage":{"@id":"https:\/\/shop.bantam.ch\/de\/produkt\/powerstation-captain-1200\/#primaryimage"},"image":{"@id":"https:\/\/shop.bantam.ch\/de\/produkt\/powerstation-captain-1200\/#primaryimage"},"thumbnailUrl":"https:\/\/shop.bantam.ch\/wp-content\/uploads\/2023\/12\/vignette_produit-15.jpg","datePublished":"2022-12-11T07:57:40+00:00","dateModified":"2026-05-11T20:48:56+00:00","breadcrumb":{"@id":"https:\/\/shop.bantam.ch\/de\/produkt\/powerstation-captain-1200\/#breadcrumb"},"inLanguage":"de","potentialAction":[{"@type":"ReadAction","target":["https:\/\/shop.bantam.ch\/de\/produkt\/powerstation-captain-1200\/"]}]},{"@type":"ImageObject","inLanguage":"de","@id":"https:\/\/shop.bantam.ch\/de\/produkt\/powerstation-captain-1200\/#primaryimage","url":"https:\/\/shop.bantam.ch\/wp-content\/uploads\/2023\/12\/vignette_produit-15.jpg","contentUrl":"https:\/\/shop.bantam.ch\/wp-content\/uploads\/2023\/12\/vignette_produit-15.jpg","width":455,"height":460},{"@type":"BreadcrumbList","@id":"https:\/\/shop.bantam.ch\/de\/produkt\/powerstation-captain-1200\/#breadcrumb","itemListElement":[{"@type":"ListItem","position":1,"name":"Accueil","item":"https:\/\/shop.bantam.ch\/de\/"},{"@type":"ListItem","position":2,"name":"Shop","item":"https:\/\/shop.bantam.ch\/de\/shop\/"},{"@type":"ListItem","position":3,"name":"Powerstation CAPTAIN 1200"}]},{"@type":"WebSite","@id":"https:\/\/shop.bantam.ch\/de\/#website","url":"https:\/\/shop.bantam.ch\/de\/","name":"Bantam","description":"","publisher":{"@id":"https:\/\/shop.bantam.ch\/de\/#organization"},"inLanguage":"de"},{"@type":"Organization","@id":"https:\/\/shop.bantam.ch\/de\/#organization","name":"Bantam","url":"https:\/\/shop.bantam.ch\/de\/","logo":{"@type":"ImageObject","inLanguage":"de","@id":"https:\/\/shop.bantam.ch\/de\/#\/schema\/logo\/image\/","url":"https:\/\/shop.bantam.ch\/wp-content\/uploads\/2022\/12\/bantam-logo.png","contentUrl":"https:\/\/shop.bantam.ch\/wp-content\/uploads\/2022\/12\/bantam-logo.png","width":320,"height":71,"caption":"Bantam"},"image":{"@id":"https:\/\/shop.bantam.ch\/de\/#\/schema\/logo\/image\/"}}]}},"_links":{"self":[{"href":"https:\/\/shop.bantam.ch\/de\/wp-json\/wp\/v2\/product\/188079","targetHints":{"allow":["GET"]}}],"collection":[{"href":"https:\/\/shop.bantam.ch\/de\/wp-json\/wp\/v2\/product"}],"about":[{"href":"https:\/\/shop.bantam.ch\/de\/wp-json\/wp\/v2\/types\/product"}],"wp:featuredmedia":[{"embeddable":true,"href":"https:\/\/shop.bantam.ch\/de\/wp-json\/wp\/v2\/media\/188077"}],"wp:attachment":[{"href":"https:\/\/shop.bantam.ch\/de\/wp-json\/wp\/v2\/media?parent=188079"}],"wp:term":[{"taxonomy":"product_featured_cat","embeddable":true,"href":"https:\/\/shop.bantam.ch\/de\/wp-json\/wp\/v2\/product_featured_cat?post=188079"},{"taxonomy":"product_brand","embeddable":true,"href":"https:\/\/shop.bantam.ch\/de\/wp-json\/wp\/v2\/product_brand?post=188079"},{"taxonomy":"product_cat","embeddable":true,"href":"https:\/\/shop.bantam.ch\/de\/wp-json\/wp\/v2\/product_cat?post=188079"},{"taxonomy":"product_tag","embeddable":true,"href":"https:\/\/shop.bantam.ch\/de\/wp-json\/wp\/v2\/product_tag?post=188079"}],"curies":[{"name":"wp","href":"https:\/\/api.w.org\/{rel}","templated":true}]}}