{"id":188075,"date":"2022-12-11T08:55:18","date_gmt":"2022-12-11T07:55:18","guid":{"rendered":"https:\/\/shop.bantam.ch\/produit\/power-station-powerroam-gs600\/"},"modified":"2026-05-11T22:48:56","modified_gmt":"2026-05-11T20:48:56","slug":"power-station-powerroam-gs600","status":"publish","type":"product","link":"https:\/\/shop.bantam.ch\/de\/produkt\/power-station-powerroam-gs600\/","title":{"rendered":"Power station PowerRoam GS600"},"content":{"rendered":"<p>10 Jahre Lebensdauer: Die BYD-Hochleistungsbatterien der Klasse LiFePO4 EV verleihen der Powerstation PowerRoam eine sechsmal l\u00e4ngere Lebensdauer als herk\u00f6mmliche Lithium-Ionen-Batterien. Inklusive: Erweiterter BMS-Schutz und \u00dcberwachung von Spannung, Strom und Temperatur, damit Ihr LFP-Akku jahrelang funktioniert.<br \/>\nLadezyklen: Diese Hochleistungsakkus sind sicher, langlebig und umweltfreundlich im Gebrauch und k\u00f6nnen bis zu 3.000 Ladezyklen bei 80% und 6.000 bei 60% durchlaufen.<br \/>\nSchnelles Aufladen: Dank der fortschrittlichen PowerZip-Technologie kann die Power station mit einem AC-Eingang in nur 50 Minuten schnell von 0 auf 80 % aufgeladen werden und in 1,5 Stunden vollst\u00e4ndig aufgeladen sein. Laden Sie Ihre PowerRoam auch unterwegs in weniger als 4,5 Stunden \u00fcber den Zigarettenanz\u00fcnder auf (600W bei 24V).<br \/>\nU-Turbo-Technologie: Erh\u00f6hen Sie die Leistung Ihrer PowerRoam mit der U-Turbo-Technologie und versorgen Sie Ger\u00e4te mit hoher Leistung bis zu 3500W, je nach Modell Ihrer Powerstation.<br \/>\nMobile App (Bluetooh oder Wifi): Mit der einfachen und umfassenden UGREEN-App k\u00f6nnen Sie Ihre Powerstation von \u00fcberall aus \u00fcberwachen, einschlie\u00dflich vieler praktischer Funktionen wie Stummschaltung, Energiesparmodus, Kindersicherung usw.<br \/>\nNotfallmodus: Aktivieren Sie den Notfallmodus 0% Akku und gewinnen Sie weitere 7 Stunden Ladezeit f\u00fcr Notfallfunktionen wie das Aufladen von Telefonen, Lichtern&#8230;<br \/>\nUPS-Funktion: Verlieren Sie dank der UPS-Funktion nicht den Strom f\u00fcr Ihre Ger\u00e4te. Ihre Power Station wird auch bei einem pl\u00f6tzlichen Stromausfall innerhalb von 20ms Umschaltzeit weiter Strom liefern.<br \/>\nErweiterte Funktionen: PowerRoam-Powerstations verf\u00fcgen \u00fcber viele praktische und sichere Zusatzfunktionen wie den Lautlos-Modus, den Energiesparmodus, die Kindersicherung und die Selbstdiagnose.<br \/>\n5 Jahre Garantie<br \/>\nBildschirm: 12 cm LCD<br \/>\nKapazit\u00e4t: 680 Wh<br \/>\nAbmessungen: 31 x 19 x 24 cm<br \/>\nGewicht: 9 kg<br \/>\nAnzahl der Anschl\u00fcsse: 9<br \/>\nAufladen:<br \/>\nAC 600 W<br \/>\n0-100% in 1,5 Std.<br \/>\nSolarladung 200 W Max. : Vollst\u00e4ndige Aufladung in 4 Std.<br \/>\nZigarettenanz\u00fcnder 12 \/ 24 V, 200 W Max. : Vollst\u00e4ndige Aufladung in 7 \/ 4.5 Std.<br \/>\nAusg\u00e4nge:<br \/>\nAC 220V x 2 (600W max.)<br \/>\nUSB-C: 100W \u00d7 2<br \/>\nUSB-A: 22.5W \u00d7 2 (Kompatibel mit Schnellladeprotokollen).<br \/>\nAnschluss f\u00fcr Zigarettenanz\u00fcnder \u00d7 1<br \/>\nDC5521 \u00d7 2<br \/>\nGesamt: 965W Max.<br \/>\nEnthalten:<br \/>\n1x 1,5 Meter langes AC-Kabel zum Aufladen der tragbaren Power Station an der Steckdose.<br \/>\n1x Kabel DC5521 auf DC5525, 1 Meter lang &#8211; f\u00fcr den DC-Ausgang.<br \/>\n1x 0,5 Meter langes Kabel zum Anschluss des Solarmoduls.<br \/>\n1x 1,5 Meter langes Kabel f\u00fcr den 12\/24-V-Fahrzeug-Zigarettenanz\u00fcnder.<\/p>\n","protected":false},"excerpt":{"rendered":"<p>10 Jahre Lebensdauer: Die BYD-Hochleistungsbatterien der Klasse LiFePO4 EV verleihen der Powerstation PowerRoam eine sechsmal l\u00e4ngere Lebensdauer als herk\u00f6mmliche Lithium-Ionen-Batterien. Inklusive: Erweiterter BMS-Schutz und \u00dcberwachung von Spannung, Strom und Temperatur, damit Ihr LFP-Akku jahrelang funktioniert. Ladezyklen: Diese Hochleistungsakkus sind sicher, langlebig und umweltfreundlich im Gebrauch und k\u00f6nnen bis zu 3.000 Ladezyklen bei 80% und 6.000 [&hellip;]<\/p>\n","protected":false},"featured_media":188073,"template":"","meta":{"_acf_changed":false},"product_featured_cat":[],"product_brand":[3033],"product_cat":[5130],"product_tag":[],"class_list":{"0":"post-188075","1":"product","2":"type-product","3":"status-publish","4":"has-post-thumbnail","6":"product_brand-standard-de","7":"product_cat-powerstationen","9":"first","10":"instock","11":"taxable","12":"shipping-taxable","13":"purchasable","14":"product-type-simple"},"acf":[],"yoast_head":"<!-- This site is optimized with the Yoast SEO plugin v27.5 - https:\/\/yoast.com\/product\/yoast-seo-wordpress\/ -->\n<title>Power station PowerRoam GS600 - Bantam<\/title>\n<meta name=\"robots\" content=\"index, follow, max-snippet:-1, max-image-preview:large, max-video-preview:-1\" \/>\n<link rel=\"canonical\" href=\"https:\/\/shop.bantam.ch\/de\/produkt\/power-station-powerroam-gs600\/\" \/>\n<meta property=\"og:locale\" content=\"de_DE\" \/>\n<meta property=\"og:type\" content=\"article\" \/>\n<meta property=\"og:title\" content=\"Power station PowerRoam GS600 - Bantam\" \/>\n<meta property=\"og:description\" content=\"10 Jahre Lebensdauer: Die BYD-Hochleistungsbatterien der Klasse LiFePO4 EV verleihen der Powerstation PowerRoam eine sechsmal l\u00e4ngere Lebensdauer als herk\u00f6mmliche Lithium-Ionen-Batterien. Inklusive: Erweiterter BMS-Schutz und \u00dcberwachung von Spannung, Strom und Temperatur, damit Ihr LFP-Akku jahrelang funktioniert. Ladezyklen: Diese Hochleistungsakkus sind sicher, langlebig und umweltfreundlich im Gebrauch und k\u00f6nnen bis zu 3.000 Ladezyklen bei 80% und 6.000 [&hellip;]\" \/>\n<meta property=\"og:url\" content=\"https:\/\/shop.bantam.ch\/de\/produkt\/power-station-powerroam-gs600\/\" \/>\n<meta property=\"og:site_name\" content=\"Bantam\" \/>\n<meta property=\"article:modified_time\" content=\"2026-05-11T20:48:56+00:00\" \/>\n<meta property=\"og:image\" content=\"https:\/\/shop.bantam.ch\/wp-content\/uploads\/2023\/12\/vignette_produit-14.jpg\" \/>\n\t<meta property=\"og:image:width\" content=\"455\" \/>\n\t<meta property=\"og:image:height\" content=\"460\" \/>\n\t<meta property=\"og:image:type\" content=\"image\/jpeg\" \/>\n<meta name=\"twitter:card\" content=\"summary_large_image\" \/>\n<meta name=\"twitter:label1\" content=\"Gesch\u00e4tzte Lesezeit\" \/>\n\t<meta name=\"twitter:data1\" content=\"2\u00a0Minuten\" \/>\n<script type=\"application\/ld+json\" class=\"yoast-schema-graph\">{\"@context\":\"https:\\\/\\\/schema.org\",\"@graph\":[{\"@type\":\"WebPage\",\"@id\":\"https:\\\/\\\/shop.bantam.ch\\\/de\\\/produkt\\\/power-station-powerroam-gs600\\\/\",\"url\":\"https:\\\/\\\/shop.bantam.ch\\\/de\\\/produkt\\\/power-station-powerroam-gs600\\\/\",\"name\":\"Power station PowerRoam GS600 - Bantam\",\"isPartOf\":{\"@id\":\"https:\\\/\\\/shop.bantam.ch\\\/de\\\/#website\"},\"primaryImageOfPage\":{\"@id\":\"https:\\\/\\\/shop.bantam.ch\\\/de\\\/produkt\\\/power-station-powerroam-gs600\\\/#primaryimage\"},\"image\":{\"@id\":\"https:\\\/\\\/shop.bantam.ch\\\/de\\\/produkt\\\/power-station-powerroam-gs600\\\/#primaryimage\"},\"thumbnailUrl\":\"https:\\\/\\\/shop.bantam.ch\\\/wp-content\\\/uploads\\\/2023\\\/12\\\/vignette_produit-14.jpg\",\"datePublished\":\"2022-12-11T07:55:18+00:00\",\"dateModified\":\"2026-05-11T20:48:56+00:00\",\"breadcrumb\":{\"@id\":\"https:\\\/\\\/shop.bantam.ch\\\/de\\\/produkt\\\/power-station-powerroam-gs600\\\/#breadcrumb\"},\"inLanguage\":\"de\",\"potentialAction\":[{\"@type\":\"ReadAction\",\"target\":[\"https:\\\/\\\/shop.bantam.ch\\\/de\\\/produkt\\\/power-station-powerroam-gs600\\\/\"]}]},{\"@type\":\"ImageObject\",\"inLanguage\":\"de\",\"@id\":\"https:\\\/\\\/shop.bantam.ch\\\/de\\\/produkt\\\/power-station-powerroam-gs600\\\/#primaryimage\",\"url\":\"https:\\\/\\\/shop.bantam.ch\\\/wp-content\\\/uploads\\\/2023\\\/12\\\/vignette_produit-14.jpg\",\"contentUrl\":\"https:\\\/\\\/shop.bantam.ch\\\/wp-content\\\/uploads\\\/2023\\\/12\\\/vignette_produit-14.jpg\",\"width\":455,\"height\":460},{\"@type\":\"BreadcrumbList\",\"@id\":\"https:\\\/\\\/shop.bantam.ch\\\/de\\\/produkt\\\/power-station-powerroam-gs600\\\/#breadcrumb\",\"itemListElement\":[{\"@type\":\"ListItem\",\"position\":1,\"name\":\"Accueil\",\"item\":\"https:\\\/\\\/shop.bantam.ch\\\/de\\\/\"},{\"@type\":\"ListItem\",\"position\":2,\"name\":\"Shop\",\"item\":\"https:\\\/\\\/shop.bantam.ch\\\/de\\\/shop\\\/\"},{\"@type\":\"ListItem\",\"position\":3,\"name\":\"Power station PowerRoam GS600\"}]},{\"@type\":\"WebSite\",\"@id\":\"https:\\\/\\\/shop.bantam.ch\\\/de\\\/#website\",\"url\":\"https:\\\/\\\/shop.bantam.ch\\\/de\\\/\",\"name\":\"Bantam\",\"description\":\"\",\"publisher\":{\"@id\":\"https:\\\/\\\/shop.bantam.ch\\\/de\\\/#organization\"},\"inLanguage\":\"de\"},{\"@type\":\"Organization\",\"@id\":\"https:\\\/\\\/shop.bantam.ch\\\/de\\\/#organization\",\"name\":\"Bantam\",\"url\":\"https:\\\/\\\/shop.bantam.ch\\\/de\\\/\",\"logo\":{\"@type\":\"ImageObject\",\"inLanguage\":\"de\",\"@id\":\"https:\\\/\\\/shop.bantam.ch\\\/de\\\/#\\\/schema\\\/logo\\\/image\\\/\",\"url\":\"https:\\\/\\\/shop.bantam.ch\\\/wp-content\\\/uploads\\\/2022\\\/12\\\/bantam-logo.png\",\"contentUrl\":\"https:\\\/\\\/shop.bantam.ch\\\/wp-content\\\/uploads\\\/2022\\\/12\\\/bantam-logo.png\",\"width\":320,\"height\":71,\"caption\":\"Bantam\"},\"image\":{\"@id\":\"https:\\\/\\\/shop.bantam.ch\\\/de\\\/#\\\/schema\\\/logo\\\/image\\\/\"}}]}<\/script>\n<!-- \/ Yoast SEO plugin. -->","yoast_head_json":{"title":"Power station PowerRoam GS600 - Bantam","robots":{"index":"index","follow":"follow","max-snippet":"max-snippet:-1","max-image-preview":"max-image-preview:large","max-video-preview":"max-video-preview:-1"},"canonical":"https:\/\/shop.bantam.ch\/de\/produkt\/power-station-powerroam-gs600\/","og_locale":"de_DE","og_type":"article","og_title":"Power station PowerRoam GS600 - Bantam","og_description":"10 Jahre Lebensdauer: Die BYD-Hochleistungsbatterien der Klasse LiFePO4 EV verleihen der Powerstation PowerRoam eine sechsmal l\u00e4ngere Lebensdauer als herk\u00f6mmliche Lithium-Ionen-Batterien. Inklusive: Erweiterter BMS-Schutz und \u00dcberwachung von Spannung, Strom und Temperatur, damit Ihr LFP-Akku jahrelang funktioniert. Ladezyklen: Diese Hochleistungsakkus sind sicher, langlebig und umweltfreundlich im Gebrauch und k\u00f6nnen bis zu 3.000 Ladezyklen bei 80% und 6.000 [&hellip;]","og_url":"https:\/\/shop.bantam.ch\/de\/produkt\/power-station-powerroam-gs600\/","og_site_name":"Bantam","article_modified_time":"2026-05-11T20:48:56+00:00","og_image":[{"width":455,"height":460,"url":"https:\/\/shop.bantam.ch\/wp-content\/uploads\/2023\/12\/vignette_produit-14.jpg","type":"image\/jpeg"}],"twitter_card":"summary_large_image","twitter_misc":{"Gesch\u00e4tzte Lesezeit":"2\u00a0Minuten"},"schema":{"@context":"https:\/\/schema.org","@graph":[{"@type":"WebPage","@id":"https:\/\/shop.bantam.ch\/de\/produkt\/power-station-powerroam-gs600\/","url":"https:\/\/shop.bantam.ch\/de\/produkt\/power-station-powerroam-gs600\/","name":"Power station PowerRoam GS600 - Bantam","isPartOf":{"@id":"https:\/\/shop.bantam.ch\/de\/#website"},"primaryImageOfPage":{"@id":"https:\/\/shop.bantam.ch\/de\/produkt\/power-station-powerroam-gs600\/#primaryimage"},"image":{"@id":"https:\/\/shop.bantam.ch\/de\/produkt\/power-station-powerroam-gs600\/#primaryimage"},"thumbnailUrl":"https:\/\/shop.bantam.ch\/wp-content\/uploads\/2023\/12\/vignette_produit-14.jpg","datePublished":"2022-12-11T07:55:18+00:00","dateModified":"2026-05-11T20:48:56+00:00","breadcrumb":{"@id":"https:\/\/shop.bantam.ch\/de\/produkt\/power-station-powerroam-gs600\/#breadcrumb"},"inLanguage":"de","potentialAction":[{"@type":"ReadAction","target":["https:\/\/shop.bantam.ch\/de\/produkt\/power-station-powerroam-gs600\/"]}]},{"@type":"ImageObject","inLanguage":"de","@id":"https:\/\/shop.bantam.ch\/de\/produkt\/power-station-powerroam-gs600\/#primaryimage","url":"https:\/\/shop.bantam.ch\/wp-content\/uploads\/2023\/12\/vignette_produit-14.jpg","contentUrl":"https:\/\/shop.bantam.ch\/wp-content\/uploads\/2023\/12\/vignette_produit-14.jpg","width":455,"height":460},{"@type":"BreadcrumbList","@id":"https:\/\/shop.bantam.ch\/de\/produkt\/power-station-powerroam-gs600\/#breadcrumb","itemListElement":[{"@type":"ListItem","position":1,"name":"Accueil","item":"https:\/\/shop.bantam.ch\/de\/"},{"@type":"ListItem","position":2,"name":"Shop","item":"https:\/\/shop.bantam.ch\/de\/shop\/"},{"@type":"ListItem","position":3,"name":"Power station PowerRoam GS600"}]},{"@type":"WebSite","@id":"https:\/\/shop.bantam.ch\/de\/#website","url":"https:\/\/shop.bantam.ch\/de\/","name":"Bantam","description":"","publisher":{"@id":"https:\/\/shop.bantam.ch\/de\/#organization"},"inLanguage":"de"},{"@type":"Organization","@id":"https:\/\/shop.bantam.ch\/de\/#organization","name":"Bantam","url":"https:\/\/shop.bantam.ch\/de\/","logo":{"@type":"ImageObject","inLanguage":"de","@id":"https:\/\/shop.bantam.ch\/de\/#\/schema\/logo\/image\/","url":"https:\/\/shop.bantam.ch\/wp-content\/uploads\/2022\/12\/bantam-logo.png","contentUrl":"https:\/\/shop.bantam.ch\/wp-content\/uploads\/2022\/12\/bantam-logo.png","width":320,"height":71,"caption":"Bantam"},"image":{"@id":"https:\/\/shop.bantam.ch\/de\/#\/schema\/logo\/image\/"}}]}},"_links":{"self":[{"href":"https:\/\/shop.bantam.ch\/de\/wp-json\/wp\/v2\/product\/188075","targetHints":{"allow":["GET"]}}],"collection":[{"href":"https:\/\/shop.bantam.ch\/de\/wp-json\/wp\/v2\/product"}],"about":[{"href":"https:\/\/shop.bantam.ch\/de\/wp-json\/wp\/v2\/types\/product"}],"wp:featuredmedia":[{"embeddable":true,"href":"https:\/\/shop.bantam.ch\/de\/wp-json\/wp\/v2\/media\/188073"}],"wp:attachment":[{"href":"https:\/\/shop.bantam.ch\/de\/wp-json\/wp\/v2\/media?parent=188075"}],"wp:term":[{"taxonomy":"product_featured_cat","embeddable":true,"href":"https:\/\/shop.bantam.ch\/de\/wp-json\/wp\/v2\/product_featured_cat?post=188075"},{"taxonomy":"product_brand","embeddable":true,"href":"https:\/\/shop.bantam.ch\/de\/wp-json\/wp\/v2\/product_brand?post=188075"},{"taxonomy":"product_cat","embeddable":true,"href":"https:\/\/shop.bantam.ch\/de\/wp-json\/wp\/v2\/product_cat?post=188075"},{"taxonomy":"product_tag","embeddable":true,"href":"https:\/\/shop.bantam.ch\/de\/wp-json\/wp\/v2\/product_tag?post=188075"}],"curies":[{"name":"wp","href":"https:\/\/api.w.org\/{rel}","templated":true}]}}