{"id":188071,"date":"2022-12-11T08:52:59","date_gmt":"2022-12-11T07:52:59","guid":{"rendered":"https:\/\/shop.bantam.ch\/produit\/powerstation-lake-300\/"},"modified":"2026-04-20T22:52:44","modified_gmt":"2026-04-20T20:52:44","slug":"powerstation-lake-300","status":"publish","type":"product","link":"https:\/\/shop.bantam.ch\/de\/produkt\/powerstation-lake-300\/","title":{"rendered":"Powerstation LAKE 300"},"content":{"rendered":"<p>Entscheiden Sie sich f\u00fcr die Powerstation Lake 300, um sicherzustellen, dass Ihr kleines elektronisches Zubeh\u00f6r unterwegs aufgeladen wird. Mit einer Kapazit\u00e4t von 320Wh und einer Ausgangsleistung von 300W (Spitze 500W) bringt sie Unabh\u00e4ngigkeit in Ihre Outdoor-Aktivit\u00e4ten.<\/p>\n<p>Das fortschrittliche Batteriemanagementsystem &#040;BMS&#041;, das in den Dreifachprozessor integriert ist, reguliert und sch\u00fctzt die Lebensdauer der internen Batterie und Ihrer Ger\u00e4te.<\/p>\n<p>Der LiFePO 4 Lithium-Akku erm\u00f6glicht die sichere Nutzung des Lake 300 und verl\u00e4ngert seine Lebensdauer auf \u00fcber 2000 Zyklen.<\/p>\n<p>Er kann bis zu 9 Zubeh\u00f6rteile gleichzeitig mit Strom versorgen.<\/p>\n<p>Die doppelte Schnellladetechnologie (90W Netzladung + 100W USB-C-Ladung gleichzeitig) erm\u00f6glicht bis zu 190W, was eine vollst\u00e4ndige Aufladung in 2,5 Stunden bedeutet.<br \/>\nNennkapazit\u00e4t: 320Wh (12.8V, 25Ah)<br \/>\nZelltyp: Lithium LiFePO 4<br \/>\nLebensdauer: 2000 Zyklen bei 80% Entladung<br \/>\nBMS: \u00dcberladungsschutz, Tiefentladungsschutz, \u00dcberladung, Kurzschluss, \u00dcberstrom, \u00dcberhitzung, niedrige Temperaturen.<br \/>\nAC-Ausgang: 230V~, 50Hz Gesamt 300W<br \/>\nUSB-A Ausgang (\u00d72): 5V \u2393 3A, 9V \u2393 2A, 12V \u2393 1.5A, Total 36W.<br \/>\nUSB-C-Ausgang: 5V \u2393 3A, 9V \u2393 3A, 12V \u2393 3A, 15V \u2393 3A, 20V \u2393 5A, 100W Max.<br \/>\nAusgang Zigarettenanz\u00fcnderbuchse: 12V\u239310A.<br \/>\nAusgang DC5521-Klinkenstecker (\u00d72): 12V\u23933A Insgesamt 72W.<br \/>\nAusgang Induktionsladung: 5V\u23931A, 9V\u23931A.<br \/>\nDC-Eingang: 20V \u2393 4.5A<br \/>\nUSB-C-Eingang: 5V \u2393 3A, 9V \u2393 3A, 12V \u2393 3A, 15V \u2393 3A, 20V \u2393 5A, 100W Max.<br \/>\nGewicht: 4,3 kg<br \/>\nAbmessungen (L x B x T): 255 x 182 x 210 mm.<br \/>\nTemperatur bei der Verwendung: -10\u00b0C+40\u00b0C.<br \/>\nLieferumfang: 230V-Netzladeadapter, Zigarettenanz\u00fcnderkabel zum Aufladen w\u00e4hrend der Fahrt, Anleitung.<\/p>\n","protected":false},"excerpt":{"rendered":"<p>Entscheiden Sie sich f\u00fcr die Powerstation Lake 300, um sicherzustellen, dass Ihr kleines elektronisches Zubeh\u00f6r unterwegs aufgeladen wird. Mit einer Kapazit\u00e4t von 320Wh und einer Ausgangsleistung von 300W (Spitze 500W) bringt sie Unabh\u00e4ngigkeit in Ihre Outdoor-Aktivit\u00e4ten. Das fortschrittliche Batteriemanagementsystem &#040;BMS&#041;, das in den Dreifachprozessor integriert ist, reguliert und sch\u00fctzt die Lebensdauer der internen Batterie und [&hellip;]<\/p>\n","protected":false},"featured_media":188069,"template":"","meta":{"_acf_changed":false},"product_featured_cat":[],"product_brand":[3033],"product_cat":[5130],"product_tag":[],"class_list":{"0":"post-188071","1":"product","2":"type-product","3":"status-publish","4":"has-post-thumbnail","6":"product_brand-standard-de","7":"product_cat-powerstationen","9":"first","10":"instock","11":"taxable","12":"shipping-taxable","13":"purchasable","14":"product-type-simple"},"acf":[],"yoast_head":"<!-- This site is optimized with the Yoast SEO plugin v27.4 - https:\/\/yoast.com\/product\/yoast-seo-wordpress\/ -->\n<title>Powerstation LAKE 300 - Bantam Camping AG<\/title>\n<meta name=\"robots\" content=\"index, follow, max-snippet:-1, max-image-preview:large, max-video-preview:-1\" \/>\n<link rel=\"canonical\" href=\"https:\/\/shop.bantam.ch\/de\/produkt\/powerstation-lake-300\/\" \/>\n<meta property=\"og:locale\" content=\"de_DE\" \/>\n<meta property=\"og:type\" content=\"article\" \/>\n<meta property=\"og:title\" content=\"Powerstation LAKE 300 - Bantam Camping AG\" \/>\n<meta property=\"og:description\" content=\"Entscheiden Sie sich f\u00fcr die Powerstation Lake 300, um sicherzustellen, dass Ihr kleines elektronisches Zubeh\u00f6r unterwegs aufgeladen wird. Mit einer Kapazit\u00e4t von 320Wh und einer Ausgangsleistung von 300W (Spitze 500W) bringt sie Unabh\u00e4ngigkeit in Ihre Outdoor-Aktivit\u00e4ten. Das fortschrittliche Batteriemanagementsystem &#040;BMS&#041;, das in den Dreifachprozessor integriert ist, reguliert und sch\u00fctzt die Lebensdauer der internen Batterie und [&hellip;]\" \/>\n<meta property=\"og:url\" content=\"https:\/\/shop.bantam.ch\/de\/produkt\/powerstation-lake-300\/\" \/>\n<meta property=\"og:site_name\" content=\"Bantam Camping AG\" \/>\n<meta property=\"article:modified_time\" content=\"2026-04-20T20:52:44+00:00\" \/>\n<meta property=\"og:image\" content=\"https:\/\/shop.bantam.ch\/wp-content\/uploads\/2023\/12\/vignette_produit-13.jpg\" \/>\n\t<meta property=\"og:image:width\" content=\"455\" \/>\n\t<meta property=\"og:image:height\" content=\"460\" \/>\n\t<meta property=\"og:image:type\" content=\"image\/jpeg\" \/>\n<meta name=\"twitter:card\" content=\"summary_large_image\" \/>\n<meta name=\"twitter:label1\" content=\"Gesch\u00e4tzte Lesezeit\" \/>\n\t<meta name=\"twitter:data1\" content=\"1\u00a0Minute\" \/>\n<script type=\"application\/ld+json\" class=\"yoast-schema-graph\">{\"@context\":\"https:\\\/\\\/schema.org\",\"@graph\":[{\"@type\":\"WebPage\",\"@id\":\"https:\\\/\\\/shop.bantam.ch\\\/de\\\/produkt\\\/powerstation-lake-300\\\/\",\"url\":\"https:\\\/\\\/shop.bantam.ch\\\/de\\\/produkt\\\/powerstation-lake-300\\\/\",\"name\":\"Powerstation LAKE 300 - Bantam Camping AG\",\"isPartOf\":{\"@id\":\"https:\\\/\\\/shop.bantam.ch\\\/de\\\/#website\"},\"primaryImageOfPage\":{\"@id\":\"https:\\\/\\\/shop.bantam.ch\\\/de\\\/produkt\\\/powerstation-lake-300\\\/#primaryimage\"},\"image\":{\"@id\":\"https:\\\/\\\/shop.bantam.ch\\\/de\\\/produkt\\\/powerstation-lake-300\\\/#primaryimage\"},\"thumbnailUrl\":\"https:\\\/\\\/shop.bantam.ch\\\/wp-content\\\/uploads\\\/2023\\\/12\\\/vignette_produit-13.jpg\",\"datePublished\":\"2022-12-11T07:52:59+00:00\",\"dateModified\":\"2026-04-20T20:52:44+00:00\",\"breadcrumb\":{\"@id\":\"https:\\\/\\\/shop.bantam.ch\\\/de\\\/produkt\\\/powerstation-lake-300\\\/#breadcrumb\"},\"inLanguage\":\"de\",\"potentialAction\":[{\"@type\":\"ReadAction\",\"target\":[\"https:\\\/\\\/shop.bantam.ch\\\/de\\\/produkt\\\/powerstation-lake-300\\\/\"]}]},{\"@type\":\"ImageObject\",\"inLanguage\":\"de\",\"@id\":\"https:\\\/\\\/shop.bantam.ch\\\/de\\\/produkt\\\/powerstation-lake-300\\\/#primaryimage\",\"url\":\"https:\\\/\\\/shop.bantam.ch\\\/wp-content\\\/uploads\\\/2023\\\/12\\\/vignette_produit-13.jpg\",\"contentUrl\":\"https:\\\/\\\/shop.bantam.ch\\\/wp-content\\\/uploads\\\/2023\\\/12\\\/vignette_produit-13.jpg\",\"width\":455,\"height\":460},{\"@type\":\"BreadcrumbList\",\"@id\":\"https:\\\/\\\/shop.bantam.ch\\\/de\\\/produkt\\\/powerstation-lake-300\\\/#breadcrumb\",\"itemListElement\":[{\"@type\":\"ListItem\",\"position\":1,\"name\":\"Accueil\",\"item\":\"https:\\\/\\\/shop.bantam.ch\\\/de\\\/\"},{\"@type\":\"ListItem\",\"position\":2,\"name\":\"Shop\",\"item\":\"https:\\\/\\\/shop.bantam.ch\\\/de\\\/shop\\\/\"},{\"@type\":\"ListItem\",\"position\":3,\"name\":\"Powerstation LAKE 300\"}]},{\"@type\":\"WebSite\",\"@id\":\"https:\\\/\\\/shop.bantam.ch\\\/de\\\/#website\",\"url\":\"https:\\\/\\\/shop.bantam.ch\\\/de\\\/\",\"name\":\"Bantam Camping AG\",\"description\":\"\",\"publisher\":{\"@id\":\"https:\\\/\\\/shop.bantam.ch\\\/de\\\/#organization\"},\"inLanguage\":\"de\"},{\"@type\":\"Organization\",\"@id\":\"https:\\\/\\\/shop.bantam.ch\\\/de\\\/#organization\",\"name\":\"Bantam Camping AG\",\"url\":\"https:\\\/\\\/shop.bantam.ch\\\/de\\\/\",\"logo\":{\"@type\":\"ImageObject\",\"inLanguage\":\"de\",\"@id\":\"https:\\\/\\\/shop.bantam.ch\\\/de\\\/#\\\/schema\\\/logo\\\/image\\\/\",\"url\":\"https:\\\/\\\/shop.bantam.ch\\\/wp-content\\\/uploads\\\/2022\\\/12\\\/bantam-logo.png\",\"contentUrl\":\"https:\\\/\\\/shop.bantam.ch\\\/wp-content\\\/uploads\\\/2022\\\/12\\\/bantam-logo.png\",\"width\":320,\"height\":71,\"caption\":\"Bantam Camping AG\"},\"image\":{\"@id\":\"https:\\\/\\\/shop.bantam.ch\\\/de\\\/#\\\/schema\\\/logo\\\/image\\\/\"}}]}<\/script>\n<!-- \/ Yoast SEO plugin. -->","yoast_head_json":{"title":"Powerstation LAKE 300 - Bantam Camping AG","robots":{"index":"index","follow":"follow","max-snippet":"max-snippet:-1","max-image-preview":"max-image-preview:large","max-video-preview":"max-video-preview:-1"},"canonical":"https:\/\/shop.bantam.ch\/de\/produkt\/powerstation-lake-300\/","og_locale":"de_DE","og_type":"article","og_title":"Powerstation LAKE 300 - Bantam Camping AG","og_description":"Entscheiden Sie sich f\u00fcr die Powerstation Lake 300, um sicherzustellen, dass Ihr kleines elektronisches Zubeh\u00f6r unterwegs aufgeladen wird. Mit einer Kapazit\u00e4t von 320Wh und einer Ausgangsleistung von 300W (Spitze 500W) bringt sie Unabh\u00e4ngigkeit in Ihre Outdoor-Aktivit\u00e4ten. Das fortschrittliche Batteriemanagementsystem &#040;BMS&#041;, das in den Dreifachprozessor integriert ist, reguliert und sch\u00fctzt die Lebensdauer der internen Batterie und [&hellip;]","og_url":"https:\/\/shop.bantam.ch\/de\/produkt\/powerstation-lake-300\/","og_site_name":"Bantam Camping AG","article_modified_time":"2026-04-20T20:52:44+00:00","og_image":[{"width":455,"height":460,"url":"https:\/\/shop.bantam.ch\/wp-content\/uploads\/2023\/12\/vignette_produit-13.jpg","type":"image\/jpeg"}],"twitter_card":"summary_large_image","twitter_misc":{"Gesch\u00e4tzte Lesezeit":"1\u00a0Minute"},"schema":{"@context":"https:\/\/schema.org","@graph":[{"@type":"WebPage","@id":"https:\/\/shop.bantam.ch\/de\/produkt\/powerstation-lake-300\/","url":"https:\/\/shop.bantam.ch\/de\/produkt\/powerstation-lake-300\/","name":"Powerstation LAKE 300 - Bantam Camping AG","isPartOf":{"@id":"https:\/\/shop.bantam.ch\/de\/#website"},"primaryImageOfPage":{"@id":"https:\/\/shop.bantam.ch\/de\/produkt\/powerstation-lake-300\/#primaryimage"},"image":{"@id":"https:\/\/shop.bantam.ch\/de\/produkt\/powerstation-lake-300\/#primaryimage"},"thumbnailUrl":"https:\/\/shop.bantam.ch\/wp-content\/uploads\/2023\/12\/vignette_produit-13.jpg","datePublished":"2022-12-11T07:52:59+00:00","dateModified":"2026-04-20T20:52:44+00:00","breadcrumb":{"@id":"https:\/\/shop.bantam.ch\/de\/produkt\/powerstation-lake-300\/#breadcrumb"},"inLanguage":"de","potentialAction":[{"@type":"ReadAction","target":["https:\/\/shop.bantam.ch\/de\/produkt\/powerstation-lake-300\/"]}]},{"@type":"ImageObject","inLanguage":"de","@id":"https:\/\/shop.bantam.ch\/de\/produkt\/powerstation-lake-300\/#primaryimage","url":"https:\/\/shop.bantam.ch\/wp-content\/uploads\/2023\/12\/vignette_produit-13.jpg","contentUrl":"https:\/\/shop.bantam.ch\/wp-content\/uploads\/2023\/12\/vignette_produit-13.jpg","width":455,"height":460},{"@type":"BreadcrumbList","@id":"https:\/\/shop.bantam.ch\/de\/produkt\/powerstation-lake-300\/#breadcrumb","itemListElement":[{"@type":"ListItem","position":1,"name":"Accueil","item":"https:\/\/shop.bantam.ch\/de\/"},{"@type":"ListItem","position":2,"name":"Shop","item":"https:\/\/shop.bantam.ch\/de\/shop\/"},{"@type":"ListItem","position":3,"name":"Powerstation LAKE 300"}]},{"@type":"WebSite","@id":"https:\/\/shop.bantam.ch\/de\/#website","url":"https:\/\/shop.bantam.ch\/de\/","name":"Bantam Camping AG","description":"","publisher":{"@id":"https:\/\/shop.bantam.ch\/de\/#organization"},"inLanguage":"de"},{"@type":"Organization","@id":"https:\/\/shop.bantam.ch\/de\/#organization","name":"Bantam Camping AG","url":"https:\/\/shop.bantam.ch\/de\/","logo":{"@type":"ImageObject","inLanguage":"de","@id":"https:\/\/shop.bantam.ch\/de\/#\/schema\/logo\/image\/","url":"https:\/\/shop.bantam.ch\/wp-content\/uploads\/2022\/12\/bantam-logo.png","contentUrl":"https:\/\/shop.bantam.ch\/wp-content\/uploads\/2022\/12\/bantam-logo.png","width":320,"height":71,"caption":"Bantam Camping AG"},"image":{"@id":"https:\/\/shop.bantam.ch\/de\/#\/schema\/logo\/image\/"}}]}},"_links":{"self":[{"href":"https:\/\/shop.bantam.ch\/de\/wp-json\/wp\/v2\/product\/188071","targetHints":{"allow":["GET"]}}],"collection":[{"href":"https:\/\/shop.bantam.ch\/de\/wp-json\/wp\/v2\/product"}],"about":[{"href":"https:\/\/shop.bantam.ch\/de\/wp-json\/wp\/v2\/types\/product"}],"wp:featuredmedia":[{"embeddable":true,"href":"https:\/\/shop.bantam.ch\/de\/wp-json\/wp\/v2\/media\/188069"}],"wp:attachment":[{"href":"https:\/\/shop.bantam.ch\/de\/wp-json\/wp\/v2\/media?parent=188071"}],"wp:term":[{"taxonomy":"product_featured_cat","embeddable":true,"href":"https:\/\/shop.bantam.ch\/de\/wp-json\/wp\/v2\/product_featured_cat?post=188071"},{"taxonomy":"product_brand","embeddable":true,"href":"https:\/\/shop.bantam.ch\/de\/wp-json\/wp\/v2\/product_brand?post=188071"},{"taxonomy":"product_cat","embeddable":true,"href":"https:\/\/shop.bantam.ch\/de\/wp-json\/wp\/v2\/product_cat?post=188071"},{"taxonomy":"product_tag","embeddable":true,"href":"https:\/\/shop.bantam.ch\/de\/wp-json\/wp\/v2\/product_tag?post=188071"}],"curies":[{"name":"wp","href":"https:\/\/api.w.org\/{rel}","templated":true}]}}