{"id":188063,"date":"2023-11-01T08:47:10","date_gmt":"2023-11-01T07:47:10","guid":{"rendered":"https:\/\/shop.bantam.ch\/produit\/lithiumbatterie-150-a\/"},"modified":"2026-05-01T22:48:14","modified_gmt":"2026-05-01T20:48:14","slug":"lithiumbatterie-150-a","status":"publish","type":"product","link":"https:\/\/shop.bantam.ch\/de\/produkt\/lithiumbatterie-150-a\/","title":{"rendered":"Lithiumbatterie 150 A"},"content":{"rendered":"<p>Die Lithiumbatterien von Koonekt sind mit ihren drei Modellen mit einer Kapazit\u00e4t von 100, 150 und 200 Ampere ideal daf\u00fcr gebaut, den mittleren und erweiterten Energiebedarf zu decken.<\/p>\n<p>Das integrierte BMS-Modul optimiert die Ladung und sch\u00fctzt die Zellen gleichzeitig vor \u00dcberladung, Tiefentladung und Kurzschluss.<\/p>\n<p>Die Parallelschaltung ist bei 2 Einheiten m\u00f6glich.<br \/>\nTechnologie: LiFePo4<br \/>\nZelltyp: prismatisch<br \/>\nIntegriertes BMS<br \/>\nNennspannung: 12.8V<br \/>\nSpannung am Ende der Ladung: 14.6V<br \/>\nSelbstentladung im Leerlauf: &lt;5&gt; 3000 Zyklen<br \/>\nGarantie: 24 Monate<br \/>\nKapazit\u00e4t : 150Ah<br \/>\nMax. kontinuierlicher Entladestrom: 150A<br \/>\nMaximaler Spitzenentladestrom (3 Sek.): 400A<br \/>\nAbmessungen des Produkts (L x B x H): 483x 170x 240mm.<br \/>\nNettogewicht: 20Kg.<br \/>\nWeitere Merkmale<\/p>\n<p>TECHNOLOGIE: LIFEPO4<br \/>\nZELLENTYP: PRISMATISCH<br \/>\nKAPAZIT\u00c4T: 150 Ah<br \/>\nEINGEBAUTES BMS: JA<br \/>\nNENNSPANNUNG: 12,8V<br \/>\nLADESCHLUSSSPANNUNG: 14,6 V<br \/>\nSELBSTAUFLADUNG BEI LEERLAUF : &lt;5&gt; 3000<br \/>\nABMESSUNGEN IN MM PRODUKT ( L x B x H ) : 483*170*240<br \/>\nNETTOGEWICHT: 20KG<br \/>\nBUCH MIT: &#8211;<br \/>\nZERTIFIZIERUNGEN, ZULASSUNGEN: CE\/UN38.3\/MSDS ECE-R10<br \/>\nGARANTIE: 2 JAHRE<br \/>\nLeistung: 150 Ah<\/p>\n","protected":false},"excerpt":{"rendered":"<p>Die Lithiumbatterien von Koonekt sind mit ihren drei Modellen mit einer Kapazit\u00e4t von 100, 150 und 200 Ampere ideal daf\u00fcr gebaut, den mittleren und erweiterten Energiebedarf zu decken. Das integrierte BMS-Modul optimiert die Ladung und sch\u00fctzt die Zellen gleichzeitig vor \u00dcberladung, Tiefentladung und Kurzschluss. Die Parallelschaltung ist bei 2 Einheiten m\u00f6glich. Technologie: LiFePo4 Zelltyp: prismatisch [&hellip;]<\/p>\n","protected":false},"featured_media":188061,"template":"","meta":{"_acf_changed":false},"product_featured_cat":[5324,5318],"product_brand":[3027],"product_cat":[4188],"product_tag":[],"class_list":{"0":"post-188063","1":"product","2":"type-product","3":"status-publish","4":"has-post-thumbnail","6":"product_featured_cat-batterie-etagnieres-de","7":"product_featured_cat-sonderangebote-lithium-batterien","8":"product_brand-truma-de","9":"product_cat-batterien","11":"first","12":"instock","13":"sale","14":"taxable","15":"shipping-taxable","16":"purchasable","17":"product-type-simple"},"acf":[],"yoast_head":"<!-- This site is optimized with the Yoast SEO plugin v27.5 - https:\/\/yoast.com\/product\/yoast-seo-wordpress\/ -->\n<title>Lithiumbatterie 150 A - Bantam<\/title>\n<meta name=\"robots\" content=\"index, follow, max-snippet:-1, max-image-preview:large, max-video-preview:-1\" \/>\n<link rel=\"canonical\" href=\"https:\/\/shop.bantam.ch\/de\/produkt\/lithiumbatterie-150-a\/\" \/>\n<meta property=\"og:locale\" content=\"de_DE\" \/>\n<meta property=\"og:type\" content=\"article\" \/>\n<meta property=\"og:title\" content=\"Lithiumbatterie 150 A - Bantam\" \/>\n<meta property=\"og:description\" content=\"Die Lithiumbatterien von Koonekt sind mit ihren drei Modellen mit einer Kapazit\u00e4t von 100, 150 und 200 Ampere ideal daf\u00fcr gebaut, den mittleren und erweiterten Energiebedarf zu decken. Das integrierte BMS-Modul optimiert die Ladung und sch\u00fctzt die Zellen gleichzeitig vor \u00dcberladung, Tiefentladung und Kurzschluss. Die Parallelschaltung ist bei 2 Einheiten m\u00f6glich. Technologie: LiFePo4 Zelltyp: prismatisch [&hellip;]\" \/>\n<meta property=\"og:url\" content=\"https:\/\/shop.bantam.ch\/de\/produkt\/lithiumbatterie-150-a\/\" \/>\n<meta property=\"og:site_name\" content=\"Bantam\" \/>\n<meta property=\"article:modified_time\" content=\"2026-05-01T20:48:14+00:00\" \/>\n<meta property=\"og:image\" content=\"https:\/\/shop.bantam.ch\/wp-content\/uploads\/2023\/12\/vignette_produit-11.jpg\" \/>\n\t<meta property=\"og:image:width\" content=\"455\" \/>\n\t<meta property=\"og:image:height\" content=\"460\" \/>\n\t<meta property=\"og:image:type\" content=\"image\/jpeg\" \/>\n<meta name=\"twitter:card\" content=\"summary_large_image\" \/>\n<meta name=\"twitter:label1\" content=\"Gesch\u00e4tzte Lesezeit\" \/>\n\t<meta name=\"twitter:data1\" content=\"1\u00a0Minute\" \/>\n<script type=\"application\/ld+json\" class=\"yoast-schema-graph\">{\"@context\":\"https:\\\/\\\/schema.org\",\"@graph\":[{\"@type\":\"WebPage\",\"@id\":\"https:\\\/\\\/shop.bantam.ch\\\/de\\\/produkt\\\/lithiumbatterie-150-a\\\/\",\"url\":\"https:\\\/\\\/shop.bantam.ch\\\/de\\\/produkt\\\/lithiumbatterie-150-a\\\/\",\"name\":\"Lithiumbatterie 150 A - Bantam\",\"isPartOf\":{\"@id\":\"https:\\\/\\\/shop.bantam.ch\\\/de\\\/#website\"},\"primaryImageOfPage\":{\"@id\":\"https:\\\/\\\/shop.bantam.ch\\\/de\\\/produkt\\\/lithiumbatterie-150-a\\\/#primaryimage\"},\"image\":{\"@id\":\"https:\\\/\\\/shop.bantam.ch\\\/de\\\/produkt\\\/lithiumbatterie-150-a\\\/#primaryimage\"},\"thumbnailUrl\":\"https:\\\/\\\/shop.bantam.ch\\\/wp-content\\\/uploads\\\/2023\\\/12\\\/vignette_produit-11.jpg\",\"datePublished\":\"2023-11-01T07:47:10+00:00\",\"dateModified\":\"2026-05-01T20:48:14+00:00\",\"breadcrumb\":{\"@id\":\"https:\\\/\\\/shop.bantam.ch\\\/de\\\/produkt\\\/lithiumbatterie-150-a\\\/#breadcrumb\"},\"inLanguage\":\"de\",\"potentialAction\":[{\"@type\":\"ReadAction\",\"target\":[\"https:\\\/\\\/shop.bantam.ch\\\/de\\\/produkt\\\/lithiumbatterie-150-a\\\/\"]}]},{\"@type\":\"ImageObject\",\"inLanguage\":\"de\",\"@id\":\"https:\\\/\\\/shop.bantam.ch\\\/de\\\/produkt\\\/lithiumbatterie-150-a\\\/#primaryimage\",\"url\":\"https:\\\/\\\/shop.bantam.ch\\\/wp-content\\\/uploads\\\/2023\\\/12\\\/vignette_produit-11.jpg\",\"contentUrl\":\"https:\\\/\\\/shop.bantam.ch\\\/wp-content\\\/uploads\\\/2023\\\/12\\\/vignette_produit-11.jpg\",\"width\":455,\"height\":460},{\"@type\":\"BreadcrumbList\",\"@id\":\"https:\\\/\\\/shop.bantam.ch\\\/de\\\/produkt\\\/lithiumbatterie-150-a\\\/#breadcrumb\",\"itemListElement\":[{\"@type\":\"ListItem\",\"position\":1,\"name\":\"Accueil\",\"item\":\"https:\\\/\\\/shop.bantam.ch\\\/de\\\/\"},{\"@type\":\"ListItem\",\"position\":2,\"name\":\"Shop\",\"item\":\"https:\\\/\\\/shop.bantam.ch\\\/de\\\/shop\\\/\"},{\"@type\":\"ListItem\",\"position\":3,\"name\":\"Lithiumbatterie 150 A\"}]},{\"@type\":\"WebSite\",\"@id\":\"https:\\\/\\\/shop.bantam.ch\\\/de\\\/#website\",\"url\":\"https:\\\/\\\/shop.bantam.ch\\\/de\\\/\",\"name\":\"Bantam\",\"description\":\"\",\"publisher\":{\"@id\":\"https:\\\/\\\/shop.bantam.ch\\\/de\\\/#organization\"},\"inLanguage\":\"de\"},{\"@type\":\"Organization\",\"@id\":\"https:\\\/\\\/shop.bantam.ch\\\/de\\\/#organization\",\"name\":\"Bantam\",\"url\":\"https:\\\/\\\/shop.bantam.ch\\\/de\\\/\",\"logo\":{\"@type\":\"ImageObject\",\"inLanguage\":\"de\",\"@id\":\"https:\\\/\\\/shop.bantam.ch\\\/de\\\/#\\\/schema\\\/logo\\\/image\\\/\",\"url\":\"https:\\\/\\\/shop.bantam.ch\\\/wp-content\\\/uploads\\\/2022\\\/12\\\/bantam-logo.png\",\"contentUrl\":\"https:\\\/\\\/shop.bantam.ch\\\/wp-content\\\/uploads\\\/2022\\\/12\\\/bantam-logo.png\",\"width\":320,\"height\":71,\"caption\":\"Bantam\"},\"image\":{\"@id\":\"https:\\\/\\\/shop.bantam.ch\\\/de\\\/#\\\/schema\\\/logo\\\/image\\\/\"}}]}<\/script>\n<!-- \/ Yoast SEO plugin. -->","yoast_head_json":{"title":"Lithiumbatterie 150 A - Bantam","robots":{"index":"index","follow":"follow","max-snippet":"max-snippet:-1","max-image-preview":"max-image-preview:large","max-video-preview":"max-video-preview:-1"},"canonical":"https:\/\/shop.bantam.ch\/de\/produkt\/lithiumbatterie-150-a\/","og_locale":"de_DE","og_type":"article","og_title":"Lithiumbatterie 150 A - Bantam","og_description":"Die Lithiumbatterien von Koonekt sind mit ihren drei Modellen mit einer Kapazit\u00e4t von 100, 150 und 200 Ampere ideal daf\u00fcr gebaut, den mittleren und erweiterten Energiebedarf zu decken. Das integrierte BMS-Modul optimiert die Ladung und sch\u00fctzt die Zellen gleichzeitig vor \u00dcberladung, Tiefentladung und Kurzschluss. Die Parallelschaltung ist bei 2 Einheiten m\u00f6glich. Technologie: LiFePo4 Zelltyp: prismatisch [&hellip;]","og_url":"https:\/\/shop.bantam.ch\/de\/produkt\/lithiumbatterie-150-a\/","og_site_name":"Bantam","article_modified_time":"2026-05-01T20:48:14+00:00","og_image":[{"width":455,"height":460,"url":"https:\/\/shop.bantam.ch\/wp-content\/uploads\/2023\/12\/vignette_produit-11.jpg","type":"image\/jpeg"}],"twitter_card":"summary_large_image","twitter_misc":{"Gesch\u00e4tzte Lesezeit":"1\u00a0Minute"},"schema":{"@context":"https:\/\/schema.org","@graph":[{"@type":"WebPage","@id":"https:\/\/shop.bantam.ch\/de\/produkt\/lithiumbatterie-150-a\/","url":"https:\/\/shop.bantam.ch\/de\/produkt\/lithiumbatterie-150-a\/","name":"Lithiumbatterie 150 A - Bantam","isPartOf":{"@id":"https:\/\/shop.bantam.ch\/de\/#website"},"primaryImageOfPage":{"@id":"https:\/\/shop.bantam.ch\/de\/produkt\/lithiumbatterie-150-a\/#primaryimage"},"image":{"@id":"https:\/\/shop.bantam.ch\/de\/produkt\/lithiumbatterie-150-a\/#primaryimage"},"thumbnailUrl":"https:\/\/shop.bantam.ch\/wp-content\/uploads\/2023\/12\/vignette_produit-11.jpg","datePublished":"2023-11-01T07:47:10+00:00","dateModified":"2026-05-01T20:48:14+00:00","breadcrumb":{"@id":"https:\/\/shop.bantam.ch\/de\/produkt\/lithiumbatterie-150-a\/#breadcrumb"},"inLanguage":"de","potentialAction":[{"@type":"ReadAction","target":["https:\/\/shop.bantam.ch\/de\/produkt\/lithiumbatterie-150-a\/"]}]},{"@type":"ImageObject","inLanguage":"de","@id":"https:\/\/shop.bantam.ch\/de\/produkt\/lithiumbatterie-150-a\/#primaryimage","url":"https:\/\/shop.bantam.ch\/wp-content\/uploads\/2023\/12\/vignette_produit-11.jpg","contentUrl":"https:\/\/shop.bantam.ch\/wp-content\/uploads\/2023\/12\/vignette_produit-11.jpg","width":455,"height":460},{"@type":"BreadcrumbList","@id":"https:\/\/shop.bantam.ch\/de\/produkt\/lithiumbatterie-150-a\/#breadcrumb","itemListElement":[{"@type":"ListItem","position":1,"name":"Accueil","item":"https:\/\/shop.bantam.ch\/de\/"},{"@type":"ListItem","position":2,"name":"Shop","item":"https:\/\/shop.bantam.ch\/de\/shop\/"},{"@type":"ListItem","position":3,"name":"Lithiumbatterie 150 A"}]},{"@type":"WebSite","@id":"https:\/\/shop.bantam.ch\/de\/#website","url":"https:\/\/shop.bantam.ch\/de\/","name":"Bantam","description":"","publisher":{"@id":"https:\/\/shop.bantam.ch\/de\/#organization"},"inLanguage":"de"},{"@type":"Organization","@id":"https:\/\/shop.bantam.ch\/de\/#organization","name":"Bantam","url":"https:\/\/shop.bantam.ch\/de\/","logo":{"@type":"ImageObject","inLanguage":"de","@id":"https:\/\/shop.bantam.ch\/de\/#\/schema\/logo\/image\/","url":"https:\/\/shop.bantam.ch\/wp-content\/uploads\/2022\/12\/bantam-logo.png","contentUrl":"https:\/\/shop.bantam.ch\/wp-content\/uploads\/2022\/12\/bantam-logo.png","width":320,"height":71,"caption":"Bantam"},"image":{"@id":"https:\/\/shop.bantam.ch\/de\/#\/schema\/logo\/image\/"}}]}},"_links":{"self":[{"href":"https:\/\/shop.bantam.ch\/de\/wp-json\/wp\/v2\/product\/188063","targetHints":{"allow":["GET"]}}],"collection":[{"href":"https:\/\/shop.bantam.ch\/de\/wp-json\/wp\/v2\/product"}],"about":[{"href":"https:\/\/shop.bantam.ch\/de\/wp-json\/wp\/v2\/types\/product"}],"wp:featuredmedia":[{"embeddable":true,"href":"https:\/\/shop.bantam.ch\/de\/wp-json\/wp\/v2\/media\/188061"}],"wp:attachment":[{"href":"https:\/\/shop.bantam.ch\/de\/wp-json\/wp\/v2\/media?parent=188063"}],"wp:term":[{"taxonomy":"product_featured_cat","embeddable":true,"href":"https:\/\/shop.bantam.ch\/de\/wp-json\/wp\/v2\/product_featured_cat?post=188063"},{"taxonomy":"product_brand","embeddable":true,"href":"https:\/\/shop.bantam.ch\/de\/wp-json\/wp\/v2\/product_brand?post=188063"},{"taxonomy":"product_cat","embeddable":true,"href":"https:\/\/shop.bantam.ch\/de\/wp-json\/wp\/v2\/product_cat?post=188063"},{"taxonomy":"product_tag","embeddable":true,"href":"https:\/\/shop.bantam.ch\/de\/wp-json\/wp\/v2\/product_tag?post=188063"}],"curies":[{"name":"wp","href":"https:\/\/api.w.org\/{rel}","templated":true}]}}