{"id":188059,"date":"2023-12-11T08:44:44","date_gmt":"2023-12-11T07:44:44","guid":{"rendered":"https:\/\/shop.bantam.ch\/produit\/lithium-akku-100a\/"},"modified":"2026-05-01T22:48:08","modified_gmt":"2026-05-01T20:48:08","slug":"lithium-akku-100a","status":"publish","type":"product","link":"https:\/\/shop.bantam.ch\/de\/produkt\/lithium-akku-100a\/","title":{"rendered":"Lithium-Akku 100A"},"content":{"rendered":"<p>Die Lithiumbatterien von Koonekt sind mit ihren drei Modellen mit einer Kapazit\u00e4t von 100, 150 und 200 Ampere ideal daf\u00fcr gebaut, den mittleren und erweiterten Energiebedarf zu decken.<\/p>\n<p>Das integrierte BMS-Modul optimiert die Ladung und sch\u00fctzt die Zellen gleichzeitig vor \u00dcberladung, Tiefentladung und Kurzschluss.<\/p>\n<p>Die Parallelschaltung ist bei 2 Einheiten m\u00f6glich.<br \/>\nTechnologie: LiFePo4<br \/>\nZelltyp: prismatisch<br \/>\nIntegriertes BMS<br \/>\nNennspannung: 12.8V<br \/>\nSpannung am Ende der Ladung: 14.6V<br \/>\nSelbstentladung im Leerlauf: &lt;5&gt; 3000 Zyklen<br \/>\nGarantie: 24 Monate<br \/>\nKapazit\u00e4t: 100Ah<br \/>\nMax. kontinuierlicher Entladestrom: 100A<br \/>\nMaximaler Spitzenentladestrom (3 Sek.): 300A<br \/>\nAbmessungen des Produkts (L x B x H): 330 x 173 x 216 mm.<br \/>\nNettogewicht: 13.4 Kg<br \/>\nWeitere Merkmale<\/p>\n<p>TECHNOLOGIE: LIFEPO4<br \/>\nZELLENTYP: PRISMATISCH<br \/>\nKAPAZIT\u00c4T: 100 Ah<br \/>\nEINGEBAUTES BMS: JA<br \/>\nNENNSPANNUNG: 12,8V<br \/>\nLADESCHLUSSSPANNUNG: 14,6 V<br \/>\nSELBSTAUFLADUNG BEI LEERLAUF : &lt;5&gt; 3000<br \/>\nABMESSUNGEN IN MM PRODUKT ( L x B x H ) : 330*173*216<br \/>\nNETTOGEWICHT: 13,4 KG<br \/>\nBUCH MIT: &#8211;<br \/>\nZERTIFIZIERUNGEN, ZULASSUNGEN: CE\/UN38.3\/MSDS ECE-R10<br \/>\nGARANTIE: 2 JAHRE<br \/>\nLeistung: 100 Amp.<\/p>\n","protected":false},"excerpt":{"rendered":"<p>Die Lithiumbatterien von Koonekt sind mit ihren drei Modellen mit einer Kapazit\u00e4t von 100, 150 und 200 Ampere ideal daf\u00fcr gebaut, den mittleren und erweiterten Energiebedarf zu decken. Das integrierte BMS-Modul optimiert die Ladung und sch\u00fctzt die Zellen gleichzeitig vor \u00dcberladung, Tiefentladung und Kurzschluss. Die Parallelschaltung ist bei 2 Einheiten m\u00f6glich. Technologie: LiFePo4 Zelltyp: prismatisch [&hellip;]<\/p>\n","protected":false},"featured_media":188057,"template":"","meta":{"_acf_changed":false},"product_featured_cat":[5324,5318],"product_brand":[3033],"product_cat":[4188],"product_tag":[],"class_list":{"0":"post-188059","1":"product","2":"type-product","3":"status-publish","4":"has-post-thumbnail","6":"product_featured_cat-batterie-etagnieres-de","7":"product_featured_cat-sonderangebote-lithium-batterien","8":"product_brand-standard-de","9":"product_cat-batterien","11":"first","12":"instock","13":"sale","14":"taxable","15":"shipping-taxable","16":"purchasable","17":"product-type-simple"},"acf":[],"yoast_head":"<!-- This site is optimized with the Yoast SEO plugin v27.5 - https:\/\/yoast.com\/product\/yoast-seo-wordpress\/ -->\n<title>Lithium-Akku 100A - Bantam<\/title>\n<meta name=\"robots\" content=\"index, follow, max-snippet:-1, max-image-preview:large, max-video-preview:-1\" \/>\n<link rel=\"canonical\" href=\"https:\/\/shop.bantam.ch\/de\/produkt\/lithium-akku-100a\/\" \/>\n<meta property=\"og:locale\" content=\"de_DE\" \/>\n<meta property=\"og:type\" content=\"article\" \/>\n<meta property=\"og:title\" content=\"Lithium-Akku 100A - Bantam\" \/>\n<meta property=\"og:description\" content=\"Die Lithiumbatterien von Koonekt sind mit ihren drei Modellen mit einer Kapazit\u00e4t von 100, 150 und 200 Ampere ideal daf\u00fcr gebaut, den mittleren und erweiterten Energiebedarf zu decken. Das integrierte BMS-Modul optimiert die Ladung und sch\u00fctzt die Zellen gleichzeitig vor \u00dcberladung, Tiefentladung und Kurzschluss. Die Parallelschaltung ist bei 2 Einheiten m\u00f6glich. Technologie: LiFePo4 Zelltyp: prismatisch [&hellip;]\" \/>\n<meta property=\"og:url\" content=\"https:\/\/shop.bantam.ch\/de\/produkt\/lithium-akku-100a\/\" \/>\n<meta property=\"og:site_name\" content=\"Bantam\" \/>\n<meta property=\"article:modified_time\" content=\"2026-05-01T20:48:08+00:00\" \/>\n<meta property=\"og:image\" content=\"https:\/\/shop.bantam.ch\/wp-content\/uploads\/2023\/12\/vignette_produit-10.jpg\" \/>\n\t<meta property=\"og:image:width\" content=\"455\" \/>\n\t<meta property=\"og:image:height\" content=\"460\" \/>\n\t<meta property=\"og:image:type\" content=\"image\/jpeg\" \/>\n<meta name=\"twitter:card\" content=\"summary_large_image\" \/>\n<meta name=\"twitter:label1\" content=\"Gesch\u00e4tzte Lesezeit\" \/>\n\t<meta name=\"twitter:data1\" content=\"1\u00a0Minute\" \/>\n<script type=\"application\/ld+json\" class=\"yoast-schema-graph\">{\"@context\":\"https:\\\/\\\/schema.org\",\"@graph\":[{\"@type\":\"WebPage\",\"@id\":\"https:\\\/\\\/shop.bantam.ch\\\/de\\\/produkt\\\/lithium-akku-100a\\\/\",\"url\":\"https:\\\/\\\/shop.bantam.ch\\\/de\\\/produkt\\\/lithium-akku-100a\\\/\",\"name\":\"Lithium-Akku 100A - Bantam\",\"isPartOf\":{\"@id\":\"https:\\\/\\\/shop.bantam.ch\\\/de\\\/#website\"},\"primaryImageOfPage\":{\"@id\":\"https:\\\/\\\/shop.bantam.ch\\\/de\\\/produkt\\\/lithium-akku-100a\\\/#primaryimage\"},\"image\":{\"@id\":\"https:\\\/\\\/shop.bantam.ch\\\/de\\\/produkt\\\/lithium-akku-100a\\\/#primaryimage\"},\"thumbnailUrl\":\"https:\\\/\\\/shop.bantam.ch\\\/wp-content\\\/uploads\\\/2023\\\/12\\\/vignette_produit-10.jpg\",\"datePublished\":\"2023-12-11T07:44:44+00:00\",\"dateModified\":\"2026-05-01T20:48:08+00:00\",\"breadcrumb\":{\"@id\":\"https:\\\/\\\/shop.bantam.ch\\\/de\\\/produkt\\\/lithium-akku-100a\\\/#breadcrumb\"},\"inLanguage\":\"de\",\"potentialAction\":[{\"@type\":\"ReadAction\",\"target\":[\"https:\\\/\\\/shop.bantam.ch\\\/de\\\/produkt\\\/lithium-akku-100a\\\/\"]}]},{\"@type\":\"ImageObject\",\"inLanguage\":\"de\",\"@id\":\"https:\\\/\\\/shop.bantam.ch\\\/de\\\/produkt\\\/lithium-akku-100a\\\/#primaryimage\",\"url\":\"https:\\\/\\\/shop.bantam.ch\\\/wp-content\\\/uploads\\\/2023\\\/12\\\/vignette_produit-10.jpg\",\"contentUrl\":\"https:\\\/\\\/shop.bantam.ch\\\/wp-content\\\/uploads\\\/2023\\\/12\\\/vignette_produit-10.jpg\",\"width\":455,\"height\":460},{\"@type\":\"BreadcrumbList\",\"@id\":\"https:\\\/\\\/shop.bantam.ch\\\/de\\\/produkt\\\/lithium-akku-100a\\\/#breadcrumb\",\"itemListElement\":[{\"@type\":\"ListItem\",\"position\":1,\"name\":\"Accueil\",\"item\":\"https:\\\/\\\/shop.bantam.ch\\\/de\\\/\"},{\"@type\":\"ListItem\",\"position\":2,\"name\":\"Shop\",\"item\":\"https:\\\/\\\/shop.bantam.ch\\\/de\\\/shop\\\/\"},{\"@type\":\"ListItem\",\"position\":3,\"name\":\"Lithium-Akku 100A\"}]},{\"@type\":\"WebSite\",\"@id\":\"https:\\\/\\\/shop.bantam.ch\\\/de\\\/#website\",\"url\":\"https:\\\/\\\/shop.bantam.ch\\\/de\\\/\",\"name\":\"Bantam\",\"description\":\"\",\"publisher\":{\"@id\":\"https:\\\/\\\/shop.bantam.ch\\\/de\\\/#organization\"},\"inLanguage\":\"de\"},{\"@type\":\"Organization\",\"@id\":\"https:\\\/\\\/shop.bantam.ch\\\/de\\\/#organization\",\"name\":\"Bantam\",\"url\":\"https:\\\/\\\/shop.bantam.ch\\\/de\\\/\",\"logo\":{\"@type\":\"ImageObject\",\"inLanguage\":\"de\",\"@id\":\"https:\\\/\\\/shop.bantam.ch\\\/de\\\/#\\\/schema\\\/logo\\\/image\\\/\",\"url\":\"https:\\\/\\\/shop.bantam.ch\\\/wp-content\\\/uploads\\\/2022\\\/12\\\/bantam-logo.png\",\"contentUrl\":\"https:\\\/\\\/shop.bantam.ch\\\/wp-content\\\/uploads\\\/2022\\\/12\\\/bantam-logo.png\",\"width\":320,\"height\":71,\"caption\":\"Bantam\"},\"image\":{\"@id\":\"https:\\\/\\\/shop.bantam.ch\\\/de\\\/#\\\/schema\\\/logo\\\/image\\\/\"}}]}<\/script>\n<!-- \/ Yoast SEO plugin. -->","yoast_head_json":{"title":"Lithium-Akku 100A - Bantam","robots":{"index":"index","follow":"follow","max-snippet":"max-snippet:-1","max-image-preview":"max-image-preview:large","max-video-preview":"max-video-preview:-1"},"canonical":"https:\/\/shop.bantam.ch\/de\/produkt\/lithium-akku-100a\/","og_locale":"de_DE","og_type":"article","og_title":"Lithium-Akku 100A - Bantam","og_description":"Die Lithiumbatterien von Koonekt sind mit ihren drei Modellen mit einer Kapazit\u00e4t von 100, 150 und 200 Ampere ideal daf\u00fcr gebaut, den mittleren und erweiterten Energiebedarf zu decken. Das integrierte BMS-Modul optimiert die Ladung und sch\u00fctzt die Zellen gleichzeitig vor \u00dcberladung, Tiefentladung und Kurzschluss. Die Parallelschaltung ist bei 2 Einheiten m\u00f6glich. Technologie: LiFePo4 Zelltyp: prismatisch [&hellip;]","og_url":"https:\/\/shop.bantam.ch\/de\/produkt\/lithium-akku-100a\/","og_site_name":"Bantam","article_modified_time":"2026-05-01T20:48:08+00:00","og_image":[{"width":455,"height":460,"url":"https:\/\/shop.bantam.ch\/wp-content\/uploads\/2023\/12\/vignette_produit-10.jpg","type":"image\/jpeg"}],"twitter_card":"summary_large_image","twitter_misc":{"Gesch\u00e4tzte Lesezeit":"1\u00a0Minute"},"schema":{"@context":"https:\/\/schema.org","@graph":[{"@type":"WebPage","@id":"https:\/\/shop.bantam.ch\/de\/produkt\/lithium-akku-100a\/","url":"https:\/\/shop.bantam.ch\/de\/produkt\/lithium-akku-100a\/","name":"Lithium-Akku 100A - Bantam","isPartOf":{"@id":"https:\/\/shop.bantam.ch\/de\/#website"},"primaryImageOfPage":{"@id":"https:\/\/shop.bantam.ch\/de\/produkt\/lithium-akku-100a\/#primaryimage"},"image":{"@id":"https:\/\/shop.bantam.ch\/de\/produkt\/lithium-akku-100a\/#primaryimage"},"thumbnailUrl":"https:\/\/shop.bantam.ch\/wp-content\/uploads\/2023\/12\/vignette_produit-10.jpg","datePublished":"2023-12-11T07:44:44+00:00","dateModified":"2026-05-01T20:48:08+00:00","breadcrumb":{"@id":"https:\/\/shop.bantam.ch\/de\/produkt\/lithium-akku-100a\/#breadcrumb"},"inLanguage":"de","potentialAction":[{"@type":"ReadAction","target":["https:\/\/shop.bantam.ch\/de\/produkt\/lithium-akku-100a\/"]}]},{"@type":"ImageObject","inLanguage":"de","@id":"https:\/\/shop.bantam.ch\/de\/produkt\/lithium-akku-100a\/#primaryimage","url":"https:\/\/shop.bantam.ch\/wp-content\/uploads\/2023\/12\/vignette_produit-10.jpg","contentUrl":"https:\/\/shop.bantam.ch\/wp-content\/uploads\/2023\/12\/vignette_produit-10.jpg","width":455,"height":460},{"@type":"BreadcrumbList","@id":"https:\/\/shop.bantam.ch\/de\/produkt\/lithium-akku-100a\/#breadcrumb","itemListElement":[{"@type":"ListItem","position":1,"name":"Accueil","item":"https:\/\/shop.bantam.ch\/de\/"},{"@type":"ListItem","position":2,"name":"Shop","item":"https:\/\/shop.bantam.ch\/de\/shop\/"},{"@type":"ListItem","position":3,"name":"Lithium-Akku 100A"}]},{"@type":"WebSite","@id":"https:\/\/shop.bantam.ch\/de\/#website","url":"https:\/\/shop.bantam.ch\/de\/","name":"Bantam","description":"","publisher":{"@id":"https:\/\/shop.bantam.ch\/de\/#organization"},"inLanguage":"de"},{"@type":"Organization","@id":"https:\/\/shop.bantam.ch\/de\/#organization","name":"Bantam","url":"https:\/\/shop.bantam.ch\/de\/","logo":{"@type":"ImageObject","inLanguage":"de","@id":"https:\/\/shop.bantam.ch\/de\/#\/schema\/logo\/image\/","url":"https:\/\/shop.bantam.ch\/wp-content\/uploads\/2022\/12\/bantam-logo.png","contentUrl":"https:\/\/shop.bantam.ch\/wp-content\/uploads\/2022\/12\/bantam-logo.png","width":320,"height":71,"caption":"Bantam"},"image":{"@id":"https:\/\/shop.bantam.ch\/de\/#\/schema\/logo\/image\/"}}]}},"_links":{"self":[{"href":"https:\/\/shop.bantam.ch\/de\/wp-json\/wp\/v2\/product\/188059","targetHints":{"allow":["GET"]}}],"collection":[{"href":"https:\/\/shop.bantam.ch\/de\/wp-json\/wp\/v2\/product"}],"about":[{"href":"https:\/\/shop.bantam.ch\/de\/wp-json\/wp\/v2\/types\/product"}],"wp:featuredmedia":[{"embeddable":true,"href":"https:\/\/shop.bantam.ch\/de\/wp-json\/wp\/v2\/media\/188057"}],"wp:attachment":[{"href":"https:\/\/shop.bantam.ch\/de\/wp-json\/wp\/v2\/media?parent=188059"}],"wp:term":[{"taxonomy":"product_featured_cat","embeddable":true,"href":"https:\/\/shop.bantam.ch\/de\/wp-json\/wp\/v2\/product_featured_cat?post=188059"},{"taxonomy":"product_brand","embeddable":true,"href":"https:\/\/shop.bantam.ch\/de\/wp-json\/wp\/v2\/product_brand?post=188059"},{"taxonomy":"product_cat","embeddable":true,"href":"https:\/\/shop.bantam.ch\/de\/wp-json\/wp\/v2\/product_cat?post=188059"},{"taxonomy":"product_tag","embeddable":true,"href":"https:\/\/shop.bantam.ch\/de\/wp-json\/wp\/v2\/product_tag?post=188059"}],"curies":[{"name":"wp","href":"https:\/\/api.w.org\/{rel}","templated":true}]}}