{"id":188029,"date":"2023-12-11T08:10:58","date_gmt":"2023-12-11T07:10:58","guid":{"rendered":"https:\/\/shop.bantam.ch\/produit\/batterie-lith-portable-gys-batterie-lithium-power-pack-520\/"},"modified":"2026-04-17T22:51:44","modified_gmt":"2026-04-17T20:51:44","slug":"batterie-lith-portable-gys-batterie-lithium-power-pack-520","status":"publish","type":"product","link":"https:\/\/shop.bantam.ch\/de\/produkt\/batterie-lith-portable-gys-batterie-lithium-power-pack-520\/","title":{"rendered":"Batterie Lith Portable GYS \/ Batterie Lithium Power pack 520"},"content":{"rendered":"<p>Aufladen auf 3 Arten m\u00f6glich: 230-V-Ladeger\u00e4t &#8211; USB Typ-C &#8211; Solar, damit die Station immer einsatzbereit ist.<br \/>\nSchutz vor Kurzschl\u00fcssen, \u00dcberstrom, \u00dcberspannung, Unterspannung, \u00dcberladung und \u00dcberhitzung.<br \/>\nAnschl\u00fcsse:<br \/>\n12-V-Zigarettenanz\u00fcnderausgang, 12-V-Ausgang &#8211; 10 A (x2), USB Typ-C Eingang\/Ausgang, USB Quick Charge Ausgang 5 V &#8211; 3 A \/ 9 V &#8211; 2 A \/ 12 V &#8211; 1.5 A, Doppelter einfacher USB-Ausgang 5 V &#8211; 3.1 A (max. 2.4 A pro Ausgang), Doppelte AC-Steckdose 230 V \/ 50 Hz \/ 500 W.<br \/>\nRobuster Griff.<br \/>\nKompakte und leichte Station, die sich leicht an jeden Ort transportieren l\u00e4sst.<br \/>\nAusgestattet mit einer LED mit 3 Leuchtmodi (Standard, SOS, Blitz).<br \/>\nLED-Anzeige gibt Hinweise auf : &#8211; Ladezustand des internen Akkus &#8211; verwendete Ein- und Ausg\u00e4nge &#8211; laufende Beleuchtung &#8211; m\u00f6gliche Fehlfunktionen.<br \/>\nKapazit\u00e4t: 20Ah (518Wh)<br \/>\nAbmessungen: 264\u00d7234163 mm<br \/>\nGewicht: 5.14 kg<br \/>\nLadezeit: 8 Stunden<br \/>\nLieferung mit Tasche + Zubeh\u00f6r: 230-V-Ladeger\u00e4t + Ladekabel, USB-Typ-C-Kabel.<br \/>\nWeitere Merkmale<br \/>\nLeistung: 518Wh &#8211; 20Ah<br \/>\nTECHNOLOGIE: LITHIUM-IONEN<br \/>\nZELLENTYP: &#8211;<br \/>\nEINGEBAUTES BMS: JA<br \/>\nNENNSPANNUNG: 25,6V<br \/>\nSELBSTAUFLADUNG BEI LEERLAUF : &lt;15%\/JAHR<br \/>\nMAX. ENTLADESTROM BEI KONTINUIERLICHER ENTLADUNG: 500W<br \/>\nMAXIMALER ENTLADESTROM IM PIC (3 Sek.): 500W<br \/>\nEMPFOHLENER MAXIMALER LADESTROM: 6 -7 A<br \/>\nLADEZEIT AN AC-220V: 8 Stunden<br \/>\nBETRIEBSTEMPERATUR BEIM ENTLADEN: -20\u00b0C \/ 50\u00b0C<br \/>\nBETRIEBSTEMPERATUR BEI LASTEN: 0\u00b0C bis 50\u00b0C.<br \/>\nKOMMUNIKATIONSMODUS: Anzeige LCD-Bildschirm.<br \/>\nMPPT-SOLAR-Regler: nc<br \/>\nEingangsanschluss: 1 Eingang Typ C: 2A 1 Eingang 24V: 2,5A<br \/>\nAusgangsanschluss: 1 Ausgang f\u00fcr 12V-Zigarettenanz\u00fcnder 2 Ausgang f\u00fcr 12V-10A 1 Mikro-USB Typ C 3 USB: 1 Ausgang f\u00fcr schnelles Aufladen (3A)\/2USB einfach (2,4A pro Ausgang).<br \/>\nPARALLELSCHALTUNG : &#8211;<br \/>\nSERIENM\u00c4SSIGE MONTAGE : &#8211; &#8211;<br \/>\nART DES GEH\u00c4USES : &#8211;<br \/>\nANZAHL DER ZYKLEN: 1000<br \/>\nAbmessung: 264*234*163<br \/>\nNETTOGEWICHT: 5,14KG<br \/>\nLIEFERT MIT: H\u00fclle + 230V-Ladeblock + Ladekabel + USB-Typ-C-Kabel.<br \/>\nZERTIFIZIERUNGEN, ZULASSUNGEN: CE, EAC, UKCA<br \/>\nModell: Lithium-Akku Power pack 520<\/p>\n","protected":false},"excerpt":{"rendered":"<p>Aufladen auf 3 Arten m\u00f6glich: 230-V-Ladeger\u00e4t &#8211; USB Typ-C &#8211; Solar, damit die Station immer einsatzbereit ist. Schutz vor Kurzschl\u00fcssen, \u00dcberstrom, \u00dcberspannung, Unterspannung, \u00dcberladung und \u00dcberhitzung. Anschl\u00fcsse: 12-V-Zigarettenanz\u00fcnderausgang, 12-V-Ausgang &#8211; 10 A (x2), USB Typ-C Eingang\/Ausgang, USB Quick Charge Ausgang 5 V &#8211; 3 A \/ 9 V &#8211; 2 A \/ 12 V &#8211; [&hellip;]<\/p>\n","protected":false},"featured_media":188035,"template":"","meta":{"_acf_changed":false},"product_featured_cat":[5303,5289],"product_brand":[3033],"product_cat":[5130],"product_tag":[],"class_list":{"0":"post-188029","1":"product","2":"type-product","3":"status-publish","4":"has-post-thumbnail","6":"product_featured_cat-selection-hivernale-etagnieres-de","7":"product_featured_cat-weihnachtsgeschenkliste","8":"product_brand-standard-de","9":"product_cat-powerstationen","11":"first","12":"instock","13":"taxable","14":"shipping-taxable","15":"purchasable","16":"product-type-simple"},"acf":[],"yoast_head":"<!-- This site is optimized with the Yoast SEO plugin v27.4 - https:\/\/yoast.com\/product\/yoast-seo-wordpress\/ -->\n<title>Batterie Lith Portable GYS \/ Batterie Lithium Power pack 520 - Bantam Camping AG<\/title>\n<meta name=\"robots\" content=\"index, follow, max-snippet:-1, max-image-preview:large, max-video-preview:-1\" \/>\n<link rel=\"canonical\" href=\"https:\/\/shop.bantam.ch\/de\/produkt\/batterie-lith-portable-gys-batterie-lithium-power-pack-520\/\" \/>\n<meta property=\"og:locale\" content=\"de_DE\" \/>\n<meta property=\"og:type\" content=\"article\" \/>\n<meta property=\"og:title\" content=\"Batterie Lith Portable GYS \/ Batterie Lithium Power pack 520 - Bantam Camping AG\" \/>\n<meta property=\"og:description\" content=\"Aufladen auf 3 Arten m\u00f6glich: 230-V-Ladeger\u00e4t &#8211; USB Typ-C &#8211; Solar, damit die Station immer einsatzbereit ist. Schutz vor Kurzschl\u00fcssen, \u00dcberstrom, \u00dcberspannung, Unterspannung, \u00dcberladung und \u00dcberhitzung. Anschl\u00fcsse: 12-V-Zigarettenanz\u00fcnderausgang, 12-V-Ausgang &#8211; 10 A (x2), USB Typ-C Eingang\/Ausgang, USB Quick Charge Ausgang 5 V &#8211; 3 A \/ 9 V &#8211; 2 A \/ 12 V &#8211; [&hellip;]\" \/>\n<meta property=\"og:url\" content=\"https:\/\/shop.bantam.ch\/de\/produkt\/batterie-lith-portable-gys-batterie-lithium-power-pack-520\/\" \/>\n<meta property=\"og:site_name\" content=\"Bantam Camping AG\" \/>\n<meta property=\"article:modified_time\" content=\"2026-04-17T20:51:44+00:00\" \/>\n<meta property=\"og:image\" content=\"https:\/\/shop.bantam.ch\/wp-content\/uploads\/2023\/12\/vignette_produit-2.jpg\" \/>\n\t<meta property=\"og:image:width\" content=\"455\" \/>\n\t<meta property=\"og:image:height\" content=\"460\" \/>\n\t<meta property=\"og:image:type\" content=\"image\/jpeg\" \/>\n<meta name=\"twitter:card\" content=\"summary_large_image\" \/>\n<meta name=\"twitter:label1\" content=\"Gesch\u00e4tzte Lesezeit\" \/>\n\t<meta name=\"twitter:data1\" content=\"1\u00a0Minute\" \/>\n<script type=\"application\/ld+json\" class=\"yoast-schema-graph\">{\"@context\":\"https:\\\/\\\/schema.org\",\"@graph\":[{\"@type\":\"WebPage\",\"@id\":\"https:\\\/\\\/shop.bantam.ch\\\/de\\\/produkt\\\/batterie-lith-portable-gys-batterie-lithium-power-pack-520\\\/\",\"url\":\"https:\\\/\\\/shop.bantam.ch\\\/de\\\/produkt\\\/batterie-lith-portable-gys-batterie-lithium-power-pack-520\\\/\",\"name\":\"Batterie Lith Portable GYS \\\/ Batterie Lithium Power pack 520 - Bantam Camping AG\",\"isPartOf\":{\"@id\":\"https:\\\/\\\/shop.bantam.ch\\\/de\\\/#website\"},\"primaryImageOfPage\":{\"@id\":\"https:\\\/\\\/shop.bantam.ch\\\/de\\\/produkt\\\/batterie-lith-portable-gys-batterie-lithium-power-pack-520\\\/#primaryimage\"},\"image\":{\"@id\":\"https:\\\/\\\/shop.bantam.ch\\\/de\\\/produkt\\\/batterie-lith-portable-gys-batterie-lithium-power-pack-520\\\/#primaryimage\"},\"thumbnailUrl\":\"https:\\\/\\\/shop.bantam.ch\\\/wp-content\\\/uploads\\\/2023\\\/12\\\/vignette_produit-2.jpg\",\"datePublished\":\"2023-12-11T07:10:58+00:00\",\"dateModified\":\"2026-04-17T20:51:44+00:00\",\"breadcrumb\":{\"@id\":\"https:\\\/\\\/shop.bantam.ch\\\/de\\\/produkt\\\/batterie-lith-portable-gys-batterie-lithium-power-pack-520\\\/#breadcrumb\"},\"inLanguage\":\"de\",\"potentialAction\":[{\"@type\":\"ReadAction\",\"target\":[\"https:\\\/\\\/shop.bantam.ch\\\/de\\\/produkt\\\/batterie-lith-portable-gys-batterie-lithium-power-pack-520\\\/\"]}]},{\"@type\":\"ImageObject\",\"inLanguage\":\"de\",\"@id\":\"https:\\\/\\\/shop.bantam.ch\\\/de\\\/produkt\\\/batterie-lith-portable-gys-batterie-lithium-power-pack-520\\\/#primaryimage\",\"url\":\"https:\\\/\\\/shop.bantam.ch\\\/wp-content\\\/uploads\\\/2023\\\/12\\\/vignette_produit-2.jpg\",\"contentUrl\":\"https:\\\/\\\/shop.bantam.ch\\\/wp-content\\\/uploads\\\/2023\\\/12\\\/vignette_produit-2.jpg\",\"width\":455,\"height\":460},{\"@type\":\"BreadcrumbList\",\"@id\":\"https:\\\/\\\/shop.bantam.ch\\\/de\\\/produkt\\\/batterie-lith-portable-gys-batterie-lithium-power-pack-520\\\/#breadcrumb\",\"itemListElement\":[{\"@type\":\"ListItem\",\"position\":1,\"name\":\"Accueil\",\"item\":\"https:\\\/\\\/shop.bantam.ch\\\/de\\\/\"},{\"@type\":\"ListItem\",\"position\":2,\"name\":\"Shop\",\"item\":\"https:\\\/\\\/shop.bantam.ch\\\/de\\\/shop\\\/\"},{\"@type\":\"ListItem\",\"position\":3,\"name\":\"Batterie Lith Portable GYS \\\/ Batterie Lithium Power pack 520\"}]},{\"@type\":\"WebSite\",\"@id\":\"https:\\\/\\\/shop.bantam.ch\\\/de\\\/#website\",\"url\":\"https:\\\/\\\/shop.bantam.ch\\\/de\\\/\",\"name\":\"Bantam Camping AG\",\"description\":\"\",\"publisher\":{\"@id\":\"https:\\\/\\\/shop.bantam.ch\\\/de\\\/#organization\"},\"inLanguage\":\"de\"},{\"@type\":\"Organization\",\"@id\":\"https:\\\/\\\/shop.bantam.ch\\\/de\\\/#organization\",\"name\":\"Bantam Camping AG\",\"url\":\"https:\\\/\\\/shop.bantam.ch\\\/de\\\/\",\"logo\":{\"@type\":\"ImageObject\",\"inLanguage\":\"de\",\"@id\":\"https:\\\/\\\/shop.bantam.ch\\\/de\\\/#\\\/schema\\\/logo\\\/image\\\/\",\"url\":\"https:\\\/\\\/shop.bantam.ch\\\/wp-content\\\/uploads\\\/2022\\\/12\\\/bantam-logo.png\",\"contentUrl\":\"https:\\\/\\\/shop.bantam.ch\\\/wp-content\\\/uploads\\\/2022\\\/12\\\/bantam-logo.png\",\"width\":320,\"height\":71,\"caption\":\"Bantam Camping AG\"},\"image\":{\"@id\":\"https:\\\/\\\/shop.bantam.ch\\\/de\\\/#\\\/schema\\\/logo\\\/image\\\/\"}}]}<\/script>\n<!-- \/ Yoast SEO plugin. -->","yoast_head_json":{"title":"Batterie Lith Portable GYS \/ Batterie Lithium Power pack 520 - Bantam Camping AG","robots":{"index":"index","follow":"follow","max-snippet":"max-snippet:-1","max-image-preview":"max-image-preview:large","max-video-preview":"max-video-preview:-1"},"canonical":"https:\/\/shop.bantam.ch\/de\/produkt\/batterie-lith-portable-gys-batterie-lithium-power-pack-520\/","og_locale":"de_DE","og_type":"article","og_title":"Batterie Lith Portable GYS \/ Batterie Lithium Power pack 520 - Bantam Camping AG","og_description":"Aufladen auf 3 Arten m\u00f6glich: 230-V-Ladeger\u00e4t &#8211; USB Typ-C &#8211; Solar, damit die Station immer einsatzbereit ist. Schutz vor Kurzschl\u00fcssen, \u00dcberstrom, \u00dcberspannung, Unterspannung, \u00dcberladung und \u00dcberhitzung. Anschl\u00fcsse: 12-V-Zigarettenanz\u00fcnderausgang, 12-V-Ausgang &#8211; 10 A (x2), USB Typ-C Eingang\/Ausgang, USB Quick Charge Ausgang 5 V &#8211; 3 A \/ 9 V &#8211; 2 A \/ 12 V &#8211; [&hellip;]","og_url":"https:\/\/shop.bantam.ch\/de\/produkt\/batterie-lith-portable-gys-batterie-lithium-power-pack-520\/","og_site_name":"Bantam Camping AG","article_modified_time":"2026-04-17T20:51:44+00:00","og_image":[{"width":455,"height":460,"url":"https:\/\/shop.bantam.ch\/wp-content\/uploads\/2023\/12\/vignette_produit-2.jpg","type":"image\/jpeg"}],"twitter_card":"summary_large_image","twitter_misc":{"Gesch\u00e4tzte Lesezeit":"1\u00a0Minute"},"schema":{"@context":"https:\/\/schema.org","@graph":[{"@type":"WebPage","@id":"https:\/\/shop.bantam.ch\/de\/produkt\/batterie-lith-portable-gys-batterie-lithium-power-pack-520\/","url":"https:\/\/shop.bantam.ch\/de\/produkt\/batterie-lith-portable-gys-batterie-lithium-power-pack-520\/","name":"Batterie Lith Portable GYS \/ Batterie Lithium Power pack 520 - Bantam Camping AG","isPartOf":{"@id":"https:\/\/shop.bantam.ch\/de\/#website"},"primaryImageOfPage":{"@id":"https:\/\/shop.bantam.ch\/de\/produkt\/batterie-lith-portable-gys-batterie-lithium-power-pack-520\/#primaryimage"},"image":{"@id":"https:\/\/shop.bantam.ch\/de\/produkt\/batterie-lith-portable-gys-batterie-lithium-power-pack-520\/#primaryimage"},"thumbnailUrl":"https:\/\/shop.bantam.ch\/wp-content\/uploads\/2023\/12\/vignette_produit-2.jpg","datePublished":"2023-12-11T07:10:58+00:00","dateModified":"2026-04-17T20:51:44+00:00","breadcrumb":{"@id":"https:\/\/shop.bantam.ch\/de\/produkt\/batterie-lith-portable-gys-batterie-lithium-power-pack-520\/#breadcrumb"},"inLanguage":"de","potentialAction":[{"@type":"ReadAction","target":["https:\/\/shop.bantam.ch\/de\/produkt\/batterie-lith-portable-gys-batterie-lithium-power-pack-520\/"]}]},{"@type":"ImageObject","inLanguage":"de","@id":"https:\/\/shop.bantam.ch\/de\/produkt\/batterie-lith-portable-gys-batterie-lithium-power-pack-520\/#primaryimage","url":"https:\/\/shop.bantam.ch\/wp-content\/uploads\/2023\/12\/vignette_produit-2.jpg","contentUrl":"https:\/\/shop.bantam.ch\/wp-content\/uploads\/2023\/12\/vignette_produit-2.jpg","width":455,"height":460},{"@type":"BreadcrumbList","@id":"https:\/\/shop.bantam.ch\/de\/produkt\/batterie-lith-portable-gys-batterie-lithium-power-pack-520\/#breadcrumb","itemListElement":[{"@type":"ListItem","position":1,"name":"Accueil","item":"https:\/\/shop.bantam.ch\/de\/"},{"@type":"ListItem","position":2,"name":"Shop","item":"https:\/\/shop.bantam.ch\/de\/shop\/"},{"@type":"ListItem","position":3,"name":"Batterie Lith Portable GYS \/ Batterie Lithium Power pack 520"}]},{"@type":"WebSite","@id":"https:\/\/shop.bantam.ch\/de\/#website","url":"https:\/\/shop.bantam.ch\/de\/","name":"Bantam Camping AG","description":"","publisher":{"@id":"https:\/\/shop.bantam.ch\/de\/#organization"},"inLanguage":"de"},{"@type":"Organization","@id":"https:\/\/shop.bantam.ch\/de\/#organization","name":"Bantam Camping AG","url":"https:\/\/shop.bantam.ch\/de\/","logo":{"@type":"ImageObject","inLanguage":"de","@id":"https:\/\/shop.bantam.ch\/de\/#\/schema\/logo\/image\/","url":"https:\/\/shop.bantam.ch\/wp-content\/uploads\/2022\/12\/bantam-logo.png","contentUrl":"https:\/\/shop.bantam.ch\/wp-content\/uploads\/2022\/12\/bantam-logo.png","width":320,"height":71,"caption":"Bantam Camping AG"},"image":{"@id":"https:\/\/shop.bantam.ch\/de\/#\/schema\/logo\/image\/"}}]}},"_links":{"self":[{"href":"https:\/\/shop.bantam.ch\/de\/wp-json\/wp\/v2\/product\/188029","targetHints":{"allow":["GET"]}}],"collection":[{"href":"https:\/\/shop.bantam.ch\/de\/wp-json\/wp\/v2\/product"}],"about":[{"href":"https:\/\/shop.bantam.ch\/de\/wp-json\/wp\/v2\/types\/product"}],"wp:featuredmedia":[{"embeddable":true,"href":"https:\/\/shop.bantam.ch\/de\/wp-json\/wp\/v2\/media\/188035"}],"wp:attachment":[{"href":"https:\/\/shop.bantam.ch\/de\/wp-json\/wp\/v2\/media?parent=188029"}],"wp:term":[{"taxonomy":"product_featured_cat","embeddable":true,"href":"https:\/\/shop.bantam.ch\/de\/wp-json\/wp\/v2\/product_featured_cat?post=188029"},{"taxonomy":"product_brand","embeddable":true,"href":"https:\/\/shop.bantam.ch\/de\/wp-json\/wp\/v2\/product_brand?post=188029"},{"taxonomy":"product_cat","embeddable":true,"href":"https:\/\/shop.bantam.ch\/de\/wp-json\/wp\/v2\/product_cat?post=188029"},{"taxonomy":"product_tag","embeddable":true,"href":"https:\/\/shop.bantam.ch\/de\/wp-json\/wp\/v2\/product_tag?post=188029"}],"curies":[{"name":"wp","href":"https:\/\/api.w.org\/{rel}","templated":true}]}}