{"id":188025,"date":"2023-12-11T08:01:34","date_gmt":"2023-12-11T07:01:34","guid":{"rendered":"https:\/\/shop.bantam.ch\/produit\/automatisches-satellitenantennen-kit-as2-80-ssc-hd-mit-offset\/"},"modified":"2026-04-19T22:56:49","modified_gmt":"2026-04-19T20:56:49","slug":"automatisches-satellitenantennen-kit-as2-80-ssc-hd-mit-offset","status":"publish","type":"product","link":"https:\/\/shop.bantam.ch\/de\/produkt\/automatisches-satellitenantennen-kit-as2-80-ssc-hd-mit-offset\/","title":{"rendered":"Automatisches Satellitenantennen-Kit AS2 80 SSC HD mit Offset"},"content":{"rendered":"<p>Mit den Routern I-NET 151** (4G-LTE, Kategorie 6, Downstream bis zu 2,2 Gbps) oder I-NET 512** (4G-LTE Kategorie 20, 5G, Downstream bis zu 3,3 Gbps) kann Alden auf Wunsch Ihre Installation diagnostizieren und Ihnen technische Unterst\u00fctzung aus der Ferne bieten, wo immer Sie sind und wann immer Sie sie brauchen.<\/p>\n<p>(1): Die Abdeckung von 4G-LTE, 5G NSA\/SA ist europaweit und h\u00e4ngt von Ihrem Netzbetreiber und Vertrag ab. Der Empfang eines Netzes h\u00e4ngt von Ihrer geografischen Region, der Zugangsberechtigung und Ihrem Datenvertrag ab. Die Geschwindigkeit von 4G-LTE, 5G NSA\/SA an einem bestimmten Ort erfordert einen I-NET 151- oder I-NET 512-Router und h\u00e4ngt von vielen Faktoren ab, die nicht alle von Ihrem Betreiber kontrolliert werden k\u00f6nnen. ALDEN SAS kann keine Garantie f\u00fcr einen Mindestdurchsatz geben, der unter extrem ung\u00fcnstigen Bedingungen auch Null sein kann.<\/p>\n<p>(2): Lebenslange Garantie: Diese Garantie wird auf mechanische Teile (Platinen, Motoren, Getriebe) gew\u00e4hrt. Ausgenommen sind optische M\u00e4ngel, Elemente wie Endschalter, Verbindungspl\u00e4ttchen, Kabel, Abdeckungen, Dachdurchf\u00fchrungen.<\/p>\n<p>Ausgeschlossen sind Verschlei\u00dfteile. Nicht abgedeckt sind zuf\u00e4llige Ursachen, falsche Montage sowie unsachgem\u00e4\u00dfer Gebrauch. Die lebenslange Garantie ist an die R\u00fccksendung des Anmeldeformulars gebunden. Die gesetzliche Garantie bleibt von diesen Bestimmungen unber\u00fchrt. AS2@ 80 HD Platinium. B x T x H (cm): 73 x 77 x 21. Gewicht: 10,4 kg. Farbe: Grau.<\/p>\n<ul>\n<li>Modell: SSC HD<\/li>\n<li>Gr\u00f6\u00dfe: 80<\/li>\n<li>Farbe: Platinium<\/li>\n<li>Gr\u00f6\u00dfe: 80<\/li>\n<\/ul>\n","protected":false},"excerpt":{"rendered":"<p>Mit den Routern I-NET 151** (4G-LTE, Kategorie 6, Downstream bis zu 2,2 Gbps) oder I-NET 512** (4G-LTE Kategorie 20, 5G, Downstream bis zu 3,3 Gbps) kann Alden auf Wunsch Ihre Installation diagnostizieren und Ihnen technische Unterst\u00fctzung aus der Ferne bieten, wo immer Sie sind und wann immer Sie sie brauchen. (1): Die Abdeckung von 4G-LTE, [&hellip;]<\/p>\n","protected":false},"featured_media":188039,"template":"","meta":{"_acf_changed":false},"product_featured_cat":[],"product_brand":[3077],"product_cat":[4990],"product_tag":[],"class_list":{"0":"post-188025","1":"product","2":"type-product","3":"status-publish","4":"has-post-thumbnail","6":"product_brand-alden-de","7":"product_cat-antennen","9":"first","10":"instock","11":"taxable","12":"shipping-taxable","13":"purchasable","14":"product-type-simple"},"acf":[],"yoast_head":"<!-- This site is optimized with the Yoast SEO plugin v27.4 - https:\/\/yoast.com\/product\/yoast-seo-wordpress\/ -->\n<title>Automatisches Satellitenantennen-Kit AS2 80 SSC HD mit Offset - Bantam Camping AG<\/title>\n<meta name=\"robots\" content=\"index, follow, max-snippet:-1, max-image-preview:large, max-video-preview:-1\" \/>\n<link rel=\"canonical\" href=\"https:\/\/shop.bantam.ch\/de\/produkt\/automatisches-satellitenantennen-kit-as2-80-ssc-hd-mit-offset\/\" \/>\n<meta property=\"og:locale\" content=\"de_DE\" \/>\n<meta property=\"og:type\" content=\"article\" \/>\n<meta property=\"og:title\" content=\"Automatisches Satellitenantennen-Kit AS2 80 SSC HD mit Offset - Bantam Camping AG\" \/>\n<meta property=\"og:description\" content=\"Mit den Routern I-NET 151** (4G-LTE, Kategorie 6, Downstream bis zu 2,2 Gbps) oder I-NET 512** (4G-LTE Kategorie 20, 5G, Downstream bis zu 3,3 Gbps) kann Alden auf Wunsch Ihre Installation diagnostizieren und Ihnen technische Unterst\u00fctzung aus der Ferne bieten, wo immer Sie sind und wann immer Sie sie brauchen. (1): Die Abdeckung von 4G-LTE, [&hellip;]\" \/>\n<meta property=\"og:url\" content=\"https:\/\/shop.bantam.ch\/de\/produkt\/automatisches-satellitenantennen-kit-as2-80-ssc-hd-mit-offset\/\" \/>\n<meta property=\"og:site_name\" content=\"Bantam Camping AG\" \/>\n<meta property=\"article:modified_time\" content=\"2026-04-19T20:56:49+00:00\" \/>\n<meta property=\"og:image\" content=\"https:\/\/shop.bantam.ch\/wp-content\/uploads\/2023\/12\/vignette_produit-4.jpg\" \/>\n\t<meta property=\"og:image:width\" content=\"455\" \/>\n\t<meta property=\"og:image:height\" content=\"460\" \/>\n\t<meta property=\"og:image:type\" content=\"image\/jpeg\" \/>\n<meta name=\"twitter:card\" content=\"summary_large_image\" \/>\n<meta name=\"twitter:label1\" content=\"Gesch\u00e4tzte Lesezeit\" \/>\n\t<meta name=\"twitter:data1\" content=\"1\u00a0Minute\" \/>\n<script type=\"application\/ld+json\" class=\"yoast-schema-graph\">{\"@context\":\"https:\\\/\\\/schema.org\",\"@graph\":[{\"@type\":\"WebPage\",\"@id\":\"https:\\\/\\\/shop.bantam.ch\\\/de\\\/produkt\\\/automatisches-satellitenantennen-kit-as2-80-ssc-hd-mit-offset\\\/\",\"url\":\"https:\\\/\\\/shop.bantam.ch\\\/de\\\/produkt\\\/automatisches-satellitenantennen-kit-as2-80-ssc-hd-mit-offset\\\/\",\"name\":\"Automatisches Satellitenantennen-Kit AS2 80 SSC HD mit Offset - Bantam Camping AG\",\"isPartOf\":{\"@id\":\"https:\\\/\\\/shop.bantam.ch\\\/de\\\/#website\"},\"primaryImageOfPage\":{\"@id\":\"https:\\\/\\\/shop.bantam.ch\\\/de\\\/produkt\\\/automatisches-satellitenantennen-kit-as2-80-ssc-hd-mit-offset\\\/#primaryimage\"},\"image\":{\"@id\":\"https:\\\/\\\/shop.bantam.ch\\\/de\\\/produkt\\\/automatisches-satellitenantennen-kit-as2-80-ssc-hd-mit-offset\\\/#primaryimage\"},\"thumbnailUrl\":\"https:\\\/\\\/shop.bantam.ch\\\/wp-content\\\/uploads\\\/2023\\\/12\\\/vignette_produit-4.jpg\",\"datePublished\":\"2023-12-11T07:01:34+00:00\",\"dateModified\":\"2026-04-19T20:56:49+00:00\",\"breadcrumb\":{\"@id\":\"https:\\\/\\\/shop.bantam.ch\\\/de\\\/produkt\\\/automatisches-satellitenantennen-kit-as2-80-ssc-hd-mit-offset\\\/#breadcrumb\"},\"inLanguage\":\"de\",\"potentialAction\":[{\"@type\":\"ReadAction\",\"target\":[\"https:\\\/\\\/shop.bantam.ch\\\/de\\\/produkt\\\/automatisches-satellitenantennen-kit-as2-80-ssc-hd-mit-offset\\\/\"]}]},{\"@type\":\"ImageObject\",\"inLanguage\":\"de\",\"@id\":\"https:\\\/\\\/shop.bantam.ch\\\/de\\\/produkt\\\/automatisches-satellitenantennen-kit-as2-80-ssc-hd-mit-offset\\\/#primaryimage\",\"url\":\"https:\\\/\\\/shop.bantam.ch\\\/wp-content\\\/uploads\\\/2023\\\/12\\\/vignette_produit-4.jpg\",\"contentUrl\":\"https:\\\/\\\/shop.bantam.ch\\\/wp-content\\\/uploads\\\/2023\\\/12\\\/vignette_produit-4.jpg\",\"width\":455,\"height\":460},{\"@type\":\"BreadcrumbList\",\"@id\":\"https:\\\/\\\/shop.bantam.ch\\\/de\\\/produkt\\\/automatisches-satellitenantennen-kit-as2-80-ssc-hd-mit-offset\\\/#breadcrumb\",\"itemListElement\":[{\"@type\":\"ListItem\",\"position\":1,\"name\":\"Accueil\",\"item\":\"https:\\\/\\\/shop.bantam.ch\\\/de\\\/\"},{\"@type\":\"ListItem\",\"position\":2,\"name\":\"Shop\",\"item\":\"https:\\\/\\\/shop.bantam.ch\\\/de\\\/shop\\\/\"},{\"@type\":\"ListItem\",\"position\":3,\"name\":\"Automatisches Satellitenantennen-Kit AS2 80 SSC HD mit Offset\"}]},{\"@type\":\"WebSite\",\"@id\":\"https:\\\/\\\/shop.bantam.ch\\\/de\\\/#website\",\"url\":\"https:\\\/\\\/shop.bantam.ch\\\/de\\\/\",\"name\":\"Bantam Camping AG\",\"description\":\"\",\"publisher\":{\"@id\":\"https:\\\/\\\/shop.bantam.ch\\\/de\\\/#organization\"},\"inLanguage\":\"de\"},{\"@type\":\"Organization\",\"@id\":\"https:\\\/\\\/shop.bantam.ch\\\/de\\\/#organization\",\"name\":\"Bantam Camping AG\",\"url\":\"https:\\\/\\\/shop.bantam.ch\\\/de\\\/\",\"logo\":{\"@type\":\"ImageObject\",\"inLanguage\":\"de\",\"@id\":\"https:\\\/\\\/shop.bantam.ch\\\/de\\\/#\\\/schema\\\/logo\\\/image\\\/\",\"url\":\"https:\\\/\\\/shop.bantam.ch\\\/wp-content\\\/uploads\\\/2022\\\/12\\\/bantam-logo.png\",\"contentUrl\":\"https:\\\/\\\/shop.bantam.ch\\\/wp-content\\\/uploads\\\/2022\\\/12\\\/bantam-logo.png\",\"width\":320,\"height\":71,\"caption\":\"Bantam Camping AG\"},\"image\":{\"@id\":\"https:\\\/\\\/shop.bantam.ch\\\/de\\\/#\\\/schema\\\/logo\\\/image\\\/\"}}]}<\/script>\n<!-- \/ Yoast SEO plugin. -->","yoast_head_json":{"title":"Automatisches Satellitenantennen-Kit AS2 80 SSC HD mit Offset - Bantam Camping AG","robots":{"index":"index","follow":"follow","max-snippet":"max-snippet:-1","max-image-preview":"max-image-preview:large","max-video-preview":"max-video-preview:-1"},"canonical":"https:\/\/shop.bantam.ch\/de\/produkt\/automatisches-satellitenantennen-kit-as2-80-ssc-hd-mit-offset\/","og_locale":"de_DE","og_type":"article","og_title":"Automatisches Satellitenantennen-Kit AS2 80 SSC HD mit Offset - Bantam Camping AG","og_description":"Mit den Routern I-NET 151** (4G-LTE, Kategorie 6, Downstream bis zu 2,2 Gbps) oder I-NET 512** (4G-LTE Kategorie 20, 5G, Downstream bis zu 3,3 Gbps) kann Alden auf Wunsch Ihre Installation diagnostizieren und Ihnen technische Unterst\u00fctzung aus der Ferne bieten, wo immer Sie sind und wann immer Sie sie brauchen. (1): Die Abdeckung von 4G-LTE, [&hellip;]","og_url":"https:\/\/shop.bantam.ch\/de\/produkt\/automatisches-satellitenantennen-kit-as2-80-ssc-hd-mit-offset\/","og_site_name":"Bantam Camping AG","article_modified_time":"2026-04-19T20:56:49+00:00","og_image":[{"width":455,"height":460,"url":"https:\/\/shop.bantam.ch\/wp-content\/uploads\/2023\/12\/vignette_produit-4.jpg","type":"image\/jpeg"}],"twitter_card":"summary_large_image","twitter_misc":{"Gesch\u00e4tzte Lesezeit":"1\u00a0Minute"},"schema":{"@context":"https:\/\/schema.org","@graph":[{"@type":"WebPage","@id":"https:\/\/shop.bantam.ch\/de\/produkt\/automatisches-satellitenantennen-kit-as2-80-ssc-hd-mit-offset\/","url":"https:\/\/shop.bantam.ch\/de\/produkt\/automatisches-satellitenantennen-kit-as2-80-ssc-hd-mit-offset\/","name":"Automatisches Satellitenantennen-Kit AS2 80 SSC HD mit Offset - Bantam Camping AG","isPartOf":{"@id":"https:\/\/shop.bantam.ch\/de\/#website"},"primaryImageOfPage":{"@id":"https:\/\/shop.bantam.ch\/de\/produkt\/automatisches-satellitenantennen-kit-as2-80-ssc-hd-mit-offset\/#primaryimage"},"image":{"@id":"https:\/\/shop.bantam.ch\/de\/produkt\/automatisches-satellitenantennen-kit-as2-80-ssc-hd-mit-offset\/#primaryimage"},"thumbnailUrl":"https:\/\/shop.bantam.ch\/wp-content\/uploads\/2023\/12\/vignette_produit-4.jpg","datePublished":"2023-12-11T07:01:34+00:00","dateModified":"2026-04-19T20:56:49+00:00","breadcrumb":{"@id":"https:\/\/shop.bantam.ch\/de\/produkt\/automatisches-satellitenantennen-kit-as2-80-ssc-hd-mit-offset\/#breadcrumb"},"inLanguage":"de","potentialAction":[{"@type":"ReadAction","target":["https:\/\/shop.bantam.ch\/de\/produkt\/automatisches-satellitenantennen-kit-as2-80-ssc-hd-mit-offset\/"]}]},{"@type":"ImageObject","inLanguage":"de","@id":"https:\/\/shop.bantam.ch\/de\/produkt\/automatisches-satellitenantennen-kit-as2-80-ssc-hd-mit-offset\/#primaryimage","url":"https:\/\/shop.bantam.ch\/wp-content\/uploads\/2023\/12\/vignette_produit-4.jpg","contentUrl":"https:\/\/shop.bantam.ch\/wp-content\/uploads\/2023\/12\/vignette_produit-4.jpg","width":455,"height":460},{"@type":"BreadcrumbList","@id":"https:\/\/shop.bantam.ch\/de\/produkt\/automatisches-satellitenantennen-kit-as2-80-ssc-hd-mit-offset\/#breadcrumb","itemListElement":[{"@type":"ListItem","position":1,"name":"Accueil","item":"https:\/\/shop.bantam.ch\/de\/"},{"@type":"ListItem","position":2,"name":"Shop","item":"https:\/\/shop.bantam.ch\/de\/shop\/"},{"@type":"ListItem","position":3,"name":"Automatisches Satellitenantennen-Kit AS2 80 SSC HD mit Offset"}]},{"@type":"WebSite","@id":"https:\/\/shop.bantam.ch\/de\/#website","url":"https:\/\/shop.bantam.ch\/de\/","name":"Bantam Camping AG","description":"","publisher":{"@id":"https:\/\/shop.bantam.ch\/de\/#organization"},"inLanguage":"de"},{"@type":"Organization","@id":"https:\/\/shop.bantam.ch\/de\/#organization","name":"Bantam Camping AG","url":"https:\/\/shop.bantam.ch\/de\/","logo":{"@type":"ImageObject","inLanguage":"de","@id":"https:\/\/shop.bantam.ch\/de\/#\/schema\/logo\/image\/","url":"https:\/\/shop.bantam.ch\/wp-content\/uploads\/2022\/12\/bantam-logo.png","contentUrl":"https:\/\/shop.bantam.ch\/wp-content\/uploads\/2022\/12\/bantam-logo.png","width":320,"height":71,"caption":"Bantam Camping AG"},"image":{"@id":"https:\/\/shop.bantam.ch\/de\/#\/schema\/logo\/image\/"}}]}},"_links":{"self":[{"href":"https:\/\/shop.bantam.ch\/de\/wp-json\/wp\/v2\/product\/188025","targetHints":{"allow":["GET"]}}],"collection":[{"href":"https:\/\/shop.bantam.ch\/de\/wp-json\/wp\/v2\/product"}],"about":[{"href":"https:\/\/shop.bantam.ch\/de\/wp-json\/wp\/v2\/types\/product"}],"wp:featuredmedia":[{"embeddable":true,"href":"https:\/\/shop.bantam.ch\/de\/wp-json\/wp\/v2\/media\/188039"}],"wp:attachment":[{"href":"https:\/\/shop.bantam.ch\/de\/wp-json\/wp\/v2\/media?parent=188025"}],"wp:term":[{"taxonomy":"product_featured_cat","embeddable":true,"href":"https:\/\/shop.bantam.ch\/de\/wp-json\/wp\/v2\/product_featured_cat?post=188025"},{"taxonomy":"product_brand","embeddable":true,"href":"https:\/\/shop.bantam.ch\/de\/wp-json\/wp\/v2\/product_brand?post=188025"},{"taxonomy":"product_cat","embeddable":true,"href":"https:\/\/shop.bantam.ch\/de\/wp-json\/wp\/v2\/product_cat?post=188025"},{"taxonomy":"product_tag","embeddable":true,"href":"https:\/\/shop.bantam.ch\/de\/wp-json\/wp\/v2\/product_tag?post=188025"}],"curies":[{"name":"wp","href":"https:\/\/api.w.org\/{rel}","templated":true}]}}