{"id":187983,"date":"2023-12-09T15:27:10","date_gmt":"2023-12-09T14:27:10","guid":{"rendered":"https:\/\/shop.bantam.ch\/produit\/campingfuehrer-deutschland-acsi-2024\/"},"modified":"2026-04-18T22:54:12","modified_gmt":"2026-04-18T20:54:12","slug":"campingfuehrer-deutschland-acsi-2024","status":"publish","type":"product","link":"https:\/\/shop.bantam.ch\/de\/produkt\/campingfuehrer-deutschland-acsi-2024\/","title":{"rendered":"Campingf\u00fchrer Deutschland ACSI 2024"},"content":{"rendered":"<p>ACSI Campingf\u00fchrer Deutschland 2024<\/p>\n<p>Finden Sie Ihren idealen Campingplatz in Deutschland und den angrenzenden L\u00e4ndern!<\/p>\n<ul>\n<li>\u00dcber 2 500 Campingpl\u00e4tze in Deutschland, der Schweiz, \u00d6sterreich, D\u00e4nemark, den Niederlanden, Belgien und Luxemburg<\/li>\n<li>Alle Campingpl\u00e4tze werden j\u00e4hrlich inspiziert<\/li>\n<li>Zuverl\u00e4ssige und aktuelle Informationen<\/li>\n<li>Inklusive Erm\u00e4\u00dfigungskarte f\u00fcr die Nebensaison: CampingCard ACSI&nbsp;<\/li>\n<\/ul>\n<p><strong>Entdecken Sie die sch\u00f6nsten Campingpl\u00e4tze in Deutschland und seinen Nachbarl\u00e4ndern!<\/strong><br \/>\nF\u00fcr einen sch\u00f6nen Urlaub braucht man nicht immer in die Ferne zu reisen. Auch in Deutschland und bei den Nachbarn gibt es viel zu entdecken. Von der Nordseek\u00fcste in Holland und Belgien bis zum Schwarzwald, von den Alpen in \u00d6sterreich und der Schweiz bis zu den Ostseestr\u00e4nden im hohen Norden. Wohin Sie auch fahren m\u00f6chten, mit dem ACSI Campingf\u00fchrer Deutschland finden Sie immer die besten Campingpl\u00e4tze.<br \/>\nDieser Campingf\u00fchrer enth\u00e4lt umfangreiche Informationen zu nicht weniger als 2 500 Campingpl\u00e4tzen in Deutschland, der Schweiz, \u00d6sterreich, D\u00e4nemark, den Niederlanden, Belgien und Luxemburg. Er ist \u00e4u\u00dferst n\u00fctzlich, um sich zu Hause auf Ihren Campingurlaub vorzubereiten und eignet sich auch ideal f\u00fcr unterwegs. Welches Ziel Sie auch ansteuern, mit dieser \u00dcbersicht haben Sie jederzeit alle relevanten Infos zur Hand. Alle Campingpl\u00e4tze in diesem Campingf\u00fchrer werden j\u00e4hrlich von geschulten Inspektoren auf 200 Einrichtungen gepr\u00fcft. So gew\u00e4hrleisten wir vollst\u00e4ndige und zuverl\u00e4ssige Informationen, mit denen Sie sich sorglos auf den Weg machen k\u00f6nnen!<\/p>\n<p><strong>Wie funktioniert die CampingCard ACSI-Erm\u00e4\u00dfigungskarte?<\/strong><br \/>\nMit der CampingCard ACSI-Erm\u00e4\u00dfigungskarte \u00fcbernachten Sie in der Nebensaison auf 3 000 Campingpl\u00e4tzen in Europa zu einem festen Niedrigtarif (15, 17, 19, 21, 23, 25 oder 27 Euro pro Nacht). Die Rabattkarte liegt dem Campingf\u00fchrer bei und ist mit einem QR-Code versehen. \u00dcber den QR-Code k\u00f6nnen Sie Ihre Erm\u00e4\u00dfigungskarte online registrieren. Wenn Sie das getan haben, kann der Campingplatz Ihre Rabattkarte einscannen und Sie k\u00f6nnen besonders schnell einchecken. Zudem k\u00f6nnen Sie die R\u00fcckseite der Erm\u00e4\u00dfigungskarte mit Ihren Daten versehen. Der Campingplatz kann diese dann manuell \u00fcbertragen.<br \/>\nBei Vorlage einer g\u00fcltigen Erm\u00e4\u00dfigungskarte berechnen die teilnehmenden Campingpl\u00e4tze den besonders g\u00fcnstigen Tarif f\u00fcr zwei Personen. So einfach geht&#8217;s! Die teilnehmenden Campingpl\u00e4tze aus den L\u00e4ndern, die im ACSI Campingf\u00fchrer Deutschland aufgef\u00fchrt sind, finden Sie im Campingf\u00fchrer. Sie sind mit dem blauen &nbsp;-Logo versehen. Teilnehmende Campingpl\u00e4tze aus anderen L\u00e4ndern finden Sie auf campingcard.com\/de. Hier gibt es auch die genauen Akzeptanzzeitr\u00e4ume pro Campingplatz und weitere Informationen zur CampingCard ACSI.<\/p>\n<p>Lieferumfang:<br \/>\nInklusive ACSI Campingf\u00fchrer Deutschland 2024<br \/>\nKarte mit Campingpl\u00e4tzen f\u00fcr die Durchreise<br \/>\nCampingCard ACSI-Erm\u00e4\u00dfigungskarte 2024 ( i.W.v. 21,95 \u20ac)*<\/p>\n","protected":false},"excerpt":{"rendered":"<p>ACSI Campingf\u00fchrer Deutschland 2024 Finden Sie Ihren idealen Campingplatz in Deutschland und den angrenzenden L\u00e4ndern! \u00dcber 2 500 Campingpl\u00e4tze in Deutschland, der Schweiz, \u00d6sterreich, D\u00e4nemark, den Niederlanden, Belgien und Luxemburg Alle Campingpl\u00e4tze werden j\u00e4hrlich inspiziert Zuverl\u00e4ssige und aktuelle Informationen Inklusive Erm\u00e4\u00dfigungskarte f\u00fcr die Nebensaison: CampingCard ACSI&nbsp; Entdecken Sie die sch\u00f6nsten Campingpl\u00e4tze in Deutschland und seinen [&hellip;]<\/p>\n","protected":false},"featured_media":187981,"template":"","meta":{"_acf_changed":false},"product_featured_cat":[],"product_brand":[3627],"product_cat":[4346],"product_tag":[],"class_list":{"0":"post-187983","1":"product","2":"type-product","3":"status-publish","4":"has-post-thumbnail","6":"product_brand-acsi-de","7":"product_cat-stellplatzfuehrer","9":"first","10":"instock","11":"taxable","12":"shipping-taxable","13":"purchasable","14":"product-type-simple"},"acf":[],"yoast_head":"<!-- This site is optimized with the Yoast SEO plugin v27.4 - https:\/\/yoast.com\/product\/yoast-seo-wordpress\/ -->\n<title>Campingf\u00fchrer Deutschland ACSI 2024 - Bantam Camping AG<\/title>\n<meta name=\"robots\" content=\"index, follow, max-snippet:-1, max-image-preview:large, max-video-preview:-1\" \/>\n<link rel=\"canonical\" href=\"https:\/\/shop.bantam.ch\/de\/produkt\/campingfuehrer-deutschland-acsi-2024\/\" \/>\n<meta property=\"og:locale\" content=\"de_DE\" \/>\n<meta property=\"og:type\" content=\"article\" \/>\n<meta property=\"og:title\" content=\"Campingf\u00fchrer Deutschland ACSI 2024 - Bantam Camping AG\" \/>\n<meta property=\"og:description\" content=\"ACSI Campingf\u00fchrer Deutschland 2024 Finden Sie Ihren idealen Campingplatz in Deutschland und den angrenzenden L\u00e4ndern! \u00dcber 2 500 Campingpl\u00e4tze in Deutschland, der Schweiz, \u00d6sterreich, D\u00e4nemark, den Niederlanden, Belgien und Luxemburg Alle Campingpl\u00e4tze werden j\u00e4hrlich inspiziert Zuverl\u00e4ssige und aktuelle Informationen Inklusive Erm\u00e4\u00dfigungskarte f\u00fcr die Nebensaison: CampingCard ACSI&nbsp; Entdecken Sie die sch\u00f6nsten Campingpl\u00e4tze in Deutschland und seinen [&hellip;]\" \/>\n<meta property=\"og:url\" content=\"https:\/\/shop.bantam.ch\/de\/produkt\/campingfuehrer-deutschland-acsi-2024\/\" \/>\n<meta property=\"og:site_name\" content=\"Bantam Camping AG\" \/>\n<meta property=\"article:modified_time\" content=\"2026-04-18T20:54:12+00:00\" \/>\n<meta property=\"og:image\" content=\"https:\/\/shop.bantam.ch\/wp-content\/uploads\/2023\/12\/Movera-L-9962057.jpg\" \/>\n\t<meta property=\"og:image:width\" content=\"640\" \/>\n\t<meta property=\"og:image:height\" content=\"873\" \/>\n\t<meta property=\"og:image:type\" content=\"image\/jpeg\" \/>\n<meta name=\"twitter:card\" content=\"summary_large_image\" \/>\n<meta name=\"twitter:label1\" content=\"Gesch\u00e4tzte Lesezeit\" \/>\n\t<meta name=\"twitter:data1\" content=\"2\u00a0Minuten\" \/>\n<script type=\"application\/ld+json\" class=\"yoast-schema-graph\">{\"@context\":\"https:\\\/\\\/schema.org\",\"@graph\":[{\"@type\":\"WebPage\",\"@id\":\"https:\\\/\\\/shop.bantam.ch\\\/de\\\/produkt\\\/campingfuehrer-deutschland-acsi-2024\\\/\",\"url\":\"https:\\\/\\\/shop.bantam.ch\\\/de\\\/produkt\\\/campingfuehrer-deutschland-acsi-2024\\\/\",\"name\":\"Campingf\u00fchrer Deutschland ACSI 2024 - Bantam Camping AG\",\"isPartOf\":{\"@id\":\"https:\\\/\\\/shop.bantam.ch\\\/de\\\/#website\"},\"primaryImageOfPage\":{\"@id\":\"https:\\\/\\\/shop.bantam.ch\\\/de\\\/produkt\\\/campingfuehrer-deutschland-acsi-2024\\\/#primaryimage\"},\"image\":{\"@id\":\"https:\\\/\\\/shop.bantam.ch\\\/de\\\/produkt\\\/campingfuehrer-deutschland-acsi-2024\\\/#primaryimage\"},\"thumbnailUrl\":\"https:\\\/\\\/shop.bantam.ch\\\/wp-content\\\/uploads\\\/2023\\\/12\\\/Movera-L-9962057.jpg\",\"datePublished\":\"2023-12-09T14:27:10+00:00\",\"dateModified\":\"2026-04-18T20:54:12+00:00\",\"breadcrumb\":{\"@id\":\"https:\\\/\\\/shop.bantam.ch\\\/de\\\/produkt\\\/campingfuehrer-deutschland-acsi-2024\\\/#breadcrumb\"},\"inLanguage\":\"de\",\"potentialAction\":[{\"@type\":\"ReadAction\",\"target\":[\"https:\\\/\\\/shop.bantam.ch\\\/de\\\/produkt\\\/campingfuehrer-deutschland-acsi-2024\\\/\"]}]},{\"@type\":\"ImageObject\",\"inLanguage\":\"de\",\"@id\":\"https:\\\/\\\/shop.bantam.ch\\\/de\\\/produkt\\\/campingfuehrer-deutschland-acsi-2024\\\/#primaryimage\",\"url\":\"https:\\\/\\\/shop.bantam.ch\\\/wp-content\\\/uploads\\\/2023\\\/12\\\/Movera-L-9962057.jpg\",\"contentUrl\":\"https:\\\/\\\/shop.bantam.ch\\\/wp-content\\\/uploads\\\/2023\\\/12\\\/Movera-L-9962057.jpg\",\"width\":640,\"height\":873},{\"@type\":\"BreadcrumbList\",\"@id\":\"https:\\\/\\\/shop.bantam.ch\\\/de\\\/produkt\\\/campingfuehrer-deutschland-acsi-2024\\\/#breadcrumb\",\"itemListElement\":[{\"@type\":\"ListItem\",\"position\":1,\"name\":\"Accueil\",\"item\":\"https:\\\/\\\/shop.bantam.ch\\\/de\\\/\"},{\"@type\":\"ListItem\",\"position\":2,\"name\":\"Shop\",\"item\":\"https:\\\/\\\/shop.bantam.ch\\\/de\\\/shop\\\/\"},{\"@type\":\"ListItem\",\"position\":3,\"name\":\"Campingf\u00fchrer Deutschland ACSI 2024\"}]},{\"@type\":\"WebSite\",\"@id\":\"https:\\\/\\\/shop.bantam.ch\\\/de\\\/#website\",\"url\":\"https:\\\/\\\/shop.bantam.ch\\\/de\\\/\",\"name\":\"Bantam Camping AG\",\"description\":\"\",\"publisher\":{\"@id\":\"https:\\\/\\\/shop.bantam.ch\\\/de\\\/#organization\"},\"inLanguage\":\"de\"},{\"@type\":\"Organization\",\"@id\":\"https:\\\/\\\/shop.bantam.ch\\\/de\\\/#organization\",\"name\":\"Bantam Camping AG\",\"url\":\"https:\\\/\\\/shop.bantam.ch\\\/de\\\/\",\"logo\":{\"@type\":\"ImageObject\",\"inLanguage\":\"de\",\"@id\":\"https:\\\/\\\/shop.bantam.ch\\\/de\\\/#\\\/schema\\\/logo\\\/image\\\/\",\"url\":\"https:\\\/\\\/shop.bantam.ch\\\/wp-content\\\/uploads\\\/2022\\\/12\\\/bantam-logo.png\",\"contentUrl\":\"https:\\\/\\\/shop.bantam.ch\\\/wp-content\\\/uploads\\\/2022\\\/12\\\/bantam-logo.png\",\"width\":320,\"height\":71,\"caption\":\"Bantam Camping AG\"},\"image\":{\"@id\":\"https:\\\/\\\/shop.bantam.ch\\\/de\\\/#\\\/schema\\\/logo\\\/image\\\/\"}}]}<\/script>\n<!-- \/ Yoast SEO plugin. -->","yoast_head_json":{"title":"Campingf\u00fchrer Deutschland ACSI 2024 - Bantam Camping AG","robots":{"index":"index","follow":"follow","max-snippet":"max-snippet:-1","max-image-preview":"max-image-preview:large","max-video-preview":"max-video-preview:-1"},"canonical":"https:\/\/shop.bantam.ch\/de\/produkt\/campingfuehrer-deutschland-acsi-2024\/","og_locale":"de_DE","og_type":"article","og_title":"Campingf\u00fchrer Deutschland ACSI 2024 - Bantam Camping AG","og_description":"ACSI Campingf\u00fchrer Deutschland 2024 Finden Sie Ihren idealen Campingplatz in Deutschland und den angrenzenden L\u00e4ndern! \u00dcber 2 500 Campingpl\u00e4tze in Deutschland, der Schweiz, \u00d6sterreich, D\u00e4nemark, den Niederlanden, Belgien und Luxemburg Alle Campingpl\u00e4tze werden j\u00e4hrlich inspiziert Zuverl\u00e4ssige und aktuelle Informationen Inklusive Erm\u00e4\u00dfigungskarte f\u00fcr die Nebensaison: CampingCard ACSI&nbsp; Entdecken Sie die sch\u00f6nsten Campingpl\u00e4tze in Deutschland und seinen [&hellip;]","og_url":"https:\/\/shop.bantam.ch\/de\/produkt\/campingfuehrer-deutschland-acsi-2024\/","og_site_name":"Bantam Camping AG","article_modified_time":"2026-04-18T20:54:12+00:00","og_image":[{"width":640,"height":873,"url":"https:\/\/shop.bantam.ch\/wp-content\/uploads\/2023\/12\/Movera-L-9962057.jpg","type":"image\/jpeg"}],"twitter_card":"summary_large_image","twitter_misc":{"Gesch\u00e4tzte Lesezeit":"2\u00a0Minuten"},"schema":{"@context":"https:\/\/schema.org","@graph":[{"@type":"WebPage","@id":"https:\/\/shop.bantam.ch\/de\/produkt\/campingfuehrer-deutschland-acsi-2024\/","url":"https:\/\/shop.bantam.ch\/de\/produkt\/campingfuehrer-deutschland-acsi-2024\/","name":"Campingf\u00fchrer Deutschland ACSI 2024 - Bantam Camping AG","isPartOf":{"@id":"https:\/\/shop.bantam.ch\/de\/#website"},"primaryImageOfPage":{"@id":"https:\/\/shop.bantam.ch\/de\/produkt\/campingfuehrer-deutschland-acsi-2024\/#primaryimage"},"image":{"@id":"https:\/\/shop.bantam.ch\/de\/produkt\/campingfuehrer-deutschland-acsi-2024\/#primaryimage"},"thumbnailUrl":"https:\/\/shop.bantam.ch\/wp-content\/uploads\/2023\/12\/Movera-L-9962057.jpg","datePublished":"2023-12-09T14:27:10+00:00","dateModified":"2026-04-18T20:54:12+00:00","breadcrumb":{"@id":"https:\/\/shop.bantam.ch\/de\/produkt\/campingfuehrer-deutschland-acsi-2024\/#breadcrumb"},"inLanguage":"de","potentialAction":[{"@type":"ReadAction","target":["https:\/\/shop.bantam.ch\/de\/produkt\/campingfuehrer-deutschland-acsi-2024\/"]}]},{"@type":"ImageObject","inLanguage":"de","@id":"https:\/\/shop.bantam.ch\/de\/produkt\/campingfuehrer-deutschland-acsi-2024\/#primaryimage","url":"https:\/\/shop.bantam.ch\/wp-content\/uploads\/2023\/12\/Movera-L-9962057.jpg","contentUrl":"https:\/\/shop.bantam.ch\/wp-content\/uploads\/2023\/12\/Movera-L-9962057.jpg","width":640,"height":873},{"@type":"BreadcrumbList","@id":"https:\/\/shop.bantam.ch\/de\/produkt\/campingfuehrer-deutschland-acsi-2024\/#breadcrumb","itemListElement":[{"@type":"ListItem","position":1,"name":"Accueil","item":"https:\/\/shop.bantam.ch\/de\/"},{"@type":"ListItem","position":2,"name":"Shop","item":"https:\/\/shop.bantam.ch\/de\/shop\/"},{"@type":"ListItem","position":3,"name":"Campingf\u00fchrer Deutschland ACSI 2024"}]},{"@type":"WebSite","@id":"https:\/\/shop.bantam.ch\/de\/#website","url":"https:\/\/shop.bantam.ch\/de\/","name":"Bantam Camping AG","description":"","publisher":{"@id":"https:\/\/shop.bantam.ch\/de\/#organization"},"inLanguage":"de"},{"@type":"Organization","@id":"https:\/\/shop.bantam.ch\/de\/#organization","name":"Bantam Camping AG","url":"https:\/\/shop.bantam.ch\/de\/","logo":{"@type":"ImageObject","inLanguage":"de","@id":"https:\/\/shop.bantam.ch\/de\/#\/schema\/logo\/image\/","url":"https:\/\/shop.bantam.ch\/wp-content\/uploads\/2022\/12\/bantam-logo.png","contentUrl":"https:\/\/shop.bantam.ch\/wp-content\/uploads\/2022\/12\/bantam-logo.png","width":320,"height":71,"caption":"Bantam Camping AG"},"image":{"@id":"https:\/\/shop.bantam.ch\/de\/#\/schema\/logo\/image\/"}}]}},"_links":{"self":[{"href":"https:\/\/shop.bantam.ch\/de\/wp-json\/wp\/v2\/product\/187983","targetHints":{"allow":["GET"]}}],"collection":[{"href":"https:\/\/shop.bantam.ch\/de\/wp-json\/wp\/v2\/product"}],"about":[{"href":"https:\/\/shop.bantam.ch\/de\/wp-json\/wp\/v2\/types\/product"}],"wp:featuredmedia":[{"embeddable":true,"href":"https:\/\/shop.bantam.ch\/de\/wp-json\/wp\/v2\/media\/187981"}],"wp:attachment":[{"href":"https:\/\/shop.bantam.ch\/de\/wp-json\/wp\/v2\/media?parent=187983"}],"wp:term":[{"taxonomy":"product_featured_cat","embeddable":true,"href":"https:\/\/shop.bantam.ch\/de\/wp-json\/wp\/v2\/product_featured_cat?post=187983"},{"taxonomy":"product_brand","embeddable":true,"href":"https:\/\/shop.bantam.ch\/de\/wp-json\/wp\/v2\/product_brand?post=187983"},{"taxonomy":"product_cat","embeddable":true,"href":"https:\/\/shop.bantam.ch\/de\/wp-json\/wp\/v2\/product_cat?post=187983"},{"taxonomy":"product_tag","embeddable":true,"href":"https:\/\/shop.bantam.ch\/de\/wp-json\/wp\/v2\/product_tag?post=187983"}],"curies":[{"name":"wp","href":"https:\/\/api.w.org\/{rel}","templated":true}]}}