{"id":187979,"date":"2023-12-09T15:25:09","date_gmt":"2023-12-09T14:25:09","guid":{"rendered":"https:\/\/shop.bantam.ch\/produit\/acsi-campingfuehrer-europa-2024\/"},"modified":"2026-04-18T22:54:12","modified_gmt":"2026-04-18T20:54:12","slug":"acsi-campingfuehrer-europa-2024","status":"publish","type":"product","link":"https:\/\/shop.bantam.ch\/de\/produkt\/acsi-campingfuehrer-europa-2024\/","title":{"rendered":"Campingf\u00fchrer Europa ACSI 2024"},"content":{"rendered":"<p>ACSI Campingf\u00fchrer Europa 2024<\/p>\n<p>Finden Sie Ihren idealen Campingplatz in Europa!<\/p>\n<ul>\n<li>7 950 Campingpl\u00e4tze in 29 L\u00e4ndern<\/li>\n<li>Alle Campingpl\u00e4tze werden j\u00e4hrlich inspiziert&nbsp;<\/li>\n<li>Zuverl\u00e4ssige und aktuelle Informationen<\/li>\n<li>Inklusive CampingCard ACSI-Erm\u00e4\u00dfigungskarte f\u00fcr die Nebensaison<\/li>\n<\/ul>\n<p>&nbsp;<\/p>\n<p><strong>Der optimale Campingplatz f\u00fcr Ihren Urlaub<\/strong><br \/>\nM\u00f6chten Sie schnell und einfach einen Campingplatz finden, der all Ihren W\u00fcnschen entspricht? Das geht mit dem zweib\u00e4ndigen ACSI Campingf\u00fchrer Europa! In diesem ultimativen Campingf\u00fchrer finden Sie alles \u00fcber nicht weniger als 7 950 Campingpl\u00e4tze in 29 verschiedenen L\u00e4ndern. \u00c4u\u00dferst praktisch bei der Vorbereitung Ihres Campingurlaubs und ideal f\u00fcr Ihre Reise.<br \/>\nDenn wo Sie auch hin m\u00f6chten, mit dieser \u00dcbersicht haben Sie jederzeit alle Informationen zur Hand. Von der spanischen Costa bis zur italienischen Riviera, vom Bleder See in Slowenien bis zur Provence in Frankreich. Alle Pl\u00e4tze in diesem Campingf\u00fchrer werden j\u00e4hrlich von unseren Mitarbeitern auf \u00fcber 200 Einrichtungen inspiziert. So erhalten Sie vollst\u00e4ndige und zuverl\u00e4ssige Informationen, mit denen Sie sich sorgenfrei auf den Weg machen k\u00f6nnen!<\/p>\n<p><strong>Wie funktioniert die CampingCard ACSI-Erm\u00e4\u00dfigungskarte?<\/strong><br \/>\nMit der CampingCard ACSI-Erm\u00e4\u00dfigungskarte \u00fcbernachten Sie in der Nebensaison auf 3 000 Campingpl\u00e4tzen in Europa zu einem festen Niedrigtarif (15, 17, 19, 21, 23, 25 oder 27 Euro pro Nacht). Die Rabattkarte liegt dem Campingf\u00fchrer bei und ist mit einem QR-Code versehen. \u00dcber den QR-Code k\u00f6nnen Sie Ihre Erm\u00e4\u00dfigungskarte online registrieren. Wenn Sie das getan haben, kann der Campingplatz Ihre Rabattkarte einscannen und Sie k\u00f6nnen besonders schnell einchecken. Zudem k\u00f6nnen Sie die R\u00fcckseite der Erm\u00e4\u00dfigungskarte mit Ihren Daten versehen. Der Campingplatz kann diese dann manuell \u00fcbertragen.<br \/>\nBei Vorlage einer g\u00fcltigen Erm\u00e4\u00dfigungskarte berechnen die teilnehmenden Campingpl\u00e4tze den besonders g\u00fcnstigen Tarif f\u00fcr zwei Personen. So einfach geht&#8217;s! Die teilnehmenden Campingpl\u00e4tze und ihre Akzeptanzzeitr\u00e4ume finden Sie im ACSI Campingf\u00fchrer Europa. Sie sind mit dem blauen &nbsp;-Logo versehen.&nbsp;<\/p>\n<p>Lieferumfang:<br \/>\nInklusive ACSI Campingf\u00fchrer Europa 2024 (zweiteilig)<br \/>\nKarte mit Durchreise-Campingpl\u00e4tzen<br \/>\nCampingCard ACSI-Erm\u00e4\u00dfigungskarte 2024 (i.W.v. 21,95 \u20ac)<\/p>\n","protected":false},"excerpt":{"rendered":"<p>ACSI Campingf\u00fchrer Europa 2024 Finden Sie Ihren idealen Campingplatz in Europa! 7 950 Campingpl\u00e4tze in 29 L\u00e4ndern Alle Campingpl\u00e4tze werden j\u00e4hrlich inspiziert&nbsp; Zuverl\u00e4ssige und aktuelle Informationen Inklusive CampingCard ACSI-Erm\u00e4\u00dfigungskarte f\u00fcr die Nebensaison &nbsp; Der optimale Campingplatz f\u00fcr Ihren Urlaub M\u00f6chten Sie schnell und einfach einen Campingplatz finden, der all Ihren W\u00fcnschen entspricht? Das geht mit [&hellip;]<\/p>\n","protected":false},"featured_media":187977,"template":"","meta":{"_acf_changed":false},"product_featured_cat":[],"product_brand":[3627],"product_cat":[4346],"product_tag":[],"class_list":{"0":"post-187979","1":"product","2":"type-product","3":"status-publish","4":"has-post-thumbnail","6":"product_brand-acsi-de","7":"product_cat-stellplatzfuehrer","9":"first","10":"instock","11":"taxable","12":"shipping-taxable","13":"purchasable","14":"product-type-simple"},"acf":[],"yoast_head":"<!-- This site is optimized with the Yoast SEO plugin v27.4 - https:\/\/yoast.com\/product\/yoast-seo-wordpress\/ -->\n<title>Campingf\u00fchrer Europa ACSI 2024 - Bantam Camping AG<\/title>\n<meta name=\"robots\" content=\"index, follow, max-snippet:-1, max-image-preview:large, max-video-preview:-1\" \/>\n<link rel=\"canonical\" href=\"https:\/\/shop.bantam.ch\/de\/produkt\/acsi-campingfuehrer-europa-2024\/\" \/>\n<meta property=\"og:locale\" content=\"de_DE\" \/>\n<meta property=\"og:type\" content=\"article\" \/>\n<meta property=\"og:title\" content=\"Campingf\u00fchrer Europa ACSI 2024 - Bantam Camping AG\" \/>\n<meta property=\"og:description\" content=\"ACSI Campingf\u00fchrer Europa 2024 Finden Sie Ihren idealen Campingplatz in Europa! 7 950 Campingpl\u00e4tze in 29 L\u00e4ndern Alle Campingpl\u00e4tze werden j\u00e4hrlich inspiziert&nbsp; Zuverl\u00e4ssige und aktuelle Informationen Inklusive CampingCard ACSI-Erm\u00e4\u00dfigungskarte f\u00fcr die Nebensaison &nbsp; Der optimale Campingplatz f\u00fcr Ihren Urlaub M\u00f6chten Sie schnell und einfach einen Campingplatz finden, der all Ihren W\u00fcnschen entspricht? Das geht mit [&hellip;]\" \/>\n<meta property=\"og:url\" content=\"https:\/\/shop.bantam.ch\/de\/produkt\/acsi-campingfuehrer-europa-2024\/\" \/>\n<meta property=\"og:site_name\" content=\"Bantam Camping AG\" \/>\n<meta property=\"article:modified_time\" content=\"2026-04-18T20:54:12+00:00\" \/>\n<meta property=\"og:image\" content=\"https:\/\/shop.bantam.ch\/wp-content\/uploads\/2023\/12\/Movera-L-9962056.jpg\" \/>\n\t<meta property=\"og:image:width\" content=\"640\" \/>\n\t<meta property=\"og:image:height\" content=\"871\" \/>\n\t<meta property=\"og:image:type\" content=\"image\/jpeg\" \/>\n<meta name=\"twitter:card\" content=\"summary_large_image\" \/>\n<meta name=\"twitter:label1\" content=\"Gesch\u00e4tzte Lesezeit\" \/>\n\t<meta name=\"twitter:data1\" content=\"2\u00a0Minuten\" \/>\n<script type=\"application\/ld+json\" class=\"yoast-schema-graph\">{\"@context\":\"https:\\\/\\\/schema.org\",\"@graph\":[{\"@type\":\"WebPage\",\"@id\":\"https:\\\/\\\/shop.bantam.ch\\\/de\\\/produkt\\\/acsi-campingfuehrer-europa-2024\\\/\",\"url\":\"https:\\\/\\\/shop.bantam.ch\\\/de\\\/produkt\\\/acsi-campingfuehrer-europa-2024\\\/\",\"name\":\"Campingf\u00fchrer Europa ACSI 2024 - Bantam Camping AG\",\"isPartOf\":{\"@id\":\"https:\\\/\\\/shop.bantam.ch\\\/de\\\/#website\"},\"primaryImageOfPage\":{\"@id\":\"https:\\\/\\\/shop.bantam.ch\\\/de\\\/produkt\\\/acsi-campingfuehrer-europa-2024\\\/#primaryimage\"},\"image\":{\"@id\":\"https:\\\/\\\/shop.bantam.ch\\\/de\\\/produkt\\\/acsi-campingfuehrer-europa-2024\\\/#primaryimage\"},\"thumbnailUrl\":\"https:\\\/\\\/shop.bantam.ch\\\/wp-content\\\/uploads\\\/2023\\\/12\\\/Movera-L-9962056.jpg\",\"datePublished\":\"2023-12-09T14:25:09+00:00\",\"dateModified\":\"2026-04-18T20:54:12+00:00\",\"breadcrumb\":{\"@id\":\"https:\\\/\\\/shop.bantam.ch\\\/de\\\/produkt\\\/acsi-campingfuehrer-europa-2024\\\/#breadcrumb\"},\"inLanguage\":\"de\",\"potentialAction\":[{\"@type\":\"ReadAction\",\"target\":[\"https:\\\/\\\/shop.bantam.ch\\\/de\\\/produkt\\\/acsi-campingfuehrer-europa-2024\\\/\"]}]},{\"@type\":\"ImageObject\",\"inLanguage\":\"de\",\"@id\":\"https:\\\/\\\/shop.bantam.ch\\\/de\\\/produkt\\\/acsi-campingfuehrer-europa-2024\\\/#primaryimage\",\"url\":\"https:\\\/\\\/shop.bantam.ch\\\/wp-content\\\/uploads\\\/2023\\\/12\\\/Movera-L-9962056.jpg\",\"contentUrl\":\"https:\\\/\\\/shop.bantam.ch\\\/wp-content\\\/uploads\\\/2023\\\/12\\\/Movera-L-9962056.jpg\",\"width\":640,\"height\":871},{\"@type\":\"BreadcrumbList\",\"@id\":\"https:\\\/\\\/shop.bantam.ch\\\/de\\\/produkt\\\/acsi-campingfuehrer-europa-2024\\\/#breadcrumb\",\"itemListElement\":[{\"@type\":\"ListItem\",\"position\":1,\"name\":\"Accueil\",\"item\":\"https:\\\/\\\/shop.bantam.ch\\\/de\\\/\"},{\"@type\":\"ListItem\",\"position\":2,\"name\":\"Shop\",\"item\":\"https:\\\/\\\/shop.bantam.ch\\\/de\\\/shop\\\/\"},{\"@type\":\"ListItem\",\"position\":3,\"name\":\"Campingf\u00fchrer Europa ACSI 2024\"}]},{\"@type\":\"WebSite\",\"@id\":\"https:\\\/\\\/shop.bantam.ch\\\/de\\\/#website\",\"url\":\"https:\\\/\\\/shop.bantam.ch\\\/de\\\/\",\"name\":\"Bantam Camping AG\",\"description\":\"\",\"publisher\":{\"@id\":\"https:\\\/\\\/shop.bantam.ch\\\/de\\\/#organization\"},\"inLanguage\":\"de\"},{\"@type\":\"Organization\",\"@id\":\"https:\\\/\\\/shop.bantam.ch\\\/de\\\/#organization\",\"name\":\"Bantam Camping AG\",\"url\":\"https:\\\/\\\/shop.bantam.ch\\\/de\\\/\",\"logo\":{\"@type\":\"ImageObject\",\"inLanguage\":\"de\",\"@id\":\"https:\\\/\\\/shop.bantam.ch\\\/de\\\/#\\\/schema\\\/logo\\\/image\\\/\",\"url\":\"https:\\\/\\\/shop.bantam.ch\\\/wp-content\\\/uploads\\\/2022\\\/12\\\/bantam-logo.png\",\"contentUrl\":\"https:\\\/\\\/shop.bantam.ch\\\/wp-content\\\/uploads\\\/2022\\\/12\\\/bantam-logo.png\",\"width\":320,\"height\":71,\"caption\":\"Bantam Camping AG\"},\"image\":{\"@id\":\"https:\\\/\\\/shop.bantam.ch\\\/de\\\/#\\\/schema\\\/logo\\\/image\\\/\"}}]}<\/script>\n<!-- \/ Yoast SEO plugin. -->","yoast_head_json":{"title":"Campingf\u00fchrer Europa ACSI 2024 - Bantam Camping AG","robots":{"index":"index","follow":"follow","max-snippet":"max-snippet:-1","max-image-preview":"max-image-preview:large","max-video-preview":"max-video-preview:-1"},"canonical":"https:\/\/shop.bantam.ch\/de\/produkt\/acsi-campingfuehrer-europa-2024\/","og_locale":"de_DE","og_type":"article","og_title":"Campingf\u00fchrer Europa ACSI 2024 - Bantam Camping AG","og_description":"ACSI Campingf\u00fchrer Europa 2024 Finden Sie Ihren idealen Campingplatz in Europa! 7 950 Campingpl\u00e4tze in 29 L\u00e4ndern Alle Campingpl\u00e4tze werden j\u00e4hrlich inspiziert&nbsp; Zuverl\u00e4ssige und aktuelle Informationen Inklusive CampingCard ACSI-Erm\u00e4\u00dfigungskarte f\u00fcr die Nebensaison &nbsp; Der optimale Campingplatz f\u00fcr Ihren Urlaub M\u00f6chten Sie schnell und einfach einen Campingplatz finden, der all Ihren W\u00fcnschen entspricht? Das geht mit [&hellip;]","og_url":"https:\/\/shop.bantam.ch\/de\/produkt\/acsi-campingfuehrer-europa-2024\/","og_site_name":"Bantam Camping AG","article_modified_time":"2026-04-18T20:54:12+00:00","og_image":[{"width":640,"height":871,"url":"https:\/\/shop.bantam.ch\/wp-content\/uploads\/2023\/12\/Movera-L-9962056.jpg","type":"image\/jpeg"}],"twitter_card":"summary_large_image","twitter_misc":{"Gesch\u00e4tzte Lesezeit":"2\u00a0Minuten"},"schema":{"@context":"https:\/\/schema.org","@graph":[{"@type":"WebPage","@id":"https:\/\/shop.bantam.ch\/de\/produkt\/acsi-campingfuehrer-europa-2024\/","url":"https:\/\/shop.bantam.ch\/de\/produkt\/acsi-campingfuehrer-europa-2024\/","name":"Campingf\u00fchrer Europa ACSI 2024 - Bantam Camping AG","isPartOf":{"@id":"https:\/\/shop.bantam.ch\/de\/#website"},"primaryImageOfPage":{"@id":"https:\/\/shop.bantam.ch\/de\/produkt\/acsi-campingfuehrer-europa-2024\/#primaryimage"},"image":{"@id":"https:\/\/shop.bantam.ch\/de\/produkt\/acsi-campingfuehrer-europa-2024\/#primaryimage"},"thumbnailUrl":"https:\/\/shop.bantam.ch\/wp-content\/uploads\/2023\/12\/Movera-L-9962056.jpg","datePublished":"2023-12-09T14:25:09+00:00","dateModified":"2026-04-18T20:54:12+00:00","breadcrumb":{"@id":"https:\/\/shop.bantam.ch\/de\/produkt\/acsi-campingfuehrer-europa-2024\/#breadcrumb"},"inLanguage":"de","potentialAction":[{"@type":"ReadAction","target":["https:\/\/shop.bantam.ch\/de\/produkt\/acsi-campingfuehrer-europa-2024\/"]}]},{"@type":"ImageObject","inLanguage":"de","@id":"https:\/\/shop.bantam.ch\/de\/produkt\/acsi-campingfuehrer-europa-2024\/#primaryimage","url":"https:\/\/shop.bantam.ch\/wp-content\/uploads\/2023\/12\/Movera-L-9962056.jpg","contentUrl":"https:\/\/shop.bantam.ch\/wp-content\/uploads\/2023\/12\/Movera-L-9962056.jpg","width":640,"height":871},{"@type":"BreadcrumbList","@id":"https:\/\/shop.bantam.ch\/de\/produkt\/acsi-campingfuehrer-europa-2024\/#breadcrumb","itemListElement":[{"@type":"ListItem","position":1,"name":"Accueil","item":"https:\/\/shop.bantam.ch\/de\/"},{"@type":"ListItem","position":2,"name":"Shop","item":"https:\/\/shop.bantam.ch\/de\/shop\/"},{"@type":"ListItem","position":3,"name":"Campingf\u00fchrer Europa ACSI 2024"}]},{"@type":"WebSite","@id":"https:\/\/shop.bantam.ch\/de\/#website","url":"https:\/\/shop.bantam.ch\/de\/","name":"Bantam Camping AG","description":"","publisher":{"@id":"https:\/\/shop.bantam.ch\/de\/#organization"},"inLanguage":"de"},{"@type":"Organization","@id":"https:\/\/shop.bantam.ch\/de\/#organization","name":"Bantam Camping AG","url":"https:\/\/shop.bantam.ch\/de\/","logo":{"@type":"ImageObject","inLanguage":"de","@id":"https:\/\/shop.bantam.ch\/de\/#\/schema\/logo\/image\/","url":"https:\/\/shop.bantam.ch\/wp-content\/uploads\/2022\/12\/bantam-logo.png","contentUrl":"https:\/\/shop.bantam.ch\/wp-content\/uploads\/2022\/12\/bantam-logo.png","width":320,"height":71,"caption":"Bantam Camping AG"},"image":{"@id":"https:\/\/shop.bantam.ch\/de\/#\/schema\/logo\/image\/"}}]}},"_links":{"self":[{"href":"https:\/\/shop.bantam.ch\/de\/wp-json\/wp\/v2\/product\/187979","targetHints":{"allow":["GET"]}}],"collection":[{"href":"https:\/\/shop.bantam.ch\/de\/wp-json\/wp\/v2\/product"}],"about":[{"href":"https:\/\/shop.bantam.ch\/de\/wp-json\/wp\/v2\/types\/product"}],"wp:featuredmedia":[{"embeddable":true,"href":"https:\/\/shop.bantam.ch\/de\/wp-json\/wp\/v2\/media\/187977"}],"wp:attachment":[{"href":"https:\/\/shop.bantam.ch\/de\/wp-json\/wp\/v2\/media?parent=187979"}],"wp:term":[{"taxonomy":"product_featured_cat","embeddable":true,"href":"https:\/\/shop.bantam.ch\/de\/wp-json\/wp\/v2\/product_featured_cat?post=187979"},{"taxonomy":"product_brand","embeddable":true,"href":"https:\/\/shop.bantam.ch\/de\/wp-json\/wp\/v2\/product_brand?post=187979"},{"taxonomy":"product_cat","embeddable":true,"href":"https:\/\/shop.bantam.ch\/de\/wp-json\/wp\/v2\/product_cat?post=187979"},{"taxonomy":"product_tag","embeddable":true,"href":"https:\/\/shop.bantam.ch\/de\/wp-json\/wp\/v2\/product_tag?post=187979"}],"curies":[{"name":"wp","href":"https:\/\/api.w.org\/{rel}","templated":true}]}}