{"id":186779,"date":"2023-09-04T16:09:30","date_gmt":"2023-09-04T14:09:30","guid":{"rendered":"https:\/\/shop.bantam.ch\/produit\/veranda-storm-pole-dometic\/"},"modified":"2026-04-17T22:51:29","modified_gmt":"2026-04-17T20:51:29","slug":"veranda-storm-pole-dometic","status":"publish","type":"product","link":"https:\/\/shop.bantam.ch\/de\/produkt\/veranda-storm-pole-dometic\/","title":{"rendered":"Veranda Storm Pole Dometic"},"content":{"rendered":"<p>Montagezubeh\u00f6r f\u00fcr Vorzelte<br \/>\nMit dieser stufenlos verstellbaren Aluminiumstange k\u00f6nnen Sie die Fenster Ihres Vorzeltes in die gew\u00fcnschte Position \u00f6ffnen und frische Luft hereinlassen, wann immer Sie wollen. Ziehen Sie bei l\u00e4ngerem Aufenthalt die Stange heraus und bringen Sie den optionalen Veranda Sturmsicherungsfu\u00df an. Damit erhalten Sie eine zus\u00e4tzliche Sicherung f\u00fcr die Dometic Residence AIR All-Season Modelle.<br \/>\n4-teilige Aluminiumstange<br \/>\nTeleskopsystem<br \/>\nDoppelfunktion: Veranda Fensterstange oder Residence Sturmstange<br \/>\nDometic Veranda Sturmsicherungsfu\u00df als optionales Zubeh\u00f6r erh\u00e4ltlich<br \/>\nAbmessungen Produkttiefe 30 mm<br \/>\nAbmessungen Produkth\u00f6he 2010 mm<br \/>\nAbmessungen Produktbreite 30 mm<br \/>\nNettogewicht 0.40 kg<\/p>\n","protected":false},"excerpt":{"rendered":"<p>Montagezubeh\u00f6r f\u00fcr Vorzelte Mit dieser stufenlos verstellbaren Aluminiumstange k\u00f6nnen Sie die Fenster Ihres Vorzeltes in die gew\u00fcnschte Position \u00f6ffnen und frische Luft hereinlassen, wann immer Sie wollen. Ziehen Sie bei l\u00e4ngerem Aufenthalt die Stange heraus und bringen Sie den optionalen Veranda Sturmsicherungsfu\u00df an. Damit erhalten Sie eine zus\u00e4tzliche Sicherung f\u00fcr die Dometic Residence AIR All-Season [&hellip;]<\/p>\n","protected":false},"featured_media":186777,"template":"","meta":{"_acf_changed":false},"product_featured_cat":[],"product_brand":[3029],"product_cat":[4262],"product_tag":[],"class_list":{"0":"post-186779","1":"product","2":"type-product","3":"status-publish","4":"has-post-thumbnail","6":"product_brand-dometic-de","7":"product_cat-zeltteppiche-boeden","9":"first","10":"instock","11":"taxable","12":"shipping-taxable","13":"purchasable","14":"product-type-simple"},"acf":[],"yoast_head":"<!-- This site is optimized with the Yoast SEO plugin v27.4 - https:\/\/yoast.com\/product\/yoast-seo-wordpress\/ -->\n<title>Veranda Storm Pole Dometic - Bantam Camping AG<\/title>\n<meta name=\"robots\" content=\"index, follow, max-snippet:-1, max-image-preview:large, max-video-preview:-1\" \/>\n<link rel=\"canonical\" href=\"https:\/\/shop.bantam.ch\/de\/produkt\/veranda-storm-pole-dometic\/\" \/>\n<meta property=\"og:locale\" content=\"de_DE\" \/>\n<meta property=\"og:type\" content=\"article\" \/>\n<meta property=\"og:title\" content=\"Veranda Storm Pole Dometic - Bantam Camping AG\" \/>\n<meta property=\"og:description\" content=\"Montagezubeh\u00f6r f\u00fcr Vorzelte Mit dieser stufenlos verstellbaren Aluminiumstange k\u00f6nnen Sie die Fenster Ihres Vorzeltes in die gew\u00fcnschte Position \u00f6ffnen und frische Luft hereinlassen, wann immer Sie wollen. Ziehen Sie bei l\u00e4ngerem Aufenthalt die Stange heraus und bringen Sie den optionalen Veranda Sturmsicherungsfu\u00df an. Damit erhalten Sie eine zus\u00e4tzliche Sicherung f\u00fcr die Dometic Residence AIR All-Season [&hellip;]\" \/>\n<meta property=\"og:url\" content=\"https:\/\/shop.bantam.ch\/de\/produkt\/veranda-storm-pole-dometic\/\" \/>\n<meta property=\"og:site_name\" content=\"Bantam Camping AG\" \/>\n<meta property=\"article:modified_time\" content=\"2026-04-17T20:51:29+00:00\" \/>\n<meta property=\"og:image\" content=\"https:\/\/shop.bantam.ch\/wp-content\/uploads\/2023\/09\/Dometic-Veranda-Storm-Pole-2023_Detail-A_72.jpg\" \/>\n\t<meta property=\"og:image:width\" content=\"600\" \/>\n\t<meta property=\"og:image:height\" content=\"600\" \/>\n\t<meta property=\"og:image:type\" content=\"image\/jpeg\" \/>\n<meta name=\"twitter:card\" content=\"summary_large_image\" \/>\n<script type=\"application\/ld+json\" class=\"yoast-schema-graph\">{\"@context\":\"https:\\\/\\\/schema.org\",\"@graph\":[{\"@type\":\"WebPage\",\"@id\":\"https:\\\/\\\/shop.bantam.ch\\\/de\\\/produkt\\\/veranda-storm-pole-dometic\\\/\",\"url\":\"https:\\\/\\\/shop.bantam.ch\\\/de\\\/produkt\\\/veranda-storm-pole-dometic\\\/\",\"name\":\"Veranda Storm Pole Dometic - Bantam Camping AG\",\"isPartOf\":{\"@id\":\"https:\\\/\\\/shop.bantam.ch\\\/de\\\/#website\"},\"primaryImageOfPage\":{\"@id\":\"https:\\\/\\\/shop.bantam.ch\\\/de\\\/produkt\\\/veranda-storm-pole-dometic\\\/#primaryimage\"},\"image\":{\"@id\":\"https:\\\/\\\/shop.bantam.ch\\\/de\\\/produkt\\\/veranda-storm-pole-dometic\\\/#primaryimage\"},\"thumbnailUrl\":\"https:\\\/\\\/shop.bantam.ch\\\/wp-content\\\/uploads\\\/2023\\\/09\\\/Dometic-Veranda-Storm-Pole-2023_Detail-A_72.jpg\",\"datePublished\":\"2023-09-04T14:09:30+00:00\",\"dateModified\":\"2026-04-17T20:51:29+00:00\",\"breadcrumb\":{\"@id\":\"https:\\\/\\\/shop.bantam.ch\\\/de\\\/produkt\\\/veranda-storm-pole-dometic\\\/#breadcrumb\"},\"inLanguage\":\"de\",\"potentialAction\":[{\"@type\":\"ReadAction\",\"target\":[\"https:\\\/\\\/shop.bantam.ch\\\/de\\\/produkt\\\/veranda-storm-pole-dometic\\\/\"]}]},{\"@type\":\"ImageObject\",\"inLanguage\":\"de\",\"@id\":\"https:\\\/\\\/shop.bantam.ch\\\/de\\\/produkt\\\/veranda-storm-pole-dometic\\\/#primaryimage\",\"url\":\"https:\\\/\\\/shop.bantam.ch\\\/wp-content\\\/uploads\\\/2023\\\/09\\\/Dometic-Veranda-Storm-Pole-2023_Detail-A_72.jpg\",\"contentUrl\":\"https:\\\/\\\/shop.bantam.ch\\\/wp-content\\\/uploads\\\/2023\\\/09\\\/Dometic-Veranda-Storm-Pole-2023_Detail-A_72.jpg\",\"width\":600,\"height\":600},{\"@type\":\"BreadcrumbList\",\"@id\":\"https:\\\/\\\/shop.bantam.ch\\\/de\\\/produkt\\\/veranda-storm-pole-dometic\\\/#breadcrumb\",\"itemListElement\":[{\"@type\":\"ListItem\",\"position\":1,\"name\":\"Accueil\",\"item\":\"https:\\\/\\\/shop.bantam.ch\\\/de\\\/\"},{\"@type\":\"ListItem\",\"position\":2,\"name\":\"Shop\",\"item\":\"https:\\\/\\\/shop.bantam.ch\\\/de\\\/shop\\\/\"},{\"@type\":\"ListItem\",\"position\":3,\"name\":\"Veranda Storm Pole Dometic\"}]},{\"@type\":\"WebSite\",\"@id\":\"https:\\\/\\\/shop.bantam.ch\\\/de\\\/#website\",\"url\":\"https:\\\/\\\/shop.bantam.ch\\\/de\\\/\",\"name\":\"Bantam Camping AG\",\"description\":\"\",\"publisher\":{\"@id\":\"https:\\\/\\\/shop.bantam.ch\\\/de\\\/#organization\"},\"inLanguage\":\"de\"},{\"@type\":\"Organization\",\"@id\":\"https:\\\/\\\/shop.bantam.ch\\\/de\\\/#organization\",\"name\":\"Bantam Camping AG\",\"url\":\"https:\\\/\\\/shop.bantam.ch\\\/de\\\/\",\"logo\":{\"@type\":\"ImageObject\",\"inLanguage\":\"de\",\"@id\":\"https:\\\/\\\/shop.bantam.ch\\\/de\\\/#\\\/schema\\\/logo\\\/image\\\/\",\"url\":\"https:\\\/\\\/shop.bantam.ch\\\/wp-content\\\/uploads\\\/2022\\\/12\\\/bantam-logo.png\",\"contentUrl\":\"https:\\\/\\\/shop.bantam.ch\\\/wp-content\\\/uploads\\\/2022\\\/12\\\/bantam-logo.png\",\"width\":320,\"height\":71,\"caption\":\"Bantam Camping AG\"},\"image\":{\"@id\":\"https:\\\/\\\/shop.bantam.ch\\\/de\\\/#\\\/schema\\\/logo\\\/image\\\/\"}}]}<\/script>\n<!-- \/ Yoast SEO plugin. -->","yoast_head_json":{"title":"Veranda Storm Pole Dometic - Bantam Camping AG","robots":{"index":"index","follow":"follow","max-snippet":"max-snippet:-1","max-image-preview":"max-image-preview:large","max-video-preview":"max-video-preview:-1"},"canonical":"https:\/\/shop.bantam.ch\/de\/produkt\/veranda-storm-pole-dometic\/","og_locale":"de_DE","og_type":"article","og_title":"Veranda Storm Pole Dometic - Bantam Camping AG","og_description":"Montagezubeh\u00f6r f\u00fcr Vorzelte Mit dieser stufenlos verstellbaren Aluminiumstange k\u00f6nnen Sie die Fenster Ihres Vorzeltes in die gew\u00fcnschte Position \u00f6ffnen und frische Luft hereinlassen, wann immer Sie wollen. Ziehen Sie bei l\u00e4ngerem Aufenthalt die Stange heraus und bringen Sie den optionalen Veranda Sturmsicherungsfu\u00df an. Damit erhalten Sie eine zus\u00e4tzliche Sicherung f\u00fcr die Dometic Residence AIR All-Season [&hellip;]","og_url":"https:\/\/shop.bantam.ch\/de\/produkt\/veranda-storm-pole-dometic\/","og_site_name":"Bantam Camping AG","article_modified_time":"2026-04-17T20:51:29+00:00","og_image":[{"width":600,"height":600,"url":"https:\/\/shop.bantam.ch\/wp-content\/uploads\/2023\/09\/Dometic-Veranda-Storm-Pole-2023_Detail-A_72.jpg","type":"image\/jpeg"}],"twitter_card":"summary_large_image","schema":{"@context":"https:\/\/schema.org","@graph":[{"@type":"WebPage","@id":"https:\/\/shop.bantam.ch\/de\/produkt\/veranda-storm-pole-dometic\/","url":"https:\/\/shop.bantam.ch\/de\/produkt\/veranda-storm-pole-dometic\/","name":"Veranda Storm Pole Dometic - Bantam Camping AG","isPartOf":{"@id":"https:\/\/shop.bantam.ch\/de\/#website"},"primaryImageOfPage":{"@id":"https:\/\/shop.bantam.ch\/de\/produkt\/veranda-storm-pole-dometic\/#primaryimage"},"image":{"@id":"https:\/\/shop.bantam.ch\/de\/produkt\/veranda-storm-pole-dometic\/#primaryimage"},"thumbnailUrl":"https:\/\/shop.bantam.ch\/wp-content\/uploads\/2023\/09\/Dometic-Veranda-Storm-Pole-2023_Detail-A_72.jpg","datePublished":"2023-09-04T14:09:30+00:00","dateModified":"2026-04-17T20:51:29+00:00","breadcrumb":{"@id":"https:\/\/shop.bantam.ch\/de\/produkt\/veranda-storm-pole-dometic\/#breadcrumb"},"inLanguage":"de","potentialAction":[{"@type":"ReadAction","target":["https:\/\/shop.bantam.ch\/de\/produkt\/veranda-storm-pole-dometic\/"]}]},{"@type":"ImageObject","inLanguage":"de","@id":"https:\/\/shop.bantam.ch\/de\/produkt\/veranda-storm-pole-dometic\/#primaryimage","url":"https:\/\/shop.bantam.ch\/wp-content\/uploads\/2023\/09\/Dometic-Veranda-Storm-Pole-2023_Detail-A_72.jpg","contentUrl":"https:\/\/shop.bantam.ch\/wp-content\/uploads\/2023\/09\/Dometic-Veranda-Storm-Pole-2023_Detail-A_72.jpg","width":600,"height":600},{"@type":"BreadcrumbList","@id":"https:\/\/shop.bantam.ch\/de\/produkt\/veranda-storm-pole-dometic\/#breadcrumb","itemListElement":[{"@type":"ListItem","position":1,"name":"Accueil","item":"https:\/\/shop.bantam.ch\/de\/"},{"@type":"ListItem","position":2,"name":"Shop","item":"https:\/\/shop.bantam.ch\/de\/shop\/"},{"@type":"ListItem","position":3,"name":"Veranda Storm Pole Dometic"}]},{"@type":"WebSite","@id":"https:\/\/shop.bantam.ch\/de\/#website","url":"https:\/\/shop.bantam.ch\/de\/","name":"Bantam Camping AG","description":"","publisher":{"@id":"https:\/\/shop.bantam.ch\/de\/#organization"},"inLanguage":"de"},{"@type":"Organization","@id":"https:\/\/shop.bantam.ch\/de\/#organization","name":"Bantam Camping AG","url":"https:\/\/shop.bantam.ch\/de\/","logo":{"@type":"ImageObject","inLanguage":"de","@id":"https:\/\/shop.bantam.ch\/de\/#\/schema\/logo\/image\/","url":"https:\/\/shop.bantam.ch\/wp-content\/uploads\/2022\/12\/bantam-logo.png","contentUrl":"https:\/\/shop.bantam.ch\/wp-content\/uploads\/2022\/12\/bantam-logo.png","width":320,"height":71,"caption":"Bantam Camping AG"},"image":{"@id":"https:\/\/shop.bantam.ch\/de\/#\/schema\/logo\/image\/"}}]}},"_links":{"self":[{"href":"https:\/\/shop.bantam.ch\/de\/wp-json\/wp\/v2\/product\/186779","targetHints":{"allow":["GET"]}}],"collection":[{"href":"https:\/\/shop.bantam.ch\/de\/wp-json\/wp\/v2\/product"}],"about":[{"href":"https:\/\/shop.bantam.ch\/de\/wp-json\/wp\/v2\/types\/product"}],"wp:featuredmedia":[{"embeddable":true,"href":"https:\/\/shop.bantam.ch\/de\/wp-json\/wp\/v2\/media\/186777"}],"wp:attachment":[{"href":"https:\/\/shop.bantam.ch\/de\/wp-json\/wp\/v2\/media?parent=186779"}],"wp:term":[{"taxonomy":"product_featured_cat","embeddable":true,"href":"https:\/\/shop.bantam.ch\/de\/wp-json\/wp\/v2\/product_featured_cat?post=186779"},{"taxonomy":"product_brand","embeddable":true,"href":"https:\/\/shop.bantam.ch\/de\/wp-json\/wp\/v2\/product_brand?post=186779"},{"taxonomy":"product_cat","embeddable":true,"href":"https:\/\/shop.bantam.ch\/de\/wp-json\/wp\/v2\/product_cat?post=186779"},{"taxonomy":"product_tag","embeddable":true,"href":"https:\/\/shop.bantam.ch\/de\/wp-json\/wp\/v2\/product_tag?post=186779"}],"curies":[{"name":"wp","href":"https:\/\/api.w.org\/{rel}","templated":true}]}}